{"id":1066044,"date":"2026-02-18T14:50:52","date_gmt":"2026-02-18T13:50:52","guid":{"rendered":"https:\/\/stilanddesign.se\/?post_type=product&#038;p=1066044"},"modified":"2026-02-25T16:22:47","modified_gmt":"2026-02-25T15:22:47","slug":"%e2%9c%a8-wow-klanning-med-volanger-i-svart-rosa-%e2%9c%a8-2","status":"publish","type":"product","link":"https:\/\/stilanddesign.se\/en\/product\/%e2%9c%a8-wow-klanning-med-volanger-i-svart-rosa-%e2%9c%a8-2\/","title":{"rendered":"\u2728 Wow dress with ruffles \u2013 in Black &amp; Pink \u2728"},"content":{"rendered":"<p data-start=\"0\" data-end=\"52\">\u2728 <strong data-start=\"2\" data-end=\"48\">Wow dress with ruffles \u2013 in Black &amp; Pink<\/strong> \u2728<\/p>\n<p data-start=\"54\" data-end=\"159\">A real dream dress for those who love feminine details and a silhouette that really makes an impression \ud83d\udc95<\/p>\n<p data-start=\"161\" data-end=\"473\">The dress has <strong data-start=\"176\" data-end=\"217\">two layers of trendy vertical ruffles<\/strong> across the bust and down the back \u2013 a fantastic detail that creates both movement and a luxurious feel. It is <strong data-start=\"323\" data-end=\"353\">V-neck both front and back<\/strong>, with ties and decorative tassels at the neck that give a romantic touch and allow you to adjust the opening yourself \u2728<\/p>\n<p data-start=\"475\" data-end=\"703\">The waist is cut with soft elastic at the back for a flattering and comfortable fit. The skirt part is slightly flared and ends with a wide, rounded ruffle that gives the dress an elegant fall and a floating impression when you move \ud83d\udc83<\/p>\n<p data-start=\"705\" data-end=\"804\">The butterfly sleeves harmonize perfectly with the ruffles and enhance the soft, romantic silhouette.<\/p>\n<p data-start=\"806\" data-end=\"958\">\ud83c\udf38 Available in colors: <strong data-start=\"825\" data-end=\"834\">Black<\/strong> &amp; <strong data-start=\"837\" data-end=\"845\">Pink<\/strong><br data-start=\"845\" data-end=\"848\" \/>\ud83d\udccf Front length: approx. 115 cm (size M)<br data-start=\"880\" data-end=\"883\" \/>\ud83d\udccf Back length: approx. 135 cm (size M)<br data-start=\"914\" data-end=\"917\" \/>\ud83d\udc57 The model is 170 cm and wears size S<\/p>\n<p data-start=\"960\" data-end=\"994\">\ud83e\uddf5 Quality: 100% crinkled viscose<\/p>\n<p data-start=\"996\" data-end=\"1136\" data-is-last-node=\"\" data-is-only-node=\"\">A perfect dress for a summer party, wedding, dinner or when you just want to feel extra pretty \u2013 this one gives a guaranteed WOW feeling \ud83d\udcab<\/p>","protected":false},"excerpt":{"rendered":"<p data-start=\"0\" data-end=\"52\">\u2728 <strong data-start=\"2\" data-end=\"48\">Wow dress with ruffles \u2013 in Black &amp; Pink<\/strong> \u2728<\/p>\n<p data-start=\"54\" data-end=\"159\">A real dream dress for those who love feminine details and a silhouette that really makes an impression \ud83d\udc95<\/p>\n<p data-start=\"161\" data-end=\"473\">The dress has <strong data-start=\"176\" data-end=\"217\">two layers of trendy vertical ruffles<\/strong> across the bust and down the back \u2013 a fantastic detail that creates both movement and a luxurious feel. It is <strong data-start=\"323\" data-end=\"353\">V-neck both front and back<\/strong>, with ties and decorative tassels at the neck that give a romantic touch and allow you to adjust the opening yourself \u2728<\/p>\n<p data-start=\"475\" data-end=\"703\">The waist is cut with soft elastic at the back for a flattering and comfortable fit. The skirt part is slightly flared and ends with a wide, rounded ruffle that gives the dress an elegant fall and a floating impression when you move \ud83d\udc83<\/p>\n<p data-start=\"705\" data-end=\"804\">The butterfly sleeves harmonize perfectly with the ruffles and enhance the soft, romantic silhouette.<\/p>\n<p data-start=\"806\" data-end=\"958\">\ud83c\udf38 Available in colors: <strong data-start=\"825\" data-end=\"834\">Black<\/strong> &amp; <strong data-start=\"837\" data-end=\"845\">Pink<\/strong><br data-start=\"845\" data-end=\"848\" \/>\ud83d\udccf Front length: approx. 115 cm (size M)<br data-start=\"880\" data-end=\"883\" \/>\ud83d\udccf Back length: approx. 135 cm (size M)<br data-start=\"914\" data-end=\"917\" \/>\ud83d\udc57 The model is 170 cm and wears size S<\/p>\n<p data-start=\"960\" data-end=\"994\">\ud83e\uddf5 Quality: 100% crinkled viscose<\/p>\n<p data-start=\"996\" data-end=\"1136\" data-is-last-node=\"\" data-is-only-node=\"\">A perfect dress for a summer party, wedding, dinner or when you just want to feel extra pretty \u2013 this one gives a guaranteed WOW feeling \ud83d\udcab<\/p>","protected":false},"featured_media":1066035,"comment_status":"closed","ping_status":"closed","template":"","meta":[],"product_brand":[],"product_cat":[215],"product_tag":[],"class_list":{"0":"post-1066044","1":"product","2":"type-product","3":"status-publish","4":"has-post-thumbnail","6":"product_cat-klanningar","8":"first","9":"instock","10":"taxable","11":"shipping-taxable","12":"purchasable","13":"product-type-variable"},"yoast_head":"<!-- This site is optimized with the Yoast SEO Premium plugin v27.4 (Yoast SEO v27.5) - https:\/\/yoast.com\/product\/yoast-seo-premium-wordpress\/ -->\n<title>\u2728 Wow-kl\u00e4nning med volanger \u2013 i Svart &amp; Rosa \u2728 - Stil &amp; Design<\/title>\n<meta name=\"robots\" content=\"index, follow, max-snippet:-1, max-image-preview:large, max-video-preview:-1\" \/>\n<link rel=\"canonical\" href=\"https:\/\/stilanddesign.se\/en\/product\/\u2728-wow-klanning-med-volanger-i-svart-rosa-\u2728-2\/\" \/>\n<meta property=\"og:locale\" content=\"en_US\" \/>\n<meta property=\"og:type\" content=\"article\" \/>\n<meta property=\"og:title\" content=\"\u2728 Wow-kl\u00e4nning med volanger \u2013 i Svart &amp; Rosa \u2728\" \/>\n<meta property=\"og:description\" content=\"\u2728 Wow-kl\u00e4nning med volanger \u2013 i Svart &amp; Rosa \u2728 En riktig dr\u00f6mkl\u00e4nning f\u00f6r dig som \u00e4lskar feminina detaljer och en siluett som verkligen g\u00f6r intryck \ud83d\udc95 Kl\u00e4nningen har tv\u00e5 lager trendiga vertikala volanger \u00f6ver bysten och bak p\u00e5 ryggen \u2013 en fantastisk detalj som skapar b\u00e5de r\u00f6relse och en lyxig k\u00e4nsla. Den \u00e4r v-ringad b\u00e5de fram och bak, med knytband och dekorativa toffsar i nacken som ger en romantisk touch och g\u00f6r att du sj\u00e4lv kan justera \u00f6ppningen \u2728 Midjan \u00e4r avskuren med mjuk res\u00e5r baktill f\u00f6r en smickrande och bekv\u00e4m passform. Kjoldelen \u00e4r l\u00e4tt utst\u00e4lld och avslutas med en bred, rundad volang som ger kl\u00e4nningen ett elegant fall och ett sv\u00e4vande intryck n\u00e4r du r\u00f6r dig \ud83d\udc83 Fj\u00e4rils\u00e4rmarna harmonierar perfekt med volangerna och f\u00f6rst\u00e4rker den mjuka, romantiska siluetten. \ud83c\udf38 Finns i f\u00e4rger: Svart &amp; Rosa\ud83d\udccf L\u00e4ngd fram: ca 115 cm (stl M)\ud83d\udccf L\u00e4ngd bak: ca 135 cm (stl M)\ud83d\udc57 Modellen \u00e4r 170 cm och b\u00e4r storlek S \ud83e\uddf5 Kvalit\u00e9: 100% krinklad viskos En perfekt kl\u00e4nning till sommarfesten, br\u00f6llopet, middagen eller n\u00e4r du bara vill k\u00e4nna dig extra fin \u2013 den h\u00e4r ger garanterad WOW-k\u00e4nsla \ud83d\udcab\" \/>\n<meta property=\"og:url\" content=\"https:\/\/stilanddesign.se\/en\/product\/\u2728-wow-klanning-med-volanger-i-svart-rosa-\u2728-2\/\" \/>\n<meta property=\"og:site_name\" content=\"Stil &amp; Design\" \/>\n<meta property=\"article:modified_time\" content=\"2026-02-25T15:22:47+00:00\" \/>\n<meta property=\"og:image\" content=\"https:\/\/stilanddesign.se\/wp-content\/uploads\/2026\/02\/Empire-klanning-rosa-1.jpg\" \/>\n\t<meta property=\"og:image:width\" content=\"900\" \/>\n\t<meta property=\"og:image:height\" content=\"1350\" \/>\n\t<meta property=\"og:image:type\" content=\"image\/jpeg\" \/>\n<meta name=\"twitter:card\" content=\"summary_large_image\" \/>\n<meta name=\"twitter:label1\" content=\"Est. reading time\" \/>\n\t<meta name=\"twitter:data1\" content=\"2 minutes\" \/>\n<script type=\"application\/ld+json\" class=\"yoast-schema-graph\">{\"@context\":\"https:\\\/\\\/schema.org\",\"@graph\":[{\"@type\":\"WebPage\",\"@id\":\"https:\\\/\\\/stilanddesign.se\\\/produkt\\\/%e2%9c%a8-wow-klanning-med-volanger-i-svart-rosa-%e2%9c%a8-2\\\/\",\"url\":\"https:\\\/\\\/stilanddesign.se\\\/produkt\\\/%e2%9c%a8-wow-klanning-med-volanger-i-svart-rosa-%e2%9c%a8-2\\\/\",\"name\":\"\u2728 Wow-kl\u00e4nning med volanger \u2013 i Svart & Rosa \u2728 - Stil &amp; Design\",\"isPartOf\":{\"@id\":\"https:\\\/\\\/stilanddesign.se\\\/#website\"},\"primaryImageOfPage\":{\"@id\":\"https:\\\/\\\/stilanddesign.se\\\/produkt\\\/%e2%9c%a8-wow-klanning-med-volanger-i-svart-rosa-%e2%9c%a8-2\\\/#primaryimage\"},\"image\":{\"@id\":\"https:\\\/\\\/stilanddesign.se\\\/produkt\\\/%e2%9c%a8-wow-klanning-med-volanger-i-svart-rosa-%e2%9c%a8-2\\\/#primaryimage\"},\"thumbnailUrl\":\"https:\\\/\\\/stilanddesign.se\\\/wp-content\\\/uploads\\\/2026\\\/02\\\/Empire-klanning-rosa-1.jpg\",\"datePublished\":\"2026-02-18T13:50:52+00:00\",\"dateModified\":\"2026-02-25T15:22:47+00:00\",\"breadcrumb\":{\"@id\":\"https:\\\/\\\/stilanddesign.se\\\/produkt\\\/%e2%9c%a8-wow-klanning-med-volanger-i-svart-rosa-%e2%9c%a8-2\\\/#breadcrumb\"},\"inLanguage\":\"en-US\",\"potentialAction\":[{\"@type\":\"ReadAction\",\"target\":[\"https:\\\/\\\/stilanddesign.se\\\/produkt\\\/%e2%9c%a8-wow-klanning-med-volanger-i-svart-rosa-%e2%9c%a8-2\\\/\"]}]},{\"@type\":\"ImageObject\",\"inLanguage\":\"en-US\",\"@id\":\"https:\\\/\\\/stilanddesign.se\\\/produkt\\\/%e2%9c%a8-wow-klanning-med-volanger-i-svart-rosa-%e2%9c%a8-2\\\/#primaryimage\",\"url\":\"https:\\\/\\\/stilanddesign.se\\\/wp-content\\\/uploads\\\/2026\\\/02\\\/Empire-klanning-rosa-1.jpg\",\"contentUrl\":\"https:\\\/\\\/stilanddesign.se\\\/wp-content\\\/uploads\\\/2026\\\/02\\\/Empire-klanning-rosa-1.jpg\",\"width\":900,\"height\":1350},{\"@type\":\"BreadcrumbList\",\"@id\":\"https:\\\/\\\/stilanddesign.se\\\/produkt\\\/%e2%9c%a8-wow-klanning-med-volanger-i-svart-rosa-%e2%9c%a8-2\\\/#breadcrumb\",\"itemListElement\":[{\"@type\":\"ListItem\",\"position\":1,\"name\":\"Hem\",\"item\":\"https:\\\/\\\/stilanddesign.se\\\/\"},{\"@type\":\"ListItem\",\"position\":2,\"name\":\"Butiken\",\"item\":\"https:\\\/\\\/stilanddesign.se\\\/butiken\\\/\"},{\"@type\":\"ListItem\",\"position\":3,\"name\":\"\u2728 Wow-kl\u00e4nning med volanger \u2013 i Svart &#038; Rosa \u2728\"}]},{\"@type\":\"WebSite\",\"@id\":\"https:\\\/\\\/stilanddesign.se\\\/#website\",\"url\":\"https:\\\/\\\/stilanddesign.se\\\/\",\"name\":\"Stil &amp; Design\",\"description\":\"F\u00f6r oss som \u00e4lskar mode!\",\"publisher\":{\"@id\":\"https:\\\/\\\/stilanddesign.se\\\/#organization\"},\"potentialAction\":[{\"@type\":\"SearchAction\",\"target\":{\"@type\":\"EntryPoint\",\"urlTemplate\":\"https:\\\/\\\/stilanddesign.se\\\/?s={search_term_string}\"},\"query-input\":{\"@type\":\"PropertyValueSpecification\",\"valueRequired\":true,\"valueName\":\"search_term_string\"}}],\"inLanguage\":\"en-US\"},{\"@type\":\"Organization\",\"@id\":\"https:\\\/\\\/stilanddesign.se\\\/#organization\",\"name\":\"Stil &amp; Design\",\"url\":\"https:\\\/\\\/stilanddesign.se\\\/\",\"logo\":{\"@type\":\"ImageObject\",\"inLanguage\":\"en-US\",\"@id\":\"https:\\\/\\\/stilanddesign.se\\\/#\\\/schema\\\/logo\\\/image\\\/\",\"url\":\"https:\\\/\\\/stilanddesign.se\\\/wp-content\\\/uploads\\\/2023\\\/12\\\/output-onlinepngtools-e1727784413220.png\",\"contentUrl\":\"https:\\\/\\\/stilanddesign.se\\\/wp-content\\\/uploads\\\/2023\\\/12\\\/output-onlinepngtools-e1727784413220.png\",\"width\":519,\"height\":135,\"caption\":\"Stil &amp; Design\"},\"image\":{\"@id\":\"https:\\\/\\\/stilanddesign.se\\\/#\\\/schema\\\/logo\\\/image\\\/\"}}]}<\/script>\n<!-- \/ Yoast SEO Premium plugin. -->","yoast_head_json":{"title":"\u2728 Wow-kl\u00e4nning med volanger \u2013 i Svart & Rosa \u2728 - Stil &amp; Design","robots":{"index":"index","follow":"follow","max-snippet":"max-snippet:-1","max-image-preview":"max-image-preview:large","max-video-preview":"max-video-preview:-1"},"canonical":"https:\/\/stilanddesign.se\/en\/product\/\u2728-wow-klanning-med-volanger-i-svart-rosa-\u2728-2\/","og_locale":"en_US","og_type":"article","og_title":"\u2728 Wow-kl\u00e4nning med volanger \u2013 i Svart & Rosa \u2728","og_description":"\u2728 Wow-kl\u00e4nning med volanger \u2013 i Svart &amp; Rosa \u2728 En riktig dr\u00f6mkl\u00e4nning f\u00f6r dig som \u00e4lskar feminina detaljer och en siluett som verkligen g\u00f6r intryck \ud83d\udc95 Kl\u00e4nningen har tv\u00e5 lager trendiga vertikala volanger \u00f6ver bysten och bak p\u00e5 ryggen \u2013 en fantastisk detalj som skapar b\u00e5de r\u00f6relse och en lyxig k\u00e4nsla. Den \u00e4r v-ringad b\u00e5de fram och bak, med knytband och dekorativa toffsar i nacken som ger en romantisk touch och g\u00f6r att du sj\u00e4lv kan justera \u00f6ppningen \u2728 Midjan \u00e4r avskuren med mjuk res\u00e5r baktill f\u00f6r en smickrande och bekv\u00e4m passform. Kjoldelen \u00e4r l\u00e4tt utst\u00e4lld och avslutas med en bred, rundad volang som ger kl\u00e4nningen ett elegant fall och ett sv\u00e4vande intryck n\u00e4r du r\u00f6r dig \ud83d\udc83 Fj\u00e4rils\u00e4rmarna harmonierar perfekt med volangerna och f\u00f6rst\u00e4rker den mjuka, romantiska siluetten. \ud83c\udf38 Finns i f\u00e4rger: Svart &amp; Rosa\ud83d\udccf L\u00e4ngd fram: ca 115 cm (stl M)\ud83d\udccf L\u00e4ngd bak: ca 135 cm (stl M)\ud83d\udc57 Modellen \u00e4r 170 cm och b\u00e4r storlek S \ud83e\uddf5 Kvalit\u00e9: 100% krinklad viskos En perfekt kl\u00e4nning till sommarfesten, br\u00f6llopet, middagen eller n\u00e4r du bara vill k\u00e4nna dig extra fin \u2013 den h\u00e4r ger garanterad WOW-k\u00e4nsla \ud83d\udcab","og_url":"https:\/\/stilanddesign.se\/en\/product\/\u2728-wow-klanning-med-volanger-i-svart-rosa-\u2728-2\/","og_site_name":"Stil &amp; Design","article_modified_time":"2026-02-25T15:22:47+00:00","og_image":[{"width":900,"height":1350,"url":"https:\/\/stilanddesign.se\/wp-content\/uploads\/2026\/02\/Empire-klanning-rosa-1.jpg","type":"image\/jpeg"}],"twitter_card":"summary_large_image","twitter_misc":{"Est. reading time":"2 minutes"},"schema":{"@context":"https:\/\/schema.org","@graph":[{"@type":"WebPage","@id":"https:\/\/stilanddesign.se\/produkt\/%e2%9c%a8-wow-klanning-med-volanger-i-svart-rosa-%e2%9c%a8-2\/","url":"https:\/\/stilanddesign.se\/produkt\/%e2%9c%a8-wow-klanning-med-volanger-i-svart-rosa-%e2%9c%a8-2\/","name":"\u2728 Wow-kl\u00e4nning med volanger \u2013 i Svart & Rosa \u2728 - Stil &amp; Design","isPartOf":{"@id":"https:\/\/stilanddesign.se\/#website"},"primaryImageOfPage":{"@id":"https:\/\/stilanddesign.se\/produkt\/%e2%9c%a8-wow-klanning-med-volanger-i-svart-rosa-%e2%9c%a8-2\/#primaryimage"},"image":{"@id":"https:\/\/stilanddesign.se\/produkt\/%e2%9c%a8-wow-klanning-med-volanger-i-svart-rosa-%e2%9c%a8-2\/#primaryimage"},"thumbnailUrl":"https:\/\/stilanddesign.se\/wp-content\/uploads\/2026\/02\/Empire-klanning-rosa-1.jpg","datePublished":"2026-02-18T13:50:52+00:00","dateModified":"2026-02-25T15:22:47+00:00","breadcrumb":{"@id":"https:\/\/stilanddesign.se\/produkt\/%e2%9c%a8-wow-klanning-med-volanger-i-svart-rosa-%e2%9c%a8-2\/#breadcrumb"},"inLanguage":"en-US","potentialAction":[{"@type":"ReadAction","target":["https:\/\/stilanddesign.se\/produkt\/%e2%9c%a8-wow-klanning-med-volanger-i-svart-rosa-%e2%9c%a8-2\/"]}]},{"@type":"ImageObject","inLanguage":"en-US","@id":"https:\/\/stilanddesign.se\/produkt\/%e2%9c%a8-wow-klanning-med-volanger-i-svart-rosa-%e2%9c%a8-2\/#primaryimage","url":"https:\/\/stilanddesign.se\/wp-content\/uploads\/2026\/02\/Empire-klanning-rosa-1.jpg","contentUrl":"https:\/\/stilanddesign.se\/wp-content\/uploads\/2026\/02\/Empire-klanning-rosa-1.jpg","width":900,"height":1350},{"@type":"BreadcrumbList","@id":"https:\/\/stilanddesign.se\/produkt\/%e2%9c%a8-wow-klanning-med-volanger-i-svart-rosa-%e2%9c%a8-2\/#breadcrumb","itemListElement":[{"@type":"ListItem","position":1,"name":"Hem","item":"https:\/\/stilanddesign.se\/"},{"@type":"ListItem","position":2,"name":"Butiken","item":"https:\/\/stilanddesign.se\/butiken\/"},{"@type":"ListItem","position":3,"name":"\u2728 Wow-kl\u00e4nning med volanger \u2013 i Svart &#038; Rosa \u2728"}]},{"@type":"WebSite","@id":"https:\/\/stilanddesign.se\/#website","url":"https:\/\/stilanddesign.se\/","name":"Style &amp; Design","description":"For those of us who love fashion!","publisher":{"@id":"https:\/\/stilanddesign.se\/#organization"},"potentialAction":[{"@type":"SearchAction","target":{"@type":"EntryPoint","urlTemplate":"https:\/\/stilanddesign.se\/?s={search_term_string}"},"query-input":{"@type":"PropertyValueSpecification","valueRequired":true,"valueName":"search_term_string"}}],"inLanguage":"en-US"},{"@type":"Organization","@id":"https:\/\/stilanddesign.se\/#organization","name":"Style &amp; Design","url":"https:\/\/stilanddesign.se\/","logo":{"@type":"ImageObject","inLanguage":"en-US","@id":"https:\/\/stilanddesign.se\/#\/schema\/logo\/image\/","url":"https:\/\/stilanddesign.se\/wp-content\/uploads\/2023\/12\/output-onlinepngtools-e1727784413220.png","contentUrl":"https:\/\/stilanddesign.se\/wp-content\/uploads\/2023\/12\/output-onlinepngtools-e1727784413220.png","width":519,"height":135,"caption":"Stil &amp; Design"},"image":{"@id":"https:\/\/stilanddesign.se\/#\/schema\/logo\/image\/"}}]}},"_links":{"self":[{"href":"https:\/\/stilanddesign.se\/en\/wp-json\/wp\/v2\/product\/1066044","targetHints":{"allow":["GET"]}}],"collection":[{"href":"https:\/\/stilanddesign.se\/en\/wp-json\/wp\/v2\/product"}],"about":[{"href":"https:\/\/stilanddesign.se\/en\/wp-json\/wp\/v2\/types\/product"}],"replies":[{"embeddable":true,"href":"https:\/\/stilanddesign.se\/en\/wp-json\/wp\/v2\/comments?post=1066044"}],"wp:featuredmedia":[{"embeddable":true,"href":"https:\/\/stilanddesign.se\/en\/wp-json\/wp\/v2\/media\/1066035"}],"wp:attachment":[{"href":"https:\/\/stilanddesign.se\/en\/wp-json\/wp\/v2\/media?parent=1066044"}],"wp:term":[{"taxonomy":"product_brand","embeddable":true,"href":"https:\/\/stilanddesign.se\/en\/wp-json\/wp\/v2\/product_brand?post=1066044"},{"taxonomy":"product_cat","embeddable":true,"href":"https:\/\/stilanddesign.se\/en\/wp-json\/wp\/v2\/product_cat?post=1066044"},{"taxonomy":"product_tag","embeddable":true,"href":"https:\/\/stilanddesign.se\/en\/wp-json\/wp\/v2\/product_tag?post=1066044"}],"curies":[{"name":"wp","href":"https:\/\/api.w.org\/{rel}","templated":true}]}}