{"id":1065995,"date":"2026-02-18T14:26:07","date_gmt":"2026-02-18T13:26:07","guid":{"rendered":"https:\/\/stilanddesign.se\/?post_type=product&#038;p=1065995"},"modified":"2026-04-29T14:26:21","modified_gmt":"2026-04-29T12:26:21","slug":"%f0%9f%91%97-romantisk-maxiklanning-i-turkos-brunt-med-gulddetaljer-%e2%9c%a8%f0%9f%92%83","status":"publish","type":"product","link":"https:\/\/stilanddesign.se\/en\/product\/%f0%9f%91%97-romantisk-maxiklanning-i-turkos-brunt-med-gulddetaljer-%e2%9c%a8%f0%9f%92%83\/","title":{"rendered":"\ud83d\udc57 Romantic maxi dress in turquoise &amp; brown with gold details \u2728\ud83d\udc83"},"content":{"rendered":"<h2 data-start=\"2200\" data-end=\"2266\">\ud83d\udc57 Romantic maxi dress in turquoise &amp; brown with gold details \u2728\ud83d\udc83<\/h2>\n<p data-start=\"2268\" data-end=\"2358\">A real dream dress \ud83d\ude0d\ud83c\udf1f<br data-start=\"2295\" data-end=\"2298\" \/>Floral, feminine and perfect for all summer occasions!<\/p>\n<p data-start=\"2360\" data-end=\"2577\">\u2728 V-neck front and back with ties &amp; tassels<br data-start=\"2406\" data-end=\"2409\" \/>\u2728 Flattering cut-off under the bust<br data-start=\"2445\" data-end=\"2448\" \/>\u2728 Elastic at the back for a comfortable fit<br data-start=\"2481\" data-end=\"2484\" \/>\u2728 Flared skirt with ruffle and rounded hem<br data-start=\"2531\" data-end=\"2534\" \/>\u2728 Butterfly sleeves in two layers for extra romance<\/p>\n<p data-start=\"2579\" data-end=\"2766\">\ud83c\udf38 Colors: brown, turquoise and glittering gold accents<br data-start=\"2629\" data-end=\"2632\" \/>\ud83e\uddf5 <strong data-start=\"2635\" data-end=\"2648\">Material:<\/strong> 100% polyester with silk look<br data-start=\"2678\" data-end=\"2681\" \/>\ud83d\udccf Front length: 110 cm | back: 130 cm (size M)<br data-start=\"2724\" data-end=\"2727\" \/>\ud83d\udc57 The model is 170 cm and wears size S<\/p>\n<p data-start=\"2768\" data-end=\"2834\">The perfect dress for parties, holidays and summer evenings \u2728\ud83c\udf79\ud83c\udf3a<\/p>","protected":false},"excerpt":{"rendered":"<h2 data-start=\"2200\" data-end=\"2266\">\ud83d\udc57 Romantic maxi dress in turquoise &amp; brown with gold details \u2728\ud83d\udc83<\/h2>\n<p data-start=\"2268\" data-end=\"2358\">A real dream dress \ud83d\ude0d\ud83c\udf1f<br data-start=\"2295\" data-end=\"2298\" \/>Floral, feminine and perfect for all summer occasions!<\/p>\n<p data-start=\"2360\" data-end=\"2577\">\u2728 V-neck front and back with ties &amp; tassels<br data-start=\"2406\" data-end=\"2409\" \/>\u2728 Flattering cut-off under the bust<br data-start=\"2445\" data-end=\"2448\" \/>\u2728 Elastic at the back for a comfortable fit<br data-start=\"2481\" data-end=\"2484\" \/>\u2728 Flared skirt with ruffle and rounded hem<br data-start=\"2531\" data-end=\"2534\" \/>\u2728 Butterfly sleeves in two layers for extra romance<\/p>\n<p data-start=\"2579\" data-end=\"2766\">\ud83c\udf38 Colors: brown, turquoise and glittering gold accents<br data-start=\"2629\" data-end=\"2632\" \/>\ud83e\uddf5 <strong data-start=\"2635\" data-end=\"2648\">Material:<\/strong> 100% polyester with silk look<br data-start=\"2678\" data-end=\"2681\" \/>\ud83d\udccf Front length: 110 cm | back: 130 cm (size M)<br data-start=\"2724\" data-end=\"2727\" \/>\ud83d\udc57 The model is 170 cm and wears size S<\/p>\n<p data-start=\"2768\" data-end=\"2834\">The perfect dress for parties, holidays and summer evenings \u2728\ud83c\udf79\ud83c\udf3a<\/p>","protected":false},"featured_media":1066011,"comment_status":"closed","ping_status":"closed","template":"","meta":[],"product_brand":[],"product_cat":[215],"product_tag":[],"class_list":{"0":"post-1065995","1":"product","2":"type-product","3":"status-publish","4":"has-post-thumbnail","6":"product_cat-klanningar","8":"first","9":"instock","10":"taxable","11":"shipping-taxable","12":"purchasable","13":"product-type-variable"},"yoast_head":"<!-- This site is optimized with the Yoast SEO Premium plugin v27.4 (Yoast SEO v27.5) - https:\/\/yoast.com\/product\/yoast-seo-premium-wordpress\/ -->\n<title>\ud83d\udc57 Romantisk maxikl\u00e4nning i turkos &amp; brunt med gulddetaljer \u2728\ud83d\udc83 - Stil &amp; Design<\/title>\n<meta name=\"robots\" content=\"index, follow, max-snippet:-1, max-image-preview:large, max-video-preview:-1\" \/>\n<link rel=\"canonical\" href=\"https:\/\/stilanddesign.se\/en\/product\/\ud83d\udc57-romantisk-maxiklanning-i-turkos-brunt-med-gulddetaljer-\u2728\ud83d\udc83\/\" \/>\n<meta property=\"og:locale\" content=\"en_US\" \/>\n<meta property=\"og:type\" content=\"article\" \/>\n<meta property=\"og:title\" content=\"\ud83d\udc57 Romantisk maxikl\u00e4nning i turkos &amp; brunt med gulddetaljer \u2728\ud83d\udc83\" \/>\n<meta property=\"og:description\" content=\"\ud83d\udc57 Romantisk maxikl\u00e4nning i turkos &amp; brunt med gulddetaljer \u2728\ud83d\udc83 En riktig dr\u00f6mkl\u00e4nning \ud83d\ude0d\ud83c\udf1fBlommig, feminin och perfekt till sommarens alla tillf\u00e4llen! \u2728 V-ringad fram och bak med knytband &amp; toffsar\u2728 Smickrande avsk\u00e4rning under bysten\u2728 Res\u00e5r baktill f\u00f6r sk\u00f6n passform\u2728 Utst\u00e4lld kjol med volang och rundad nederkant\u2728 Fj\u00e4rils\u00e4rm i tv\u00e5 lager f\u00f6r extra romantik \ud83c\udf38 F\u00e4rger: brunt, turkos och glittrande guldinslag\ud83e\uddf5 Material: 100% polyester med silkeslook\ud83d\udccf L\u00e4ngd fram: 110 cm | bak: 130 cm (stl M)\ud83d\udc57 Modellen \u00e4r 170 cm och b\u00e4r storlek S Den perfekta kl\u00e4nningen f\u00f6r fest, semester och sommarkv\u00e4llar \u2728\ud83c\udf79\ud83c\udf3a\" \/>\n<meta property=\"og:url\" content=\"https:\/\/stilanddesign.se\/en\/product\/\ud83d\udc57-romantisk-maxiklanning-i-turkos-brunt-med-gulddetaljer-\u2728\ud83d\udc83\/\" \/>\n<meta property=\"og:site_name\" content=\"Stil &amp; Design\" \/>\n<meta property=\"article:modified_time\" content=\"2026-04-29T12:26:21+00:00\" \/>\n<meta property=\"og:image\" content=\"https:\/\/stilanddesign.se\/wp-content\/uploads\/2026\/02\/Hollis-volang-klanning-bla-brun-guld-1.jpg\" \/>\n\t<meta property=\"og:image:width\" content=\"900\" \/>\n\t<meta property=\"og:image:height\" content=\"1350\" \/>\n\t<meta property=\"og:image:type\" content=\"image\/jpeg\" \/>\n<meta name=\"twitter:card\" content=\"summary_large_image\" \/>\n<meta name=\"twitter:label1\" content=\"Est. reading time\" \/>\n\t<meta name=\"twitter:data1\" content=\"1 minute\" \/>\n<script type=\"application\/ld+json\" class=\"yoast-schema-graph\">{\"@context\":\"https:\\\/\\\/schema.org\",\"@graph\":[{\"@type\":\"WebPage\",\"@id\":\"https:\\\/\\\/stilanddesign.se\\\/produkt\\\/%f0%9f%91%97-romantisk-maxiklanning-i-turkos-brunt-med-gulddetaljer-%e2%9c%a8%f0%9f%92%83\\\/\",\"url\":\"https:\\\/\\\/stilanddesign.se\\\/produkt\\\/%f0%9f%91%97-romantisk-maxiklanning-i-turkos-brunt-med-gulddetaljer-%e2%9c%a8%f0%9f%92%83\\\/\",\"name\":\"\ud83d\udc57 Romantisk maxikl\u00e4nning i turkos & brunt med gulddetaljer \u2728\ud83d\udc83 - Stil &amp; Design\",\"isPartOf\":{\"@id\":\"https:\\\/\\\/stilanddesign.se\\\/#website\"},\"primaryImageOfPage\":{\"@id\":\"https:\\\/\\\/stilanddesign.se\\\/produkt\\\/%f0%9f%91%97-romantisk-maxiklanning-i-turkos-brunt-med-gulddetaljer-%e2%9c%a8%f0%9f%92%83\\\/#primaryimage\"},\"image\":{\"@id\":\"https:\\\/\\\/stilanddesign.se\\\/produkt\\\/%f0%9f%91%97-romantisk-maxiklanning-i-turkos-brunt-med-gulddetaljer-%e2%9c%a8%f0%9f%92%83\\\/#primaryimage\"},\"thumbnailUrl\":\"https:\\\/\\\/stilanddesign.se\\\/wp-content\\\/uploads\\\/2026\\\/02\\\/Hollis-volang-klanning-bla-brun-guld-1.jpg\",\"datePublished\":\"2026-02-18T13:26:07+00:00\",\"dateModified\":\"2026-04-29T12:26:21+00:00\",\"breadcrumb\":{\"@id\":\"https:\\\/\\\/stilanddesign.se\\\/produkt\\\/%f0%9f%91%97-romantisk-maxiklanning-i-turkos-brunt-med-gulddetaljer-%e2%9c%a8%f0%9f%92%83\\\/#breadcrumb\"},\"inLanguage\":\"en-US\",\"potentialAction\":[{\"@type\":\"ReadAction\",\"target\":[\"https:\\\/\\\/stilanddesign.se\\\/produkt\\\/%f0%9f%91%97-romantisk-maxiklanning-i-turkos-brunt-med-gulddetaljer-%e2%9c%a8%f0%9f%92%83\\\/\"]}]},{\"@type\":\"ImageObject\",\"inLanguage\":\"en-US\",\"@id\":\"https:\\\/\\\/stilanddesign.se\\\/produkt\\\/%f0%9f%91%97-romantisk-maxiklanning-i-turkos-brunt-med-gulddetaljer-%e2%9c%a8%f0%9f%92%83\\\/#primaryimage\",\"url\":\"https:\\\/\\\/stilanddesign.se\\\/wp-content\\\/uploads\\\/2026\\\/02\\\/Hollis-volang-klanning-bla-brun-guld-1.jpg\",\"contentUrl\":\"https:\\\/\\\/stilanddesign.se\\\/wp-content\\\/uploads\\\/2026\\\/02\\\/Hollis-volang-klanning-bla-brun-guld-1.jpg\",\"width\":900,\"height\":1350},{\"@type\":\"BreadcrumbList\",\"@id\":\"https:\\\/\\\/stilanddesign.se\\\/produkt\\\/%f0%9f%91%97-romantisk-maxiklanning-i-turkos-brunt-med-gulddetaljer-%e2%9c%a8%f0%9f%92%83\\\/#breadcrumb\",\"itemListElement\":[{\"@type\":\"ListItem\",\"position\":1,\"name\":\"Hem\",\"item\":\"https:\\\/\\\/stilanddesign.se\\\/\"},{\"@type\":\"ListItem\",\"position\":2,\"name\":\"Butiken\",\"item\":\"https:\\\/\\\/stilanddesign.se\\\/butiken\\\/\"},{\"@type\":\"ListItem\",\"position\":3,\"name\":\"\ud83d\udc57 Romantisk maxikl\u00e4nning i turkos &#038; brunt med gulddetaljer \u2728\ud83d\udc83\"}]},{\"@type\":\"WebSite\",\"@id\":\"https:\\\/\\\/stilanddesign.se\\\/#website\",\"url\":\"https:\\\/\\\/stilanddesign.se\\\/\",\"name\":\"Stil &amp; Design\",\"description\":\"F\u00f6r oss som \u00e4lskar mode!\",\"publisher\":{\"@id\":\"https:\\\/\\\/stilanddesign.se\\\/#organization\"},\"potentialAction\":[{\"@type\":\"SearchAction\",\"target\":{\"@type\":\"EntryPoint\",\"urlTemplate\":\"https:\\\/\\\/stilanddesign.se\\\/?s={search_term_string}\"},\"query-input\":{\"@type\":\"PropertyValueSpecification\",\"valueRequired\":true,\"valueName\":\"search_term_string\"}}],\"inLanguage\":\"en-US\"},{\"@type\":\"Organization\",\"@id\":\"https:\\\/\\\/stilanddesign.se\\\/#organization\",\"name\":\"Stil &amp; Design\",\"url\":\"https:\\\/\\\/stilanddesign.se\\\/\",\"logo\":{\"@type\":\"ImageObject\",\"inLanguage\":\"en-US\",\"@id\":\"https:\\\/\\\/stilanddesign.se\\\/#\\\/schema\\\/logo\\\/image\\\/\",\"url\":\"https:\\\/\\\/stilanddesign.se\\\/wp-content\\\/uploads\\\/2023\\\/12\\\/output-onlinepngtools-e1727784413220.png\",\"contentUrl\":\"https:\\\/\\\/stilanddesign.se\\\/wp-content\\\/uploads\\\/2023\\\/12\\\/output-onlinepngtools-e1727784413220.png\",\"width\":519,\"height\":135,\"caption\":\"Stil &amp; Design\"},\"image\":{\"@id\":\"https:\\\/\\\/stilanddesign.se\\\/#\\\/schema\\\/logo\\\/image\\\/\"}}]}<\/script>\n<!-- \/ Yoast SEO Premium plugin. -->","yoast_head_json":{"title":"\ud83d\udc57 Romantisk maxikl\u00e4nning i turkos & brunt med gulddetaljer \u2728\ud83d\udc83 - Stil &amp; Design","robots":{"index":"index","follow":"follow","max-snippet":"max-snippet:-1","max-image-preview":"max-image-preview:large","max-video-preview":"max-video-preview:-1"},"canonical":"https:\/\/stilanddesign.se\/en\/product\/\ud83d\udc57-romantisk-maxiklanning-i-turkos-brunt-med-gulddetaljer-\u2728\ud83d\udc83\/","og_locale":"en_US","og_type":"article","og_title":"\ud83d\udc57 Romantisk maxikl\u00e4nning i turkos & brunt med gulddetaljer \u2728\ud83d\udc83","og_description":"\ud83d\udc57 Romantisk maxikl\u00e4nning i turkos &amp; brunt med gulddetaljer \u2728\ud83d\udc83 En riktig dr\u00f6mkl\u00e4nning \ud83d\ude0d\ud83c\udf1fBlommig, feminin och perfekt till sommarens alla tillf\u00e4llen! \u2728 V-ringad fram och bak med knytband &amp; toffsar\u2728 Smickrande avsk\u00e4rning under bysten\u2728 Res\u00e5r baktill f\u00f6r sk\u00f6n passform\u2728 Utst\u00e4lld kjol med volang och rundad nederkant\u2728 Fj\u00e4rils\u00e4rm i tv\u00e5 lager f\u00f6r extra romantik \ud83c\udf38 F\u00e4rger: brunt, turkos och glittrande guldinslag\ud83e\uddf5 Material: 100% polyester med silkeslook\ud83d\udccf L\u00e4ngd fram: 110 cm | bak: 130 cm (stl M)\ud83d\udc57 Modellen \u00e4r 170 cm och b\u00e4r storlek S Den perfekta kl\u00e4nningen f\u00f6r fest, semester och sommarkv\u00e4llar \u2728\ud83c\udf79\ud83c\udf3a","og_url":"https:\/\/stilanddesign.se\/en\/product\/\ud83d\udc57-romantisk-maxiklanning-i-turkos-brunt-med-gulddetaljer-\u2728\ud83d\udc83\/","og_site_name":"Stil &amp; Design","article_modified_time":"2026-04-29T12:26:21+00:00","og_image":[{"width":900,"height":1350,"url":"https:\/\/stilanddesign.se\/wp-content\/uploads\/2026\/02\/Hollis-volang-klanning-bla-brun-guld-1.jpg","type":"image\/jpeg"}],"twitter_card":"summary_large_image","twitter_misc":{"Est. reading time":"1 minute"},"schema":{"@context":"https:\/\/schema.org","@graph":[{"@type":"WebPage","@id":"https:\/\/stilanddesign.se\/produkt\/%f0%9f%91%97-romantisk-maxiklanning-i-turkos-brunt-med-gulddetaljer-%e2%9c%a8%f0%9f%92%83\/","url":"https:\/\/stilanddesign.se\/produkt\/%f0%9f%91%97-romantisk-maxiklanning-i-turkos-brunt-med-gulddetaljer-%e2%9c%a8%f0%9f%92%83\/","name":"\ud83d\udc57 Romantisk maxikl\u00e4nning i turkos & brunt med gulddetaljer \u2728\ud83d\udc83 - Stil &amp; Design","isPartOf":{"@id":"https:\/\/stilanddesign.se\/#website"},"primaryImageOfPage":{"@id":"https:\/\/stilanddesign.se\/produkt\/%f0%9f%91%97-romantisk-maxiklanning-i-turkos-brunt-med-gulddetaljer-%e2%9c%a8%f0%9f%92%83\/#primaryimage"},"image":{"@id":"https:\/\/stilanddesign.se\/produkt\/%f0%9f%91%97-romantisk-maxiklanning-i-turkos-brunt-med-gulddetaljer-%e2%9c%a8%f0%9f%92%83\/#primaryimage"},"thumbnailUrl":"https:\/\/stilanddesign.se\/wp-content\/uploads\/2026\/02\/Hollis-volang-klanning-bla-brun-guld-1.jpg","datePublished":"2026-02-18T13:26:07+00:00","dateModified":"2026-04-29T12:26:21+00:00","breadcrumb":{"@id":"https:\/\/stilanddesign.se\/produkt\/%f0%9f%91%97-romantisk-maxiklanning-i-turkos-brunt-med-gulddetaljer-%e2%9c%a8%f0%9f%92%83\/#breadcrumb"},"inLanguage":"en-US","potentialAction":[{"@type":"ReadAction","target":["https:\/\/stilanddesign.se\/produkt\/%f0%9f%91%97-romantisk-maxiklanning-i-turkos-brunt-med-gulddetaljer-%e2%9c%a8%f0%9f%92%83\/"]}]},{"@type":"ImageObject","inLanguage":"en-US","@id":"https:\/\/stilanddesign.se\/produkt\/%f0%9f%91%97-romantisk-maxiklanning-i-turkos-brunt-med-gulddetaljer-%e2%9c%a8%f0%9f%92%83\/#primaryimage","url":"https:\/\/stilanddesign.se\/wp-content\/uploads\/2026\/02\/Hollis-volang-klanning-bla-brun-guld-1.jpg","contentUrl":"https:\/\/stilanddesign.se\/wp-content\/uploads\/2026\/02\/Hollis-volang-klanning-bla-brun-guld-1.jpg","width":900,"height":1350},{"@type":"BreadcrumbList","@id":"https:\/\/stilanddesign.se\/produkt\/%f0%9f%91%97-romantisk-maxiklanning-i-turkos-brunt-med-gulddetaljer-%e2%9c%a8%f0%9f%92%83\/#breadcrumb","itemListElement":[{"@type":"ListItem","position":1,"name":"Hem","item":"https:\/\/stilanddesign.se\/"},{"@type":"ListItem","position":2,"name":"Butiken","item":"https:\/\/stilanddesign.se\/butiken\/"},{"@type":"ListItem","position":3,"name":"\ud83d\udc57 Romantisk maxikl\u00e4nning i turkos &#038; brunt med gulddetaljer \u2728\ud83d\udc83"}]},{"@type":"WebSite","@id":"https:\/\/stilanddesign.se\/#website","url":"https:\/\/stilanddesign.se\/","name":"Style &amp; Design","description":"For those of us who love fashion!","publisher":{"@id":"https:\/\/stilanddesign.se\/#organization"},"potentialAction":[{"@type":"SearchAction","target":{"@type":"EntryPoint","urlTemplate":"https:\/\/stilanddesign.se\/?s={search_term_string}"},"query-input":{"@type":"PropertyValueSpecification","valueRequired":true,"valueName":"search_term_string"}}],"inLanguage":"en-US"},{"@type":"Organization","@id":"https:\/\/stilanddesign.se\/#organization","name":"Style &amp; Design","url":"https:\/\/stilanddesign.se\/","logo":{"@type":"ImageObject","inLanguage":"en-US","@id":"https:\/\/stilanddesign.se\/#\/schema\/logo\/image\/","url":"https:\/\/stilanddesign.se\/wp-content\/uploads\/2023\/12\/output-onlinepngtools-e1727784413220.png","contentUrl":"https:\/\/stilanddesign.se\/wp-content\/uploads\/2023\/12\/output-onlinepngtools-e1727784413220.png","width":519,"height":135,"caption":"Stil &amp; Design"},"image":{"@id":"https:\/\/stilanddesign.se\/#\/schema\/logo\/image\/"}}]}},"_links":{"self":[{"href":"https:\/\/stilanddesign.se\/en\/wp-json\/wp\/v2\/product\/1065995","targetHints":{"allow":["GET"]}}],"collection":[{"href":"https:\/\/stilanddesign.se\/en\/wp-json\/wp\/v2\/product"}],"about":[{"href":"https:\/\/stilanddesign.se\/en\/wp-json\/wp\/v2\/types\/product"}],"replies":[{"embeddable":true,"href":"https:\/\/stilanddesign.se\/en\/wp-json\/wp\/v2\/comments?post=1065995"}],"wp:featuredmedia":[{"embeddable":true,"href":"https:\/\/stilanddesign.se\/en\/wp-json\/wp\/v2\/media\/1066011"}],"wp:attachment":[{"href":"https:\/\/stilanddesign.se\/en\/wp-json\/wp\/v2\/media?parent=1065995"}],"wp:term":[{"taxonomy":"product_brand","embeddable":true,"href":"https:\/\/stilanddesign.se\/en\/wp-json\/wp\/v2\/product_brand?post=1065995"},{"taxonomy":"product_cat","embeddable":true,"href":"https:\/\/stilanddesign.se\/en\/wp-json\/wp\/v2\/product_cat?post=1065995"},{"taxonomy":"product_tag","embeddable":true,"href":"https:\/\/stilanddesign.se\/en\/wp-json\/wp\/v2\/product_tag?post=1065995"}],"curies":[{"name":"wp","href":"https:\/\/api.w.org\/{rel}","templated":true}]}}