{"id":1065873,"date":"2026-03-05T15:30:16","date_gmt":"2026-03-05T14:30:16","guid":{"rendered":"https:\/\/stilanddesign.se\/?post_type=product&#038;p=1065873"},"modified":"2026-03-24T15:43:33","modified_gmt":"2026-03-24T14:43:33","slug":"snygg-stickad-troja-i-vagigt-zick-zack-monster-i-beige","status":"publish","type":"product","link":"https:\/\/stilanddesign.se\/en\/product\/snygg-stickad-troja-i-vagigt-zick-zack-monster-i-beige\/","title":{"rendered":"Knitted sweater in wavy zigzag pattern \ud83e\udd0d\u2728"},"content":{"rendered":"<p data-start=\"0\" data-end=\"319\"><strong data-start=\"0\" data-end=\"40\">Knitted sweater in wavy zigzag pattern<\/strong> \ud83e\udd0d\u2728<br data-start=\"44\" data-end=\"47\" \/>Stylish and easy-to-style knitted sweater with a wavy zigzag pattern in several tones - perfect when you want a soft, fresh look with that little extra \ud83d\ude0d The sweater is made of a comfortable cotton blend and has <strong data-start=\"226\" data-end=\"237\">boat neck<\/strong> and <strong data-start=\"243\" data-end=\"262\">wavy knitting<\/strong> at the cuffs and hem for a nice, well-thought-out finish \ud83d\udcab<\/p>\n<p data-start=\"321\" data-end=\"400\">\u2705 Boat neck<br data-start=\"330\" data-end=\"333\" \/>\u2705 Wavy edge at cuffs &amp; hem<br data-start=\"369\" data-end=\"372\" data-is-only-node=\"\" \/>\u2705 Soft and comfortable quality<\/p>\n<p data-start=\"402\" data-end=\"464\" data-is-last-node=\"\" data-is-only-node=\"\"><strong data-start=\"402\" data-end=\"415\">Material:<\/strong> 50% cotton | 50% acrylic \ud83e\uddf5<br data-start=\"441\" data-end=\"444\" \/><strong data-start=\"444\" data-end=\"457\" data-is-only-node=\"\">Washing instructions:<\/strong> 30\u00b0 \ud83e\uddfa<\/p>","protected":false},"excerpt":{"rendered":"<p data-start=\"0\" data-end=\"319\"><strong data-start=\"0\" data-end=\"40\">Knitted sweater in wavy zigzag pattern<\/strong> \ud83e\udd0d\u2728<br data-start=\"44\" data-end=\"47\" \/>Stylish and easy-to-style knitted sweater with a wavy zigzag pattern in several tones - perfect when you want a soft, fresh look with that little extra \ud83d\ude0d The sweater is made of a comfortable cotton blend and has <strong data-start=\"226\" data-end=\"237\">boat neck<\/strong> and <strong data-start=\"243\" data-end=\"262\">wavy knitting<\/strong> at the cuffs and hem for a nice, well-thought-out finish \ud83d\udcab<\/p>\n<p data-start=\"321\" data-end=\"400\">\u2705 Boat neck<br data-start=\"330\" data-end=\"333\" \/>\u2705 Wavy edge at cuffs &amp; hem<br data-start=\"369\" data-end=\"372\" data-is-only-node=\"\" \/>\u2705 Soft and comfortable quality<\/p>\n<p data-start=\"402\" data-end=\"464\" data-is-last-node=\"\" data-is-only-node=\"\"><strong data-start=\"402\" data-end=\"415\">Material:<\/strong> 50% cotton | 50% acrylic \ud83e\uddf5<br data-start=\"441\" data-end=\"444\" \/><strong data-start=\"444\" data-end=\"457\" data-is-only-node=\"\">Washing instructions:<\/strong> 30\u00b0 \ud83e\uddfa<\/p>\n<p>&nbsp;<\/p>","protected":false},"featured_media":1065870,"comment_status":"closed","ping_status":"closed","template":"","meta":[],"product_brand":[],"product_cat":[223],"product_tag":[],"class_list":{"0":"post-1065873","1":"product","2":"type-product","3":"status-publish","4":"has-post-thumbnail","6":"product_cat-stickade-trojor","8":"first","9":"instock","10":"taxable","11":"shipping-taxable","12":"purchasable","13":"product-type-variable"},"yoast_head":"<!-- This site is optimized with the Yoast SEO Premium plugin v27.1 (Yoast SEO v27.4) - https:\/\/yoast.com\/product\/yoast-seo-premium-wordpress\/ -->\n<title>Stickad tr\u00f6ja i v\u00e5gigt zigzagm\u00f6nster \ud83e\udd0d\u2728 - Stil &amp; Design<\/title>\n<meta name=\"robots\" content=\"index, follow, max-snippet:-1, max-image-preview:large, max-video-preview:-1\" \/>\n<link rel=\"canonical\" href=\"https:\/\/stilanddesign.se\/en\/product\/snygg-stickad-troja-i-vagigt-zick-zack-monster-i-beige\/\" \/>\n<meta property=\"og:locale\" content=\"en_US\" \/>\n<meta property=\"og:type\" content=\"article\" \/>\n<meta property=\"og:title\" content=\"Stickad tr\u00f6ja i v\u00e5gigt zigzagm\u00f6nster \ud83e\udd0d\u2728\" \/>\n<meta property=\"og:description\" content=\"Stickad tr\u00f6ja i v\u00e5gigt zigzagm\u00f6nster \ud83e\udd0d\u2728Snygg och l\u00e4ttstylad stickad tr\u00f6ja med v\u00e5gigt zigzagm\u00f6nster i flera toner \u2013 perfekt n\u00e4r du vill ha en mjuk, fr\u00e4sch look med det lilla extra \ud83d\ude0d Tr\u00f6jan \u00e4r i sk\u00f6n bomullsmix och har b\u00e5thals samt v\u00e5gig stickning vid \u00e4rmslut och nertill f\u00f6r en fin, genomt\u00e4nkt finish \ud83d\udcab \u2705 B\u00e5thals\u2705 V\u00e5gig kant vid \u00e4rmslut &amp; nederkant\u2705 Mjuk och bekv\u00e4m kvalitet Material: 50% bomull | 50% akryl \ud83e\uddf5Tv\u00e4ttr\u00e5d: 30\u00b0 \ud83e\uddfa &nbsp;\" \/>\n<meta property=\"og:url\" content=\"https:\/\/stilanddesign.se\/en\/product\/snygg-stickad-troja-i-vagigt-zick-zack-monster-i-beige\/\" \/>\n<meta property=\"og:site_name\" content=\"Stil &amp; Design\" \/>\n<meta property=\"article:modified_time\" content=\"2026-03-24T14:43:33+00:00\" \/>\n<meta property=\"og:image\" content=\"https:\/\/stilanddesign.se\/wp-content\/uploads\/2026\/02\/77676545444444444444.webp\" \/>\n\t<meta property=\"og:image:width\" content=\"1920\" \/>\n\t<meta property=\"og:image:height\" content=\"2560\" \/>\n\t<meta property=\"og:image:type\" content=\"image\/webp\" \/>\n<meta name=\"twitter:card\" content=\"summary_large_image\" \/>\n<meta name=\"twitter:label1\" content=\"Est. reading time\" \/>\n\t<meta name=\"twitter:data1\" content=\"1 minute\" \/>\n<script type=\"application\/ld+json\" class=\"yoast-schema-graph\">{\"@context\":\"https:\\\/\\\/schema.org\",\"@graph\":[{\"@type\":\"WebPage\",\"@id\":\"https:\\\/\\\/stilanddesign.se\\\/produkt\\\/snygg-stickad-troja-i-vagigt-zick-zack-monster-i-beige\\\/\",\"url\":\"https:\\\/\\\/stilanddesign.se\\\/produkt\\\/snygg-stickad-troja-i-vagigt-zick-zack-monster-i-beige\\\/\",\"name\":\"Stickad tr\u00f6ja i v\u00e5gigt zigzagm\u00f6nster \ud83e\udd0d\u2728 - Stil &amp; Design\",\"isPartOf\":{\"@id\":\"https:\\\/\\\/stilanddesign.se\\\/#website\"},\"primaryImageOfPage\":{\"@id\":\"https:\\\/\\\/stilanddesign.se\\\/produkt\\\/snygg-stickad-troja-i-vagigt-zick-zack-monster-i-beige\\\/#primaryimage\"},\"image\":{\"@id\":\"https:\\\/\\\/stilanddesign.se\\\/produkt\\\/snygg-stickad-troja-i-vagigt-zick-zack-monster-i-beige\\\/#primaryimage\"},\"thumbnailUrl\":\"https:\\\/\\\/stilanddesign.se\\\/wp-content\\\/uploads\\\/2026\\\/02\\\/77676545444444444444.webp\",\"datePublished\":\"2026-03-05T14:30:16+00:00\",\"dateModified\":\"2026-03-24T14:43:33+00:00\",\"breadcrumb\":{\"@id\":\"https:\\\/\\\/stilanddesign.se\\\/produkt\\\/snygg-stickad-troja-i-vagigt-zick-zack-monster-i-beige\\\/#breadcrumb\"},\"inLanguage\":\"en-US\",\"potentialAction\":[{\"@type\":\"ReadAction\",\"target\":[\"https:\\\/\\\/stilanddesign.se\\\/produkt\\\/snygg-stickad-troja-i-vagigt-zick-zack-monster-i-beige\\\/\"]}]},{\"@type\":\"ImageObject\",\"inLanguage\":\"en-US\",\"@id\":\"https:\\\/\\\/stilanddesign.se\\\/produkt\\\/snygg-stickad-troja-i-vagigt-zick-zack-monster-i-beige\\\/#primaryimage\",\"url\":\"https:\\\/\\\/stilanddesign.se\\\/wp-content\\\/uploads\\\/2026\\\/02\\\/77676545444444444444.webp\",\"contentUrl\":\"https:\\\/\\\/stilanddesign.se\\\/wp-content\\\/uploads\\\/2026\\\/02\\\/77676545444444444444.webp\",\"width\":1920,\"height\":2560,\"caption\":\"Snygg stickad tr\u00f6ja i v\u00e5gigt zick zack m\u00f6nster i beige\"},{\"@type\":\"BreadcrumbList\",\"@id\":\"https:\\\/\\\/stilanddesign.se\\\/produkt\\\/snygg-stickad-troja-i-vagigt-zick-zack-monster-i-beige\\\/#breadcrumb\",\"itemListElement\":[{\"@type\":\"ListItem\",\"position\":1,\"name\":\"Hem\",\"item\":\"https:\\\/\\\/stilanddesign.se\\\/\"},{\"@type\":\"ListItem\",\"position\":2,\"name\":\"Butiken\",\"item\":\"https:\\\/\\\/stilanddesign.se\\\/butiken\\\/\"},{\"@type\":\"ListItem\",\"position\":3,\"name\":\"Stickad tr\u00f6ja i v\u00e5gigt zigzagm\u00f6nster \ud83e\udd0d\u2728\"}]},{\"@type\":\"WebSite\",\"@id\":\"https:\\\/\\\/stilanddesign.se\\\/#website\",\"url\":\"https:\\\/\\\/stilanddesign.se\\\/\",\"name\":\"Stil &amp; Design\",\"description\":\"F\u00f6r oss som \u00e4lskar mode!\",\"publisher\":{\"@id\":\"https:\\\/\\\/stilanddesign.se\\\/#organization\"},\"potentialAction\":[{\"@type\":\"SearchAction\",\"target\":{\"@type\":\"EntryPoint\",\"urlTemplate\":\"https:\\\/\\\/stilanddesign.se\\\/?s={search_term_string}\"},\"query-input\":{\"@type\":\"PropertyValueSpecification\",\"valueRequired\":true,\"valueName\":\"search_term_string\"}}],\"inLanguage\":\"en-US\"},{\"@type\":\"Organization\",\"@id\":\"https:\\\/\\\/stilanddesign.se\\\/#organization\",\"name\":\"Stil &amp; Design\",\"url\":\"https:\\\/\\\/stilanddesign.se\\\/\",\"logo\":{\"@type\":\"ImageObject\",\"inLanguage\":\"en-US\",\"@id\":\"https:\\\/\\\/stilanddesign.se\\\/#\\\/schema\\\/logo\\\/image\\\/\",\"url\":\"https:\\\/\\\/stilanddesign.se\\\/wp-content\\\/uploads\\\/2023\\\/12\\\/output-onlinepngtools-e1727784413220.png\",\"contentUrl\":\"https:\\\/\\\/stilanddesign.se\\\/wp-content\\\/uploads\\\/2023\\\/12\\\/output-onlinepngtools-e1727784413220.png\",\"width\":519,\"height\":135,\"caption\":\"Stil &amp; Design\"},\"image\":{\"@id\":\"https:\\\/\\\/stilanddesign.se\\\/#\\\/schema\\\/logo\\\/image\\\/\"}}]}<\/script>\n<!-- \/ Yoast SEO Premium plugin. -->","yoast_head_json":{"title":"Stickad tr\u00f6ja i v\u00e5gigt zigzagm\u00f6nster \ud83e\udd0d\u2728 - Stil &amp; Design","robots":{"index":"index","follow":"follow","max-snippet":"max-snippet:-1","max-image-preview":"max-image-preview:large","max-video-preview":"max-video-preview:-1"},"canonical":"https:\/\/stilanddesign.se\/en\/product\/snygg-stickad-troja-i-vagigt-zick-zack-monster-i-beige\/","og_locale":"en_US","og_type":"article","og_title":"Stickad tr\u00f6ja i v\u00e5gigt zigzagm\u00f6nster \ud83e\udd0d\u2728","og_description":"Stickad tr\u00f6ja i v\u00e5gigt zigzagm\u00f6nster \ud83e\udd0d\u2728Snygg och l\u00e4ttstylad stickad tr\u00f6ja med v\u00e5gigt zigzagm\u00f6nster i flera toner \u2013 perfekt n\u00e4r du vill ha en mjuk, fr\u00e4sch look med det lilla extra \ud83d\ude0d Tr\u00f6jan \u00e4r i sk\u00f6n bomullsmix och har b\u00e5thals samt v\u00e5gig stickning vid \u00e4rmslut och nertill f\u00f6r en fin, genomt\u00e4nkt finish \ud83d\udcab \u2705 B\u00e5thals\u2705 V\u00e5gig kant vid \u00e4rmslut &amp; nederkant\u2705 Mjuk och bekv\u00e4m kvalitet Material: 50% bomull | 50% akryl \ud83e\uddf5Tv\u00e4ttr\u00e5d: 30\u00b0 \ud83e\uddfa &nbsp;","og_url":"https:\/\/stilanddesign.se\/en\/product\/snygg-stickad-troja-i-vagigt-zick-zack-monster-i-beige\/","og_site_name":"Stil &amp; Design","article_modified_time":"2026-03-24T14:43:33+00:00","og_image":[{"width":1920,"height":2560,"url":"https:\/\/stilanddesign.se\/wp-content\/uploads\/2026\/02\/77676545444444444444.webp","type":"image\/webp"}],"twitter_card":"summary_large_image","twitter_misc":{"Est. reading time":"1 minute"},"schema":{"@context":"https:\/\/schema.org","@graph":[{"@type":"WebPage","@id":"https:\/\/stilanddesign.se\/produkt\/snygg-stickad-troja-i-vagigt-zick-zack-monster-i-beige\/","url":"https:\/\/stilanddesign.se\/produkt\/snygg-stickad-troja-i-vagigt-zick-zack-monster-i-beige\/","name":"Stickad tr\u00f6ja i v\u00e5gigt zigzagm\u00f6nster \ud83e\udd0d\u2728 - Stil &amp; Design","isPartOf":{"@id":"https:\/\/stilanddesign.se\/#website"},"primaryImageOfPage":{"@id":"https:\/\/stilanddesign.se\/produkt\/snygg-stickad-troja-i-vagigt-zick-zack-monster-i-beige\/#primaryimage"},"image":{"@id":"https:\/\/stilanddesign.se\/produkt\/snygg-stickad-troja-i-vagigt-zick-zack-monster-i-beige\/#primaryimage"},"thumbnailUrl":"https:\/\/stilanddesign.se\/wp-content\/uploads\/2026\/02\/77676545444444444444.webp","datePublished":"2026-03-05T14:30:16+00:00","dateModified":"2026-03-24T14:43:33+00:00","breadcrumb":{"@id":"https:\/\/stilanddesign.se\/produkt\/snygg-stickad-troja-i-vagigt-zick-zack-monster-i-beige\/#breadcrumb"},"inLanguage":"en-US","potentialAction":[{"@type":"ReadAction","target":["https:\/\/stilanddesign.se\/produkt\/snygg-stickad-troja-i-vagigt-zick-zack-monster-i-beige\/"]}]},{"@type":"ImageObject","inLanguage":"en-US","@id":"https:\/\/stilanddesign.se\/produkt\/snygg-stickad-troja-i-vagigt-zick-zack-monster-i-beige\/#primaryimage","url":"https:\/\/stilanddesign.se\/wp-content\/uploads\/2026\/02\/77676545444444444444.webp","contentUrl":"https:\/\/stilanddesign.se\/wp-content\/uploads\/2026\/02\/77676545444444444444.webp","width":1920,"height":2560,"caption":"Snygg stickad tr\u00f6ja i v\u00e5gigt zick zack m\u00f6nster i beige"},{"@type":"BreadcrumbList","@id":"https:\/\/stilanddesign.se\/produkt\/snygg-stickad-troja-i-vagigt-zick-zack-monster-i-beige\/#breadcrumb","itemListElement":[{"@type":"ListItem","position":1,"name":"Hem","item":"https:\/\/stilanddesign.se\/"},{"@type":"ListItem","position":2,"name":"Butiken","item":"https:\/\/stilanddesign.se\/butiken\/"},{"@type":"ListItem","position":3,"name":"Stickad tr\u00f6ja i v\u00e5gigt zigzagm\u00f6nster \ud83e\udd0d\u2728"}]},{"@type":"WebSite","@id":"https:\/\/stilanddesign.se\/#website","url":"https:\/\/stilanddesign.se\/","name":"Style &amp; Design","description":"For those of us who love fashion!","publisher":{"@id":"https:\/\/stilanddesign.se\/#organization"},"potentialAction":[{"@type":"SearchAction","target":{"@type":"EntryPoint","urlTemplate":"https:\/\/stilanddesign.se\/?s={search_term_string}"},"query-input":{"@type":"PropertyValueSpecification","valueRequired":true,"valueName":"search_term_string"}}],"inLanguage":"en-US"},{"@type":"Organization","@id":"https:\/\/stilanddesign.se\/#organization","name":"Style &amp; Design","url":"https:\/\/stilanddesign.se\/","logo":{"@type":"ImageObject","inLanguage":"en-US","@id":"https:\/\/stilanddesign.se\/#\/schema\/logo\/image\/","url":"https:\/\/stilanddesign.se\/wp-content\/uploads\/2023\/12\/output-onlinepngtools-e1727784413220.png","contentUrl":"https:\/\/stilanddesign.se\/wp-content\/uploads\/2023\/12\/output-onlinepngtools-e1727784413220.png","width":519,"height":135,"caption":"Stil &amp; Design"},"image":{"@id":"https:\/\/stilanddesign.se\/#\/schema\/logo\/image\/"}}]}},"_links":{"self":[{"href":"https:\/\/stilanddesign.se\/en\/wp-json\/wp\/v2\/product\/1065873","targetHints":{"allow":["GET"]}}],"collection":[{"href":"https:\/\/stilanddesign.se\/en\/wp-json\/wp\/v2\/product"}],"about":[{"href":"https:\/\/stilanddesign.se\/en\/wp-json\/wp\/v2\/types\/product"}],"replies":[{"embeddable":true,"href":"https:\/\/stilanddesign.se\/en\/wp-json\/wp\/v2\/comments?post=1065873"}],"wp:featuredmedia":[{"embeddable":true,"href":"https:\/\/stilanddesign.se\/en\/wp-json\/wp\/v2\/media\/1065870"}],"wp:attachment":[{"href":"https:\/\/stilanddesign.se\/en\/wp-json\/wp\/v2\/media?parent=1065873"}],"wp:term":[{"taxonomy":"product_brand","embeddable":true,"href":"https:\/\/stilanddesign.se\/en\/wp-json\/wp\/v2\/product_brand?post=1065873"},{"taxonomy":"product_cat","embeddable":true,"href":"https:\/\/stilanddesign.se\/en\/wp-json\/wp\/v2\/product_cat?post=1065873"},{"taxonomy":"product_tag","embeddable":true,"href":"https:\/\/stilanddesign.se\/en\/wp-json\/wp\/v2\/product_tag?post=1065873"}],"curies":[{"name":"wp","href":"https:\/\/api.w.org\/{rel}","templated":true}]}}