{"id":1065867,"date":"2026-04-15T17:00:37","date_gmt":"2026-04-15T15:00:37","guid":{"rendered":"https:\/\/stilanddesign.se\/?post_type=product&#038;p=1065867"},"modified":"2026-04-15T17:01:28","modified_gmt":"2026-04-15T15:01:28","slug":"fint-kladspanne-i-gulddouble","status":"publish","type":"product","link":"https:\/\/stilanddesign.se\/en\/product\/fint-kladspanne-i-gulddouble\/","title":{"rendered":"Elegant double gold buckle \u2728\ud83d\udc9b"},"content":{"rendered":"<p data-start=\"0\" data-end=\"239\"><strong data-start=\"0\" data-end=\"35\">Elegant double gold buckle<\/strong> \u2728\ud83d\udc9b<br data-start=\"39\" data-end=\"42\" \/>A nice and stylish buckle that quickly gives a more figure-hugging and luxurious look! Perfect to use on a blouse that feels a little too big \u2013 or to decorate and shape a scarf in a stylish way \ud83d\ude0d\ud83e\udde3<\/p>\n<p data-start=\"241\" data-end=\"306\">The areas of application are many \u2013 <strong data-start=\"272\" data-end=\"304\">only imagination sets limits<\/strong> \u2728<\/p>\n<p data-start=\"308\" data-end=\"368\">\u2705 Color: gold double<br data-start=\"326\" data-end=\"329\" \/>\u2705 Perfect for blouses, dresses &amp; scarves<\/p>\n<p data-start=\"370\" data-end=\"420\" data-is-last-node=\"\" data-is-only-node=\"\"><strong data-start=\"370\" data-end=\"378\">NOTE!<\/strong> \ud83d\udeab No exchange or return rights on this.<\/p>","protected":false},"excerpt":{"rendered":"<p data-start=\"0\" data-end=\"239\"><strong data-start=\"0\" data-end=\"35\">Elegant double gold buckle<\/strong> \u2728\ud83d\udc9b<br data-start=\"39\" data-end=\"42\" \/>A nice and stylish buckle that quickly gives a more figure-hugging and luxurious look! Perfect to use on a blouse that feels a little too big \u2013 or to decorate and shape a scarf in a stylish way \ud83d\ude0d\ud83e\udde3<\/p>\n<p data-start=\"241\" data-end=\"306\">The areas of application are many \u2013 <strong data-start=\"272\" data-end=\"304\">only imagination sets limits<\/strong> \u2728<\/p>\n<p data-start=\"308\" data-end=\"368\">\u2705 Color: gold double<br data-start=\"326\" data-end=\"329\" \/>\u2705 Perfect for blouses, dresses &amp; scarves<\/p>\n<p data-start=\"370\" data-end=\"420\" data-is-last-node=\"\" data-is-only-node=\"\"><strong data-start=\"370\" data-end=\"378\">NOTE!<\/strong> \ud83d\udeab No exchange or return rights on this.<\/p>","protected":false},"featured_media":1065852,"comment_status":"closed","ping_status":"closed","template":"","meta":[],"product_brand":[],"product_cat":[217,231],"product_tag":[],"class_list":{"0":"post-1065867","1":"product","2":"type-product","3":"status-publish","4":"has-post-thumbnail","6":"product_cat-produktnyheter","7":"product_cat-smycken","9":"first","10":"instock","11":"taxable","12":"shipping-taxable","13":"purchasable","14":"product-type-variable"},"yoast_head":"<!-- This site is optimized with the Yoast SEO Premium plugin v27.1 (Yoast SEO v27.4) - https:\/\/yoast.com\/product\/yoast-seo-premium-wordpress\/ -->\n<title>Elegant kl\u00e4dsp\u00e4nne i gulddouble \u2728\ud83d\udc9b - Stil &amp; Design<\/title>\n<meta name=\"robots\" content=\"index, follow, max-snippet:-1, max-image-preview:large, max-video-preview:-1\" \/>\n<link rel=\"canonical\" href=\"https:\/\/stilanddesign.se\/en\/product\/fint-kladspanne-i-gulddouble\/\" \/>\n<meta property=\"og:locale\" content=\"en_US\" \/>\n<meta property=\"og:type\" content=\"article\" \/>\n<meta property=\"og:title\" content=\"Elegant kl\u00e4dsp\u00e4nne i gulddouble \u2728\ud83d\udc9b\" \/>\n<meta property=\"og:description\" content=\"Elegant kl\u00e4dsp\u00e4nne i gulddouble \u2728\ud83d\udc9bEtt fint och stilrent sp\u00e4nne som snabbt ger en mer figurn\u00e4ra och lyxig look! Perfekt att anv\u00e4nda p\u00e5 en blus som k\u00e4nns lite f\u00f6r stor \u2013 eller f\u00f6r att smycka och forma en scarf p\u00e5 ett snyggt s\u00e4tt \ud83d\ude0d\ud83e\udde3 Anv\u00e4ndningsomr\u00e5dena \u00e4r m\u00e5nga \u2013 bara fantasin s\u00e4tter gr\u00e4nser \u2728 \u2705 F\u00e4rg: gulddouble\u2705 Perfekt till blus, kl\u00e4nning &amp; scarf OBS! \ud83d\udeab Ingen bytes- eller returr\u00e4tt p\u00e5 detta.\" \/>\n<meta property=\"og:url\" content=\"https:\/\/stilanddesign.se\/en\/product\/fint-kladspanne-i-gulddouble\/\" \/>\n<meta property=\"og:site_name\" content=\"Stil &amp; Design\" \/>\n<meta property=\"article:modified_time\" content=\"2026-04-15T15:01:28+00:00\" \/>\n<meta name=\"twitter:card\" content=\"summary_large_image\" \/>\n<meta name=\"twitter:label1\" content=\"Est. reading time\" \/>\n\t<meta name=\"twitter:data1\" content=\"1 minute\" \/>\n<script type=\"application\/ld+json\" class=\"yoast-schema-graph\">{\"@context\":\"https:\\\/\\\/schema.org\",\"@graph\":[{\"@type\":\"WebPage\",\"@id\":\"https:\\\/\\\/stilanddesign.se\\\/produkt\\\/fint-kladspanne-i-gulddouble\\\/\",\"url\":\"https:\\\/\\\/stilanddesign.se\\\/produkt\\\/fint-kladspanne-i-gulddouble\\\/\",\"name\":\"Elegant kl\u00e4dsp\u00e4nne i gulddouble \u2728\ud83d\udc9b - Stil &amp; Design\",\"isPartOf\":{\"@id\":\"https:\\\/\\\/stilanddesign.se\\\/#website\"},\"primaryImageOfPage\":{\"@id\":\"https:\\\/\\\/stilanddesign.se\\\/produkt\\\/fint-kladspanne-i-gulddouble\\\/#primaryimage\"},\"image\":{\"@id\":\"https:\\\/\\\/stilanddesign.se\\\/produkt\\\/fint-kladspanne-i-gulddouble\\\/#primaryimage\"},\"thumbnailUrl\":\"https:\\\/\\\/stilanddesign.se\\\/wp-content\\\/uploads\\\/2026\\\/02\\\/88787655555.jpg\",\"datePublished\":\"2026-04-15T15:00:37+00:00\",\"dateModified\":\"2026-04-15T15:01:28+00:00\",\"breadcrumb\":{\"@id\":\"https:\\\/\\\/stilanddesign.se\\\/produkt\\\/fint-kladspanne-i-gulddouble\\\/#breadcrumb\"},\"inLanguage\":\"en-US\",\"potentialAction\":[{\"@type\":\"ReadAction\",\"target\":[\"https:\\\/\\\/stilanddesign.se\\\/produkt\\\/fint-kladspanne-i-gulddouble\\\/\"]}]},{\"@type\":\"ImageObject\",\"inLanguage\":\"en-US\",\"@id\":\"https:\\\/\\\/stilanddesign.se\\\/produkt\\\/fint-kladspanne-i-gulddouble\\\/#primaryimage\",\"url\":\"https:\\\/\\\/stilanddesign.se\\\/wp-content\\\/uploads\\\/2026\\\/02\\\/88787655555.jpg\",\"contentUrl\":\"https:\\\/\\\/stilanddesign.se\\\/wp-content\\\/uploads\\\/2026\\\/02\\\/88787655555.jpg\",\"width\":480,\"height\":640,\"caption\":\"Fint kl\u00e4dsp\u00e4nne i gulddouble\"},{\"@type\":\"BreadcrumbList\",\"@id\":\"https:\\\/\\\/stilanddesign.se\\\/produkt\\\/fint-kladspanne-i-gulddouble\\\/#breadcrumb\",\"itemListElement\":[{\"@type\":\"ListItem\",\"position\":1,\"name\":\"Hem\",\"item\":\"https:\\\/\\\/stilanddesign.se\\\/\"},{\"@type\":\"ListItem\",\"position\":2,\"name\":\"Butiken\",\"item\":\"https:\\\/\\\/stilanddesign.se\\\/butiken\\\/\"},{\"@type\":\"ListItem\",\"position\":3,\"name\":\"Elegant kl\u00e4dsp\u00e4nne i gulddouble \u2728\ud83d\udc9b\"}]},{\"@type\":\"WebSite\",\"@id\":\"https:\\\/\\\/stilanddesign.se\\\/#website\",\"url\":\"https:\\\/\\\/stilanddesign.se\\\/\",\"name\":\"Stil &amp; Design\",\"description\":\"F\u00f6r oss som \u00e4lskar mode!\",\"publisher\":{\"@id\":\"https:\\\/\\\/stilanddesign.se\\\/#organization\"},\"potentialAction\":[{\"@type\":\"SearchAction\",\"target\":{\"@type\":\"EntryPoint\",\"urlTemplate\":\"https:\\\/\\\/stilanddesign.se\\\/?s={search_term_string}\"},\"query-input\":{\"@type\":\"PropertyValueSpecification\",\"valueRequired\":true,\"valueName\":\"search_term_string\"}}],\"inLanguage\":\"en-US\"},{\"@type\":\"Organization\",\"@id\":\"https:\\\/\\\/stilanddesign.se\\\/#organization\",\"name\":\"Stil &amp; Design\",\"url\":\"https:\\\/\\\/stilanddesign.se\\\/\",\"logo\":{\"@type\":\"ImageObject\",\"inLanguage\":\"en-US\",\"@id\":\"https:\\\/\\\/stilanddesign.se\\\/#\\\/schema\\\/logo\\\/image\\\/\",\"url\":\"https:\\\/\\\/stilanddesign.se\\\/wp-content\\\/uploads\\\/2023\\\/12\\\/output-onlinepngtools-e1727784413220.png\",\"contentUrl\":\"https:\\\/\\\/stilanddesign.se\\\/wp-content\\\/uploads\\\/2023\\\/12\\\/output-onlinepngtools-e1727784413220.png\",\"width\":519,\"height\":135,\"caption\":\"Stil &amp; Design\"},\"image\":{\"@id\":\"https:\\\/\\\/stilanddesign.se\\\/#\\\/schema\\\/logo\\\/image\\\/\"}}]}<\/script>\n<!-- \/ Yoast SEO Premium plugin. -->","yoast_head_json":{"title":"Elegant kl\u00e4dsp\u00e4nne i gulddouble \u2728\ud83d\udc9b - Stil &amp; Design","robots":{"index":"index","follow":"follow","max-snippet":"max-snippet:-1","max-image-preview":"max-image-preview:large","max-video-preview":"max-video-preview:-1"},"canonical":"https:\/\/stilanddesign.se\/en\/product\/fint-kladspanne-i-gulddouble\/","og_locale":"en_US","og_type":"article","og_title":"Elegant kl\u00e4dsp\u00e4nne i gulddouble \u2728\ud83d\udc9b","og_description":"Elegant kl\u00e4dsp\u00e4nne i gulddouble \u2728\ud83d\udc9bEtt fint och stilrent sp\u00e4nne som snabbt ger en mer figurn\u00e4ra och lyxig look! Perfekt att anv\u00e4nda p\u00e5 en blus som k\u00e4nns lite f\u00f6r stor \u2013 eller f\u00f6r att smycka och forma en scarf p\u00e5 ett snyggt s\u00e4tt \ud83d\ude0d\ud83e\udde3 Anv\u00e4ndningsomr\u00e5dena \u00e4r m\u00e5nga \u2013 bara fantasin s\u00e4tter gr\u00e4nser \u2728 \u2705 F\u00e4rg: gulddouble\u2705 Perfekt till blus, kl\u00e4nning &amp; scarf OBS! \ud83d\udeab Ingen bytes- eller returr\u00e4tt p\u00e5 detta.","og_url":"https:\/\/stilanddesign.se\/en\/product\/fint-kladspanne-i-gulddouble\/","og_site_name":"Stil &amp; Design","article_modified_time":"2026-04-15T15:01:28+00:00","twitter_card":"summary_large_image","twitter_misc":{"Est. reading time":"1 minute"},"schema":{"@context":"https:\/\/schema.org","@graph":[{"@type":"WebPage","@id":"https:\/\/stilanddesign.se\/produkt\/fint-kladspanne-i-gulddouble\/","url":"https:\/\/stilanddesign.se\/produkt\/fint-kladspanne-i-gulddouble\/","name":"Elegant kl\u00e4dsp\u00e4nne i gulddouble \u2728\ud83d\udc9b - Stil &amp; Design","isPartOf":{"@id":"https:\/\/stilanddesign.se\/#website"},"primaryImageOfPage":{"@id":"https:\/\/stilanddesign.se\/produkt\/fint-kladspanne-i-gulddouble\/#primaryimage"},"image":{"@id":"https:\/\/stilanddesign.se\/produkt\/fint-kladspanne-i-gulddouble\/#primaryimage"},"thumbnailUrl":"https:\/\/stilanddesign.se\/wp-content\/uploads\/2026\/02\/88787655555.jpg","datePublished":"2026-04-15T15:00:37+00:00","dateModified":"2026-04-15T15:01:28+00:00","breadcrumb":{"@id":"https:\/\/stilanddesign.se\/produkt\/fint-kladspanne-i-gulddouble\/#breadcrumb"},"inLanguage":"en-US","potentialAction":[{"@type":"ReadAction","target":["https:\/\/stilanddesign.se\/produkt\/fint-kladspanne-i-gulddouble\/"]}]},{"@type":"ImageObject","inLanguage":"en-US","@id":"https:\/\/stilanddesign.se\/produkt\/fint-kladspanne-i-gulddouble\/#primaryimage","url":"https:\/\/stilanddesign.se\/wp-content\/uploads\/2026\/02\/88787655555.jpg","contentUrl":"https:\/\/stilanddesign.se\/wp-content\/uploads\/2026\/02\/88787655555.jpg","width":480,"height":640,"caption":"Fint kl\u00e4dsp\u00e4nne i gulddouble"},{"@type":"BreadcrumbList","@id":"https:\/\/stilanddesign.se\/produkt\/fint-kladspanne-i-gulddouble\/#breadcrumb","itemListElement":[{"@type":"ListItem","position":1,"name":"Hem","item":"https:\/\/stilanddesign.se\/"},{"@type":"ListItem","position":2,"name":"Butiken","item":"https:\/\/stilanddesign.se\/butiken\/"},{"@type":"ListItem","position":3,"name":"Elegant kl\u00e4dsp\u00e4nne i gulddouble \u2728\ud83d\udc9b"}]},{"@type":"WebSite","@id":"https:\/\/stilanddesign.se\/#website","url":"https:\/\/stilanddesign.se\/","name":"Style &amp; Design","description":"For those of us who love fashion!","publisher":{"@id":"https:\/\/stilanddesign.se\/#organization"},"potentialAction":[{"@type":"SearchAction","target":{"@type":"EntryPoint","urlTemplate":"https:\/\/stilanddesign.se\/?s={search_term_string}"},"query-input":{"@type":"PropertyValueSpecification","valueRequired":true,"valueName":"search_term_string"}}],"inLanguage":"en-US"},{"@type":"Organization","@id":"https:\/\/stilanddesign.se\/#organization","name":"Style &amp; Design","url":"https:\/\/stilanddesign.se\/","logo":{"@type":"ImageObject","inLanguage":"en-US","@id":"https:\/\/stilanddesign.se\/#\/schema\/logo\/image\/","url":"https:\/\/stilanddesign.se\/wp-content\/uploads\/2023\/12\/output-onlinepngtools-e1727784413220.png","contentUrl":"https:\/\/stilanddesign.se\/wp-content\/uploads\/2023\/12\/output-onlinepngtools-e1727784413220.png","width":519,"height":135,"caption":"Stil &amp; Design"},"image":{"@id":"https:\/\/stilanddesign.se\/#\/schema\/logo\/image\/"}}]}},"_links":{"self":[{"href":"https:\/\/stilanddesign.se\/en\/wp-json\/wp\/v2\/product\/1065867","targetHints":{"allow":["GET"]}}],"collection":[{"href":"https:\/\/stilanddesign.se\/en\/wp-json\/wp\/v2\/product"}],"about":[{"href":"https:\/\/stilanddesign.se\/en\/wp-json\/wp\/v2\/types\/product"}],"replies":[{"embeddable":true,"href":"https:\/\/stilanddesign.se\/en\/wp-json\/wp\/v2\/comments?post=1065867"}],"wp:featuredmedia":[{"embeddable":true,"href":"https:\/\/stilanddesign.se\/en\/wp-json\/wp\/v2\/media\/1065852"}],"wp:attachment":[{"href":"https:\/\/stilanddesign.se\/en\/wp-json\/wp\/v2\/media?parent=1065867"}],"wp:term":[{"taxonomy":"product_brand","embeddable":true,"href":"https:\/\/stilanddesign.se\/en\/wp-json\/wp\/v2\/product_brand?post=1065867"},{"taxonomy":"product_cat","embeddable":true,"href":"https:\/\/stilanddesign.se\/en\/wp-json\/wp\/v2\/product_cat?post=1065867"},{"taxonomy":"product_tag","embeddable":true,"href":"https:\/\/stilanddesign.se\/en\/wp-json\/wp\/v2\/product_tag?post=1065867"}],"curies":[{"name":"wp","href":"https:\/\/api.w.org\/{rel}","templated":true}]}}