{"id":1065819,"date":"2026-04-14T14:16:50","date_gmt":"2026-04-14T12:16:50","guid":{"rendered":"https:\/\/stilanddesign.se\/?post_type=product&#038;p=1065819"},"modified":"2026-04-14T14:17:02","modified_gmt":"2026-04-14T12:17:02","slug":"elegant-kladbrosch-perfekt-detalj-till-dina-knappar-i-ljusbla-blommahollie","status":"publish","type":"product","link":"https:\/\/stilanddesign.se\/en\/product\/elegant-kladbrosch-perfekt-detalj-till-dina-knappar-i-ljusbla-blommahollie\/","title":{"rendered":"Elegant clothing brooch - perfect detail for your buttons in light blue flower (HOLLIE)"},"content":{"rendered":"<p data-start=\"71\" data-end=\"137\">\u2728 <strong data-start=\"73\" data-end=\"133\">Elegant clothing brooches \u2013 the perfect detail for your buttons<\/strong> \u2728<\/p>\n<p data-start=\"139\" data-end=\"326\">Give your outfit a luxurious lift in seconds \ud83d\udcab These beautiful <strong data-start=\"203\" data-end=\"243\">Clothing brooches are easily attached to buttons<\/strong> and transforms jackets, blazers, cardigans or blouses into something truly special \ud83e\udd0d<\/p>\n<p data-start=\"328\" data-end=\"501\">\ud83d\udc8e <strong data-start=\"331\" data-end=\"369\">Choose between two stylish models<\/strong><br data-start=\"369\" data-end=\"372\" \/>\u2022 Romantic flower in light blue \u2013 timeless and elegant \ud83d\udc95<br data-start=\"435\" data-end=\"438\" \/>\u2022 Sparkling <strong data-start=\"451\" data-end=\"481\">flowers with a crystal feel<\/strong> \u2013 maximum glamour \u2728<\/p>\n<p data-start=\"503\" data-end=\"648\">\ud83c\udf1f Perfect for:<br data-start=\"523\" data-end=\"526\" \/>\u2714 Renew a garment you already love<br data-start=\"560\" data-end=\"563\" \/>\u2714 Hide a worn button in a stylish way<br data-start=\"605\" data-end=\"608\" \/>\u2714 Create a personal and exclusive look<\/p>\n<p data-start=\"650\" data-end=\"725\">\ud83d\udd12 Stays in place \u2013 easy to put on and take off<br data-start=\"692\" data-end=\"695\" \/>\ud83c\udf81 Also perfect as a gift<\/p>\n<p data-start=\"727\" data-end=\"800\" data-is-last-node=\"\" data-is-only-node=\"\">A small detail that makes <strong data-start=\"751\" data-end=\"768\">big difference<\/strong> \ud83d\udc96<br data-start=\"771\" data-end=\"774\" \/>Must see in real life \u2728<\/p>\n<p data-start=\"727\" data-end=\"800\" data-is-last-node=\"\" data-is-only-node=\"\">NOTE: NO EXCHANGES, NO RETURNS on these<\/p>","protected":false},"excerpt":{"rendered":"<p data-start=\"71\" data-end=\"137\">\u2728 <strong data-start=\"73\" data-end=\"133\">Elegant clothing brooches \u2013 the perfect detail for your buttons<\/strong> \u2728<\/p>\n<p data-start=\"139\" data-end=\"326\">Give your outfit a luxurious lift in seconds \ud83d\udcab These beautiful <strong data-start=\"203\" data-end=\"243\">Clothing brooches are easily attached to buttons<\/strong> and transforms jackets, blazers, cardigans or blouses into something truly special \ud83e\udd0d<\/p>\n<p data-start=\"328\" data-end=\"501\">\ud83d\udc8e <strong data-start=\"331\" data-end=\"369\">Choose between two stylish models<\/strong><br data-start=\"369\" data-end=\"372\" \/>\u2022 Romantic flower in light blue \u2013 timeless and elegant \ud83d\udc95<br data-start=\"435\" data-end=\"438\" \/>\u2022 Sparkling <strong data-start=\"451\" data-end=\"481\">flowers with a crystal feel<\/strong> \u2013 maximum glamour \u2728<\/p>\n<p data-start=\"503\" data-end=\"648\">\ud83c\udf1f Perfect for:<br data-start=\"523\" data-end=\"526\" \/>\u2714 Renew a garment you already love<br data-start=\"560\" data-end=\"563\" \/>\u2714 Hide a worn button in a stylish way<br data-start=\"605\" data-end=\"608\" \/>\u2714 Create a personal and exclusive look<\/p>\n<p data-start=\"650\" data-end=\"725\">\ud83d\udd12 Stays in place \u2013 easy to put on and take off<br data-start=\"692\" data-end=\"695\" \/>\ud83c\udf81 Also perfect as a gift<\/p>\n<p data-start=\"727\" data-end=\"800\" data-is-last-node=\"\" data-is-only-node=\"\">A small detail that makes <strong data-start=\"751\" data-end=\"768\">big difference<\/strong> \ud83d\udc96<br data-start=\"771\" data-end=\"774\" \/>Must see in real life \u2728<\/p>\n<p data-start=\"727\" data-end=\"800\" data-is-last-node=\"\" data-is-only-node=\"\">NOTE: NO EXCHANGES, NO RETURNS on these<\/p>","protected":false},"featured_media":1065818,"comment_status":"closed","ping_status":"closed","template":"","meta":[],"product_brand":[],"product_cat":[217,231],"product_tag":[],"class_list":{"0":"post-1065819","1":"product","2":"type-product","3":"status-publish","4":"has-post-thumbnail","6":"product_cat-produktnyheter","7":"product_cat-smycken","9":"first","10":"instock","11":"taxable","12":"shipping-taxable","13":"purchasable","14":"product-type-variable"},"yoast_head":"<!-- This site is optimized with the Yoast SEO Premium plugin v27.1 (Yoast SEO v27.4) - https:\/\/yoast.com\/product\/yoast-seo-premium-wordpress\/ -->\n<title>Elegant kl\u00e4dbrosch-perfekt detalj till dina knappar i ljusbl\u00e5 blomma(HOLLIE) - Stil &amp; Design<\/title>\n<meta name=\"robots\" content=\"index, follow, max-snippet:-1, max-image-preview:large, max-video-preview:-1\" \/>\n<link rel=\"canonical\" href=\"https:\/\/stilanddesign.se\/en\/product\/elegant-kladbrosch-perfekt-detalj-till-dina-knappar-i-ljusbla-blommahollie\/\" \/>\n<meta property=\"og:locale\" content=\"en_US\" \/>\n<meta property=\"og:type\" content=\"article\" \/>\n<meta property=\"og:title\" content=\"Elegant kl\u00e4dbrosch-perfekt detalj till dina knappar i ljusbl\u00e5 blomma(HOLLIE)\" \/>\n<meta property=\"og:description\" content=\"\u2728 Eleganta kl\u00e4dbroscher \u2013 perfekt detalj till dina knappar \u2728 Ge din outfit ett lyxigt lyft p\u00e5 n\u00e5gra sekunder \ud83d\udcab Dessa vackra kl\u00e4dbroscher f\u00e4sts enkelt p\u00e5 knappar och f\u00f6rvandlar jackor, kavajer, koftor eller blusar till n\u00e5got alldeles extra \ud83e\udd0d \ud83d\udc8e V\u00e4lj mellan tv\u00e5 stilfulla modeller\u2022 Romantisk blomma i ljusbl\u00e5tt\u2013 tidl\u00f6st och elegant \ud83d\udc95\u2022 Glittrande blommor med kristallk\u00e4nsla \u2013 maxad glamour \u2728 \ud83c\udf1f Perfekta f\u00f6r att:\u2714 F\u00f6rnya ett plagg du redan \u00e4lskar\u2714 D\u00f6lja en sliten knapp p\u00e5 ett snyggt s\u00e4tt\u2714 Skapa en personlig och exklusiv look \ud83d\udd12 Sitter stadigt \u2013 enkla att ta av och p\u00e5\ud83c\udf81 \u00c4ven perfekta som present En liten detalj som g\u00f6r stor skillnad \ud83d\udc96M\u00e5ste ses i verkligheten \u2728 OBS EJ BYTE,RETURR\u00c4TT p\u00e5 dessa\" \/>\n<meta property=\"og:url\" content=\"https:\/\/stilanddesign.se\/en\/product\/elegant-kladbrosch-perfekt-detalj-till-dina-knappar-i-ljusbla-blommahollie\/\" \/>\n<meta property=\"og:site_name\" content=\"Stil &amp; Design\" \/>\n<meta property=\"article:modified_time\" content=\"2026-04-14T12:17:02+00:00\" \/>\n<meta name=\"twitter:card\" content=\"summary_large_image\" \/>\n<meta name=\"twitter:label1\" content=\"Est. reading time\" \/>\n\t<meta name=\"twitter:data1\" content=\"1 minute\" \/>\n<script type=\"application\/ld+json\" class=\"yoast-schema-graph\">{\"@context\":\"https:\\\/\\\/schema.org\",\"@graph\":[{\"@type\":\"WebPage\",\"@id\":\"https:\\\/\\\/stilanddesign.se\\\/produkt\\\/elegant-kladbrosch-perfekt-detalj-till-dina-knappar-i-ljusbla-blommahollie\\\/\",\"url\":\"https:\\\/\\\/stilanddesign.se\\\/produkt\\\/elegant-kladbrosch-perfekt-detalj-till-dina-knappar-i-ljusbla-blommahollie\\\/\",\"name\":\"Elegant kl\u00e4dbrosch-perfekt detalj till dina knappar i ljusbl\u00e5 blomma(HOLLIE) - Stil &amp; Design\",\"isPartOf\":{\"@id\":\"https:\\\/\\\/stilanddesign.se\\\/#website\"},\"primaryImageOfPage\":{\"@id\":\"https:\\\/\\\/stilanddesign.se\\\/produkt\\\/elegant-kladbrosch-perfekt-detalj-till-dina-knappar-i-ljusbla-blommahollie\\\/#primaryimage\"},\"image\":{\"@id\":\"https:\\\/\\\/stilanddesign.se\\\/produkt\\\/elegant-kladbrosch-perfekt-detalj-till-dina-knappar-i-ljusbla-blommahollie\\\/#primaryimage\"},\"thumbnailUrl\":\"https:\\\/\\\/stilanddesign.se\\\/wp-content\\\/uploads\\\/2026\\\/02\\\/556545433333333333.jpg\",\"datePublished\":\"2026-04-14T12:16:50+00:00\",\"dateModified\":\"2026-04-14T12:17:02+00:00\",\"breadcrumb\":{\"@id\":\"https:\\\/\\\/stilanddesign.se\\\/produkt\\\/elegant-kladbrosch-perfekt-detalj-till-dina-knappar-i-ljusbla-blommahollie\\\/#breadcrumb\"},\"inLanguage\":\"en-US\",\"potentialAction\":[{\"@type\":\"ReadAction\",\"target\":[\"https:\\\/\\\/stilanddesign.se\\\/produkt\\\/elegant-kladbrosch-perfekt-detalj-till-dina-knappar-i-ljusbla-blommahollie\\\/\"]}]},{\"@type\":\"ImageObject\",\"inLanguage\":\"en-US\",\"@id\":\"https:\\\/\\\/stilanddesign.se\\\/produkt\\\/elegant-kladbrosch-perfekt-detalj-till-dina-knappar-i-ljusbla-blommahollie\\\/#primaryimage\",\"url\":\"https:\\\/\\\/stilanddesign.se\\\/wp-content\\\/uploads\\\/2026\\\/02\\\/556545433333333333.jpg\",\"contentUrl\":\"https:\\\/\\\/stilanddesign.se\\\/wp-content\\\/uploads\\\/2026\\\/02\\\/556545433333333333.jpg\",\"width\":480,\"height\":640,\"caption\":\"Kl\u00e4dbrosch ljusbl\u00e5 blomma\"},{\"@type\":\"BreadcrumbList\",\"@id\":\"https:\\\/\\\/stilanddesign.se\\\/produkt\\\/elegant-kladbrosch-perfekt-detalj-till-dina-knappar-i-ljusbla-blommahollie\\\/#breadcrumb\",\"itemListElement\":[{\"@type\":\"ListItem\",\"position\":1,\"name\":\"Hem\",\"item\":\"https:\\\/\\\/stilanddesign.se\\\/\"},{\"@type\":\"ListItem\",\"position\":2,\"name\":\"Butiken\",\"item\":\"https:\\\/\\\/stilanddesign.se\\\/butiken\\\/\"},{\"@type\":\"ListItem\",\"position\":3,\"name\":\"Elegant kl\u00e4dbrosch-perfekt detalj till dina knappar i ljusbl\u00e5 blomma(HOLLIE)\"}]},{\"@type\":\"WebSite\",\"@id\":\"https:\\\/\\\/stilanddesign.se\\\/#website\",\"url\":\"https:\\\/\\\/stilanddesign.se\\\/\",\"name\":\"Stil &amp; Design\",\"description\":\"F\u00f6r oss som \u00e4lskar mode!\",\"publisher\":{\"@id\":\"https:\\\/\\\/stilanddesign.se\\\/#organization\"},\"potentialAction\":[{\"@type\":\"SearchAction\",\"target\":{\"@type\":\"EntryPoint\",\"urlTemplate\":\"https:\\\/\\\/stilanddesign.se\\\/?s={search_term_string}\"},\"query-input\":{\"@type\":\"PropertyValueSpecification\",\"valueRequired\":true,\"valueName\":\"search_term_string\"}}],\"inLanguage\":\"en-US\"},{\"@type\":\"Organization\",\"@id\":\"https:\\\/\\\/stilanddesign.se\\\/#organization\",\"name\":\"Stil &amp; Design\",\"url\":\"https:\\\/\\\/stilanddesign.se\\\/\",\"logo\":{\"@type\":\"ImageObject\",\"inLanguage\":\"en-US\",\"@id\":\"https:\\\/\\\/stilanddesign.se\\\/#\\\/schema\\\/logo\\\/image\\\/\",\"url\":\"https:\\\/\\\/stilanddesign.se\\\/wp-content\\\/uploads\\\/2023\\\/12\\\/output-onlinepngtools-e1727784413220.png\",\"contentUrl\":\"https:\\\/\\\/stilanddesign.se\\\/wp-content\\\/uploads\\\/2023\\\/12\\\/output-onlinepngtools-e1727784413220.png\",\"width\":519,\"height\":135,\"caption\":\"Stil &amp; Design\"},\"image\":{\"@id\":\"https:\\\/\\\/stilanddesign.se\\\/#\\\/schema\\\/logo\\\/image\\\/\"}}]}<\/script>\n<!-- \/ Yoast SEO Premium plugin. -->","yoast_head_json":{"title":"Elegant kl\u00e4dbrosch-perfekt detalj till dina knappar i ljusbl\u00e5 blomma(HOLLIE) - Stil &amp; Design","robots":{"index":"index","follow":"follow","max-snippet":"max-snippet:-1","max-image-preview":"max-image-preview:large","max-video-preview":"max-video-preview:-1"},"canonical":"https:\/\/stilanddesign.se\/en\/product\/elegant-kladbrosch-perfekt-detalj-till-dina-knappar-i-ljusbla-blommahollie\/","og_locale":"en_US","og_type":"article","og_title":"Elegant kl\u00e4dbrosch-perfekt detalj till dina knappar i ljusbl\u00e5 blomma(HOLLIE)","og_description":"\u2728 Eleganta kl\u00e4dbroscher \u2013 perfekt detalj till dina knappar \u2728 Ge din outfit ett lyxigt lyft p\u00e5 n\u00e5gra sekunder \ud83d\udcab Dessa vackra kl\u00e4dbroscher f\u00e4sts enkelt p\u00e5 knappar och f\u00f6rvandlar jackor, kavajer, koftor eller blusar till n\u00e5got alldeles extra \ud83e\udd0d \ud83d\udc8e V\u00e4lj mellan tv\u00e5 stilfulla modeller\u2022 Romantisk blomma i ljusbl\u00e5tt\u2013 tidl\u00f6st och elegant \ud83d\udc95\u2022 Glittrande blommor med kristallk\u00e4nsla \u2013 maxad glamour \u2728 \ud83c\udf1f Perfekta f\u00f6r att:\u2714 F\u00f6rnya ett plagg du redan \u00e4lskar\u2714 D\u00f6lja en sliten knapp p\u00e5 ett snyggt s\u00e4tt\u2714 Skapa en personlig och exklusiv look \ud83d\udd12 Sitter stadigt \u2013 enkla att ta av och p\u00e5\ud83c\udf81 \u00c4ven perfekta som present En liten detalj som g\u00f6r stor skillnad \ud83d\udc96M\u00e5ste ses i verkligheten \u2728 OBS EJ BYTE,RETURR\u00c4TT p\u00e5 dessa","og_url":"https:\/\/stilanddesign.se\/en\/product\/elegant-kladbrosch-perfekt-detalj-till-dina-knappar-i-ljusbla-blommahollie\/","og_site_name":"Stil &amp; Design","article_modified_time":"2026-04-14T12:17:02+00:00","twitter_card":"summary_large_image","twitter_misc":{"Est. reading time":"1 minute"},"schema":{"@context":"https:\/\/schema.org","@graph":[{"@type":"WebPage","@id":"https:\/\/stilanddesign.se\/produkt\/elegant-kladbrosch-perfekt-detalj-till-dina-knappar-i-ljusbla-blommahollie\/","url":"https:\/\/stilanddesign.se\/produkt\/elegant-kladbrosch-perfekt-detalj-till-dina-knappar-i-ljusbla-blommahollie\/","name":"Elegant kl\u00e4dbrosch-perfekt detalj till dina knappar i ljusbl\u00e5 blomma(HOLLIE) - Stil &amp; Design","isPartOf":{"@id":"https:\/\/stilanddesign.se\/#website"},"primaryImageOfPage":{"@id":"https:\/\/stilanddesign.se\/produkt\/elegant-kladbrosch-perfekt-detalj-till-dina-knappar-i-ljusbla-blommahollie\/#primaryimage"},"image":{"@id":"https:\/\/stilanddesign.se\/produkt\/elegant-kladbrosch-perfekt-detalj-till-dina-knappar-i-ljusbla-blommahollie\/#primaryimage"},"thumbnailUrl":"https:\/\/stilanddesign.se\/wp-content\/uploads\/2026\/02\/556545433333333333.jpg","datePublished":"2026-04-14T12:16:50+00:00","dateModified":"2026-04-14T12:17:02+00:00","breadcrumb":{"@id":"https:\/\/stilanddesign.se\/produkt\/elegant-kladbrosch-perfekt-detalj-till-dina-knappar-i-ljusbla-blommahollie\/#breadcrumb"},"inLanguage":"en-US","potentialAction":[{"@type":"ReadAction","target":["https:\/\/stilanddesign.se\/produkt\/elegant-kladbrosch-perfekt-detalj-till-dina-knappar-i-ljusbla-blommahollie\/"]}]},{"@type":"ImageObject","inLanguage":"en-US","@id":"https:\/\/stilanddesign.se\/produkt\/elegant-kladbrosch-perfekt-detalj-till-dina-knappar-i-ljusbla-blommahollie\/#primaryimage","url":"https:\/\/stilanddesign.se\/wp-content\/uploads\/2026\/02\/556545433333333333.jpg","contentUrl":"https:\/\/stilanddesign.se\/wp-content\/uploads\/2026\/02\/556545433333333333.jpg","width":480,"height":640,"caption":"Kl\u00e4dbrosch ljusbl\u00e5 blomma"},{"@type":"BreadcrumbList","@id":"https:\/\/stilanddesign.se\/produkt\/elegant-kladbrosch-perfekt-detalj-till-dina-knappar-i-ljusbla-blommahollie\/#breadcrumb","itemListElement":[{"@type":"ListItem","position":1,"name":"Hem","item":"https:\/\/stilanddesign.se\/"},{"@type":"ListItem","position":2,"name":"Butiken","item":"https:\/\/stilanddesign.se\/butiken\/"},{"@type":"ListItem","position":3,"name":"Elegant kl\u00e4dbrosch-perfekt detalj till dina knappar i ljusbl\u00e5 blomma(HOLLIE)"}]},{"@type":"WebSite","@id":"https:\/\/stilanddesign.se\/#website","url":"https:\/\/stilanddesign.se\/","name":"Style &amp; Design","description":"For those of us who love fashion!","publisher":{"@id":"https:\/\/stilanddesign.se\/#organization"},"potentialAction":[{"@type":"SearchAction","target":{"@type":"EntryPoint","urlTemplate":"https:\/\/stilanddesign.se\/?s={search_term_string}"},"query-input":{"@type":"PropertyValueSpecification","valueRequired":true,"valueName":"search_term_string"}}],"inLanguage":"en-US"},{"@type":"Organization","@id":"https:\/\/stilanddesign.se\/#organization","name":"Style &amp; Design","url":"https:\/\/stilanddesign.se\/","logo":{"@type":"ImageObject","inLanguage":"en-US","@id":"https:\/\/stilanddesign.se\/#\/schema\/logo\/image\/","url":"https:\/\/stilanddesign.se\/wp-content\/uploads\/2023\/12\/output-onlinepngtools-e1727784413220.png","contentUrl":"https:\/\/stilanddesign.se\/wp-content\/uploads\/2023\/12\/output-onlinepngtools-e1727784413220.png","width":519,"height":135,"caption":"Stil &amp; Design"},"image":{"@id":"https:\/\/stilanddesign.se\/#\/schema\/logo\/image\/"}}]}},"_links":{"self":[{"href":"https:\/\/stilanddesign.se\/en\/wp-json\/wp\/v2\/product\/1065819","targetHints":{"allow":["GET"]}}],"collection":[{"href":"https:\/\/stilanddesign.se\/en\/wp-json\/wp\/v2\/product"}],"about":[{"href":"https:\/\/stilanddesign.se\/en\/wp-json\/wp\/v2\/types\/product"}],"replies":[{"embeddable":true,"href":"https:\/\/stilanddesign.se\/en\/wp-json\/wp\/v2\/comments?post=1065819"}],"wp:featuredmedia":[{"embeddable":true,"href":"https:\/\/stilanddesign.se\/en\/wp-json\/wp\/v2\/media\/1065818"}],"wp:attachment":[{"href":"https:\/\/stilanddesign.se\/en\/wp-json\/wp\/v2\/media?parent=1065819"}],"wp:term":[{"taxonomy":"product_brand","embeddable":true,"href":"https:\/\/stilanddesign.se\/en\/wp-json\/wp\/v2\/product_brand?post=1065819"},{"taxonomy":"product_cat","embeddable":true,"href":"https:\/\/stilanddesign.se\/en\/wp-json\/wp\/v2\/product_cat?post=1065819"},{"taxonomy":"product_tag","embeddable":true,"href":"https:\/\/stilanddesign.se\/en\/wp-json\/wp\/v2\/product_tag?post=1065819"}],"curies":[{"name":"wp","href":"https:\/\/api.w.org\/{rel}","templated":true}]}}