{"id":1065765,"date":"2026-02-28T10:54:54","date_gmt":"2026-02-28T09:54:54","guid":{"rendered":"https:\/\/stilanddesign.se\/?post_type=product&#038;p=1065765"},"modified":"2026-03-28T10:42:04","modified_gmt":"2026-03-28T09:42:04","slug":"fin-sot-blus-i-ljusrosa-med-volanger","status":"publish","type":"product","link":"https:\/\/stilanddesign.se\/en\/product\/fin-sot-blus-i-ljusrosa-med-volanger\/","title":{"rendered":"Sheer ruffle blouse in light pink \ud83d\udc97\u2728"},"content":{"rendered":"<p data-start=\"0\" data-end=\"194\"><strong data-start=\"0\" data-end=\"30\">Sheer ruffle blouse in light pink<\/strong> \ud83d\udc97\u2728<br data-start=\"34\" data-end=\"37\" \/>A cute and romantic blouse in sheer quality with lots of nice ruffle details \ud83d\ude0d The blouse has <strong data-start=\"127\" data-end=\"148\">neck tie<\/strong> which ties at the back of the neck for an elegant look \ud83c\udf80<\/p>\n<p data-start=\"196\" data-end=\"397\">Small ruffles adorn the front and continue onto the sleeves, and the blouse has a hem. <strong data-start=\"276\" data-end=\"295\">ruffles all around<\/strong> which gives a nice fit and an extra feminine feel \ud83d\udcab Long sleeve that ends with <strong data-start=\"375\" data-end=\"396\">1 button at cuff<\/strong>.<\/p>\n<p data-start=\"399\" data-end=\"536\">\u2705 Tie at the neck (tie at the back) \ud83c\udf80<br data-start=\"433\" data-end=\"436\" \/>\u2705 Ruffles at the front, on the sleeves &amp; around the bottom<br data-start=\"480\" data-end=\"483\" \/>\u2705 Long sleeves with button cuffs<br data-start=\"513\" data-end=\"516\" \/>\u2705 Normal in size<\/p>\n<p data-start=\"538\" data-end=\"585\">\ud83d\udc57 <strong data-start=\"541\" data-end=\"560\">Jessica wears S\/M<\/strong><br data-start=\"560\" data-end=\"563\" \/>\ud83d\udc57 <strong data-start=\"566\" data-end=\"583\">Helen wears M\/L<\/strong><\/p>\n<p data-start=\"587\" data-end=\"641\" data-is-last-node=\"\" data-is-only-node=\"\"><strong data-start=\"587\" data-end=\"600\">Material:<\/strong> 100% polyester \ud83e\uddf5<br data-start=\"618\" data-end=\"621\" \/><strong data-start=\"621\" data-end=\"634\">Washing instructions:<\/strong> 30\u00b0 \ud83e\uddfa<\/p>\n<p>&nbsp;<\/p>\n<p>&nbsp;<\/p>","protected":false},"excerpt":{"rendered":"<p data-start=\"0\" data-end=\"194\"><strong data-start=\"0\" data-end=\"30\">Sheer ruffle blouse in light pink<\/strong> \ud83d\udc97\u2728<br data-start=\"34\" data-end=\"37\" \/>A cute and romantic blouse in sheer quality with lots of nice ruffle details \ud83d\ude0d The blouse has <strong data-start=\"127\" data-end=\"148\">neck tie<\/strong> which ties at the back of the neck for an elegant look \ud83c\udf80<\/p>\n<p data-start=\"196\" data-end=\"397\">Small ruffles adorn the front and continue onto the sleeves, and the blouse has a hem. <strong data-start=\"276\" data-end=\"295\">ruffles all around<\/strong> which gives a nice fit and an extra feminine feel \ud83d\udcab Long sleeve that ends with <strong data-start=\"375\" data-end=\"396\">1 button at cuff<\/strong>.<\/p>\n<p data-start=\"399\" data-end=\"536\">\u2705 Tie at the neck (tie at the back) \ud83c\udf80<br data-start=\"433\" data-end=\"436\" \/>\u2705 Ruffles at the front, on the sleeves &amp; around the bottom<br data-start=\"480\" data-end=\"483\" \/>\u2705 Long sleeves with button cuffs<br data-start=\"513\" data-end=\"516\" \/>\u2705 Normal in size<\/p>\n<p data-start=\"538\" data-end=\"585\">\ud83d\udc57 <strong data-start=\"541\" data-end=\"560\">Jessica wears S\/M<\/strong><br data-start=\"560\" data-end=\"563\" \/>\ud83d\udc57 <strong data-start=\"566\" data-end=\"583\">Helen wears M\/L<\/strong><\/p>\n<p data-start=\"587\" data-end=\"641\" data-is-last-node=\"\" data-is-only-node=\"\"><strong data-start=\"587\" data-end=\"600\">Material:<\/strong> 100% polyester \ud83e\uddf5<br data-start=\"618\" data-end=\"621\" \/><strong data-start=\"621\" data-end=\"634\">Washing instructions:<\/strong> 30\u00b0 \ud83e\uddfa<\/p>","protected":false},"featured_media":1065762,"comment_status":"closed","ping_status":"closed","template":"","meta":[],"product_brand":[],"product_cat":[211],"product_tag":[],"class_list":{"0":"post-1065765","1":"product","2":"type-product","3":"status-publish","4":"has-post-thumbnail","6":"product_cat-blusar","8":"first","9":"instock","10":"taxable","11":"shipping-taxable","12":"purchasable","13":"product-type-variable"},"yoast_head":"<!-- This site is optimized with the Yoast SEO Premium plugin v27.1 (Yoast SEO v27.4) - https:\/\/yoast.com\/product\/yoast-seo-premium-wordpress\/ -->\n<title>Skir volangblus i ljusrosa \ud83d\udc97\u2728 - Stil &amp; Design<\/title>\n<meta name=\"robots\" content=\"index, follow, max-snippet:-1, max-image-preview:large, max-video-preview:-1\" \/>\n<link rel=\"canonical\" href=\"https:\/\/stilanddesign.se\/en\/product\/fin-sot-blus-i-ljusrosa-med-volanger\/\" \/>\n<meta property=\"og:locale\" content=\"en_US\" \/>\n<meta property=\"og:type\" content=\"article\" \/>\n<meta property=\"og:title\" content=\"Skir volangblus i ljusrosa \ud83d\udc97\u2728\" \/>\n<meta property=\"og:description\" content=\"Skir volangblus i ljusrosa \ud83d\udc97\u2728En s\u00f6t och romantisk blus i skir kvalitet med massor av fina volangdetaljer \ud83d\ude0d Blusen har knytband i halsen som knyts bak i nacken f\u00f6r en elegant look \ud83c\udf80 Sm\u00e5 volanger pryder framtill och forts\u00e4tter ut p\u00e5 \u00e4rmen, och nertill har blusen volanger runtom som ger ett fint fall och en extra feminin k\u00e4nsla \ud83d\udcab L\u00e5ng \u00e4rm som avslutas med 1 knapp i \u00e4rmslut. \u2705 Knytband i halsen (knyts bak) \ud83c\udf80\u2705 Volanger framtill, p\u00e5 \u00e4rm &amp; runt nederkant\u2705 L\u00e5ng \u00e4rm med knapp i \u00e4rmslut\u2705 Normal i storlek \ud83d\udc57 Jessica b\u00e4r S\/M\ud83d\udc57 Helen b\u00e4r M\/L Material: 100% polyester \ud83e\uddf5Tv\u00e4ttr\u00e5d: 30\u00b0 \ud83e\uddfa\" \/>\n<meta property=\"og:url\" content=\"https:\/\/stilanddesign.se\/en\/product\/fin-sot-blus-i-ljusrosa-med-volanger\/\" \/>\n<meta property=\"og:site_name\" content=\"Stil &amp; Design\" \/>\n<meta property=\"article:modified_time\" content=\"2026-03-28T09:42:04+00:00\" \/>\n<meta property=\"og:image\" content=\"https:\/\/stilanddesign.se\/wp-content\/uploads\/2026\/02\/66565432333333333.png\" \/>\n\t<meta property=\"og:image:width\" content=\"427\" \/>\n\t<meta property=\"og:image:height\" content=\"640\" \/>\n\t<meta property=\"og:image:type\" content=\"image\/png\" \/>\n<meta name=\"twitter:card\" content=\"summary_large_image\" \/>\n<meta name=\"twitter:label1\" content=\"Est. reading time\" \/>\n\t<meta name=\"twitter:data1\" content=\"1 minute\" \/>\n<script type=\"application\/ld+json\" class=\"yoast-schema-graph\">{\"@context\":\"https:\\\/\\\/schema.org\",\"@graph\":[{\"@type\":\"WebPage\",\"@id\":\"https:\\\/\\\/stilanddesign.se\\\/produkt\\\/fin-sot-blus-i-ljusrosa-med-volanger\\\/\",\"url\":\"https:\\\/\\\/stilanddesign.se\\\/produkt\\\/fin-sot-blus-i-ljusrosa-med-volanger\\\/\",\"name\":\"Skir volangblus i ljusrosa \ud83d\udc97\u2728 - Stil &amp; Design\",\"isPartOf\":{\"@id\":\"https:\\\/\\\/stilanddesign.se\\\/#website\"},\"primaryImageOfPage\":{\"@id\":\"https:\\\/\\\/stilanddesign.se\\\/produkt\\\/fin-sot-blus-i-ljusrosa-med-volanger\\\/#primaryimage\"},\"image\":{\"@id\":\"https:\\\/\\\/stilanddesign.se\\\/produkt\\\/fin-sot-blus-i-ljusrosa-med-volanger\\\/#primaryimage\"},\"thumbnailUrl\":\"https:\\\/\\\/stilanddesign.se\\\/wp-content\\\/uploads\\\/2026\\\/02\\\/66565432333333333.png\",\"datePublished\":\"2026-02-28T09:54:54+00:00\",\"dateModified\":\"2026-03-28T09:42:04+00:00\",\"breadcrumb\":{\"@id\":\"https:\\\/\\\/stilanddesign.se\\\/produkt\\\/fin-sot-blus-i-ljusrosa-med-volanger\\\/#breadcrumb\"},\"inLanguage\":\"en-US\",\"potentialAction\":[{\"@type\":\"ReadAction\",\"target\":[\"https:\\\/\\\/stilanddesign.se\\\/produkt\\\/fin-sot-blus-i-ljusrosa-med-volanger\\\/\"]}]},{\"@type\":\"ImageObject\",\"inLanguage\":\"en-US\",\"@id\":\"https:\\\/\\\/stilanddesign.se\\\/produkt\\\/fin-sot-blus-i-ljusrosa-med-volanger\\\/#primaryimage\",\"url\":\"https:\\\/\\\/stilanddesign.se\\\/wp-content\\\/uploads\\\/2026\\\/02\\\/66565432333333333.png\",\"contentUrl\":\"https:\\\/\\\/stilanddesign.se\\\/wp-content\\\/uploads\\\/2026\\\/02\\\/66565432333333333.png\",\"width\":427,\"height\":640,\"caption\":\"Skir ljusrosa blus med volanger\"},{\"@type\":\"BreadcrumbList\",\"@id\":\"https:\\\/\\\/stilanddesign.se\\\/produkt\\\/fin-sot-blus-i-ljusrosa-med-volanger\\\/#breadcrumb\",\"itemListElement\":[{\"@type\":\"ListItem\",\"position\":1,\"name\":\"Hem\",\"item\":\"https:\\\/\\\/stilanddesign.se\\\/\"},{\"@type\":\"ListItem\",\"position\":2,\"name\":\"Butiken\",\"item\":\"https:\\\/\\\/stilanddesign.se\\\/butiken\\\/\"},{\"@type\":\"ListItem\",\"position\":3,\"name\":\"Skir volangblus i ljusrosa \ud83d\udc97\u2728\"}]},{\"@type\":\"WebSite\",\"@id\":\"https:\\\/\\\/stilanddesign.se\\\/#website\",\"url\":\"https:\\\/\\\/stilanddesign.se\\\/\",\"name\":\"Stil &amp; Design\",\"description\":\"F\u00f6r oss som \u00e4lskar mode!\",\"publisher\":{\"@id\":\"https:\\\/\\\/stilanddesign.se\\\/#organization\"},\"potentialAction\":[{\"@type\":\"SearchAction\",\"target\":{\"@type\":\"EntryPoint\",\"urlTemplate\":\"https:\\\/\\\/stilanddesign.se\\\/?s={search_term_string}\"},\"query-input\":{\"@type\":\"PropertyValueSpecification\",\"valueRequired\":true,\"valueName\":\"search_term_string\"}}],\"inLanguage\":\"en-US\"},{\"@type\":\"Organization\",\"@id\":\"https:\\\/\\\/stilanddesign.se\\\/#organization\",\"name\":\"Stil &amp; Design\",\"url\":\"https:\\\/\\\/stilanddesign.se\\\/\",\"logo\":{\"@type\":\"ImageObject\",\"inLanguage\":\"en-US\",\"@id\":\"https:\\\/\\\/stilanddesign.se\\\/#\\\/schema\\\/logo\\\/image\\\/\",\"url\":\"https:\\\/\\\/stilanddesign.se\\\/wp-content\\\/uploads\\\/2023\\\/12\\\/output-onlinepngtools-e1727784413220.png\",\"contentUrl\":\"https:\\\/\\\/stilanddesign.se\\\/wp-content\\\/uploads\\\/2023\\\/12\\\/output-onlinepngtools-e1727784413220.png\",\"width\":519,\"height\":135,\"caption\":\"Stil &amp; Design\"},\"image\":{\"@id\":\"https:\\\/\\\/stilanddesign.se\\\/#\\\/schema\\\/logo\\\/image\\\/\"}}]}<\/script>\n<!-- \/ Yoast SEO Premium plugin. -->","yoast_head_json":{"title":"Skir volangblus i ljusrosa \ud83d\udc97\u2728 - Stil &amp; Design","robots":{"index":"index","follow":"follow","max-snippet":"max-snippet:-1","max-image-preview":"max-image-preview:large","max-video-preview":"max-video-preview:-1"},"canonical":"https:\/\/stilanddesign.se\/en\/product\/fin-sot-blus-i-ljusrosa-med-volanger\/","og_locale":"en_US","og_type":"article","og_title":"Skir volangblus i ljusrosa \ud83d\udc97\u2728","og_description":"Skir volangblus i ljusrosa \ud83d\udc97\u2728En s\u00f6t och romantisk blus i skir kvalitet med massor av fina volangdetaljer \ud83d\ude0d Blusen har knytband i halsen som knyts bak i nacken f\u00f6r en elegant look \ud83c\udf80 Sm\u00e5 volanger pryder framtill och forts\u00e4tter ut p\u00e5 \u00e4rmen, och nertill har blusen volanger runtom som ger ett fint fall och en extra feminin k\u00e4nsla \ud83d\udcab L\u00e5ng \u00e4rm som avslutas med 1 knapp i \u00e4rmslut. \u2705 Knytband i halsen (knyts bak) \ud83c\udf80\u2705 Volanger framtill, p\u00e5 \u00e4rm &amp; runt nederkant\u2705 L\u00e5ng \u00e4rm med knapp i \u00e4rmslut\u2705 Normal i storlek \ud83d\udc57 Jessica b\u00e4r S\/M\ud83d\udc57 Helen b\u00e4r M\/L Material: 100% polyester \ud83e\uddf5Tv\u00e4ttr\u00e5d: 30\u00b0 \ud83e\uddfa","og_url":"https:\/\/stilanddesign.se\/en\/product\/fin-sot-blus-i-ljusrosa-med-volanger\/","og_site_name":"Stil &amp; Design","article_modified_time":"2026-03-28T09:42:04+00:00","og_image":[{"width":427,"height":640,"url":"https:\/\/stilanddesign.se\/wp-content\/uploads\/2026\/02\/66565432333333333.png","type":"image\/png"}],"twitter_card":"summary_large_image","twitter_misc":{"Est. reading time":"1 minute"},"schema":{"@context":"https:\/\/schema.org","@graph":[{"@type":"WebPage","@id":"https:\/\/stilanddesign.se\/produkt\/fin-sot-blus-i-ljusrosa-med-volanger\/","url":"https:\/\/stilanddesign.se\/produkt\/fin-sot-blus-i-ljusrosa-med-volanger\/","name":"Skir volangblus i ljusrosa \ud83d\udc97\u2728 - Stil &amp; Design","isPartOf":{"@id":"https:\/\/stilanddesign.se\/#website"},"primaryImageOfPage":{"@id":"https:\/\/stilanddesign.se\/produkt\/fin-sot-blus-i-ljusrosa-med-volanger\/#primaryimage"},"image":{"@id":"https:\/\/stilanddesign.se\/produkt\/fin-sot-blus-i-ljusrosa-med-volanger\/#primaryimage"},"thumbnailUrl":"https:\/\/stilanddesign.se\/wp-content\/uploads\/2026\/02\/66565432333333333.png","datePublished":"2026-02-28T09:54:54+00:00","dateModified":"2026-03-28T09:42:04+00:00","breadcrumb":{"@id":"https:\/\/stilanddesign.se\/produkt\/fin-sot-blus-i-ljusrosa-med-volanger\/#breadcrumb"},"inLanguage":"en-US","potentialAction":[{"@type":"ReadAction","target":["https:\/\/stilanddesign.se\/produkt\/fin-sot-blus-i-ljusrosa-med-volanger\/"]}]},{"@type":"ImageObject","inLanguage":"en-US","@id":"https:\/\/stilanddesign.se\/produkt\/fin-sot-blus-i-ljusrosa-med-volanger\/#primaryimage","url":"https:\/\/stilanddesign.se\/wp-content\/uploads\/2026\/02\/66565432333333333.png","contentUrl":"https:\/\/stilanddesign.se\/wp-content\/uploads\/2026\/02\/66565432333333333.png","width":427,"height":640,"caption":"Skir ljusrosa blus med volanger"},{"@type":"BreadcrumbList","@id":"https:\/\/stilanddesign.se\/produkt\/fin-sot-blus-i-ljusrosa-med-volanger\/#breadcrumb","itemListElement":[{"@type":"ListItem","position":1,"name":"Hem","item":"https:\/\/stilanddesign.se\/"},{"@type":"ListItem","position":2,"name":"Butiken","item":"https:\/\/stilanddesign.se\/butiken\/"},{"@type":"ListItem","position":3,"name":"Skir volangblus i ljusrosa \ud83d\udc97\u2728"}]},{"@type":"WebSite","@id":"https:\/\/stilanddesign.se\/#website","url":"https:\/\/stilanddesign.se\/","name":"Style &amp; Design","description":"For those of us who love fashion!","publisher":{"@id":"https:\/\/stilanddesign.se\/#organization"},"potentialAction":[{"@type":"SearchAction","target":{"@type":"EntryPoint","urlTemplate":"https:\/\/stilanddesign.se\/?s={search_term_string}"},"query-input":{"@type":"PropertyValueSpecification","valueRequired":true,"valueName":"search_term_string"}}],"inLanguage":"en-US"},{"@type":"Organization","@id":"https:\/\/stilanddesign.se\/#organization","name":"Style &amp; Design","url":"https:\/\/stilanddesign.se\/","logo":{"@type":"ImageObject","inLanguage":"en-US","@id":"https:\/\/stilanddesign.se\/#\/schema\/logo\/image\/","url":"https:\/\/stilanddesign.se\/wp-content\/uploads\/2023\/12\/output-onlinepngtools-e1727784413220.png","contentUrl":"https:\/\/stilanddesign.se\/wp-content\/uploads\/2023\/12\/output-onlinepngtools-e1727784413220.png","width":519,"height":135,"caption":"Stil &amp; Design"},"image":{"@id":"https:\/\/stilanddesign.se\/#\/schema\/logo\/image\/"}}]}},"_links":{"self":[{"href":"https:\/\/stilanddesign.se\/en\/wp-json\/wp\/v2\/product\/1065765","targetHints":{"allow":["GET"]}}],"collection":[{"href":"https:\/\/stilanddesign.se\/en\/wp-json\/wp\/v2\/product"}],"about":[{"href":"https:\/\/stilanddesign.se\/en\/wp-json\/wp\/v2\/types\/product"}],"replies":[{"embeddable":true,"href":"https:\/\/stilanddesign.se\/en\/wp-json\/wp\/v2\/comments?post=1065765"}],"wp:featuredmedia":[{"embeddable":true,"href":"https:\/\/stilanddesign.se\/en\/wp-json\/wp\/v2\/media\/1065762"}],"wp:attachment":[{"href":"https:\/\/stilanddesign.se\/en\/wp-json\/wp\/v2\/media?parent=1065765"}],"wp:term":[{"taxonomy":"product_brand","embeddable":true,"href":"https:\/\/stilanddesign.se\/en\/wp-json\/wp\/v2\/product_brand?post=1065765"},{"taxonomy":"product_cat","embeddable":true,"href":"https:\/\/stilanddesign.se\/en\/wp-json\/wp\/v2\/product_cat?post=1065765"},{"taxonomy":"product_tag","embeddable":true,"href":"https:\/\/stilanddesign.se\/en\/wp-json\/wp\/v2\/product_tag?post=1065765"}],"curies":[{"name":"wp","href":"https:\/\/api.w.org\/{rel}","templated":true}]}}