{"id":1065743,"date":"2026-03-12T09:34:33","date_gmt":"2026-03-12T08:34:33","guid":{"rendered":"https:\/\/stilanddesign.se\/?post_type=product&#038;p=1065743"},"modified":"2026-03-19T19:11:35","modified_gmt":"2026-03-19T18:11:35","slug":"%f0%9f%96%a4-finribbad-topp-med-dragsko-svart-%f0%9f%96%a4","status":"publish","type":"product","link":"https:\/\/stilanddesign.se\/en\/product\/%f0%9f%96%a4-finribbad-topp-med-dragsko-svart-%f0%9f%96%a4\/","title":{"rendered":"\ud83d\udda4 Fine Ribbed Top with Drawstring \u2013 Black \ud83d\udda4"},"content":{"rendered":"<h2 data-start=\"77\" data-end=\"122\">\ud83d\udda4 Fine Ribbed Top with Drawstring \u2013 Black \ud83d\udda4<\/h2>\n<p data-start=\"124\" data-end=\"256\">A <strong data-start=\"127\" data-end=\"148\">obvious favorite<\/strong> in the wardrobe! This black fine ribbed top is just as stylish for everyday wear as it is for a more dressed up look \ud83d\ude0d<\/p>\n<p data-start=\"258\" data-end=\"347\">Soft, supple and incredibly flattering \u2013 a top you&#039;ll want to wear again and again \ud83d\udda4\u2728<\/p>\n<p data-start=\"349\" data-end=\"583\">\u2728 Rounded neckline for a timeless look<br data-start=\"394\" data-end=\"397\" \/>\ud83e\udebd Short sleeves with a light penguin sleeve that gives a nice and relaxed fit<br data-start=\"465\" data-end=\"468\" \/>\ud83c\udf80 Drawstring at the waist that accentuates the figure in an elegant way<br data-start=\"529\" data-end=\"532\" \/>\ud83d\udc4c Normal size \u2013 comfortable and easy to style<\/p>\n<p data-start=\"585\" data-end=\"718\">The perfect top when you want to feel both comfortable and chic \u2013 match with light pants, skirt or jeans for a complete look \ud83d\udda4\ud83d\udc56<\/p>\n<p data-start=\"720\" data-end=\"788\">\ud83d\udccc <strong data-start=\"723\" data-end=\"736\">Material:<\/strong> 63% Rayon, 37% Nylon<br data-start=\"757\" data-end=\"760\" \/>\ud83e\uddfa <strong data-start=\"763\" data-end=\"776\">Washing instructions:<\/strong> 30 degrees<\/p>\n<p data-start=\"790\" data-end=\"869\" data-is-last-node=\"\" data-is-only-node=\"\">\ud83d\udda4 <strong data-start=\"793\" data-end=\"865\">A timeless classic with that little something extra \u2013 a must have in your wardrobe!<\/strong> \ud83d\udda4\u2728<\/p>","protected":false},"excerpt":{"rendered":"<h2 data-start=\"77\" data-end=\"122\">\ud83d\udda4 Fine Ribbed Top with Drawstring \u2013 Black \ud83d\udda4<\/h2>\n<p data-start=\"124\" data-end=\"256\">A <strong data-start=\"127\" data-end=\"148\">obvious favorite<\/strong> in the wardrobe! This black fine ribbed top is just as stylish for everyday wear as it is for a more dressed up look \ud83d\ude0d<\/p>\n<p data-start=\"258\" data-end=\"347\">Soft, supple and incredibly flattering \u2013 a top you&#039;ll want to wear again and again \ud83d\udda4\u2728<\/p>\n<p data-start=\"349\" data-end=\"583\">\u2728 Rounded neckline for a timeless look<br data-start=\"394\" data-end=\"397\" \/>\ud83e\udebd Short sleeves with a light penguin sleeve that gives a nice and relaxed fit<br data-start=\"465\" data-end=\"468\" \/>\ud83c\udf80 Drawstring at the waist that accentuates the figure in an elegant way<br data-start=\"529\" data-end=\"532\" \/>\ud83d\udc4c Normal size \u2013 comfortable and easy to style<\/p>\n<p data-start=\"585\" data-end=\"718\">The perfect top when you want to feel both comfortable and chic \u2013 match with light pants, skirt or jeans for a complete look \ud83d\udda4\ud83d\udc56<\/p>\n<p data-start=\"720\" data-end=\"788\">\ud83d\udccc <strong data-start=\"723\" data-end=\"736\">Material:<\/strong> 63% Rayon, 37% Nylon<br data-start=\"757\" data-end=\"760\" \/>\ud83e\uddfa <strong data-start=\"763\" data-end=\"776\">Washing instructions:<\/strong> 30 degrees<\/p>\n<p data-start=\"790\" data-end=\"869\" data-is-last-node=\"\" data-is-only-node=\"\">\ud83d\udda4 <strong data-start=\"793\" data-end=\"865\">A timeless classic with that little something extra \u2013 a must have in your wardrobe!<\/strong> \ud83d\udda4\u2728<\/p>\n<p data-start=\"1072\" data-end=\"1100\">","protected":false},"featured_media":1065724,"comment_status":"closed","ping_status":"closed","template":"","meta":[],"product_brand":[],"product_cat":[209],"product_tag":[],"class_list":{"0":"post-1065743","1":"product","2":"type-product","3":"status-publish","4":"has-post-thumbnail","6":"product_cat-reaprodukter","8":"first","9":"outofstock","10":"taxable","11":"shipping-taxable","12":"product-type-variable"},"yoast_head":"<!-- This site is optimized with the Yoast SEO Premium plugin v27.1 (Yoast SEO v27.4) - https:\/\/yoast.com\/product\/yoast-seo-premium-wordpress\/ -->\n<title>\ud83d\udda4 Finribbad Topp med Dragsko \u2013 Svart \ud83d\udda4 - Stil &amp; Design<\/title>\n<meta name=\"robots\" content=\"index, follow, max-snippet:-1, max-image-preview:large, max-video-preview:-1\" \/>\n<link rel=\"canonical\" href=\"https:\/\/stilanddesign.se\/en\/product\/\ud83d\udda4-finribbad-topp-med-dragsko-svart-\ud83d\udda4\/\" \/>\n<meta property=\"og:locale\" content=\"en_US\" \/>\n<meta property=\"og:type\" content=\"article\" \/>\n<meta property=\"og:title\" content=\"\ud83d\udda4 Finribbad Topp med Dragsko \u2013 Svart \ud83d\udda4\" \/>\n<meta property=\"og:description\" content=\"\ud83d\udda4 Finribbad Topp med Dragsko \u2013 Svart \ud83d\udda4 En sj\u00e4lvklar favorit i garderoben! Den h\u00e4r svarta finribbad toppen \u00e4r lika snygg till vardags som till en mer uppkl\u00e4dd look \ud83d\ude0d Mjuk, f\u00f6ljsam och otroligt smickrande \u2013 en topp du kommer vilja b\u00e4ra om och om igen \ud83d\udda4\u2728 \u2728 Rundad halsringning f\u00f6r ett tidl\u00f6st uttryck\ud83e\udebd Kort \u00e4rm med l\u00e4tt pingvin\u00e4rm som ger ett fint och avslappnat fall\ud83c\udf80 Dragsko i midjan som framh\u00e4ver figuren p\u00e5 ett elegant s\u00e4tt\ud83d\udc4c Normal i storleken \u2013 bekv\u00e4m och l\u00e4tt att styla Den perfekta toppen n\u00e4r du vill k\u00e4nna dig b\u00e5de bekv\u00e4m och chic \u2013 matcha med ljusa byxor, kjol eller jeans f\u00f6r en komplett look \ud83d\udda4\ud83d\udc56 \ud83d\udccc Material: 63% Rayon, 37% Nylon\ud83e\uddfa Tv\u00e4ttr\u00e5d: 30 grader \ud83d\udda4 En tidl\u00f6s klassiker med det lilla extra \u2013 m\u00e5ste finnas i garderoben! \ud83d\udda4\u2728\" \/>\n<meta property=\"og:url\" content=\"https:\/\/stilanddesign.se\/en\/product\/\ud83d\udda4-finribbad-topp-med-dragsko-svart-\ud83d\udda4\/\" \/>\n<meta property=\"og:site_name\" content=\"Stil &amp; Design\" \/>\n<meta property=\"article:modified_time\" content=\"2026-03-19T18:11:35+00:00\" \/>\n<meta property=\"og:image\" content=\"https:\/\/stilanddesign.se\/wp-content\/uploads\/2026\/02\/887876565555555555.png\" \/>\n\t<meta property=\"og:image:width\" content=\"427\" \/>\n\t<meta property=\"og:image:height\" content=\"640\" \/>\n\t<meta property=\"og:image:type\" content=\"image\/png\" \/>\n<meta name=\"twitter:card\" content=\"summary_large_image\" \/>\n<meta name=\"twitter:label1\" content=\"Est. reading time\" \/>\n\t<meta name=\"twitter:data1\" content=\"1 minute\" \/>\n<script type=\"application\/ld+json\" class=\"yoast-schema-graph\">{\"@context\":\"https:\\\/\\\/schema.org\",\"@graph\":[{\"@type\":\"WebPage\",\"@id\":\"https:\\\/\\\/stilanddesign.se\\\/produkt\\\/%f0%9f%96%a4-finribbad-topp-med-dragsko-svart-%f0%9f%96%a4\\\/\",\"url\":\"https:\\\/\\\/stilanddesign.se\\\/produkt\\\/%f0%9f%96%a4-finribbad-topp-med-dragsko-svart-%f0%9f%96%a4\\\/\",\"name\":\"\ud83d\udda4 Finribbad Topp med Dragsko \u2013 Svart \ud83d\udda4 - Stil &amp; Design\",\"isPartOf\":{\"@id\":\"https:\\\/\\\/stilanddesign.se\\\/#website\"},\"primaryImageOfPage\":{\"@id\":\"https:\\\/\\\/stilanddesign.se\\\/produkt\\\/%f0%9f%96%a4-finribbad-topp-med-dragsko-svart-%f0%9f%96%a4\\\/#primaryimage\"},\"image\":{\"@id\":\"https:\\\/\\\/stilanddesign.se\\\/produkt\\\/%f0%9f%96%a4-finribbad-topp-med-dragsko-svart-%f0%9f%96%a4\\\/#primaryimage\"},\"thumbnailUrl\":\"https:\\\/\\\/stilanddesign.se\\\/wp-content\\\/uploads\\\/2026\\\/02\\\/887876565555555555.png\",\"datePublished\":\"2026-03-12T08:34:33+00:00\",\"dateModified\":\"2026-03-19T18:11:35+00:00\",\"breadcrumb\":{\"@id\":\"https:\\\/\\\/stilanddesign.se\\\/produkt\\\/%f0%9f%96%a4-finribbad-topp-med-dragsko-svart-%f0%9f%96%a4\\\/#breadcrumb\"},\"inLanguage\":\"en-US\",\"potentialAction\":[{\"@type\":\"ReadAction\",\"target\":[\"https:\\\/\\\/stilanddesign.se\\\/produkt\\\/%f0%9f%96%a4-finribbad-topp-med-dragsko-svart-%f0%9f%96%a4\\\/\"]}]},{\"@type\":\"ImageObject\",\"inLanguage\":\"en-US\",\"@id\":\"https:\\\/\\\/stilanddesign.se\\\/produkt\\\/%f0%9f%96%a4-finribbad-topp-med-dragsko-svart-%f0%9f%96%a4\\\/#primaryimage\",\"url\":\"https:\\\/\\\/stilanddesign.se\\\/wp-content\\\/uploads\\\/2026\\\/02\\\/887876565555555555.png\",\"contentUrl\":\"https:\\\/\\\/stilanddesign.se\\\/wp-content\\\/uploads\\\/2026\\\/02\\\/887876565555555555.png\",\"width\":427,\"height\":640,\"caption\":\"Finribbad topp i svart med dragsko i midjan\"},{\"@type\":\"BreadcrumbList\",\"@id\":\"https:\\\/\\\/stilanddesign.se\\\/produkt\\\/%f0%9f%96%a4-finribbad-topp-med-dragsko-svart-%f0%9f%96%a4\\\/#breadcrumb\",\"itemListElement\":[{\"@type\":\"ListItem\",\"position\":1,\"name\":\"Hem\",\"item\":\"https:\\\/\\\/stilanddesign.se\\\/\"},{\"@type\":\"ListItem\",\"position\":2,\"name\":\"Butiken\",\"item\":\"https:\\\/\\\/stilanddesign.se\\\/butiken\\\/\"},{\"@type\":\"ListItem\",\"position\":3,\"name\":\"\ud83d\udda4 Finribbad Topp med Dragsko \u2013 Svart \ud83d\udda4\"}]},{\"@type\":\"WebSite\",\"@id\":\"https:\\\/\\\/stilanddesign.se\\\/#website\",\"url\":\"https:\\\/\\\/stilanddesign.se\\\/\",\"name\":\"Stil &amp; Design\",\"description\":\"F\u00f6r oss som \u00e4lskar mode!\",\"publisher\":{\"@id\":\"https:\\\/\\\/stilanddesign.se\\\/#organization\"},\"potentialAction\":[{\"@type\":\"SearchAction\",\"target\":{\"@type\":\"EntryPoint\",\"urlTemplate\":\"https:\\\/\\\/stilanddesign.se\\\/?s={search_term_string}\"},\"query-input\":{\"@type\":\"PropertyValueSpecification\",\"valueRequired\":true,\"valueName\":\"search_term_string\"}}],\"inLanguage\":\"en-US\"},{\"@type\":\"Organization\",\"@id\":\"https:\\\/\\\/stilanddesign.se\\\/#organization\",\"name\":\"Stil &amp; Design\",\"url\":\"https:\\\/\\\/stilanddesign.se\\\/\",\"logo\":{\"@type\":\"ImageObject\",\"inLanguage\":\"en-US\",\"@id\":\"https:\\\/\\\/stilanddesign.se\\\/#\\\/schema\\\/logo\\\/image\\\/\",\"url\":\"https:\\\/\\\/stilanddesign.se\\\/wp-content\\\/uploads\\\/2023\\\/12\\\/output-onlinepngtools-e1727784413220.png\",\"contentUrl\":\"https:\\\/\\\/stilanddesign.se\\\/wp-content\\\/uploads\\\/2023\\\/12\\\/output-onlinepngtools-e1727784413220.png\",\"width\":519,\"height\":135,\"caption\":\"Stil &amp; Design\"},\"image\":{\"@id\":\"https:\\\/\\\/stilanddesign.se\\\/#\\\/schema\\\/logo\\\/image\\\/\"}}]}<\/script>\n<!-- \/ Yoast SEO Premium plugin. -->","yoast_head_json":{"title":"\ud83d\udda4 Finribbad Topp med Dragsko \u2013 Svart \ud83d\udda4 - Stil &amp; Design","robots":{"index":"index","follow":"follow","max-snippet":"max-snippet:-1","max-image-preview":"max-image-preview:large","max-video-preview":"max-video-preview:-1"},"canonical":"https:\/\/stilanddesign.se\/en\/product\/\ud83d\udda4-finribbad-topp-med-dragsko-svart-\ud83d\udda4\/","og_locale":"en_US","og_type":"article","og_title":"\ud83d\udda4 Finribbad Topp med Dragsko \u2013 Svart \ud83d\udda4","og_description":"\ud83d\udda4 Finribbad Topp med Dragsko \u2013 Svart \ud83d\udda4 En sj\u00e4lvklar favorit i garderoben! Den h\u00e4r svarta finribbad toppen \u00e4r lika snygg till vardags som till en mer uppkl\u00e4dd look \ud83d\ude0d Mjuk, f\u00f6ljsam och otroligt smickrande \u2013 en topp du kommer vilja b\u00e4ra om och om igen \ud83d\udda4\u2728 \u2728 Rundad halsringning f\u00f6r ett tidl\u00f6st uttryck\ud83e\udebd Kort \u00e4rm med l\u00e4tt pingvin\u00e4rm som ger ett fint och avslappnat fall\ud83c\udf80 Dragsko i midjan som framh\u00e4ver figuren p\u00e5 ett elegant s\u00e4tt\ud83d\udc4c Normal i storleken \u2013 bekv\u00e4m och l\u00e4tt att styla Den perfekta toppen n\u00e4r du vill k\u00e4nna dig b\u00e5de bekv\u00e4m och chic \u2013 matcha med ljusa byxor, kjol eller jeans f\u00f6r en komplett look \ud83d\udda4\ud83d\udc56 \ud83d\udccc Material: 63% Rayon, 37% Nylon\ud83e\uddfa Tv\u00e4ttr\u00e5d: 30 grader \ud83d\udda4 En tidl\u00f6s klassiker med det lilla extra \u2013 m\u00e5ste finnas i garderoben! \ud83d\udda4\u2728","og_url":"https:\/\/stilanddesign.se\/en\/product\/\ud83d\udda4-finribbad-topp-med-dragsko-svart-\ud83d\udda4\/","og_site_name":"Stil &amp; Design","article_modified_time":"2026-03-19T18:11:35+00:00","og_image":[{"width":427,"height":640,"url":"https:\/\/stilanddesign.se\/wp-content\/uploads\/2026\/02\/887876565555555555.png","type":"image\/png"}],"twitter_card":"summary_large_image","twitter_misc":{"Est. reading time":"1 minute"},"schema":{"@context":"https:\/\/schema.org","@graph":[{"@type":"WebPage","@id":"https:\/\/stilanddesign.se\/produkt\/%f0%9f%96%a4-finribbad-topp-med-dragsko-svart-%f0%9f%96%a4\/","url":"https:\/\/stilanddesign.se\/produkt\/%f0%9f%96%a4-finribbad-topp-med-dragsko-svart-%f0%9f%96%a4\/","name":"\ud83d\udda4 Finribbad Topp med Dragsko \u2013 Svart \ud83d\udda4 - Stil &amp; Design","isPartOf":{"@id":"https:\/\/stilanddesign.se\/#website"},"primaryImageOfPage":{"@id":"https:\/\/stilanddesign.se\/produkt\/%f0%9f%96%a4-finribbad-topp-med-dragsko-svart-%f0%9f%96%a4\/#primaryimage"},"image":{"@id":"https:\/\/stilanddesign.se\/produkt\/%f0%9f%96%a4-finribbad-topp-med-dragsko-svart-%f0%9f%96%a4\/#primaryimage"},"thumbnailUrl":"https:\/\/stilanddesign.se\/wp-content\/uploads\/2026\/02\/887876565555555555.png","datePublished":"2026-03-12T08:34:33+00:00","dateModified":"2026-03-19T18:11:35+00:00","breadcrumb":{"@id":"https:\/\/stilanddesign.se\/produkt\/%f0%9f%96%a4-finribbad-topp-med-dragsko-svart-%f0%9f%96%a4\/#breadcrumb"},"inLanguage":"en-US","potentialAction":[{"@type":"ReadAction","target":["https:\/\/stilanddesign.se\/produkt\/%f0%9f%96%a4-finribbad-topp-med-dragsko-svart-%f0%9f%96%a4\/"]}]},{"@type":"ImageObject","inLanguage":"en-US","@id":"https:\/\/stilanddesign.se\/produkt\/%f0%9f%96%a4-finribbad-topp-med-dragsko-svart-%f0%9f%96%a4\/#primaryimage","url":"https:\/\/stilanddesign.se\/wp-content\/uploads\/2026\/02\/887876565555555555.png","contentUrl":"https:\/\/stilanddesign.se\/wp-content\/uploads\/2026\/02\/887876565555555555.png","width":427,"height":640,"caption":"Finribbad topp i svart med dragsko i midjan"},{"@type":"BreadcrumbList","@id":"https:\/\/stilanddesign.se\/produkt\/%f0%9f%96%a4-finribbad-topp-med-dragsko-svart-%f0%9f%96%a4\/#breadcrumb","itemListElement":[{"@type":"ListItem","position":1,"name":"Hem","item":"https:\/\/stilanddesign.se\/"},{"@type":"ListItem","position":2,"name":"Butiken","item":"https:\/\/stilanddesign.se\/butiken\/"},{"@type":"ListItem","position":3,"name":"\ud83d\udda4 Finribbad Topp med Dragsko \u2013 Svart \ud83d\udda4"}]},{"@type":"WebSite","@id":"https:\/\/stilanddesign.se\/#website","url":"https:\/\/stilanddesign.se\/","name":"Style &amp; Design","description":"For those of us who love fashion!","publisher":{"@id":"https:\/\/stilanddesign.se\/#organization"},"potentialAction":[{"@type":"SearchAction","target":{"@type":"EntryPoint","urlTemplate":"https:\/\/stilanddesign.se\/?s={search_term_string}"},"query-input":{"@type":"PropertyValueSpecification","valueRequired":true,"valueName":"search_term_string"}}],"inLanguage":"en-US"},{"@type":"Organization","@id":"https:\/\/stilanddesign.se\/#organization","name":"Style &amp; Design","url":"https:\/\/stilanddesign.se\/","logo":{"@type":"ImageObject","inLanguage":"en-US","@id":"https:\/\/stilanddesign.se\/#\/schema\/logo\/image\/","url":"https:\/\/stilanddesign.se\/wp-content\/uploads\/2023\/12\/output-onlinepngtools-e1727784413220.png","contentUrl":"https:\/\/stilanddesign.se\/wp-content\/uploads\/2023\/12\/output-onlinepngtools-e1727784413220.png","width":519,"height":135,"caption":"Stil &amp; Design"},"image":{"@id":"https:\/\/stilanddesign.se\/#\/schema\/logo\/image\/"}}]}},"_links":{"self":[{"href":"https:\/\/stilanddesign.se\/en\/wp-json\/wp\/v2\/product\/1065743","targetHints":{"allow":["GET"]}}],"collection":[{"href":"https:\/\/stilanddesign.se\/en\/wp-json\/wp\/v2\/product"}],"about":[{"href":"https:\/\/stilanddesign.se\/en\/wp-json\/wp\/v2\/types\/product"}],"replies":[{"embeddable":true,"href":"https:\/\/stilanddesign.se\/en\/wp-json\/wp\/v2\/comments?post=1065743"}],"wp:featuredmedia":[{"embeddable":true,"href":"https:\/\/stilanddesign.se\/en\/wp-json\/wp\/v2\/media\/1065724"}],"wp:attachment":[{"href":"https:\/\/stilanddesign.se\/en\/wp-json\/wp\/v2\/media?parent=1065743"}],"wp:term":[{"taxonomy":"product_brand","embeddable":true,"href":"https:\/\/stilanddesign.se\/en\/wp-json\/wp\/v2\/product_brand?post=1065743"},{"taxonomy":"product_cat","embeddable":true,"href":"https:\/\/stilanddesign.se\/en\/wp-json\/wp\/v2\/product_cat?post=1065743"},{"taxonomy":"product_tag","embeddable":true,"href":"https:\/\/stilanddesign.se\/en\/wp-json\/wp\/v2\/product_tag?post=1065743"}],"curies":[{"name":"wp","href":"https:\/\/api.w.org\/{rel}","templated":true}]}}