{"id":1065642,"date":"2026-02-20T09:24:09","date_gmt":"2026-02-20T08:24:09","guid":{"rendered":"https:\/\/stilanddesign.se\/?post_type=product&#038;p=1065642"},"modified":"2026-02-28T16:46:44","modified_gmt":"2026-02-28T15:46:44","slug":"%f0%9f%8c%b8-feminin-blus-med-blommonster-sisters-point-%f0%9f%8c%b8","status":"publish","type":"product","link":"https:\/\/stilanddesign.se\/en\/product\/%f0%9f%8c%b8-feminin-blus-med-blommonster-sisters-point-%f0%9f%8c%b8\/","title":{"rendered":"\ud83c\udf38 Feminine Blouse with Floral Pattern \u2013 Sisters Point \ud83c\udf38"},"content":{"rendered":"<h3 data-start=\"157\" data-end=\"213\">\ud83c\udf38 Feminine Blouse with Floral Pattern \u2013 Sisters Point \ud83c\udf38<\/h3>\n<p data-start=\"215\" data-end=\"380\">A real wardrobe favorite! \ud83d\udc99<br data-start=\"249\" data-end=\"252\" \/>This wonderful blouse from <strong data-start=\"282\" data-end=\"299\">Sisters Point<\/strong> has a stylish and elegant floral pattern that gives a romantic but modern look.<\/p>\n<p data-start=\"382\" data-end=\"535\">\u2728 Flattering <strong data-start=\"395\" data-end=\"409\">V-neckline<\/strong> with button fastening at the front<br data-start=\"437\" data-end=\"440\" \/>\u2728 Airy <strong data-start=\"450\" data-end=\"468\">three-quarter sleeves<\/strong> with elastic at the cuffs<br data-start=\"490\" data-end=\"493\" \/>\u2728 Light and comfortable quality that fits nicely<\/p>\n<p data-start=\"537\" data-end=\"635\">Perfect with jeans for a chic everyday style \ud83d\udc56 or with a skirt for a more dressed up feel \ud83d\udc83<\/p>\n<p data-start=\"637\" data-end=\"706\">\ud83d\udccc <strong data-start=\"640\" data-end=\"654\">Sizes:<\/strong> XS\u2013XL<br data-start=\"660\" data-end=\"663\" \/>\ud83e\uddf5 <strong data-start=\"666\" data-end=\"679\">Material:<\/strong> 88% viscose, 12% polyamide<\/p>\n<p data-start=\"708\" data-end=\"778\">A blouse that lifts the whole outfit \u2013 simple, feminine and so stylish! \ud83d\ude0d\ud83c\udf37<\/p>","protected":false},"excerpt":{"rendered":"<h3 data-start=\"157\" data-end=\"213\">\ud83c\udf38 Feminine Blouse with Floral Pattern \u2013 Sisters Point \ud83c\udf38<\/h3>\n<p data-start=\"215\" data-end=\"380\">A real wardrobe favorite! \ud83d\udc99<br data-start=\"249\" data-end=\"252\" \/>This wonderful blouse from <strong data-start=\"282\" data-end=\"299\">Sisters Point<\/strong> has a stylish and elegant floral pattern that gives a romantic but modern look.<\/p>\n<p data-start=\"382\" data-end=\"535\">\u2728 Flattering <strong data-start=\"395\" data-end=\"409\">V-neckline<\/strong> with button fastening at the front<br data-start=\"437\" data-end=\"440\" \/>\u2728 Airy <strong data-start=\"450\" data-end=\"468\">three-quarter sleeves<\/strong> with elastic at the cuffs<br data-start=\"490\" data-end=\"493\" \/>\u2728 Light and comfortable quality that fits nicely<\/p>\n<p data-start=\"537\" data-end=\"635\">Perfect with jeans for a chic everyday style \ud83d\udc56 or with a skirt for a more dressed up feel \ud83d\udc83<\/p>\n<p data-start=\"637\" data-end=\"706\">\ud83d\udccc <strong data-start=\"640\" data-end=\"654\">Sizes:<\/strong> XS\u2013XL<br data-start=\"660\" data-end=\"663\" \/>\ud83e\uddf5 <strong data-start=\"666\" data-end=\"679\">Material:<\/strong> 88% viscose, 12% polyamide<\/p>\n<p data-start=\"708\" data-end=\"778\">A blouse that lifts the whole outfit \u2013 simple, feminine and so stylish! \ud83d\ude0d\ud83c\udf37<\/p>","protected":false},"featured_media":1065652,"comment_status":"closed","ping_status":"closed","template":"","meta":[],"product_brand":[],"product_cat":[209],"product_tag":[],"class_list":{"0":"post-1065642","1":"product","2":"type-product","3":"status-publish","4":"has-post-thumbnail","6":"product_cat-reaprodukter","8":"first","9":"outofstock","10":"taxable","11":"shipping-taxable","12":"product-type-variable"},"yoast_head":"<!-- This site is optimized with the Yoast SEO Premium plugin v27.1 (Yoast SEO v27.4) - https:\/\/yoast.com\/product\/yoast-seo-premium-wordpress\/ -->\n<title>\ud83c\udf38 Feminin Blus med Blomm\u00f6nster \u2013 Sisters Point \ud83c\udf38 - Stil &amp; Design<\/title>\n<meta name=\"robots\" content=\"index, follow, max-snippet:-1, max-image-preview:large, max-video-preview:-1\" \/>\n<link rel=\"canonical\" href=\"https:\/\/stilanddesign.se\/en\/product\/\ud83c\udf38-feminin-blus-med-blommonster-sisters-point-\ud83c\udf38\/\" \/>\n<meta property=\"og:locale\" content=\"en_US\" \/>\n<meta property=\"og:type\" content=\"article\" \/>\n<meta property=\"og:title\" content=\"\ud83c\udf38 Feminin Blus med Blomm\u00f6nster \u2013 Sisters Point \ud83c\udf38\" \/>\n<meta property=\"og:description\" content=\"\ud83c\udf38 Feminin Blus med Blomm\u00f6nster \u2013 Sisters Point \ud83c\udf38 En riktig favorit i garderoben! \ud83d\udc99Den h\u00e4r underbara blusen fr\u00e5n Sisters Point har ett stilrent och elegant blomm\u00f6nster som ger en romantisk men modern look. \u2728 Smickrande V-ringning med knappkn\u00e4ppning framtill\u2728 Luftiga trekvarts\u00e4rmar med res\u00e5r i \u00e4rmsluten\u2728 L\u00e4tt och sk\u00f6n kvalitet som faller fint Perfekt b\u00e5de till jeans f\u00f6r en chic vardagsstil \ud83d\udc56 eller till kjol f\u00f6r en mer uppkl\u00e4dd k\u00e4nsla \ud83d\udc83 \ud83d\udccc Storlekar: XS\u2013XL\ud83e\uddf5 Material: 88% viskos, 12% polyamid En blus som lyfter hela outfiten \u2013 enkel, feminin och s\u00e5 snygg! \ud83d\ude0d\ud83c\udf37\" \/>\n<meta property=\"og:url\" content=\"https:\/\/stilanddesign.se\/en\/product\/\ud83c\udf38-feminin-blus-med-blommonster-sisters-point-\ud83c\udf38\/\" \/>\n<meta property=\"og:site_name\" content=\"Stil &amp; Design\" \/>\n<meta property=\"article:modified_time\" content=\"2026-02-28T15:46:44+00:00\" \/>\n<meta property=\"og:image\" content=\"https:\/\/stilanddesign.se\/wp-content\/uploads\/2026\/02\/10-viaba-sh5_900x1300c.jpg\" \/>\n\t<meta property=\"og:image:width\" content=\"900\" \/>\n\t<meta property=\"og:image:height\" content=\"1300\" \/>\n\t<meta property=\"og:image:type\" content=\"image\/jpeg\" \/>\n<meta name=\"twitter:card\" content=\"summary_large_image\" \/>\n<meta name=\"twitter:label1\" content=\"Est. reading time\" \/>\n\t<meta name=\"twitter:data1\" content=\"1 minute\" \/>\n<script type=\"application\/ld+json\" class=\"yoast-schema-graph\">{\"@context\":\"https:\\\/\\\/schema.org\",\"@graph\":[{\"@type\":\"WebPage\",\"@id\":\"https:\\\/\\\/stilanddesign.se\\\/produkt\\\/%f0%9f%8c%b8-feminin-blus-med-blommonster-sisters-point-%f0%9f%8c%b8\\\/\",\"url\":\"https:\\\/\\\/stilanddesign.se\\\/produkt\\\/%f0%9f%8c%b8-feminin-blus-med-blommonster-sisters-point-%f0%9f%8c%b8\\\/\",\"name\":\"\ud83c\udf38 Feminin Blus med Blomm\u00f6nster \u2013 Sisters Point \ud83c\udf38 - Stil &amp; Design\",\"isPartOf\":{\"@id\":\"https:\\\/\\\/stilanddesign.se\\\/#website\"},\"primaryImageOfPage\":{\"@id\":\"https:\\\/\\\/stilanddesign.se\\\/produkt\\\/%f0%9f%8c%b8-feminin-blus-med-blommonster-sisters-point-%f0%9f%8c%b8\\\/#primaryimage\"},\"image\":{\"@id\":\"https:\\\/\\\/stilanddesign.se\\\/produkt\\\/%f0%9f%8c%b8-feminin-blus-med-blommonster-sisters-point-%f0%9f%8c%b8\\\/#primaryimage\"},\"thumbnailUrl\":\"https:\\\/\\\/stilanddesign.se\\\/wp-content\\\/uploads\\\/2026\\\/02\\\/10-viaba-sh5_900x1300c.jpg\",\"datePublished\":\"2026-02-20T08:24:09+00:00\",\"dateModified\":\"2026-02-28T15:46:44+00:00\",\"breadcrumb\":{\"@id\":\"https:\\\/\\\/stilanddesign.se\\\/produkt\\\/%f0%9f%8c%b8-feminin-blus-med-blommonster-sisters-point-%f0%9f%8c%b8\\\/#breadcrumb\"},\"inLanguage\":\"en-US\",\"potentialAction\":[{\"@type\":\"ReadAction\",\"target\":[\"https:\\\/\\\/stilanddesign.se\\\/produkt\\\/%f0%9f%8c%b8-feminin-blus-med-blommonster-sisters-point-%f0%9f%8c%b8\\\/\"]}]},{\"@type\":\"ImageObject\",\"inLanguage\":\"en-US\",\"@id\":\"https:\\\/\\\/stilanddesign.se\\\/produkt\\\/%f0%9f%8c%b8-feminin-blus-med-blommonster-sisters-point-%f0%9f%8c%b8\\\/#primaryimage\",\"url\":\"https:\\\/\\\/stilanddesign.se\\\/wp-content\\\/uploads\\\/2026\\\/02\\\/10-viaba-sh5_900x1300c.jpg\",\"contentUrl\":\"https:\\\/\\\/stilanddesign.se\\\/wp-content\\\/uploads\\\/2026\\\/02\\\/10-viaba-sh5_900x1300c.jpg\",\"width\":900,\"height\":1300},{\"@type\":\"BreadcrumbList\",\"@id\":\"https:\\\/\\\/stilanddesign.se\\\/produkt\\\/%f0%9f%8c%b8-feminin-blus-med-blommonster-sisters-point-%f0%9f%8c%b8\\\/#breadcrumb\",\"itemListElement\":[{\"@type\":\"ListItem\",\"position\":1,\"name\":\"Hem\",\"item\":\"https:\\\/\\\/stilanddesign.se\\\/\"},{\"@type\":\"ListItem\",\"position\":2,\"name\":\"Butiken\",\"item\":\"https:\\\/\\\/stilanddesign.se\\\/butiken\\\/\"},{\"@type\":\"ListItem\",\"position\":3,\"name\":\"\ud83c\udf38 Feminin Blus med Blomm\u00f6nster \u2013 Sisters Point \ud83c\udf38\"}]},{\"@type\":\"WebSite\",\"@id\":\"https:\\\/\\\/stilanddesign.se\\\/#website\",\"url\":\"https:\\\/\\\/stilanddesign.se\\\/\",\"name\":\"Stil &amp; Design\",\"description\":\"F\u00f6r oss som \u00e4lskar mode!\",\"publisher\":{\"@id\":\"https:\\\/\\\/stilanddesign.se\\\/#organization\"},\"potentialAction\":[{\"@type\":\"SearchAction\",\"target\":{\"@type\":\"EntryPoint\",\"urlTemplate\":\"https:\\\/\\\/stilanddesign.se\\\/?s={search_term_string}\"},\"query-input\":{\"@type\":\"PropertyValueSpecification\",\"valueRequired\":true,\"valueName\":\"search_term_string\"}}],\"inLanguage\":\"en-US\"},{\"@type\":\"Organization\",\"@id\":\"https:\\\/\\\/stilanddesign.se\\\/#organization\",\"name\":\"Stil &amp; Design\",\"url\":\"https:\\\/\\\/stilanddesign.se\\\/\",\"logo\":{\"@type\":\"ImageObject\",\"inLanguage\":\"en-US\",\"@id\":\"https:\\\/\\\/stilanddesign.se\\\/#\\\/schema\\\/logo\\\/image\\\/\",\"url\":\"https:\\\/\\\/stilanddesign.se\\\/wp-content\\\/uploads\\\/2023\\\/12\\\/output-onlinepngtools-e1727784413220.png\",\"contentUrl\":\"https:\\\/\\\/stilanddesign.se\\\/wp-content\\\/uploads\\\/2023\\\/12\\\/output-onlinepngtools-e1727784413220.png\",\"width\":519,\"height\":135,\"caption\":\"Stil &amp; Design\"},\"image\":{\"@id\":\"https:\\\/\\\/stilanddesign.se\\\/#\\\/schema\\\/logo\\\/image\\\/\"}}]}<\/script>\n<!-- \/ Yoast SEO Premium plugin. -->","yoast_head_json":{"title":"\ud83c\udf38 Feminin Blus med Blomm\u00f6nster \u2013 Sisters Point \ud83c\udf38 - Stil &amp; Design","robots":{"index":"index","follow":"follow","max-snippet":"max-snippet:-1","max-image-preview":"max-image-preview:large","max-video-preview":"max-video-preview:-1"},"canonical":"https:\/\/stilanddesign.se\/en\/product\/\ud83c\udf38-feminin-blus-med-blommonster-sisters-point-\ud83c\udf38\/","og_locale":"en_US","og_type":"article","og_title":"\ud83c\udf38 Feminin Blus med Blomm\u00f6nster \u2013 Sisters Point \ud83c\udf38","og_description":"\ud83c\udf38 Feminin Blus med Blomm\u00f6nster \u2013 Sisters Point \ud83c\udf38 En riktig favorit i garderoben! \ud83d\udc99Den h\u00e4r underbara blusen fr\u00e5n Sisters Point har ett stilrent och elegant blomm\u00f6nster som ger en romantisk men modern look. \u2728 Smickrande V-ringning med knappkn\u00e4ppning framtill\u2728 Luftiga trekvarts\u00e4rmar med res\u00e5r i \u00e4rmsluten\u2728 L\u00e4tt och sk\u00f6n kvalitet som faller fint Perfekt b\u00e5de till jeans f\u00f6r en chic vardagsstil \ud83d\udc56 eller till kjol f\u00f6r en mer uppkl\u00e4dd k\u00e4nsla \ud83d\udc83 \ud83d\udccc Storlekar: XS\u2013XL\ud83e\uddf5 Material: 88% viskos, 12% polyamid En blus som lyfter hela outfiten \u2013 enkel, feminin och s\u00e5 snygg! \ud83d\ude0d\ud83c\udf37","og_url":"https:\/\/stilanddesign.se\/en\/product\/\ud83c\udf38-feminin-blus-med-blommonster-sisters-point-\ud83c\udf38\/","og_site_name":"Stil &amp; Design","article_modified_time":"2026-02-28T15:46:44+00:00","og_image":[{"width":900,"height":1300,"url":"https:\/\/stilanddesign.se\/wp-content\/uploads\/2026\/02\/10-viaba-sh5_900x1300c.jpg","type":"image\/jpeg"}],"twitter_card":"summary_large_image","twitter_misc":{"Est. reading time":"1 minute"},"schema":{"@context":"https:\/\/schema.org","@graph":[{"@type":"WebPage","@id":"https:\/\/stilanddesign.se\/produkt\/%f0%9f%8c%b8-feminin-blus-med-blommonster-sisters-point-%f0%9f%8c%b8\/","url":"https:\/\/stilanddesign.se\/produkt\/%f0%9f%8c%b8-feminin-blus-med-blommonster-sisters-point-%f0%9f%8c%b8\/","name":"\ud83c\udf38 Feminin Blus med Blomm\u00f6nster \u2013 Sisters Point \ud83c\udf38 - Stil &amp; Design","isPartOf":{"@id":"https:\/\/stilanddesign.se\/#website"},"primaryImageOfPage":{"@id":"https:\/\/stilanddesign.se\/produkt\/%f0%9f%8c%b8-feminin-blus-med-blommonster-sisters-point-%f0%9f%8c%b8\/#primaryimage"},"image":{"@id":"https:\/\/stilanddesign.se\/produkt\/%f0%9f%8c%b8-feminin-blus-med-blommonster-sisters-point-%f0%9f%8c%b8\/#primaryimage"},"thumbnailUrl":"https:\/\/stilanddesign.se\/wp-content\/uploads\/2026\/02\/10-viaba-sh5_900x1300c.jpg","datePublished":"2026-02-20T08:24:09+00:00","dateModified":"2026-02-28T15:46:44+00:00","breadcrumb":{"@id":"https:\/\/stilanddesign.se\/produkt\/%f0%9f%8c%b8-feminin-blus-med-blommonster-sisters-point-%f0%9f%8c%b8\/#breadcrumb"},"inLanguage":"en-US","potentialAction":[{"@type":"ReadAction","target":["https:\/\/stilanddesign.se\/produkt\/%f0%9f%8c%b8-feminin-blus-med-blommonster-sisters-point-%f0%9f%8c%b8\/"]}]},{"@type":"ImageObject","inLanguage":"en-US","@id":"https:\/\/stilanddesign.se\/produkt\/%f0%9f%8c%b8-feminin-blus-med-blommonster-sisters-point-%f0%9f%8c%b8\/#primaryimage","url":"https:\/\/stilanddesign.se\/wp-content\/uploads\/2026\/02\/10-viaba-sh5_900x1300c.jpg","contentUrl":"https:\/\/stilanddesign.se\/wp-content\/uploads\/2026\/02\/10-viaba-sh5_900x1300c.jpg","width":900,"height":1300},{"@type":"BreadcrumbList","@id":"https:\/\/stilanddesign.se\/produkt\/%f0%9f%8c%b8-feminin-blus-med-blommonster-sisters-point-%f0%9f%8c%b8\/#breadcrumb","itemListElement":[{"@type":"ListItem","position":1,"name":"Hem","item":"https:\/\/stilanddesign.se\/"},{"@type":"ListItem","position":2,"name":"Butiken","item":"https:\/\/stilanddesign.se\/butiken\/"},{"@type":"ListItem","position":3,"name":"\ud83c\udf38 Feminin Blus med Blomm\u00f6nster \u2013 Sisters Point \ud83c\udf38"}]},{"@type":"WebSite","@id":"https:\/\/stilanddesign.se\/#website","url":"https:\/\/stilanddesign.se\/","name":"Style &amp; Design","description":"For those of us who love fashion!","publisher":{"@id":"https:\/\/stilanddesign.se\/#organization"},"potentialAction":[{"@type":"SearchAction","target":{"@type":"EntryPoint","urlTemplate":"https:\/\/stilanddesign.se\/?s={search_term_string}"},"query-input":{"@type":"PropertyValueSpecification","valueRequired":true,"valueName":"search_term_string"}}],"inLanguage":"en-US"},{"@type":"Organization","@id":"https:\/\/stilanddesign.se\/#organization","name":"Style &amp; Design","url":"https:\/\/stilanddesign.se\/","logo":{"@type":"ImageObject","inLanguage":"en-US","@id":"https:\/\/stilanddesign.se\/#\/schema\/logo\/image\/","url":"https:\/\/stilanddesign.se\/wp-content\/uploads\/2023\/12\/output-onlinepngtools-e1727784413220.png","contentUrl":"https:\/\/stilanddesign.se\/wp-content\/uploads\/2023\/12\/output-onlinepngtools-e1727784413220.png","width":519,"height":135,"caption":"Stil &amp; Design"},"image":{"@id":"https:\/\/stilanddesign.se\/#\/schema\/logo\/image\/"}}]}},"_links":{"self":[{"href":"https:\/\/stilanddesign.se\/en\/wp-json\/wp\/v2\/product\/1065642","targetHints":{"allow":["GET"]}}],"collection":[{"href":"https:\/\/stilanddesign.se\/en\/wp-json\/wp\/v2\/product"}],"about":[{"href":"https:\/\/stilanddesign.se\/en\/wp-json\/wp\/v2\/types\/product"}],"replies":[{"embeddable":true,"href":"https:\/\/stilanddesign.se\/en\/wp-json\/wp\/v2\/comments?post=1065642"}],"wp:featuredmedia":[{"embeddable":true,"href":"https:\/\/stilanddesign.se\/en\/wp-json\/wp\/v2\/media\/1065652"}],"wp:attachment":[{"href":"https:\/\/stilanddesign.se\/en\/wp-json\/wp\/v2\/media?parent=1065642"}],"wp:term":[{"taxonomy":"product_brand","embeddable":true,"href":"https:\/\/stilanddesign.se\/en\/wp-json\/wp\/v2\/product_brand?post=1065642"},{"taxonomy":"product_cat","embeddable":true,"href":"https:\/\/stilanddesign.se\/en\/wp-json\/wp\/v2\/product_cat?post=1065642"},{"taxonomy":"product_tag","embeddable":true,"href":"https:\/\/stilanddesign.se\/en\/wp-json\/wp\/v2\/product_tag?post=1065642"}],"curies":[{"name":"wp","href":"https:\/\/api.w.org\/{rel}","templated":true}]}}