{"id":1065616,"date":"2026-03-31T17:15:17","date_gmt":"2026-03-31T15:15:17","guid":{"rendered":"https:\/\/stilanddesign.se\/?post_type=product&#038;p=1065616"},"modified":"2026-04-28T15:05:28","modified_gmt":"2026-04-28T13:05:28","slug":"%f0%9f%96%a4-vida-byxor-med-abstrakt-tryck-sofistikerad-bekvam-stil-%f0%9f%96%a4","status":"publish","type":"product","link":"https:\/\/stilanddesign.se\/en\/product\/%f0%9f%96%a4-vida-byxor-med-abstrakt-tryck-sofistikerad-bekvam-stil-%f0%9f%96%a4\/","title":{"rendered":"\ud83d\udda4 Wide Pants with Abstract Print \u2013 Sophisticated &amp; Comfortable Style \ud83d\udda4"},"content":{"rendered":"<p data-start=\"76\" data-end=\"146\">\ud83d\udda4 <strong data-start=\"79\" data-end=\"141\">Wide Leg Pants with Abstract Print \u2013 Sophisticated &amp; Comfortable Style<\/strong> \ud83d\udda4<\/p>\n<p data-start=\"148\" data-end=\"365\">These wide-leg trousers with an artistic abstract pattern give a modern and elegant look with a touch of creativity. Perfect for those who want to stand out in a stylish way, while maintaining maximum comfort.<\/p>\n<p data-start=\"367\" data-end=\"584\">The trousers have a soft elastic waistband with an adjustable drawstring for all-day comfort. The side pockets provide a casual and practical detail, and the wide fit creates an airy and sophisticated fit.<\/p>\n<p data-start=\"586\" data-end=\"603\">\u2728 <strong data-start=\"588\" data-end=\"601\">Details:<\/strong><\/p>\n<ul data-start=\"604\" data-end=\"742\">\n<li data-start=\"604\" data-end=\"633\">\n<p data-start=\"606\" data-end=\"633\">Wide legs with an elegant fall<\/p>\n<\/li>\n<li data-start=\"634\" data-end=\"665\">\n<p data-start=\"636\" data-end=\"665\">Artistic abstract print<\/p>\n<\/li>\n<li data-start=\"666\" data-end=\"696\">\n<p data-start=\"668\" data-end=\"696\">Elastic waist with drawstring<\/p>\n<\/li>\n<li data-start=\"697\" data-end=\"710\">\n<p data-start=\"699\" data-end=\"710\">Side pockets<\/p>\n<\/li>\n<li data-start=\"711\" data-end=\"742\">\n<p data-start=\"713\" data-end=\"742\">Comfortable and trendy fit<\/p>\n<\/li>\n<\/ul>\n<p data-start=\"744\" data-end=\"787\">\ud83e\uddf5 <strong data-start=\"747\" data-end=\"760\">Material:<\/strong> 80% Viscose, 20% Polyamide<\/p>\n<p data-start=\"789\" data-end=\"814\">\ud83d\udccf <strong data-start=\"792\" data-end=\"804\">Size:<\/strong> XS \u2013 XL<\/p>\n<p data-start=\"816\" data-end=\"845\">\ud83c\udf3f <strong data-start=\"819\" data-end=\"829\">Make:<\/strong> Sisters Point<\/p>\n<p data-start=\"847\" data-end=\"912\">Feel free to match with the matching shirt for a complete set!<\/p>","protected":false},"excerpt":{"rendered":"<p data-start=\"76\" data-end=\"146\">\ud83d\udda4 <strong data-start=\"79\" data-end=\"141\">Wide Leg Pants with Abstract Print \u2013 Sophisticated &amp; Comfortable Style<\/strong> \ud83d\udda4<\/p>\n<p data-start=\"148\" data-end=\"365\">These wide-leg trousers with an artistic abstract pattern give a modern and elegant look with a touch of creativity. Perfect for those who want to stand out in a stylish way, while maintaining maximum comfort.<\/p>\n<p data-start=\"367\" data-end=\"584\">The trousers have a soft elastic waistband with an adjustable drawstring for all-day comfort. The side pockets provide a casual and practical detail, and the wide fit creates an airy and sophisticated fit.<\/p>\n<p data-start=\"586\" data-end=\"603\">\u2728 <strong data-start=\"588\" data-end=\"601\">Details:<\/strong><\/p>\n<ul data-start=\"604\" data-end=\"742\">\n<li data-start=\"604\" data-end=\"633\">\n<p data-start=\"606\" data-end=\"633\">Wide legs with an elegant fall<\/p>\n<\/li>\n<li data-start=\"634\" data-end=\"665\">\n<p data-start=\"636\" data-end=\"665\">Artistic abstract print<\/p>\n<\/li>\n<li data-start=\"666\" data-end=\"696\">\n<p data-start=\"668\" data-end=\"696\">Elastic waist with drawstring<\/p>\n<\/li>\n<li data-start=\"697\" data-end=\"710\">\n<p data-start=\"699\" data-end=\"710\">Side pockets<\/p>\n<\/li>\n<li data-start=\"711\" data-end=\"742\">\n<p data-start=\"713\" data-end=\"742\">Comfortable and trendy fit<\/p>\n<\/li>\n<\/ul>\n<p data-start=\"744\" data-end=\"787\">\ud83e\uddf5 <strong data-start=\"747\" data-end=\"760\">Material:<\/strong> 80% Viscose, 20% Polyamide<\/p>\n<p data-start=\"789\" data-end=\"814\">\ud83d\udccf <strong data-start=\"792\" data-end=\"804\">Size:<\/strong> XS \u2013 XL<\/p>\n<p data-start=\"816\" data-end=\"845\">\ud83c\udf3f <strong data-start=\"819\" data-end=\"829\">Make:<\/strong> Sisters Point<\/p>\n<p data-start=\"847\" data-end=\"912\">Feel free to match with the matching shirt for a complete set!<\/p>","protected":false},"featured_media":1065622,"comment_status":"closed","ping_status":"closed","template":"","meta":[],"product_brand":[],"product_cat":[209],"product_tag":[],"class_list":{"0":"post-1065616","1":"product","2":"type-product","3":"status-publish","4":"has-post-thumbnail","6":"product_cat-reaprodukter","8":"first","9":"instock","10":"sale","11":"taxable","12":"shipping-taxable","13":"purchasable","14":"product-type-variable"},"yoast_head":"<!-- This site is optimized with the Yoast SEO Premium plugin v27.4 (Yoast SEO v27.5) - https:\/\/yoast.com\/product\/yoast-seo-premium-wordpress\/ -->\n<title>\ud83d\udda4 Vida Byxor med Abstrakt Tryck \u2013 Sofistikerad &amp; Bekv\u00e4m Stil \ud83d\udda4 - Stil &amp; Design<\/title>\n<meta name=\"robots\" content=\"index, follow, max-snippet:-1, max-image-preview:large, max-video-preview:-1\" \/>\n<link rel=\"canonical\" href=\"https:\/\/stilanddesign.se\/en\/product\/\ud83d\udda4-vida-byxor-med-abstrakt-tryck-sofistikerad-bekvam-stil-\ud83d\udda4\/\" \/>\n<meta property=\"og:locale\" content=\"en_US\" \/>\n<meta property=\"og:type\" content=\"article\" \/>\n<meta property=\"og:title\" content=\"\ud83d\udda4 Vida Byxor med Abstrakt Tryck \u2013 Sofistikerad &amp; Bekv\u00e4m Stil \ud83d\udda4\" \/>\n<meta property=\"og:description\" content=\"\ud83d\udda4 Vida Byxor med Abstrakt Tryck \u2013 Sofistikerad &amp; Bekv\u00e4m Stil \ud83d\udda4 Dessa vida byxor med ett konstn\u00e4rligt abstrakt m\u00f6nster ger en modern och elegant look med en touch av kreativitet. Perfekta f\u00f6r dig som vill sticka ut p\u00e5 ett stilrent s\u00e4tt, samtidigt som du beh\u00e5ller maximal komfort. Byxorna har en mjuk res\u00e5r i midjan med justerbar dragsko som g\u00f6r att de sitter bekv\u00e4mt hela dagen. Sidfickorna ger en avslappnad och praktisk detalj, och den vida passformen skapar ett luftigt och sofistikerat fall. \u2728 Detaljer:     Vida ben med elegant fall    Konstn\u00e4rligt abstrakt tryck    Res\u00e5r i midjan med dragsko    Sidfickor    Bekv\u00e4m och trendig passform   \ud83e\uddf5 Material: 80% Viskos, 20% Polyamid \ud83d\udccf Storlek: XS \u2013 XL \ud83c\udf3f M\u00e4rke: Sisters Point Matcha g\u00e4rna med den tillh\u00f6rande skjortan f\u00f6r ett komplett set!\" \/>\n<meta property=\"og:url\" content=\"https:\/\/stilanddesign.se\/en\/product\/\ud83d\udda4-vida-byxor-med-abstrakt-tryck-sofistikerad-bekvam-stil-\ud83d\udda4\/\" \/>\n<meta property=\"og:site_name\" content=\"Stil &amp; Design\" \/>\n<meta property=\"article:modified_time\" content=\"2026-04-28T13:05:28+00:00\" \/>\n<meta property=\"og:image\" content=\"https:\/\/stilanddesign.se\/wp-content\/uploads\/2026\/02\/10-ella-pa55_900x1300c.jpg\" \/>\n\t<meta property=\"og:image:width\" content=\"900\" \/>\n\t<meta property=\"og:image:height\" content=\"1300\" \/>\n\t<meta property=\"og:image:type\" content=\"image\/jpeg\" \/>\n<meta name=\"twitter:card\" content=\"summary_large_image\" \/>\n<meta name=\"twitter:label1\" content=\"Est. reading time\" \/>\n\t<meta name=\"twitter:data1\" content=\"1 minute\" \/>\n<script type=\"application\/ld+json\" class=\"yoast-schema-graph\">{\"@context\":\"https:\\\/\\\/schema.org\",\"@graph\":[{\"@type\":\"WebPage\",\"@id\":\"https:\\\/\\\/stilanddesign.se\\\/produkt\\\/%f0%9f%96%a4-vida-byxor-med-abstrakt-tryck-sofistikerad-bekvam-stil-%f0%9f%96%a4\\\/\",\"url\":\"https:\\\/\\\/stilanddesign.se\\\/produkt\\\/%f0%9f%96%a4-vida-byxor-med-abstrakt-tryck-sofistikerad-bekvam-stil-%f0%9f%96%a4\\\/\",\"name\":\"\ud83d\udda4 Vida Byxor med Abstrakt Tryck \u2013 Sofistikerad & Bekv\u00e4m Stil \ud83d\udda4 - Stil &amp; Design\",\"isPartOf\":{\"@id\":\"https:\\\/\\\/stilanddesign.se\\\/#website\"},\"primaryImageOfPage\":{\"@id\":\"https:\\\/\\\/stilanddesign.se\\\/produkt\\\/%f0%9f%96%a4-vida-byxor-med-abstrakt-tryck-sofistikerad-bekvam-stil-%f0%9f%96%a4\\\/#primaryimage\"},\"image\":{\"@id\":\"https:\\\/\\\/stilanddesign.se\\\/produkt\\\/%f0%9f%96%a4-vida-byxor-med-abstrakt-tryck-sofistikerad-bekvam-stil-%f0%9f%96%a4\\\/#primaryimage\"},\"thumbnailUrl\":\"https:\\\/\\\/stilanddesign.se\\\/wp-content\\\/uploads\\\/2026\\\/02\\\/10-ella-pa55_900x1300c.jpg\",\"datePublished\":\"2026-03-31T15:15:17+00:00\",\"dateModified\":\"2026-04-28T13:05:28+00:00\",\"breadcrumb\":{\"@id\":\"https:\\\/\\\/stilanddesign.se\\\/produkt\\\/%f0%9f%96%a4-vida-byxor-med-abstrakt-tryck-sofistikerad-bekvam-stil-%f0%9f%96%a4\\\/#breadcrumb\"},\"inLanguage\":\"en-US\",\"potentialAction\":[{\"@type\":\"ReadAction\",\"target\":[\"https:\\\/\\\/stilanddesign.se\\\/produkt\\\/%f0%9f%96%a4-vida-byxor-med-abstrakt-tryck-sofistikerad-bekvam-stil-%f0%9f%96%a4\\\/\"]}]},{\"@type\":\"ImageObject\",\"inLanguage\":\"en-US\",\"@id\":\"https:\\\/\\\/stilanddesign.se\\\/produkt\\\/%f0%9f%96%a4-vida-byxor-med-abstrakt-tryck-sofistikerad-bekvam-stil-%f0%9f%96%a4\\\/#primaryimage\",\"url\":\"https:\\\/\\\/stilanddesign.se\\\/wp-content\\\/uploads\\\/2026\\\/02\\\/10-ella-pa55_900x1300c.jpg\",\"contentUrl\":\"https:\\\/\\\/stilanddesign.se\\\/wp-content\\\/uploads\\\/2026\\\/02\\\/10-ella-pa55_900x1300c.jpg\",\"width\":900,\"height\":1300},{\"@type\":\"BreadcrumbList\",\"@id\":\"https:\\\/\\\/stilanddesign.se\\\/produkt\\\/%f0%9f%96%a4-vida-byxor-med-abstrakt-tryck-sofistikerad-bekvam-stil-%f0%9f%96%a4\\\/#breadcrumb\",\"itemListElement\":[{\"@type\":\"ListItem\",\"position\":1,\"name\":\"Hem\",\"item\":\"https:\\\/\\\/stilanddesign.se\\\/\"},{\"@type\":\"ListItem\",\"position\":2,\"name\":\"Butiken\",\"item\":\"https:\\\/\\\/stilanddesign.se\\\/butiken\\\/\"},{\"@type\":\"ListItem\",\"position\":3,\"name\":\"\ud83d\udda4 Vida Byxor med Abstrakt Tryck \u2013 Sofistikerad &#038; Bekv\u00e4m Stil \ud83d\udda4\"}]},{\"@type\":\"WebSite\",\"@id\":\"https:\\\/\\\/stilanddesign.se\\\/#website\",\"url\":\"https:\\\/\\\/stilanddesign.se\\\/\",\"name\":\"Stil &amp; Design\",\"description\":\"F\u00f6r oss som \u00e4lskar mode!\",\"publisher\":{\"@id\":\"https:\\\/\\\/stilanddesign.se\\\/#organization\"},\"potentialAction\":[{\"@type\":\"SearchAction\",\"target\":{\"@type\":\"EntryPoint\",\"urlTemplate\":\"https:\\\/\\\/stilanddesign.se\\\/?s={search_term_string}\"},\"query-input\":{\"@type\":\"PropertyValueSpecification\",\"valueRequired\":true,\"valueName\":\"search_term_string\"}}],\"inLanguage\":\"en-US\"},{\"@type\":\"Organization\",\"@id\":\"https:\\\/\\\/stilanddesign.se\\\/#organization\",\"name\":\"Stil &amp; Design\",\"url\":\"https:\\\/\\\/stilanddesign.se\\\/\",\"logo\":{\"@type\":\"ImageObject\",\"inLanguage\":\"en-US\",\"@id\":\"https:\\\/\\\/stilanddesign.se\\\/#\\\/schema\\\/logo\\\/image\\\/\",\"url\":\"https:\\\/\\\/stilanddesign.se\\\/wp-content\\\/uploads\\\/2023\\\/12\\\/output-onlinepngtools-e1727784413220.png\",\"contentUrl\":\"https:\\\/\\\/stilanddesign.se\\\/wp-content\\\/uploads\\\/2023\\\/12\\\/output-onlinepngtools-e1727784413220.png\",\"width\":519,\"height\":135,\"caption\":\"Stil &amp; Design\"},\"image\":{\"@id\":\"https:\\\/\\\/stilanddesign.se\\\/#\\\/schema\\\/logo\\\/image\\\/\"}}]}<\/script>\n<!-- \/ Yoast SEO Premium plugin. -->","yoast_head_json":{"title":"\ud83d\udda4 Vida Byxor med Abstrakt Tryck \u2013 Sofistikerad & Bekv\u00e4m Stil \ud83d\udda4 - Stil &amp; Design","robots":{"index":"index","follow":"follow","max-snippet":"max-snippet:-1","max-image-preview":"max-image-preview:large","max-video-preview":"max-video-preview:-1"},"canonical":"https:\/\/stilanddesign.se\/en\/product\/\ud83d\udda4-vida-byxor-med-abstrakt-tryck-sofistikerad-bekvam-stil-\ud83d\udda4\/","og_locale":"en_US","og_type":"article","og_title":"\ud83d\udda4 Vida Byxor med Abstrakt Tryck \u2013 Sofistikerad & Bekv\u00e4m Stil \ud83d\udda4","og_description":"\ud83d\udda4 Vida Byxor med Abstrakt Tryck \u2013 Sofistikerad &amp; Bekv\u00e4m Stil \ud83d\udda4 Dessa vida byxor med ett konstn\u00e4rligt abstrakt m\u00f6nster ger en modern och elegant look med en touch av kreativitet. Perfekta f\u00f6r dig som vill sticka ut p\u00e5 ett stilrent s\u00e4tt, samtidigt som du beh\u00e5ller maximal komfort. Byxorna har en mjuk res\u00e5r i midjan med justerbar dragsko som g\u00f6r att de sitter bekv\u00e4mt hela dagen. Sidfickorna ger en avslappnad och praktisk detalj, och den vida passformen skapar ett luftigt och sofistikerat fall. \u2728 Detaljer:     Vida ben med elegant fall    Konstn\u00e4rligt abstrakt tryck    Res\u00e5r i midjan med dragsko    Sidfickor    Bekv\u00e4m och trendig passform   \ud83e\uddf5 Material: 80% Viskos, 20% Polyamid \ud83d\udccf Storlek: XS \u2013 XL \ud83c\udf3f M\u00e4rke: Sisters Point Matcha g\u00e4rna med den tillh\u00f6rande skjortan f\u00f6r ett komplett set!","og_url":"https:\/\/stilanddesign.se\/en\/product\/\ud83d\udda4-vida-byxor-med-abstrakt-tryck-sofistikerad-bekvam-stil-\ud83d\udda4\/","og_site_name":"Stil &amp; Design","article_modified_time":"2026-04-28T13:05:28+00:00","og_image":[{"width":900,"height":1300,"url":"https:\/\/stilanddesign.se\/wp-content\/uploads\/2026\/02\/10-ella-pa55_900x1300c.jpg","type":"image\/jpeg"}],"twitter_card":"summary_large_image","twitter_misc":{"Est. reading time":"1 minute"},"schema":{"@context":"https:\/\/schema.org","@graph":[{"@type":"WebPage","@id":"https:\/\/stilanddesign.se\/produkt\/%f0%9f%96%a4-vida-byxor-med-abstrakt-tryck-sofistikerad-bekvam-stil-%f0%9f%96%a4\/","url":"https:\/\/stilanddesign.se\/produkt\/%f0%9f%96%a4-vida-byxor-med-abstrakt-tryck-sofistikerad-bekvam-stil-%f0%9f%96%a4\/","name":"\ud83d\udda4 Vida Byxor med Abstrakt Tryck \u2013 Sofistikerad & Bekv\u00e4m Stil \ud83d\udda4 - Stil &amp; Design","isPartOf":{"@id":"https:\/\/stilanddesign.se\/#website"},"primaryImageOfPage":{"@id":"https:\/\/stilanddesign.se\/produkt\/%f0%9f%96%a4-vida-byxor-med-abstrakt-tryck-sofistikerad-bekvam-stil-%f0%9f%96%a4\/#primaryimage"},"image":{"@id":"https:\/\/stilanddesign.se\/produkt\/%f0%9f%96%a4-vida-byxor-med-abstrakt-tryck-sofistikerad-bekvam-stil-%f0%9f%96%a4\/#primaryimage"},"thumbnailUrl":"https:\/\/stilanddesign.se\/wp-content\/uploads\/2026\/02\/10-ella-pa55_900x1300c.jpg","datePublished":"2026-03-31T15:15:17+00:00","dateModified":"2026-04-28T13:05:28+00:00","breadcrumb":{"@id":"https:\/\/stilanddesign.se\/produkt\/%f0%9f%96%a4-vida-byxor-med-abstrakt-tryck-sofistikerad-bekvam-stil-%f0%9f%96%a4\/#breadcrumb"},"inLanguage":"en-US","potentialAction":[{"@type":"ReadAction","target":["https:\/\/stilanddesign.se\/produkt\/%f0%9f%96%a4-vida-byxor-med-abstrakt-tryck-sofistikerad-bekvam-stil-%f0%9f%96%a4\/"]}]},{"@type":"ImageObject","inLanguage":"en-US","@id":"https:\/\/stilanddesign.se\/produkt\/%f0%9f%96%a4-vida-byxor-med-abstrakt-tryck-sofistikerad-bekvam-stil-%f0%9f%96%a4\/#primaryimage","url":"https:\/\/stilanddesign.se\/wp-content\/uploads\/2026\/02\/10-ella-pa55_900x1300c.jpg","contentUrl":"https:\/\/stilanddesign.se\/wp-content\/uploads\/2026\/02\/10-ella-pa55_900x1300c.jpg","width":900,"height":1300},{"@type":"BreadcrumbList","@id":"https:\/\/stilanddesign.se\/produkt\/%f0%9f%96%a4-vida-byxor-med-abstrakt-tryck-sofistikerad-bekvam-stil-%f0%9f%96%a4\/#breadcrumb","itemListElement":[{"@type":"ListItem","position":1,"name":"Hem","item":"https:\/\/stilanddesign.se\/"},{"@type":"ListItem","position":2,"name":"Butiken","item":"https:\/\/stilanddesign.se\/butiken\/"},{"@type":"ListItem","position":3,"name":"\ud83d\udda4 Vida Byxor med Abstrakt Tryck \u2013 Sofistikerad &#038; Bekv\u00e4m Stil \ud83d\udda4"}]},{"@type":"WebSite","@id":"https:\/\/stilanddesign.se\/#website","url":"https:\/\/stilanddesign.se\/","name":"Style &amp; Design","description":"For those of us who love fashion!","publisher":{"@id":"https:\/\/stilanddesign.se\/#organization"},"potentialAction":[{"@type":"SearchAction","target":{"@type":"EntryPoint","urlTemplate":"https:\/\/stilanddesign.se\/?s={search_term_string}"},"query-input":{"@type":"PropertyValueSpecification","valueRequired":true,"valueName":"search_term_string"}}],"inLanguage":"en-US"},{"@type":"Organization","@id":"https:\/\/stilanddesign.se\/#organization","name":"Style &amp; Design","url":"https:\/\/stilanddesign.se\/","logo":{"@type":"ImageObject","inLanguage":"en-US","@id":"https:\/\/stilanddesign.se\/#\/schema\/logo\/image\/","url":"https:\/\/stilanddesign.se\/wp-content\/uploads\/2023\/12\/output-onlinepngtools-e1727784413220.png","contentUrl":"https:\/\/stilanddesign.se\/wp-content\/uploads\/2023\/12\/output-onlinepngtools-e1727784413220.png","width":519,"height":135,"caption":"Stil &amp; Design"},"image":{"@id":"https:\/\/stilanddesign.se\/#\/schema\/logo\/image\/"}}]}},"_links":{"self":[{"href":"https:\/\/stilanddesign.se\/en\/wp-json\/wp\/v2\/product\/1065616","targetHints":{"allow":["GET"]}}],"collection":[{"href":"https:\/\/stilanddesign.se\/en\/wp-json\/wp\/v2\/product"}],"about":[{"href":"https:\/\/stilanddesign.se\/en\/wp-json\/wp\/v2\/types\/product"}],"replies":[{"embeddable":true,"href":"https:\/\/stilanddesign.se\/en\/wp-json\/wp\/v2\/comments?post=1065616"}],"wp:featuredmedia":[{"embeddable":true,"href":"https:\/\/stilanddesign.se\/en\/wp-json\/wp\/v2\/media\/1065622"}],"wp:attachment":[{"href":"https:\/\/stilanddesign.se\/en\/wp-json\/wp\/v2\/media?parent=1065616"}],"wp:term":[{"taxonomy":"product_brand","embeddable":true,"href":"https:\/\/stilanddesign.se\/en\/wp-json\/wp\/v2\/product_brand?post=1065616"},{"taxonomy":"product_cat","embeddable":true,"href":"https:\/\/stilanddesign.se\/en\/wp-json\/wp\/v2\/product_cat?post=1065616"},{"taxonomy":"product_tag","embeddable":true,"href":"https:\/\/stilanddesign.se\/en\/wp-json\/wp\/v2\/product_tag?post=1065616"}],"curies":[{"name":"wp","href":"https:\/\/api.w.org\/{rel}","templated":true}]}}