{"id":1065603,"date":"2026-03-31T17:16:15","date_gmt":"2026-03-31T15:16:15","guid":{"rendered":"https:\/\/stilanddesign.se\/?post_type=product&#038;p=1065603"},"modified":"2026-04-13T13:09:35","modified_gmt":"2026-04-13T11:09:35","slug":"%f0%9f%a4%8d-oversized-skjorta-modern-minimalism-avslappnad-chic-%f0%9f%a4%8d","status":"publish","type":"product","link":"https:\/\/stilanddesign.se\/en\/product\/%f0%9f%a4%8d-oversized-skjorta-modern-minimalism-avslappnad-chic-%f0%9f%a4%8d\/","title":{"rendered":"\ud83e\udd0d Oversized Shirt \u2013 Modern Minimalism &amp; Casual Chic \ud83e\udd0d"},"content":{"rendered":"<p data-start=\"92\" data-end=\"159\">\ud83e\udd0d <strong data-start=\"95\" data-end=\"154\">Oversized Shirt \u2013 Modern Minimalism &amp; Casual Chic<\/strong> \ud83e\udd0d<\/p>\n<p data-start=\"161\" data-end=\"411\">This oversized shirt is the essence of modern minimalism and casual chic. With its distinctive dropped shoulders and wide short sleeves, it has a trendy and airy silhouette that is perfect for both everyday wear and more dressed-up occasions.<\/p>\n<p data-start=\"413\" data-end=\"548\">The classic collar gives a stylish expression and makes the shirt easy to match with jeans, skirts or suit pants for an elegant look.<\/p>\n<p data-start=\"550\" data-end=\"567\">\u2728 <strong data-start=\"552\" data-end=\"565\">Details:<\/strong><\/p>\n<ul data-start=\"568\" data-end=\"680\">\n<li data-start=\"568\" data-end=\"590\">\n<p data-start=\"570\" data-end=\"590\">Oversized fit<\/p>\n<\/li>\n<li data-start=\"591\" data-end=\"610\">\n<p data-start=\"593\" data-end=\"610\">Slouched shoulders<\/p>\n<\/li>\n<li data-start=\"611\" data-end=\"631\">\n<p data-start=\"613\" data-end=\"631\">Wide short sleeves<\/p>\n<\/li>\n<li data-start=\"632\" data-end=\"650\">\n<p data-start=\"634\" data-end=\"650\">Classic collar<\/p>\n<\/li>\n<li data-start=\"651\" data-end=\"680\">\n<p data-start=\"653\" data-end=\"680\">Stylish and modern design<\/p>\n<\/li>\n<\/ul>\n<p data-start=\"682\" data-end=\"725\">\ud83e\uddf5 <strong data-start=\"685\" data-end=\"698\">Material:<\/strong> 80% Viscose, 20% Polyamide<\/p>\n<p data-start=\"727\" data-end=\"755\">\ud83d\udccf <strong data-start=\"730\" data-end=\"742\">Size:<\/strong> XS\/S \u2013 M\/L<\/p>\n<p data-start=\"757\" data-end=\"786\">\ud83d\udc54 <strong data-start=\"760\" data-end=\"770\">Make:<\/strong> Sisters Point<\/p>\n<p data-start=\"788\" data-end=\"868\">A perfect shirt for those who want a timeless but trendy wardrobe favorite!<\/p>","protected":false},"excerpt":{"rendered":"<p data-start=\"92\" data-end=\"159\">\ud83e\udd0d <strong data-start=\"95\" data-end=\"154\">Oversized Shirt \u2013 Modern Minimalism &amp; Casual Chic<\/strong> \ud83e\udd0d<\/p>\n<p data-start=\"161\" data-end=\"411\">This oversized shirt is the essence of modern minimalism and casual chic. With its distinctive dropped shoulders and wide short sleeves, it has a trendy and airy silhouette that is perfect for both everyday wear and more dressed-up occasions.<\/p>\n<p data-start=\"413\" data-end=\"548\">The classic collar gives a stylish expression and makes the shirt easy to match with jeans, skirts or suit pants for an elegant look.<\/p>\n<p data-start=\"550\" data-end=\"567\">\u2728 <strong data-start=\"552\" data-end=\"565\">Details:<\/strong><\/p>\n<ul data-start=\"568\" data-end=\"680\">\n<li data-start=\"568\" data-end=\"590\">\n<p data-start=\"570\" data-end=\"590\">Oversized fit<\/p>\n<\/li>\n<li data-start=\"591\" data-end=\"610\">\n<p data-start=\"593\" data-end=\"610\">Slouched shoulders<\/p>\n<\/li>\n<li data-start=\"611\" data-end=\"631\">\n<p data-start=\"613\" data-end=\"631\">Wide short sleeves<\/p>\n<\/li>\n<li data-start=\"632\" data-end=\"650\">\n<p data-start=\"634\" data-end=\"650\">Classic collar<\/p>\n<\/li>\n<li data-start=\"651\" data-end=\"680\">\n<p data-start=\"653\" data-end=\"680\">Stylish and modern design<\/p>\n<\/li>\n<\/ul>\n<p data-start=\"682\" data-end=\"725\">\ud83e\uddf5 <strong data-start=\"685\" data-end=\"698\">Material:<\/strong> 80% Viscose, 20% Polyamide<\/p>\n<p data-start=\"727\" data-end=\"755\">\ud83d\udccf <strong data-start=\"730\" data-end=\"742\">Size:<\/strong> XS\/S \u2013 M\/L<\/p>\n<p data-start=\"757\" data-end=\"786\">\ud83d\udc54 <strong data-start=\"760\" data-end=\"770\">Make:<\/strong> Sisters Point<\/p>\n<p data-start=\"788\" data-end=\"868\">A perfect shirt for those who want a timeless but trendy wardrobe favorite!<\/p>","protected":false},"featured_media":1065610,"comment_status":"closed","ping_status":"closed","template":"","meta":[],"product_brand":[],"product_cat":[209],"product_tag":[],"class_list":{"0":"post-1065603","1":"product","2":"type-product","3":"status-publish","4":"has-post-thumbnail","6":"product_cat-reaprodukter","8":"first","9":"outofstock","10":"taxable","11":"shipping-taxable","12":"product-type-variable"},"yoast_head":"<!-- This site is optimized with the Yoast SEO Premium plugin v27.4 (Yoast SEO v27.5) - https:\/\/yoast.com\/product\/yoast-seo-premium-wordpress\/ -->\n<title>\ud83e\udd0d Oversized Skjorta \u2013 Modern Minimalism &amp; Avslappnad Chic \ud83e\udd0d - Stil &amp; Design<\/title>\n<meta name=\"robots\" content=\"index, follow, max-snippet:-1, max-image-preview:large, max-video-preview:-1\" \/>\n<link rel=\"canonical\" href=\"https:\/\/stilanddesign.se\/en\/product\/\ud83e\udd0d-oversized-skjorta-modern-minimalism-avslappnad-chic-\ud83e\udd0d\/\" \/>\n<meta property=\"og:locale\" content=\"en_US\" \/>\n<meta property=\"og:type\" content=\"article\" \/>\n<meta property=\"og:title\" content=\"\ud83e\udd0d Oversized Skjorta \u2013 Modern Minimalism &amp; Avslappnad Chic \ud83e\udd0d\" \/>\n<meta property=\"og:description\" content=\"\ud83e\udd0d Oversized Skjorta \u2013 Modern Minimalism &amp; Avslappnad Chic \ud83e\udd0d Denna skjorta i oversized passform \u00e4r essensen av modern minimalism och avslappnad chic. Med sina distinkta nedh\u00e4ngda axlar och vida korta \u00e4rmar f\u00e5r den en trendig och luftig siluett som passar perfekt till b\u00e5de vardag och mer uppkl\u00e4dda tillf\u00e4llen. Den klassiska kragen ger ett stilrent uttryck och g\u00f6r skjortan l\u00e4tt att matcha med jeans, kjol eller kostymbyxor f\u00f6r en elegant look. \u2728 Detaljer:     Oversized passform    Nedh\u00e4ngda axlar    Vida korta \u00e4rmar    Klassisk krage    Stilren och modern design   \ud83e\uddf5 Material: 80% Viskos, 20% Polyamid \ud83d\udccf Storlek: XS\/S \u2013 M\/L \ud83d\udc54 M\u00e4rke: Sisters Point En perfekt skjorta f\u00f6r dig som vill ha en tidl\u00f6s men trendig garderobsfavorit!\" \/>\n<meta property=\"og:url\" content=\"https:\/\/stilanddesign.se\/en\/product\/\ud83e\udd0d-oversized-skjorta-modern-minimalism-avslappnad-chic-\ud83e\udd0d\/\" \/>\n<meta property=\"og:site_name\" content=\"Stil &amp; Design\" \/>\n<meta property=\"article:modified_time\" content=\"2026-04-13T11:09:35+00:00\" \/>\n<meta property=\"og:image\" content=\"https:\/\/stilanddesign.se\/wp-content\/uploads\/2026\/02\/10-ella-n.sh10_900x1300c.jpg\" \/>\n\t<meta property=\"og:image:width\" content=\"900\" \/>\n\t<meta property=\"og:image:height\" content=\"1300\" \/>\n\t<meta property=\"og:image:type\" content=\"image\/jpeg\" \/>\n<meta name=\"twitter:card\" content=\"summary_large_image\" \/>\n<meta name=\"twitter:label1\" content=\"Est. reading time\" \/>\n\t<meta name=\"twitter:data1\" content=\"1 minute\" \/>\n<script type=\"application\/ld+json\" class=\"yoast-schema-graph\">{\"@context\":\"https:\\\/\\\/schema.org\",\"@graph\":[{\"@type\":\"WebPage\",\"@id\":\"https:\\\/\\\/stilanddesign.se\\\/produkt\\\/%f0%9f%a4%8d-oversized-skjorta-modern-minimalism-avslappnad-chic-%f0%9f%a4%8d\\\/\",\"url\":\"https:\\\/\\\/stilanddesign.se\\\/produkt\\\/%f0%9f%a4%8d-oversized-skjorta-modern-minimalism-avslappnad-chic-%f0%9f%a4%8d\\\/\",\"name\":\"\ud83e\udd0d Oversized Skjorta \u2013 Modern Minimalism & Avslappnad Chic \ud83e\udd0d - Stil &amp; Design\",\"isPartOf\":{\"@id\":\"https:\\\/\\\/stilanddesign.se\\\/#website\"},\"primaryImageOfPage\":{\"@id\":\"https:\\\/\\\/stilanddesign.se\\\/produkt\\\/%f0%9f%a4%8d-oversized-skjorta-modern-minimalism-avslappnad-chic-%f0%9f%a4%8d\\\/#primaryimage\"},\"image\":{\"@id\":\"https:\\\/\\\/stilanddesign.se\\\/produkt\\\/%f0%9f%a4%8d-oversized-skjorta-modern-minimalism-avslappnad-chic-%f0%9f%a4%8d\\\/#primaryimage\"},\"thumbnailUrl\":\"https:\\\/\\\/stilanddesign.se\\\/wp-content\\\/uploads\\\/2026\\\/02\\\/10-ella-n.sh10_900x1300c.jpg\",\"datePublished\":\"2026-03-31T15:16:15+00:00\",\"dateModified\":\"2026-04-13T11:09:35+00:00\",\"breadcrumb\":{\"@id\":\"https:\\\/\\\/stilanddesign.se\\\/produkt\\\/%f0%9f%a4%8d-oversized-skjorta-modern-minimalism-avslappnad-chic-%f0%9f%a4%8d\\\/#breadcrumb\"},\"inLanguage\":\"en-US\",\"potentialAction\":[{\"@type\":\"ReadAction\",\"target\":[\"https:\\\/\\\/stilanddesign.se\\\/produkt\\\/%f0%9f%a4%8d-oversized-skjorta-modern-minimalism-avslappnad-chic-%f0%9f%a4%8d\\\/\"]}]},{\"@type\":\"ImageObject\",\"inLanguage\":\"en-US\",\"@id\":\"https:\\\/\\\/stilanddesign.se\\\/produkt\\\/%f0%9f%a4%8d-oversized-skjorta-modern-minimalism-avslappnad-chic-%f0%9f%a4%8d\\\/#primaryimage\",\"url\":\"https:\\\/\\\/stilanddesign.se\\\/wp-content\\\/uploads\\\/2026\\\/02\\\/10-ella-n.sh10_900x1300c.jpg\",\"contentUrl\":\"https:\\\/\\\/stilanddesign.se\\\/wp-content\\\/uploads\\\/2026\\\/02\\\/10-ella-n.sh10_900x1300c.jpg\",\"width\":900,\"height\":1300},{\"@type\":\"BreadcrumbList\",\"@id\":\"https:\\\/\\\/stilanddesign.se\\\/produkt\\\/%f0%9f%a4%8d-oversized-skjorta-modern-minimalism-avslappnad-chic-%f0%9f%a4%8d\\\/#breadcrumb\",\"itemListElement\":[{\"@type\":\"ListItem\",\"position\":1,\"name\":\"Hem\",\"item\":\"https:\\\/\\\/stilanddesign.se\\\/\"},{\"@type\":\"ListItem\",\"position\":2,\"name\":\"Butiken\",\"item\":\"https:\\\/\\\/stilanddesign.se\\\/butiken\\\/\"},{\"@type\":\"ListItem\",\"position\":3,\"name\":\"\ud83e\udd0d Oversized Skjorta \u2013 Modern Minimalism &#038; Avslappnad Chic \ud83e\udd0d\"}]},{\"@type\":\"WebSite\",\"@id\":\"https:\\\/\\\/stilanddesign.se\\\/#website\",\"url\":\"https:\\\/\\\/stilanddesign.se\\\/\",\"name\":\"Stil &amp; Design\",\"description\":\"F\u00f6r oss som \u00e4lskar mode!\",\"publisher\":{\"@id\":\"https:\\\/\\\/stilanddesign.se\\\/#organization\"},\"potentialAction\":[{\"@type\":\"SearchAction\",\"target\":{\"@type\":\"EntryPoint\",\"urlTemplate\":\"https:\\\/\\\/stilanddesign.se\\\/?s={search_term_string}\"},\"query-input\":{\"@type\":\"PropertyValueSpecification\",\"valueRequired\":true,\"valueName\":\"search_term_string\"}}],\"inLanguage\":\"en-US\"},{\"@type\":\"Organization\",\"@id\":\"https:\\\/\\\/stilanddesign.se\\\/#organization\",\"name\":\"Stil &amp; Design\",\"url\":\"https:\\\/\\\/stilanddesign.se\\\/\",\"logo\":{\"@type\":\"ImageObject\",\"inLanguage\":\"en-US\",\"@id\":\"https:\\\/\\\/stilanddesign.se\\\/#\\\/schema\\\/logo\\\/image\\\/\",\"url\":\"https:\\\/\\\/stilanddesign.se\\\/wp-content\\\/uploads\\\/2023\\\/12\\\/output-onlinepngtools-e1727784413220.png\",\"contentUrl\":\"https:\\\/\\\/stilanddesign.se\\\/wp-content\\\/uploads\\\/2023\\\/12\\\/output-onlinepngtools-e1727784413220.png\",\"width\":519,\"height\":135,\"caption\":\"Stil &amp; Design\"},\"image\":{\"@id\":\"https:\\\/\\\/stilanddesign.se\\\/#\\\/schema\\\/logo\\\/image\\\/\"}}]}<\/script>\n<!-- \/ Yoast SEO Premium plugin. -->","yoast_head_json":{"title":"\ud83e\udd0d Oversized Skjorta \u2013 Modern Minimalism & Avslappnad Chic \ud83e\udd0d - Stil &amp; Design","robots":{"index":"index","follow":"follow","max-snippet":"max-snippet:-1","max-image-preview":"max-image-preview:large","max-video-preview":"max-video-preview:-1"},"canonical":"https:\/\/stilanddesign.se\/en\/product\/\ud83e\udd0d-oversized-skjorta-modern-minimalism-avslappnad-chic-\ud83e\udd0d\/","og_locale":"en_US","og_type":"article","og_title":"\ud83e\udd0d Oversized Skjorta \u2013 Modern Minimalism & Avslappnad Chic \ud83e\udd0d","og_description":"\ud83e\udd0d Oversized Skjorta \u2013 Modern Minimalism &amp; Avslappnad Chic \ud83e\udd0d Denna skjorta i oversized passform \u00e4r essensen av modern minimalism och avslappnad chic. Med sina distinkta nedh\u00e4ngda axlar och vida korta \u00e4rmar f\u00e5r den en trendig och luftig siluett som passar perfekt till b\u00e5de vardag och mer uppkl\u00e4dda tillf\u00e4llen. Den klassiska kragen ger ett stilrent uttryck och g\u00f6r skjortan l\u00e4tt att matcha med jeans, kjol eller kostymbyxor f\u00f6r en elegant look. \u2728 Detaljer:     Oversized passform    Nedh\u00e4ngda axlar    Vida korta \u00e4rmar    Klassisk krage    Stilren och modern design   \ud83e\uddf5 Material: 80% Viskos, 20% Polyamid \ud83d\udccf Storlek: XS\/S \u2013 M\/L \ud83d\udc54 M\u00e4rke: Sisters Point En perfekt skjorta f\u00f6r dig som vill ha en tidl\u00f6s men trendig garderobsfavorit!","og_url":"https:\/\/stilanddesign.se\/en\/product\/\ud83e\udd0d-oversized-skjorta-modern-minimalism-avslappnad-chic-\ud83e\udd0d\/","og_site_name":"Stil &amp; Design","article_modified_time":"2026-04-13T11:09:35+00:00","og_image":[{"width":900,"height":1300,"url":"https:\/\/stilanddesign.se\/wp-content\/uploads\/2026\/02\/10-ella-n.sh10_900x1300c.jpg","type":"image\/jpeg"}],"twitter_card":"summary_large_image","twitter_misc":{"Est. reading time":"1 minute"},"schema":{"@context":"https:\/\/schema.org","@graph":[{"@type":"WebPage","@id":"https:\/\/stilanddesign.se\/produkt\/%f0%9f%a4%8d-oversized-skjorta-modern-minimalism-avslappnad-chic-%f0%9f%a4%8d\/","url":"https:\/\/stilanddesign.se\/produkt\/%f0%9f%a4%8d-oversized-skjorta-modern-minimalism-avslappnad-chic-%f0%9f%a4%8d\/","name":"\ud83e\udd0d Oversized Skjorta \u2013 Modern Minimalism & Avslappnad Chic \ud83e\udd0d - Stil &amp; Design","isPartOf":{"@id":"https:\/\/stilanddesign.se\/#website"},"primaryImageOfPage":{"@id":"https:\/\/stilanddesign.se\/produkt\/%f0%9f%a4%8d-oversized-skjorta-modern-minimalism-avslappnad-chic-%f0%9f%a4%8d\/#primaryimage"},"image":{"@id":"https:\/\/stilanddesign.se\/produkt\/%f0%9f%a4%8d-oversized-skjorta-modern-minimalism-avslappnad-chic-%f0%9f%a4%8d\/#primaryimage"},"thumbnailUrl":"https:\/\/stilanddesign.se\/wp-content\/uploads\/2026\/02\/10-ella-n.sh10_900x1300c.jpg","datePublished":"2026-03-31T15:16:15+00:00","dateModified":"2026-04-13T11:09:35+00:00","breadcrumb":{"@id":"https:\/\/stilanddesign.se\/produkt\/%f0%9f%a4%8d-oversized-skjorta-modern-minimalism-avslappnad-chic-%f0%9f%a4%8d\/#breadcrumb"},"inLanguage":"en-US","potentialAction":[{"@type":"ReadAction","target":["https:\/\/stilanddesign.se\/produkt\/%f0%9f%a4%8d-oversized-skjorta-modern-minimalism-avslappnad-chic-%f0%9f%a4%8d\/"]}]},{"@type":"ImageObject","inLanguage":"en-US","@id":"https:\/\/stilanddesign.se\/produkt\/%f0%9f%a4%8d-oversized-skjorta-modern-minimalism-avslappnad-chic-%f0%9f%a4%8d\/#primaryimage","url":"https:\/\/stilanddesign.se\/wp-content\/uploads\/2026\/02\/10-ella-n.sh10_900x1300c.jpg","contentUrl":"https:\/\/stilanddesign.se\/wp-content\/uploads\/2026\/02\/10-ella-n.sh10_900x1300c.jpg","width":900,"height":1300},{"@type":"BreadcrumbList","@id":"https:\/\/stilanddesign.se\/produkt\/%f0%9f%a4%8d-oversized-skjorta-modern-minimalism-avslappnad-chic-%f0%9f%a4%8d\/#breadcrumb","itemListElement":[{"@type":"ListItem","position":1,"name":"Hem","item":"https:\/\/stilanddesign.se\/"},{"@type":"ListItem","position":2,"name":"Butiken","item":"https:\/\/stilanddesign.se\/butiken\/"},{"@type":"ListItem","position":3,"name":"\ud83e\udd0d Oversized Skjorta \u2013 Modern Minimalism &#038; Avslappnad Chic \ud83e\udd0d"}]},{"@type":"WebSite","@id":"https:\/\/stilanddesign.se\/#website","url":"https:\/\/stilanddesign.se\/","name":"Style &amp; Design","description":"For those of us who love fashion!","publisher":{"@id":"https:\/\/stilanddesign.se\/#organization"},"potentialAction":[{"@type":"SearchAction","target":{"@type":"EntryPoint","urlTemplate":"https:\/\/stilanddesign.se\/?s={search_term_string}"},"query-input":{"@type":"PropertyValueSpecification","valueRequired":true,"valueName":"search_term_string"}}],"inLanguage":"en-US"},{"@type":"Organization","@id":"https:\/\/stilanddesign.se\/#organization","name":"Style &amp; Design","url":"https:\/\/stilanddesign.se\/","logo":{"@type":"ImageObject","inLanguage":"en-US","@id":"https:\/\/stilanddesign.se\/#\/schema\/logo\/image\/","url":"https:\/\/stilanddesign.se\/wp-content\/uploads\/2023\/12\/output-onlinepngtools-e1727784413220.png","contentUrl":"https:\/\/stilanddesign.se\/wp-content\/uploads\/2023\/12\/output-onlinepngtools-e1727784413220.png","width":519,"height":135,"caption":"Stil &amp; Design"},"image":{"@id":"https:\/\/stilanddesign.se\/#\/schema\/logo\/image\/"}}]}},"_links":{"self":[{"href":"https:\/\/stilanddesign.se\/en\/wp-json\/wp\/v2\/product\/1065603","targetHints":{"allow":["GET"]}}],"collection":[{"href":"https:\/\/stilanddesign.se\/en\/wp-json\/wp\/v2\/product"}],"about":[{"href":"https:\/\/stilanddesign.se\/en\/wp-json\/wp\/v2\/types\/product"}],"replies":[{"embeddable":true,"href":"https:\/\/stilanddesign.se\/en\/wp-json\/wp\/v2\/comments?post=1065603"}],"wp:featuredmedia":[{"embeddable":true,"href":"https:\/\/stilanddesign.se\/en\/wp-json\/wp\/v2\/media\/1065610"}],"wp:attachment":[{"href":"https:\/\/stilanddesign.se\/en\/wp-json\/wp\/v2\/media?parent=1065603"}],"wp:term":[{"taxonomy":"product_brand","embeddable":true,"href":"https:\/\/stilanddesign.se\/en\/wp-json\/wp\/v2\/product_brand?post=1065603"},{"taxonomy":"product_cat","embeddable":true,"href":"https:\/\/stilanddesign.se\/en\/wp-json\/wp\/v2\/product_cat?post=1065603"},{"taxonomy":"product_tag","embeddable":true,"href":"https:\/\/stilanddesign.se\/en\/wp-json\/wp\/v2\/product_tag?post=1065603"}],"curies":[{"name":"wp","href":"https:\/\/api.w.org\/{rel}","templated":true}]}}