{"id":1065345,"date":"2026-02-13T07:58:44","date_gmt":"2026-02-13T06:58:44","guid":{"rendered":"https:\/\/stilanddesign.se\/?post_type=product&#038;p=1065345"},"modified":"2026-04-09T13:15:04","modified_gmt":"2026-04-09T11:15:04","slug":"%e2%9c%a8-plisserad-kjol-sisters-point-%e2%9c%a8","status":"publish","type":"product","link":"https:\/\/stilanddesign.se\/en\/product\/%e2%9c%a8-plisserad-kjol-sisters-point-%e2%9c%a8\/","title":{"rendered":"\u2728 Pleated skirt \u2013 Sisters Point \u2728"},"content":{"rendered":"<p data-start=\"66\" data-end=\"106\">\u2728 <strong data-start=\"68\" data-end=\"102\">Pleated skirt \u2013 Sisters Point<\/strong> \u2728<\/p>\n<p data-start=\"108\" data-end=\"318\">A stylish and timeless pleated skirt that is perfect for both everyday wear and parties. The soft and supple quality gives a beautiful drape, while the elastic waist makes it extra comfortable to wear all day.<\/p>\n<p data-start=\"320\" data-end=\"424\">The skirt is easy to style with everything from a knitted sweater and sneakers to an elegant blouse and heels.<\/p>\n<p data-start=\"426\" data-end=\"444\">\ud83c\udf3f <strong data-start=\"429\" data-end=\"442\">Details:<\/strong><\/p>\n<ul data-start=\"445\" data-end=\"598\">\n<li data-start=\"445\" data-end=\"479\">\n<p data-start=\"447\" data-end=\"479\">Pleated design with a nice drape<\/p>\n<\/li>\n<li data-start=\"480\" data-end=\"516\">\n<p data-start=\"482\" data-end=\"516\">Elastic waist for best comfort<\/p>\n<\/li>\n<li data-start=\"517\" data-end=\"562\">\n<p data-start=\"519\" data-end=\"562\">Fully lined for a stylish and secure fit<\/p>\n<\/li>\n<li data-start=\"563\" data-end=\"598\">\n<p data-start=\"565\" data-end=\"598\">Classic and easy-to-match model<\/p>\n<\/li>\n<\/ul>\n<p data-start=\"600\" data-end=\"623\">\ud83d\udccf <strong data-start=\"603\" data-end=\"615\">Size:<\/strong> XS\u2013XL<\/p>\n<p data-start=\"625\" data-end=\"643\">\ud83e\uddf5 <strong data-start=\"628\" data-end=\"641\">Material:<\/strong><\/p>\n<ul data-start=\"644\" data-end=\"704\">\n<li data-start=\"644\" data-end=\"661\">\n<p data-start=\"646\" data-end=\"661\">95% Polyester<\/p>\n<\/li>\n<li data-start=\"662\" data-end=\"704\">\n<p data-start=\"664\" data-end=\"704\">5% Elastane<br data-start=\"674\" data-end=\"677\" \/><strong data-start=\"677\" data-end=\"687\">Lining:<\/strong> 100% Polyester<\/p>\n<\/li>\n<\/ul>\n<p data-start=\"706\" data-end=\"761\">A perfect wardrobe classic that works all year round \ud83e\udd0d<\/p>","protected":false},"excerpt":{"rendered":"<p data-start=\"66\" data-end=\"106\">\u2728 <strong data-start=\"68\" data-end=\"102\">Pleated skirt \u2013 Sisters Point<\/strong> \u2728<\/p>\n<p data-start=\"108\" data-end=\"318\">A stylish and timeless pleated skirt that is perfect for both everyday wear and parties. The soft and supple quality gives a beautiful drape, while the elastic waist makes it extra comfortable to wear all day.<\/p>\n<p data-start=\"320\" data-end=\"424\">The skirt is easy to style with everything from a knitted sweater and sneakers to an elegant blouse and heels.<\/p>\n<p data-start=\"426\" data-end=\"444\">\ud83c\udf3f <strong data-start=\"429\" data-end=\"442\">Details:<\/strong><\/p>\n<ul data-start=\"445\" data-end=\"598\">\n<li data-start=\"445\" data-end=\"479\">\n<p data-start=\"447\" data-end=\"479\">Pleated design with a nice drape<\/p>\n<\/li>\n<li data-start=\"480\" data-end=\"516\">\n<p data-start=\"482\" data-end=\"516\">Elastic waist for best comfort<\/p>\n<\/li>\n<li data-start=\"517\" data-end=\"562\">\n<p data-start=\"519\" data-end=\"562\">Fully lined for a stylish and secure fit<\/p>\n<\/li>\n<li data-start=\"563\" data-end=\"598\">\n<p data-start=\"565\" data-end=\"598\">Classic and easy-to-match model<\/p>\n<\/li>\n<\/ul>\n<p data-start=\"600\" data-end=\"623\">\ud83d\udccf <strong data-start=\"603\" data-end=\"615\">Size:<\/strong> XS\u2013XL<\/p>\n<p data-start=\"625\" data-end=\"643\">\ud83e\uddf5 <strong data-start=\"628\" data-end=\"641\">Material:<\/strong><\/p>\n<ul data-start=\"644\" data-end=\"704\">\n<li data-start=\"644\" data-end=\"661\">\n<p data-start=\"646\" data-end=\"661\">95% Polyester<\/p>\n<\/li>\n<li data-start=\"662\" data-end=\"704\">\n<p data-start=\"664\" data-end=\"704\">5% Elastane<br data-start=\"674\" data-end=\"677\" \/><strong data-start=\"677\" data-end=\"687\">Lining:<\/strong> 100% Polyester<\/p>\n<\/li>\n<\/ul>\n<p data-start=\"706\" data-end=\"761\">A perfect wardrobe classic that works all year round \ud83e\udd0d<\/p>","protected":false},"featured_media":1065351,"comment_status":"closed","ping_status":"closed","template":"","meta":[],"product_brand":[],"product_cat":[221],"product_tag":[],"class_list":{"0":"post-1065345","1":"product","2":"type-product","3":"status-publish","4":"has-post-thumbnail","6":"product_cat-kjolar","8":"first","9":"instock","10":"taxable","11":"shipping-taxable","12":"purchasable","13":"product-type-variable"},"yoast_head":"<!-- This site is optimized with the Yoast SEO Premium plugin v27.1 (Yoast SEO v27.4) - https:\/\/yoast.com\/product\/yoast-seo-premium-wordpress\/ -->\n<title>\u2728 Plisserad kjol \u2013 Sisters Point \u2728 - Stil &amp; Design<\/title>\n<meta name=\"robots\" content=\"index, follow, max-snippet:-1, max-image-preview:large, max-video-preview:-1\" \/>\n<link rel=\"canonical\" href=\"https:\/\/stilanddesign.se\/en\/product\/\u2728-plisserad-kjol-sisters-point-\u2728\/\" \/>\n<meta property=\"og:locale\" content=\"en_US\" \/>\n<meta property=\"og:type\" content=\"article\" \/>\n<meta property=\"og:title\" content=\"\u2728 Plisserad kjol \u2013 Sisters Point \u2728\" \/>\n<meta property=\"og:description\" content=\"\u2728 Plisserad kjol \u2013 Sisters Point \u2728 En stilren och tidl\u00f6s plisserad kjol som passar perfekt till b\u00e5de vardag och fest. Den mjuka och f\u00f6ljsamma kvaliteten ger ett vackert fall, medan den elastiska midjan g\u00f6r den extra bekv\u00e4m att b\u00e4ra hela dagen. Kjolen \u00e4r l\u00e4tt att styla med allt fr\u00e5n en stickad tr\u00f6ja och sneakers till en elegant blus och klackar. \ud83c\udf3f Detaljer:     Plisserad design med fint fall    Elastisk midja f\u00f6r b\u00e4sta komfort    Helfodrad f\u00f6r en snygg och s\u00e4ker passform    Klassisk och l\u00e4ttmatchad modell   \ud83d\udccf Storlek: XS\u2013XL \ud83e\uddf5 Material:     95% Polyester    5% ElastanFoder: 100% Polyester   En perfekt garderobsklassiker som funkar \u00e5ret runt \ud83e\udd0d\" \/>\n<meta property=\"og:url\" content=\"https:\/\/stilanddesign.se\/en\/product\/\u2728-plisserad-kjol-sisters-point-\u2728\/\" \/>\n<meta property=\"og:site_name\" content=\"Stil &amp; Design\" \/>\n<meta property=\"article:modified_time\" content=\"2026-04-09T11:15:04+00:00\" \/>\n<meta property=\"og:image\" content=\"https:\/\/stilanddesign.se\/wp-content\/uploads\/2026\/02\/ChatGPT-Image-13-feb.-2026-07_58_13.png\" \/>\n\t<meta property=\"og:image:width\" content=\"1024\" \/>\n\t<meta property=\"og:image:height\" content=\"1536\" \/>\n\t<meta property=\"og:image:type\" content=\"image\/png\" \/>\n<meta name=\"twitter:card\" content=\"summary_large_image\" \/>\n<meta name=\"twitter:label1\" content=\"Est. reading time\" \/>\n\t<meta name=\"twitter:data1\" content=\"1 minute\" \/>\n<script type=\"application\/ld+json\" class=\"yoast-schema-graph\">{\"@context\":\"https:\\\/\\\/schema.org\",\"@graph\":[{\"@type\":\"WebPage\",\"@id\":\"https:\\\/\\\/stilanddesign.se\\\/produkt\\\/%e2%9c%a8-plisserad-kjol-sisters-point-%e2%9c%a8\\\/\",\"url\":\"https:\\\/\\\/stilanddesign.se\\\/produkt\\\/%e2%9c%a8-plisserad-kjol-sisters-point-%e2%9c%a8\\\/\",\"name\":\"\u2728 Plisserad kjol \u2013 Sisters Point \u2728 - Stil &amp; Design\",\"isPartOf\":{\"@id\":\"https:\\\/\\\/stilanddesign.se\\\/#website\"},\"primaryImageOfPage\":{\"@id\":\"https:\\\/\\\/stilanddesign.se\\\/produkt\\\/%e2%9c%a8-plisserad-kjol-sisters-point-%e2%9c%a8\\\/#primaryimage\"},\"image\":{\"@id\":\"https:\\\/\\\/stilanddesign.se\\\/produkt\\\/%e2%9c%a8-plisserad-kjol-sisters-point-%e2%9c%a8\\\/#primaryimage\"},\"thumbnailUrl\":\"https:\\\/\\\/stilanddesign.se\\\/wp-content\\\/uploads\\\/2026\\\/02\\\/ChatGPT-Image-13-feb.-2026-07_58_13.png\",\"datePublished\":\"2026-02-13T06:58:44+00:00\",\"dateModified\":\"2026-04-09T11:15:04+00:00\",\"breadcrumb\":{\"@id\":\"https:\\\/\\\/stilanddesign.se\\\/produkt\\\/%e2%9c%a8-plisserad-kjol-sisters-point-%e2%9c%a8\\\/#breadcrumb\"},\"inLanguage\":\"en-US\",\"potentialAction\":[{\"@type\":\"ReadAction\",\"target\":[\"https:\\\/\\\/stilanddesign.se\\\/produkt\\\/%e2%9c%a8-plisserad-kjol-sisters-point-%e2%9c%a8\\\/\"]}]},{\"@type\":\"ImageObject\",\"inLanguage\":\"en-US\",\"@id\":\"https:\\\/\\\/stilanddesign.se\\\/produkt\\\/%e2%9c%a8-plisserad-kjol-sisters-point-%e2%9c%a8\\\/#primaryimage\",\"url\":\"https:\\\/\\\/stilanddesign.se\\\/wp-content\\\/uploads\\\/2026\\\/02\\\/ChatGPT-Image-13-feb.-2026-07_58_13.png\",\"contentUrl\":\"https:\\\/\\\/stilanddesign.se\\\/wp-content\\\/uploads\\\/2026\\\/02\\\/ChatGPT-Image-13-feb.-2026-07_58_13.png\",\"width\":1024,\"height\":1536},{\"@type\":\"BreadcrumbList\",\"@id\":\"https:\\\/\\\/stilanddesign.se\\\/produkt\\\/%e2%9c%a8-plisserad-kjol-sisters-point-%e2%9c%a8\\\/#breadcrumb\",\"itemListElement\":[{\"@type\":\"ListItem\",\"position\":1,\"name\":\"Hem\",\"item\":\"https:\\\/\\\/stilanddesign.se\\\/\"},{\"@type\":\"ListItem\",\"position\":2,\"name\":\"Butiken\",\"item\":\"https:\\\/\\\/stilanddesign.se\\\/butiken\\\/\"},{\"@type\":\"ListItem\",\"position\":3,\"name\":\"\u2728 Plisserad kjol \u2013 Sisters Point \u2728\"}]},{\"@type\":\"WebSite\",\"@id\":\"https:\\\/\\\/stilanddesign.se\\\/#website\",\"url\":\"https:\\\/\\\/stilanddesign.se\\\/\",\"name\":\"Stil &amp; Design\",\"description\":\"F\u00f6r oss som \u00e4lskar mode!\",\"publisher\":{\"@id\":\"https:\\\/\\\/stilanddesign.se\\\/#organization\"},\"potentialAction\":[{\"@type\":\"SearchAction\",\"target\":{\"@type\":\"EntryPoint\",\"urlTemplate\":\"https:\\\/\\\/stilanddesign.se\\\/?s={search_term_string}\"},\"query-input\":{\"@type\":\"PropertyValueSpecification\",\"valueRequired\":true,\"valueName\":\"search_term_string\"}}],\"inLanguage\":\"en-US\"},{\"@type\":\"Organization\",\"@id\":\"https:\\\/\\\/stilanddesign.se\\\/#organization\",\"name\":\"Stil &amp; Design\",\"url\":\"https:\\\/\\\/stilanddesign.se\\\/\",\"logo\":{\"@type\":\"ImageObject\",\"inLanguage\":\"en-US\",\"@id\":\"https:\\\/\\\/stilanddesign.se\\\/#\\\/schema\\\/logo\\\/image\\\/\",\"url\":\"https:\\\/\\\/stilanddesign.se\\\/wp-content\\\/uploads\\\/2023\\\/12\\\/output-onlinepngtools-e1727784413220.png\",\"contentUrl\":\"https:\\\/\\\/stilanddesign.se\\\/wp-content\\\/uploads\\\/2023\\\/12\\\/output-onlinepngtools-e1727784413220.png\",\"width\":519,\"height\":135,\"caption\":\"Stil &amp; Design\"},\"image\":{\"@id\":\"https:\\\/\\\/stilanddesign.se\\\/#\\\/schema\\\/logo\\\/image\\\/\"}}]}<\/script>\n<!-- \/ Yoast SEO Premium plugin. -->","yoast_head_json":{"title":"\u2728 Plisserad kjol \u2013 Sisters Point \u2728 - Stil &amp; Design","robots":{"index":"index","follow":"follow","max-snippet":"max-snippet:-1","max-image-preview":"max-image-preview:large","max-video-preview":"max-video-preview:-1"},"canonical":"https:\/\/stilanddesign.se\/en\/product\/\u2728-plisserad-kjol-sisters-point-\u2728\/","og_locale":"en_US","og_type":"article","og_title":"\u2728 Plisserad kjol \u2013 Sisters Point \u2728","og_description":"\u2728 Plisserad kjol \u2013 Sisters Point \u2728 En stilren och tidl\u00f6s plisserad kjol som passar perfekt till b\u00e5de vardag och fest. Den mjuka och f\u00f6ljsamma kvaliteten ger ett vackert fall, medan den elastiska midjan g\u00f6r den extra bekv\u00e4m att b\u00e4ra hela dagen. Kjolen \u00e4r l\u00e4tt att styla med allt fr\u00e5n en stickad tr\u00f6ja och sneakers till en elegant blus och klackar. \ud83c\udf3f Detaljer:     Plisserad design med fint fall    Elastisk midja f\u00f6r b\u00e4sta komfort    Helfodrad f\u00f6r en snygg och s\u00e4ker passform    Klassisk och l\u00e4ttmatchad modell   \ud83d\udccf Storlek: XS\u2013XL \ud83e\uddf5 Material:     95% Polyester    5% ElastanFoder: 100% Polyester   En perfekt garderobsklassiker som funkar \u00e5ret runt \ud83e\udd0d","og_url":"https:\/\/stilanddesign.se\/en\/product\/\u2728-plisserad-kjol-sisters-point-\u2728\/","og_site_name":"Stil &amp; Design","article_modified_time":"2026-04-09T11:15:04+00:00","og_image":[{"width":1024,"height":1536,"url":"https:\/\/stilanddesign.se\/wp-content\/uploads\/2026\/02\/ChatGPT-Image-13-feb.-2026-07_58_13.png","type":"image\/png"}],"twitter_card":"summary_large_image","twitter_misc":{"Est. reading time":"1 minute"},"schema":{"@context":"https:\/\/schema.org","@graph":[{"@type":"WebPage","@id":"https:\/\/stilanddesign.se\/produkt\/%e2%9c%a8-plisserad-kjol-sisters-point-%e2%9c%a8\/","url":"https:\/\/stilanddesign.se\/produkt\/%e2%9c%a8-plisserad-kjol-sisters-point-%e2%9c%a8\/","name":"\u2728 Plisserad kjol \u2013 Sisters Point \u2728 - Stil &amp; Design","isPartOf":{"@id":"https:\/\/stilanddesign.se\/#website"},"primaryImageOfPage":{"@id":"https:\/\/stilanddesign.se\/produkt\/%e2%9c%a8-plisserad-kjol-sisters-point-%e2%9c%a8\/#primaryimage"},"image":{"@id":"https:\/\/stilanddesign.se\/produkt\/%e2%9c%a8-plisserad-kjol-sisters-point-%e2%9c%a8\/#primaryimage"},"thumbnailUrl":"https:\/\/stilanddesign.se\/wp-content\/uploads\/2026\/02\/ChatGPT-Image-13-feb.-2026-07_58_13.png","datePublished":"2026-02-13T06:58:44+00:00","dateModified":"2026-04-09T11:15:04+00:00","breadcrumb":{"@id":"https:\/\/stilanddesign.se\/produkt\/%e2%9c%a8-plisserad-kjol-sisters-point-%e2%9c%a8\/#breadcrumb"},"inLanguage":"en-US","potentialAction":[{"@type":"ReadAction","target":["https:\/\/stilanddesign.se\/produkt\/%e2%9c%a8-plisserad-kjol-sisters-point-%e2%9c%a8\/"]}]},{"@type":"ImageObject","inLanguage":"en-US","@id":"https:\/\/stilanddesign.se\/produkt\/%e2%9c%a8-plisserad-kjol-sisters-point-%e2%9c%a8\/#primaryimage","url":"https:\/\/stilanddesign.se\/wp-content\/uploads\/2026\/02\/ChatGPT-Image-13-feb.-2026-07_58_13.png","contentUrl":"https:\/\/stilanddesign.se\/wp-content\/uploads\/2026\/02\/ChatGPT-Image-13-feb.-2026-07_58_13.png","width":1024,"height":1536},{"@type":"BreadcrumbList","@id":"https:\/\/stilanddesign.se\/produkt\/%e2%9c%a8-plisserad-kjol-sisters-point-%e2%9c%a8\/#breadcrumb","itemListElement":[{"@type":"ListItem","position":1,"name":"Hem","item":"https:\/\/stilanddesign.se\/"},{"@type":"ListItem","position":2,"name":"Butiken","item":"https:\/\/stilanddesign.se\/butiken\/"},{"@type":"ListItem","position":3,"name":"\u2728 Plisserad kjol \u2013 Sisters Point \u2728"}]},{"@type":"WebSite","@id":"https:\/\/stilanddesign.se\/#website","url":"https:\/\/stilanddesign.se\/","name":"Style &amp; Design","description":"For those of us who love fashion!","publisher":{"@id":"https:\/\/stilanddesign.se\/#organization"},"potentialAction":[{"@type":"SearchAction","target":{"@type":"EntryPoint","urlTemplate":"https:\/\/stilanddesign.se\/?s={search_term_string}"},"query-input":{"@type":"PropertyValueSpecification","valueRequired":true,"valueName":"search_term_string"}}],"inLanguage":"en-US"},{"@type":"Organization","@id":"https:\/\/stilanddesign.se\/#organization","name":"Style &amp; Design","url":"https:\/\/stilanddesign.se\/","logo":{"@type":"ImageObject","inLanguage":"en-US","@id":"https:\/\/stilanddesign.se\/#\/schema\/logo\/image\/","url":"https:\/\/stilanddesign.se\/wp-content\/uploads\/2023\/12\/output-onlinepngtools-e1727784413220.png","contentUrl":"https:\/\/stilanddesign.se\/wp-content\/uploads\/2023\/12\/output-onlinepngtools-e1727784413220.png","width":519,"height":135,"caption":"Stil &amp; Design"},"image":{"@id":"https:\/\/stilanddesign.se\/#\/schema\/logo\/image\/"}}]}},"_links":{"self":[{"href":"https:\/\/stilanddesign.se\/en\/wp-json\/wp\/v2\/product\/1065345","targetHints":{"allow":["GET"]}}],"collection":[{"href":"https:\/\/stilanddesign.se\/en\/wp-json\/wp\/v2\/product"}],"about":[{"href":"https:\/\/stilanddesign.se\/en\/wp-json\/wp\/v2\/types\/product"}],"replies":[{"embeddable":true,"href":"https:\/\/stilanddesign.se\/en\/wp-json\/wp\/v2\/comments?post=1065345"}],"wp:featuredmedia":[{"embeddable":true,"href":"https:\/\/stilanddesign.se\/en\/wp-json\/wp\/v2\/media\/1065351"}],"wp:attachment":[{"href":"https:\/\/stilanddesign.se\/en\/wp-json\/wp\/v2\/media?parent=1065345"}],"wp:term":[{"taxonomy":"product_brand","embeddable":true,"href":"https:\/\/stilanddesign.se\/en\/wp-json\/wp\/v2\/product_brand?post=1065345"},{"taxonomy":"product_cat","embeddable":true,"href":"https:\/\/stilanddesign.se\/en\/wp-json\/wp\/v2\/product_cat?post=1065345"},{"taxonomy":"product_tag","embeddable":true,"href":"https:\/\/stilanddesign.se\/en\/wp-json\/wp\/v2\/product_tag?post=1065345"}],"curies":[{"name":"wp","href":"https:\/\/api.w.org\/{rel}","templated":true}]}}