{"id":1065160,"date":"2026-04-08T10:43:08","date_gmt":"2026-04-08T08:43:08","guid":{"rendered":"https:\/\/stilanddesign.se\/?post_type=product&#038;p=1065160"},"modified":"2026-04-09T15:51:07","modified_gmt":"2026-04-09T13:51:07","slug":"%f0%9f%92%99-monstrad-klanning-elegant-bohemisk-favorit-%e2%9c%a8","status":"publish","type":"product","link":"https:\/\/stilanddesign.se\/en\/product\/%f0%9f%92%99-monstrad-klanning-elegant-bohemisk-favorit-%e2%9c%a8\/","title":{"rendered":"\ud83d\udc99 M\u00f6nstrad kl\u00e4nning \u2013 elegant &#038; bohemisk favorit \u2728"},"content":{"rendered":"<p data-start=\"0\" data-end=\"57\">\ud83d\udc99 <strong data-start=\"3\" data-end=\"53\">M\u00f6nstrad kl\u00e4nning \u2013 elegant &amp; bohemisk favorit<\/strong> \u2728<\/p>\n<p data-start=\"59\" data-end=\"271\">\ud83c\udf0a Vackert m\u00f6nster i bl\u00e5 toner<br data-start=\"89\" data-end=\"92\" \/>\ud83d\udcab Lyxig sidenk\u00e4nsla som faller mjukt<br data-start=\"129\" data-end=\"132\" \/>\ud83d\udc57 V-ringad med knappar framtill<br data-start=\"164\" data-end=\"167\" \/>\ud83c\udf80 Res\u00e5r &amp; dragsko i midjan med tofsar<br data-start=\"205\" data-end=\"208\" data-is-only-node=\"\" \/>\ud83c\udf38 Volang nertill &amp; vid \u00e4rmslut<br data-start=\"239\" data-end=\"242\" \/>\u2728 3\/4 \u00e4rm \u2013 perfekt \u00e5ret om<\/p>\n<p data-start=\"273\" data-end=\"330\">\ud83d\udccf L\u00e4ngd: ca 125 cm<br data-start=\"292\" data-end=\"295\" \/>\ud83d\udccf One size - fits approx. size 34-42<\/p>\n<p data-start=\"332\" data-end=\"360\">\ud83e\uddf5 Material: 100% polysilk<\/p>\n<p data-start=\"362\" data-end=\"456\">\ud83d\udc61 <strong data-start=\"365\" data-end=\"381\">Styling tips:<\/strong> Matcha med sandaler f\u00f6r vardag eller klackar f\u00f6r en mer uppkl\u00e4dd look \ud83d\udc95<\/p>\n<p data-start=\"458\" data-end=\"527\" data-is-last-node=\"\" data-is-only-node=\"\">\ud83d\udc96 En kl\u00e4nning som kombinerar elegans med en avslappnad boho-k\u00e4nsla \u2728<\/p>\n<p>&nbsp;<\/p>\n<p>&nbsp;<\/p>","protected":false},"excerpt":{"rendered":"<p data-start=\"0\" data-end=\"57\">\ud83d\udc99 <strong data-start=\"3\" data-end=\"53\">M\u00f6nstrad kl\u00e4nning \u2013 elegant &amp; bohemisk favorit<\/strong> \u2728<\/p>\n<p data-start=\"59\" data-end=\"271\">\ud83c\udf0a Vackert m\u00f6nster i bl\u00e5 toner<br data-start=\"89\" data-end=\"92\" \/>\ud83d\udcab Lyxig sidenk\u00e4nsla som faller mjukt<br data-start=\"129\" data-end=\"132\" \/>\ud83d\udc57 V-ringad med knappar framtill<br data-start=\"164\" data-end=\"167\" \/>\ud83c\udf80 Res\u00e5r &amp; dragsko i midjan med tofsar<br data-start=\"205\" data-end=\"208\" data-is-only-node=\"\" \/>\ud83c\udf38 Volang nertill &amp; vid \u00e4rmslut<br data-start=\"239\" data-end=\"242\" \/>\u2728 3\/4 \u00e4rm \u2013 perfekt \u00e5ret om<\/p>\n<p data-start=\"273\" data-end=\"330\">\ud83d\udccf L\u00e4ngd: ca 125 cm<br data-start=\"292\" data-end=\"295\" \/>\ud83d\udccf One size - fits approx. size 34-42<\/p>\n<p data-start=\"332\" data-end=\"360\">\ud83e\uddf5 Material: 100% polysilk<\/p>\n<p data-start=\"362\" data-end=\"456\">\ud83d\udc61 <strong data-start=\"365\" data-end=\"381\">Styling tips:<\/strong> Matcha med sandaler f\u00f6r vardag eller klackar f\u00f6r en mer uppkl\u00e4dd look \ud83d\udc95<\/p>\n<p data-start=\"458\" data-end=\"527\" data-is-last-node=\"\" data-is-only-node=\"\">\ud83d\udc96 En kl\u00e4nning som kombinerar elegans med en avslappnad boho-k\u00e4nsla \u2728<\/p>","protected":false},"featured_media":1065152,"comment_status":"closed","ping_status":"closed","template":"","meta":[],"product_brand":[],"product_cat":[209],"product_tag":[],"class_list":{"0":"post-1065160","1":"product","2":"type-product","3":"status-publish","4":"has-post-thumbnail","6":"product_cat-reaprodukter","8":"first","9":"outofstock","10":"taxable","11":"shipping-taxable","12":"product-type-variable"},"yoast_head":"<!-- This site is optimized with the Yoast SEO Premium plugin v27.1 (Yoast SEO v27.4) - https:\/\/yoast.com\/product\/yoast-seo-premium-wordpress\/ -->\n<title>\ud83d\udc99 M\u00f6nstrad kl\u00e4nning \u2013 elegant &amp; bohemisk favorit \u2728 - Stil &amp; Design<\/title>\n<meta name=\"robots\" content=\"index, follow, max-snippet:-1, max-image-preview:large, max-video-preview:-1\" \/>\n<link rel=\"canonical\" href=\"https:\/\/stilanddesign.se\/en\/product\/\ud83d\udc99-monstrad-klanning-elegant-bohemisk-favorit-\u2728\/\" \/>\n<meta property=\"og:locale\" content=\"en_US\" \/>\n<meta property=\"og:type\" content=\"article\" \/>\n<meta property=\"og:title\" content=\"\ud83d\udc99 M\u00f6nstrad kl\u00e4nning \u2013 elegant &amp; bohemisk favorit \u2728\" \/>\n<meta property=\"og:description\" content=\"\ud83d\udc99 M\u00f6nstrad kl\u00e4nning \u2013 elegant &amp; bohemisk favorit \u2728 \ud83c\udf0a Vackert m\u00f6nster i bl\u00e5 toner\ud83d\udcab Lyxig sidenk\u00e4nsla som faller mjukt\ud83d\udc57 V-ringad med knappar framtill\ud83c\udf80 Res\u00e5r &amp; dragsko i midjan med tofsar\ud83c\udf38 Volang nertill &amp; vid \u00e4rmslut\u2728 3\/4 \u00e4rm \u2013 perfekt \u00e5ret om \ud83d\udccf L\u00e4ngd: ca 125 cm\ud83d\udccf One size \u2013 passar ca stl 34\u201342 \ud83e\uddf5 Material: 100% polysilk \ud83d\udc61 Stylingtips: Matcha med sandaler f\u00f6r vardag eller klackar f\u00f6r en mer uppkl\u00e4dd look \ud83d\udc95 \ud83d\udc96 En kl\u00e4nning som kombinerar elegans med en avslappnad boho-k\u00e4nsla \u2728\" \/>\n<meta property=\"og:url\" content=\"https:\/\/stilanddesign.se\/en\/product\/\ud83d\udc99-monstrad-klanning-elegant-bohemisk-favorit-\u2728\/\" \/>\n<meta property=\"og:site_name\" content=\"Stil &amp; Design\" \/>\n<meta property=\"article:modified_time\" content=\"2026-04-09T13:51:07+00:00\" \/>\n<meta name=\"twitter:card\" content=\"summary_large_image\" \/>\n<meta name=\"twitter:label1\" content=\"Est. reading time\" \/>\n\t<meta name=\"twitter:data1\" content=\"1 minute\" \/>\n<script type=\"application\/ld+json\" class=\"yoast-schema-graph\">{\"@context\":\"https:\\\/\\\/schema.org\",\"@graph\":[{\"@type\":\"WebPage\",\"@id\":\"https:\\\/\\\/stilanddesign.se\\\/produkt\\\/%f0%9f%92%99-monstrad-klanning-elegant-bohemisk-favorit-%e2%9c%a8\\\/\",\"url\":\"https:\\\/\\\/stilanddesign.se\\\/produkt\\\/%f0%9f%92%99-monstrad-klanning-elegant-bohemisk-favorit-%e2%9c%a8\\\/\",\"name\":\"\ud83d\udc99 M\u00f6nstrad kl\u00e4nning \u2013 elegant & bohemisk favorit \u2728 - Stil &amp; Design\",\"isPartOf\":{\"@id\":\"https:\\\/\\\/stilanddesign.se\\\/#website\"},\"primaryImageOfPage\":{\"@id\":\"https:\\\/\\\/stilanddesign.se\\\/produkt\\\/%f0%9f%92%99-monstrad-klanning-elegant-bohemisk-favorit-%e2%9c%a8\\\/#primaryimage\"},\"image\":{\"@id\":\"https:\\\/\\\/stilanddesign.se\\\/produkt\\\/%f0%9f%92%99-monstrad-klanning-elegant-bohemisk-favorit-%e2%9c%a8\\\/#primaryimage\"},\"thumbnailUrl\":\"https:\\\/\\\/stilanddesign.se\\\/wp-content\\\/uploads\\\/2026\\\/02\\\/76765433333333.jpg\",\"datePublished\":\"2026-04-08T08:43:08+00:00\",\"dateModified\":\"2026-04-09T13:51:07+00:00\",\"breadcrumb\":{\"@id\":\"https:\\\/\\\/stilanddesign.se\\\/produkt\\\/%f0%9f%92%99-monstrad-klanning-elegant-bohemisk-favorit-%e2%9c%a8\\\/#breadcrumb\"},\"inLanguage\":\"en-US\",\"potentialAction\":[{\"@type\":\"ReadAction\",\"target\":[\"https:\\\/\\\/stilanddesign.se\\\/produkt\\\/%f0%9f%92%99-monstrad-klanning-elegant-bohemisk-favorit-%e2%9c%a8\\\/\"]}]},{\"@type\":\"ImageObject\",\"inLanguage\":\"en-US\",\"@id\":\"https:\\\/\\\/stilanddesign.se\\\/produkt\\\/%f0%9f%92%99-monstrad-klanning-elegant-bohemisk-favorit-%e2%9c%a8\\\/#primaryimage\",\"url\":\"https:\\\/\\\/stilanddesign.se\\\/wp-content\\\/uploads\\\/2026\\\/02\\\/76765433333333.jpg\",\"contentUrl\":\"https:\\\/\\\/stilanddesign.se\\\/wp-content\\\/uploads\\\/2026\\\/02\\\/76765433333333.jpg\",\"width\":352,\"height\":640,\"caption\":\"Kl\u00e4nning i m\u00f6nstrad bl\u00e5\"},{\"@type\":\"BreadcrumbList\",\"@id\":\"https:\\\/\\\/stilanddesign.se\\\/produkt\\\/%f0%9f%92%99-monstrad-klanning-elegant-bohemisk-favorit-%e2%9c%a8\\\/#breadcrumb\",\"itemListElement\":[{\"@type\":\"ListItem\",\"position\":1,\"name\":\"Hem\",\"item\":\"https:\\\/\\\/stilanddesign.se\\\/\"},{\"@type\":\"ListItem\",\"position\":2,\"name\":\"Butiken\",\"item\":\"https:\\\/\\\/stilanddesign.se\\\/butiken\\\/\"},{\"@type\":\"ListItem\",\"position\":3,\"name\":\"\ud83d\udc99 M\u00f6nstrad kl\u00e4nning \u2013 elegant &#038; bohemisk favorit \u2728\"}]},{\"@type\":\"WebSite\",\"@id\":\"https:\\\/\\\/stilanddesign.se\\\/#website\",\"url\":\"https:\\\/\\\/stilanddesign.se\\\/\",\"name\":\"Stil &amp; Design\",\"description\":\"F\u00f6r oss som \u00e4lskar mode!\",\"publisher\":{\"@id\":\"https:\\\/\\\/stilanddesign.se\\\/#organization\"},\"potentialAction\":[{\"@type\":\"SearchAction\",\"target\":{\"@type\":\"EntryPoint\",\"urlTemplate\":\"https:\\\/\\\/stilanddesign.se\\\/?s={search_term_string}\"},\"query-input\":{\"@type\":\"PropertyValueSpecification\",\"valueRequired\":true,\"valueName\":\"search_term_string\"}}],\"inLanguage\":\"en-US\"},{\"@type\":\"Organization\",\"@id\":\"https:\\\/\\\/stilanddesign.se\\\/#organization\",\"name\":\"Stil &amp; Design\",\"url\":\"https:\\\/\\\/stilanddesign.se\\\/\",\"logo\":{\"@type\":\"ImageObject\",\"inLanguage\":\"en-US\",\"@id\":\"https:\\\/\\\/stilanddesign.se\\\/#\\\/schema\\\/logo\\\/image\\\/\",\"url\":\"https:\\\/\\\/stilanddesign.se\\\/wp-content\\\/uploads\\\/2023\\\/12\\\/output-onlinepngtools-e1727784413220.png\",\"contentUrl\":\"https:\\\/\\\/stilanddesign.se\\\/wp-content\\\/uploads\\\/2023\\\/12\\\/output-onlinepngtools-e1727784413220.png\",\"width\":519,\"height\":135,\"caption\":\"Stil &amp; Design\"},\"image\":{\"@id\":\"https:\\\/\\\/stilanddesign.se\\\/#\\\/schema\\\/logo\\\/image\\\/\"}}]}<\/script>\n<!-- \/ Yoast SEO Premium plugin. -->","yoast_head_json":{"title":"\ud83d\udc99 M\u00f6nstrad kl\u00e4nning \u2013 elegant & bohemisk favorit \u2728 - Stil &amp; Design","robots":{"index":"index","follow":"follow","max-snippet":"max-snippet:-1","max-image-preview":"max-image-preview:large","max-video-preview":"max-video-preview:-1"},"canonical":"https:\/\/stilanddesign.se\/en\/product\/\ud83d\udc99-monstrad-klanning-elegant-bohemisk-favorit-\u2728\/","og_locale":"en_US","og_type":"article","og_title":"\ud83d\udc99 M\u00f6nstrad kl\u00e4nning \u2013 elegant & bohemisk favorit \u2728","og_description":"\ud83d\udc99 M\u00f6nstrad kl\u00e4nning \u2013 elegant &amp; bohemisk favorit \u2728 \ud83c\udf0a Vackert m\u00f6nster i bl\u00e5 toner\ud83d\udcab Lyxig sidenk\u00e4nsla som faller mjukt\ud83d\udc57 V-ringad med knappar framtill\ud83c\udf80 Res\u00e5r &amp; dragsko i midjan med tofsar\ud83c\udf38 Volang nertill &amp; vid \u00e4rmslut\u2728 3\/4 \u00e4rm \u2013 perfekt \u00e5ret om \ud83d\udccf L\u00e4ngd: ca 125 cm\ud83d\udccf One size \u2013 passar ca stl 34\u201342 \ud83e\uddf5 Material: 100% polysilk \ud83d\udc61 Stylingtips: Matcha med sandaler f\u00f6r vardag eller klackar f\u00f6r en mer uppkl\u00e4dd look \ud83d\udc95 \ud83d\udc96 En kl\u00e4nning som kombinerar elegans med en avslappnad boho-k\u00e4nsla \u2728","og_url":"https:\/\/stilanddesign.se\/en\/product\/\ud83d\udc99-monstrad-klanning-elegant-bohemisk-favorit-\u2728\/","og_site_name":"Stil &amp; Design","article_modified_time":"2026-04-09T13:51:07+00:00","twitter_card":"summary_large_image","twitter_misc":{"Est. reading time":"1 minute"},"schema":{"@context":"https:\/\/schema.org","@graph":[{"@type":"WebPage","@id":"https:\/\/stilanddesign.se\/produkt\/%f0%9f%92%99-monstrad-klanning-elegant-bohemisk-favorit-%e2%9c%a8\/","url":"https:\/\/stilanddesign.se\/produkt\/%f0%9f%92%99-monstrad-klanning-elegant-bohemisk-favorit-%e2%9c%a8\/","name":"\ud83d\udc99 M\u00f6nstrad kl\u00e4nning \u2013 elegant & bohemisk favorit \u2728 - Stil &amp; Design","isPartOf":{"@id":"https:\/\/stilanddesign.se\/#website"},"primaryImageOfPage":{"@id":"https:\/\/stilanddesign.se\/produkt\/%f0%9f%92%99-monstrad-klanning-elegant-bohemisk-favorit-%e2%9c%a8\/#primaryimage"},"image":{"@id":"https:\/\/stilanddesign.se\/produkt\/%f0%9f%92%99-monstrad-klanning-elegant-bohemisk-favorit-%e2%9c%a8\/#primaryimage"},"thumbnailUrl":"https:\/\/stilanddesign.se\/wp-content\/uploads\/2026\/02\/76765433333333.jpg","datePublished":"2026-04-08T08:43:08+00:00","dateModified":"2026-04-09T13:51:07+00:00","breadcrumb":{"@id":"https:\/\/stilanddesign.se\/produkt\/%f0%9f%92%99-monstrad-klanning-elegant-bohemisk-favorit-%e2%9c%a8\/#breadcrumb"},"inLanguage":"en-US","potentialAction":[{"@type":"ReadAction","target":["https:\/\/stilanddesign.se\/produkt\/%f0%9f%92%99-monstrad-klanning-elegant-bohemisk-favorit-%e2%9c%a8\/"]}]},{"@type":"ImageObject","inLanguage":"en-US","@id":"https:\/\/stilanddesign.se\/produkt\/%f0%9f%92%99-monstrad-klanning-elegant-bohemisk-favorit-%e2%9c%a8\/#primaryimage","url":"https:\/\/stilanddesign.se\/wp-content\/uploads\/2026\/02\/76765433333333.jpg","contentUrl":"https:\/\/stilanddesign.se\/wp-content\/uploads\/2026\/02\/76765433333333.jpg","width":352,"height":640,"caption":"Kl\u00e4nning i m\u00f6nstrad bl\u00e5"},{"@type":"BreadcrumbList","@id":"https:\/\/stilanddesign.se\/produkt\/%f0%9f%92%99-monstrad-klanning-elegant-bohemisk-favorit-%e2%9c%a8\/#breadcrumb","itemListElement":[{"@type":"ListItem","position":1,"name":"Hem","item":"https:\/\/stilanddesign.se\/"},{"@type":"ListItem","position":2,"name":"Butiken","item":"https:\/\/stilanddesign.se\/butiken\/"},{"@type":"ListItem","position":3,"name":"\ud83d\udc99 M\u00f6nstrad kl\u00e4nning \u2013 elegant &#038; bohemisk favorit \u2728"}]},{"@type":"WebSite","@id":"https:\/\/stilanddesign.se\/#website","url":"https:\/\/stilanddesign.se\/","name":"Style &amp; Design","description":"For those of us who love fashion!","publisher":{"@id":"https:\/\/stilanddesign.se\/#organization"},"potentialAction":[{"@type":"SearchAction","target":{"@type":"EntryPoint","urlTemplate":"https:\/\/stilanddesign.se\/?s={search_term_string}"},"query-input":{"@type":"PropertyValueSpecification","valueRequired":true,"valueName":"search_term_string"}}],"inLanguage":"en-US"},{"@type":"Organization","@id":"https:\/\/stilanddesign.se\/#organization","name":"Style &amp; Design","url":"https:\/\/stilanddesign.se\/","logo":{"@type":"ImageObject","inLanguage":"en-US","@id":"https:\/\/stilanddesign.se\/#\/schema\/logo\/image\/","url":"https:\/\/stilanddesign.se\/wp-content\/uploads\/2023\/12\/output-onlinepngtools-e1727784413220.png","contentUrl":"https:\/\/stilanddesign.se\/wp-content\/uploads\/2023\/12\/output-onlinepngtools-e1727784413220.png","width":519,"height":135,"caption":"Stil &amp; Design"},"image":{"@id":"https:\/\/stilanddesign.se\/#\/schema\/logo\/image\/"}}]}},"_links":{"self":[{"href":"https:\/\/stilanddesign.se\/en\/wp-json\/wp\/v2\/product\/1065160","targetHints":{"allow":["GET"]}}],"collection":[{"href":"https:\/\/stilanddesign.se\/en\/wp-json\/wp\/v2\/product"}],"about":[{"href":"https:\/\/stilanddesign.se\/en\/wp-json\/wp\/v2\/types\/product"}],"replies":[{"embeddable":true,"href":"https:\/\/stilanddesign.se\/en\/wp-json\/wp\/v2\/comments?post=1065160"}],"wp:featuredmedia":[{"embeddable":true,"href":"https:\/\/stilanddesign.se\/en\/wp-json\/wp\/v2\/media\/1065152"}],"wp:attachment":[{"href":"https:\/\/stilanddesign.se\/en\/wp-json\/wp\/v2\/media?parent=1065160"}],"wp:term":[{"taxonomy":"product_brand","embeddable":true,"href":"https:\/\/stilanddesign.se\/en\/wp-json\/wp\/v2\/product_brand?post=1065160"},{"taxonomy":"product_cat","embeddable":true,"href":"https:\/\/stilanddesign.se\/en\/wp-json\/wp\/v2\/product_cat?post=1065160"},{"taxonomy":"product_tag","embeddable":true,"href":"https:\/\/stilanddesign.se\/en\/wp-json\/wp\/v2\/product_tag?post=1065160"}],"curies":[{"name":"wp","href":"https:\/\/api.w.org\/{rel}","templated":true}]}}