{"id":1065156,"date":"2026-02-12T10:11:55","date_gmt":"2026-02-12T09:11:55","guid":{"rendered":"https:\/\/stilanddesign.se\/?post_type=product&#038;p=1065156"},"modified":"2026-03-05T12:31:50","modified_gmt":"2026-03-05T11:31:50","slug":"harlig-klanning-i-monstrad-orange","status":"publish","type":"product","link":"https:\/\/stilanddesign.se\/en\/product\/harlig-klanning-i-monstrad-orange\/","title":{"rendered":"Lovely dress in patterned orange"},"content":{"rendered":"<p>Fantastically beautiful patterned dress in orange<\/p>\n<p>The dress has a luxurious silk feel<\/p>\n<p>Slightly v-neck at the front and fastens with buttons at the chest<\/p>\n<p>Has a thin elastic and drawstring at the waist with small tassels<\/p>\n<p>The dress has a ruffle trim at the bottom.<\/p>\n<p>3\/4 length sleeves with a ruffle trim at the cuffs<\/p>\n<p>Length from shoulder to bottom is: 125 cm<\/p>\n<p>One size, fits approx. size 34-42<\/p>\n<p>Material: 100% polysilk<\/p>\n<p>&nbsp;<\/p>\n<p>&nbsp;<\/p>","protected":false},"excerpt":{"rendered":"<p>Fantastically beautiful patterned dress in orange<\/p>\n<p>The dress has a luxurious silk feel<\/p>\n<p>Slightly v-neck at the front and fastens with buttons at the chest<\/p>\n<p>Has a thin elastic and drawstring at the waist with small tassels<\/p>\n<p>The dress has a ruffle trim at the bottom.<\/p>\n<p>3\/4 length sleeves with a ruffle trim at the cuffs<\/p>\n<p>Length from shoulder to bottom is: 125 cm<\/p>\n<p>One size, fits approx. size 34-42<\/p>\n<p>Material: 100% polysilk<\/p>","protected":false},"featured_media":1065151,"comment_status":"closed","ping_status":"closed","template":"","meta":[],"product_brand":[],"product_cat":[215],"product_tag":[],"class_list":{"0":"post-1065156","1":"product","2":"type-product","3":"status-publish","4":"has-post-thumbnail","6":"product_cat-klanningar","8":"first","9":"instock","10":"taxable","11":"shipping-taxable","12":"purchasable","13":"product-type-variable"},"yoast_head":"<!-- This site is optimized with the Yoast SEO Premium plugin v27.1 (Yoast SEO v27.4) - https:\/\/yoast.com\/product\/yoast-seo-premium-wordpress\/ -->\n<title>H\u00e4rlig kl\u00e4nning i m\u00f6nstrad orange - Stil &amp; Design<\/title>\n<meta name=\"robots\" content=\"index, follow, max-snippet:-1, max-image-preview:large, max-video-preview:-1\" \/>\n<link rel=\"canonical\" href=\"https:\/\/stilanddesign.se\/en\/product\/harlig-klanning-i-monstrad-orange\/\" \/>\n<meta property=\"og:locale\" content=\"en_US\" \/>\n<meta property=\"og:type\" content=\"article\" \/>\n<meta property=\"og:title\" content=\"H\u00e4rlig kl\u00e4nning i m\u00f6nstrad orange\" \/>\n<meta property=\"og:description\" content=\"Fantastiskt fin m\u00f6nstrad kl\u00e4nning i orange  Kl\u00e4nningen har en lyxig sidenk\u00e4nsla  Lite v-ringad framtill och kn\u00e4pps med knappar vid br\u00f6stet  Har en tunn res\u00e5r och dragsko i midjan med sm\u00e5 tofsar  Kl\u00e4nningen har en volangb\u00e5rd nertill  3\/4 l\u00e5ng \u00e4rm med en volangkant i \u00e4rmslut  L\u00e4ngd fr\u00e5n axel och ner \u00e4r: 125 cm  One size,passar ca stl 34-42  Material: 100% polysilk\" \/>\n<meta property=\"og:url\" content=\"https:\/\/stilanddesign.se\/en\/product\/harlig-klanning-i-monstrad-orange\/\" \/>\n<meta property=\"og:site_name\" content=\"Stil &amp; Design\" \/>\n<meta property=\"article:modified_time\" content=\"2026-03-05T11:31:50+00:00\" \/>\n<meta name=\"twitter:card\" content=\"summary_large_image\" \/>\n<meta name=\"twitter:label1\" content=\"Est. reading time\" \/>\n\t<meta name=\"twitter:data1\" content=\"1 minute\" \/>\n<script type=\"application\/ld+json\" class=\"yoast-schema-graph\">{\"@context\":\"https:\\\/\\\/schema.org\",\"@graph\":[{\"@type\":\"WebPage\",\"@id\":\"https:\\\/\\\/stilanddesign.se\\\/produkt\\\/harlig-klanning-i-monstrad-orange\\\/\",\"url\":\"https:\\\/\\\/stilanddesign.se\\\/produkt\\\/harlig-klanning-i-monstrad-orange\\\/\",\"name\":\"H\u00e4rlig kl\u00e4nning i m\u00f6nstrad orange - Stil &amp; Design\",\"isPartOf\":{\"@id\":\"https:\\\/\\\/stilanddesign.se\\\/#website\"},\"primaryImageOfPage\":{\"@id\":\"https:\\\/\\\/stilanddesign.se\\\/produkt\\\/harlig-klanning-i-monstrad-orange\\\/#primaryimage\"},\"image\":{\"@id\":\"https:\\\/\\\/stilanddesign.se\\\/produkt\\\/harlig-klanning-i-monstrad-orange\\\/#primaryimage\"},\"thumbnailUrl\":\"https:\\\/\\\/stilanddesign.se\\\/wp-content\\\/uploads\\\/2026\\\/02\\\/88787678.jpg\",\"datePublished\":\"2026-02-12T09:11:55+00:00\",\"dateModified\":\"2026-03-05T11:31:50+00:00\",\"breadcrumb\":{\"@id\":\"https:\\\/\\\/stilanddesign.se\\\/produkt\\\/harlig-klanning-i-monstrad-orange\\\/#breadcrumb\"},\"inLanguage\":\"en-US\",\"potentialAction\":[{\"@type\":\"ReadAction\",\"target\":[\"https:\\\/\\\/stilanddesign.se\\\/produkt\\\/harlig-klanning-i-monstrad-orange\\\/\"]}]},{\"@type\":\"ImageObject\",\"inLanguage\":\"en-US\",\"@id\":\"https:\\\/\\\/stilanddesign.se\\\/produkt\\\/harlig-klanning-i-monstrad-orange\\\/#primaryimage\",\"url\":\"https:\\\/\\\/stilanddesign.se\\\/wp-content\\\/uploads\\\/2026\\\/02\\\/88787678.jpg\",\"contentUrl\":\"https:\\\/\\\/stilanddesign.se\\\/wp-content\\\/uploads\\\/2026\\\/02\\\/88787678.jpg\",\"width\":480,\"height\":640,\"caption\":\"M\u00f6nstrad kl\u00e4nning i orange\"},{\"@type\":\"BreadcrumbList\",\"@id\":\"https:\\\/\\\/stilanddesign.se\\\/produkt\\\/harlig-klanning-i-monstrad-orange\\\/#breadcrumb\",\"itemListElement\":[{\"@type\":\"ListItem\",\"position\":1,\"name\":\"Hem\",\"item\":\"https:\\\/\\\/stilanddesign.se\\\/\"},{\"@type\":\"ListItem\",\"position\":2,\"name\":\"Butiken\",\"item\":\"https:\\\/\\\/stilanddesign.se\\\/butiken\\\/\"},{\"@type\":\"ListItem\",\"position\":3,\"name\":\"H\u00e4rlig kl\u00e4nning i m\u00f6nstrad orange\"}]},{\"@type\":\"WebSite\",\"@id\":\"https:\\\/\\\/stilanddesign.se\\\/#website\",\"url\":\"https:\\\/\\\/stilanddesign.se\\\/\",\"name\":\"Stil &amp; Design\",\"description\":\"F\u00f6r oss som \u00e4lskar mode!\",\"publisher\":{\"@id\":\"https:\\\/\\\/stilanddesign.se\\\/#organization\"},\"potentialAction\":[{\"@type\":\"SearchAction\",\"target\":{\"@type\":\"EntryPoint\",\"urlTemplate\":\"https:\\\/\\\/stilanddesign.se\\\/?s={search_term_string}\"},\"query-input\":{\"@type\":\"PropertyValueSpecification\",\"valueRequired\":true,\"valueName\":\"search_term_string\"}}],\"inLanguage\":\"en-US\"},{\"@type\":\"Organization\",\"@id\":\"https:\\\/\\\/stilanddesign.se\\\/#organization\",\"name\":\"Stil &amp; Design\",\"url\":\"https:\\\/\\\/stilanddesign.se\\\/\",\"logo\":{\"@type\":\"ImageObject\",\"inLanguage\":\"en-US\",\"@id\":\"https:\\\/\\\/stilanddesign.se\\\/#\\\/schema\\\/logo\\\/image\\\/\",\"url\":\"https:\\\/\\\/stilanddesign.se\\\/wp-content\\\/uploads\\\/2023\\\/12\\\/output-onlinepngtools-e1727784413220.png\",\"contentUrl\":\"https:\\\/\\\/stilanddesign.se\\\/wp-content\\\/uploads\\\/2023\\\/12\\\/output-onlinepngtools-e1727784413220.png\",\"width\":519,\"height\":135,\"caption\":\"Stil &amp; Design\"},\"image\":{\"@id\":\"https:\\\/\\\/stilanddesign.se\\\/#\\\/schema\\\/logo\\\/image\\\/\"}}]}<\/script>\n<!-- \/ Yoast SEO Premium plugin. -->","yoast_head_json":{"title":"H\u00e4rlig kl\u00e4nning i m\u00f6nstrad orange - Stil &amp; Design","robots":{"index":"index","follow":"follow","max-snippet":"max-snippet:-1","max-image-preview":"max-image-preview:large","max-video-preview":"max-video-preview:-1"},"canonical":"https:\/\/stilanddesign.se\/en\/product\/harlig-klanning-i-monstrad-orange\/","og_locale":"en_US","og_type":"article","og_title":"H\u00e4rlig kl\u00e4nning i m\u00f6nstrad orange","og_description":"Fantastiskt fin m\u00f6nstrad kl\u00e4nning i orange  Kl\u00e4nningen har en lyxig sidenk\u00e4nsla  Lite v-ringad framtill och kn\u00e4pps med knappar vid br\u00f6stet  Har en tunn res\u00e5r och dragsko i midjan med sm\u00e5 tofsar  Kl\u00e4nningen har en volangb\u00e5rd nertill  3\/4 l\u00e5ng \u00e4rm med en volangkant i \u00e4rmslut  L\u00e4ngd fr\u00e5n axel och ner \u00e4r: 125 cm  One size,passar ca stl 34-42  Material: 100% polysilk","og_url":"https:\/\/stilanddesign.se\/en\/product\/harlig-klanning-i-monstrad-orange\/","og_site_name":"Stil &amp; Design","article_modified_time":"2026-03-05T11:31:50+00:00","twitter_card":"summary_large_image","twitter_misc":{"Est. reading time":"1 minute"},"schema":{"@context":"https:\/\/schema.org","@graph":[{"@type":"WebPage","@id":"https:\/\/stilanddesign.se\/produkt\/harlig-klanning-i-monstrad-orange\/","url":"https:\/\/stilanddesign.se\/produkt\/harlig-klanning-i-monstrad-orange\/","name":"H\u00e4rlig kl\u00e4nning i m\u00f6nstrad orange - Stil &amp; Design","isPartOf":{"@id":"https:\/\/stilanddesign.se\/#website"},"primaryImageOfPage":{"@id":"https:\/\/stilanddesign.se\/produkt\/harlig-klanning-i-monstrad-orange\/#primaryimage"},"image":{"@id":"https:\/\/stilanddesign.se\/produkt\/harlig-klanning-i-monstrad-orange\/#primaryimage"},"thumbnailUrl":"https:\/\/stilanddesign.se\/wp-content\/uploads\/2026\/02\/88787678.jpg","datePublished":"2026-02-12T09:11:55+00:00","dateModified":"2026-03-05T11:31:50+00:00","breadcrumb":{"@id":"https:\/\/stilanddesign.se\/produkt\/harlig-klanning-i-monstrad-orange\/#breadcrumb"},"inLanguage":"en-US","potentialAction":[{"@type":"ReadAction","target":["https:\/\/stilanddesign.se\/produkt\/harlig-klanning-i-monstrad-orange\/"]}]},{"@type":"ImageObject","inLanguage":"en-US","@id":"https:\/\/stilanddesign.se\/produkt\/harlig-klanning-i-monstrad-orange\/#primaryimage","url":"https:\/\/stilanddesign.se\/wp-content\/uploads\/2026\/02\/88787678.jpg","contentUrl":"https:\/\/stilanddesign.se\/wp-content\/uploads\/2026\/02\/88787678.jpg","width":480,"height":640,"caption":"M\u00f6nstrad kl\u00e4nning i orange"},{"@type":"BreadcrumbList","@id":"https:\/\/stilanddesign.se\/produkt\/harlig-klanning-i-monstrad-orange\/#breadcrumb","itemListElement":[{"@type":"ListItem","position":1,"name":"Hem","item":"https:\/\/stilanddesign.se\/"},{"@type":"ListItem","position":2,"name":"Butiken","item":"https:\/\/stilanddesign.se\/butiken\/"},{"@type":"ListItem","position":3,"name":"H\u00e4rlig kl\u00e4nning i m\u00f6nstrad orange"}]},{"@type":"WebSite","@id":"https:\/\/stilanddesign.se\/#website","url":"https:\/\/stilanddesign.se\/","name":"Style &amp; Design","description":"For those of us who love fashion!","publisher":{"@id":"https:\/\/stilanddesign.se\/#organization"},"potentialAction":[{"@type":"SearchAction","target":{"@type":"EntryPoint","urlTemplate":"https:\/\/stilanddesign.se\/?s={search_term_string}"},"query-input":{"@type":"PropertyValueSpecification","valueRequired":true,"valueName":"search_term_string"}}],"inLanguage":"en-US"},{"@type":"Organization","@id":"https:\/\/stilanddesign.se\/#organization","name":"Style &amp; Design","url":"https:\/\/stilanddesign.se\/","logo":{"@type":"ImageObject","inLanguage":"en-US","@id":"https:\/\/stilanddesign.se\/#\/schema\/logo\/image\/","url":"https:\/\/stilanddesign.se\/wp-content\/uploads\/2023\/12\/output-onlinepngtools-e1727784413220.png","contentUrl":"https:\/\/stilanddesign.se\/wp-content\/uploads\/2023\/12\/output-onlinepngtools-e1727784413220.png","width":519,"height":135,"caption":"Stil &amp; Design"},"image":{"@id":"https:\/\/stilanddesign.se\/#\/schema\/logo\/image\/"}}]}},"_links":{"self":[{"href":"https:\/\/stilanddesign.se\/en\/wp-json\/wp\/v2\/product\/1065156","targetHints":{"allow":["GET"]}}],"collection":[{"href":"https:\/\/stilanddesign.se\/en\/wp-json\/wp\/v2\/product"}],"about":[{"href":"https:\/\/stilanddesign.se\/en\/wp-json\/wp\/v2\/types\/product"}],"replies":[{"embeddable":true,"href":"https:\/\/stilanddesign.se\/en\/wp-json\/wp\/v2\/comments?post=1065156"}],"wp:featuredmedia":[{"embeddable":true,"href":"https:\/\/stilanddesign.se\/en\/wp-json\/wp\/v2\/media\/1065151"}],"wp:attachment":[{"href":"https:\/\/stilanddesign.se\/en\/wp-json\/wp\/v2\/media?parent=1065156"}],"wp:term":[{"taxonomy":"product_brand","embeddable":true,"href":"https:\/\/stilanddesign.se\/en\/wp-json\/wp\/v2\/product_brand?post=1065156"},{"taxonomy":"product_cat","embeddable":true,"href":"https:\/\/stilanddesign.se\/en\/wp-json\/wp\/v2\/product_cat?post=1065156"},{"taxonomy":"product_tag","embeddable":true,"href":"https:\/\/stilanddesign.se\/en\/wp-json\/wp\/v2\/product_tag?post=1065156"}],"curies":[{"name":"wp","href":"https:\/\/api.w.org\/{rel}","templated":true}]}}