{"id":1064906,"date":"2026-02-10T14:20:15","date_gmt":"2026-02-10T13:20:15","guid":{"rendered":"https:\/\/stilanddesign.se\/?post_type=product&#038;p=1064906"},"modified":"2026-04-13T19:53:17","modified_gmt":"2026-04-13T17:53:17","slug":"%e2%9c%a8-balte-med-borstat-guldspanne-zabaione-%e2%9c%a8","status":"publish","type":"product","link":"https:\/\/stilanddesign.se\/en\/product\/%e2%9c%a8-balte-med-borstat-guldspanne-zabaione-%e2%9c%a8\/","title":{"rendered":"\u2728 Belt with brushed gold buckle \u2013 Zabaione \u2728"},"content":{"rendered":"<p data-start=\"82\" data-end=\"129\">\u2728 <strong data-start=\"84\" data-end=\"127\">Belt with brushed gold buckle \u2013 Zabaione<\/strong> \u2728<\/p>\n<p data-start=\"131\" data-end=\"322\">Elegant belt from <strong data-start=\"150\" data-end=\"162\">Zabaione<\/strong> that will elevate any outfit. The stylish, oval buckle in <strong data-start=\"229\" data-end=\"245\">brushed gold<\/strong> gives an exclusive look and goes equally well with dresses, skirts and jeans.<\/p>\n<p data-start=\"324\" data-end=\"419\">A perfect accessory choice when you want to highlight your waist and add that little extra to your look \ud83d\udc9b<\/p>\n<p data-start=\"421\" data-end=\"437\">\ud83d\udd38 <strong data-start=\"424\" data-end=\"437\">Details:<\/strong><\/p>\n<ul data-start=\"438\" data-end=\"543\">\n<li data-start=\"438\" data-end=\"476\">\n<p data-start=\"440\" data-end=\"476\">Stylish oval buckle in brushed gold<\/p>\n<\/li>\n<li data-start=\"477\" data-end=\"506\">\n<p data-start=\"479\" data-end=\"506\">Stylish and timeless design<\/p>\n<\/li>\n<li data-start=\"507\" data-end=\"543\">\n<p data-start=\"509\" data-end=\"543\">Perfect for both everyday life and parties<\/p>\n<\/li>\n<\/ul>\n<p data-start=\"545\" data-end=\"596\">\ud83d\udccf <strong data-start=\"548\" data-end=\"558\">Length:<\/strong> about 110 cm<br data-start=\"568\" data-end=\"571\" \/>\ud83c\udff7\ufe0f <strong data-start=\"575\" data-end=\"585\">Make:<\/strong> Zabaione<\/p>\n<p data-start=\"598\" data-end=\"660\" data-is-last-node=\"\" data-is-only-node=\"\">A must-have in your wardrobe \u2013 simple, elegant and easy to match \u2728<\/p>","protected":false},"excerpt":{"rendered":"<p data-start=\"82\" data-end=\"129\">\u2728 <strong data-start=\"84\" data-end=\"127\">Belt with brushed gold buckle \u2013 Zabaione<\/strong> \u2728<\/p>\n<p data-start=\"131\" data-end=\"322\">Elegant belt from <strong data-start=\"150\" data-end=\"162\">Zabaione<\/strong> that will elevate any outfit. The stylish, oval buckle in <strong data-start=\"229\" data-end=\"245\">brushed gold<\/strong> gives an exclusive look and goes equally well with dresses, skirts and jeans.<\/p>\n<p data-start=\"324\" data-end=\"419\">A perfect accessory choice when you want to highlight your waist and add that little extra to your look \ud83d\udc9b<\/p>\n<p data-start=\"421\" data-end=\"437\">\ud83d\udd38 <strong data-start=\"424\" data-end=\"437\">Details:<\/strong><\/p>\n<ul data-start=\"438\" data-end=\"543\">\n<li data-start=\"438\" data-end=\"476\">\n<p data-start=\"440\" data-end=\"476\">Stylish oval buckle in brushed gold<\/p>\n<\/li>\n<li data-start=\"477\" data-end=\"506\">\n<p data-start=\"479\" data-end=\"506\">Stylish and timeless design<\/p>\n<\/li>\n<li data-start=\"507\" data-end=\"543\">\n<p data-start=\"509\" data-end=\"543\">Perfect for both everyday life and parties<\/p>\n<\/li>\n<\/ul>\n<p data-start=\"545\" data-end=\"596\">\ud83d\udccf <strong data-start=\"548\" data-end=\"558\">Length:<\/strong> about 110 cm<br data-start=\"568\" data-end=\"571\" \/>\ud83c\udff7\ufe0f <strong data-start=\"575\" data-end=\"585\">Make:<\/strong> Zabaione<\/p>\n<p data-start=\"598\" data-end=\"660\" data-is-last-node=\"\" data-is-only-node=\"\">A must-have in your wardrobe \u2013 simple, elegant and easy to match \u2728<\/p>","protected":false},"featured_media":1064909,"comment_status":"closed","ping_status":"closed","template":"","meta":[],"product_brand":[],"product_cat":[218],"product_tag":[],"class_list":{"0":"post-1064906","1":"product","2":"type-product","3":"status-publish","4":"has-post-thumbnail","6":"product_cat-skarp","8":"first","9":"instock","10":"taxable","11":"shipping-taxable","12":"purchasable","13":"product-type-variable"},"yoast_head":"<!-- This site is optimized with the Yoast SEO Premium plugin v27.4 (Yoast SEO v27.4) - https:\/\/yoast.com\/product\/yoast-seo-premium-wordpress\/ -->\n<title>\u2728 B\u00e4lte med borstat guldsp\u00e4nne \u2013 Zabaione \u2728 - Stil &amp; Design<\/title>\n<meta name=\"robots\" content=\"index, follow, max-snippet:-1, max-image-preview:large, max-video-preview:-1\" \/>\n<link rel=\"canonical\" href=\"https:\/\/stilanddesign.se\/en\/product\/\u2728-balte-med-borstat-guldspanne-zabaione-\u2728\/\" \/>\n<meta property=\"og:locale\" content=\"en_US\" \/>\n<meta property=\"og:type\" content=\"article\" \/>\n<meta property=\"og:title\" content=\"\u2728 B\u00e4lte med borstat guldsp\u00e4nne \u2013 Zabaione \u2728\" \/>\n<meta property=\"og:description\" content=\"\u2728 B\u00e4lte med borstat guldsp\u00e4nne \u2013 Zabaione \u2728 Elegant b\u00e4lte fr\u00e5n Zabaione som lyfter vilken outfit som helst. Det stilrena, ovala sp\u00e4nnet i borstat guld ger ett exklusivt uttryck och passar lika bra till kl\u00e4nning, kjol som jeans. Ett perfekt accessoarval n\u00e4r du vill markera midjan och addera det lilla extra till din look \ud83d\udc9b \ud83d\udd38 Detaljer:     Snyggt ovalt sp\u00e4nne i borstat guld    Stilren och tidl\u00f6s design    Perfekt f\u00f6r b\u00e5de vardag och fest   \ud83d\udccf L\u00e4ngd: ca 110 cm\ud83c\udff7\ufe0f M\u00e4rke: Zabaione Ett m\u00e5ste i garderoben \u2013 enkelt, elegant och l\u00e4tt att matcha \u2728\" \/>\n<meta property=\"og:url\" content=\"https:\/\/stilanddesign.se\/en\/product\/\u2728-balte-med-borstat-guldspanne-zabaione-\u2728\/\" \/>\n<meta property=\"og:site_name\" content=\"Stil &amp; Design\" \/>\n<meta property=\"article:modified_time\" content=\"2026-04-13T17:53:17+00:00\" \/>\n<meta property=\"og:image\" content=\"https:\/\/stilanddesign.se\/wp-content\/uploads\/2026\/02\/ChatGPT-Image-10-feb.-2026-14_11_07-683x1024.png\" \/>\n\t<meta property=\"og:image:width\" content=\"683\" \/>\n\t<meta property=\"og:image:height\" content=\"1024\" \/>\n\t<meta property=\"og:image:type\" content=\"image\/png\" \/>\n<meta name=\"twitter:card\" content=\"summary_large_image\" \/>\n<meta name=\"twitter:label1\" content=\"Est. reading time\" \/>\n\t<meta name=\"twitter:data1\" content=\"1 minute\" \/>\n<script type=\"application\/ld+json\" class=\"yoast-schema-graph\">{\"@context\":\"https:\\\/\\\/schema.org\",\"@graph\":[{\"@type\":\"WebPage\",\"@id\":\"https:\\\/\\\/stilanddesign.se\\\/produkt\\\/%e2%9c%a8-balte-med-borstat-guldspanne-zabaione-%e2%9c%a8\\\/\",\"url\":\"https:\\\/\\\/stilanddesign.se\\\/produkt\\\/%e2%9c%a8-balte-med-borstat-guldspanne-zabaione-%e2%9c%a8\\\/\",\"name\":\"\u2728 B\u00e4lte med borstat guldsp\u00e4nne \u2013 Zabaione \u2728 - Stil &amp; Design\",\"isPartOf\":{\"@id\":\"https:\\\/\\\/stilanddesign.se\\\/#website\"},\"primaryImageOfPage\":{\"@id\":\"https:\\\/\\\/stilanddesign.se\\\/produkt\\\/%e2%9c%a8-balte-med-borstat-guldspanne-zabaione-%e2%9c%a8\\\/#primaryimage\"},\"image\":{\"@id\":\"https:\\\/\\\/stilanddesign.se\\\/produkt\\\/%e2%9c%a8-balte-med-borstat-guldspanne-zabaione-%e2%9c%a8\\\/#primaryimage\"},\"thumbnailUrl\":\"https:\\\/\\\/stilanddesign.se\\\/wp-content\\\/uploads\\\/2026\\\/02\\\/ChatGPT-Image-10-feb.-2026-14_11_07.png\",\"datePublished\":\"2026-02-10T13:20:15+00:00\",\"dateModified\":\"2026-04-13T17:53:17+00:00\",\"breadcrumb\":{\"@id\":\"https:\\\/\\\/stilanddesign.se\\\/produkt\\\/%e2%9c%a8-balte-med-borstat-guldspanne-zabaione-%e2%9c%a8\\\/#breadcrumb\"},\"inLanguage\":\"en-US\",\"potentialAction\":[{\"@type\":\"ReadAction\",\"target\":[\"https:\\\/\\\/stilanddesign.se\\\/produkt\\\/%e2%9c%a8-balte-med-borstat-guldspanne-zabaione-%e2%9c%a8\\\/\"]}]},{\"@type\":\"ImageObject\",\"inLanguage\":\"en-US\",\"@id\":\"https:\\\/\\\/stilanddesign.se\\\/produkt\\\/%e2%9c%a8-balte-med-borstat-guldspanne-zabaione-%e2%9c%a8\\\/#primaryimage\",\"url\":\"https:\\\/\\\/stilanddesign.se\\\/wp-content\\\/uploads\\\/2026\\\/02\\\/ChatGPT-Image-10-feb.-2026-14_11_07.png\",\"contentUrl\":\"https:\\\/\\\/stilanddesign.se\\\/wp-content\\\/uploads\\\/2026\\\/02\\\/ChatGPT-Image-10-feb.-2026-14_11_07.png\",\"width\":1024,\"height\":1536},{\"@type\":\"BreadcrumbList\",\"@id\":\"https:\\\/\\\/stilanddesign.se\\\/produkt\\\/%e2%9c%a8-balte-med-borstat-guldspanne-zabaione-%e2%9c%a8\\\/#breadcrumb\",\"itemListElement\":[{\"@type\":\"ListItem\",\"position\":1,\"name\":\"Hem\",\"item\":\"https:\\\/\\\/stilanddesign.se\\\/\"},{\"@type\":\"ListItem\",\"position\":2,\"name\":\"Butiken\",\"item\":\"https:\\\/\\\/stilanddesign.se\\\/butiken\\\/\"},{\"@type\":\"ListItem\",\"position\":3,\"name\":\"\u2728 B\u00e4lte med borstat guldsp\u00e4nne \u2013 Zabaione \u2728\"}]},{\"@type\":\"WebSite\",\"@id\":\"https:\\\/\\\/stilanddesign.se\\\/#website\",\"url\":\"https:\\\/\\\/stilanddesign.se\\\/\",\"name\":\"Stil &amp; Design\",\"description\":\"F\u00f6r oss som \u00e4lskar mode!\",\"publisher\":{\"@id\":\"https:\\\/\\\/stilanddesign.se\\\/#organization\"},\"potentialAction\":[{\"@type\":\"SearchAction\",\"target\":{\"@type\":\"EntryPoint\",\"urlTemplate\":\"https:\\\/\\\/stilanddesign.se\\\/?s={search_term_string}\"},\"query-input\":{\"@type\":\"PropertyValueSpecification\",\"valueRequired\":true,\"valueName\":\"search_term_string\"}}],\"inLanguage\":\"en-US\"},{\"@type\":\"Organization\",\"@id\":\"https:\\\/\\\/stilanddesign.se\\\/#organization\",\"name\":\"Stil &amp; Design\",\"url\":\"https:\\\/\\\/stilanddesign.se\\\/\",\"logo\":{\"@type\":\"ImageObject\",\"inLanguage\":\"en-US\",\"@id\":\"https:\\\/\\\/stilanddesign.se\\\/#\\\/schema\\\/logo\\\/image\\\/\",\"url\":\"https:\\\/\\\/stilanddesign.se\\\/wp-content\\\/uploads\\\/2023\\\/12\\\/output-onlinepngtools-e1727784413220.png\",\"contentUrl\":\"https:\\\/\\\/stilanddesign.se\\\/wp-content\\\/uploads\\\/2023\\\/12\\\/output-onlinepngtools-e1727784413220.png\",\"width\":519,\"height\":135,\"caption\":\"Stil &amp; Design\"},\"image\":{\"@id\":\"https:\\\/\\\/stilanddesign.se\\\/#\\\/schema\\\/logo\\\/image\\\/\"}}]}<\/script>\n<!-- \/ Yoast SEO Premium plugin. -->","yoast_head_json":{"title":"\u2728 B\u00e4lte med borstat guldsp\u00e4nne \u2013 Zabaione \u2728 - Stil &amp; Design","robots":{"index":"index","follow":"follow","max-snippet":"max-snippet:-1","max-image-preview":"max-image-preview:large","max-video-preview":"max-video-preview:-1"},"canonical":"https:\/\/stilanddesign.se\/en\/product\/\u2728-balte-med-borstat-guldspanne-zabaione-\u2728\/","og_locale":"en_US","og_type":"article","og_title":"\u2728 B\u00e4lte med borstat guldsp\u00e4nne \u2013 Zabaione \u2728","og_description":"\u2728 B\u00e4lte med borstat guldsp\u00e4nne \u2013 Zabaione \u2728 Elegant b\u00e4lte fr\u00e5n Zabaione som lyfter vilken outfit som helst. Det stilrena, ovala sp\u00e4nnet i borstat guld ger ett exklusivt uttryck och passar lika bra till kl\u00e4nning, kjol som jeans. Ett perfekt accessoarval n\u00e4r du vill markera midjan och addera det lilla extra till din look \ud83d\udc9b \ud83d\udd38 Detaljer:     Snyggt ovalt sp\u00e4nne i borstat guld    Stilren och tidl\u00f6s design    Perfekt f\u00f6r b\u00e5de vardag och fest   \ud83d\udccf L\u00e4ngd: ca 110 cm\ud83c\udff7\ufe0f M\u00e4rke: Zabaione Ett m\u00e5ste i garderoben \u2013 enkelt, elegant och l\u00e4tt att matcha \u2728","og_url":"https:\/\/stilanddesign.se\/en\/product\/\u2728-balte-med-borstat-guldspanne-zabaione-\u2728\/","og_site_name":"Stil &amp; Design","article_modified_time":"2026-04-13T17:53:17+00:00","og_image":[{"width":683,"height":1024,"url":"https:\/\/stilanddesign.se\/wp-content\/uploads\/2026\/02\/ChatGPT-Image-10-feb.-2026-14_11_07-683x1024.png","type":"image\/png"}],"twitter_card":"summary_large_image","twitter_misc":{"Est. reading time":"1 minute"},"schema":{"@context":"https:\/\/schema.org","@graph":[{"@type":"WebPage","@id":"https:\/\/stilanddesign.se\/produkt\/%e2%9c%a8-balte-med-borstat-guldspanne-zabaione-%e2%9c%a8\/","url":"https:\/\/stilanddesign.se\/produkt\/%e2%9c%a8-balte-med-borstat-guldspanne-zabaione-%e2%9c%a8\/","name":"\u2728 B\u00e4lte med borstat guldsp\u00e4nne \u2013 Zabaione \u2728 - Stil &amp; Design","isPartOf":{"@id":"https:\/\/stilanddesign.se\/#website"},"primaryImageOfPage":{"@id":"https:\/\/stilanddesign.se\/produkt\/%e2%9c%a8-balte-med-borstat-guldspanne-zabaione-%e2%9c%a8\/#primaryimage"},"image":{"@id":"https:\/\/stilanddesign.se\/produkt\/%e2%9c%a8-balte-med-borstat-guldspanne-zabaione-%e2%9c%a8\/#primaryimage"},"thumbnailUrl":"https:\/\/stilanddesign.se\/wp-content\/uploads\/2026\/02\/ChatGPT-Image-10-feb.-2026-14_11_07.png","datePublished":"2026-02-10T13:20:15+00:00","dateModified":"2026-04-13T17:53:17+00:00","breadcrumb":{"@id":"https:\/\/stilanddesign.se\/produkt\/%e2%9c%a8-balte-med-borstat-guldspanne-zabaione-%e2%9c%a8\/#breadcrumb"},"inLanguage":"en-US","potentialAction":[{"@type":"ReadAction","target":["https:\/\/stilanddesign.se\/produkt\/%e2%9c%a8-balte-med-borstat-guldspanne-zabaione-%e2%9c%a8\/"]}]},{"@type":"ImageObject","inLanguage":"en-US","@id":"https:\/\/stilanddesign.se\/produkt\/%e2%9c%a8-balte-med-borstat-guldspanne-zabaione-%e2%9c%a8\/#primaryimage","url":"https:\/\/stilanddesign.se\/wp-content\/uploads\/2026\/02\/ChatGPT-Image-10-feb.-2026-14_11_07.png","contentUrl":"https:\/\/stilanddesign.se\/wp-content\/uploads\/2026\/02\/ChatGPT-Image-10-feb.-2026-14_11_07.png","width":1024,"height":1536},{"@type":"BreadcrumbList","@id":"https:\/\/stilanddesign.se\/produkt\/%e2%9c%a8-balte-med-borstat-guldspanne-zabaione-%e2%9c%a8\/#breadcrumb","itemListElement":[{"@type":"ListItem","position":1,"name":"Hem","item":"https:\/\/stilanddesign.se\/"},{"@type":"ListItem","position":2,"name":"Butiken","item":"https:\/\/stilanddesign.se\/butiken\/"},{"@type":"ListItem","position":3,"name":"\u2728 B\u00e4lte med borstat guldsp\u00e4nne \u2013 Zabaione \u2728"}]},{"@type":"WebSite","@id":"https:\/\/stilanddesign.se\/#website","url":"https:\/\/stilanddesign.se\/","name":"Style &amp; Design","description":"For those of us who love fashion!","publisher":{"@id":"https:\/\/stilanddesign.se\/#organization"},"potentialAction":[{"@type":"SearchAction","target":{"@type":"EntryPoint","urlTemplate":"https:\/\/stilanddesign.se\/?s={search_term_string}"},"query-input":{"@type":"PropertyValueSpecification","valueRequired":true,"valueName":"search_term_string"}}],"inLanguage":"en-US"},{"@type":"Organization","@id":"https:\/\/stilanddesign.se\/#organization","name":"Style &amp; Design","url":"https:\/\/stilanddesign.se\/","logo":{"@type":"ImageObject","inLanguage":"en-US","@id":"https:\/\/stilanddesign.se\/#\/schema\/logo\/image\/","url":"https:\/\/stilanddesign.se\/wp-content\/uploads\/2023\/12\/output-onlinepngtools-e1727784413220.png","contentUrl":"https:\/\/stilanddesign.se\/wp-content\/uploads\/2023\/12\/output-onlinepngtools-e1727784413220.png","width":519,"height":135,"caption":"Stil &amp; Design"},"image":{"@id":"https:\/\/stilanddesign.se\/#\/schema\/logo\/image\/"}}]}},"_links":{"self":[{"href":"https:\/\/stilanddesign.se\/en\/wp-json\/wp\/v2\/product\/1064906","targetHints":{"allow":["GET"]}}],"collection":[{"href":"https:\/\/stilanddesign.se\/en\/wp-json\/wp\/v2\/product"}],"about":[{"href":"https:\/\/stilanddesign.se\/en\/wp-json\/wp\/v2\/types\/product"}],"replies":[{"embeddable":true,"href":"https:\/\/stilanddesign.se\/en\/wp-json\/wp\/v2\/comments?post=1064906"}],"wp:featuredmedia":[{"embeddable":true,"href":"https:\/\/stilanddesign.se\/en\/wp-json\/wp\/v2\/media\/1064909"}],"wp:attachment":[{"href":"https:\/\/stilanddesign.se\/en\/wp-json\/wp\/v2\/media?parent=1064906"}],"wp:term":[{"taxonomy":"product_brand","embeddable":true,"href":"https:\/\/stilanddesign.se\/en\/wp-json\/wp\/v2\/product_brand?post=1064906"},{"taxonomy":"product_cat","embeddable":true,"href":"https:\/\/stilanddesign.se\/en\/wp-json\/wp\/v2\/product_cat?post=1064906"},{"taxonomy":"product_tag","embeddable":true,"href":"https:\/\/stilanddesign.se\/en\/wp-json\/wp\/v2\/product_tag?post=1064906"}],"curies":[{"name":"wp","href":"https:\/\/api.w.org\/{rel}","templated":true}]}}