{"id":1064890,"date":"2026-04-02T11:54:05","date_gmt":"2026-04-02T09:54:05","guid":{"rendered":"https:\/\/stilanddesign.se\/?post_type=product&#038;p=1064890"},"modified":"2026-04-02T14:57:23","modified_gmt":"2026-04-02T12:57:23","slug":"%f0%9f%90%86-leopardmonstrad-maxikjol-med-volanger-zabaione-%f0%9f%90%86","status":"publish","type":"product","link":"https:\/\/stilanddesign.se\/en\/product\/%f0%9f%90%86-leopardmonstrad-maxikjol-med-volanger-zabaione-%f0%9f%90%86\/","title":{"rendered":"\ud83d\udc06 Leopard print maxi skirt with ruffles \u2013 Zabaione \ud83d\udc06"},"content":{"rendered":"<p data-start=\"65\" data-end=\"123\">\ud83d\udc06 <strong data-start=\"68\" data-end=\"120\">Leopard print maxi skirt with ruffles \u2013 Zabaione<\/strong> \ud83d\udc06<\/p>\n<p data-start=\"125\" data-end=\"345\">A real statement skirt from <strong data-start=\"154\" data-end=\"166\">Zabaione<\/strong> with a trendy leopard print and feminine ruffle design. The skirt has a beautiful, flowing fit that moves elegantly as you walk - perfect for both everyday wear and more festive occasions.<\/p>\n<p data-start=\"347\" data-end=\"484\">The wide waist with decorative belt creates a flattering silhouette and makes the skirt easy to style with both simple tops and knitted sweaters.<\/p>\n<p data-start=\"486\" data-end=\"501\">\u2728 <strong data-start=\"488\" data-end=\"501\">Details:<\/strong><\/p>\n<ul data-start=\"502\" data-end=\"689\">\n<li data-start=\"502\" data-end=\"542\">\n<p data-start=\"504\" data-end=\"542\">Leopard print design in soft tones<\/p>\n<\/li>\n<li data-start=\"543\" data-end=\"595\">\n<p data-start=\"545\" data-end=\"595\">Ruffles that add extra movement and feminine drape<\/p>\n<\/li>\n<li data-start=\"596\" data-end=\"634\">\n<p data-start=\"598\" data-end=\"634\">Comfortable fit with defined waist<\/p>\n<\/li>\n<li data-start=\"635\" data-end=\"689\">\n<p data-start=\"637\" data-end=\"689\">Perfect to wear with boots, sneakers or heels<\/p>\n<\/li>\n<\/ul>\n<p data-start=\"691\" data-end=\"787\">\ud83d\udccf <strong data-start=\"694\" data-end=\"708\">Sizes:<\/strong> S\u2013XXL<br data-start=\"714\" data-end=\"717\" \/>\ud83e\uddf5 <strong data-start=\"720\" data-end=\"733\">Material:<\/strong> 96% polyester, 4% elastane<br data-start=\"759\" data-end=\"762\" \/>\ud83c\udff7\ufe0f <strong data-start=\"766\" data-end=\"776\">Make:<\/strong> Zabaione<\/p>\n<p data-start=\"789\" data-end=\"873\">A skirt that gives your outfit that little something extra \u2013 both chic and playful at the same time \ud83d\udc06\u2728<\/p>","protected":false},"excerpt":{"rendered":"<p data-start=\"65\" data-end=\"123\">\ud83d\udc06 <strong data-start=\"68\" data-end=\"120\">Leopard print maxi skirt with ruffles \u2013 Zabaione<\/strong> \ud83d\udc06<\/p>\n<p data-start=\"125\" data-end=\"345\">A real statement skirt from <strong data-start=\"154\" data-end=\"166\">Zabaione<\/strong> with a trendy leopard print and feminine ruffle design. The skirt has a beautiful, flowing fit that moves elegantly as you walk - perfect for both everyday wear and more festive occasions.<\/p>\n<p data-start=\"347\" data-end=\"484\">The wide waist with decorative belt creates a flattering silhouette and makes the skirt easy to style with both simple tops and knitted sweaters.<\/p>\n<p data-start=\"486\" data-end=\"501\">\u2728 <strong data-start=\"488\" data-end=\"501\">Details:<\/strong><\/p>\n<ul data-start=\"502\" data-end=\"689\">\n<li data-start=\"502\" data-end=\"542\">\n<p data-start=\"504\" data-end=\"542\">Leopard print design in soft tones<\/p>\n<\/li>\n<li data-start=\"543\" data-end=\"595\">\n<p data-start=\"545\" data-end=\"595\">Ruffles that add extra movement and feminine drape<\/p>\n<\/li>\n<li data-start=\"596\" data-end=\"634\">\n<p data-start=\"598\" data-end=\"634\">Comfortable fit with defined waist<\/p>\n<\/li>\n<li data-start=\"635\" data-end=\"689\">\n<p data-start=\"637\" data-end=\"689\">Perfect to wear with boots, sneakers or heels<\/p>\n<\/li>\n<\/ul>\n<p data-start=\"691\" data-end=\"787\">\ud83d\udccf <strong data-start=\"694\" data-end=\"708\">Sizes:<\/strong> S\u2013XXL<br data-start=\"714\" data-end=\"717\" \/>\ud83e\uddf5 <strong data-start=\"720\" data-end=\"733\">Material:<\/strong> 96% polyester, 4% elastane<br data-start=\"759\" data-end=\"762\" \/>\ud83c\udff7\ufe0f <strong data-start=\"766\" data-end=\"776\">Make:<\/strong> Zabaione<\/p>\n<p data-start=\"789\" data-end=\"873\">A skirt that gives your outfit that little something extra \u2013 both chic and playful at the same time \ud83d\udc06\u2728<\/p>","protected":false},"featured_media":1064896,"comment_status":"closed","ping_status":"closed","template":"","meta":[],"product_brand":[],"product_cat":[209],"product_tag":[],"class_list":{"0":"post-1064890","1":"product","2":"type-product","3":"status-publish","4":"has-post-thumbnail","6":"product_cat-reaprodukter","8":"first","9":"outofstock","10":"taxable","11":"shipping-taxable","12":"product-type-variable"},"yoast_head":"<!-- This site is optimized with the Yoast SEO Premium plugin v27.1 (Yoast SEO v27.4) - https:\/\/yoast.com\/product\/yoast-seo-premium-wordpress\/ -->\n<title>\ud83d\udc06 Leopardm\u00f6nstrad maxikjol med volanger \u2013 Zabaione \ud83d\udc06 - Stil &amp; Design<\/title>\n<meta name=\"robots\" content=\"index, follow, max-snippet:-1, max-image-preview:large, max-video-preview:-1\" \/>\n<link rel=\"canonical\" href=\"https:\/\/stilanddesign.se\/en\/product\/\ud83d\udc06-leopardmonstrad-maxikjol-med-volanger-zabaione-\ud83d\udc06\/\" \/>\n<meta property=\"og:locale\" content=\"en_US\" \/>\n<meta property=\"og:type\" content=\"article\" \/>\n<meta property=\"og:title\" content=\"\ud83d\udc06 Leopardm\u00f6nstrad maxikjol med volanger \u2013 Zabaione \ud83d\udc06\" \/>\n<meta property=\"og:description\" content=\"\ud83d\udc06 Leopardm\u00f6nstrad maxikjol med volanger \u2013 Zabaione \ud83d\udc06 En riktig statementkjol fr\u00e5n Zabaione med trendigt leopardm\u00f6nster och feminin volangdesign. Kjolen har en vacker, fl\u00f6dande passform som r\u00f6r sig elegant n\u00e4r du g\u00e5r \u2013 perfekt b\u00e5de till vardag och festligare tillf\u00e4llen. Den breda midjan med dekorativt b\u00e4lte ger en smickrande silhuett och g\u00f6r kjolen l\u00e4tt att styla med b\u00e5de enkla toppar och stickade tr\u00f6jor. \u2728 Detaljer:     Leopardm\u00f6nstrad design i mjuka toner    Volanger som ger extra r\u00f6relse och feminint fall    Bekv\u00e4m passform med markerad midja    Perfekt att b\u00e4ra med boots, sneakers eller klackar   \ud83d\udccf Storlekar: S\u2013XXL\ud83e\uddf5 Material: 96% polyester, 4% elastan\ud83c\udff7\ufe0f M\u00e4rke: Zabaione En kjol som ger din outfit det lilla extra \u2013 b\u00e5de chic och lekfull p\u00e5 samma g\u00e5ng \ud83d\udc06\u2728\" \/>\n<meta property=\"og:url\" content=\"https:\/\/stilanddesign.se\/en\/product\/\ud83d\udc06-leopardmonstrad-maxikjol-med-volanger-zabaione-\ud83d\udc06\/\" \/>\n<meta property=\"og:site_name\" content=\"Stil &amp; Design\" \/>\n<meta property=\"article:modified_time\" content=\"2026-04-02T12:57:23+00:00\" \/>\n<meta property=\"og:image\" content=\"https:\/\/stilanddesign.se\/wp-content\/uploads\/2026\/02\/ChatGPT-Image-10-feb.-2026-13_41_29-683x1024.png\" \/>\n\t<meta property=\"og:image:width\" content=\"683\" \/>\n\t<meta property=\"og:image:height\" content=\"1024\" \/>\n\t<meta property=\"og:image:type\" content=\"image\/png\" \/>\n<meta name=\"twitter:card\" content=\"summary_large_image\" \/>\n<meta name=\"twitter:label1\" content=\"Est. reading time\" \/>\n\t<meta name=\"twitter:data1\" content=\"1 minute\" \/>\n<script type=\"application\/ld+json\" class=\"yoast-schema-graph\">{\"@context\":\"https:\\\/\\\/schema.org\",\"@graph\":[{\"@type\":\"WebPage\",\"@id\":\"https:\\\/\\\/stilanddesign.se\\\/produkt\\\/%f0%9f%90%86-leopardmonstrad-maxikjol-med-volanger-zabaione-%f0%9f%90%86\\\/\",\"url\":\"https:\\\/\\\/stilanddesign.se\\\/produkt\\\/%f0%9f%90%86-leopardmonstrad-maxikjol-med-volanger-zabaione-%f0%9f%90%86\\\/\",\"name\":\"\ud83d\udc06 Leopardm\u00f6nstrad maxikjol med volanger \u2013 Zabaione \ud83d\udc06 - Stil &amp; Design\",\"isPartOf\":{\"@id\":\"https:\\\/\\\/stilanddesign.se\\\/#website\"},\"primaryImageOfPage\":{\"@id\":\"https:\\\/\\\/stilanddesign.se\\\/produkt\\\/%f0%9f%90%86-leopardmonstrad-maxikjol-med-volanger-zabaione-%f0%9f%90%86\\\/#primaryimage\"},\"image\":{\"@id\":\"https:\\\/\\\/stilanddesign.se\\\/produkt\\\/%f0%9f%90%86-leopardmonstrad-maxikjol-med-volanger-zabaione-%f0%9f%90%86\\\/#primaryimage\"},\"thumbnailUrl\":\"https:\\\/\\\/stilanddesign.se\\\/wp-content\\\/uploads\\\/2026\\\/02\\\/ChatGPT-Image-10-feb.-2026-13_41_29.png\",\"datePublished\":\"2026-04-02T09:54:05+00:00\",\"dateModified\":\"2026-04-02T12:57:23+00:00\",\"breadcrumb\":{\"@id\":\"https:\\\/\\\/stilanddesign.se\\\/produkt\\\/%f0%9f%90%86-leopardmonstrad-maxikjol-med-volanger-zabaione-%f0%9f%90%86\\\/#breadcrumb\"},\"inLanguage\":\"en-US\",\"potentialAction\":[{\"@type\":\"ReadAction\",\"target\":[\"https:\\\/\\\/stilanddesign.se\\\/produkt\\\/%f0%9f%90%86-leopardmonstrad-maxikjol-med-volanger-zabaione-%f0%9f%90%86\\\/\"]}]},{\"@type\":\"ImageObject\",\"inLanguage\":\"en-US\",\"@id\":\"https:\\\/\\\/stilanddesign.se\\\/produkt\\\/%f0%9f%90%86-leopardmonstrad-maxikjol-med-volanger-zabaione-%f0%9f%90%86\\\/#primaryimage\",\"url\":\"https:\\\/\\\/stilanddesign.se\\\/wp-content\\\/uploads\\\/2026\\\/02\\\/ChatGPT-Image-10-feb.-2026-13_41_29.png\",\"contentUrl\":\"https:\\\/\\\/stilanddesign.se\\\/wp-content\\\/uploads\\\/2026\\\/02\\\/ChatGPT-Image-10-feb.-2026-13_41_29.png\",\"width\":1024,\"height\":1536},{\"@type\":\"BreadcrumbList\",\"@id\":\"https:\\\/\\\/stilanddesign.se\\\/produkt\\\/%f0%9f%90%86-leopardmonstrad-maxikjol-med-volanger-zabaione-%f0%9f%90%86\\\/#breadcrumb\",\"itemListElement\":[{\"@type\":\"ListItem\",\"position\":1,\"name\":\"Hem\",\"item\":\"https:\\\/\\\/stilanddesign.se\\\/\"},{\"@type\":\"ListItem\",\"position\":2,\"name\":\"Butiken\",\"item\":\"https:\\\/\\\/stilanddesign.se\\\/butiken\\\/\"},{\"@type\":\"ListItem\",\"position\":3,\"name\":\"\ud83d\udc06 Leopardm\u00f6nstrad maxikjol med volanger \u2013 Zabaione \ud83d\udc06\"}]},{\"@type\":\"WebSite\",\"@id\":\"https:\\\/\\\/stilanddesign.se\\\/#website\",\"url\":\"https:\\\/\\\/stilanddesign.se\\\/\",\"name\":\"Stil &amp; Design\",\"description\":\"F\u00f6r oss som \u00e4lskar mode!\",\"publisher\":{\"@id\":\"https:\\\/\\\/stilanddesign.se\\\/#organization\"},\"potentialAction\":[{\"@type\":\"SearchAction\",\"target\":{\"@type\":\"EntryPoint\",\"urlTemplate\":\"https:\\\/\\\/stilanddesign.se\\\/?s={search_term_string}\"},\"query-input\":{\"@type\":\"PropertyValueSpecification\",\"valueRequired\":true,\"valueName\":\"search_term_string\"}}],\"inLanguage\":\"en-US\"},{\"@type\":\"Organization\",\"@id\":\"https:\\\/\\\/stilanddesign.se\\\/#organization\",\"name\":\"Stil &amp; Design\",\"url\":\"https:\\\/\\\/stilanddesign.se\\\/\",\"logo\":{\"@type\":\"ImageObject\",\"inLanguage\":\"en-US\",\"@id\":\"https:\\\/\\\/stilanddesign.se\\\/#\\\/schema\\\/logo\\\/image\\\/\",\"url\":\"https:\\\/\\\/stilanddesign.se\\\/wp-content\\\/uploads\\\/2023\\\/12\\\/output-onlinepngtools-e1727784413220.png\",\"contentUrl\":\"https:\\\/\\\/stilanddesign.se\\\/wp-content\\\/uploads\\\/2023\\\/12\\\/output-onlinepngtools-e1727784413220.png\",\"width\":519,\"height\":135,\"caption\":\"Stil &amp; Design\"},\"image\":{\"@id\":\"https:\\\/\\\/stilanddesign.se\\\/#\\\/schema\\\/logo\\\/image\\\/\"}}]}<\/script>\n<!-- \/ Yoast SEO Premium plugin. -->","yoast_head_json":{"title":"\ud83d\udc06 Leopardm\u00f6nstrad maxikjol med volanger \u2013 Zabaione \ud83d\udc06 - Stil &amp; Design","robots":{"index":"index","follow":"follow","max-snippet":"max-snippet:-1","max-image-preview":"max-image-preview:large","max-video-preview":"max-video-preview:-1"},"canonical":"https:\/\/stilanddesign.se\/en\/product\/\ud83d\udc06-leopardmonstrad-maxikjol-med-volanger-zabaione-\ud83d\udc06\/","og_locale":"en_US","og_type":"article","og_title":"\ud83d\udc06 Leopardm\u00f6nstrad maxikjol med volanger \u2013 Zabaione \ud83d\udc06","og_description":"\ud83d\udc06 Leopardm\u00f6nstrad maxikjol med volanger \u2013 Zabaione \ud83d\udc06 En riktig statementkjol fr\u00e5n Zabaione med trendigt leopardm\u00f6nster och feminin volangdesign. Kjolen har en vacker, fl\u00f6dande passform som r\u00f6r sig elegant n\u00e4r du g\u00e5r \u2013 perfekt b\u00e5de till vardag och festligare tillf\u00e4llen. Den breda midjan med dekorativt b\u00e4lte ger en smickrande silhuett och g\u00f6r kjolen l\u00e4tt att styla med b\u00e5de enkla toppar och stickade tr\u00f6jor. \u2728 Detaljer:     Leopardm\u00f6nstrad design i mjuka toner    Volanger som ger extra r\u00f6relse och feminint fall    Bekv\u00e4m passform med markerad midja    Perfekt att b\u00e4ra med boots, sneakers eller klackar   \ud83d\udccf Storlekar: S\u2013XXL\ud83e\uddf5 Material: 96% polyester, 4% elastan\ud83c\udff7\ufe0f M\u00e4rke: Zabaione En kjol som ger din outfit det lilla extra \u2013 b\u00e5de chic och lekfull p\u00e5 samma g\u00e5ng \ud83d\udc06\u2728","og_url":"https:\/\/stilanddesign.se\/en\/product\/\ud83d\udc06-leopardmonstrad-maxikjol-med-volanger-zabaione-\ud83d\udc06\/","og_site_name":"Stil &amp; Design","article_modified_time":"2026-04-02T12:57:23+00:00","og_image":[{"width":683,"height":1024,"url":"https:\/\/stilanddesign.se\/wp-content\/uploads\/2026\/02\/ChatGPT-Image-10-feb.-2026-13_41_29-683x1024.png","type":"image\/png"}],"twitter_card":"summary_large_image","twitter_misc":{"Est. reading time":"1 minute"},"schema":{"@context":"https:\/\/schema.org","@graph":[{"@type":"WebPage","@id":"https:\/\/stilanddesign.se\/produkt\/%f0%9f%90%86-leopardmonstrad-maxikjol-med-volanger-zabaione-%f0%9f%90%86\/","url":"https:\/\/stilanddesign.se\/produkt\/%f0%9f%90%86-leopardmonstrad-maxikjol-med-volanger-zabaione-%f0%9f%90%86\/","name":"\ud83d\udc06 Leopardm\u00f6nstrad maxikjol med volanger \u2013 Zabaione \ud83d\udc06 - Stil &amp; Design","isPartOf":{"@id":"https:\/\/stilanddesign.se\/#website"},"primaryImageOfPage":{"@id":"https:\/\/stilanddesign.se\/produkt\/%f0%9f%90%86-leopardmonstrad-maxikjol-med-volanger-zabaione-%f0%9f%90%86\/#primaryimage"},"image":{"@id":"https:\/\/stilanddesign.se\/produkt\/%f0%9f%90%86-leopardmonstrad-maxikjol-med-volanger-zabaione-%f0%9f%90%86\/#primaryimage"},"thumbnailUrl":"https:\/\/stilanddesign.se\/wp-content\/uploads\/2026\/02\/ChatGPT-Image-10-feb.-2026-13_41_29.png","datePublished":"2026-04-02T09:54:05+00:00","dateModified":"2026-04-02T12:57:23+00:00","breadcrumb":{"@id":"https:\/\/stilanddesign.se\/produkt\/%f0%9f%90%86-leopardmonstrad-maxikjol-med-volanger-zabaione-%f0%9f%90%86\/#breadcrumb"},"inLanguage":"en-US","potentialAction":[{"@type":"ReadAction","target":["https:\/\/stilanddesign.se\/produkt\/%f0%9f%90%86-leopardmonstrad-maxikjol-med-volanger-zabaione-%f0%9f%90%86\/"]}]},{"@type":"ImageObject","inLanguage":"en-US","@id":"https:\/\/stilanddesign.se\/produkt\/%f0%9f%90%86-leopardmonstrad-maxikjol-med-volanger-zabaione-%f0%9f%90%86\/#primaryimage","url":"https:\/\/stilanddesign.se\/wp-content\/uploads\/2026\/02\/ChatGPT-Image-10-feb.-2026-13_41_29.png","contentUrl":"https:\/\/stilanddesign.se\/wp-content\/uploads\/2026\/02\/ChatGPT-Image-10-feb.-2026-13_41_29.png","width":1024,"height":1536},{"@type":"BreadcrumbList","@id":"https:\/\/stilanddesign.se\/produkt\/%f0%9f%90%86-leopardmonstrad-maxikjol-med-volanger-zabaione-%f0%9f%90%86\/#breadcrumb","itemListElement":[{"@type":"ListItem","position":1,"name":"Hem","item":"https:\/\/stilanddesign.se\/"},{"@type":"ListItem","position":2,"name":"Butiken","item":"https:\/\/stilanddesign.se\/butiken\/"},{"@type":"ListItem","position":3,"name":"\ud83d\udc06 Leopardm\u00f6nstrad maxikjol med volanger \u2013 Zabaione \ud83d\udc06"}]},{"@type":"WebSite","@id":"https:\/\/stilanddesign.se\/#website","url":"https:\/\/stilanddesign.se\/","name":"Style &amp; Design","description":"For those of us who love fashion!","publisher":{"@id":"https:\/\/stilanddesign.se\/#organization"},"potentialAction":[{"@type":"SearchAction","target":{"@type":"EntryPoint","urlTemplate":"https:\/\/stilanddesign.se\/?s={search_term_string}"},"query-input":{"@type":"PropertyValueSpecification","valueRequired":true,"valueName":"search_term_string"}}],"inLanguage":"en-US"},{"@type":"Organization","@id":"https:\/\/stilanddesign.se\/#organization","name":"Style &amp; Design","url":"https:\/\/stilanddesign.se\/","logo":{"@type":"ImageObject","inLanguage":"en-US","@id":"https:\/\/stilanddesign.se\/#\/schema\/logo\/image\/","url":"https:\/\/stilanddesign.se\/wp-content\/uploads\/2023\/12\/output-onlinepngtools-e1727784413220.png","contentUrl":"https:\/\/stilanddesign.se\/wp-content\/uploads\/2023\/12\/output-onlinepngtools-e1727784413220.png","width":519,"height":135,"caption":"Stil &amp; Design"},"image":{"@id":"https:\/\/stilanddesign.se\/#\/schema\/logo\/image\/"}}]}},"_links":{"self":[{"href":"https:\/\/stilanddesign.se\/en\/wp-json\/wp\/v2\/product\/1064890","targetHints":{"allow":["GET"]}}],"collection":[{"href":"https:\/\/stilanddesign.se\/en\/wp-json\/wp\/v2\/product"}],"about":[{"href":"https:\/\/stilanddesign.se\/en\/wp-json\/wp\/v2\/types\/product"}],"replies":[{"embeddable":true,"href":"https:\/\/stilanddesign.se\/en\/wp-json\/wp\/v2\/comments?post=1064890"}],"wp:featuredmedia":[{"embeddable":true,"href":"https:\/\/stilanddesign.se\/en\/wp-json\/wp\/v2\/media\/1064896"}],"wp:attachment":[{"href":"https:\/\/stilanddesign.se\/en\/wp-json\/wp\/v2\/media?parent=1064890"}],"wp:term":[{"taxonomy":"product_brand","embeddable":true,"href":"https:\/\/stilanddesign.se\/en\/wp-json\/wp\/v2\/product_brand?post=1064890"},{"taxonomy":"product_cat","embeddable":true,"href":"https:\/\/stilanddesign.se\/en\/wp-json\/wp\/v2\/product_cat?post=1064890"},{"taxonomy":"product_tag","embeddable":true,"href":"https:\/\/stilanddesign.se\/en\/wp-json\/wp\/v2\/product_tag?post=1064890"}],"curies":[{"name":"wp","href":"https:\/\/api.w.org\/{rel}","templated":true}]}}