{"id":1064656,"date":"2026-02-09T13:59:30","date_gmt":"2026-02-09T12:59:30","guid":{"rendered":"https:\/\/stilanddesign.se\/?post_type=product&#038;p=1064656"},"modified":"2026-03-17T15:09:23","modified_gmt":"2026-03-17T14:09:23","slug":"%f0%9f%a4%8d-volangblus-fran-zabaione-feminin-och-elegant-%f0%9f%a4%8d","status":"publish","type":"product","link":"https:\/\/stilanddesign.se\/en\/product\/%f0%9f%a4%8d-volangblus-fran-zabaione-feminin-och-elegant-%f0%9f%a4%8d\/","title":{"rendered":"\ud83e\udd0d Ruffle blouse from Zabaione \u2013 feminine and elegant \ud83e\udd0d"},"content":{"rendered":"<p data-start=\"132\" data-end=\"188\">\ud83e\udd0d <strong data-start=\"135\" data-end=\"185\">Ruffle blouse from Zabaione \u2013 feminine and elegant<\/strong> \ud83e\udd0d<\/p>\n<p data-start=\"190\" data-end=\"376\">A wonderful blouse with beautiful pleated ruffles that give a romantic and sophisticated look \u2728<br data-start=\"282\" data-end=\"285\" \/>The soft, airy quality makes it just as nice for everyday wear as it is for more festive occasions.<\/p>\n<p data-start=\"378\" data-end=\"488\">The blouse has a flattering fit with long sleeves and ruffle details at the front that really elevate the whole outfit.<\/p>\n<p data-start=\"490\" data-end=\"667\">\ud83d\udc5a <strong data-start=\"493\" data-end=\"506\">Details:<\/strong><br \/>\n\u2728 Pleated ruffles at the front and wide neckline<br data-start=\"550\" data-end=\"553\" \/>\u2728 Long sleeves with light elastic at the cuffs<br data-start=\"590\" data-end=\"593\" \/>\u2728 Stylish and elegant design<br data-start=\"621\" data-end=\"624\" \/>\u2728 Perfect for both jeans and suit pants<\/p>\n<p data-start=\"669\" data-end=\"756\">\ud83d\udccf <strong data-start=\"672\" data-end=\"686\">Sizes:<\/strong> S\u2013XXL<br data-start=\"694\" data-end=\"697\" \/>\ud83e\uddf5 <strong data-start=\"700\" data-end=\"713\">Material:<\/strong> 100% polyester<br data-start=\"728\" data-end=\"731\" \/>\ud83c\udff7\ufe0f <strong data-start=\"735\" data-end=\"745\">Make:<\/strong> Zabaione<\/p>\n<p data-start=\"758\" data-end=\"813\">A timeless favorite that always feels right in the wardrobe \ud83e\udd0d<\/p>","protected":false},"excerpt":{"rendered":"<p data-start=\"132\" data-end=\"188\">\ud83e\udd0d <strong data-start=\"135\" data-end=\"185\">Ruffle blouse from Zabaione \u2013 feminine and elegant<\/strong> \ud83e\udd0d<\/p>\n<p data-start=\"190\" data-end=\"376\">A wonderful blouse with beautiful pleated ruffles that give a romantic and sophisticated look \u2728<br data-start=\"282\" data-end=\"285\" \/>The soft, airy quality makes it just as nice for everyday wear as it is for more festive occasions.<\/p>\n<p data-start=\"378\" data-end=\"488\">The blouse has a flattering fit with long sleeves and ruffle details at the front that really elevate the whole outfit.<\/p>\n<p data-start=\"490\" data-end=\"667\">\ud83d\udc5a <strong data-start=\"493\" data-end=\"506\">Details:<\/strong><br \/>\n\u2728 Pleated ruffles at the front and wide neckline<br data-start=\"550\" data-end=\"553\" \/>\u2728 Long sleeves with light elastic at the cuffs<br data-start=\"590\" data-end=\"593\" \/>\u2728 Stylish and elegant design<br data-start=\"621\" data-end=\"624\" \/>\u2728 Perfect for both jeans and suit pants<\/p>\n<p data-start=\"669\" data-end=\"756\">\ud83d\udccf <strong data-start=\"672\" data-end=\"686\">Sizes:<\/strong> S\u2013XXL<br data-start=\"694\" data-end=\"697\" \/>\ud83e\uddf5 <strong data-start=\"700\" data-end=\"713\">Material:<\/strong> 100% polyester<br data-start=\"728\" data-end=\"731\" \/>\ud83c\udff7\ufe0f <strong data-start=\"735\" data-end=\"745\">Make:<\/strong> Zabaione<\/p>\n<p data-start=\"758\" data-end=\"813\">A timeless favorite that always feels right in the wardrobe \ud83e\udd0d<\/p>","protected":false},"featured_media":1064664,"comment_status":"closed","ping_status":"closed","template":"","meta":[],"product_brand":[],"product_cat":[211],"product_tag":[],"class_list":{"0":"post-1064656","1":"product","2":"type-product","3":"status-publish","4":"has-post-thumbnail","6":"product_cat-blusar","8":"first","9":"instock","10":"taxable","11":"shipping-taxable","12":"purchasable","13":"product-type-variable"},"yoast_head":"<!-- This site is optimized with the Yoast SEO Premium plugin v27.1 (Yoast SEO v27.4) - https:\/\/yoast.com\/product\/yoast-seo-premium-wordpress\/ -->\n<title>\ud83e\udd0d Volangblus fr\u00e5n Zabaione \u2013 feminin och elegant \ud83e\udd0d - Stil &amp; Design<\/title>\n<meta name=\"robots\" content=\"index, follow, max-snippet:-1, max-image-preview:large, max-video-preview:-1\" \/>\n<link rel=\"canonical\" href=\"https:\/\/stilanddesign.se\/en\/product\/\ud83e\udd0d-volangblus-fran-zabaione-feminin-och-elegant-\ud83e\udd0d\/\" \/>\n<meta property=\"og:locale\" content=\"en_US\" \/>\n<meta property=\"og:type\" content=\"article\" \/>\n<meta property=\"og:title\" content=\"\ud83e\udd0d Volangblus fr\u00e5n Zabaione \u2013 feminin och elegant \ud83e\udd0d\" \/>\n<meta property=\"og:description\" content=\"\ud83e\udd0d Volangblus fr\u00e5n Zabaione \u2013 feminin och elegant \ud83e\udd0d En underbar blus med vackra plisserade volanger som ger en romantisk och sofistikerad look \u2728Den mjuka, luftiga kvaliteten g\u00f6r den lika fin till vardags som till festligare tillf\u00e4llen. Blusen har en smickrande passform med l\u00e5ng \u00e4rm och volangdetaljer framtill som verkligen lyfter hela outfiten. \ud83d\udc5a Detaljer: \u2728 Plisserade volanger framtill och vid hals\u2728 L\u00e5ng \u00e4rm med l\u00e4tt res\u00e5r vid \u00e4rmslut\u2728 Stilren och elegant design\u2728 Perfekt till b\u00e5de jeans och kostymbyxor \ud83d\udccf Storlekar: S \u2013 XXL\ud83e\uddf5 Material: 100% polyester\ud83c\udff7\ufe0f M\u00e4rke: Zabaione En tidl\u00f6s favorit som alltid k\u00e4nns r\u00e4tt i garderoben \ud83e\udd0d\" \/>\n<meta property=\"og:url\" content=\"https:\/\/stilanddesign.se\/en\/product\/\ud83e\udd0d-volangblus-fran-zabaione-feminin-och-elegant-\ud83e\udd0d\/\" \/>\n<meta property=\"og:site_name\" content=\"Stil &amp; Design\" \/>\n<meta property=\"article:modified_time\" content=\"2026-03-17T14:09:23+00:00\" \/>\n<meta property=\"og:image\" content=\"https:\/\/stilanddesign.se\/wp-content\/uploads\/2026\/02\/Mode-i-boutique-med-rufsig-blus.png\" \/>\n\t<meta property=\"og:image:width\" content=\"1024\" \/>\n\t<meta property=\"og:image:height\" content=\"1536\" \/>\n\t<meta property=\"og:image:type\" content=\"image\/png\" \/>\n<meta name=\"twitter:card\" content=\"summary_large_image\" \/>\n<meta name=\"twitter:label1\" content=\"Est. reading time\" \/>\n\t<meta name=\"twitter:data1\" content=\"1 minute\" \/>\n<script type=\"application\/ld+json\" class=\"yoast-schema-graph\">{\"@context\":\"https:\\\/\\\/schema.org\",\"@graph\":[{\"@type\":\"WebPage\",\"@id\":\"https:\\\/\\\/stilanddesign.se\\\/produkt\\\/%f0%9f%a4%8d-volangblus-fran-zabaione-feminin-och-elegant-%f0%9f%a4%8d\\\/\",\"url\":\"https:\\\/\\\/stilanddesign.se\\\/produkt\\\/%f0%9f%a4%8d-volangblus-fran-zabaione-feminin-och-elegant-%f0%9f%a4%8d\\\/\",\"name\":\"\ud83e\udd0d Volangblus fr\u00e5n Zabaione \u2013 feminin och elegant \ud83e\udd0d - Stil &amp; Design\",\"isPartOf\":{\"@id\":\"https:\\\/\\\/stilanddesign.se\\\/#website\"},\"primaryImageOfPage\":{\"@id\":\"https:\\\/\\\/stilanddesign.se\\\/produkt\\\/%f0%9f%a4%8d-volangblus-fran-zabaione-feminin-och-elegant-%f0%9f%a4%8d\\\/#primaryimage\"},\"image\":{\"@id\":\"https:\\\/\\\/stilanddesign.se\\\/produkt\\\/%f0%9f%a4%8d-volangblus-fran-zabaione-feminin-och-elegant-%f0%9f%a4%8d\\\/#primaryimage\"},\"thumbnailUrl\":\"https:\\\/\\\/stilanddesign.se\\\/wp-content\\\/uploads\\\/2026\\\/02\\\/Mode-i-boutique-med-rufsig-blus.png\",\"datePublished\":\"2026-02-09T12:59:30+00:00\",\"dateModified\":\"2026-03-17T14:09:23+00:00\",\"breadcrumb\":{\"@id\":\"https:\\\/\\\/stilanddesign.se\\\/produkt\\\/%f0%9f%a4%8d-volangblus-fran-zabaione-feminin-och-elegant-%f0%9f%a4%8d\\\/#breadcrumb\"},\"inLanguage\":\"en-US\",\"potentialAction\":[{\"@type\":\"ReadAction\",\"target\":[\"https:\\\/\\\/stilanddesign.se\\\/produkt\\\/%f0%9f%a4%8d-volangblus-fran-zabaione-feminin-och-elegant-%f0%9f%a4%8d\\\/\"]}]},{\"@type\":\"ImageObject\",\"inLanguage\":\"en-US\",\"@id\":\"https:\\\/\\\/stilanddesign.se\\\/produkt\\\/%f0%9f%a4%8d-volangblus-fran-zabaione-feminin-och-elegant-%f0%9f%a4%8d\\\/#primaryimage\",\"url\":\"https:\\\/\\\/stilanddesign.se\\\/wp-content\\\/uploads\\\/2026\\\/02\\\/Mode-i-boutique-med-rufsig-blus.png\",\"contentUrl\":\"https:\\\/\\\/stilanddesign.se\\\/wp-content\\\/uploads\\\/2026\\\/02\\\/Mode-i-boutique-med-rufsig-blus.png\",\"width\":1024,\"height\":1536},{\"@type\":\"BreadcrumbList\",\"@id\":\"https:\\\/\\\/stilanddesign.se\\\/produkt\\\/%f0%9f%a4%8d-volangblus-fran-zabaione-feminin-och-elegant-%f0%9f%a4%8d\\\/#breadcrumb\",\"itemListElement\":[{\"@type\":\"ListItem\",\"position\":1,\"name\":\"Hem\",\"item\":\"https:\\\/\\\/stilanddesign.se\\\/\"},{\"@type\":\"ListItem\",\"position\":2,\"name\":\"Butiken\",\"item\":\"https:\\\/\\\/stilanddesign.se\\\/butiken\\\/\"},{\"@type\":\"ListItem\",\"position\":3,\"name\":\"\ud83e\udd0d Volangblus fr\u00e5n Zabaione \u2013 feminin och elegant \ud83e\udd0d\"}]},{\"@type\":\"WebSite\",\"@id\":\"https:\\\/\\\/stilanddesign.se\\\/#website\",\"url\":\"https:\\\/\\\/stilanddesign.se\\\/\",\"name\":\"Stil &amp; Design\",\"description\":\"F\u00f6r oss som \u00e4lskar mode!\",\"publisher\":{\"@id\":\"https:\\\/\\\/stilanddesign.se\\\/#organization\"},\"potentialAction\":[{\"@type\":\"SearchAction\",\"target\":{\"@type\":\"EntryPoint\",\"urlTemplate\":\"https:\\\/\\\/stilanddesign.se\\\/?s={search_term_string}\"},\"query-input\":{\"@type\":\"PropertyValueSpecification\",\"valueRequired\":true,\"valueName\":\"search_term_string\"}}],\"inLanguage\":\"en-US\"},{\"@type\":\"Organization\",\"@id\":\"https:\\\/\\\/stilanddesign.se\\\/#organization\",\"name\":\"Stil &amp; Design\",\"url\":\"https:\\\/\\\/stilanddesign.se\\\/\",\"logo\":{\"@type\":\"ImageObject\",\"inLanguage\":\"en-US\",\"@id\":\"https:\\\/\\\/stilanddesign.se\\\/#\\\/schema\\\/logo\\\/image\\\/\",\"url\":\"https:\\\/\\\/stilanddesign.se\\\/wp-content\\\/uploads\\\/2023\\\/12\\\/output-onlinepngtools-e1727784413220.png\",\"contentUrl\":\"https:\\\/\\\/stilanddesign.se\\\/wp-content\\\/uploads\\\/2023\\\/12\\\/output-onlinepngtools-e1727784413220.png\",\"width\":519,\"height\":135,\"caption\":\"Stil &amp; Design\"},\"image\":{\"@id\":\"https:\\\/\\\/stilanddesign.se\\\/#\\\/schema\\\/logo\\\/image\\\/\"}}]}<\/script>\n<!-- \/ Yoast SEO Premium plugin. -->","yoast_head_json":{"title":"\ud83e\udd0d Volangblus fr\u00e5n Zabaione \u2013 feminin och elegant \ud83e\udd0d - Stil &amp; Design","robots":{"index":"index","follow":"follow","max-snippet":"max-snippet:-1","max-image-preview":"max-image-preview:large","max-video-preview":"max-video-preview:-1"},"canonical":"https:\/\/stilanddesign.se\/en\/product\/\ud83e\udd0d-volangblus-fran-zabaione-feminin-och-elegant-\ud83e\udd0d\/","og_locale":"en_US","og_type":"article","og_title":"\ud83e\udd0d Volangblus fr\u00e5n Zabaione \u2013 feminin och elegant \ud83e\udd0d","og_description":"\ud83e\udd0d Volangblus fr\u00e5n Zabaione \u2013 feminin och elegant \ud83e\udd0d En underbar blus med vackra plisserade volanger som ger en romantisk och sofistikerad look \u2728Den mjuka, luftiga kvaliteten g\u00f6r den lika fin till vardags som till festligare tillf\u00e4llen. Blusen har en smickrande passform med l\u00e5ng \u00e4rm och volangdetaljer framtill som verkligen lyfter hela outfiten. \ud83d\udc5a Detaljer: \u2728 Plisserade volanger framtill och vid hals\u2728 L\u00e5ng \u00e4rm med l\u00e4tt res\u00e5r vid \u00e4rmslut\u2728 Stilren och elegant design\u2728 Perfekt till b\u00e5de jeans och kostymbyxor \ud83d\udccf Storlekar: S \u2013 XXL\ud83e\uddf5 Material: 100% polyester\ud83c\udff7\ufe0f M\u00e4rke: Zabaione En tidl\u00f6s favorit som alltid k\u00e4nns r\u00e4tt i garderoben \ud83e\udd0d","og_url":"https:\/\/stilanddesign.se\/en\/product\/\ud83e\udd0d-volangblus-fran-zabaione-feminin-och-elegant-\ud83e\udd0d\/","og_site_name":"Stil &amp; Design","article_modified_time":"2026-03-17T14:09:23+00:00","og_image":[{"width":1024,"height":1536,"url":"https:\/\/stilanddesign.se\/wp-content\/uploads\/2026\/02\/Mode-i-boutique-med-rufsig-blus.png","type":"image\/png"}],"twitter_card":"summary_large_image","twitter_misc":{"Est. reading time":"1 minute"},"schema":{"@context":"https:\/\/schema.org","@graph":[{"@type":"WebPage","@id":"https:\/\/stilanddesign.se\/produkt\/%f0%9f%a4%8d-volangblus-fran-zabaione-feminin-och-elegant-%f0%9f%a4%8d\/","url":"https:\/\/stilanddesign.se\/produkt\/%f0%9f%a4%8d-volangblus-fran-zabaione-feminin-och-elegant-%f0%9f%a4%8d\/","name":"\ud83e\udd0d Volangblus fr\u00e5n Zabaione \u2013 feminin och elegant \ud83e\udd0d - Stil &amp; Design","isPartOf":{"@id":"https:\/\/stilanddesign.se\/#website"},"primaryImageOfPage":{"@id":"https:\/\/stilanddesign.se\/produkt\/%f0%9f%a4%8d-volangblus-fran-zabaione-feminin-och-elegant-%f0%9f%a4%8d\/#primaryimage"},"image":{"@id":"https:\/\/stilanddesign.se\/produkt\/%f0%9f%a4%8d-volangblus-fran-zabaione-feminin-och-elegant-%f0%9f%a4%8d\/#primaryimage"},"thumbnailUrl":"https:\/\/stilanddesign.se\/wp-content\/uploads\/2026\/02\/Mode-i-boutique-med-rufsig-blus.png","datePublished":"2026-02-09T12:59:30+00:00","dateModified":"2026-03-17T14:09:23+00:00","breadcrumb":{"@id":"https:\/\/stilanddesign.se\/produkt\/%f0%9f%a4%8d-volangblus-fran-zabaione-feminin-och-elegant-%f0%9f%a4%8d\/#breadcrumb"},"inLanguage":"en-US","potentialAction":[{"@type":"ReadAction","target":["https:\/\/stilanddesign.se\/produkt\/%f0%9f%a4%8d-volangblus-fran-zabaione-feminin-och-elegant-%f0%9f%a4%8d\/"]}]},{"@type":"ImageObject","inLanguage":"en-US","@id":"https:\/\/stilanddesign.se\/produkt\/%f0%9f%a4%8d-volangblus-fran-zabaione-feminin-och-elegant-%f0%9f%a4%8d\/#primaryimage","url":"https:\/\/stilanddesign.se\/wp-content\/uploads\/2026\/02\/Mode-i-boutique-med-rufsig-blus.png","contentUrl":"https:\/\/stilanddesign.se\/wp-content\/uploads\/2026\/02\/Mode-i-boutique-med-rufsig-blus.png","width":1024,"height":1536},{"@type":"BreadcrumbList","@id":"https:\/\/stilanddesign.se\/produkt\/%f0%9f%a4%8d-volangblus-fran-zabaione-feminin-och-elegant-%f0%9f%a4%8d\/#breadcrumb","itemListElement":[{"@type":"ListItem","position":1,"name":"Hem","item":"https:\/\/stilanddesign.se\/"},{"@type":"ListItem","position":2,"name":"Butiken","item":"https:\/\/stilanddesign.se\/butiken\/"},{"@type":"ListItem","position":3,"name":"\ud83e\udd0d Volangblus fr\u00e5n Zabaione \u2013 feminin och elegant \ud83e\udd0d"}]},{"@type":"WebSite","@id":"https:\/\/stilanddesign.se\/#website","url":"https:\/\/stilanddesign.se\/","name":"Style &amp; Design","description":"For those of us who love fashion!","publisher":{"@id":"https:\/\/stilanddesign.se\/#organization"},"potentialAction":[{"@type":"SearchAction","target":{"@type":"EntryPoint","urlTemplate":"https:\/\/stilanddesign.se\/?s={search_term_string}"},"query-input":{"@type":"PropertyValueSpecification","valueRequired":true,"valueName":"search_term_string"}}],"inLanguage":"en-US"},{"@type":"Organization","@id":"https:\/\/stilanddesign.se\/#organization","name":"Style &amp; Design","url":"https:\/\/stilanddesign.se\/","logo":{"@type":"ImageObject","inLanguage":"en-US","@id":"https:\/\/stilanddesign.se\/#\/schema\/logo\/image\/","url":"https:\/\/stilanddesign.se\/wp-content\/uploads\/2023\/12\/output-onlinepngtools-e1727784413220.png","contentUrl":"https:\/\/stilanddesign.se\/wp-content\/uploads\/2023\/12\/output-onlinepngtools-e1727784413220.png","width":519,"height":135,"caption":"Stil &amp; Design"},"image":{"@id":"https:\/\/stilanddesign.se\/#\/schema\/logo\/image\/"}}]}},"_links":{"self":[{"href":"https:\/\/stilanddesign.se\/en\/wp-json\/wp\/v2\/product\/1064656","targetHints":{"allow":["GET"]}}],"collection":[{"href":"https:\/\/stilanddesign.se\/en\/wp-json\/wp\/v2\/product"}],"about":[{"href":"https:\/\/stilanddesign.se\/en\/wp-json\/wp\/v2\/types\/product"}],"replies":[{"embeddable":true,"href":"https:\/\/stilanddesign.se\/en\/wp-json\/wp\/v2\/comments?post=1064656"}],"wp:featuredmedia":[{"embeddable":true,"href":"https:\/\/stilanddesign.se\/en\/wp-json\/wp\/v2\/media\/1064664"}],"wp:attachment":[{"href":"https:\/\/stilanddesign.se\/en\/wp-json\/wp\/v2\/media?parent=1064656"}],"wp:term":[{"taxonomy":"product_brand","embeddable":true,"href":"https:\/\/stilanddesign.se\/en\/wp-json\/wp\/v2\/product_brand?post=1064656"},{"taxonomy":"product_cat","embeddable":true,"href":"https:\/\/stilanddesign.se\/en\/wp-json\/wp\/v2\/product_cat?post=1064656"},{"taxonomy":"product_tag","embeddable":true,"href":"https:\/\/stilanddesign.se\/en\/wp-json\/wp\/v2\/product_tag?post=1064656"}],"curies":[{"name":"wp","href":"https:\/\/api.w.org\/{rel}","templated":true}]}}