{"id":1064634,"date":"2026-02-13T10:00:36","date_gmt":"2026-02-13T09:00:36","guid":{"rendered":"https:\/\/stilanddesign.se\/?post_type=product&#038;p=1064634"},"modified":"2026-02-20T11:18:11","modified_gmt":"2026-02-20T10:18:11","slug":"%e2%9c%a8%f0%9f%a4%8e-sweatshirt-fran-zabaione-la-med-cool-touch-%f0%9f%a4%8e%e2%9c%a8","status":"publish","type":"product","link":"https:\/\/stilanddesign.se\/en\/product\/%e2%9c%a8%f0%9f%a4%8e-sweatshirt-fran-zabaione-la-med-cool-touch-%f0%9f%a4%8e%e2%9c%a8\/","title":{"rendered":"\u2728\ud83e\udd0e Sweatshirt from Zabaione \u2013 LA with a cool touch \ud83e\udd0e\u2728"},"content":{"rendered":"<p data-start=\"0\" data-end=\"58\">\u2728\ud83e\udd0e <strong data-start=\"4\" data-end=\"52\">Sweatshirt from Zabaione \u2013 LA with a cool touch<\/strong> \ud83e\udd0e\u2728<\/p>\n<p data-start=\"60\" data-end=\"164\">A super lovely sweatshirt with trendy <strong data-start=\"98\" data-end=\"116\">LA application<\/strong> at the front which gives a sporty and modern look \ud83d\ude0d<\/p>\n<p data-start=\"166\" data-end=\"350\">Perfect to wear with jeans, leggings or suit pants for a casual yet stylish outfit. The soft cotton blend makes it as comfortable as it is stylish \u2013 a real everyday favorite! \ud83d\udcab<\/p>\n<p data-start=\"352\" data-end=\"494\">\ud83d\udc55 <strong data-start=\"355\" data-end=\"368\">Details:<\/strong><br data-start=\"368\" data-end=\"371\" \/>\u2728 Classic sweatshirt model<br data-start=\"398\" data-end=\"401\" \/>\ud83e\udd0d Large LA logo on the front<br data-start=\"425\" data-end=\"428\" \/>\ud83d\udc4c Soft and comfortable quality<br data-start=\"455\" data-end=\"458\" \/>\ud83c\udf1f Suitable for both everyday and cozy occasions<\/p>\n<p data-start=\"496\" data-end=\"519\">\ud83d\udccf <strong data-start=\"499\" data-end=\"511\">Size:<\/strong> S\u2013XXL<\/p>\n<p data-start=\"521\" data-end=\"568\">\ud83e\uddf5 <strong data-start=\"524\" data-end=\"537\">Material:<\/strong><br data-start=\"537\" data-end=\"540\" \/>70% Cotton<br data-start=\"550\" data-end=\"553\" \/>30% Polyester<\/p>\n<p data-start=\"570\" data-end=\"650\" data-is-last-node=\"\" data-is-only-node=\"\">A sweatshirt that gives you that effortlessly cool feeling \u2013 a must-experience! \ud83e\udd0e\u2728<\/p>\n<p data-start=\"570\" data-end=\"650\" data-is-last-node=\"\" data-is-only-node=\"\">NOTE! The sleeves are 7\/8 length and you can wear a matching lace top underneath.<\/p>\n<p data-start=\"570\" data-end=\"650\" data-is-last-node=\"\" data-is-only-node=\"\">Nice model with a fixed cuff both at the bottom and at the cuffs<\/p>","protected":false},"excerpt":{"rendered":"<p data-start=\"0\" data-end=\"58\">\u2728\ud83e\udd0e <strong data-start=\"4\" data-end=\"52\">Sweatshirt from Zabaione \u2013 LA with a cool touch<\/strong> \ud83e\udd0e\u2728<\/p>\n<p data-start=\"60\" data-end=\"164\">A super lovely sweatshirt with trendy <strong data-start=\"98\" data-end=\"116\">LA application<\/strong> at the front which gives a sporty and modern look \ud83d\ude0d<\/p>\n<p data-start=\"166\" data-end=\"350\">Perfect to wear with jeans, leggings or suit pants for a casual yet stylish outfit. The soft cotton blend makes it as comfortable as it is stylish \u2013 a real everyday favorite! \ud83d\udcab<\/p>\n<p data-start=\"352\" data-end=\"494\">\ud83d\udc55 <strong data-start=\"355\" data-end=\"368\">Details:<\/strong><br data-start=\"368\" data-end=\"371\" \/>\u2728 Classic sweatshirt model<br data-start=\"398\" data-end=\"401\" \/>\ud83e\udd0d Large LA logo on the front<br data-start=\"425\" data-end=\"428\" \/>\ud83d\udc4c Soft and comfortable quality<br data-start=\"455\" data-end=\"458\" \/>\ud83c\udf1f Suitable for both everyday and cozy occasions<\/p>\n<p data-start=\"496\" data-end=\"519\">\ud83d\udccf <strong data-start=\"499\" data-end=\"511\">Size:<\/strong> S\u2013XXL<\/p>\n<p data-start=\"521\" data-end=\"568\">\ud83e\uddf5 <strong data-start=\"524\" data-end=\"537\">Material:<\/strong><br data-start=\"537\" data-end=\"540\" \/>70% Cotton<br data-start=\"550\" data-end=\"553\" \/>30% Polyester<\/p>\n<p data-start=\"570\" data-end=\"650\" data-is-last-node=\"\" data-is-only-node=\"\">A sweatshirt that gives you that effortlessly cool feeling \u2013 a must-experience! \ud83e\udd0e\u2728<\/p>\n<p data-start=\"570\" data-end=\"650\" data-is-last-node=\"\" data-is-only-node=\"\">NOTE! The sleeves are 7\/8 length and you can wear a matching lace top underneath.<\/p>\n<p data-start=\"570\" data-end=\"650\" data-is-last-node=\"\" data-is-only-node=\"\">Nice model with a fixed cuff at the bottom and at the sleeve ends<\/p>","protected":false},"featured_media":1064644,"comment_status":"closed","ping_status":"closed","template":"","meta":[],"product_brand":[],"product_cat":[209],"product_tag":[],"class_list":{"0":"post-1064634","1":"product","2":"type-product","3":"status-publish","4":"has-post-thumbnail","6":"product_cat-reaprodukter","8":"first","9":"outofstock","10":"taxable","11":"shipping-taxable","12":"product-type-variable"},"yoast_head":"<!-- This site is optimized with the Yoast SEO Premium plugin v27.4 (Yoast SEO v27.5) - https:\/\/yoast.com\/product\/yoast-seo-premium-wordpress\/ -->\n<title>\u2728\ud83e\udd0e Sweatshirt fr\u00e5n Zabaione \u2013 LA med cool touch \ud83e\udd0e\u2728 - Stil &amp; Design<\/title>\n<meta name=\"robots\" content=\"index, follow, max-snippet:-1, max-image-preview:large, max-video-preview:-1\" \/>\n<link rel=\"canonical\" href=\"https:\/\/stilanddesign.se\/en\/product\/\u2728\ud83e\udd0e-sweatshirt-fran-zabaione-la-med-cool-touch-\ud83e\udd0e\u2728\/\" \/>\n<meta property=\"og:locale\" content=\"en_US\" \/>\n<meta property=\"og:type\" content=\"article\" \/>\n<meta property=\"og:title\" content=\"\u2728\ud83e\udd0e Sweatshirt fr\u00e5n Zabaione \u2013 LA med cool touch \ud83e\udd0e\u2728\" \/>\n<meta property=\"og:description\" content=\"\u2728\ud83e\udd0e Sweatshirt fr\u00e5n Zabaione \u2013 LA med cool touch \ud83e\udd0e\u2728 En superh\u00e4rlig sweatshirt med trendig LA-applikation framtill som ger en sporty och modern look \ud83d\ude0d Perfekt att b\u00e4ra till jeans, leggings eller kostymbyxor f\u00f6r en avslappnad men stilfull outfit. Den mjuka bomullsblandningen g\u00f6r den lika sk\u00f6n som snygg \u2013 en riktig vardagsfavorit! \ud83d\udcab \ud83d\udc55 Detaljer:\u2728 Klassisk sweatshirtmodell\ud83e\udd0d Stor LA-logo framtill\ud83d\udc4c Mjuk och bekv\u00e4m kvalitet\ud83c\udf1f Passar b\u00e5de till vardag och mys \ud83d\udccf Storlek: S\u2013XXL \ud83e\uddf5 Material:70% Bomull30% Polyester En sweatshirt som ger dig den d\u00e4r effortless coola k\u00e4nslan \u2013 m\u00e5ste upplevas! \ud83e\udd0e\u2728 OBS! \u00e4rmen \u00e4r 7\/8 l\u00e5ng och man kan med f\u00f6rdel ha en matchande spetstopp under N\u00e4tt modell med en fast mudd nertill och i \u00e4rmslut\" \/>\n<meta property=\"og:url\" content=\"https:\/\/stilanddesign.se\/en\/product\/\u2728\ud83e\udd0e-sweatshirt-fran-zabaione-la-med-cool-touch-\ud83e\udd0e\u2728\/\" \/>\n<meta property=\"og:site_name\" content=\"Stil &amp; Design\" \/>\n<meta property=\"article:modified_time\" content=\"2026-02-20T10:18:11+00:00\" \/>\n<meta property=\"og:image\" content=\"https:\/\/stilanddesign.se\/wp-content\/uploads\/2026\/02\/ChatGPT-Image-9-feb.-2026-13_28_21.png\" \/>\n\t<meta property=\"og:image:width\" content=\"1024\" \/>\n\t<meta property=\"og:image:height\" content=\"1536\" \/>\n\t<meta property=\"og:image:type\" content=\"image\/png\" \/>\n<meta name=\"twitter:card\" content=\"summary_large_image\" \/>\n<meta name=\"twitter:label1\" content=\"Est. reading time\" \/>\n\t<meta name=\"twitter:data1\" content=\"1 minute\" \/>\n<script type=\"application\/ld+json\" class=\"yoast-schema-graph\">{\"@context\":\"https:\\\/\\\/schema.org\",\"@graph\":[{\"@type\":\"WebPage\",\"@id\":\"https:\\\/\\\/stilanddesign.se\\\/produkt\\\/%e2%9c%a8%f0%9f%a4%8e-sweatshirt-fran-zabaione-la-med-cool-touch-%f0%9f%a4%8e%e2%9c%a8\\\/\",\"url\":\"https:\\\/\\\/stilanddesign.se\\\/produkt\\\/%e2%9c%a8%f0%9f%a4%8e-sweatshirt-fran-zabaione-la-med-cool-touch-%f0%9f%a4%8e%e2%9c%a8\\\/\",\"name\":\"\u2728\ud83e\udd0e Sweatshirt fr\u00e5n Zabaione \u2013 LA med cool touch \ud83e\udd0e\u2728 - Stil &amp; Design\",\"isPartOf\":{\"@id\":\"https:\\\/\\\/stilanddesign.se\\\/#website\"},\"primaryImageOfPage\":{\"@id\":\"https:\\\/\\\/stilanddesign.se\\\/produkt\\\/%e2%9c%a8%f0%9f%a4%8e-sweatshirt-fran-zabaione-la-med-cool-touch-%f0%9f%a4%8e%e2%9c%a8\\\/#primaryimage\"},\"image\":{\"@id\":\"https:\\\/\\\/stilanddesign.se\\\/produkt\\\/%e2%9c%a8%f0%9f%a4%8e-sweatshirt-fran-zabaione-la-med-cool-touch-%f0%9f%a4%8e%e2%9c%a8\\\/#primaryimage\"},\"thumbnailUrl\":\"https:\\\/\\\/stilanddesign.se\\\/wp-content\\\/uploads\\\/2026\\\/02\\\/ChatGPT-Image-9-feb.-2026-13_28_21.png\",\"datePublished\":\"2026-02-13T09:00:36+00:00\",\"dateModified\":\"2026-02-20T10:18:11+00:00\",\"breadcrumb\":{\"@id\":\"https:\\\/\\\/stilanddesign.se\\\/produkt\\\/%e2%9c%a8%f0%9f%a4%8e-sweatshirt-fran-zabaione-la-med-cool-touch-%f0%9f%a4%8e%e2%9c%a8\\\/#breadcrumb\"},\"inLanguage\":\"en-US\",\"potentialAction\":[{\"@type\":\"ReadAction\",\"target\":[\"https:\\\/\\\/stilanddesign.se\\\/produkt\\\/%e2%9c%a8%f0%9f%a4%8e-sweatshirt-fran-zabaione-la-med-cool-touch-%f0%9f%a4%8e%e2%9c%a8\\\/\"]}]},{\"@type\":\"ImageObject\",\"inLanguage\":\"en-US\",\"@id\":\"https:\\\/\\\/stilanddesign.se\\\/produkt\\\/%e2%9c%a8%f0%9f%a4%8e-sweatshirt-fran-zabaione-la-med-cool-touch-%f0%9f%a4%8e%e2%9c%a8\\\/#primaryimage\",\"url\":\"https:\\\/\\\/stilanddesign.se\\\/wp-content\\\/uploads\\\/2026\\\/02\\\/ChatGPT-Image-9-feb.-2026-13_28_21.png\",\"contentUrl\":\"https:\\\/\\\/stilanddesign.se\\\/wp-content\\\/uploads\\\/2026\\\/02\\\/ChatGPT-Image-9-feb.-2026-13_28_21.png\",\"width\":1024,\"height\":1536},{\"@type\":\"BreadcrumbList\",\"@id\":\"https:\\\/\\\/stilanddesign.se\\\/produkt\\\/%e2%9c%a8%f0%9f%a4%8e-sweatshirt-fran-zabaione-la-med-cool-touch-%f0%9f%a4%8e%e2%9c%a8\\\/#breadcrumb\",\"itemListElement\":[{\"@type\":\"ListItem\",\"position\":1,\"name\":\"Hem\",\"item\":\"https:\\\/\\\/stilanddesign.se\\\/\"},{\"@type\":\"ListItem\",\"position\":2,\"name\":\"Butiken\",\"item\":\"https:\\\/\\\/stilanddesign.se\\\/butiken\\\/\"},{\"@type\":\"ListItem\",\"position\":3,\"name\":\"\u2728\ud83e\udd0e Sweatshirt fr\u00e5n Zabaione \u2013 LA med cool touch \ud83e\udd0e\u2728\"}]},{\"@type\":\"WebSite\",\"@id\":\"https:\\\/\\\/stilanddesign.se\\\/#website\",\"url\":\"https:\\\/\\\/stilanddesign.se\\\/\",\"name\":\"Stil &amp; Design\",\"description\":\"F\u00f6r oss som \u00e4lskar mode!\",\"publisher\":{\"@id\":\"https:\\\/\\\/stilanddesign.se\\\/#organization\"},\"potentialAction\":[{\"@type\":\"SearchAction\",\"target\":{\"@type\":\"EntryPoint\",\"urlTemplate\":\"https:\\\/\\\/stilanddesign.se\\\/?s={search_term_string}\"},\"query-input\":{\"@type\":\"PropertyValueSpecification\",\"valueRequired\":true,\"valueName\":\"search_term_string\"}}],\"inLanguage\":\"en-US\"},{\"@type\":\"Organization\",\"@id\":\"https:\\\/\\\/stilanddesign.se\\\/#organization\",\"name\":\"Stil &amp; Design\",\"url\":\"https:\\\/\\\/stilanddesign.se\\\/\",\"logo\":{\"@type\":\"ImageObject\",\"inLanguage\":\"en-US\",\"@id\":\"https:\\\/\\\/stilanddesign.se\\\/#\\\/schema\\\/logo\\\/image\\\/\",\"url\":\"https:\\\/\\\/stilanddesign.se\\\/wp-content\\\/uploads\\\/2023\\\/12\\\/output-onlinepngtools-e1727784413220.png\",\"contentUrl\":\"https:\\\/\\\/stilanddesign.se\\\/wp-content\\\/uploads\\\/2023\\\/12\\\/output-onlinepngtools-e1727784413220.png\",\"width\":519,\"height\":135,\"caption\":\"Stil &amp; Design\"},\"image\":{\"@id\":\"https:\\\/\\\/stilanddesign.se\\\/#\\\/schema\\\/logo\\\/image\\\/\"}}]}<\/script>\n<!-- \/ Yoast SEO Premium plugin. -->","yoast_head_json":{"title":"\u2728\ud83e\udd0e Sweatshirt fr\u00e5n Zabaione \u2013 LA med cool touch \ud83e\udd0e\u2728 - Stil &amp; Design","robots":{"index":"index","follow":"follow","max-snippet":"max-snippet:-1","max-image-preview":"max-image-preview:large","max-video-preview":"max-video-preview:-1"},"canonical":"https:\/\/stilanddesign.se\/en\/product\/\u2728\ud83e\udd0e-sweatshirt-fran-zabaione-la-med-cool-touch-\ud83e\udd0e\u2728\/","og_locale":"en_US","og_type":"article","og_title":"\u2728\ud83e\udd0e Sweatshirt fr\u00e5n Zabaione \u2013 LA med cool touch \ud83e\udd0e\u2728","og_description":"\u2728\ud83e\udd0e Sweatshirt fr\u00e5n Zabaione \u2013 LA med cool touch \ud83e\udd0e\u2728 En superh\u00e4rlig sweatshirt med trendig LA-applikation framtill som ger en sporty och modern look \ud83d\ude0d Perfekt att b\u00e4ra till jeans, leggings eller kostymbyxor f\u00f6r en avslappnad men stilfull outfit. Den mjuka bomullsblandningen g\u00f6r den lika sk\u00f6n som snygg \u2013 en riktig vardagsfavorit! \ud83d\udcab \ud83d\udc55 Detaljer:\u2728 Klassisk sweatshirtmodell\ud83e\udd0d Stor LA-logo framtill\ud83d\udc4c Mjuk och bekv\u00e4m kvalitet\ud83c\udf1f Passar b\u00e5de till vardag och mys \ud83d\udccf Storlek: S\u2013XXL \ud83e\uddf5 Material:70% Bomull30% Polyester En sweatshirt som ger dig den d\u00e4r effortless coola k\u00e4nslan \u2013 m\u00e5ste upplevas! \ud83e\udd0e\u2728 OBS! \u00e4rmen \u00e4r 7\/8 l\u00e5ng och man kan med f\u00f6rdel ha en matchande spetstopp under N\u00e4tt modell med en fast mudd nertill och i \u00e4rmslut","og_url":"https:\/\/stilanddesign.se\/en\/product\/\u2728\ud83e\udd0e-sweatshirt-fran-zabaione-la-med-cool-touch-\ud83e\udd0e\u2728\/","og_site_name":"Stil &amp; Design","article_modified_time":"2026-02-20T10:18:11+00:00","og_image":[{"width":1024,"height":1536,"url":"https:\/\/stilanddesign.se\/wp-content\/uploads\/2026\/02\/ChatGPT-Image-9-feb.-2026-13_28_21.png","type":"image\/png"}],"twitter_card":"summary_large_image","twitter_misc":{"Est. reading time":"1 minute"},"schema":{"@context":"https:\/\/schema.org","@graph":[{"@type":"WebPage","@id":"https:\/\/stilanddesign.se\/produkt\/%e2%9c%a8%f0%9f%a4%8e-sweatshirt-fran-zabaione-la-med-cool-touch-%f0%9f%a4%8e%e2%9c%a8\/","url":"https:\/\/stilanddesign.se\/produkt\/%e2%9c%a8%f0%9f%a4%8e-sweatshirt-fran-zabaione-la-med-cool-touch-%f0%9f%a4%8e%e2%9c%a8\/","name":"\u2728\ud83e\udd0e Sweatshirt fr\u00e5n Zabaione \u2013 LA med cool touch \ud83e\udd0e\u2728 - Stil &amp; Design","isPartOf":{"@id":"https:\/\/stilanddesign.se\/#website"},"primaryImageOfPage":{"@id":"https:\/\/stilanddesign.se\/produkt\/%e2%9c%a8%f0%9f%a4%8e-sweatshirt-fran-zabaione-la-med-cool-touch-%f0%9f%a4%8e%e2%9c%a8\/#primaryimage"},"image":{"@id":"https:\/\/stilanddesign.se\/produkt\/%e2%9c%a8%f0%9f%a4%8e-sweatshirt-fran-zabaione-la-med-cool-touch-%f0%9f%a4%8e%e2%9c%a8\/#primaryimage"},"thumbnailUrl":"https:\/\/stilanddesign.se\/wp-content\/uploads\/2026\/02\/ChatGPT-Image-9-feb.-2026-13_28_21.png","datePublished":"2026-02-13T09:00:36+00:00","dateModified":"2026-02-20T10:18:11+00:00","breadcrumb":{"@id":"https:\/\/stilanddesign.se\/produkt\/%e2%9c%a8%f0%9f%a4%8e-sweatshirt-fran-zabaione-la-med-cool-touch-%f0%9f%a4%8e%e2%9c%a8\/#breadcrumb"},"inLanguage":"en-US","potentialAction":[{"@type":"ReadAction","target":["https:\/\/stilanddesign.se\/produkt\/%e2%9c%a8%f0%9f%a4%8e-sweatshirt-fran-zabaione-la-med-cool-touch-%f0%9f%a4%8e%e2%9c%a8\/"]}]},{"@type":"ImageObject","inLanguage":"en-US","@id":"https:\/\/stilanddesign.se\/produkt\/%e2%9c%a8%f0%9f%a4%8e-sweatshirt-fran-zabaione-la-med-cool-touch-%f0%9f%a4%8e%e2%9c%a8\/#primaryimage","url":"https:\/\/stilanddesign.se\/wp-content\/uploads\/2026\/02\/ChatGPT-Image-9-feb.-2026-13_28_21.png","contentUrl":"https:\/\/stilanddesign.se\/wp-content\/uploads\/2026\/02\/ChatGPT-Image-9-feb.-2026-13_28_21.png","width":1024,"height":1536},{"@type":"BreadcrumbList","@id":"https:\/\/stilanddesign.se\/produkt\/%e2%9c%a8%f0%9f%a4%8e-sweatshirt-fran-zabaione-la-med-cool-touch-%f0%9f%a4%8e%e2%9c%a8\/#breadcrumb","itemListElement":[{"@type":"ListItem","position":1,"name":"Hem","item":"https:\/\/stilanddesign.se\/"},{"@type":"ListItem","position":2,"name":"Butiken","item":"https:\/\/stilanddesign.se\/butiken\/"},{"@type":"ListItem","position":3,"name":"\u2728\ud83e\udd0e Sweatshirt fr\u00e5n Zabaione \u2013 LA med cool touch \ud83e\udd0e\u2728"}]},{"@type":"WebSite","@id":"https:\/\/stilanddesign.se\/#website","url":"https:\/\/stilanddesign.se\/","name":"Style &amp; Design","description":"For those of us who love fashion!","publisher":{"@id":"https:\/\/stilanddesign.se\/#organization"},"potentialAction":[{"@type":"SearchAction","target":{"@type":"EntryPoint","urlTemplate":"https:\/\/stilanddesign.se\/?s={search_term_string}"},"query-input":{"@type":"PropertyValueSpecification","valueRequired":true,"valueName":"search_term_string"}}],"inLanguage":"en-US"},{"@type":"Organization","@id":"https:\/\/stilanddesign.se\/#organization","name":"Style &amp; Design","url":"https:\/\/stilanddesign.se\/","logo":{"@type":"ImageObject","inLanguage":"en-US","@id":"https:\/\/stilanddesign.se\/#\/schema\/logo\/image\/","url":"https:\/\/stilanddesign.se\/wp-content\/uploads\/2023\/12\/output-onlinepngtools-e1727784413220.png","contentUrl":"https:\/\/stilanddesign.se\/wp-content\/uploads\/2023\/12\/output-onlinepngtools-e1727784413220.png","width":519,"height":135,"caption":"Stil &amp; Design"},"image":{"@id":"https:\/\/stilanddesign.se\/#\/schema\/logo\/image\/"}}]}},"_links":{"self":[{"href":"https:\/\/stilanddesign.se\/en\/wp-json\/wp\/v2\/product\/1064634","targetHints":{"allow":["GET"]}}],"collection":[{"href":"https:\/\/stilanddesign.se\/en\/wp-json\/wp\/v2\/product"}],"about":[{"href":"https:\/\/stilanddesign.se\/en\/wp-json\/wp\/v2\/types\/product"}],"replies":[{"embeddable":true,"href":"https:\/\/stilanddesign.se\/en\/wp-json\/wp\/v2\/comments?post=1064634"}],"wp:featuredmedia":[{"embeddable":true,"href":"https:\/\/stilanddesign.se\/en\/wp-json\/wp\/v2\/media\/1064644"}],"wp:attachment":[{"href":"https:\/\/stilanddesign.se\/en\/wp-json\/wp\/v2\/media?parent=1064634"}],"wp:term":[{"taxonomy":"product_brand","embeddable":true,"href":"https:\/\/stilanddesign.se\/en\/wp-json\/wp\/v2\/product_brand?post=1064634"},{"taxonomy":"product_cat","embeddable":true,"href":"https:\/\/stilanddesign.se\/en\/wp-json\/wp\/v2\/product_cat?post=1064634"},{"taxonomy":"product_tag","embeddable":true,"href":"https:\/\/stilanddesign.se\/en\/wp-json\/wp\/v2\/product_tag?post=1064634"}],"curies":[{"name":"wp","href":"https:\/\/api.w.org\/{rel}","templated":true}]}}