{"id":1064588,"date":"2026-02-09T10:53:39","date_gmt":"2026-02-09T09:53:39","guid":{"rendered":"https:\/\/stilanddesign.se\/?post_type=product&#038;p=1064588"},"modified":"2026-03-26T12:10:32","modified_gmt":"2026-03-26T11:10:32","slug":"sjal-fran-caramell-fashion-fargklicken-som-lyfter-din-look","status":"publish","type":"product","link":"https:\/\/stilanddesign.se\/en\/product\/sjal-fran-caramell-fashion-fargklicken-som-lyfter-din-look\/","title":{"rendered":"Scarf from Caramell Fashion - the color click that will lift your look"},"content":{"rendered":"<p data-start=\"89\" data-end=\"165\">\ud83c\udf38\u2728 <strong data-start=\"93\" data-end=\"159\">Scarf from Caramelle Fashion \u2013 the pop of color that will lift your look!<\/strong> \u2728\ud83c\udf38<\/p>\n<p data-start=\"167\" data-end=\"405\">A wonderful shawl in soft and supple material that gives an elegant and feminine touch to every outfit \ud83d\udc95<br data-start=\"271\" data-end=\"274\" \/>With its beautiful pattern and lovely colors in <strong data-start=\"324\" data-end=\"349\">pink and orange tones<\/strong> It will be a perfect accessory for both everyday life and parties.<\/p>\n<p data-start=\"407\" data-end=\"490\">Tie it around your neck, in your hair or on your bag for a chic and personal style \ud83c\udf80\ud83d\udc5c<\/p>\n<p data-start=\"492\" data-end=\"592\">\ud83d\udcab <strong data-start=\"495\" data-end=\"508\">Details:<\/strong><br data-start=\"508\" data-end=\"511\" \/>\ud83c\udf37 Color: <strong data-start=\"520\" data-end=\"537\">Pink &amp; Orange<\/strong><br data-start=\"537\" data-end=\"540\" \/>\ud83d\udd4a\ufe0f Light and airy quality<br data-start=\"568\" data-end=\"571\" \/>\u2728 Perfect all year round<\/p>\n<p data-start=\"594\" data-end=\"625\">\ud83d\udccf <strong data-start=\"597\" data-end=\"609\">Size:<\/strong> 60cm x 60cm<\/p>\n<p data-start=\"627\" data-end=\"660\">\ud83d\udccc Brand: <strong data-start=\"637\" data-end=\"658\">Caramelle Fashion<\/strong><\/p>\n<p data-start=\"662\" data-end=\"745\">A small detail that makes a big difference \u2013 romantic, stylish and absolutely wonderful \ud83c\udf38\ud83d\udc96<\/p>","protected":false},"excerpt":{"rendered":"<p data-start=\"89\" data-end=\"165\">\ud83c\udf38\u2728 <strong data-start=\"93\" data-end=\"159\">Scarf from Caramelle Fashion \u2013 the pop of color that will lift your look!<\/strong> \u2728\ud83c\udf38<\/p>\n<p data-start=\"167\" data-end=\"405\">A wonderful shawl in soft and supple material that gives an elegant and feminine touch to every outfit \ud83d\udc95<br data-start=\"271\" data-end=\"274\" \/>With its beautiful pattern and lovely colors in <strong data-start=\"324\" data-end=\"349\">pink and orange tones<\/strong> It will be a perfect accessory for both everyday life and parties.<\/p>\n<p data-start=\"407\" data-end=\"490\">Tie it around your neck, in your hair or on your bag for a chic and personal style \ud83c\udf80\ud83d\udc5c<\/p>\n<p data-start=\"492\" data-end=\"592\">\ud83d\udcab <strong data-start=\"495\" data-end=\"508\">Details:<\/strong><br data-start=\"508\" data-end=\"511\" \/>\ud83c\udf37 Color: <strong data-start=\"520\" data-end=\"537\">Pink &amp; Orange<\/strong><br data-start=\"537\" data-end=\"540\" \/>\ud83d\udd4a\ufe0f Light and airy quality<br data-start=\"568\" data-end=\"571\" \/>\u2728 Perfect all year round<\/p>\n<p data-start=\"594\" data-end=\"625\">\ud83d\udccf <strong data-start=\"597\" data-end=\"609\">Size:<\/strong> 60cm x 60cm<\/p>\n<p data-start=\"627\" data-end=\"660\">\ud83d\udccc Brand: <strong data-start=\"637\" data-end=\"658\">Caramelle Fashion<\/strong><\/p>\n<p data-start=\"662\" data-end=\"745\">A small detail that makes a big difference \u2013 romantic, stylish and absolutely wonderful \ud83c\udf38\ud83d\udc96<\/p>","protected":false},"featured_media":1064587,"comment_status":"closed","ping_status":"closed","template":"","meta":[],"product_brand":[],"product_cat":[207],"product_tag":[],"class_list":{"0":"post-1064588","1":"product","2":"type-product","3":"status-publish","4":"has-post-thumbnail","6":"product_cat-sjalar","8":"first","9":"outofstock","10":"taxable","11":"shipping-taxable","12":"product-type-variable"},"yoast_head":"<!-- This site is optimized with the Yoast SEO Premium plugin v27.1 (Yoast SEO v27.4) - https:\/\/yoast.com\/product\/yoast-seo-premium-wordpress\/ -->\n<title>Sjal fr\u00e5n Caramell Fashion-f\u00e4rgklicken som lyfter din look - Stil &amp; Design<\/title>\n<meta name=\"robots\" content=\"index, follow, max-snippet:-1, max-image-preview:large, max-video-preview:-1\" \/>\n<link rel=\"canonical\" href=\"https:\/\/stilanddesign.se\/en\/product\/sjal-fran-caramell-fashion-fargklicken-som-lyfter-din-look\/\" \/>\n<meta property=\"og:locale\" content=\"en_US\" \/>\n<meta property=\"og:type\" content=\"article\" \/>\n<meta property=\"og:title\" content=\"Sjal fr\u00e5n Caramell Fashion-f\u00e4rgklicken som lyfter din look\" \/>\n<meta property=\"og:description\" content=\"\ud83c\udf38\u2728 Sjal fr\u00e5n Caramelle Fashion \u2013 f\u00e4rgklicken som lyfter din look! \u2728\ud83c\udf38 En underbar sjal i mjukt och f\u00f6ljsamt material som ger en elegant och feminin touch till varje outfit \ud83d\udc95Med sitt vackra m\u00f6nster och sina h\u00e4rliga f\u00e4rger i rosa och orange toner blir den en perfekt accessoar f\u00f6r b\u00e5de vardag och fest. Knyt den runt halsen, i h\u00e5ret eller p\u00e5 v\u00e4skan f\u00f6r en chic och personlig stil \ud83c\udf80\ud83d\udc5c \ud83d\udcab Detaljer:\ud83c\udf37 F\u00e4rg: Rosa &amp; Orange\ud83d\udd4a\ufe0f L\u00e4tt och luftig kvalitet\u2728 Perfekt \u00e5ret runt \ud83d\udccf Storlek: 60 cm x 60 cm \ud83d\udccc M\u00e4rke: Caramelle Fashion En liten detalj som g\u00f6r stor skillnad \u2013 romantisk, stilren och helt underbar \ud83c\udf38\ud83d\udc96\" \/>\n<meta property=\"og:url\" content=\"https:\/\/stilanddesign.se\/en\/product\/sjal-fran-caramell-fashion-fargklicken-som-lyfter-din-look\/\" \/>\n<meta property=\"og:site_name\" content=\"Stil &amp; Design\" \/>\n<meta property=\"article:modified_time\" content=\"2026-03-26T11:10:32+00:00\" \/>\n<meta property=\"og:image\" content=\"https:\/\/stilanddesign.se\/wp-content\/uploads\/2026\/02\/887879899999999.png\" \/>\n\t<meta property=\"og:image:width\" content=\"427\" \/>\n\t<meta property=\"og:image:height\" content=\"640\" \/>\n\t<meta property=\"og:image:type\" content=\"image\/png\" \/>\n<meta name=\"twitter:card\" content=\"summary_large_image\" \/>\n<meta name=\"twitter:label1\" content=\"Est. reading time\" \/>\n\t<meta name=\"twitter:data1\" content=\"1 minute\" \/>\n<script type=\"application\/ld+json\" class=\"yoast-schema-graph\">{\"@context\":\"https:\\\/\\\/schema.org\",\"@graph\":[{\"@type\":\"WebPage\",\"@id\":\"https:\\\/\\\/stilanddesign.se\\\/produkt\\\/sjal-fran-caramell-fashion-fargklicken-som-lyfter-din-look\\\/\",\"url\":\"https:\\\/\\\/stilanddesign.se\\\/produkt\\\/sjal-fran-caramell-fashion-fargklicken-som-lyfter-din-look\\\/\",\"name\":\"Sjal fr\u00e5n Caramell Fashion-f\u00e4rgklicken som lyfter din look - Stil &amp; Design\",\"isPartOf\":{\"@id\":\"https:\\\/\\\/stilanddesign.se\\\/#website\"},\"primaryImageOfPage\":{\"@id\":\"https:\\\/\\\/stilanddesign.se\\\/produkt\\\/sjal-fran-caramell-fashion-fargklicken-som-lyfter-din-look\\\/#primaryimage\"},\"image\":{\"@id\":\"https:\\\/\\\/stilanddesign.se\\\/produkt\\\/sjal-fran-caramell-fashion-fargklicken-som-lyfter-din-look\\\/#primaryimage\"},\"thumbnailUrl\":\"https:\\\/\\\/stilanddesign.se\\\/wp-content\\\/uploads\\\/2026\\\/02\\\/887879899999999.png\",\"datePublished\":\"2026-02-09T09:53:39+00:00\",\"dateModified\":\"2026-03-26T11:10:32+00:00\",\"breadcrumb\":{\"@id\":\"https:\\\/\\\/stilanddesign.se\\\/produkt\\\/sjal-fran-caramell-fashion-fargklicken-som-lyfter-din-look\\\/#breadcrumb\"},\"inLanguage\":\"en-US\",\"potentialAction\":[{\"@type\":\"ReadAction\",\"target\":[\"https:\\\/\\\/stilanddesign.se\\\/produkt\\\/sjal-fran-caramell-fashion-fargklicken-som-lyfter-din-look\\\/\"]}]},{\"@type\":\"ImageObject\",\"inLanguage\":\"en-US\",\"@id\":\"https:\\\/\\\/stilanddesign.se\\\/produkt\\\/sjal-fran-caramell-fashion-fargklicken-som-lyfter-din-look\\\/#primaryimage\",\"url\":\"https:\\\/\\\/stilanddesign.se\\\/wp-content\\\/uploads\\\/2026\\\/02\\\/887879899999999.png\",\"contentUrl\":\"https:\\\/\\\/stilanddesign.se\\\/wp-content\\\/uploads\\\/2026\\\/02\\\/887879899999999.png\",\"width\":427,\"height\":640},{\"@type\":\"BreadcrumbList\",\"@id\":\"https:\\\/\\\/stilanddesign.se\\\/produkt\\\/sjal-fran-caramell-fashion-fargklicken-som-lyfter-din-look\\\/#breadcrumb\",\"itemListElement\":[{\"@type\":\"ListItem\",\"position\":1,\"name\":\"Hem\",\"item\":\"https:\\\/\\\/stilanddesign.se\\\/\"},{\"@type\":\"ListItem\",\"position\":2,\"name\":\"Butiken\",\"item\":\"https:\\\/\\\/stilanddesign.se\\\/butiken\\\/\"},{\"@type\":\"ListItem\",\"position\":3,\"name\":\"Sjal fr\u00e5n Caramell Fashion-f\u00e4rgklicken som lyfter din look\"}]},{\"@type\":\"WebSite\",\"@id\":\"https:\\\/\\\/stilanddesign.se\\\/#website\",\"url\":\"https:\\\/\\\/stilanddesign.se\\\/\",\"name\":\"Stil &amp; Design\",\"description\":\"F\u00f6r oss som \u00e4lskar mode!\",\"publisher\":{\"@id\":\"https:\\\/\\\/stilanddesign.se\\\/#organization\"},\"potentialAction\":[{\"@type\":\"SearchAction\",\"target\":{\"@type\":\"EntryPoint\",\"urlTemplate\":\"https:\\\/\\\/stilanddesign.se\\\/?s={search_term_string}\"},\"query-input\":{\"@type\":\"PropertyValueSpecification\",\"valueRequired\":true,\"valueName\":\"search_term_string\"}}],\"inLanguage\":\"en-US\"},{\"@type\":\"Organization\",\"@id\":\"https:\\\/\\\/stilanddesign.se\\\/#organization\",\"name\":\"Stil &amp; Design\",\"url\":\"https:\\\/\\\/stilanddesign.se\\\/\",\"logo\":{\"@type\":\"ImageObject\",\"inLanguage\":\"en-US\",\"@id\":\"https:\\\/\\\/stilanddesign.se\\\/#\\\/schema\\\/logo\\\/image\\\/\",\"url\":\"https:\\\/\\\/stilanddesign.se\\\/wp-content\\\/uploads\\\/2023\\\/12\\\/output-onlinepngtools-e1727784413220.png\",\"contentUrl\":\"https:\\\/\\\/stilanddesign.se\\\/wp-content\\\/uploads\\\/2023\\\/12\\\/output-onlinepngtools-e1727784413220.png\",\"width\":519,\"height\":135,\"caption\":\"Stil &amp; Design\"},\"image\":{\"@id\":\"https:\\\/\\\/stilanddesign.se\\\/#\\\/schema\\\/logo\\\/image\\\/\"}}]}<\/script>\n<!-- \/ Yoast SEO Premium plugin. -->","yoast_head_json":{"title":"Sjal fr\u00e5n Caramell Fashion-f\u00e4rgklicken som lyfter din look - Stil &amp; Design","robots":{"index":"index","follow":"follow","max-snippet":"max-snippet:-1","max-image-preview":"max-image-preview:large","max-video-preview":"max-video-preview:-1"},"canonical":"https:\/\/stilanddesign.se\/en\/product\/sjal-fran-caramell-fashion-fargklicken-som-lyfter-din-look\/","og_locale":"en_US","og_type":"article","og_title":"Sjal fr\u00e5n Caramell Fashion-f\u00e4rgklicken som lyfter din look","og_description":"\ud83c\udf38\u2728 Sjal fr\u00e5n Caramelle Fashion \u2013 f\u00e4rgklicken som lyfter din look! \u2728\ud83c\udf38 En underbar sjal i mjukt och f\u00f6ljsamt material som ger en elegant och feminin touch till varje outfit \ud83d\udc95Med sitt vackra m\u00f6nster och sina h\u00e4rliga f\u00e4rger i rosa och orange toner blir den en perfekt accessoar f\u00f6r b\u00e5de vardag och fest. Knyt den runt halsen, i h\u00e5ret eller p\u00e5 v\u00e4skan f\u00f6r en chic och personlig stil \ud83c\udf80\ud83d\udc5c \ud83d\udcab Detaljer:\ud83c\udf37 F\u00e4rg: Rosa &amp; Orange\ud83d\udd4a\ufe0f L\u00e4tt och luftig kvalitet\u2728 Perfekt \u00e5ret runt \ud83d\udccf Storlek: 60 cm x 60 cm \ud83d\udccc M\u00e4rke: Caramelle Fashion En liten detalj som g\u00f6r stor skillnad \u2013 romantisk, stilren och helt underbar \ud83c\udf38\ud83d\udc96","og_url":"https:\/\/stilanddesign.se\/en\/product\/sjal-fran-caramell-fashion-fargklicken-som-lyfter-din-look\/","og_site_name":"Stil &amp; Design","article_modified_time":"2026-03-26T11:10:32+00:00","og_image":[{"width":427,"height":640,"url":"https:\/\/stilanddesign.se\/wp-content\/uploads\/2026\/02\/887879899999999.png","type":"image\/png"}],"twitter_card":"summary_large_image","twitter_misc":{"Est. reading time":"1 minute"},"schema":{"@context":"https:\/\/schema.org","@graph":[{"@type":"WebPage","@id":"https:\/\/stilanddesign.se\/produkt\/sjal-fran-caramell-fashion-fargklicken-som-lyfter-din-look\/","url":"https:\/\/stilanddesign.se\/produkt\/sjal-fran-caramell-fashion-fargklicken-som-lyfter-din-look\/","name":"Sjal fr\u00e5n Caramell Fashion-f\u00e4rgklicken som lyfter din look - Stil &amp; Design","isPartOf":{"@id":"https:\/\/stilanddesign.se\/#website"},"primaryImageOfPage":{"@id":"https:\/\/stilanddesign.se\/produkt\/sjal-fran-caramell-fashion-fargklicken-som-lyfter-din-look\/#primaryimage"},"image":{"@id":"https:\/\/stilanddesign.se\/produkt\/sjal-fran-caramell-fashion-fargklicken-som-lyfter-din-look\/#primaryimage"},"thumbnailUrl":"https:\/\/stilanddesign.se\/wp-content\/uploads\/2026\/02\/887879899999999.png","datePublished":"2026-02-09T09:53:39+00:00","dateModified":"2026-03-26T11:10:32+00:00","breadcrumb":{"@id":"https:\/\/stilanddesign.se\/produkt\/sjal-fran-caramell-fashion-fargklicken-som-lyfter-din-look\/#breadcrumb"},"inLanguage":"en-US","potentialAction":[{"@type":"ReadAction","target":["https:\/\/stilanddesign.se\/produkt\/sjal-fran-caramell-fashion-fargklicken-som-lyfter-din-look\/"]}]},{"@type":"ImageObject","inLanguage":"en-US","@id":"https:\/\/stilanddesign.se\/produkt\/sjal-fran-caramell-fashion-fargklicken-som-lyfter-din-look\/#primaryimage","url":"https:\/\/stilanddesign.se\/wp-content\/uploads\/2026\/02\/887879899999999.png","contentUrl":"https:\/\/stilanddesign.se\/wp-content\/uploads\/2026\/02\/887879899999999.png","width":427,"height":640},{"@type":"BreadcrumbList","@id":"https:\/\/stilanddesign.se\/produkt\/sjal-fran-caramell-fashion-fargklicken-som-lyfter-din-look\/#breadcrumb","itemListElement":[{"@type":"ListItem","position":1,"name":"Hem","item":"https:\/\/stilanddesign.se\/"},{"@type":"ListItem","position":2,"name":"Butiken","item":"https:\/\/stilanddesign.se\/butiken\/"},{"@type":"ListItem","position":3,"name":"Sjal fr\u00e5n Caramell Fashion-f\u00e4rgklicken som lyfter din look"}]},{"@type":"WebSite","@id":"https:\/\/stilanddesign.se\/#website","url":"https:\/\/stilanddesign.se\/","name":"Style &amp; Design","description":"For those of us who love fashion!","publisher":{"@id":"https:\/\/stilanddesign.se\/#organization"},"potentialAction":[{"@type":"SearchAction","target":{"@type":"EntryPoint","urlTemplate":"https:\/\/stilanddesign.se\/?s={search_term_string}"},"query-input":{"@type":"PropertyValueSpecification","valueRequired":true,"valueName":"search_term_string"}}],"inLanguage":"en-US"},{"@type":"Organization","@id":"https:\/\/stilanddesign.se\/#organization","name":"Style &amp; Design","url":"https:\/\/stilanddesign.se\/","logo":{"@type":"ImageObject","inLanguage":"en-US","@id":"https:\/\/stilanddesign.se\/#\/schema\/logo\/image\/","url":"https:\/\/stilanddesign.se\/wp-content\/uploads\/2023\/12\/output-onlinepngtools-e1727784413220.png","contentUrl":"https:\/\/stilanddesign.se\/wp-content\/uploads\/2023\/12\/output-onlinepngtools-e1727784413220.png","width":519,"height":135,"caption":"Stil &amp; Design"},"image":{"@id":"https:\/\/stilanddesign.se\/#\/schema\/logo\/image\/"}}]}},"_links":{"self":[{"href":"https:\/\/stilanddesign.se\/en\/wp-json\/wp\/v2\/product\/1064588","targetHints":{"allow":["GET"]}}],"collection":[{"href":"https:\/\/stilanddesign.se\/en\/wp-json\/wp\/v2\/product"}],"about":[{"href":"https:\/\/stilanddesign.se\/en\/wp-json\/wp\/v2\/types\/product"}],"replies":[{"embeddable":true,"href":"https:\/\/stilanddesign.se\/en\/wp-json\/wp\/v2\/comments?post=1064588"}],"wp:featuredmedia":[{"embeddable":true,"href":"https:\/\/stilanddesign.se\/en\/wp-json\/wp\/v2\/media\/1064587"}],"wp:attachment":[{"href":"https:\/\/stilanddesign.se\/en\/wp-json\/wp\/v2\/media?parent=1064588"}],"wp:term":[{"taxonomy":"product_brand","embeddable":true,"href":"https:\/\/stilanddesign.se\/en\/wp-json\/wp\/v2\/product_brand?post=1064588"},{"taxonomy":"product_cat","embeddable":true,"href":"https:\/\/stilanddesign.se\/en\/wp-json\/wp\/v2\/product_cat?post=1064588"},{"taxonomy":"product_tag","embeddable":true,"href":"https:\/\/stilanddesign.se\/en\/wp-json\/wp\/v2\/product_tag?post=1064588"}],"curies":[{"name":"wp","href":"https:\/\/api.w.org\/{rel}","templated":true}]}}