{"id":1064506,"date":"2026-04-17T09:16:30","date_gmt":"2026-04-17T07:16:30","guid":{"rendered":"https:\/\/stilanddesign.se\/?post_type=product&#038;p=1064506"},"modified":"2026-04-19T12:01:01","modified_gmt":"2026-04-19T10:01:01","slug":"%f0%9f%92%99%f0%9f%91%96-mjuka-harliga-jeans-med-knapp-gylf-komfort-moter-stil-%f0%9f%91%96%f0%9f%92%99beata","status":"publish","type":"product","link":"https:\/\/stilanddesign.se\/en\/product\/%f0%9f%92%99%f0%9f%91%96-mjuka-harliga-jeans-med-knapp-gylf-komfort-moter-stil-%f0%9f%91%96%f0%9f%92%99beata\/","title":{"rendered":"\ud83d\udc99\ud83d\udc56 Soft Lovely Jeans with Button &amp; Fly \u2013 Comfort meets Style! \ud83d\udc56\ud83d\udc99BEATA"},"content":{"rendered":"<p data-start=\"98\" data-end=\"172\">\ud83d\udc99\ud83d\udc56 <strong data-start=\"103\" data-end=\"165\">Soft Lovely Jeans with Button &amp; Fly \u2013 Comfort meets Style!<\/strong> \ud83d\udc56\ud83d\udc99<\/p>\n<p data-start=\"174\" data-end=\"281\">Are you looking for jeans that feel incredibly comfortable but still look really trendy? Then you&#039;ve found the right one \ud83d\ude0d\u2728<\/p>\n<p data-start=\"283\" data-end=\"455\">These <strong data-start=\"289\" data-end=\"316\">soft and lovely jeans<\/strong> from <strong data-start=\"322\" data-end=\"343\">Caramelle Fashion<\/strong> is a real favorite \u2013 stretchy, comfortable and at the same time stylish with classic <strong data-start=\"423\" data-end=\"441\">button and fly<\/strong> front \ud83d\udcab<\/p>\n<p data-start=\"457\" data-end=\"626\">The timeless <strong data-start=\"469\" data-end=\"488\">The 5-pocket model<\/strong> gives a stylish jeans look that goes with everything, and the flexible fit makes them perfect for both everyday life and more festive occasions \ud83c\udf3f<\/p>\n<p data-start=\"628\" data-end=\"840\">\u2728 <strong data-start=\"630\" data-end=\"653\">Details we love:<\/strong><br data-start=\"653\" data-end=\"656\" \/>\ud83d\udc56 Soft jeans with stretch for maximum comfort<br data-start=\"702\" data-end=\"705\" \/>\u2728 Button and fly at the front for a classic jeans feel<br data-start=\"755\" data-end=\"758\" \/>\ud83d\udc56 Classic 5-pocket model<br data-start=\"783\" data-end=\"786\" \/>\ud83d\udc99 Flattering fit that stays perfect all day long<\/p>\n<p data-start=\"842\" data-end=\"895\">\ud83d\udccf <strong data-start=\"845\" data-end=\"857\">Size:<\/strong> 34\u201344<br data-start=\"863\" data-end=\"866\" \/>\ud83c\udf38 Brand: Caramelle Fashion<\/p>\n<p data-start=\"897\" data-end=\"974\">The jeans you never want to take off \u2013 maximum comfort with top style points \ud83d\ude0d\ud83d\udc99<\/p>","protected":false},"excerpt":{"rendered":"<p data-start=\"98\" data-end=\"172\">\ud83d\udc99\ud83d\udc56 <strong data-start=\"103\" data-end=\"165\">Soft Lovely Jeans with Button &amp; Fly \u2013 Comfort meets Style!<\/strong> \ud83d\udc56\ud83d\udc99<\/p>\n<p data-start=\"174\" data-end=\"281\">Are you looking for jeans that feel incredibly comfortable but still look really trendy? Then you&#039;ve found the right one \ud83d\ude0d\u2728<\/p>\n<p data-start=\"283\" data-end=\"455\">These <strong data-start=\"289\" data-end=\"316\">soft and lovely jeans<\/strong> from <strong data-start=\"322\" data-end=\"343\">Caramelle Fashion<\/strong> is a real favorite \u2013 stretchy, comfortable and at the same time stylish with classic <strong data-start=\"423\" data-end=\"441\">button and fly<\/strong> front \ud83d\udcab<\/p>\n<p data-start=\"457\" data-end=\"626\">The timeless <strong data-start=\"469\" data-end=\"488\">The 5-pocket model<\/strong> gives a stylish jeans look that goes with everything, and the flexible fit makes them perfect for both everyday life and more festive occasions \ud83c\udf3f<\/p>\n<p data-start=\"628\" data-end=\"840\">\u2728 <strong data-start=\"630\" data-end=\"653\">Details we love:<\/strong><br data-start=\"653\" data-end=\"656\" \/>\ud83d\udc56 Soft jeans with stretch for maximum comfort<br data-start=\"702\" data-end=\"705\" \/>\u2728 Button and fly at the front for a classic jeans feel<br data-start=\"755\" data-end=\"758\" \/>\ud83d\udc56 Classic 5-pocket model<br data-start=\"783\" data-end=\"786\" \/>\ud83d\udc99 Flattering fit that stays perfect all day long<\/p>\n<p data-start=\"842\" data-end=\"895\">\ud83d\udccf <strong data-start=\"845\" data-end=\"857\">Size:<\/strong> 34\u201344<br data-start=\"863\" data-end=\"866\" \/>\ud83c\udf38 Brand: Caramelle Fashion<\/p>\n<p data-start=\"897\" data-end=\"974\">The jeans you never want to take off \u2013 maximum comfort with top style points \ud83d\ude0d\ud83d\udc99<\/p>","protected":false},"featured_media":1064503,"comment_status":"closed","ping_status":"closed","template":"","meta":[],"product_brand":[],"product_cat":[209],"product_tag":[],"class_list":{"0":"post-1064506","1":"product","2":"type-product","3":"status-publish","4":"has-post-thumbnail","6":"product_cat-reaprodukter","8":"first","9":"instock","10":"sale","11":"taxable","12":"shipping-taxable","13":"purchasable","14":"product-type-variable"},"yoast_head":"<!-- This site is optimized with the Yoast SEO Premium plugin v27.4 (Yoast SEO v27.4) - https:\/\/yoast.com\/product\/yoast-seo-premium-wordpress\/ -->\n<title>\ud83d\udc99\ud83d\udc56 Mjuka H\u00e4rliga Jeans med Knapp &amp; Gylf \u2013 Komfort m\u00f6ter Stil! \ud83d\udc56\ud83d\udc99BEATA - Stil &amp; Design<\/title>\n<meta name=\"robots\" content=\"index, follow, max-snippet:-1, max-image-preview:large, max-video-preview:-1\" \/>\n<link rel=\"canonical\" href=\"https:\/\/stilanddesign.se\/en\/product\/\ud83d\udc99\ud83d\udc56-mjuka-harliga-jeans-med-knapp-gylf-komfort-moter-stil-\ud83d\udc56\ud83d\udc99beata\/\" \/>\n<meta property=\"og:locale\" content=\"en_US\" \/>\n<meta property=\"og:type\" content=\"article\" \/>\n<meta property=\"og:title\" content=\"\ud83d\udc99\ud83d\udc56 Mjuka H\u00e4rliga Jeans med Knapp &amp; Gylf \u2013 Komfort m\u00f6ter Stil! \ud83d\udc56\ud83d\udc99BEATA\" \/>\n<meta property=\"og:description\" content=\"\ud83d\udc99\ud83d\udc56 Mjuka H\u00e4rliga Jeans med Knapp &amp; Gylf \u2013 Komfort m\u00f6ter Stil! \ud83d\udc56\ud83d\udc99 Letar du efter jeans som k\u00e4nns otroligt sk\u00f6na men \u00e4nd\u00e5 ser riktigt trendiga ut? D\u00e5 har du hittat r\u00e4tt \ud83d\ude0d\u2728 Dessa mjuka och h\u00e4rliga jeans fr\u00e5n Caramelle Fashion \u00e4r en riktig favorit \u2013 stretchiga, bekv\u00e4ma och samtidigt stilrena med klassisk knapp och gylf framtill \ud83d\udcab Den tidl\u00f6sa 5-ficksmodellen ger en snygg jeanslook som passar till allt, och den f\u00f6ljsamma passformen g\u00f6r dem perfekta f\u00f6r b\u00e5de vardag och festligare tillf\u00e4llen \ud83c\udf3f \u2728 Detaljer vi \u00e4lskar:\ud83d\udc56 Mjuka jeans med stretch f\u00f6r maximal komfort\u2728 Knapp och gylf framtill f\u00f6r klassisk jeansk\u00e4nsla\ud83d\udc56 Klassisk 5-ficksmodell\ud83d\udc99 Smickrande passform som sitter perfekt hela dagen \ud83d\udccf Storlek: 34\u201344\ud83c\udf38 M\u00e4rke: Caramelle Fashion Jeansen du aldrig vill ta av dig \u2013 maxad komfort med stilpo\u00e4ng p\u00e5 topp \ud83d\ude0d\ud83d\udc99\" \/>\n<meta property=\"og:url\" content=\"https:\/\/stilanddesign.se\/en\/product\/\ud83d\udc99\ud83d\udc56-mjuka-harliga-jeans-med-knapp-gylf-komfort-moter-stil-\ud83d\udc56\ud83d\udc99beata\/\" \/>\n<meta property=\"og:site_name\" content=\"Stil &amp; Design\" \/>\n<meta property=\"article:modified_time\" content=\"2026-04-19T10:01:01+00:00\" \/>\n<meta property=\"og:image\" content=\"https:\/\/stilanddesign.se\/wp-content\/uploads\/2026\/02\/ChatGPT-Image-7-feb.-2026-14_38_47-683x1024.png\" \/>\n\t<meta property=\"og:image:width\" content=\"683\" \/>\n\t<meta property=\"og:image:height\" content=\"1024\" \/>\n\t<meta property=\"og:image:type\" content=\"image\/png\" \/>\n<meta name=\"twitter:card\" content=\"summary_large_image\" \/>\n<meta name=\"twitter:label1\" content=\"Est. reading time\" \/>\n\t<meta name=\"twitter:data1\" content=\"1 minute\" \/>\n<script type=\"application\/ld+json\" class=\"yoast-schema-graph\">{\"@context\":\"https:\\\/\\\/schema.org\",\"@graph\":[{\"@type\":\"WebPage\",\"@id\":\"https:\\\/\\\/stilanddesign.se\\\/produkt\\\/%f0%9f%92%99%f0%9f%91%96-mjuka-harliga-jeans-med-knapp-gylf-komfort-moter-stil-%f0%9f%91%96%f0%9f%92%99beata\\\/\",\"url\":\"https:\\\/\\\/stilanddesign.se\\\/produkt\\\/%f0%9f%92%99%f0%9f%91%96-mjuka-harliga-jeans-med-knapp-gylf-komfort-moter-stil-%f0%9f%91%96%f0%9f%92%99beata\\\/\",\"name\":\"\ud83d\udc99\ud83d\udc56 Mjuka H\u00e4rliga Jeans med Knapp & Gylf \u2013 Komfort m\u00f6ter Stil! \ud83d\udc56\ud83d\udc99BEATA - Stil &amp; Design\",\"isPartOf\":{\"@id\":\"https:\\\/\\\/stilanddesign.se\\\/#website\"},\"primaryImageOfPage\":{\"@id\":\"https:\\\/\\\/stilanddesign.se\\\/produkt\\\/%f0%9f%92%99%f0%9f%91%96-mjuka-harliga-jeans-med-knapp-gylf-komfort-moter-stil-%f0%9f%91%96%f0%9f%92%99beata\\\/#primaryimage\"},\"image\":{\"@id\":\"https:\\\/\\\/stilanddesign.se\\\/produkt\\\/%f0%9f%92%99%f0%9f%91%96-mjuka-harliga-jeans-med-knapp-gylf-komfort-moter-stil-%f0%9f%91%96%f0%9f%92%99beata\\\/#primaryimage\"},\"thumbnailUrl\":\"https:\\\/\\\/stilanddesign.se\\\/wp-content\\\/uploads\\\/2026\\\/02\\\/ChatGPT-Image-7-feb.-2026-14_38_47.png\",\"datePublished\":\"2026-04-17T07:16:30+00:00\",\"dateModified\":\"2026-04-19T10:01:01+00:00\",\"breadcrumb\":{\"@id\":\"https:\\\/\\\/stilanddesign.se\\\/produkt\\\/%f0%9f%92%99%f0%9f%91%96-mjuka-harliga-jeans-med-knapp-gylf-komfort-moter-stil-%f0%9f%91%96%f0%9f%92%99beata\\\/#breadcrumb\"},\"inLanguage\":\"en-US\",\"potentialAction\":[{\"@type\":\"ReadAction\",\"target\":[\"https:\\\/\\\/stilanddesign.se\\\/produkt\\\/%f0%9f%92%99%f0%9f%91%96-mjuka-harliga-jeans-med-knapp-gylf-komfort-moter-stil-%f0%9f%91%96%f0%9f%92%99beata\\\/\"]}]},{\"@type\":\"ImageObject\",\"inLanguage\":\"en-US\",\"@id\":\"https:\\\/\\\/stilanddesign.se\\\/produkt\\\/%f0%9f%92%99%f0%9f%91%96-mjuka-harliga-jeans-med-knapp-gylf-komfort-moter-stil-%f0%9f%91%96%f0%9f%92%99beata\\\/#primaryimage\",\"url\":\"https:\\\/\\\/stilanddesign.se\\\/wp-content\\\/uploads\\\/2026\\\/02\\\/ChatGPT-Image-7-feb.-2026-14_38_47.png\",\"contentUrl\":\"https:\\\/\\\/stilanddesign.se\\\/wp-content\\\/uploads\\\/2026\\\/02\\\/ChatGPT-Image-7-feb.-2026-14_38_47.png\",\"width\":1024,\"height\":1536},{\"@type\":\"BreadcrumbList\",\"@id\":\"https:\\\/\\\/stilanddesign.se\\\/produkt\\\/%f0%9f%92%99%f0%9f%91%96-mjuka-harliga-jeans-med-knapp-gylf-komfort-moter-stil-%f0%9f%91%96%f0%9f%92%99beata\\\/#breadcrumb\",\"itemListElement\":[{\"@type\":\"ListItem\",\"position\":1,\"name\":\"Hem\",\"item\":\"https:\\\/\\\/stilanddesign.se\\\/\"},{\"@type\":\"ListItem\",\"position\":2,\"name\":\"Butiken\",\"item\":\"https:\\\/\\\/stilanddesign.se\\\/butiken\\\/\"},{\"@type\":\"ListItem\",\"position\":3,\"name\":\"\ud83d\udc99\ud83d\udc56 Mjuka H\u00e4rliga Jeans med Knapp &#038; Gylf \u2013 Komfort m\u00f6ter Stil! \ud83d\udc56\ud83d\udc99BEATA\"}]},{\"@type\":\"WebSite\",\"@id\":\"https:\\\/\\\/stilanddesign.se\\\/#website\",\"url\":\"https:\\\/\\\/stilanddesign.se\\\/\",\"name\":\"Stil &amp; Design\",\"description\":\"F\u00f6r oss som \u00e4lskar mode!\",\"publisher\":{\"@id\":\"https:\\\/\\\/stilanddesign.se\\\/#organization\"},\"potentialAction\":[{\"@type\":\"SearchAction\",\"target\":{\"@type\":\"EntryPoint\",\"urlTemplate\":\"https:\\\/\\\/stilanddesign.se\\\/?s={search_term_string}\"},\"query-input\":{\"@type\":\"PropertyValueSpecification\",\"valueRequired\":true,\"valueName\":\"search_term_string\"}}],\"inLanguage\":\"en-US\"},{\"@type\":\"Organization\",\"@id\":\"https:\\\/\\\/stilanddesign.se\\\/#organization\",\"name\":\"Stil &amp; Design\",\"url\":\"https:\\\/\\\/stilanddesign.se\\\/\",\"logo\":{\"@type\":\"ImageObject\",\"inLanguage\":\"en-US\",\"@id\":\"https:\\\/\\\/stilanddesign.se\\\/#\\\/schema\\\/logo\\\/image\\\/\",\"url\":\"https:\\\/\\\/stilanddesign.se\\\/wp-content\\\/uploads\\\/2023\\\/12\\\/output-onlinepngtools-e1727784413220.png\",\"contentUrl\":\"https:\\\/\\\/stilanddesign.se\\\/wp-content\\\/uploads\\\/2023\\\/12\\\/output-onlinepngtools-e1727784413220.png\",\"width\":519,\"height\":135,\"caption\":\"Stil &amp; Design\"},\"image\":{\"@id\":\"https:\\\/\\\/stilanddesign.se\\\/#\\\/schema\\\/logo\\\/image\\\/\"}}]}<\/script>\n<!-- \/ Yoast SEO Premium plugin. -->","yoast_head_json":{"title":"\ud83d\udc99\ud83d\udc56 Mjuka H\u00e4rliga Jeans med Knapp & Gylf \u2013 Komfort m\u00f6ter Stil! \ud83d\udc56\ud83d\udc99BEATA - Stil &amp; Design","robots":{"index":"index","follow":"follow","max-snippet":"max-snippet:-1","max-image-preview":"max-image-preview:large","max-video-preview":"max-video-preview:-1"},"canonical":"https:\/\/stilanddesign.se\/en\/product\/\ud83d\udc99\ud83d\udc56-mjuka-harliga-jeans-med-knapp-gylf-komfort-moter-stil-\ud83d\udc56\ud83d\udc99beata\/","og_locale":"en_US","og_type":"article","og_title":"\ud83d\udc99\ud83d\udc56 Mjuka H\u00e4rliga Jeans med Knapp & Gylf \u2013 Komfort m\u00f6ter Stil! \ud83d\udc56\ud83d\udc99BEATA","og_description":"\ud83d\udc99\ud83d\udc56 Mjuka H\u00e4rliga Jeans med Knapp &amp; Gylf \u2013 Komfort m\u00f6ter Stil! \ud83d\udc56\ud83d\udc99 Letar du efter jeans som k\u00e4nns otroligt sk\u00f6na men \u00e4nd\u00e5 ser riktigt trendiga ut? D\u00e5 har du hittat r\u00e4tt \ud83d\ude0d\u2728 Dessa mjuka och h\u00e4rliga jeans fr\u00e5n Caramelle Fashion \u00e4r en riktig favorit \u2013 stretchiga, bekv\u00e4ma och samtidigt stilrena med klassisk knapp och gylf framtill \ud83d\udcab Den tidl\u00f6sa 5-ficksmodellen ger en snygg jeanslook som passar till allt, och den f\u00f6ljsamma passformen g\u00f6r dem perfekta f\u00f6r b\u00e5de vardag och festligare tillf\u00e4llen \ud83c\udf3f \u2728 Detaljer vi \u00e4lskar:\ud83d\udc56 Mjuka jeans med stretch f\u00f6r maximal komfort\u2728 Knapp och gylf framtill f\u00f6r klassisk jeansk\u00e4nsla\ud83d\udc56 Klassisk 5-ficksmodell\ud83d\udc99 Smickrande passform som sitter perfekt hela dagen \ud83d\udccf Storlek: 34\u201344\ud83c\udf38 M\u00e4rke: Caramelle Fashion Jeansen du aldrig vill ta av dig \u2013 maxad komfort med stilpo\u00e4ng p\u00e5 topp \ud83d\ude0d\ud83d\udc99","og_url":"https:\/\/stilanddesign.se\/en\/product\/\ud83d\udc99\ud83d\udc56-mjuka-harliga-jeans-med-knapp-gylf-komfort-moter-stil-\ud83d\udc56\ud83d\udc99beata\/","og_site_name":"Stil &amp; Design","article_modified_time":"2026-04-19T10:01:01+00:00","og_image":[{"width":683,"height":1024,"url":"https:\/\/stilanddesign.se\/wp-content\/uploads\/2026\/02\/ChatGPT-Image-7-feb.-2026-14_38_47-683x1024.png","type":"image\/png"}],"twitter_card":"summary_large_image","twitter_misc":{"Est. reading time":"1 minute"},"schema":{"@context":"https:\/\/schema.org","@graph":[{"@type":"WebPage","@id":"https:\/\/stilanddesign.se\/produkt\/%f0%9f%92%99%f0%9f%91%96-mjuka-harliga-jeans-med-knapp-gylf-komfort-moter-stil-%f0%9f%91%96%f0%9f%92%99beata\/","url":"https:\/\/stilanddesign.se\/produkt\/%f0%9f%92%99%f0%9f%91%96-mjuka-harliga-jeans-med-knapp-gylf-komfort-moter-stil-%f0%9f%91%96%f0%9f%92%99beata\/","name":"\ud83d\udc99\ud83d\udc56 Mjuka H\u00e4rliga Jeans med Knapp & Gylf \u2013 Komfort m\u00f6ter Stil! \ud83d\udc56\ud83d\udc99BEATA - Stil &amp; Design","isPartOf":{"@id":"https:\/\/stilanddesign.se\/#website"},"primaryImageOfPage":{"@id":"https:\/\/stilanddesign.se\/produkt\/%f0%9f%92%99%f0%9f%91%96-mjuka-harliga-jeans-med-knapp-gylf-komfort-moter-stil-%f0%9f%91%96%f0%9f%92%99beata\/#primaryimage"},"image":{"@id":"https:\/\/stilanddesign.se\/produkt\/%f0%9f%92%99%f0%9f%91%96-mjuka-harliga-jeans-med-knapp-gylf-komfort-moter-stil-%f0%9f%91%96%f0%9f%92%99beata\/#primaryimage"},"thumbnailUrl":"https:\/\/stilanddesign.se\/wp-content\/uploads\/2026\/02\/ChatGPT-Image-7-feb.-2026-14_38_47.png","datePublished":"2026-04-17T07:16:30+00:00","dateModified":"2026-04-19T10:01:01+00:00","breadcrumb":{"@id":"https:\/\/stilanddesign.se\/produkt\/%f0%9f%92%99%f0%9f%91%96-mjuka-harliga-jeans-med-knapp-gylf-komfort-moter-stil-%f0%9f%91%96%f0%9f%92%99beata\/#breadcrumb"},"inLanguage":"en-US","potentialAction":[{"@type":"ReadAction","target":["https:\/\/stilanddesign.se\/produkt\/%f0%9f%92%99%f0%9f%91%96-mjuka-harliga-jeans-med-knapp-gylf-komfort-moter-stil-%f0%9f%91%96%f0%9f%92%99beata\/"]}]},{"@type":"ImageObject","inLanguage":"en-US","@id":"https:\/\/stilanddesign.se\/produkt\/%f0%9f%92%99%f0%9f%91%96-mjuka-harliga-jeans-med-knapp-gylf-komfort-moter-stil-%f0%9f%91%96%f0%9f%92%99beata\/#primaryimage","url":"https:\/\/stilanddesign.se\/wp-content\/uploads\/2026\/02\/ChatGPT-Image-7-feb.-2026-14_38_47.png","contentUrl":"https:\/\/stilanddesign.se\/wp-content\/uploads\/2026\/02\/ChatGPT-Image-7-feb.-2026-14_38_47.png","width":1024,"height":1536},{"@type":"BreadcrumbList","@id":"https:\/\/stilanddesign.se\/produkt\/%f0%9f%92%99%f0%9f%91%96-mjuka-harliga-jeans-med-knapp-gylf-komfort-moter-stil-%f0%9f%91%96%f0%9f%92%99beata\/#breadcrumb","itemListElement":[{"@type":"ListItem","position":1,"name":"Hem","item":"https:\/\/stilanddesign.se\/"},{"@type":"ListItem","position":2,"name":"Butiken","item":"https:\/\/stilanddesign.se\/butiken\/"},{"@type":"ListItem","position":3,"name":"\ud83d\udc99\ud83d\udc56 Mjuka H\u00e4rliga Jeans med Knapp &#038; Gylf \u2013 Komfort m\u00f6ter Stil! \ud83d\udc56\ud83d\udc99BEATA"}]},{"@type":"WebSite","@id":"https:\/\/stilanddesign.se\/#website","url":"https:\/\/stilanddesign.se\/","name":"Style &amp; Design","description":"For those of us who love fashion!","publisher":{"@id":"https:\/\/stilanddesign.se\/#organization"},"potentialAction":[{"@type":"SearchAction","target":{"@type":"EntryPoint","urlTemplate":"https:\/\/stilanddesign.se\/?s={search_term_string}"},"query-input":{"@type":"PropertyValueSpecification","valueRequired":true,"valueName":"search_term_string"}}],"inLanguage":"en-US"},{"@type":"Organization","@id":"https:\/\/stilanddesign.se\/#organization","name":"Style &amp; Design","url":"https:\/\/stilanddesign.se\/","logo":{"@type":"ImageObject","inLanguage":"en-US","@id":"https:\/\/stilanddesign.se\/#\/schema\/logo\/image\/","url":"https:\/\/stilanddesign.se\/wp-content\/uploads\/2023\/12\/output-onlinepngtools-e1727784413220.png","contentUrl":"https:\/\/stilanddesign.se\/wp-content\/uploads\/2023\/12\/output-onlinepngtools-e1727784413220.png","width":519,"height":135,"caption":"Stil &amp; Design"},"image":{"@id":"https:\/\/stilanddesign.se\/#\/schema\/logo\/image\/"}}]}},"_links":{"self":[{"href":"https:\/\/stilanddesign.se\/en\/wp-json\/wp\/v2\/product\/1064506","targetHints":{"allow":["GET"]}}],"collection":[{"href":"https:\/\/stilanddesign.se\/en\/wp-json\/wp\/v2\/product"}],"about":[{"href":"https:\/\/stilanddesign.se\/en\/wp-json\/wp\/v2\/types\/product"}],"replies":[{"embeddable":true,"href":"https:\/\/stilanddesign.se\/en\/wp-json\/wp\/v2\/comments?post=1064506"}],"wp:featuredmedia":[{"embeddable":true,"href":"https:\/\/stilanddesign.se\/en\/wp-json\/wp\/v2\/media\/1064503"}],"wp:attachment":[{"href":"https:\/\/stilanddesign.se\/en\/wp-json\/wp\/v2\/media?parent=1064506"}],"wp:term":[{"taxonomy":"product_brand","embeddable":true,"href":"https:\/\/stilanddesign.se\/en\/wp-json\/wp\/v2\/product_brand?post=1064506"},{"taxonomy":"product_cat","embeddable":true,"href":"https:\/\/stilanddesign.se\/en\/wp-json\/wp\/v2\/product_cat?post=1064506"},{"taxonomy":"product_tag","embeddable":true,"href":"https:\/\/stilanddesign.se\/en\/wp-json\/wp\/v2\/product_tag?post=1064506"}],"curies":[{"name":"wp","href":"https:\/\/api.w.org\/{rel}","templated":true}]}}