{"id":1064480,"date":"2026-02-26T12:15:52","date_gmt":"2026-02-26T11:15:52","guid":{"rendered":"https:\/\/stilanddesign.se\/?post_type=product&#038;p=1064480"},"modified":"2026-02-27T18:49:14","modified_gmt":"2026-02-27T17:49:14","slug":"%f0%9f%8c%b8%f0%9f%92%99-ljusbla-blus-med-3d-blommor-romantisk-elegans-med-wow-effekt-%f0%9f%92%99%f0%9f%8c%b8","status":"publish","type":"product","link":"https:\/\/stilanddesign.se\/en\/product\/%f0%9f%8c%b8%f0%9f%92%99-ljusbla-blus-med-3d-blommor-romantisk-elegans-med-wow-effekt-%f0%9f%92%99%f0%9f%8c%b8\/","title":{"rendered":"\ud83c\udf38\ud83d\udc99 Light Blue Blouse with 3D Flowers \u2013 Romantic Elegance with Wow Effect! \ud83d\udc99\ud83c\udf38"},"content":{"rendered":"<p data-start=\"96\" data-end=\"173\">\ud83c\udf38\ud83d\udc99 <strong data-start=\"101\" data-end=\"168\">Light Blue Blouse with 3D Flowers \u2013 Romantic Elegance with a Wow Effect!<\/strong> \ud83d\udc99\ud83c\udf38<\/p>\n<p data-start=\"175\" data-end=\"275\">This blouse is everything we love \u2013 feminine, unique and full of details that make the whole outfit magical \u2728<\/p>\n<p data-start=\"277\" data-end=\"491\">With their beautiful <strong data-start=\"293\" data-end=\"307\">3D flowers<\/strong> tone-on-tone gives you an exclusive look that feels both luxurious and playful. Perfect when you want to stand out in an elegant way \u2013 whether it&#039;s for everyday wear, work or a summer dinner \ud83c\udf3f\ud83d\udcab<\/p>\n<p data-start=\"493\" data-end=\"663\">\ud83d\udc5a <strong data-start=\"496\" data-end=\"523\">Details we fall for:<\/strong><br \/>\n\u2728 Gorgeous 3D flowers on the front<br data-start=\"555\" data-end=\"558\" \/>\u2728 Soft and supple quality<br data-start=\"585\" data-end=\"588\" \/>\u2728 Classic shirt model with a modern twist<br data-start=\"628\" data-end=\"631\" \/>\u2728 Easy to style up or down<\/p>\n<p data-start=\"665\" data-end=\"757\">\ud83d\udc99 Match with jeans for a chic everyday look or with suit pants for a more dressed-up feel!<\/p>\n<p data-start=\"759\" data-end=\"856\">\ud83d\udccf <strong data-start=\"762\" data-end=\"774\">Size:<\/strong> S\u2013L<br data-start=\"778\" data-end=\"781\" \/>\ud83e\uddf5 <strong data-start=\"784\" data-end=\"797\">Material:<\/strong> 85% Tencell, 15% Polyester<br data-start=\"824\" data-end=\"827\" \/>\ud83c\udf38 Brand: Caramelle Fashion<\/p>\n<p data-start=\"858\" data-end=\"939\">A blouse that gives you that <em data-start=\"886\" data-end=\"916\">\u201d&quot;Wow, where does that come from?&quot;\u201d<\/em>-the feeling every time \ud83d\udc99\u2728<\/p>","protected":false},"excerpt":{"rendered":"<p data-start=\"96\" data-end=\"173\">\ud83c\udf38\ud83d\udc99 <strong data-start=\"101\" data-end=\"168\">Light Blue Blouse with 3D Flowers \u2013 Romantic Elegance with a Wow Effect!<\/strong> \ud83d\udc99\ud83c\udf38<\/p>\n<p data-start=\"175\" data-end=\"275\">This blouse is everything we love \u2013 feminine, unique and full of details that make the whole outfit magical \u2728<\/p>\n<p data-start=\"277\" data-end=\"491\">With their beautiful <strong data-start=\"293\" data-end=\"307\">3D flowers<\/strong> tone-on-tone gives you an exclusive look that feels both luxurious and playful. Perfect when you want to stand out in an elegant way \u2013 whether it&#039;s for everyday wear, work or a summer dinner \ud83c\udf3f\ud83d\udcab<\/p>\n<p data-start=\"493\" data-end=\"663\">\ud83d\udc5a <strong data-start=\"496\" data-end=\"523\">Details we fall for:<\/strong><br \/>\n\u2728 Gorgeous 3D flowers on the front<br data-start=\"555\" data-end=\"558\" \/>\u2728 Soft and supple quality<br data-start=\"585\" data-end=\"588\" \/>\u2728 Classic shirt model with a modern twist<br data-start=\"628\" data-end=\"631\" \/>\u2728 Easy to style up or down<\/p>\n<p data-start=\"665\" data-end=\"757\">\ud83d\udc99 Match with jeans for a chic everyday look or with suit pants for a more dressed-up feel!<\/p>\n<p data-start=\"759\" data-end=\"856\">\ud83d\udccf <strong data-start=\"762\" data-end=\"774\">Size:<\/strong> S\u2013L<br data-start=\"778\" data-end=\"781\" \/>\ud83e\uddf5 <strong data-start=\"784\" data-end=\"797\">Material:<\/strong> 85% Tencell, 15% Polyester<br data-start=\"824\" data-end=\"827\" \/>\ud83c\udf38 Brand: Caramelle Fashion<\/p>\n<p data-start=\"858\" data-end=\"939\">A blouse that gives you that <em data-start=\"886\" data-end=\"916\">\u201d&quot;Wow, where does that come from?&quot;\u201d<\/em>-the feeling every time \ud83d\udc99\u2728<\/p>","protected":false},"featured_media":1064479,"comment_status":"closed","ping_status":"closed","template":"","meta":[],"product_brand":[],"product_cat":[209],"product_tag":[],"class_list":{"0":"post-1064480","1":"product","2":"type-product","3":"status-publish","4":"has-post-thumbnail","6":"product_cat-reaprodukter","8":"first","9":"outofstock","10":"taxable","11":"shipping-taxable","12":"product-type-variable"},"yoast_head":"<!-- This site is optimized with the Yoast SEO Premium plugin v27.1 (Yoast SEO v27.4) - https:\/\/yoast.com\/product\/yoast-seo-premium-wordpress\/ -->\n<title>\ud83c\udf38\ud83d\udc99 Ljusbl\u00e5 Blus med 3D-Blommor \u2013 Romantisk Elegans med Wow-effekt! \ud83d\udc99\ud83c\udf38 - Stil &amp; Design<\/title>\n<meta name=\"robots\" content=\"index, follow, max-snippet:-1, max-image-preview:large, max-video-preview:-1\" \/>\n<link rel=\"canonical\" href=\"https:\/\/stilanddesign.se\/en\/product\/\ud83c\udf38\ud83d\udc99-ljusbla-blus-med-3d-blommor-romantisk-elegans-med-wow-effekt-\ud83d\udc99\ud83c\udf38\/\" \/>\n<meta property=\"og:locale\" content=\"en_US\" \/>\n<meta property=\"og:type\" content=\"article\" \/>\n<meta property=\"og:title\" content=\"\ud83c\udf38\ud83d\udc99 Ljusbl\u00e5 Blus med 3D-Blommor \u2013 Romantisk Elegans med Wow-effekt! \ud83d\udc99\ud83c\udf38\" \/>\n<meta property=\"og:description\" content=\"\ud83c\udf38\ud83d\udc99 Ljusbl\u00e5 Blus med 3D-Blommor \u2013 Romantisk Elegans med Wow-effekt! \ud83d\udc99\ud83c\udf38 Den h\u00e4r blusen \u00e4r allt vi \u00e4lskar \u2013 feminin, unik och full av detaljer som g\u00f6r hela outfiten magisk \u2728 Med sina vackra 3D-blommor ton-i-ton f\u00e5r du en exklusiv look som k\u00e4nns b\u00e5de lyxig och lekfull. Perfekt n\u00e4r du vill sticka ut p\u00e5 ett elegant s\u00e4tt \u2013 oavsett om det \u00e4r till vardag, jobb eller en somrig middag \ud83c\udf3f\ud83d\udcab \ud83d\udc5a Detaljer vi faller f\u00f6r: \u2728 Underbara 3D-blommor framtill\u2728 Mjuk och f\u00f6ljsam kvalitet\u2728 Klassisk skjortmodell med modern twist\u2728 L\u00e4tt att styla upp eller ner \ud83d\udc99 Matcha med jeans f\u00f6r en chic vardagslook eller med kostymbyxor f\u00f6r en mer dressad k\u00e4nsla! \ud83d\udccf Storlek: S\u2013L\ud83e\uddf5 Material: 85% Tencell, 15% Polyester\ud83c\udf38 M\u00e4rke: Caramelle Fashion En blus som ger dig den d\u00e4r \u201dwow, var kommer den ifr\u00e5n?\u201d-k\u00e4nslan varje g\u00e5ng \ud83d\udc99\u2728\" \/>\n<meta property=\"og:url\" content=\"https:\/\/stilanddesign.se\/en\/product\/\ud83c\udf38\ud83d\udc99-ljusbla-blus-med-3d-blommor-romantisk-elegans-med-wow-effekt-\ud83d\udc99\ud83c\udf38\/\" \/>\n<meta property=\"og:site_name\" content=\"Stil &amp; Design\" \/>\n<meta property=\"article:modified_time\" content=\"2026-02-27T17:49:14+00:00\" \/>\n<meta property=\"og:image\" content=\"https:\/\/stilanddesign.se\/wp-content\/uploads\/2026\/02\/Kvinna-i-butik-med-ljusbla-blus-683x1024.png\" \/>\n\t<meta property=\"og:image:width\" content=\"683\" \/>\n\t<meta property=\"og:image:height\" content=\"1024\" \/>\n\t<meta property=\"og:image:type\" content=\"image\/png\" \/>\n<meta name=\"twitter:card\" content=\"summary_large_image\" \/>\n<meta name=\"twitter:label1\" content=\"Est. reading time\" \/>\n\t<meta name=\"twitter:data1\" content=\"1 minute\" \/>\n<script type=\"application\/ld+json\" class=\"yoast-schema-graph\">{\"@context\":\"https:\\\/\\\/schema.org\",\"@graph\":[{\"@type\":\"WebPage\",\"@id\":\"https:\\\/\\\/stilanddesign.se\\\/produkt\\\/%f0%9f%8c%b8%f0%9f%92%99-ljusbla-blus-med-3d-blommor-romantisk-elegans-med-wow-effekt-%f0%9f%92%99%f0%9f%8c%b8\\\/\",\"url\":\"https:\\\/\\\/stilanddesign.se\\\/produkt\\\/%f0%9f%8c%b8%f0%9f%92%99-ljusbla-blus-med-3d-blommor-romantisk-elegans-med-wow-effekt-%f0%9f%92%99%f0%9f%8c%b8\\\/\",\"name\":\"\ud83c\udf38\ud83d\udc99 Ljusbl\u00e5 Blus med 3D-Blommor \u2013 Romantisk Elegans med Wow-effekt! \ud83d\udc99\ud83c\udf38 - Stil &amp; Design\",\"isPartOf\":{\"@id\":\"https:\\\/\\\/stilanddesign.se\\\/#website\"},\"primaryImageOfPage\":{\"@id\":\"https:\\\/\\\/stilanddesign.se\\\/produkt\\\/%f0%9f%8c%b8%f0%9f%92%99-ljusbla-blus-med-3d-blommor-romantisk-elegans-med-wow-effekt-%f0%9f%92%99%f0%9f%8c%b8\\\/#primaryimage\"},\"image\":{\"@id\":\"https:\\\/\\\/stilanddesign.se\\\/produkt\\\/%f0%9f%8c%b8%f0%9f%92%99-ljusbla-blus-med-3d-blommor-romantisk-elegans-med-wow-effekt-%f0%9f%92%99%f0%9f%8c%b8\\\/#primaryimage\"},\"thumbnailUrl\":\"https:\\\/\\\/stilanddesign.se\\\/wp-content\\\/uploads\\\/2026\\\/02\\\/Kvinna-i-butik-med-ljusbla-blus.png\",\"datePublished\":\"2026-02-26T11:15:52+00:00\",\"dateModified\":\"2026-02-27T17:49:14+00:00\",\"breadcrumb\":{\"@id\":\"https:\\\/\\\/stilanddesign.se\\\/produkt\\\/%f0%9f%8c%b8%f0%9f%92%99-ljusbla-blus-med-3d-blommor-romantisk-elegans-med-wow-effekt-%f0%9f%92%99%f0%9f%8c%b8\\\/#breadcrumb\"},\"inLanguage\":\"en-US\",\"potentialAction\":[{\"@type\":\"ReadAction\",\"target\":[\"https:\\\/\\\/stilanddesign.se\\\/produkt\\\/%f0%9f%8c%b8%f0%9f%92%99-ljusbla-blus-med-3d-blommor-romantisk-elegans-med-wow-effekt-%f0%9f%92%99%f0%9f%8c%b8\\\/\"]}]},{\"@type\":\"ImageObject\",\"inLanguage\":\"en-US\",\"@id\":\"https:\\\/\\\/stilanddesign.se\\\/produkt\\\/%f0%9f%8c%b8%f0%9f%92%99-ljusbla-blus-med-3d-blommor-romantisk-elegans-med-wow-effekt-%f0%9f%92%99%f0%9f%8c%b8\\\/#primaryimage\",\"url\":\"https:\\\/\\\/stilanddesign.se\\\/wp-content\\\/uploads\\\/2026\\\/02\\\/Kvinna-i-butik-med-ljusbla-blus.png\",\"contentUrl\":\"https:\\\/\\\/stilanddesign.se\\\/wp-content\\\/uploads\\\/2026\\\/02\\\/Kvinna-i-butik-med-ljusbla-blus.png\",\"width\":1024,\"height\":1536},{\"@type\":\"BreadcrumbList\",\"@id\":\"https:\\\/\\\/stilanddesign.se\\\/produkt\\\/%f0%9f%8c%b8%f0%9f%92%99-ljusbla-blus-med-3d-blommor-romantisk-elegans-med-wow-effekt-%f0%9f%92%99%f0%9f%8c%b8\\\/#breadcrumb\",\"itemListElement\":[{\"@type\":\"ListItem\",\"position\":1,\"name\":\"Hem\",\"item\":\"https:\\\/\\\/stilanddesign.se\\\/\"},{\"@type\":\"ListItem\",\"position\":2,\"name\":\"Butiken\",\"item\":\"https:\\\/\\\/stilanddesign.se\\\/butiken\\\/\"},{\"@type\":\"ListItem\",\"position\":3,\"name\":\"\ud83c\udf38\ud83d\udc99 Ljusbl\u00e5 Blus med 3D-Blommor \u2013 Romantisk Elegans med Wow-effekt! \ud83d\udc99\ud83c\udf38\"}]},{\"@type\":\"WebSite\",\"@id\":\"https:\\\/\\\/stilanddesign.se\\\/#website\",\"url\":\"https:\\\/\\\/stilanddesign.se\\\/\",\"name\":\"Stil &amp; Design\",\"description\":\"F\u00f6r oss som \u00e4lskar mode!\",\"publisher\":{\"@id\":\"https:\\\/\\\/stilanddesign.se\\\/#organization\"},\"potentialAction\":[{\"@type\":\"SearchAction\",\"target\":{\"@type\":\"EntryPoint\",\"urlTemplate\":\"https:\\\/\\\/stilanddesign.se\\\/?s={search_term_string}\"},\"query-input\":{\"@type\":\"PropertyValueSpecification\",\"valueRequired\":true,\"valueName\":\"search_term_string\"}}],\"inLanguage\":\"en-US\"},{\"@type\":\"Organization\",\"@id\":\"https:\\\/\\\/stilanddesign.se\\\/#organization\",\"name\":\"Stil &amp; Design\",\"url\":\"https:\\\/\\\/stilanddesign.se\\\/\",\"logo\":{\"@type\":\"ImageObject\",\"inLanguage\":\"en-US\",\"@id\":\"https:\\\/\\\/stilanddesign.se\\\/#\\\/schema\\\/logo\\\/image\\\/\",\"url\":\"https:\\\/\\\/stilanddesign.se\\\/wp-content\\\/uploads\\\/2023\\\/12\\\/output-onlinepngtools-e1727784413220.png\",\"contentUrl\":\"https:\\\/\\\/stilanddesign.se\\\/wp-content\\\/uploads\\\/2023\\\/12\\\/output-onlinepngtools-e1727784413220.png\",\"width\":519,\"height\":135,\"caption\":\"Stil &amp; Design\"},\"image\":{\"@id\":\"https:\\\/\\\/stilanddesign.se\\\/#\\\/schema\\\/logo\\\/image\\\/\"}}]}<\/script>\n<!-- \/ Yoast SEO Premium plugin. -->","yoast_head_json":{"title":"\ud83c\udf38\ud83d\udc99 Ljusbl\u00e5 Blus med 3D-Blommor \u2013 Romantisk Elegans med Wow-effekt! \ud83d\udc99\ud83c\udf38 - Stil &amp; Design","robots":{"index":"index","follow":"follow","max-snippet":"max-snippet:-1","max-image-preview":"max-image-preview:large","max-video-preview":"max-video-preview:-1"},"canonical":"https:\/\/stilanddesign.se\/en\/product\/\ud83c\udf38\ud83d\udc99-ljusbla-blus-med-3d-blommor-romantisk-elegans-med-wow-effekt-\ud83d\udc99\ud83c\udf38\/","og_locale":"en_US","og_type":"article","og_title":"\ud83c\udf38\ud83d\udc99 Ljusbl\u00e5 Blus med 3D-Blommor \u2013 Romantisk Elegans med Wow-effekt! \ud83d\udc99\ud83c\udf38","og_description":"\ud83c\udf38\ud83d\udc99 Ljusbl\u00e5 Blus med 3D-Blommor \u2013 Romantisk Elegans med Wow-effekt! \ud83d\udc99\ud83c\udf38 Den h\u00e4r blusen \u00e4r allt vi \u00e4lskar \u2013 feminin, unik och full av detaljer som g\u00f6r hela outfiten magisk \u2728 Med sina vackra 3D-blommor ton-i-ton f\u00e5r du en exklusiv look som k\u00e4nns b\u00e5de lyxig och lekfull. Perfekt n\u00e4r du vill sticka ut p\u00e5 ett elegant s\u00e4tt \u2013 oavsett om det \u00e4r till vardag, jobb eller en somrig middag \ud83c\udf3f\ud83d\udcab \ud83d\udc5a Detaljer vi faller f\u00f6r: \u2728 Underbara 3D-blommor framtill\u2728 Mjuk och f\u00f6ljsam kvalitet\u2728 Klassisk skjortmodell med modern twist\u2728 L\u00e4tt att styla upp eller ner \ud83d\udc99 Matcha med jeans f\u00f6r en chic vardagslook eller med kostymbyxor f\u00f6r en mer dressad k\u00e4nsla! \ud83d\udccf Storlek: S\u2013L\ud83e\uddf5 Material: 85% Tencell, 15% Polyester\ud83c\udf38 M\u00e4rke: Caramelle Fashion En blus som ger dig den d\u00e4r \u201dwow, var kommer den ifr\u00e5n?\u201d-k\u00e4nslan varje g\u00e5ng \ud83d\udc99\u2728","og_url":"https:\/\/stilanddesign.se\/en\/product\/\ud83c\udf38\ud83d\udc99-ljusbla-blus-med-3d-blommor-romantisk-elegans-med-wow-effekt-\ud83d\udc99\ud83c\udf38\/","og_site_name":"Stil &amp; Design","article_modified_time":"2026-02-27T17:49:14+00:00","og_image":[{"width":683,"height":1024,"url":"https:\/\/stilanddesign.se\/wp-content\/uploads\/2026\/02\/Kvinna-i-butik-med-ljusbla-blus-683x1024.png","type":"image\/png"}],"twitter_card":"summary_large_image","twitter_misc":{"Est. reading time":"1 minute"},"schema":{"@context":"https:\/\/schema.org","@graph":[{"@type":"WebPage","@id":"https:\/\/stilanddesign.se\/produkt\/%f0%9f%8c%b8%f0%9f%92%99-ljusbla-blus-med-3d-blommor-romantisk-elegans-med-wow-effekt-%f0%9f%92%99%f0%9f%8c%b8\/","url":"https:\/\/stilanddesign.se\/produkt\/%f0%9f%8c%b8%f0%9f%92%99-ljusbla-blus-med-3d-blommor-romantisk-elegans-med-wow-effekt-%f0%9f%92%99%f0%9f%8c%b8\/","name":"\ud83c\udf38\ud83d\udc99 Ljusbl\u00e5 Blus med 3D-Blommor \u2013 Romantisk Elegans med Wow-effekt! \ud83d\udc99\ud83c\udf38 - Stil &amp; Design","isPartOf":{"@id":"https:\/\/stilanddesign.se\/#website"},"primaryImageOfPage":{"@id":"https:\/\/stilanddesign.se\/produkt\/%f0%9f%8c%b8%f0%9f%92%99-ljusbla-blus-med-3d-blommor-romantisk-elegans-med-wow-effekt-%f0%9f%92%99%f0%9f%8c%b8\/#primaryimage"},"image":{"@id":"https:\/\/stilanddesign.se\/produkt\/%f0%9f%8c%b8%f0%9f%92%99-ljusbla-blus-med-3d-blommor-romantisk-elegans-med-wow-effekt-%f0%9f%92%99%f0%9f%8c%b8\/#primaryimage"},"thumbnailUrl":"https:\/\/stilanddesign.se\/wp-content\/uploads\/2026\/02\/Kvinna-i-butik-med-ljusbla-blus.png","datePublished":"2026-02-26T11:15:52+00:00","dateModified":"2026-02-27T17:49:14+00:00","breadcrumb":{"@id":"https:\/\/stilanddesign.se\/produkt\/%f0%9f%8c%b8%f0%9f%92%99-ljusbla-blus-med-3d-blommor-romantisk-elegans-med-wow-effekt-%f0%9f%92%99%f0%9f%8c%b8\/#breadcrumb"},"inLanguage":"en-US","potentialAction":[{"@type":"ReadAction","target":["https:\/\/stilanddesign.se\/produkt\/%f0%9f%8c%b8%f0%9f%92%99-ljusbla-blus-med-3d-blommor-romantisk-elegans-med-wow-effekt-%f0%9f%92%99%f0%9f%8c%b8\/"]}]},{"@type":"ImageObject","inLanguage":"en-US","@id":"https:\/\/stilanddesign.se\/produkt\/%f0%9f%8c%b8%f0%9f%92%99-ljusbla-blus-med-3d-blommor-romantisk-elegans-med-wow-effekt-%f0%9f%92%99%f0%9f%8c%b8\/#primaryimage","url":"https:\/\/stilanddesign.se\/wp-content\/uploads\/2026\/02\/Kvinna-i-butik-med-ljusbla-blus.png","contentUrl":"https:\/\/stilanddesign.se\/wp-content\/uploads\/2026\/02\/Kvinna-i-butik-med-ljusbla-blus.png","width":1024,"height":1536},{"@type":"BreadcrumbList","@id":"https:\/\/stilanddesign.se\/produkt\/%f0%9f%8c%b8%f0%9f%92%99-ljusbla-blus-med-3d-blommor-romantisk-elegans-med-wow-effekt-%f0%9f%92%99%f0%9f%8c%b8\/#breadcrumb","itemListElement":[{"@type":"ListItem","position":1,"name":"Hem","item":"https:\/\/stilanddesign.se\/"},{"@type":"ListItem","position":2,"name":"Butiken","item":"https:\/\/stilanddesign.se\/butiken\/"},{"@type":"ListItem","position":3,"name":"\ud83c\udf38\ud83d\udc99 Ljusbl\u00e5 Blus med 3D-Blommor \u2013 Romantisk Elegans med Wow-effekt! \ud83d\udc99\ud83c\udf38"}]},{"@type":"WebSite","@id":"https:\/\/stilanddesign.se\/#website","url":"https:\/\/stilanddesign.se\/","name":"Style &amp; Design","description":"For those of us who love fashion!","publisher":{"@id":"https:\/\/stilanddesign.se\/#organization"},"potentialAction":[{"@type":"SearchAction","target":{"@type":"EntryPoint","urlTemplate":"https:\/\/stilanddesign.se\/?s={search_term_string}"},"query-input":{"@type":"PropertyValueSpecification","valueRequired":true,"valueName":"search_term_string"}}],"inLanguage":"en-US"},{"@type":"Organization","@id":"https:\/\/stilanddesign.se\/#organization","name":"Style &amp; Design","url":"https:\/\/stilanddesign.se\/","logo":{"@type":"ImageObject","inLanguage":"en-US","@id":"https:\/\/stilanddesign.se\/#\/schema\/logo\/image\/","url":"https:\/\/stilanddesign.se\/wp-content\/uploads\/2023\/12\/output-onlinepngtools-e1727784413220.png","contentUrl":"https:\/\/stilanddesign.se\/wp-content\/uploads\/2023\/12\/output-onlinepngtools-e1727784413220.png","width":519,"height":135,"caption":"Stil &amp; Design"},"image":{"@id":"https:\/\/stilanddesign.se\/#\/schema\/logo\/image\/"}}]}},"_links":{"self":[{"href":"https:\/\/stilanddesign.se\/en\/wp-json\/wp\/v2\/product\/1064480","targetHints":{"allow":["GET"]}}],"collection":[{"href":"https:\/\/stilanddesign.se\/en\/wp-json\/wp\/v2\/product"}],"about":[{"href":"https:\/\/stilanddesign.se\/en\/wp-json\/wp\/v2\/types\/product"}],"replies":[{"embeddable":true,"href":"https:\/\/stilanddesign.se\/en\/wp-json\/wp\/v2\/comments?post=1064480"}],"wp:featuredmedia":[{"embeddable":true,"href":"https:\/\/stilanddesign.se\/en\/wp-json\/wp\/v2\/media\/1064479"}],"wp:attachment":[{"href":"https:\/\/stilanddesign.se\/en\/wp-json\/wp\/v2\/media?parent=1064480"}],"wp:term":[{"taxonomy":"product_brand","embeddable":true,"href":"https:\/\/stilanddesign.se\/en\/wp-json\/wp\/v2\/product_brand?post=1064480"},{"taxonomy":"product_cat","embeddable":true,"href":"https:\/\/stilanddesign.se\/en\/wp-json\/wp\/v2\/product_cat?post=1064480"},{"taxonomy":"product_tag","embeddable":true,"href":"https:\/\/stilanddesign.se\/en\/wp-json\/wp\/v2\/product_tag?post=1064480"}],"curies":[{"name":"wp","href":"https:\/\/api.w.org\/{rel}","templated":true}]}}