{"id":1064467,"date":"2026-02-07T13:22:11","date_gmt":"2026-02-07T12:22:11","guid":{"rendered":"https:\/\/stilanddesign.se\/?post_type=product&#038;p=1064467"},"modified":"2026-04-10T10:33:25","modified_gmt":"2026-04-10T08:33:25","slug":"%f0%9f%8d%8a-mandarini-tee-somrig-charm-med-italiensk-kansla-%f0%9f%8d%8a%e2%9c%a8","status":"publish","type":"product","link":"https:\/\/stilanddesign.se\/en\/product\/%f0%9f%8d%8a-mandarini-tee-somrig-charm-med-italiensk-kansla-%f0%9f%8d%8a%e2%9c%a8\/","title":{"rendered":"\ud83c\udf4a Mandarini Tee \u2013 summery charm with Italian flair \ud83c\udf4a\u2728"},"content":{"rendered":"<p data-start=\"0\" data-end=\"60\">\ud83c\udf4a <strong data-start=\"3\" data-end=\"56\">Mandarini Tee \u2013 summery charm with Italian flair<\/strong> \ud83c\udf4a\u2728<\/p>\n<p data-start=\"62\" data-end=\"272\">A wonderful t-shirt from <strong data-start=\"87\" data-end=\"108\">Caramelle Fashion<\/strong> which instantly gives you a holiday feeling!<br data-start=\"139\" data-end=\"142\" \/>With its fine Mandarin expression and the text <em data-start=\"182\" data-end=\"220\">\u201cFresh from the Amalfi Coast, Italy\u201d<\/em> it will be a perfect favorite for sunny days \ud83c\udf1e\ud83c\uddee\ud83c\uddf9<\/p>\n<p data-start=\"274\" data-end=\"395\">The soft cotton quality with stretch makes it both comfortable and flattering \u2013 equally stylish with jeans, shorts or a skirt!<\/p>\n<p data-start=\"397\" data-end=\"535\">\ud83d\udc55 <strong data-start=\"400\" data-end=\"413\">Details:<\/strong><br \/>\n\u2728 Stylish white basic garment with colorful print<br data-start=\"459\" data-end=\"462\" \/>\u2728 Relaxed fit<br data-start=\"483\" data-end=\"486\" \/>\u2728 Soft and stretchy quality for extra comfort<\/p>\n<p data-start=\"537\" data-end=\"608\">\ud83d\udccf <strong data-start=\"540\" data-end=\"554\">Sizes:<\/strong> S\/M, L\/XL<br data-start=\"564\" data-end=\"567\" \/>\ud83e\uddf5 <strong data-start=\"570\" data-end=\"583\">Material:<\/strong> 97% cotton, 3% elastane<\/p>\n<p data-start=\"610\" data-end=\"674\" data-is-last-node=\"\" data-is-only-node=\"\">A t-shirt that gives your outfit a fresh, summery wow-feeling \ud83c\udf4a\ud83e\udd0d\u2728<\/p>","protected":false},"excerpt":{"rendered":"<p data-start=\"0\" data-end=\"60\">\ud83c\udf4a <strong data-start=\"3\" data-end=\"56\">Mandarini Tee \u2013 summery charm with Italian flair<\/strong> \ud83c\udf4a\u2728<\/p>\n<p data-start=\"62\" data-end=\"272\">A wonderful t-shirt from <strong data-start=\"87\" data-end=\"108\">Caramelle Fashion<\/strong> which instantly gives you a holiday feeling!<br data-start=\"139\" data-end=\"142\" \/>With its fine Mandarin expression and the text <em data-start=\"182\" data-end=\"220\">\u201cFresh from the Amalfi Coast, Italy\u201d<\/em> it will be a perfect favorite for sunny days \ud83c\udf1e\ud83c\uddee\ud83c\uddf9<\/p>\n<p data-start=\"274\" data-end=\"395\">The soft cotton quality with stretch makes it both comfortable and flattering \u2013 equally stylish with jeans, shorts or a skirt!<\/p>\n<p data-start=\"397\" data-end=\"535\">\ud83d\udc55 <strong data-start=\"400\" data-end=\"413\">Details:<\/strong><br \/>\n\u2728 Stylish white basic garment with colorful print<br data-start=\"459\" data-end=\"462\" \/>\u2728 Relaxed fit<br data-start=\"483\" data-end=\"486\" \/>\u2728 Soft and stretchy quality for extra comfort<\/p>\n<p data-start=\"537\" data-end=\"608\">\ud83d\udccf <strong data-start=\"540\" data-end=\"554\">Sizes:<\/strong> S\/M, L\/XL<br data-start=\"564\" data-end=\"567\" \/>\ud83e\uddf5 <strong data-start=\"570\" data-end=\"583\">Material:<\/strong> 97% cotton, 3% elastane<\/p>\n<p data-start=\"610\" data-end=\"674\" data-is-last-node=\"\" data-is-only-node=\"\">A t-shirt that gives your outfit a fresh, summery wow-feeling \ud83c\udf4a\ud83e\udd0d\u2728<\/p>","protected":false},"featured_media":1064466,"comment_status":"closed","ping_status":"closed","template":"","meta":[],"product_brand":[],"product_cat":[222],"product_tag":[],"class_list":{"0":"post-1064467","1":"product","2":"type-product","3":"status-publish","4":"has-post-thumbnail","6":"product_cat-toppar-tischor","8":"first","9":"instock","10":"taxable","11":"shipping-taxable","12":"purchasable","13":"product-type-variable"},"yoast_head":"<!-- This site is optimized with the Yoast SEO Premium plugin v27.1 (Yoast SEO v27.4) - https:\/\/yoast.com\/product\/yoast-seo-premium-wordpress\/ -->\n<title>\ud83c\udf4a Mandarini Tee \u2013 somrig charm med italiensk k\u00e4nsla \ud83c\udf4a\u2728 - Stil &amp; Design<\/title>\n<meta name=\"robots\" content=\"index, follow, max-snippet:-1, max-image-preview:large, max-video-preview:-1\" \/>\n<link rel=\"canonical\" href=\"https:\/\/stilanddesign.se\/en\/product\/\ud83c\udf4a-mandarini-tee-somrig-charm-med-italiensk-kansla-\ud83c\udf4a\u2728\/\" \/>\n<meta property=\"og:locale\" content=\"en_US\" \/>\n<meta property=\"og:type\" content=\"article\" \/>\n<meta property=\"og:title\" content=\"\ud83c\udf4a Mandarini Tee \u2013 somrig charm med italiensk k\u00e4nsla \ud83c\udf4a\u2728\" \/>\n<meta property=\"og:description\" content=\"\ud83c\udf4a Mandarini Tee \u2013 somrig charm med italiensk k\u00e4nsla \ud83c\udf4a\u2728 En underbar t-shirt fr\u00e5n Caramelle Fashion som direkt ger semesterk\u00e4nsla!Med sitt fina mandarinttryck och texten \u201cFresh from the Amalfi Coast, Italy\u201d blir den en perfekt favorit f\u00f6r soliga dagar \ud83c\udf1e\ud83c\uddee\ud83c\uddf9 Den mjuka bomullskvaliteten med stretch g\u00f6r den b\u00e5de bekv\u00e4m och smickrande \u2013 lika snygg till jeans, shorts eller en kjol! \ud83d\udc55 Detaljer: \u2728 Stilrent vitt basplagg med f\u00e4rgstarkt print\u2728 Avslappnad passform\u2728 Mjuk och stretchig kvalitet f\u00f6r extra komfort \ud83d\udccf Storlekar: S\/M, L\/XL\ud83e\uddf5 Material: 97% bomull, 3% elastan En t-shirt som ger din outfit en fr\u00e4sch, somrig wow-k\u00e4nsla \ud83c\udf4a\ud83e\udd0d\u2728\" \/>\n<meta property=\"og:url\" content=\"https:\/\/stilanddesign.se\/en\/product\/\ud83c\udf4a-mandarini-tee-somrig-charm-med-italiensk-kansla-\ud83c\udf4a\u2728\/\" \/>\n<meta property=\"og:site_name\" content=\"Stil &amp; Design\" \/>\n<meta property=\"article:modified_time\" content=\"2026-04-10T08:33:25+00:00\" \/>\n<meta property=\"og:image\" content=\"https:\/\/stilanddesign.se\/wp-content\/uploads\/2026\/02\/Kvinna-i-boutique-med-mandarintroja-683x1024.png\" \/>\n\t<meta property=\"og:image:width\" content=\"683\" \/>\n\t<meta property=\"og:image:height\" content=\"1024\" \/>\n\t<meta property=\"og:image:type\" content=\"image\/png\" \/>\n<meta name=\"twitter:card\" content=\"summary_large_image\" \/>\n<meta name=\"twitter:label1\" content=\"Est. reading time\" \/>\n\t<meta name=\"twitter:data1\" content=\"1 minute\" \/>\n<script type=\"application\/ld+json\" class=\"yoast-schema-graph\">{\"@context\":\"https:\\\/\\\/schema.org\",\"@graph\":[{\"@type\":\"WebPage\",\"@id\":\"https:\\\/\\\/stilanddesign.se\\\/produkt\\\/%f0%9f%8d%8a-mandarini-tee-somrig-charm-med-italiensk-kansla-%f0%9f%8d%8a%e2%9c%a8\\\/\",\"url\":\"https:\\\/\\\/stilanddesign.se\\\/produkt\\\/%f0%9f%8d%8a-mandarini-tee-somrig-charm-med-italiensk-kansla-%f0%9f%8d%8a%e2%9c%a8\\\/\",\"name\":\"\ud83c\udf4a Mandarini Tee \u2013 somrig charm med italiensk k\u00e4nsla \ud83c\udf4a\u2728 - Stil &amp; Design\",\"isPartOf\":{\"@id\":\"https:\\\/\\\/stilanddesign.se\\\/#website\"},\"primaryImageOfPage\":{\"@id\":\"https:\\\/\\\/stilanddesign.se\\\/produkt\\\/%f0%9f%8d%8a-mandarini-tee-somrig-charm-med-italiensk-kansla-%f0%9f%8d%8a%e2%9c%a8\\\/#primaryimage\"},\"image\":{\"@id\":\"https:\\\/\\\/stilanddesign.se\\\/produkt\\\/%f0%9f%8d%8a-mandarini-tee-somrig-charm-med-italiensk-kansla-%f0%9f%8d%8a%e2%9c%a8\\\/#primaryimage\"},\"thumbnailUrl\":\"https:\\\/\\\/stilanddesign.se\\\/wp-content\\\/uploads\\\/2026\\\/02\\\/Kvinna-i-boutique-med-mandarintroja.png\",\"datePublished\":\"2026-02-07T12:22:11+00:00\",\"dateModified\":\"2026-04-10T08:33:25+00:00\",\"breadcrumb\":{\"@id\":\"https:\\\/\\\/stilanddesign.se\\\/produkt\\\/%f0%9f%8d%8a-mandarini-tee-somrig-charm-med-italiensk-kansla-%f0%9f%8d%8a%e2%9c%a8\\\/#breadcrumb\"},\"inLanguage\":\"en-US\",\"potentialAction\":[{\"@type\":\"ReadAction\",\"target\":[\"https:\\\/\\\/stilanddesign.se\\\/produkt\\\/%f0%9f%8d%8a-mandarini-tee-somrig-charm-med-italiensk-kansla-%f0%9f%8d%8a%e2%9c%a8\\\/\"]}]},{\"@type\":\"ImageObject\",\"inLanguage\":\"en-US\",\"@id\":\"https:\\\/\\\/stilanddesign.se\\\/produkt\\\/%f0%9f%8d%8a-mandarini-tee-somrig-charm-med-italiensk-kansla-%f0%9f%8d%8a%e2%9c%a8\\\/#primaryimage\",\"url\":\"https:\\\/\\\/stilanddesign.se\\\/wp-content\\\/uploads\\\/2026\\\/02\\\/Kvinna-i-boutique-med-mandarintroja.png\",\"contentUrl\":\"https:\\\/\\\/stilanddesign.se\\\/wp-content\\\/uploads\\\/2026\\\/02\\\/Kvinna-i-boutique-med-mandarintroja.png\",\"width\":1024,\"height\":1536},{\"@type\":\"BreadcrumbList\",\"@id\":\"https:\\\/\\\/stilanddesign.se\\\/produkt\\\/%f0%9f%8d%8a-mandarini-tee-somrig-charm-med-italiensk-kansla-%f0%9f%8d%8a%e2%9c%a8\\\/#breadcrumb\",\"itemListElement\":[{\"@type\":\"ListItem\",\"position\":1,\"name\":\"Hem\",\"item\":\"https:\\\/\\\/stilanddesign.se\\\/\"},{\"@type\":\"ListItem\",\"position\":2,\"name\":\"Butiken\",\"item\":\"https:\\\/\\\/stilanddesign.se\\\/butiken\\\/\"},{\"@type\":\"ListItem\",\"position\":3,\"name\":\"\ud83c\udf4a Mandarini Tee \u2013 somrig charm med italiensk k\u00e4nsla \ud83c\udf4a\u2728\"}]},{\"@type\":\"WebSite\",\"@id\":\"https:\\\/\\\/stilanddesign.se\\\/#website\",\"url\":\"https:\\\/\\\/stilanddesign.se\\\/\",\"name\":\"Stil &amp; Design\",\"description\":\"F\u00f6r oss som \u00e4lskar mode!\",\"publisher\":{\"@id\":\"https:\\\/\\\/stilanddesign.se\\\/#organization\"},\"potentialAction\":[{\"@type\":\"SearchAction\",\"target\":{\"@type\":\"EntryPoint\",\"urlTemplate\":\"https:\\\/\\\/stilanddesign.se\\\/?s={search_term_string}\"},\"query-input\":{\"@type\":\"PropertyValueSpecification\",\"valueRequired\":true,\"valueName\":\"search_term_string\"}}],\"inLanguage\":\"en-US\"},{\"@type\":\"Organization\",\"@id\":\"https:\\\/\\\/stilanddesign.se\\\/#organization\",\"name\":\"Stil &amp; Design\",\"url\":\"https:\\\/\\\/stilanddesign.se\\\/\",\"logo\":{\"@type\":\"ImageObject\",\"inLanguage\":\"en-US\",\"@id\":\"https:\\\/\\\/stilanddesign.se\\\/#\\\/schema\\\/logo\\\/image\\\/\",\"url\":\"https:\\\/\\\/stilanddesign.se\\\/wp-content\\\/uploads\\\/2023\\\/12\\\/output-onlinepngtools-e1727784413220.png\",\"contentUrl\":\"https:\\\/\\\/stilanddesign.se\\\/wp-content\\\/uploads\\\/2023\\\/12\\\/output-onlinepngtools-e1727784413220.png\",\"width\":519,\"height\":135,\"caption\":\"Stil &amp; Design\"},\"image\":{\"@id\":\"https:\\\/\\\/stilanddesign.se\\\/#\\\/schema\\\/logo\\\/image\\\/\"}}]}<\/script>\n<!-- \/ Yoast SEO Premium plugin. -->","yoast_head_json":{"title":"\ud83c\udf4a Mandarini Tee \u2013 somrig charm med italiensk k\u00e4nsla \ud83c\udf4a\u2728 - Stil &amp; Design","robots":{"index":"index","follow":"follow","max-snippet":"max-snippet:-1","max-image-preview":"max-image-preview:large","max-video-preview":"max-video-preview:-1"},"canonical":"https:\/\/stilanddesign.se\/en\/product\/\ud83c\udf4a-mandarini-tee-somrig-charm-med-italiensk-kansla-\ud83c\udf4a\u2728\/","og_locale":"en_US","og_type":"article","og_title":"\ud83c\udf4a Mandarini Tee \u2013 somrig charm med italiensk k\u00e4nsla \ud83c\udf4a\u2728","og_description":"\ud83c\udf4a Mandarini Tee \u2013 somrig charm med italiensk k\u00e4nsla \ud83c\udf4a\u2728 En underbar t-shirt fr\u00e5n Caramelle Fashion som direkt ger semesterk\u00e4nsla!Med sitt fina mandarinttryck och texten \u201cFresh from the Amalfi Coast, Italy\u201d blir den en perfekt favorit f\u00f6r soliga dagar \ud83c\udf1e\ud83c\uddee\ud83c\uddf9 Den mjuka bomullskvaliteten med stretch g\u00f6r den b\u00e5de bekv\u00e4m och smickrande \u2013 lika snygg till jeans, shorts eller en kjol! \ud83d\udc55 Detaljer: \u2728 Stilrent vitt basplagg med f\u00e4rgstarkt print\u2728 Avslappnad passform\u2728 Mjuk och stretchig kvalitet f\u00f6r extra komfort \ud83d\udccf Storlekar: S\/M, L\/XL\ud83e\uddf5 Material: 97% bomull, 3% elastan En t-shirt som ger din outfit en fr\u00e4sch, somrig wow-k\u00e4nsla \ud83c\udf4a\ud83e\udd0d\u2728","og_url":"https:\/\/stilanddesign.se\/en\/product\/\ud83c\udf4a-mandarini-tee-somrig-charm-med-italiensk-kansla-\ud83c\udf4a\u2728\/","og_site_name":"Stil &amp; Design","article_modified_time":"2026-04-10T08:33:25+00:00","og_image":[{"width":683,"height":1024,"url":"https:\/\/stilanddesign.se\/wp-content\/uploads\/2026\/02\/Kvinna-i-boutique-med-mandarintroja-683x1024.png","type":"image\/png"}],"twitter_card":"summary_large_image","twitter_misc":{"Est. reading time":"1 minute"},"schema":{"@context":"https:\/\/schema.org","@graph":[{"@type":"WebPage","@id":"https:\/\/stilanddesign.se\/produkt\/%f0%9f%8d%8a-mandarini-tee-somrig-charm-med-italiensk-kansla-%f0%9f%8d%8a%e2%9c%a8\/","url":"https:\/\/stilanddesign.se\/produkt\/%f0%9f%8d%8a-mandarini-tee-somrig-charm-med-italiensk-kansla-%f0%9f%8d%8a%e2%9c%a8\/","name":"\ud83c\udf4a Mandarini Tee \u2013 somrig charm med italiensk k\u00e4nsla \ud83c\udf4a\u2728 - Stil &amp; Design","isPartOf":{"@id":"https:\/\/stilanddesign.se\/#website"},"primaryImageOfPage":{"@id":"https:\/\/stilanddesign.se\/produkt\/%f0%9f%8d%8a-mandarini-tee-somrig-charm-med-italiensk-kansla-%f0%9f%8d%8a%e2%9c%a8\/#primaryimage"},"image":{"@id":"https:\/\/stilanddesign.se\/produkt\/%f0%9f%8d%8a-mandarini-tee-somrig-charm-med-italiensk-kansla-%f0%9f%8d%8a%e2%9c%a8\/#primaryimage"},"thumbnailUrl":"https:\/\/stilanddesign.se\/wp-content\/uploads\/2026\/02\/Kvinna-i-boutique-med-mandarintroja.png","datePublished":"2026-02-07T12:22:11+00:00","dateModified":"2026-04-10T08:33:25+00:00","breadcrumb":{"@id":"https:\/\/stilanddesign.se\/produkt\/%f0%9f%8d%8a-mandarini-tee-somrig-charm-med-italiensk-kansla-%f0%9f%8d%8a%e2%9c%a8\/#breadcrumb"},"inLanguage":"en-US","potentialAction":[{"@type":"ReadAction","target":["https:\/\/stilanddesign.se\/produkt\/%f0%9f%8d%8a-mandarini-tee-somrig-charm-med-italiensk-kansla-%f0%9f%8d%8a%e2%9c%a8\/"]}]},{"@type":"ImageObject","inLanguage":"en-US","@id":"https:\/\/stilanddesign.se\/produkt\/%f0%9f%8d%8a-mandarini-tee-somrig-charm-med-italiensk-kansla-%f0%9f%8d%8a%e2%9c%a8\/#primaryimage","url":"https:\/\/stilanddesign.se\/wp-content\/uploads\/2026\/02\/Kvinna-i-boutique-med-mandarintroja.png","contentUrl":"https:\/\/stilanddesign.se\/wp-content\/uploads\/2026\/02\/Kvinna-i-boutique-med-mandarintroja.png","width":1024,"height":1536},{"@type":"BreadcrumbList","@id":"https:\/\/stilanddesign.se\/produkt\/%f0%9f%8d%8a-mandarini-tee-somrig-charm-med-italiensk-kansla-%f0%9f%8d%8a%e2%9c%a8\/#breadcrumb","itemListElement":[{"@type":"ListItem","position":1,"name":"Hem","item":"https:\/\/stilanddesign.se\/"},{"@type":"ListItem","position":2,"name":"Butiken","item":"https:\/\/stilanddesign.se\/butiken\/"},{"@type":"ListItem","position":3,"name":"\ud83c\udf4a Mandarini Tee \u2013 somrig charm med italiensk k\u00e4nsla \ud83c\udf4a\u2728"}]},{"@type":"WebSite","@id":"https:\/\/stilanddesign.se\/#website","url":"https:\/\/stilanddesign.se\/","name":"Style &amp; Design","description":"For those of us who love fashion!","publisher":{"@id":"https:\/\/stilanddesign.se\/#organization"},"potentialAction":[{"@type":"SearchAction","target":{"@type":"EntryPoint","urlTemplate":"https:\/\/stilanddesign.se\/?s={search_term_string}"},"query-input":{"@type":"PropertyValueSpecification","valueRequired":true,"valueName":"search_term_string"}}],"inLanguage":"en-US"},{"@type":"Organization","@id":"https:\/\/stilanddesign.se\/#organization","name":"Style &amp; Design","url":"https:\/\/stilanddesign.se\/","logo":{"@type":"ImageObject","inLanguage":"en-US","@id":"https:\/\/stilanddesign.se\/#\/schema\/logo\/image\/","url":"https:\/\/stilanddesign.se\/wp-content\/uploads\/2023\/12\/output-onlinepngtools-e1727784413220.png","contentUrl":"https:\/\/stilanddesign.se\/wp-content\/uploads\/2023\/12\/output-onlinepngtools-e1727784413220.png","width":519,"height":135,"caption":"Stil &amp; Design"},"image":{"@id":"https:\/\/stilanddesign.se\/#\/schema\/logo\/image\/"}}]}},"_links":{"self":[{"href":"https:\/\/stilanddesign.se\/en\/wp-json\/wp\/v2\/product\/1064467","targetHints":{"allow":["GET"]}}],"collection":[{"href":"https:\/\/stilanddesign.se\/en\/wp-json\/wp\/v2\/product"}],"about":[{"href":"https:\/\/stilanddesign.se\/en\/wp-json\/wp\/v2\/types\/product"}],"replies":[{"embeddable":true,"href":"https:\/\/stilanddesign.se\/en\/wp-json\/wp\/v2\/comments?post=1064467"}],"wp:featuredmedia":[{"embeddable":true,"href":"https:\/\/stilanddesign.se\/en\/wp-json\/wp\/v2\/media\/1064466"}],"wp:attachment":[{"href":"https:\/\/stilanddesign.se\/en\/wp-json\/wp\/v2\/media?parent=1064467"}],"wp:term":[{"taxonomy":"product_brand","embeddable":true,"href":"https:\/\/stilanddesign.se\/en\/wp-json\/wp\/v2\/product_brand?post=1064467"},{"taxonomy":"product_cat","embeddable":true,"href":"https:\/\/stilanddesign.se\/en\/wp-json\/wp\/v2\/product_cat?post=1064467"},{"taxonomy":"product_tag","embeddable":true,"href":"https:\/\/stilanddesign.se\/en\/wp-json\/wp\/v2\/product_tag?post=1064467"}],"curies":[{"name":"wp","href":"https:\/\/api.w.org\/{rel}","templated":true}]}}