{"id":1064358,"date":"2026-02-06T14:59:48","date_gmt":"2026-02-06T13:59:48","guid":{"rendered":"https:\/\/stilanddesign.se\/?post_type=product&#038;p=1064358"},"modified":"2026-04-04T11:36:06","modified_gmt":"2026-04-04T09:36:06","slug":"%f0%9f%8c%bc%e2%9c%a8-somriga-jeans-med-broderade-blommor-caramelle-fashion-%e2%9c%a8%f0%9f%8c%bc","status":"publish","type":"product","link":"https:\/\/stilanddesign.se\/en\/product\/%f0%9f%8c%bc%e2%9c%a8-somriga-jeans-med-broderade-blommor-caramelle-fashion-%e2%9c%a8%f0%9f%8c%bc\/","title":{"rendered":"\ud83c\udf3c\u2728 Summery Jeans with Embroidered Flowers \u2013 Caramelle Fashion \u2728\ud83c\udf3c"},"content":{"rendered":"<p data-start=\"0\" data-end=\"69\">\ud83c\udf3c\u2728 <strong data-start=\"4\" data-end=\"63\">Summery Jeans with Embroidered Flowers \u2013 Caramelle Fashion<\/strong> \u2728\ud83c\udf3c<\/p>\n<p data-start=\"71\" data-end=\"278\">These jeans are a real spring and summer favorite \ud83d\udc9b<br data-start=\"121\" data-end=\"124\" \/>With its cute embroidered floral details and raw edge at the bottom, you get a relaxed yet super chic look \u2013 perfect for both everyday wear and a holiday feel!<\/p>\n<p data-start=\"280\" data-end=\"402\">The stretchy quality makes them extra comfortable, while the classic 5-pocket model provides a timeless jeans style \ud83d\udc56\u2728<\/p>\n<p data-start=\"404\" data-end=\"615\">\ud83d\udcab <strong data-start=\"407\" data-end=\"430\">Details we love:<\/strong><br data-start=\"430\" data-end=\"433\" \/>\ud83c\udf3c Embroidered small flowers that add a romantic touch<br data-start=\"484\" data-end=\"487\" \/>\u2728 Raw edge at the bottom for a trendy finish<br data-start=\"526\" data-end=\"529\" \/>\ud83d\udc56 Classic 5-pocket model<br data-start=\"554\" data-end=\"557\" \/>\ud83d\udd18 Button and fly at the front<br data-start=\"583\" data-end=\"586\" data-is-only-node=\"\" \/>\ud83e\udd0d Stretchy and flexible<\/p>\n<p data-start=\"617\" data-end=\"640\">\ud83d\udccf <strong data-start=\"620\" data-end=\"632\">Size:<\/strong> 34\u201342<\/p>\n<p data-start=\"642\" data-end=\"690\">\ud83e\uddf5 <strong data-start=\"645\" data-end=\"658\">Material:<\/strong><br data-start=\"658\" data-end=\"661\" \/>\u2022 98% Cotton<br data-start=\"673\" data-end=\"676\" \/>\u2022 2% Elastane<\/p>\n<p data-start=\"692\" data-end=\"725\">\ud83c\udf1f <strong data-start=\"695\" data-end=\"705\">Make:<\/strong> Caramelle Fashion<\/p>\n<p data-start=\"727\" data-end=\"835\" data-is-last-node=\"\" data-is-only-node=\"\">\u2728 Jeans that elevate every outfit \u2013 match with a blouse, knitwear or sneakers for a fresh and feminine style!<\/p>","protected":false},"excerpt":{"rendered":"<p data-start=\"0\" data-end=\"69\">\ud83c\udf3c\u2728 <strong data-start=\"4\" data-end=\"63\">Summery Jeans with Embroidered Flowers \u2013 Caramelle Fashion<\/strong> \u2728\ud83c\udf3c<\/p>\n<p data-start=\"71\" data-end=\"278\">These jeans are a real spring and summer favorite \ud83d\udc9b<br data-start=\"121\" data-end=\"124\" \/>With its cute embroidered floral details and raw edge at the bottom, you get a relaxed yet super chic look \u2013 perfect for both everyday wear and a holiday feel!<\/p>\n<p data-start=\"280\" data-end=\"402\">The stretchy quality makes them extra comfortable, while the classic 5-pocket model provides a timeless jeans style \ud83d\udc56\u2728<\/p>\n<p data-start=\"404\" data-end=\"615\">\ud83d\udcab <strong data-start=\"407\" data-end=\"430\">Details we love:<\/strong><br data-start=\"430\" data-end=\"433\" \/>\ud83c\udf3c Embroidered small flowers that add a romantic touch<br data-start=\"484\" data-end=\"487\" \/>\u2728 Raw edge at the bottom for a trendy finish<br data-start=\"526\" data-end=\"529\" \/>\ud83d\udc56 Classic 5-pocket model<br data-start=\"554\" data-end=\"557\" \/>\ud83d\udd18 Button and fly at the front<br data-start=\"583\" data-end=\"586\" data-is-only-node=\"\" \/>\ud83e\udd0d Stretchy and flexible<\/p>\n<p data-start=\"617\" data-end=\"640\">\ud83d\udccf <strong data-start=\"620\" data-end=\"632\">Size:<\/strong> 34\u201342<\/p>\n<p data-start=\"642\" data-end=\"690\">\ud83e\uddf5 <strong data-start=\"645\" data-end=\"658\">Material:<\/strong><br data-start=\"658\" data-end=\"661\" \/>\u2022 98% Cotton<br data-start=\"673\" data-end=\"676\" \/>\u2022 2% Elastane<\/p>\n<p data-start=\"692\" data-end=\"725\">\ud83c\udf1f <strong data-start=\"695\" data-end=\"705\">Make:<\/strong> Caramelle Fashion<\/p>\n<p data-start=\"727\" data-end=\"835\" data-is-last-node=\"\" data-is-only-node=\"\">\u2728 Jeans that elevate every outfit \u2013 match with a blouse, knitwear or sneakers for a fresh and feminine style!<\/p>","protected":false},"featured_media":1064355,"comment_status":"closed","ping_status":"closed","template":"","meta":[],"product_brand":[],"product_cat":[203,208],"product_tag":[],"class_list":{"0":"post-1064358","1":"product","2":"type-product","3":"status-publish","4":"has-post-thumbnail","6":"product_cat-byxor","7":"product_cat-jeans","9":"first","10":"instock","11":"taxable","12":"shipping-taxable","13":"purchasable","14":"product-type-variable"},"yoast_head":"<!-- This site is optimized with the Yoast SEO Premium plugin v27.4 (Yoast SEO v27.4) - https:\/\/yoast.com\/product\/yoast-seo-premium-wordpress\/ -->\n<title>\ud83c\udf3c\u2728 Somriga Jeans med Broderade Blommor \u2013 Caramelle Fashion \u2728\ud83c\udf3c - Stil &amp; Design<\/title>\n<meta name=\"robots\" content=\"index, follow, max-snippet:-1, max-image-preview:large, max-video-preview:-1\" \/>\n<link rel=\"canonical\" href=\"https:\/\/stilanddesign.se\/en\/product\/\ud83c\udf3c\u2728-somriga-jeans-med-broderade-blommor-caramelle-fashion-\u2728\ud83c\udf3c\/\" \/>\n<meta property=\"og:locale\" content=\"en_US\" \/>\n<meta property=\"og:type\" content=\"article\" \/>\n<meta property=\"og:title\" content=\"\ud83c\udf3c\u2728 Somriga Jeans med Broderade Blommor \u2013 Caramelle Fashion \u2728\ud83c\udf3c\" \/>\n<meta property=\"og:description\" content=\"\ud83c\udf3c\u2728 Somriga Jeans med Broderade Blommor \u2013 Caramelle Fashion \u2728\ud83c\udf3c Dessa jeans \u00e4r en riktig v\u00e5r- och sommarfavorit \ud83d\udc9bMed sina s\u00f6ta broderade blomdetaljer och r\u00e5 kant nertill f\u00e5r du en avslappnad men samtidigt superchic look \u2013 perfekt f\u00f6r b\u00e5de vardag och semesterk\u00e4nsla! Den stretchiga kvaliteten g\u00f6r dem extra bekv\u00e4ma, samtidigt som den klassiska 5-ficksmodellen ger en tidl\u00f6s jeansstil \ud83d\udc56\u2728 \ud83d\udcab Detaljer vi \u00e4lskar:\ud83c\udf3c Broderade sm\u00e5 blommor som ger en romantisk touch\u2728 R\u00e5 kant nertill f\u00f6r en trendig finish\ud83d\udc56 Klassisk 5-ficksmodell\ud83d\udd18 Knapp och gylf framtill\ud83e\udd0d Stretchiga och f\u00f6ljsamma \ud83d\udccf Storlek: 34\u201342 \ud83e\uddf5 Material:\u2022 98% Bomull\u2022 2% Elastan \ud83c\udf1f M\u00e4rke: Caramelle Fashion \u2728 Jeans som lyfter varje outfit \u2013 matcha med en blus, stickat eller sneakers f\u00f6r en fr\u00e4sch och feminin stil!\" \/>\n<meta property=\"og:url\" content=\"https:\/\/stilanddesign.se\/en\/product\/\ud83c\udf3c\u2728-somriga-jeans-med-broderade-blommor-caramelle-fashion-\u2728\ud83c\udf3c\/\" \/>\n<meta property=\"og:site_name\" content=\"Stil &amp; Design\" \/>\n<meta property=\"article:modified_time\" content=\"2026-04-04T09:36:06+00:00\" \/>\n<meta property=\"og:image\" content=\"https:\/\/stilanddesign.se\/wp-content\/uploads\/2026\/02\/b79fcf37-5262-4cca-b838-784c71030b03-683x1024.png\" \/>\n\t<meta property=\"og:image:width\" content=\"683\" \/>\n\t<meta property=\"og:image:height\" content=\"1024\" \/>\n\t<meta property=\"og:image:type\" content=\"image\/png\" \/>\n<meta name=\"twitter:card\" content=\"summary_large_image\" \/>\n<meta name=\"twitter:label1\" content=\"Est. reading time\" \/>\n\t<meta name=\"twitter:data1\" content=\"1 minute\" \/>\n<script type=\"application\/ld+json\" class=\"yoast-schema-graph\">{\"@context\":\"https:\\\/\\\/schema.org\",\"@graph\":[{\"@type\":\"WebPage\",\"@id\":\"https:\\\/\\\/stilanddesign.se\\\/produkt\\\/%f0%9f%8c%bc%e2%9c%a8-somriga-jeans-med-broderade-blommor-caramelle-fashion-%e2%9c%a8%f0%9f%8c%bc\\\/\",\"url\":\"https:\\\/\\\/stilanddesign.se\\\/produkt\\\/%f0%9f%8c%bc%e2%9c%a8-somriga-jeans-med-broderade-blommor-caramelle-fashion-%e2%9c%a8%f0%9f%8c%bc\\\/\",\"name\":\"\ud83c\udf3c\u2728 Somriga Jeans med Broderade Blommor \u2013 Caramelle Fashion \u2728\ud83c\udf3c - Stil &amp; Design\",\"isPartOf\":{\"@id\":\"https:\\\/\\\/stilanddesign.se\\\/#website\"},\"primaryImageOfPage\":{\"@id\":\"https:\\\/\\\/stilanddesign.se\\\/produkt\\\/%f0%9f%8c%bc%e2%9c%a8-somriga-jeans-med-broderade-blommor-caramelle-fashion-%e2%9c%a8%f0%9f%8c%bc\\\/#primaryimage\"},\"image\":{\"@id\":\"https:\\\/\\\/stilanddesign.se\\\/produkt\\\/%f0%9f%8c%bc%e2%9c%a8-somriga-jeans-med-broderade-blommor-caramelle-fashion-%e2%9c%a8%f0%9f%8c%bc\\\/#primaryimage\"},\"thumbnailUrl\":\"https:\\\/\\\/stilanddesign.se\\\/wp-content\\\/uploads\\\/2026\\\/02\\\/b79fcf37-5262-4cca-b838-784c71030b03.png\",\"datePublished\":\"2026-02-06T13:59:48+00:00\",\"dateModified\":\"2026-04-04T09:36:06+00:00\",\"breadcrumb\":{\"@id\":\"https:\\\/\\\/stilanddesign.se\\\/produkt\\\/%f0%9f%8c%bc%e2%9c%a8-somriga-jeans-med-broderade-blommor-caramelle-fashion-%e2%9c%a8%f0%9f%8c%bc\\\/#breadcrumb\"},\"inLanguage\":\"en-US\",\"potentialAction\":[{\"@type\":\"ReadAction\",\"target\":[\"https:\\\/\\\/stilanddesign.se\\\/produkt\\\/%f0%9f%8c%bc%e2%9c%a8-somriga-jeans-med-broderade-blommor-caramelle-fashion-%e2%9c%a8%f0%9f%8c%bc\\\/\"]}]},{\"@type\":\"ImageObject\",\"inLanguage\":\"en-US\",\"@id\":\"https:\\\/\\\/stilanddesign.se\\\/produkt\\\/%f0%9f%8c%bc%e2%9c%a8-somriga-jeans-med-broderade-blommor-caramelle-fashion-%e2%9c%a8%f0%9f%8c%bc\\\/#primaryimage\",\"url\":\"https:\\\/\\\/stilanddesign.se\\\/wp-content\\\/uploads\\\/2026\\\/02\\\/b79fcf37-5262-4cca-b838-784c71030b03.png\",\"contentUrl\":\"https:\\\/\\\/stilanddesign.se\\\/wp-content\\\/uploads\\\/2026\\\/02\\\/b79fcf37-5262-4cca-b838-784c71030b03.png\",\"width\":1024,\"height\":1536},{\"@type\":\"BreadcrumbList\",\"@id\":\"https:\\\/\\\/stilanddesign.se\\\/produkt\\\/%f0%9f%8c%bc%e2%9c%a8-somriga-jeans-med-broderade-blommor-caramelle-fashion-%e2%9c%a8%f0%9f%8c%bc\\\/#breadcrumb\",\"itemListElement\":[{\"@type\":\"ListItem\",\"position\":1,\"name\":\"Hem\",\"item\":\"https:\\\/\\\/stilanddesign.se\\\/\"},{\"@type\":\"ListItem\",\"position\":2,\"name\":\"Butiken\",\"item\":\"https:\\\/\\\/stilanddesign.se\\\/butiken\\\/\"},{\"@type\":\"ListItem\",\"position\":3,\"name\":\"\ud83c\udf3c\u2728 Somriga Jeans med Broderade Blommor \u2013 Caramelle Fashion \u2728\ud83c\udf3c\"}]},{\"@type\":\"WebSite\",\"@id\":\"https:\\\/\\\/stilanddesign.se\\\/#website\",\"url\":\"https:\\\/\\\/stilanddesign.se\\\/\",\"name\":\"Stil &amp; Design\",\"description\":\"F\u00f6r oss som \u00e4lskar mode!\",\"publisher\":{\"@id\":\"https:\\\/\\\/stilanddesign.se\\\/#organization\"},\"potentialAction\":[{\"@type\":\"SearchAction\",\"target\":{\"@type\":\"EntryPoint\",\"urlTemplate\":\"https:\\\/\\\/stilanddesign.se\\\/?s={search_term_string}\"},\"query-input\":{\"@type\":\"PropertyValueSpecification\",\"valueRequired\":true,\"valueName\":\"search_term_string\"}}],\"inLanguage\":\"en-US\"},{\"@type\":\"Organization\",\"@id\":\"https:\\\/\\\/stilanddesign.se\\\/#organization\",\"name\":\"Stil &amp; Design\",\"url\":\"https:\\\/\\\/stilanddesign.se\\\/\",\"logo\":{\"@type\":\"ImageObject\",\"inLanguage\":\"en-US\",\"@id\":\"https:\\\/\\\/stilanddesign.se\\\/#\\\/schema\\\/logo\\\/image\\\/\",\"url\":\"https:\\\/\\\/stilanddesign.se\\\/wp-content\\\/uploads\\\/2023\\\/12\\\/output-onlinepngtools-e1727784413220.png\",\"contentUrl\":\"https:\\\/\\\/stilanddesign.se\\\/wp-content\\\/uploads\\\/2023\\\/12\\\/output-onlinepngtools-e1727784413220.png\",\"width\":519,\"height\":135,\"caption\":\"Stil &amp; Design\"},\"image\":{\"@id\":\"https:\\\/\\\/stilanddesign.se\\\/#\\\/schema\\\/logo\\\/image\\\/\"}}]}<\/script>\n<!-- \/ Yoast SEO Premium plugin. -->","yoast_head_json":{"title":"\ud83c\udf3c\u2728 Somriga Jeans med Broderade Blommor \u2013 Caramelle Fashion \u2728\ud83c\udf3c - Stil &amp; Design","robots":{"index":"index","follow":"follow","max-snippet":"max-snippet:-1","max-image-preview":"max-image-preview:large","max-video-preview":"max-video-preview:-1"},"canonical":"https:\/\/stilanddesign.se\/en\/product\/\ud83c\udf3c\u2728-somriga-jeans-med-broderade-blommor-caramelle-fashion-\u2728\ud83c\udf3c\/","og_locale":"en_US","og_type":"article","og_title":"\ud83c\udf3c\u2728 Somriga Jeans med Broderade Blommor \u2013 Caramelle Fashion \u2728\ud83c\udf3c","og_description":"\ud83c\udf3c\u2728 Somriga Jeans med Broderade Blommor \u2013 Caramelle Fashion \u2728\ud83c\udf3c Dessa jeans \u00e4r en riktig v\u00e5r- och sommarfavorit \ud83d\udc9bMed sina s\u00f6ta broderade blomdetaljer och r\u00e5 kant nertill f\u00e5r du en avslappnad men samtidigt superchic look \u2013 perfekt f\u00f6r b\u00e5de vardag och semesterk\u00e4nsla! Den stretchiga kvaliteten g\u00f6r dem extra bekv\u00e4ma, samtidigt som den klassiska 5-ficksmodellen ger en tidl\u00f6s jeansstil \ud83d\udc56\u2728 \ud83d\udcab Detaljer vi \u00e4lskar:\ud83c\udf3c Broderade sm\u00e5 blommor som ger en romantisk touch\u2728 R\u00e5 kant nertill f\u00f6r en trendig finish\ud83d\udc56 Klassisk 5-ficksmodell\ud83d\udd18 Knapp och gylf framtill\ud83e\udd0d Stretchiga och f\u00f6ljsamma \ud83d\udccf Storlek: 34\u201342 \ud83e\uddf5 Material:\u2022 98% Bomull\u2022 2% Elastan \ud83c\udf1f M\u00e4rke: Caramelle Fashion \u2728 Jeans som lyfter varje outfit \u2013 matcha med en blus, stickat eller sneakers f\u00f6r en fr\u00e4sch och feminin stil!","og_url":"https:\/\/stilanddesign.se\/en\/product\/\ud83c\udf3c\u2728-somriga-jeans-med-broderade-blommor-caramelle-fashion-\u2728\ud83c\udf3c\/","og_site_name":"Stil &amp; Design","article_modified_time":"2026-04-04T09:36:06+00:00","og_image":[{"width":683,"height":1024,"url":"https:\/\/stilanddesign.se\/wp-content\/uploads\/2026\/02\/b79fcf37-5262-4cca-b838-784c71030b03-683x1024.png","type":"image\/png"}],"twitter_card":"summary_large_image","twitter_misc":{"Est. reading time":"1 minute"},"schema":{"@context":"https:\/\/schema.org","@graph":[{"@type":"WebPage","@id":"https:\/\/stilanddesign.se\/produkt\/%f0%9f%8c%bc%e2%9c%a8-somriga-jeans-med-broderade-blommor-caramelle-fashion-%e2%9c%a8%f0%9f%8c%bc\/","url":"https:\/\/stilanddesign.se\/produkt\/%f0%9f%8c%bc%e2%9c%a8-somriga-jeans-med-broderade-blommor-caramelle-fashion-%e2%9c%a8%f0%9f%8c%bc\/","name":"\ud83c\udf3c\u2728 Somriga Jeans med Broderade Blommor \u2013 Caramelle Fashion \u2728\ud83c\udf3c - Stil &amp; Design","isPartOf":{"@id":"https:\/\/stilanddesign.se\/#website"},"primaryImageOfPage":{"@id":"https:\/\/stilanddesign.se\/produkt\/%f0%9f%8c%bc%e2%9c%a8-somriga-jeans-med-broderade-blommor-caramelle-fashion-%e2%9c%a8%f0%9f%8c%bc\/#primaryimage"},"image":{"@id":"https:\/\/stilanddesign.se\/produkt\/%f0%9f%8c%bc%e2%9c%a8-somriga-jeans-med-broderade-blommor-caramelle-fashion-%e2%9c%a8%f0%9f%8c%bc\/#primaryimage"},"thumbnailUrl":"https:\/\/stilanddesign.se\/wp-content\/uploads\/2026\/02\/b79fcf37-5262-4cca-b838-784c71030b03.png","datePublished":"2026-02-06T13:59:48+00:00","dateModified":"2026-04-04T09:36:06+00:00","breadcrumb":{"@id":"https:\/\/stilanddesign.se\/produkt\/%f0%9f%8c%bc%e2%9c%a8-somriga-jeans-med-broderade-blommor-caramelle-fashion-%e2%9c%a8%f0%9f%8c%bc\/#breadcrumb"},"inLanguage":"en-US","potentialAction":[{"@type":"ReadAction","target":["https:\/\/stilanddesign.se\/produkt\/%f0%9f%8c%bc%e2%9c%a8-somriga-jeans-med-broderade-blommor-caramelle-fashion-%e2%9c%a8%f0%9f%8c%bc\/"]}]},{"@type":"ImageObject","inLanguage":"en-US","@id":"https:\/\/stilanddesign.se\/produkt\/%f0%9f%8c%bc%e2%9c%a8-somriga-jeans-med-broderade-blommor-caramelle-fashion-%e2%9c%a8%f0%9f%8c%bc\/#primaryimage","url":"https:\/\/stilanddesign.se\/wp-content\/uploads\/2026\/02\/b79fcf37-5262-4cca-b838-784c71030b03.png","contentUrl":"https:\/\/stilanddesign.se\/wp-content\/uploads\/2026\/02\/b79fcf37-5262-4cca-b838-784c71030b03.png","width":1024,"height":1536},{"@type":"BreadcrumbList","@id":"https:\/\/stilanddesign.se\/produkt\/%f0%9f%8c%bc%e2%9c%a8-somriga-jeans-med-broderade-blommor-caramelle-fashion-%e2%9c%a8%f0%9f%8c%bc\/#breadcrumb","itemListElement":[{"@type":"ListItem","position":1,"name":"Hem","item":"https:\/\/stilanddesign.se\/"},{"@type":"ListItem","position":2,"name":"Butiken","item":"https:\/\/stilanddesign.se\/butiken\/"},{"@type":"ListItem","position":3,"name":"\ud83c\udf3c\u2728 Somriga Jeans med Broderade Blommor \u2013 Caramelle Fashion \u2728\ud83c\udf3c"}]},{"@type":"WebSite","@id":"https:\/\/stilanddesign.se\/#website","url":"https:\/\/stilanddesign.se\/","name":"Style &amp; Design","description":"For those of us who love fashion!","publisher":{"@id":"https:\/\/stilanddesign.se\/#organization"},"potentialAction":[{"@type":"SearchAction","target":{"@type":"EntryPoint","urlTemplate":"https:\/\/stilanddesign.se\/?s={search_term_string}"},"query-input":{"@type":"PropertyValueSpecification","valueRequired":true,"valueName":"search_term_string"}}],"inLanguage":"en-US"},{"@type":"Organization","@id":"https:\/\/stilanddesign.se\/#organization","name":"Style &amp; Design","url":"https:\/\/stilanddesign.se\/","logo":{"@type":"ImageObject","inLanguage":"en-US","@id":"https:\/\/stilanddesign.se\/#\/schema\/logo\/image\/","url":"https:\/\/stilanddesign.se\/wp-content\/uploads\/2023\/12\/output-onlinepngtools-e1727784413220.png","contentUrl":"https:\/\/stilanddesign.se\/wp-content\/uploads\/2023\/12\/output-onlinepngtools-e1727784413220.png","width":519,"height":135,"caption":"Stil &amp; Design"},"image":{"@id":"https:\/\/stilanddesign.se\/#\/schema\/logo\/image\/"}}]}},"_links":{"self":[{"href":"https:\/\/stilanddesign.se\/en\/wp-json\/wp\/v2\/product\/1064358","targetHints":{"allow":["GET"]}}],"collection":[{"href":"https:\/\/stilanddesign.se\/en\/wp-json\/wp\/v2\/product"}],"about":[{"href":"https:\/\/stilanddesign.se\/en\/wp-json\/wp\/v2\/types\/product"}],"replies":[{"embeddable":true,"href":"https:\/\/stilanddesign.se\/en\/wp-json\/wp\/v2\/comments?post=1064358"}],"wp:featuredmedia":[{"embeddable":true,"href":"https:\/\/stilanddesign.se\/en\/wp-json\/wp\/v2\/media\/1064355"}],"wp:attachment":[{"href":"https:\/\/stilanddesign.se\/en\/wp-json\/wp\/v2\/media?parent=1064358"}],"wp:term":[{"taxonomy":"product_brand","embeddable":true,"href":"https:\/\/stilanddesign.se\/en\/wp-json\/wp\/v2\/product_brand?post=1064358"},{"taxonomy":"product_cat","embeddable":true,"href":"https:\/\/stilanddesign.se\/en\/wp-json\/wp\/v2\/product_cat?post=1064358"},{"taxonomy":"product_tag","embeddable":true,"href":"https:\/\/stilanddesign.se\/en\/wp-json\/wp\/v2\/product_tag?post=1064358"}],"curies":[{"name":"wp","href":"https:\/\/api.w.org\/{rel}","templated":true}]}}