{"id":1064346,"date":"2026-05-05T15:49:47","date_gmt":"2026-05-05T13:49:47","guid":{"rendered":"https:\/\/stilanddesign.se\/?post_type=product&#038;p=1064346"},"modified":"2026-05-06T08:59:14","modified_gmt":"2026-05-06T06:59:14","slug":"%e2%9c%a8-ljusrosa-klanning-med-volangdetaljer","status":"publish","type":"product","link":"https:\/\/stilanddesign.se\/en\/product\/%e2%9c%a8-ljusrosa-klanning-med-volangdetaljer\/","title":{"rendered":"\u2728 Light pink dress with ruffle details"},"content":{"rendered":"<p data-start=\"701\" data-end=\"741\">\u2728 Light pink dress with ruffle details<\/p>\n<p data-start=\"743\" data-end=\"901\">\ud83d\udc5a V-ringning framtill<br data-start=\"765\" data-end=\"768\" \/>\ud83d\udd18 Kn\u00e4ppning hela v\u00e4gen<br data-start=\"791\" data-end=\"794\" \/>\ud83d\udcab Volangdetalj \u00f6ver br\u00f6stet<br data-start=\"822\" data-end=\"825\" \/>\ud83c\udf3f L\u00e5ng \u00e4rm med res\u00e5r och volang i \u00e4rmslut<br data-start=\"867\" data-end=\"870\" \/>\ud83d\udc4c Spacious and comfortable fit<\/p>\n<p data-start=\"903\" data-end=\"972\">\ud83d\udccf L\u00e4ngd: ca 89 cm fram \/ 96 cm bak<br data-start=\"938\" data-end=\"941\" \/>\ud83d\udcd0 One size (passar ca 34\u201344)<\/p>\n<p data-start=\"974\" data-end=\"1020\">\ud83e\uddf5 Material: 100% polyester<br data-start=\"1001\" data-end=\"1004\" \/>\ud83e\udee7 Washing: 30\u00b0C<\/p>","protected":false},"excerpt":{"rendered":"<p data-start=\"701\" data-end=\"741\">\u2728 Light pink dress with ruffle details<\/p>\n<p data-start=\"743\" data-end=\"901\">\ud83d\udc5a V-ringning framtill<br data-start=\"765\" data-end=\"768\" \/>\ud83d\udd18 Kn\u00e4ppning hela v\u00e4gen<br data-start=\"791\" data-end=\"794\" \/>\ud83d\udcab Volangdetalj \u00f6ver br\u00f6stet<br data-start=\"822\" data-end=\"825\" \/>\ud83c\udf3f L\u00e5ng \u00e4rm med res\u00e5r och volang i \u00e4rmslut<br data-start=\"867\" data-end=\"870\" \/>\ud83d\udc4c Spacious and comfortable fit<\/p>\n<p data-start=\"903\" data-end=\"972\">\ud83d\udccf L\u00e4ngd: ca 89 cm fram \/ 96 cm bak<br data-start=\"938\" data-end=\"941\" \/>\ud83d\udcd0 One size (passar ca 34\u201344)<\/p>\n<p data-start=\"974\" data-end=\"1020\">\ud83e\uddf5 Material: 100% polyester<br data-start=\"1001\" data-end=\"1004\" \/>\ud83e\udee7 Washing: 30\u00b0C<\/p>","protected":false},"featured_media":1064343,"comment_status":"closed","ping_status":"closed","template":"","meta":[],"product_brand":[],"product_cat":[211,217,214,225],"product_tag":[],"class_list":{"0":"post-1064346","1":"product","2":"type-product","3":"status-publish","4":"has-post-thumbnail","6":"product_cat-blusar","7":"product_cat-produktnyheter","8":"product_cat-skjorta-langskjorta","9":"product_cat-tunikor","11":"first","12":"instock","13":"taxable","14":"shipping-taxable","15":"purchasable","16":"product-type-variable"},"yoast_head":"<!-- This site is optimized with the Yoast SEO Premium plugin v27.4 (Yoast SEO v27.5) - https:\/\/yoast.com\/product\/yoast-seo-premium-wordpress\/ -->\n<title>\u2728 Ljusrosa kl\u00e4nning med volangdetaljer - Stil &amp; Design<\/title>\n<meta name=\"robots\" content=\"index, follow, max-snippet:-1, max-image-preview:large, max-video-preview:-1\" \/>\n<link rel=\"canonical\" href=\"https:\/\/stilanddesign.se\/en\/product\/\u2728-ljusrosa-klanning-med-volangdetaljer\/\" \/>\n<meta property=\"og:locale\" content=\"en_US\" \/>\n<meta property=\"og:type\" content=\"article\" \/>\n<meta property=\"og:title\" content=\"\u2728 Ljusrosa kl\u00e4nning med volangdetaljer\" \/>\n<meta property=\"og:description\" content=\"\u2728 Ljusrosa kl\u00e4nning med volangdetaljer \ud83d\udc5a V-ringning framtill\ud83d\udd18 Kn\u00e4ppning hela v\u00e4gen\ud83d\udcab Volangdetalj \u00f6ver br\u00f6stet\ud83c\udf3f L\u00e5ng \u00e4rm med res\u00e5r och volang i \u00e4rmslut\ud83d\udc4c Rymlig och bekv\u00e4m passform \ud83d\udccf L\u00e4ngd: ca 89 cm fram \/ 96 cm bak\ud83d\udcd0 One size (passar ca 34\u201344) \ud83e\uddf5 Material: 100% polyester\ud83e\udee7 Tv\u00e4tt: 30\u00b0C\" \/>\n<meta property=\"og:url\" content=\"https:\/\/stilanddesign.se\/en\/product\/\u2728-ljusrosa-klanning-med-volangdetaljer\/\" \/>\n<meta property=\"og:site_name\" content=\"Stil &amp; Design\" \/>\n<meta property=\"article:modified_time\" content=\"2026-05-06T06:59:14+00:00\" \/>\n<meta property=\"og:image\" content=\"https:\/\/stilanddesign.se\/wp-content\/uploads\/2026\/02\/6656544444.png\" \/>\n\t<meta property=\"og:image:width\" content=\"427\" \/>\n\t<meta property=\"og:image:height\" content=\"640\" \/>\n\t<meta property=\"og:image:type\" content=\"image\/png\" \/>\n<meta name=\"twitter:card\" content=\"summary_large_image\" \/>\n<meta name=\"twitter:label1\" content=\"Est. reading time\" \/>\n\t<meta name=\"twitter:data1\" content=\"1 minute\" \/>\n<script type=\"application\/ld+json\" class=\"yoast-schema-graph\">{\"@context\":\"https:\\\/\\\/schema.org\",\"@graph\":[{\"@type\":\"WebPage\",\"@id\":\"https:\\\/\\\/stilanddesign.se\\\/produkt\\\/%e2%9c%a8-ljusrosa-klanning-med-volangdetaljer\\\/\",\"url\":\"https:\\\/\\\/stilanddesign.se\\\/produkt\\\/%e2%9c%a8-ljusrosa-klanning-med-volangdetaljer\\\/\",\"name\":\"\u2728 Ljusrosa kl\u00e4nning med volangdetaljer - Stil &amp; Design\",\"isPartOf\":{\"@id\":\"https:\\\/\\\/stilanddesign.se\\\/#website\"},\"primaryImageOfPage\":{\"@id\":\"https:\\\/\\\/stilanddesign.se\\\/produkt\\\/%e2%9c%a8-ljusrosa-klanning-med-volangdetaljer\\\/#primaryimage\"},\"image\":{\"@id\":\"https:\\\/\\\/stilanddesign.se\\\/produkt\\\/%e2%9c%a8-ljusrosa-klanning-med-volangdetaljer\\\/#primaryimage\"},\"thumbnailUrl\":\"https:\\\/\\\/stilanddesign.se\\\/wp-content\\\/uploads\\\/2026\\\/02\\\/6656544444.png\",\"datePublished\":\"2026-05-05T13:49:47+00:00\",\"dateModified\":\"2026-05-06T06:59:14+00:00\",\"breadcrumb\":{\"@id\":\"https:\\\/\\\/stilanddesign.se\\\/produkt\\\/%e2%9c%a8-ljusrosa-klanning-med-volangdetaljer\\\/#breadcrumb\"},\"inLanguage\":\"en-US\",\"potentialAction\":[{\"@type\":\"ReadAction\",\"target\":[\"https:\\\/\\\/stilanddesign.se\\\/produkt\\\/%e2%9c%a8-ljusrosa-klanning-med-volangdetaljer\\\/\"]}]},{\"@type\":\"ImageObject\",\"inLanguage\":\"en-US\",\"@id\":\"https:\\\/\\\/stilanddesign.se\\\/produkt\\\/%e2%9c%a8-ljusrosa-klanning-med-volangdetaljer\\\/#primaryimage\",\"url\":\"https:\\\/\\\/stilanddesign.se\\\/wp-content\\\/uploads\\\/2026\\\/02\\\/6656544444.png\",\"contentUrl\":\"https:\\\/\\\/stilanddesign.se\\\/wp-content\\\/uploads\\\/2026\\\/02\\\/6656544444.png\",\"width\":427,\"height\":640,\"caption\":\"Ljusrosa kl\u00e4nning med volang\"},{\"@type\":\"BreadcrumbList\",\"@id\":\"https:\\\/\\\/stilanddesign.se\\\/produkt\\\/%e2%9c%a8-ljusrosa-klanning-med-volangdetaljer\\\/#breadcrumb\",\"itemListElement\":[{\"@type\":\"ListItem\",\"position\":1,\"name\":\"Hem\",\"item\":\"https:\\\/\\\/stilanddesign.se\\\/\"},{\"@type\":\"ListItem\",\"position\":2,\"name\":\"Butiken\",\"item\":\"https:\\\/\\\/stilanddesign.se\\\/butiken\\\/\"},{\"@type\":\"ListItem\",\"position\":3,\"name\":\"\u2728 Ljusrosa kl\u00e4nning med volangdetaljer\"}]},{\"@type\":\"WebSite\",\"@id\":\"https:\\\/\\\/stilanddesign.se\\\/#website\",\"url\":\"https:\\\/\\\/stilanddesign.se\\\/\",\"name\":\"Stil &amp; Design\",\"description\":\"F\u00f6r oss som \u00e4lskar mode!\",\"publisher\":{\"@id\":\"https:\\\/\\\/stilanddesign.se\\\/#organization\"},\"potentialAction\":[{\"@type\":\"SearchAction\",\"target\":{\"@type\":\"EntryPoint\",\"urlTemplate\":\"https:\\\/\\\/stilanddesign.se\\\/?s={search_term_string}\"},\"query-input\":{\"@type\":\"PropertyValueSpecification\",\"valueRequired\":true,\"valueName\":\"search_term_string\"}}],\"inLanguage\":\"en-US\"},{\"@type\":\"Organization\",\"@id\":\"https:\\\/\\\/stilanddesign.se\\\/#organization\",\"name\":\"Stil &amp; Design\",\"url\":\"https:\\\/\\\/stilanddesign.se\\\/\",\"logo\":{\"@type\":\"ImageObject\",\"inLanguage\":\"en-US\",\"@id\":\"https:\\\/\\\/stilanddesign.se\\\/#\\\/schema\\\/logo\\\/image\\\/\",\"url\":\"https:\\\/\\\/stilanddesign.se\\\/wp-content\\\/uploads\\\/2023\\\/12\\\/output-onlinepngtools-e1727784413220.png\",\"contentUrl\":\"https:\\\/\\\/stilanddesign.se\\\/wp-content\\\/uploads\\\/2023\\\/12\\\/output-onlinepngtools-e1727784413220.png\",\"width\":519,\"height\":135,\"caption\":\"Stil &amp; Design\"},\"image\":{\"@id\":\"https:\\\/\\\/stilanddesign.se\\\/#\\\/schema\\\/logo\\\/image\\\/\"}}]}<\/script>\n<!-- \/ Yoast SEO Premium plugin. -->","yoast_head_json":{"title":"\u2728 Ljusrosa kl\u00e4nning med volangdetaljer - Stil &amp; Design","robots":{"index":"index","follow":"follow","max-snippet":"max-snippet:-1","max-image-preview":"max-image-preview:large","max-video-preview":"max-video-preview:-1"},"canonical":"https:\/\/stilanddesign.se\/en\/product\/\u2728-ljusrosa-klanning-med-volangdetaljer\/","og_locale":"en_US","og_type":"article","og_title":"\u2728 Ljusrosa kl\u00e4nning med volangdetaljer","og_description":"\u2728 Ljusrosa kl\u00e4nning med volangdetaljer \ud83d\udc5a V-ringning framtill\ud83d\udd18 Kn\u00e4ppning hela v\u00e4gen\ud83d\udcab Volangdetalj \u00f6ver br\u00f6stet\ud83c\udf3f L\u00e5ng \u00e4rm med res\u00e5r och volang i \u00e4rmslut\ud83d\udc4c Rymlig och bekv\u00e4m passform \ud83d\udccf L\u00e4ngd: ca 89 cm fram \/ 96 cm bak\ud83d\udcd0 One size (passar ca 34\u201344) \ud83e\uddf5 Material: 100% polyester\ud83e\udee7 Tv\u00e4tt: 30\u00b0C","og_url":"https:\/\/stilanddesign.se\/en\/product\/\u2728-ljusrosa-klanning-med-volangdetaljer\/","og_site_name":"Stil &amp; Design","article_modified_time":"2026-05-06T06:59:14+00:00","og_image":[{"width":427,"height":640,"url":"https:\/\/stilanddesign.se\/wp-content\/uploads\/2026\/02\/6656544444.png","type":"image\/png"}],"twitter_card":"summary_large_image","twitter_misc":{"Est. reading time":"1 minute"},"schema":{"@context":"https:\/\/schema.org","@graph":[{"@type":"WebPage","@id":"https:\/\/stilanddesign.se\/produkt\/%e2%9c%a8-ljusrosa-klanning-med-volangdetaljer\/","url":"https:\/\/stilanddesign.se\/produkt\/%e2%9c%a8-ljusrosa-klanning-med-volangdetaljer\/","name":"\u2728 Ljusrosa kl\u00e4nning med volangdetaljer - Stil &amp; Design","isPartOf":{"@id":"https:\/\/stilanddesign.se\/#website"},"primaryImageOfPage":{"@id":"https:\/\/stilanddesign.se\/produkt\/%e2%9c%a8-ljusrosa-klanning-med-volangdetaljer\/#primaryimage"},"image":{"@id":"https:\/\/stilanddesign.se\/produkt\/%e2%9c%a8-ljusrosa-klanning-med-volangdetaljer\/#primaryimage"},"thumbnailUrl":"https:\/\/stilanddesign.se\/wp-content\/uploads\/2026\/02\/6656544444.png","datePublished":"2026-05-05T13:49:47+00:00","dateModified":"2026-05-06T06:59:14+00:00","breadcrumb":{"@id":"https:\/\/stilanddesign.se\/produkt\/%e2%9c%a8-ljusrosa-klanning-med-volangdetaljer\/#breadcrumb"},"inLanguage":"en-US","potentialAction":[{"@type":"ReadAction","target":["https:\/\/stilanddesign.se\/produkt\/%e2%9c%a8-ljusrosa-klanning-med-volangdetaljer\/"]}]},{"@type":"ImageObject","inLanguage":"en-US","@id":"https:\/\/stilanddesign.se\/produkt\/%e2%9c%a8-ljusrosa-klanning-med-volangdetaljer\/#primaryimage","url":"https:\/\/stilanddesign.se\/wp-content\/uploads\/2026\/02\/6656544444.png","contentUrl":"https:\/\/stilanddesign.se\/wp-content\/uploads\/2026\/02\/6656544444.png","width":427,"height":640,"caption":"Ljusrosa kl\u00e4nning med volang"},{"@type":"BreadcrumbList","@id":"https:\/\/stilanddesign.se\/produkt\/%e2%9c%a8-ljusrosa-klanning-med-volangdetaljer\/#breadcrumb","itemListElement":[{"@type":"ListItem","position":1,"name":"Hem","item":"https:\/\/stilanddesign.se\/"},{"@type":"ListItem","position":2,"name":"Butiken","item":"https:\/\/stilanddesign.se\/butiken\/"},{"@type":"ListItem","position":3,"name":"\u2728 Ljusrosa kl\u00e4nning med volangdetaljer"}]},{"@type":"WebSite","@id":"https:\/\/stilanddesign.se\/#website","url":"https:\/\/stilanddesign.se\/","name":"Style &amp; Design","description":"For those of us who love fashion!","publisher":{"@id":"https:\/\/stilanddesign.se\/#organization"},"potentialAction":[{"@type":"SearchAction","target":{"@type":"EntryPoint","urlTemplate":"https:\/\/stilanddesign.se\/?s={search_term_string}"},"query-input":{"@type":"PropertyValueSpecification","valueRequired":true,"valueName":"search_term_string"}}],"inLanguage":"en-US"},{"@type":"Organization","@id":"https:\/\/stilanddesign.se\/#organization","name":"Style &amp; Design","url":"https:\/\/stilanddesign.se\/","logo":{"@type":"ImageObject","inLanguage":"en-US","@id":"https:\/\/stilanddesign.se\/#\/schema\/logo\/image\/","url":"https:\/\/stilanddesign.se\/wp-content\/uploads\/2023\/12\/output-onlinepngtools-e1727784413220.png","contentUrl":"https:\/\/stilanddesign.se\/wp-content\/uploads\/2023\/12\/output-onlinepngtools-e1727784413220.png","width":519,"height":135,"caption":"Stil &amp; Design"},"image":{"@id":"https:\/\/stilanddesign.se\/#\/schema\/logo\/image\/"}}]}},"_links":{"self":[{"href":"https:\/\/stilanddesign.se\/en\/wp-json\/wp\/v2\/product\/1064346","targetHints":{"allow":["GET"]}}],"collection":[{"href":"https:\/\/stilanddesign.se\/en\/wp-json\/wp\/v2\/product"}],"about":[{"href":"https:\/\/stilanddesign.se\/en\/wp-json\/wp\/v2\/types\/product"}],"replies":[{"embeddable":true,"href":"https:\/\/stilanddesign.se\/en\/wp-json\/wp\/v2\/comments?post=1064346"}],"wp:featuredmedia":[{"embeddable":true,"href":"https:\/\/stilanddesign.se\/en\/wp-json\/wp\/v2\/media\/1064343"}],"wp:attachment":[{"href":"https:\/\/stilanddesign.se\/en\/wp-json\/wp\/v2\/media?parent=1064346"}],"wp:term":[{"taxonomy":"product_brand","embeddable":true,"href":"https:\/\/stilanddesign.se\/en\/wp-json\/wp\/v2\/product_brand?post=1064346"},{"taxonomy":"product_cat","embeddable":true,"href":"https:\/\/stilanddesign.se\/en\/wp-json\/wp\/v2\/product_cat?post=1064346"},{"taxonomy":"product_tag","embeddable":true,"href":"https:\/\/stilanddesign.se\/en\/wp-json\/wp\/v2\/product_tag?post=1064346"}],"curies":[{"name":"wp","href":"https:\/\/api.w.org\/{rel}","templated":true}]}}