{"id":1064189,"date":"2026-04-14T11:07:19","date_gmt":"2026-04-14T09:07:19","guid":{"rendered":"https:\/\/stilanddesign.se\/?post_type=product&#038;p=1064189"},"modified":"2026-04-14T14:05:48","modified_gmt":"2026-04-14T12:05:48","slug":"%e2%9c%a8-elegant-jacka-i-mjuk-kvalitet-marta-du-chateau-%e2%9c%a8-4","status":"publish","type":"product","link":"https:\/\/stilanddesign.se\/en\/product\/%e2%9c%a8-elegant-jacka-i-mjuk-kvalitet-marta-du-chateau-%e2%9c%a8-4\/","title":{"rendered":"\u2728 Elegant jacket in soft quality \u2013 Marta du Ch\u00e2teau \u2728"},"content":{"rendered":"<p data-start=\"91\" data-end=\"149\">\u2728 <strong data-start=\"93\" data-end=\"145\">Elegant jacket in soft quality \u2013 Marta du Ch\u00e2teau<\/strong> \u2728<\/p>\n<p data-start=\"151\" data-end=\"368\">This jacket is <strong data-start=\"169\" data-end=\"187\">pure everyday luxury<\/strong> \ud83e\udd0d With its soft, supple quality and stylish design, it&#039;s a perfect garment to throw on - whether you&#039;re going to work, lunch or just want to look stylish for everyday wear \ud83d\udcab<\/p>\n<p data-start=\"370\" data-end=\"501\">The decorative buttons at the front give it an exclusive look, while the relaxed fit makes it both comfortable and flattering \u2728<\/p>\n<p data-start=\"503\" data-end=\"676\">\ud83e\udde5 <strong data-start=\"506\" data-end=\"519\">Details:<\/strong><br data-start=\"519\" data-end=\"522\" \/>\u2728 Soft and stretchy quality<br data-start=\"551\" data-end=\"554\" \/>\u2728 Stylish buttons at the front<br data-start=\"581\" data-end=\"584\" \/>\u2728 Loose, modern fit<br data-start=\"608\" data-end=\"611\" \/>\u2728 Perfect as a jacket or cardigan<br data-start=\"642\" data-end=\"645\" \/>\u2728 Easy to match \u2013 all year round<\/p>\n<p data-start=\"678\" data-end=\"707\">\ud83d\udccf <strong data-start=\"681\" data-end=\"693\">Size:<\/strong><br data-start=\"693\" data-end=\"696\" \/>\u2022 One size<\/p>\n<p data-start=\"709\" data-end=\"767\">\ud83d\udcd0 <strong data-start=\"712\" data-end=\"721\">Measure:<\/strong><br data-start=\"721\" data-end=\"724\" \/>\u2022 Chest measurement: approx. 62 cm<br data-start=\"745\" data-end=\"748\" \/>\u2022 Length: approx. 63 cm<\/p>\n<p data-start=\"769\" data-end=\"826\">\ud83c\udfa8 <strong data-start=\"772\" data-end=\"783\">Colors:<\/strong><br data-start=\"783\" data-end=\"786\" \/>\ud83e\udd0d Beige<br data-start=\"794\" data-end=\"797\" \/>\ud83e\udd0e Brown<br data-start=\"804\" data-end=\"807\" \/>\ud83d\udc99 Navy<br data-start=\"814\" data-end=\"817\" \/>\ud83c\udf38 Pink<\/p>\n<p data-start=\"828\" data-end=\"879\">\ud83e\uddf5 <strong data-start=\"831\" data-end=\"844\">Material:<\/strong><br data-start=\"844\" data-end=\"847\" \/>\u2022 94% polyester<br data-start=\"862\" data-end=\"865\" \/>\u2022 6% elastane<\/p>\n<p data-start=\"881\" data-end=\"917\">\ud83d\udc57 <strong data-start=\"884\" data-end=\"898\">Trademark:<\/strong> Marta du Ch\u00e2teau<\/p>\n<p data-start=\"919\" data-end=\"1055\" data-is-last-node=\"\" data-is-only-node=\"\">A must-have in the wardrobe for those who want <strong data-start=\"962\" data-end=\"1004\">timeless style, comfort and elegance in one<\/strong> \u2728<br data-start=\"1006\" data-end=\"1009\" \/>A favorite you will use over and over again \ud83d\udc95<\/p>","protected":false},"excerpt":{"rendered":"<p data-start=\"91\" data-end=\"149\">\u2728 <strong data-start=\"93\" data-end=\"145\">Elegant jacket in soft quality \u2013 Marta du Ch\u00e2teau<\/strong> \u2728<\/p>\n<p data-start=\"151\" data-end=\"368\">This jacket is <strong data-start=\"169\" data-end=\"187\">pure everyday luxury<\/strong> \ud83e\udd0d With its soft, supple quality and stylish design, it&#039;s a perfect garment to throw on - whether you&#039;re going to work, lunch or just want to look stylish for everyday wear \ud83d\udcab<\/p>\n<p data-start=\"370\" data-end=\"501\">The decorative buttons at the front give it an exclusive look, while the relaxed fit makes it both comfortable and flattering \u2728<\/p>\n<p data-start=\"503\" data-end=\"676\">\ud83e\udde5 <strong data-start=\"506\" data-end=\"519\">Details:<\/strong><br data-start=\"519\" data-end=\"522\" \/>\u2728 Soft and stretchy quality<br data-start=\"551\" data-end=\"554\" \/>\u2728 Stylish buttons at the front<br data-start=\"581\" data-end=\"584\" \/>\u2728 Loose, modern fit<br data-start=\"608\" data-end=\"611\" \/>\u2728 Perfect as a jacket or cardigan<br data-start=\"642\" data-end=\"645\" \/>\u2728 Easy to match \u2013 all year round<\/p>\n<p data-start=\"678\" data-end=\"707\">\ud83d\udccf <strong data-start=\"681\" data-end=\"693\">Size:<\/strong><br data-start=\"693\" data-end=\"696\" \/>\u2022 One size<\/p>\n<p data-start=\"709\" data-end=\"767\">\ud83d\udcd0 <strong data-start=\"712\" data-end=\"721\">Measure:<\/strong><br data-start=\"721\" data-end=\"724\" \/>\u2022 Chest measurement: approx. 62 cm<br data-start=\"745\" data-end=\"748\" \/>\u2022 Length: approx. 63 cm<\/p>\n<p data-start=\"769\" data-end=\"826\">\ud83c\udfa8 <strong data-start=\"772\" data-end=\"783\">Colors:<\/strong><br data-start=\"783\" data-end=\"786\" \/>\ud83e\udd0d Beige<br data-start=\"794\" data-end=\"797\" \/>\ud83e\udd0e Brown<br data-start=\"804\" data-end=\"807\" \/>\ud83d\udc99 Navy<br data-start=\"814\" data-end=\"817\" \/>\ud83c\udf38 Pink<\/p>\n<p data-start=\"828\" data-end=\"879\">\ud83e\uddf5 <strong data-start=\"831\" data-end=\"844\">Material:<\/strong><br data-start=\"844\" data-end=\"847\" \/>\u2022 94% polyester<br data-start=\"862\" data-end=\"865\" \/>\u2022 6% elastane<\/p>\n<p data-start=\"881\" data-end=\"917\">\ud83d\udc57 <strong data-start=\"884\" data-end=\"898\">Trademark:<\/strong> Marta du Ch\u00e2teau<\/p>\n<p data-start=\"919\" data-end=\"1055\" data-is-last-node=\"\" data-is-only-node=\"\">A must-have in the wardrobe for those who want <strong data-start=\"962\" data-end=\"1004\">timeless style, comfort and elegance in one<\/strong> \u2728<br data-start=\"1006\" data-end=\"1009\" \/>A favorite you will use over and over again \ud83d\udc95<\/p>","protected":false},"featured_media":1064206,"comment_status":"closed","ping_status":"closed","template":"","meta":[],"product_brand":[],"product_cat":[209],"product_tag":[],"class_list":{"0":"post-1064189","1":"product","2":"type-product","3":"status-publish","4":"has-post-thumbnail","6":"product_cat-reaprodukter","8":"first","9":"outofstock","10":"taxable","11":"shipping-taxable","12":"product-type-variable"},"yoast_head":"<!-- This site is optimized with the Yoast SEO Premium plugin v27.4 (Yoast SEO v27.5) - https:\/\/yoast.com\/product\/yoast-seo-premium-wordpress\/ -->\n<title>\u2728 Elegant jacka i mjuk kvalitet \u2013 Marta du Ch\u00e2teau \u2728 - Stil &amp; Design<\/title>\n<meta name=\"robots\" content=\"index, follow, max-snippet:-1, max-image-preview:large, max-video-preview:-1\" \/>\n<link rel=\"canonical\" href=\"https:\/\/stilanddesign.se\/en\/product\/\u2728-elegant-jacka-i-mjuk-kvalitet-marta-du-chateau-\u2728-4\/\" \/>\n<meta property=\"og:locale\" content=\"en_US\" \/>\n<meta property=\"og:type\" content=\"article\" \/>\n<meta property=\"og:title\" content=\"\u2728 Elegant jacka i mjuk kvalitet \u2013 Marta du Ch\u00e2teau \u2728\" \/>\n<meta property=\"og:description\" content=\"\u2728 Elegant jacka i mjuk kvalitet \u2013 Marta du Ch\u00e2teau \u2728 Den h\u00e4r jackan \u00e4r ren vardagslyx \ud83e\udd0d Med sin mjuka, f\u00f6ljsamma kvalitet och stilrena design \u00e4r den ett perfekt plagg att sl\u00e4nga p\u00e5 sig \u2013 oavsett om du ska till jobbet, lunchen eller vill vara snygg till vardags \ud83d\udcab De dekorativa knapparna framtill ger ett exklusivt uttryck, medan den avslappnade passformen g\u00f6r den b\u00e5de bekv\u00e4m och smickrande \u2728 \ud83e\udde5 Detaljer:\u2728 Mjuk och stretchig kvalitet\u2728 Stilrena knappar framtill\u2728 Ledig, modern passform\u2728 Perfekt som jacka eller kofta\u2728 L\u00e4tt att matcha \u2013 \u00e5ret runt \ud83d\udccf Storlek:\u2022 Onesize \ud83d\udcd0 M\u00e5tt:\u2022 Br\u00f6stm\u00e5tt: ca 62 cm\u2022 L\u00e4ngd: ca 63 cm \ud83c\udfa8 F\u00e4rger:\ud83e\udd0d Beige\ud83e\udd0e Brun\ud83d\udc99 Navy\ud83c\udf38 Rosa \ud83e\uddf5 Material:\u2022 94% polyester\u2022 6% elastan \ud83d\udc57 Varum\u00e4rke: Marta du Ch\u00e2teau Ett m\u00e5ste i garderoben f\u00f6r dig som vill ha tidl\u00f6s stil, komfort och elegans i ett \u2728En favorit du kommer anv\u00e4nda om och om igen \ud83d\udc95\" \/>\n<meta property=\"og:url\" content=\"https:\/\/stilanddesign.se\/en\/product\/\u2728-elegant-jacka-i-mjuk-kvalitet-marta-du-chateau-\u2728-4\/\" \/>\n<meta property=\"og:site_name\" content=\"Stil &amp; Design\" \/>\n<meta property=\"article:modified_time\" content=\"2026-04-14T12:05:48+00:00\" \/>\n<meta property=\"og:image\" content=\"https:\/\/stilanddesign.se\/wp-content\/uploads\/2026\/02\/7767656666666666.png\" \/>\n\t<meta property=\"og:image:width\" content=\"640\" \/>\n\t<meta property=\"og:image:height\" content=\"640\" \/>\n\t<meta property=\"og:image:type\" content=\"image\/png\" \/>\n<meta name=\"twitter:card\" content=\"summary_large_image\" \/>\n<meta name=\"twitter:label1\" content=\"Est. reading time\" \/>\n\t<meta name=\"twitter:data1\" content=\"2 minutes\" \/>\n<script type=\"application\/ld+json\" class=\"yoast-schema-graph\">{\"@context\":\"https:\\\/\\\/schema.org\",\"@graph\":[{\"@type\":\"WebPage\",\"@id\":\"https:\\\/\\\/stilanddesign.se\\\/produkt\\\/%e2%9c%a8-elegant-jacka-i-mjuk-kvalitet-marta-du-chateau-%e2%9c%a8-4\\\/\",\"url\":\"https:\\\/\\\/stilanddesign.se\\\/produkt\\\/%e2%9c%a8-elegant-jacka-i-mjuk-kvalitet-marta-du-chateau-%e2%9c%a8-4\\\/\",\"name\":\"\u2728 Elegant jacka i mjuk kvalitet \u2013 Marta du Ch\u00e2teau \u2728 - Stil &amp; Design\",\"isPartOf\":{\"@id\":\"https:\\\/\\\/stilanddesign.se\\\/#website\"},\"primaryImageOfPage\":{\"@id\":\"https:\\\/\\\/stilanddesign.se\\\/produkt\\\/%e2%9c%a8-elegant-jacka-i-mjuk-kvalitet-marta-du-chateau-%e2%9c%a8-4\\\/#primaryimage\"},\"image\":{\"@id\":\"https:\\\/\\\/stilanddesign.se\\\/produkt\\\/%e2%9c%a8-elegant-jacka-i-mjuk-kvalitet-marta-du-chateau-%e2%9c%a8-4\\\/#primaryimage\"},\"thumbnailUrl\":\"https:\\\/\\\/stilanddesign.se\\\/wp-content\\\/uploads\\\/2026\\\/02\\\/7767656666666666.png\",\"datePublished\":\"2026-04-14T09:07:19+00:00\",\"dateModified\":\"2026-04-14T12:05:48+00:00\",\"breadcrumb\":{\"@id\":\"https:\\\/\\\/stilanddesign.se\\\/produkt\\\/%e2%9c%a8-elegant-jacka-i-mjuk-kvalitet-marta-du-chateau-%e2%9c%a8-4\\\/#breadcrumb\"},\"inLanguage\":\"en-US\",\"potentialAction\":[{\"@type\":\"ReadAction\",\"target\":[\"https:\\\/\\\/stilanddesign.se\\\/produkt\\\/%e2%9c%a8-elegant-jacka-i-mjuk-kvalitet-marta-du-chateau-%e2%9c%a8-4\\\/\"]}]},{\"@type\":\"ImageObject\",\"inLanguage\":\"en-US\",\"@id\":\"https:\\\/\\\/stilanddesign.se\\\/produkt\\\/%e2%9c%a8-elegant-jacka-i-mjuk-kvalitet-marta-du-chateau-%e2%9c%a8-4\\\/#primaryimage\",\"url\":\"https:\\\/\\\/stilanddesign.se\\\/wp-content\\\/uploads\\\/2026\\\/02\\\/7767656666666666.png\",\"contentUrl\":\"https:\\\/\\\/stilanddesign.se\\\/wp-content\\\/uploads\\\/2026\\\/02\\\/7767656666666666.png\",\"width\":640,\"height\":640,\"caption\":\"Elegant jacka i mjuk kvalite\"},{\"@type\":\"BreadcrumbList\",\"@id\":\"https:\\\/\\\/stilanddesign.se\\\/produkt\\\/%e2%9c%a8-elegant-jacka-i-mjuk-kvalitet-marta-du-chateau-%e2%9c%a8-4\\\/#breadcrumb\",\"itemListElement\":[{\"@type\":\"ListItem\",\"position\":1,\"name\":\"Hem\",\"item\":\"https:\\\/\\\/stilanddesign.se\\\/\"},{\"@type\":\"ListItem\",\"position\":2,\"name\":\"Butiken\",\"item\":\"https:\\\/\\\/stilanddesign.se\\\/butiken\\\/\"},{\"@type\":\"ListItem\",\"position\":3,\"name\":\"\u2728 Elegant jacka i mjuk kvalitet \u2013 Marta du Ch\u00e2teau \u2728\"}]},{\"@type\":\"WebSite\",\"@id\":\"https:\\\/\\\/stilanddesign.se\\\/#website\",\"url\":\"https:\\\/\\\/stilanddesign.se\\\/\",\"name\":\"Stil &amp; Design\",\"description\":\"F\u00f6r oss som \u00e4lskar mode!\",\"publisher\":{\"@id\":\"https:\\\/\\\/stilanddesign.se\\\/#organization\"},\"potentialAction\":[{\"@type\":\"SearchAction\",\"target\":{\"@type\":\"EntryPoint\",\"urlTemplate\":\"https:\\\/\\\/stilanddesign.se\\\/?s={search_term_string}\"},\"query-input\":{\"@type\":\"PropertyValueSpecification\",\"valueRequired\":true,\"valueName\":\"search_term_string\"}}],\"inLanguage\":\"en-US\"},{\"@type\":\"Organization\",\"@id\":\"https:\\\/\\\/stilanddesign.se\\\/#organization\",\"name\":\"Stil &amp; Design\",\"url\":\"https:\\\/\\\/stilanddesign.se\\\/\",\"logo\":{\"@type\":\"ImageObject\",\"inLanguage\":\"en-US\",\"@id\":\"https:\\\/\\\/stilanddesign.se\\\/#\\\/schema\\\/logo\\\/image\\\/\",\"url\":\"https:\\\/\\\/stilanddesign.se\\\/wp-content\\\/uploads\\\/2023\\\/12\\\/output-onlinepngtools-e1727784413220.png\",\"contentUrl\":\"https:\\\/\\\/stilanddesign.se\\\/wp-content\\\/uploads\\\/2023\\\/12\\\/output-onlinepngtools-e1727784413220.png\",\"width\":519,\"height\":135,\"caption\":\"Stil &amp; Design\"},\"image\":{\"@id\":\"https:\\\/\\\/stilanddesign.se\\\/#\\\/schema\\\/logo\\\/image\\\/\"}}]}<\/script>\n<!-- \/ Yoast SEO Premium plugin. -->","yoast_head_json":{"title":"\u2728 Elegant jacka i mjuk kvalitet \u2013 Marta du Ch\u00e2teau \u2728 - Stil &amp; Design","robots":{"index":"index","follow":"follow","max-snippet":"max-snippet:-1","max-image-preview":"max-image-preview:large","max-video-preview":"max-video-preview:-1"},"canonical":"https:\/\/stilanddesign.se\/en\/product\/\u2728-elegant-jacka-i-mjuk-kvalitet-marta-du-chateau-\u2728-4\/","og_locale":"en_US","og_type":"article","og_title":"\u2728 Elegant jacka i mjuk kvalitet \u2013 Marta du Ch\u00e2teau \u2728","og_description":"\u2728 Elegant jacka i mjuk kvalitet \u2013 Marta du Ch\u00e2teau \u2728 Den h\u00e4r jackan \u00e4r ren vardagslyx \ud83e\udd0d Med sin mjuka, f\u00f6ljsamma kvalitet och stilrena design \u00e4r den ett perfekt plagg att sl\u00e4nga p\u00e5 sig \u2013 oavsett om du ska till jobbet, lunchen eller vill vara snygg till vardags \ud83d\udcab De dekorativa knapparna framtill ger ett exklusivt uttryck, medan den avslappnade passformen g\u00f6r den b\u00e5de bekv\u00e4m och smickrande \u2728 \ud83e\udde5 Detaljer:\u2728 Mjuk och stretchig kvalitet\u2728 Stilrena knappar framtill\u2728 Ledig, modern passform\u2728 Perfekt som jacka eller kofta\u2728 L\u00e4tt att matcha \u2013 \u00e5ret runt \ud83d\udccf Storlek:\u2022 Onesize \ud83d\udcd0 M\u00e5tt:\u2022 Br\u00f6stm\u00e5tt: ca 62 cm\u2022 L\u00e4ngd: ca 63 cm \ud83c\udfa8 F\u00e4rger:\ud83e\udd0d Beige\ud83e\udd0e Brun\ud83d\udc99 Navy\ud83c\udf38 Rosa \ud83e\uddf5 Material:\u2022 94% polyester\u2022 6% elastan \ud83d\udc57 Varum\u00e4rke: Marta du Ch\u00e2teau Ett m\u00e5ste i garderoben f\u00f6r dig som vill ha tidl\u00f6s stil, komfort och elegans i ett \u2728En favorit du kommer anv\u00e4nda om och om igen \ud83d\udc95","og_url":"https:\/\/stilanddesign.se\/en\/product\/\u2728-elegant-jacka-i-mjuk-kvalitet-marta-du-chateau-\u2728-4\/","og_site_name":"Stil &amp; Design","article_modified_time":"2026-04-14T12:05:48+00:00","og_image":[{"width":640,"height":640,"url":"https:\/\/stilanddesign.se\/wp-content\/uploads\/2026\/02\/7767656666666666.png","type":"image\/png"}],"twitter_card":"summary_large_image","twitter_misc":{"Est. reading time":"2 minutes"},"schema":{"@context":"https:\/\/schema.org","@graph":[{"@type":"WebPage","@id":"https:\/\/stilanddesign.se\/produkt\/%e2%9c%a8-elegant-jacka-i-mjuk-kvalitet-marta-du-chateau-%e2%9c%a8-4\/","url":"https:\/\/stilanddesign.se\/produkt\/%e2%9c%a8-elegant-jacka-i-mjuk-kvalitet-marta-du-chateau-%e2%9c%a8-4\/","name":"\u2728 Elegant jacka i mjuk kvalitet \u2013 Marta du Ch\u00e2teau \u2728 - Stil &amp; Design","isPartOf":{"@id":"https:\/\/stilanddesign.se\/#website"},"primaryImageOfPage":{"@id":"https:\/\/stilanddesign.se\/produkt\/%e2%9c%a8-elegant-jacka-i-mjuk-kvalitet-marta-du-chateau-%e2%9c%a8-4\/#primaryimage"},"image":{"@id":"https:\/\/stilanddesign.se\/produkt\/%e2%9c%a8-elegant-jacka-i-mjuk-kvalitet-marta-du-chateau-%e2%9c%a8-4\/#primaryimage"},"thumbnailUrl":"https:\/\/stilanddesign.se\/wp-content\/uploads\/2026\/02\/7767656666666666.png","datePublished":"2026-04-14T09:07:19+00:00","dateModified":"2026-04-14T12:05:48+00:00","breadcrumb":{"@id":"https:\/\/stilanddesign.se\/produkt\/%e2%9c%a8-elegant-jacka-i-mjuk-kvalitet-marta-du-chateau-%e2%9c%a8-4\/#breadcrumb"},"inLanguage":"en-US","potentialAction":[{"@type":"ReadAction","target":["https:\/\/stilanddesign.se\/produkt\/%e2%9c%a8-elegant-jacka-i-mjuk-kvalitet-marta-du-chateau-%e2%9c%a8-4\/"]}]},{"@type":"ImageObject","inLanguage":"en-US","@id":"https:\/\/stilanddesign.se\/produkt\/%e2%9c%a8-elegant-jacka-i-mjuk-kvalitet-marta-du-chateau-%e2%9c%a8-4\/#primaryimage","url":"https:\/\/stilanddesign.se\/wp-content\/uploads\/2026\/02\/7767656666666666.png","contentUrl":"https:\/\/stilanddesign.se\/wp-content\/uploads\/2026\/02\/7767656666666666.png","width":640,"height":640,"caption":"Elegant jacka i mjuk kvalite"},{"@type":"BreadcrumbList","@id":"https:\/\/stilanddesign.se\/produkt\/%e2%9c%a8-elegant-jacka-i-mjuk-kvalitet-marta-du-chateau-%e2%9c%a8-4\/#breadcrumb","itemListElement":[{"@type":"ListItem","position":1,"name":"Hem","item":"https:\/\/stilanddesign.se\/"},{"@type":"ListItem","position":2,"name":"Butiken","item":"https:\/\/stilanddesign.se\/butiken\/"},{"@type":"ListItem","position":3,"name":"\u2728 Elegant jacka i mjuk kvalitet \u2013 Marta du Ch\u00e2teau \u2728"}]},{"@type":"WebSite","@id":"https:\/\/stilanddesign.se\/#website","url":"https:\/\/stilanddesign.se\/","name":"Style &amp; Design","description":"For those of us who love fashion!","publisher":{"@id":"https:\/\/stilanddesign.se\/#organization"},"potentialAction":[{"@type":"SearchAction","target":{"@type":"EntryPoint","urlTemplate":"https:\/\/stilanddesign.se\/?s={search_term_string}"},"query-input":{"@type":"PropertyValueSpecification","valueRequired":true,"valueName":"search_term_string"}}],"inLanguage":"en-US"},{"@type":"Organization","@id":"https:\/\/stilanddesign.se\/#organization","name":"Style &amp; Design","url":"https:\/\/stilanddesign.se\/","logo":{"@type":"ImageObject","inLanguage":"en-US","@id":"https:\/\/stilanddesign.se\/#\/schema\/logo\/image\/","url":"https:\/\/stilanddesign.se\/wp-content\/uploads\/2023\/12\/output-onlinepngtools-e1727784413220.png","contentUrl":"https:\/\/stilanddesign.se\/wp-content\/uploads\/2023\/12\/output-onlinepngtools-e1727784413220.png","width":519,"height":135,"caption":"Stil &amp; Design"},"image":{"@id":"https:\/\/stilanddesign.se\/#\/schema\/logo\/image\/"}}]}},"_links":{"self":[{"href":"https:\/\/stilanddesign.se\/en\/wp-json\/wp\/v2\/product\/1064189","targetHints":{"allow":["GET"]}}],"collection":[{"href":"https:\/\/stilanddesign.se\/en\/wp-json\/wp\/v2\/product"}],"about":[{"href":"https:\/\/stilanddesign.se\/en\/wp-json\/wp\/v2\/types\/product"}],"replies":[{"embeddable":true,"href":"https:\/\/stilanddesign.se\/en\/wp-json\/wp\/v2\/comments?post=1064189"}],"wp:featuredmedia":[{"embeddable":true,"href":"https:\/\/stilanddesign.se\/en\/wp-json\/wp\/v2\/media\/1064206"}],"wp:attachment":[{"href":"https:\/\/stilanddesign.se\/en\/wp-json\/wp\/v2\/media?parent=1064189"}],"wp:term":[{"taxonomy":"product_brand","embeddable":true,"href":"https:\/\/stilanddesign.se\/en\/wp-json\/wp\/v2\/product_brand?post=1064189"},{"taxonomy":"product_cat","embeddable":true,"href":"https:\/\/stilanddesign.se\/en\/wp-json\/wp\/v2\/product_cat?post=1064189"},{"taxonomy":"product_tag","embeddable":true,"href":"https:\/\/stilanddesign.se\/en\/wp-json\/wp\/v2\/product_tag?post=1064189"}],"curies":[{"name":"wp","href":"https:\/\/api.w.org\/{rel}","templated":true}]}}