{"id":1064132,"date":"2026-02-05T14:27:04","date_gmt":"2026-02-05T13:27:04","guid":{"rendered":"https:\/\/stilanddesign.se\/?post_type=product&#038;p=1064132"},"modified":"2026-04-04T10:42:45","modified_gmt":"2026-04-04T08:42:45","slug":"feminin-klanning-i-abstrakt-monster","status":"publish","type":"product","link":"https:\/\/stilanddesign.se\/en\/product\/feminin-klanning-i-abstrakt-monster\/","title":{"rendered":"Feminine dress in abstract pattern"},"content":{"rendered":"<p>Feminine dress in an abstract pattern with puff sleeves and a v-neck. Satin dress with elastic in the back and slit - elegant and flattering fit.<\/p>\n<p><span data-sheets-root=\"1\">Elegant and feminine dress in a beautiful abstract pattern, made of a luxurious satin quality that gives a soft fall and an exclusive shine. The dress has a v-neck at the front and has a slightly sloping cut under the bust with a cut that highlights the figure and creates a flattering silhouette. At the back there is a cut with sewn-in elastic that provides both comfort and shape. The skirt part is slightly A-line shaped with a discreet slit on the left side that gives movement and an elegant expression. The 3\/4-length puff sleeves have extra volume and are finished with a soft elastic band for a feminine and flexible fit.<\/span><\/p>\n<p>Quality: 100% polyester satin.<br \/>\nLength: 134 cm from the shoulder in size M.<br \/>\nThe model is 170 cm and wears size S.<\/p>","protected":false},"excerpt":{"rendered":"<p>Feminine dress in an abstract pattern with puff sleeves and a v-neck. Satin dress with elastic in the back and slit - elegant and flattering fit.<\/p>\n<p><span data-sheets-root=\"1\">Elegant and feminine dress in a beautiful abstract pattern, made of a luxurious satin quality that gives a soft fall and an exclusive shine. The dress has a v-neck at the front and has a slightly sloping cut under the bust with a cut that highlights the figure and creates a flattering silhouette. At the back there is a cut with sewn-in elastic that provides both comfort and shape. The skirt part is slightly A-line shaped with a discreet slit on the left side that gives movement and an elegant expression. The 3\/4-length puff sleeves have extra volume and are finished with a soft elastic band for a feminine and flexible fit.<\/span><\/p>\n<p>Quality: 100% polyester satin.<br \/>\nLength: 134 cm from the shoulder in size M.<br \/>\nThe model is 170 cm and wears size S.<\/p>","protected":false},"featured_media":1064123,"comment_status":"closed","ping_status":"closed","template":"","meta":[],"product_brand":[],"product_cat":[215],"product_tag":[],"class_list":{"0":"post-1064132","1":"product","2":"type-product","3":"status-publish","4":"has-post-thumbnail","6":"product_cat-klanningar","8":"first","9":"instock","10":"taxable","11":"shipping-taxable","12":"purchasable","13":"product-type-variable"},"yoast_head":"<!-- This site is optimized with the Yoast SEO Premium plugin v27.4 (Yoast SEO v27.5) - https:\/\/yoast.com\/product\/yoast-seo-premium-wordpress\/ -->\n<title>Feminin kl\u00e4nning i abstrakt m\u00f6nster - Stil &amp; Design<\/title>\n<meta name=\"robots\" content=\"index, follow, max-snippet:-1, max-image-preview:large, max-video-preview:-1\" \/>\n<link rel=\"canonical\" href=\"https:\/\/stilanddesign.se\/en\/product\/feminin-klanning-i-abstrakt-monster\/\" \/>\n<meta property=\"og:locale\" content=\"en_US\" \/>\n<meta property=\"og:type\" content=\"article\" \/>\n<meta property=\"og:title\" content=\"Feminin kl\u00e4nning i abstrakt m\u00f6nster\" \/>\n<meta property=\"og:description\" content=\"Feminin kl\u00e4nning i abstrakt m\u00f6nster med puff\u00e4rmar och v-ringning. Satinkl\u00e4nning med res\u00e5r i ryggen och slits \u2013 elegant och smickrande passform.  Elegant och feminin kl\u00e4nning i ett vackert abstrakt m\u00f6nster, tillverkad i en lyxig satinkvalit\u00e9 som ger ett mjukt fall och en exklusiv glans. Kl\u00e4nningen \u00e4r v-ringad framtill och har en l\u00e4tt sluttande avsk\u00e4rning under bysten med insnitt som framh\u00e4ver figuren och skapar en smickrande siluett. Baktill finns en avsk\u00e4rning med insytt res\u00e5r som ger b\u00e5de komfort och form. Kjoldelen \u00e4r l\u00e4tt A-linjeformad med en diskret slits p\u00e5 v\u00e4nster sida som ger r\u00f6relse och ett elegant uttryck. De 3\/4-dels l\u00e5nga puff\u00e4rmarna har extra volym och avslutas med mjukt res\u00e5rband f\u00f6r en feminin och f\u00f6ljsam passform.  Kvalit\u00e9: 100% polyester satin. L\u00e4ngd: 134 cm fr\u00e5n axeln i storlek M. Modellen \u00e4r 170 cm och b\u00e4r storlek S.\" \/>\n<meta property=\"og:url\" content=\"https:\/\/stilanddesign.se\/en\/product\/feminin-klanning-i-abstrakt-monster\/\" \/>\n<meta property=\"og:site_name\" content=\"Stil &amp; Design\" \/>\n<meta property=\"article:modified_time\" content=\"2026-04-04T08:42:45+00:00\" \/>\n<meta property=\"og:image\" content=\"https:\/\/stilanddesign.se\/wp-content\/uploads\/2026\/02\/7767654.jpg\" \/>\n\t<meta property=\"og:image:width\" content=\"900\" \/>\n\t<meta property=\"og:image:height\" content=\"1350\" \/>\n\t<meta property=\"og:image:type\" content=\"image\/jpeg\" \/>\n<meta name=\"twitter:card\" content=\"summary_large_image\" \/>\n<meta name=\"twitter:label1\" content=\"Est. reading time\" \/>\n\t<meta name=\"twitter:data1\" content=\"1 minute\" \/>\n<script type=\"application\/ld+json\" class=\"yoast-schema-graph\">{\"@context\":\"https:\\\/\\\/schema.org\",\"@graph\":[{\"@type\":\"WebPage\",\"@id\":\"https:\\\/\\\/stilanddesign.se\\\/produkt\\\/feminin-klanning-i-abstrakt-monster\\\/\",\"url\":\"https:\\\/\\\/stilanddesign.se\\\/produkt\\\/feminin-klanning-i-abstrakt-monster\\\/\",\"name\":\"Feminin kl\u00e4nning i abstrakt m\u00f6nster - Stil &amp; Design\",\"isPartOf\":{\"@id\":\"https:\\\/\\\/stilanddesign.se\\\/#website\"},\"primaryImageOfPage\":{\"@id\":\"https:\\\/\\\/stilanddesign.se\\\/produkt\\\/feminin-klanning-i-abstrakt-monster\\\/#primaryimage\"},\"image\":{\"@id\":\"https:\\\/\\\/stilanddesign.se\\\/produkt\\\/feminin-klanning-i-abstrakt-monster\\\/#primaryimage\"},\"thumbnailUrl\":\"https:\\\/\\\/stilanddesign.se\\\/wp-content\\\/uploads\\\/2026\\\/02\\\/7767654.jpg\",\"datePublished\":\"2026-02-05T13:27:04+00:00\",\"dateModified\":\"2026-04-04T08:42:45+00:00\",\"breadcrumb\":{\"@id\":\"https:\\\/\\\/stilanddesign.se\\\/produkt\\\/feminin-klanning-i-abstrakt-monster\\\/#breadcrumb\"},\"inLanguage\":\"en-US\",\"potentialAction\":[{\"@type\":\"ReadAction\",\"target\":[\"https:\\\/\\\/stilanddesign.se\\\/produkt\\\/feminin-klanning-i-abstrakt-monster\\\/\"]}]},{\"@type\":\"ImageObject\",\"inLanguage\":\"en-US\",\"@id\":\"https:\\\/\\\/stilanddesign.se\\\/produkt\\\/feminin-klanning-i-abstrakt-monster\\\/#primaryimage\",\"url\":\"https:\\\/\\\/stilanddesign.se\\\/wp-content\\\/uploads\\\/2026\\\/02\\\/7767654.jpg\",\"contentUrl\":\"https:\\\/\\\/stilanddesign.se\\\/wp-content\\\/uploads\\\/2026\\\/02\\\/7767654.jpg\",\"width\":900,\"height\":1350,\"caption\":\"Feminin kl\u00e4nning i abstrakt m\u00f6nster\"},{\"@type\":\"BreadcrumbList\",\"@id\":\"https:\\\/\\\/stilanddesign.se\\\/produkt\\\/feminin-klanning-i-abstrakt-monster\\\/#breadcrumb\",\"itemListElement\":[{\"@type\":\"ListItem\",\"position\":1,\"name\":\"Hem\",\"item\":\"https:\\\/\\\/stilanddesign.se\\\/\"},{\"@type\":\"ListItem\",\"position\":2,\"name\":\"Butiken\",\"item\":\"https:\\\/\\\/stilanddesign.se\\\/butiken\\\/\"},{\"@type\":\"ListItem\",\"position\":3,\"name\":\"Feminin kl\u00e4nning i abstrakt m\u00f6nster\"}]},{\"@type\":\"WebSite\",\"@id\":\"https:\\\/\\\/stilanddesign.se\\\/#website\",\"url\":\"https:\\\/\\\/stilanddesign.se\\\/\",\"name\":\"Stil &amp; Design\",\"description\":\"F\u00f6r oss som \u00e4lskar mode!\",\"publisher\":{\"@id\":\"https:\\\/\\\/stilanddesign.se\\\/#organization\"},\"potentialAction\":[{\"@type\":\"SearchAction\",\"target\":{\"@type\":\"EntryPoint\",\"urlTemplate\":\"https:\\\/\\\/stilanddesign.se\\\/?s={search_term_string}\"},\"query-input\":{\"@type\":\"PropertyValueSpecification\",\"valueRequired\":true,\"valueName\":\"search_term_string\"}}],\"inLanguage\":\"en-US\"},{\"@type\":\"Organization\",\"@id\":\"https:\\\/\\\/stilanddesign.se\\\/#organization\",\"name\":\"Stil &amp; Design\",\"url\":\"https:\\\/\\\/stilanddesign.se\\\/\",\"logo\":{\"@type\":\"ImageObject\",\"inLanguage\":\"en-US\",\"@id\":\"https:\\\/\\\/stilanddesign.se\\\/#\\\/schema\\\/logo\\\/image\\\/\",\"url\":\"https:\\\/\\\/stilanddesign.se\\\/wp-content\\\/uploads\\\/2023\\\/12\\\/output-onlinepngtools-e1727784413220.png\",\"contentUrl\":\"https:\\\/\\\/stilanddesign.se\\\/wp-content\\\/uploads\\\/2023\\\/12\\\/output-onlinepngtools-e1727784413220.png\",\"width\":519,\"height\":135,\"caption\":\"Stil &amp; Design\"},\"image\":{\"@id\":\"https:\\\/\\\/stilanddesign.se\\\/#\\\/schema\\\/logo\\\/image\\\/\"}}]}<\/script>\n<!-- \/ Yoast SEO Premium plugin. -->","yoast_head_json":{"title":"Feminin kl\u00e4nning i abstrakt m\u00f6nster - Stil &amp; Design","robots":{"index":"index","follow":"follow","max-snippet":"max-snippet:-1","max-image-preview":"max-image-preview:large","max-video-preview":"max-video-preview:-1"},"canonical":"https:\/\/stilanddesign.se\/en\/product\/feminin-klanning-i-abstrakt-monster\/","og_locale":"en_US","og_type":"article","og_title":"Feminin kl\u00e4nning i abstrakt m\u00f6nster","og_description":"Feminin kl\u00e4nning i abstrakt m\u00f6nster med puff\u00e4rmar och v-ringning. Satinkl\u00e4nning med res\u00e5r i ryggen och slits \u2013 elegant och smickrande passform.  Elegant och feminin kl\u00e4nning i ett vackert abstrakt m\u00f6nster, tillverkad i en lyxig satinkvalit\u00e9 som ger ett mjukt fall och en exklusiv glans. Kl\u00e4nningen \u00e4r v-ringad framtill och har en l\u00e4tt sluttande avsk\u00e4rning under bysten med insnitt som framh\u00e4ver figuren och skapar en smickrande siluett. Baktill finns en avsk\u00e4rning med insytt res\u00e5r som ger b\u00e5de komfort och form. Kjoldelen \u00e4r l\u00e4tt A-linjeformad med en diskret slits p\u00e5 v\u00e4nster sida som ger r\u00f6relse och ett elegant uttryck. De 3\/4-dels l\u00e5nga puff\u00e4rmarna har extra volym och avslutas med mjukt res\u00e5rband f\u00f6r en feminin och f\u00f6ljsam passform.  Kvalit\u00e9: 100% polyester satin. L\u00e4ngd: 134 cm fr\u00e5n axeln i storlek M. Modellen \u00e4r 170 cm och b\u00e4r storlek S.","og_url":"https:\/\/stilanddesign.se\/en\/product\/feminin-klanning-i-abstrakt-monster\/","og_site_name":"Stil &amp; Design","article_modified_time":"2026-04-04T08:42:45+00:00","og_image":[{"width":900,"height":1350,"url":"https:\/\/stilanddesign.se\/wp-content\/uploads\/2026\/02\/7767654.jpg","type":"image\/jpeg"}],"twitter_card":"summary_large_image","twitter_misc":{"Est. reading time":"1 minute"},"schema":{"@context":"https:\/\/schema.org","@graph":[{"@type":"WebPage","@id":"https:\/\/stilanddesign.se\/produkt\/feminin-klanning-i-abstrakt-monster\/","url":"https:\/\/stilanddesign.se\/produkt\/feminin-klanning-i-abstrakt-monster\/","name":"Feminin kl\u00e4nning i abstrakt m\u00f6nster - Stil &amp; Design","isPartOf":{"@id":"https:\/\/stilanddesign.se\/#website"},"primaryImageOfPage":{"@id":"https:\/\/stilanddesign.se\/produkt\/feminin-klanning-i-abstrakt-monster\/#primaryimage"},"image":{"@id":"https:\/\/stilanddesign.se\/produkt\/feminin-klanning-i-abstrakt-monster\/#primaryimage"},"thumbnailUrl":"https:\/\/stilanddesign.se\/wp-content\/uploads\/2026\/02\/7767654.jpg","datePublished":"2026-02-05T13:27:04+00:00","dateModified":"2026-04-04T08:42:45+00:00","breadcrumb":{"@id":"https:\/\/stilanddesign.se\/produkt\/feminin-klanning-i-abstrakt-monster\/#breadcrumb"},"inLanguage":"en-US","potentialAction":[{"@type":"ReadAction","target":["https:\/\/stilanddesign.se\/produkt\/feminin-klanning-i-abstrakt-monster\/"]}]},{"@type":"ImageObject","inLanguage":"en-US","@id":"https:\/\/stilanddesign.se\/produkt\/feminin-klanning-i-abstrakt-monster\/#primaryimage","url":"https:\/\/stilanddesign.se\/wp-content\/uploads\/2026\/02\/7767654.jpg","contentUrl":"https:\/\/stilanddesign.se\/wp-content\/uploads\/2026\/02\/7767654.jpg","width":900,"height":1350,"caption":"Feminin kl\u00e4nning i abstrakt m\u00f6nster"},{"@type":"BreadcrumbList","@id":"https:\/\/stilanddesign.se\/produkt\/feminin-klanning-i-abstrakt-monster\/#breadcrumb","itemListElement":[{"@type":"ListItem","position":1,"name":"Hem","item":"https:\/\/stilanddesign.se\/"},{"@type":"ListItem","position":2,"name":"Butiken","item":"https:\/\/stilanddesign.se\/butiken\/"},{"@type":"ListItem","position":3,"name":"Feminin kl\u00e4nning i abstrakt m\u00f6nster"}]},{"@type":"WebSite","@id":"https:\/\/stilanddesign.se\/#website","url":"https:\/\/stilanddesign.se\/","name":"Style &amp; Design","description":"For those of us who love fashion!","publisher":{"@id":"https:\/\/stilanddesign.se\/#organization"},"potentialAction":[{"@type":"SearchAction","target":{"@type":"EntryPoint","urlTemplate":"https:\/\/stilanddesign.se\/?s={search_term_string}"},"query-input":{"@type":"PropertyValueSpecification","valueRequired":true,"valueName":"search_term_string"}}],"inLanguage":"en-US"},{"@type":"Organization","@id":"https:\/\/stilanddesign.se\/#organization","name":"Style &amp; Design","url":"https:\/\/stilanddesign.se\/","logo":{"@type":"ImageObject","inLanguage":"en-US","@id":"https:\/\/stilanddesign.se\/#\/schema\/logo\/image\/","url":"https:\/\/stilanddesign.se\/wp-content\/uploads\/2023\/12\/output-onlinepngtools-e1727784413220.png","contentUrl":"https:\/\/stilanddesign.se\/wp-content\/uploads\/2023\/12\/output-onlinepngtools-e1727784413220.png","width":519,"height":135,"caption":"Stil &amp; Design"},"image":{"@id":"https:\/\/stilanddesign.se\/#\/schema\/logo\/image\/"}}]}},"_links":{"self":[{"href":"https:\/\/stilanddesign.se\/en\/wp-json\/wp\/v2\/product\/1064132","targetHints":{"allow":["GET"]}}],"collection":[{"href":"https:\/\/stilanddesign.se\/en\/wp-json\/wp\/v2\/product"}],"about":[{"href":"https:\/\/stilanddesign.se\/en\/wp-json\/wp\/v2\/types\/product"}],"replies":[{"embeddable":true,"href":"https:\/\/stilanddesign.se\/en\/wp-json\/wp\/v2\/comments?post=1064132"}],"wp:featuredmedia":[{"embeddable":true,"href":"https:\/\/stilanddesign.se\/en\/wp-json\/wp\/v2\/media\/1064123"}],"wp:attachment":[{"href":"https:\/\/stilanddesign.se\/en\/wp-json\/wp\/v2\/media?parent=1064132"}],"wp:term":[{"taxonomy":"product_brand","embeddable":true,"href":"https:\/\/stilanddesign.se\/en\/wp-json\/wp\/v2\/product_brand?post=1064132"},{"taxonomy":"product_cat","embeddable":true,"href":"https:\/\/stilanddesign.se\/en\/wp-json\/wp\/v2\/product_cat?post=1064132"},{"taxonomy":"product_tag","embeddable":true,"href":"https:\/\/stilanddesign.se\/en\/wp-json\/wp\/v2\/product_tag?post=1064132"}],"curies":[{"name":"wp","href":"https:\/\/api.w.org\/{rel}","templated":true}]}}