{"id":1064087,"date":"2026-02-05T13:21:49","date_gmt":"2026-02-05T12:21:49","guid":{"rendered":"https:\/\/stilanddesign.se\/?post_type=product&#038;p=1064087"},"modified":"2026-03-09T18:53:30","modified_gmt":"2026-03-09T17:53:30","slug":"glittrande-orhangen-med-rund-hangande-detalj","status":"publish","type":"product","link":"https:\/\/stilanddesign.se\/en\/product\/glittrande-orhangen-med-rund-hangande-detalj\/","title":{"rendered":"Sparkling earrings with round dangling detail"},"content":{"rendered":"<p>Sparkling earrings with a round dangling detail, adorned with small stones that catch the light beautifully. A timeless design that adds an elegant finish to any look.<\/p>\n<p>Material: Alloy, rhinestone<\/p>\n<p>Nickel and cadmium free<\/p>\n<p>NOTE!! NO EXCHANGE, NO RETURN on the earrings<\/p>","protected":false},"excerpt":{"rendered":"<p>Sparkling earrings with a round dangling detail, adorned with small stones that catch the light beautifully. A timeless design that adds an elegant finish to any look.<\/p>\n<p>Material: Alloy, rhinestone<\/p>\n<p>Nickel and cadmium free<\/p>\n<p>NOTE!! NO EXCHANGE, NO RETURN on the earrings<\/p>","protected":false},"featured_media":1064086,"comment_status":"closed","ping_status":"closed","template":"","meta":[],"product_brand":[],"product_cat":[231],"product_tag":[],"class_list":{"0":"post-1064087","1":"product","2":"type-product","3":"status-publish","4":"has-post-thumbnail","6":"product_cat-smycken","8":"first","9":"instock","10":"taxable","11":"shipping-taxable","12":"purchasable","13":"product-type-variable"},"yoast_head":"<!-- This site is optimized with the Yoast SEO Premium plugin v27.1 (Yoast SEO v27.4) - https:\/\/yoast.com\/product\/yoast-seo-premium-wordpress\/ -->\n<title>Glittrande \u00f6rh\u00e4ngen med rund h\u00e4ngande detalj - Stil &amp; Design<\/title>\n<meta name=\"robots\" content=\"index, follow, max-snippet:-1, max-image-preview:large, max-video-preview:-1\" \/>\n<link rel=\"canonical\" href=\"https:\/\/stilanddesign.se\/en\/product\/glittrande-orhangen-med-rund-hangande-detalj\/\" \/>\n<meta property=\"og:locale\" content=\"en_US\" \/>\n<meta property=\"og:type\" content=\"article\" \/>\n<meta property=\"og:title\" content=\"Glittrande \u00f6rh\u00e4ngen med rund h\u00e4ngande detalj\" \/>\n<meta property=\"og:description\" content=\"Glittrande \u00f6rh\u00e4ngen med rund h\u00e4ngande detalj, prydd med sm\u00e5 stenar som f\u00e5ngar ljuset vackert. En tidl\u00f6s design som ger en elegant finish till varje look.  Material: Legering, strass  Nickel och kadiumfria  OBS!!\u00a0 EJ BYTE,RETURR\u00c4TT p\u00e5 \u00f6rh\u00e4ngena\" \/>\n<meta property=\"og:url\" content=\"https:\/\/stilanddesign.se\/en\/product\/glittrande-orhangen-med-rund-hangande-detalj\/\" \/>\n<meta property=\"og:site_name\" content=\"Stil &amp; Design\" \/>\n<meta property=\"article:modified_time\" content=\"2026-03-09T17:53:30+00:00\" \/>\n<meta name=\"twitter:card\" content=\"summary_large_image\" \/>\n<meta name=\"twitter:label1\" content=\"Est. reading time\" \/>\n\t<meta name=\"twitter:data1\" content=\"1 minute\" \/>\n<script type=\"application\/ld+json\" class=\"yoast-schema-graph\">{\"@context\":\"https:\\\/\\\/schema.org\",\"@graph\":[{\"@type\":\"WebPage\",\"@id\":\"https:\\\/\\\/stilanddesign.se\\\/produkt\\\/glittrande-orhangen-med-rund-hangande-detalj\\\/\",\"url\":\"https:\\\/\\\/stilanddesign.se\\\/produkt\\\/glittrande-orhangen-med-rund-hangande-detalj\\\/\",\"name\":\"Glittrande \u00f6rh\u00e4ngen med rund h\u00e4ngande detalj - Stil &amp; Design\",\"isPartOf\":{\"@id\":\"https:\\\/\\\/stilanddesign.se\\\/#website\"},\"primaryImageOfPage\":{\"@id\":\"https:\\\/\\\/stilanddesign.se\\\/produkt\\\/glittrande-orhangen-med-rund-hangande-detalj\\\/#primaryimage\"},\"image\":{\"@id\":\"https:\\\/\\\/stilanddesign.se\\\/produkt\\\/glittrande-orhangen-med-rund-hangande-detalj\\\/#primaryimage\"},\"thumbnailUrl\":\"https:\\\/\\\/stilanddesign.se\\\/wp-content\\\/uploads\\\/2026\\\/02\\\/443432222222.avif\",\"datePublished\":\"2026-02-05T12:21:49+00:00\",\"dateModified\":\"2026-03-09T17:53:30+00:00\",\"breadcrumb\":{\"@id\":\"https:\\\/\\\/stilanddesign.se\\\/produkt\\\/glittrande-orhangen-med-rund-hangande-detalj\\\/#breadcrumb\"},\"inLanguage\":\"en-US\",\"potentialAction\":[{\"@type\":\"ReadAction\",\"target\":[\"https:\\\/\\\/stilanddesign.se\\\/produkt\\\/glittrande-orhangen-med-rund-hangande-detalj\\\/\"]}]},{\"@type\":\"ImageObject\",\"inLanguage\":\"en-US\",\"@id\":\"https:\\\/\\\/stilanddesign.se\\\/produkt\\\/glittrande-orhangen-med-rund-hangande-detalj\\\/#primaryimage\",\"url\":\"https:\\\/\\\/stilanddesign.se\\\/wp-content\\\/uploads\\\/2026\\\/02\\\/443432222222.avif\",\"contentUrl\":\"https:\\\/\\\/stilanddesign.se\\\/wp-content\\\/uploads\\\/2026\\\/02\\\/443432222222.avif\",\"width\":1440,\"height\":1440,\"caption\":\"Glittrande \u00f6rh\u00e4ngen med rund h\u00e4ngande deatlj\"},{\"@type\":\"BreadcrumbList\",\"@id\":\"https:\\\/\\\/stilanddesign.se\\\/produkt\\\/glittrande-orhangen-med-rund-hangande-detalj\\\/#breadcrumb\",\"itemListElement\":[{\"@type\":\"ListItem\",\"position\":1,\"name\":\"Hem\",\"item\":\"https:\\\/\\\/stilanddesign.se\\\/\"},{\"@type\":\"ListItem\",\"position\":2,\"name\":\"Butiken\",\"item\":\"https:\\\/\\\/stilanddesign.se\\\/butiken\\\/\"},{\"@type\":\"ListItem\",\"position\":3,\"name\":\"Glittrande \u00f6rh\u00e4ngen med rund h\u00e4ngande detalj\"}]},{\"@type\":\"WebSite\",\"@id\":\"https:\\\/\\\/stilanddesign.se\\\/#website\",\"url\":\"https:\\\/\\\/stilanddesign.se\\\/\",\"name\":\"Stil &amp; Design\",\"description\":\"F\u00f6r oss som \u00e4lskar mode!\",\"publisher\":{\"@id\":\"https:\\\/\\\/stilanddesign.se\\\/#organization\"},\"potentialAction\":[{\"@type\":\"SearchAction\",\"target\":{\"@type\":\"EntryPoint\",\"urlTemplate\":\"https:\\\/\\\/stilanddesign.se\\\/?s={search_term_string}\"},\"query-input\":{\"@type\":\"PropertyValueSpecification\",\"valueRequired\":true,\"valueName\":\"search_term_string\"}}],\"inLanguage\":\"en-US\"},{\"@type\":\"Organization\",\"@id\":\"https:\\\/\\\/stilanddesign.se\\\/#organization\",\"name\":\"Stil &amp; Design\",\"url\":\"https:\\\/\\\/stilanddesign.se\\\/\",\"logo\":{\"@type\":\"ImageObject\",\"inLanguage\":\"en-US\",\"@id\":\"https:\\\/\\\/stilanddesign.se\\\/#\\\/schema\\\/logo\\\/image\\\/\",\"url\":\"https:\\\/\\\/stilanddesign.se\\\/wp-content\\\/uploads\\\/2023\\\/12\\\/output-onlinepngtools-e1727784413220.png\",\"contentUrl\":\"https:\\\/\\\/stilanddesign.se\\\/wp-content\\\/uploads\\\/2023\\\/12\\\/output-onlinepngtools-e1727784413220.png\",\"width\":519,\"height\":135,\"caption\":\"Stil &amp; Design\"},\"image\":{\"@id\":\"https:\\\/\\\/stilanddesign.se\\\/#\\\/schema\\\/logo\\\/image\\\/\"}}]}<\/script>\n<!-- \/ Yoast SEO Premium plugin. -->","yoast_head_json":{"title":"Glittrande \u00f6rh\u00e4ngen med rund h\u00e4ngande detalj - Stil &amp; Design","robots":{"index":"index","follow":"follow","max-snippet":"max-snippet:-1","max-image-preview":"max-image-preview:large","max-video-preview":"max-video-preview:-1"},"canonical":"https:\/\/stilanddesign.se\/en\/product\/glittrande-orhangen-med-rund-hangande-detalj\/","og_locale":"en_US","og_type":"article","og_title":"Glittrande \u00f6rh\u00e4ngen med rund h\u00e4ngande detalj","og_description":"Glittrande \u00f6rh\u00e4ngen med rund h\u00e4ngande detalj, prydd med sm\u00e5 stenar som f\u00e5ngar ljuset vackert. En tidl\u00f6s design som ger en elegant finish till varje look.  Material: Legering, strass  Nickel och kadiumfria  OBS!!\u00a0 EJ BYTE,RETURR\u00c4TT p\u00e5 \u00f6rh\u00e4ngena","og_url":"https:\/\/stilanddesign.se\/en\/product\/glittrande-orhangen-med-rund-hangande-detalj\/","og_site_name":"Stil &amp; Design","article_modified_time":"2026-03-09T17:53:30+00:00","twitter_card":"summary_large_image","twitter_misc":{"Est. reading time":"1 minute"},"schema":{"@context":"https:\/\/schema.org","@graph":[{"@type":"WebPage","@id":"https:\/\/stilanddesign.se\/produkt\/glittrande-orhangen-med-rund-hangande-detalj\/","url":"https:\/\/stilanddesign.se\/produkt\/glittrande-orhangen-med-rund-hangande-detalj\/","name":"Glittrande \u00f6rh\u00e4ngen med rund h\u00e4ngande detalj - Stil &amp; Design","isPartOf":{"@id":"https:\/\/stilanddesign.se\/#website"},"primaryImageOfPage":{"@id":"https:\/\/stilanddesign.se\/produkt\/glittrande-orhangen-med-rund-hangande-detalj\/#primaryimage"},"image":{"@id":"https:\/\/stilanddesign.se\/produkt\/glittrande-orhangen-med-rund-hangande-detalj\/#primaryimage"},"thumbnailUrl":"https:\/\/stilanddesign.se\/wp-content\/uploads\/2026\/02\/443432222222.avif","datePublished":"2026-02-05T12:21:49+00:00","dateModified":"2026-03-09T17:53:30+00:00","breadcrumb":{"@id":"https:\/\/stilanddesign.se\/produkt\/glittrande-orhangen-med-rund-hangande-detalj\/#breadcrumb"},"inLanguage":"en-US","potentialAction":[{"@type":"ReadAction","target":["https:\/\/stilanddesign.se\/produkt\/glittrande-orhangen-med-rund-hangande-detalj\/"]}]},{"@type":"ImageObject","inLanguage":"en-US","@id":"https:\/\/stilanddesign.se\/produkt\/glittrande-orhangen-med-rund-hangande-detalj\/#primaryimage","url":"https:\/\/stilanddesign.se\/wp-content\/uploads\/2026\/02\/443432222222.avif","contentUrl":"https:\/\/stilanddesign.se\/wp-content\/uploads\/2026\/02\/443432222222.avif","width":1440,"height":1440,"caption":"Glittrande \u00f6rh\u00e4ngen med rund h\u00e4ngande deatlj"},{"@type":"BreadcrumbList","@id":"https:\/\/stilanddesign.se\/produkt\/glittrande-orhangen-med-rund-hangande-detalj\/#breadcrumb","itemListElement":[{"@type":"ListItem","position":1,"name":"Hem","item":"https:\/\/stilanddesign.se\/"},{"@type":"ListItem","position":2,"name":"Butiken","item":"https:\/\/stilanddesign.se\/butiken\/"},{"@type":"ListItem","position":3,"name":"Glittrande \u00f6rh\u00e4ngen med rund h\u00e4ngande detalj"}]},{"@type":"WebSite","@id":"https:\/\/stilanddesign.se\/#website","url":"https:\/\/stilanddesign.se\/","name":"Style &amp; Design","description":"For those of us who love fashion!","publisher":{"@id":"https:\/\/stilanddesign.se\/#organization"},"potentialAction":[{"@type":"SearchAction","target":{"@type":"EntryPoint","urlTemplate":"https:\/\/stilanddesign.se\/?s={search_term_string}"},"query-input":{"@type":"PropertyValueSpecification","valueRequired":true,"valueName":"search_term_string"}}],"inLanguage":"en-US"},{"@type":"Organization","@id":"https:\/\/stilanddesign.se\/#organization","name":"Style &amp; Design","url":"https:\/\/stilanddesign.se\/","logo":{"@type":"ImageObject","inLanguage":"en-US","@id":"https:\/\/stilanddesign.se\/#\/schema\/logo\/image\/","url":"https:\/\/stilanddesign.se\/wp-content\/uploads\/2023\/12\/output-onlinepngtools-e1727784413220.png","contentUrl":"https:\/\/stilanddesign.se\/wp-content\/uploads\/2023\/12\/output-onlinepngtools-e1727784413220.png","width":519,"height":135,"caption":"Stil &amp; Design"},"image":{"@id":"https:\/\/stilanddesign.se\/#\/schema\/logo\/image\/"}}]}},"_links":{"self":[{"href":"https:\/\/stilanddesign.se\/en\/wp-json\/wp\/v2\/product\/1064087","targetHints":{"allow":["GET"]}}],"collection":[{"href":"https:\/\/stilanddesign.se\/en\/wp-json\/wp\/v2\/product"}],"about":[{"href":"https:\/\/stilanddesign.se\/en\/wp-json\/wp\/v2\/types\/product"}],"replies":[{"embeddable":true,"href":"https:\/\/stilanddesign.se\/en\/wp-json\/wp\/v2\/comments?post=1064087"}],"wp:featuredmedia":[{"embeddable":true,"href":"https:\/\/stilanddesign.se\/en\/wp-json\/wp\/v2\/media\/1064086"}],"wp:attachment":[{"href":"https:\/\/stilanddesign.se\/en\/wp-json\/wp\/v2\/media?parent=1064087"}],"wp:term":[{"taxonomy":"product_brand","embeddable":true,"href":"https:\/\/stilanddesign.se\/en\/wp-json\/wp\/v2\/product_brand?post=1064087"},{"taxonomy":"product_cat","embeddable":true,"href":"https:\/\/stilanddesign.se\/en\/wp-json\/wp\/v2\/product_cat?post=1064087"},{"taxonomy":"product_tag","embeddable":true,"href":"https:\/\/stilanddesign.se\/en\/wp-json\/wp\/v2\/product_tag?post=1064087"}],"curies":[{"name":"wp","href":"https:\/\/api.w.org\/{rel}","templated":true}]}}