{"id":1063746,"date":"2026-04-07T11:34:39","date_gmt":"2026-04-07T09:34:39","guid":{"rendered":"https:\/\/stilanddesign.se\/?post_type=product&#038;p=1063746"},"modified":"2026-04-15T11:47:49","modified_gmt":"2026-04-15T09:47:49","slug":"1063746","status":"publish","type":"product","link":"https:\/\/stilanddesign.se\/en\/product\/1063746\/","title":{"rendered":"\u2600\ufe0f Jeans with Embroidery \u2013 7\/8 length \u2600\ufe0f"},"content":{"rendered":"<p data-start=\"143\" data-end=\"384\">\u2600\ufe0f <strong data-start=\"146\" data-end=\"191\">Jeans with Embroidery \u2013 7\/8 Length<\/strong> \u2600\ufe0f<br data-start=\"194\" data-end=\"197\" \/>These jeans are the definition of <strong data-start=\"228\" data-end=\"262\">summer style with that little something extra<\/strong> \ud83d\udc99<br data-start=\"265\" data-end=\"268\" \/>A feminine and stylish model with beautiful embroidered details at the bottom that gives a romantic and exclusive expression \ud83c\udf3c\u2728<\/p>\n<p data-start=\"386\" data-end=\"577\">The flattering 7\/8 length makes them perfect for sandals, heels or sneakers \u2013 just as stylish for everyday wear as they are on holiday \ud83c\udf34\ud83d\udc61<br data-start=\"521\" data-end=\"524\" \/>Stretchy material provides maximum comfort all day long \ud83d\ude4c<\/p>\n<p data-start=\"579\" data-end=\"753\">\u2728 <strong data-start=\"581\" data-end=\"604\">Details we love:<\/strong><br data-start=\"604\" data-end=\"607\" \/>\ud83c\udf38 Embroidered leg cuffs for a feminine touch<br data-start=\"648\" data-end=\"651\" \/>\ud83d\udc56 Trendy 7\/8 length<br data-start=\"671\" data-end=\"674\" \/>\ud83d\udc83 Comfortable fit with stretch<br data-start=\"704\" data-end=\"707\" \/>\ud83c\udf1e Perfect summer jeans \u2013 airy &amp; stylish<\/p>\n<p data-start=\"755\" data-end=\"847\">\ud83d\udccf <strong data-start=\"758\" data-end=\"770\">Size:<\/strong> XS\u2013XL<br data-start=\"776\" data-end=\"779\" \/>\ud83c\udfa8 <strong data-start=\"782\" data-end=\"793\">Colors:<\/strong><br data-start=\"793\" data-end=\"796\" \/>\ud83e\udd0d White | \ud83e\udd0e Beige | \ud83d\udda4 Black | \ud83d\udc99 Jeans | \ud83d\udc9a Green<\/p>\n<p data-start=\"849\" data-end=\"911\">\ud83e\uddf5 <strong data-start=\"852\" data-end=\"865\">Material:<\/strong><br data-start=\"865\" data-end=\"868\" \/>90 % cotton<br data-start=\"879\" data-end=\"882\" \/>8 % polyester<br data-start=\"895\" data-end=\"898\" \/>2 % elastane<\/p>\n<p data-start=\"913\" data-end=\"1085\" data-is-last-node=\"\" data-is-only-node=\"\">A pair of jeans that lifts the whole outfit \u2013 <strong data-start=\"954\" data-end=\"995\">simple, elegant and just right for the time<\/strong> \u2728<br data-start=\"997\" data-end=\"1000\" \/>Match with a top, blouse or knitwear and you&#039;re ready for all summer occasions \ud83c\udf1e\ud83d\udc9b<\/p>","protected":false},"excerpt":{"rendered":"<p data-start=\"143\" data-end=\"384\">\u2600\ufe0f<strong data-start=\"146\" data-end=\"191\">Jeans with Embroidery \u2013 7\/8 Length<\/strong> \u2600\ufe0f<br data-start=\"194\" data-end=\"197\" \/>These jeans are the definition of <strong data-start=\"228\" data-end=\"262\">summer style with that little something extra<\/strong> \ud83d\udc99<br data-start=\"265\" data-end=\"268\" \/>A feminine and stylish model with beautiful embroidered details at the bottom that gives a romantic and exclusive expression \ud83c\udf3c\u2728<\/p>\n<p data-start=\"386\" data-end=\"577\">The flattering 7\/8 length makes them perfect for sandals, heels or sneakers \u2013 just as stylish for everyday wear as they are on holiday \ud83c\udf34\ud83d\udc61<br data-start=\"521\" data-end=\"524\" \/>Stretchy material provides maximum comfort all day long \ud83d\ude4c<\/p>\n<p data-start=\"579\" data-end=\"753\">\u2728 <strong data-start=\"581\" data-end=\"604\">Details we love:<\/strong><br data-start=\"604\" data-end=\"607\" \/>\ud83c\udf38 Embroidered leg cuffs for a feminine touch<br data-start=\"648\" data-end=\"651\" \/>\ud83d\udc56 Trendy 7\/8 length<br data-start=\"671\" data-end=\"674\" \/>\ud83d\udc83 Comfortable fit with stretch<br data-start=\"704\" data-end=\"707\" \/>\ud83c\udf1e Perfect summer jeans \u2013 airy &amp; stylish<\/p>\n<p data-start=\"755\" data-end=\"847\">\ud83d\udccf <strong data-start=\"758\" data-end=\"770\">Size:<\/strong> XS\u2013XL<br data-start=\"776\" data-end=\"779\" \/>\ud83c\udfa8 <strong data-start=\"782\" data-end=\"793\">Colors:<\/strong><br data-start=\"793\" data-end=\"796\" \/>\ud83e\udd0d White | \ud83e\udd0e Beige | \ud83d\udda4 Black | \ud83d\udc99 Jeans | \ud83d\udc9a Green<\/p>\n<p data-start=\"849\" data-end=\"911\">\ud83e\uddf5 <strong data-start=\"852\" data-end=\"865\">Material:<\/strong><br data-start=\"865\" data-end=\"868\" \/>90 % cotton<br data-start=\"879\" data-end=\"882\" \/>8 % polyester<br data-start=\"895\" data-end=\"898\" \/>2 % elastane<\/p>\n<p data-start=\"913\" data-end=\"1085\" data-is-last-node=\"\" data-is-only-node=\"\">A pair of jeans that lifts the whole outfit \u2013 <strong data-start=\"954\" data-end=\"995\">simple, elegant and just right for the time<\/strong> \u2728<br data-start=\"997\" data-end=\"1000\" \/>Match with a top, blouse or knitwear and you&#039;re ready for all summer occasions \ud83c\udf1e\ud83d\udc9b<\/p>","protected":false},"featured_media":1063759,"comment_status":"closed","ping_status":"closed","template":"","meta":[],"product_brand":[],"product_cat":[209],"product_tag":[],"class_list":{"0":"post-1063746","1":"product","2":"type-product","3":"status-publish","4":"has-post-thumbnail","6":"product_cat-reaprodukter","8":"first","9":"instock","10":"sale","11":"taxable","12":"shipping-taxable","13":"purchasable","14":"product-type-variable"},"yoast_head":"<!-- This site is optimized with the Yoast SEO Premium plugin v27.4 (Yoast SEO v27.4) - https:\/\/yoast.com\/product\/yoast-seo-premium-wordpress\/ -->\n<title>\u2600\ufe0f Jeans med Brodyr \u2013 7\/8-dels l\u00e4ngd \u2600\ufe0f - Stil &amp; Design<\/title>\n<meta name=\"robots\" content=\"index, follow, max-snippet:-1, max-image-preview:large, max-video-preview:-1\" \/>\n<link rel=\"canonical\" href=\"https:\/\/stilanddesign.se\/en\/product\/1063746\/\" \/>\n<meta property=\"og:locale\" content=\"en_US\" \/>\n<meta property=\"og:type\" content=\"article\" \/>\n<meta property=\"og:title\" content=\"\u2600\ufe0f Jeans med Brodyr \u2013 7\/8-dels l\u00e4ngd \u2600\ufe0f\" \/>\n<meta property=\"og:description\" content=\"\u2600\ufe0fJeans med Brodyr \u2013 7\/8-dels l\u00e4ngd \u2600\ufe0fDessa jeans \u00e4r definitionen av sommarstil med det lilla extra \ud83d\udc99En feminin och stilren modell med vackra broderade detaljer nertill som ger ett romantiskt och exklusivt uttryck \ud83c\udf3c\u2728 Den smickrande 7\/8-dels l\u00e4ngden g\u00f6r dem perfekta till sandaler, klackar eller sneakers \u2013 lika snygga till vardags som p\u00e5 semestern \ud83c\udf34\ud83d\udc61Stretchigt material ger maximal komfort hela dagen \ud83d\ude4c \u2728 Detaljer vi \u00e4lskar:\ud83c\udf38 Broderade benslut f\u00f6r en feminin touch\ud83d\udc56 Trendig 7\/8-l\u00e4ngd\ud83d\udc83 Bekv\u00e4m passform med stretch\ud83c\udf1e Perfekta sommarjeans \u2013 luftiga &amp; stilrena \ud83d\udccf Storlek: XS\u2013XL\ud83c\udfa8 F\u00e4rger:\ud83e\udd0d Vit | \ud83e\udd0e Beige | \ud83d\udda4 Svart | \ud83d\udc99 Jeans | \ud83d\udc9a Gr\u00f6n \ud83e\uddf5 Material:90 % bomull8 % polyester2 % elastan Ett par jeans som lyfter hela outfiten \u2013 enkla, eleganta och helt r\u00e4tt i tiden \u2728Matcha med topp, blus eller stickat och du \u00e4r redo f\u00f6r sommarens alla tillf\u00e4llen \ud83c\udf1e\ud83d\udc9b\" \/>\n<meta property=\"og:url\" content=\"https:\/\/stilanddesign.se\/en\/product\/1063746\/\" \/>\n<meta property=\"og:site_name\" content=\"Stil &amp; Design\" \/>\n<meta property=\"article:modified_time\" content=\"2026-04-15T09:47:49+00:00\" \/>\n<meta property=\"og:image\" content=\"https:\/\/stilanddesign.se\/wp-content\/uploads\/2026\/02\/Svart-jeans-med-broderad-fall-vid-havet.png\" \/>\n\t<meta property=\"og:image:width\" content=\"1024\" \/>\n\t<meta property=\"og:image:height\" content=\"1536\" \/>\n\t<meta property=\"og:image:type\" content=\"image\/png\" \/>\n<meta name=\"twitter:card\" content=\"summary_large_image\" \/>\n<meta name=\"twitter:label1\" content=\"Est. reading time\" \/>\n\t<meta name=\"twitter:data1\" content=\"1 minute\" \/>\n<script type=\"application\/ld+json\" class=\"yoast-schema-graph\">{\"@context\":\"https:\\\/\\\/schema.org\",\"@graph\":[{\"@type\":\"WebPage\",\"@id\":\"https:\\\/\\\/stilanddesign.se\\\/produkt\\\/1063746\\\/\",\"url\":\"https:\\\/\\\/stilanddesign.se\\\/produkt\\\/1063746\\\/\",\"name\":\"\u2600\ufe0f Jeans med Brodyr \u2013 7\\\/8-dels l\u00e4ngd \u2600\ufe0f - Stil &amp; Design\",\"isPartOf\":{\"@id\":\"https:\\\/\\\/stilanddesign.se\\\/#website\"},\"primaryImageOfPage\":{\"@id\":\"https:\\\/\\\/stilanddesign.se\\\/produkt\\\/1063746\\\/#primaryimage\"},\"image\":{\"@id\":\"https:\\\/\\\/stilanddesign.se\\\/produkt\\\/1063746\\\/#primaryimage\"},\"thumbnailUrl\":\"https:\\\/\\\/stilanddesign.se\\\/wp-content\\\/uploads\\\/2026\\\/02\\\/Svart-jeans-med-broderad-fall-vid-havet.png\",\"datePublished\":\"2026-04-07T09:34:39+00:00\",\"dateModified\":\"2026-04-15T09:47:49+00:00\",\"breadcrumb\":{\"@id\":\"https:\\\/\\\/stilanddesign.se\\\/produkt\\\/1063746\\\/#breadcrumb\"},\"inLanguage\":\"en-US\",\"potentialAction\":[{\"@type\":\"ReadAction\",\"target\":[\"https:\\\/\\\/stilanddesign.se\\\/produkt\\\/1063746\\\/\"]}]},{\"@type\":\"ImageObject\",\"inLanguage\":\"en-US\",\"@id\":\"https:\\\/\\\/stilanddesign.se\\\/produkt\\\/1063746\\\/#primaryimage\",\"url\":\"https:\\\/\\\/stilanddesign.se\\\/wp-content\\\/uploads\\\/2026\\\/02\\\/Svart-jeans-med-broderad-fall-vid-havet.png\",\"contentUrl\":\"https:\\\/\\\/stilanddesign.se\\\/wp-content\\\/uploads\\\/2026\\\/02\\\/Svart-jeans-med-broderad-fall-vid-havet.png\",\"width\":1024,\"height\":1536},{\"@type\":\"BreadcrumbList\",\"@id\":\"https:\\\/\\\/stilanddesign.se\\\/produkt\\\/1063746\\\/#breadcrumb\",\"itemListElement\":[{\"@type\":\"ListItem\",\"position\":1,\"name\":\"Hem\",\"item\":\"https:\\\/\\\/stilanddesign.se\\\/\"},{\"@type\":\"ListItem\",\"position\":2,\"name\":\"Butiken\",\"item\":\"https:\\\/\\\/stilanddesign.se\\\/butiken\\\/\"},{\"@type\":\"ListItem\",\"position\":3,\"name\":\"\u2600\ufe0f Jeans med Brodyr \u2013 7\\\/8-dels l\u00e4ngd \u2600\ufe0f\"}]},{\"@type\":\"WebSite\",\"@id\":\"https:\\\/\\\/stilanddesign.se\\\/#website\",\"url\":\"https:\\\/\\\/stilanddesign.se\\\/\",\"name\":\"Stil &amp; Design\",\"description\":\"F\u00f6r oss som \u00e4lskar mode!\",\"publisher\":{\"@id\":\"https:\\\/\\\/stilanddesign.se\\\/#organization\"},\"potentialAction\":[{\"@type\":\"SearchAction\",\"target\":{\"@type\":\"EntryPoint\",\"urlTemplate\":\"https:\\\/\\\/stilanddesign.se\\\/?s={search_term_string}\"},\"query-input\":{\"@type\":\"PropertyValueSpecification\",\"valueRequired\":true,\"valueName\":\"search_term_string\"}}],\"inLanguage\":\"en-US\"},{\"@type\":\"Organization\",\"@id\":\"https:\\\/\\\/stilanddesign.se\\\/#organization\",\"name\":\"Stil &amp; Design\",\"url\":\"https:\\\/\\\/stilanddesign.se\\\/\",\"logo\":{\"@type\":\"ImageObject\",\"inLanguage\":\"en-US\",\"@id\":\"https:\\\/\\\/stilanddesign.se\\\/#\\\/schema\\\/logo\\\/image\\\/\",\"url\":\"https:\\\/\\\/stilanddesign.se\\\/wp-content\\\/uploads\\\/2023\\\/12\\\/output-onlinepngtools-e1727784413220.png\",\"contentUrl\":\"https:\\\/\\\/stilanddesign.se\\\/wp-content\\\/uploads\\\/2023\\\/12\\\/output-onlinepngtools-e1727784413220.png\",\"width\":519,\"height\":135,\"caption\":\"Stil &amp; Design\"},\"image\":{\"@id\":\"https:\\\/\\\/stilanddesign.se\\\/#\\\/schema\\\/logo\\\/image\\\/\"}}]}<\/script>\n<!-- \/ Yoast SEO Premium plugin. -->","yoast_head_json":{"title":"\u2600\ufe0f Jeans med Brodyr \u2013 7\/8-dels l\u00e4ngd \u2600\ufe0f - Stil &amp; Design","robots":{"index":"index","follow":"follow","max-snippet":"max-snippet:-1","max-image-preview":"max-image-preview:large","max-video-preview":"max-video-preview:-1"},"canonical":"https:\/\/stilanddesign.se\/en\/product\/1063746\/","og_locale":"en_US","og_type":"article","og_title":"\u2600\ufe0f Jeans med Brodyr \u2013 7\/8-dels l\u00e4ngd \u2600\ufe0f","og_description":"\u2600\ufe0fJeans med Brodyr \u2013 7\/8-dels l\u00e4ngd \u2600\ufe0fDessa jeans \u00e4r definitionen av sommarstil med det lilla extra \ud83d\udc99En feminin och stilren modell med vackra broderade detaljer nertill som ger ett romantiskt och exklusivt uttryck \ud83c\udf3c\u2728 Den smickrande 7\/8-dels l\u00e4ngden g\u00f6r dem perfekta till sandaler, klackar eller sneakers \u2013 lika snygga till vardags som p\u00e5 semestern \ud83c\udf34\ud83d\udc61Stretchigt material ger maximal komfort hela dagen \ud83d\ude4c \u2728 Detaljer vi \u00e4lskar:\ud83c\udf38 Broderade benslut f\u00f6r en feminin touch\ud83d\udc56 Trendig 7\/8-l\u00e4ngd\ud83d\udc83 Bekv\u00e4m passform med stretch\ud83c\udf1e Perfekta sommarjeans \u2013 luftiga &amp; stilrena \ud83d\udccf Storlek: XS\u2013XL\ud83c\udfa8 F\u00e4rger:\ud83e\udd0d Vit | \ud83e\udd0e Beige | \ud83d\udda4 Svart | \ud83d\udc99 Jeans | \ud83d\udc9a Gr\u00f6n \ud83e\uddf5 Material:90 % bomull8 % polyester2 % elastan Ett par jeans som lyfter hela outfiten \u2013 enkla, eleganta och helt r\u00e4tt i tiden \u2728Matcha med topp, blus eller stickat och du \u00e4r redo f\u00f6r sommarens alla tillf\u00e4llen \ud83c\udf1e\ud83d\udc9b","og_url":"https:\/\/stilanddesign.se\/en\/product\/1063746\/","og_site_name":"Stil &amp; Design","article_modified_time":"2026-04-15T09:47:49+00:00","og_image":[{"width":1024,"height":1536,"url":"https:\/\/stilanddesign.se\/wp-content\/uploads\/2026\/02\/Svart-jeans-med-broderad-fall-vid-havet.png","type":"image\/png"}],"twitter_card":"summary_large_image","twitter_misc":{"Est. reading time":"1 minute"},"schema":{"@context":"https:\/\/schema.org","@graph":[{"@type":"WebPage","@id":"https:\/\/stilanddesign.se\/produkt\/1063746\/","url":"https:\/\/stilanddesign.se\/produkt\/1063746\/","name":"\u2600\ufe0f Jeans med Brodyr \u2013 7\/8-dels l\u00e4ngd \u2600\ufe0f - Stil &amp; Design","isPartOf":{"@id":"https:\/\/stilanddesign.se\/#website"},"primaryImageOfPage":{"@id":"https:\/\/stilanddesign.se\/produkt\/1063746\/#primaryimage"},"image":{"@id":"https:\/\/stilanddesign.se\/produkt\/1063746\/#primaryimage"},"thumbnailUrl":"https:\/\/stilanddesign.se\/wp-content\/uploads\/2026\/02\/Svart-jeans-med-broderad-fall-vid-havet.png","datePublished":"2026-04-07T09:34:39+00:00","dateModified":"2026-04-15T09:47:49+00:00","breadcrumb":{"@id":"https:\/\/stilanddesign.se\/produkt\/1063746\/#breadcrumb"},"inLanguage":"en-US","potentialAction":[{"@type":"ReadAction","target":["https:\/\/stilanddesign.se\/produkt\/1063746\/"]}]},{"@type":"ImageObject","inLanguage":"en-US","@id":"https:\/\/stilanddesign.se\/produkt\/1063746\/#primaryimage","url":"https:\/\/stilanddesign.se\/wp-content\/uploads\/2026\/02\/Svart-jeans-med-broderad-fall-vid-havet.png","contentUrl":"https:\/\/stilanddesign.se\/wp-content\/uploads\/2026\/02\/Svart-jeans-med-broderad-fall-vid-havet.png","width":1024,"height":1536},{"@type":"BreadcrumbList","@id":"https:\/\/stilanddesign.se\/produkt\/1063746\/#breadcrumb","itemListElement":[{"@type":"ListItem","position":1,"name":"Hem","item":"https:\/\/stilanddesign.se\/"},{"@type":"ListItem","position":2,"name":"Butiken","item":"https:\/\/stilanddesign.se\/butiken\/"},{"@type":"ListItem","position":3,"name":"\u2600\ufe0f Jeans med Brodyr \u2013 7\/8-dels l\u00e4ngd \u2600\ufe0f"}]},{"@type":"WebSite","@id":"https:\/\/stilanddesign.se\/#website","url":"https:\/\/stilanddesign.se\/","name":"Style &amp; Design","description":"For those of us who love fashion!","publisher":{"@id":"https:\/\/stilanddesign.se\/#organization"},"potentialAction":[{"@type":"SearchAction","target":{"@type":"EntryPoint","urlTemplate":"https:\/\/stilanddesign.se\/?s={search_term_string}"},"query-input":{"@type":"PropertyValueSpecification","valueRequired":true,"valueName":"search_term_string"}}],"inLanguage":"en-US"},{"@type":"Organization","@id":"https:\/\/stilanddesign.se\/#organization","name":"Style &amp; Design","url":"https:\/\/stilanddesign.se\/","logo":{"@type":"ImageObject","inLanguage":"en-US","@id":"https:\/\/stilanddesign.se\/#\/schema\/logo\/image\/","url":"https:\/\/stilanddesign.se\/wp-content\/uploads\/2023\/12\/output-onlinepngtools-e1727784413220.png","contentUrl":"https:\/\/stilanddesign.se\/wp-content\/uploads\/2023\/12\/output-onlinepngtools-e1727784413220.png","width":519,"height":135,"caption":"Stil &amp; Design"},"image":{"@id":"https:\/\/stilanddesign.se\/#\/schema\/logo\/image\/"}}]}},"_links":{"self":[{"href":"https:\/\/stilanddesign.se\/en\/wp-json\/wp\/v2\/product\/1063746","targetHints":{"allow":["GET"]}}],"collection":[{"href":"https:\/\/stilanddesign.se\/en\/wp-json\/wp\/v2\/product"}],"about":[{"href":"https:\/\/stilanddesign.se\/en\/wp-json\/wp\/v2\/types\/product"}],"replies":[{"embeddable":true,"href":"https:\/\/stilanddesign.se\/en\/wp-json\/wp\/v2\/comments?post=1063746"}],"wp:featuredmedia":[{"embeddable":true,"href":"https:\/\/stilanddesign.se\/en\/wp-json\/wp\/v2\/media\/1063759"}],"wp:attachment":[{"href":"https:\/\/stilanddesign.se\/en\/wp-json\/wp\/v2\/media?parent=1063746"}],"wp:term":[{"taxonomy":"product_brand","embeddable":true,"href":"https:\/\/stilanddesign.se\/en\/wp-json\/wp\/v2\/product_brand?post=1063746"},{"taxonomy":"product_cat","embeddable":true,"href":"https:\/\/stilanddesign.se\/en\/wp-json\/wp\/v2\/product_cat?post=1063746"},{"taxonomy":"product_tag","embeddable":true,"href":"https:\/\/stilanddesign.se\/en\/wp-json\/wp\/v2\/product_tag?post=1063746"}],"curies":[{"name":"wp","href":"https:\/\/api.w.org\/{rel}","templated":true}]}}