{"id":1063282,"date":"2026-04-28T16:39:21","date_gmt":"2026-04-28T14:39:21","guid":{"rendered":"https:\/\/stilanddesign.se\/?post_type=product&#038;p=1063282"},"modified":"2026-04-29T10:44:55","modified_gmt":"2026-04-29T08:44:55","slug":"%f0%9f%8c%b8-rosamonstrade-magiska-byxor-%f0%9f%8c%b8","status":"publish","type":"product","link":"https:\/\/stilanddesign.se\/en\/product\/%f0%9f%8c%b8-rosamonstrade-magiska-byxor-%f0%9f%8c%b8\/","title":{"rendered":"\ud83c\udf38 Pink Patterned Magic Pants \ud83c\udf38"},"content":{"rendered":"<p data-start=\"0\" data-end=\"39\">\ud83c\udf38 <strong data-start=\"3\" data-end=\"34\">Pink Patterned Magic Pants<\/strong> \ud83c\udf38<\/p>\n<p data-start=\"41\" data-end=\"248\">A couple <strong data-start=\"49\" data-end=\"95\">incredibly comfortable pants with lovely stretch<\/strong> and a nice pink pattern that gives a feminine and fresh look. The soft quality and elastic waist make them very comfortable to wear all day.<\/p>\n<p data-start=\"250\" data-end=\"433\">The pants have <strong data-start=\"262\" data-end=\"292\">elastic and drawstring at the waist<\/strong> for a perfect fit and <strong data-start=\"322\" data-end=\"351\">practical pockets at the front<\/strong>. They go just as well with a simple top as with a blazer for a more dressed-up style.<\/p>\n<p data-start=\"435\" data-end=\"562\">\u2728 <strong data-start=\"437\" data-end=\"450\">Details:<\/strong><br data-start=\"450\" data-end=\"453\" \/>\u2022 Elastic and drawstring at the waist<br data-start=\"481\" data-end=\"484\" \/>\u2022 2 front pockets<br data-start=\"499\" data-end=\"502\" \/>\u2022 Normal in size<br data-start=\"521\" data-end=\"524\" \/>\u2022 Very stretchy and comfortable fit<\/p>\n<p data-start=\"564\" data-end=\"594\">\ud83c\udfa8 <strong data-start=\"567\" data-end=\"576\">Paint:<\/strong><br data-start=\"576\" data-end=\"579\" \/>Pink patterned<\/p>\n<p data-start=\"596\" data-end=\"652\">\ud83e\uddf5 <strong data-start=\"599\" data-end=\"612\">Material:<\/strong><br data-start=\"612\" data-end=\"615\" \/>77% viscose<br data-start=\"625\" data-end=\"628\" \/>20% nylon<br data-start=\"637\" data-end=\"640\" \/>3% elastane<\/p>\n<p data-start=\"654\" data-end=\"684\">\ud83e\uddfc <strong data-start=\"657\" data-end=\"670\">Washing instructions:<\/strong><br data-start=\"670\" data-end=\"673\" \/>30 degrees<\/p>\n<p data-start=\"686\" data-end=\"800\" data-is-last-node=\"\" data-is-only-node=\"\">A <strong data-start=\"689\" data-end=\"719\">stylish and super comfortable pants<\/strong> which is perfect for both everyday life and when you want to feel a little extra nice.<\/p>","protected":false},"excerpt":{"rendered":"<p data-start=\"0\" data-end=\"39\">\ud83c\udf38 <strong data-start=\"3\" data-end=\"34\">Pink Patterned Magic Pants<\/strong> \ud83c\udf38<\/p>\n<p data-start=\"41\" data-end=\"248\">A couple <strong data-start=\"49\" data-end=\"95\">incredibly comfortable pants with lovely stretch<\/strong> and a nice pink pattern that gives a feminine and fresh look. The soft quality and elastic waist make them very comfortable to wear all day.<\/p>\n<p data-start=\"250\" data-end=\"433\">The pants have <strong data-start=\"262\" data-end=\"292\">elastic and drawstring at the waist<\/strong> for a perfect fit and <strong data-start=\"322\" data-end=\"351\">practical pockets at the front<\/strong>. They go just as well with a simple top as with a blazer for a more dressed-up style.<\/p>\n<p data-start=\"435\" data-end=\"562\">\u2728 <strong data-start=\"437\" data-end=\"450\">Details:<\/strong><br data-start=\"450\" data-end=\"453\" \/>\u2022 Elastic and drawstring at the waist<br data-start=\"481\" data-end=\"484\" \/>\u2022 2 front pockets<br data-start=\"499\" data-end=\"502\" \/>\u2022 Normal in size<br data-start=\"521\" data-end=\"524\" \/>\u2022 Very stretchy and comfortable fit<\/p>\n<p data-start=\"564\" data-end=\"594\">\ud83c\udfa8 <strong data-start=\"567\" data-end=\"576\">Paint:<\/strong><br data-start=\"576\" data-end=\"579\" \/>Pink patterned<\/p>\n<p data-start=\"596\" data-end=\"652\">\ud83e\uddf5 <strong data-start=\"599\" data-end=\"612\">Material:<\/strong><br data-start=\"612\" data-end=\"615\" \/>77% viscose<br data-start=\"625\" data-end=\"628\" \/>20% nylon<br data-start=\"637\" data-end=\"640\" \/>3% elastane<\/p>\n<p data-start=\"654\" data-end=\"684\">\ud83e\uddfc <strong data-start=\"657\" data-end=\"670\">Washing instructions:<\/strong><br data-start=\"670\" data-end=\"673\" \/>30 degrees<\/p>\n<p data-start=\"686\" data-end=\"800\" data-is-last-node=\"\" data-is-only-node=\"\">A <strong data-start=\"689\" data-end=\"719\">stylish and super comfortable pants<\/strong> which is perfect for both everyday life and when you want to feel a little extra nice.<\/p>","protected":false},"featured_media":1063270,"comment_status":"closed","ping_status":"closed","template":"","meta":[],"product_brand":[],"product_cat":[203,217],"product_tag":[],"class_list":{"0":"post-1063282","1":"product","2":"type-product","3":"status-publish","4":"has-post-thumbnail","6":"product_cat-byxor","7":"product_cat-produktnyheter","9":"first","10":"instock","11":"taxable","12":"shipping-taxable","13":"purchasable","14":"product-type-variable"},"yoast_head":"<!-- This site is optimized with the Yoast SEO Premium plugin v27.4 (Yoast SEO v27.5) - https:\/\/yoast.com\/product\/yoast-seo-premium-wordpress\/ -->\n<title>\ud83c\udf38 Rosam\u00f6nstrade Magiska Byxor \ud83c\udf38 - Stil &amp; Design<\/title>\n<meta name=\"robots\" content=\"index, follow, max-snippet:-1, max-image-preview:large, max-video-preview:-1\" \/>\n<link rel=\"canonical\" href=\"https:\/\/stilanddesign.se\/en\/product\/\ud83c\udf38-rosamonstrade-magiska-byxor-\ud83c\udf38\/\" \/>\n<meta property=\"og:locale\" content=\"en_US\" \/>\n<meta property=\"og:type\" content=\"article\" \/>\n<meta property=\"og:title\" content=\"\ud83c\udf38 Rosam\u00f6nstrade Magiska Byxor \ud83c\udf38\" \/>\n<meta property=\"og:description\" content=\"\ud83c\udf38 Rosam\u00f6nstrade Magiska Byxor \ud83c\udf38 Ett par fantastiskt sk\u00f6na byxor med h\u00e4rlig stretch och ett fint rosam\u00f6nster som ger en feminin och fr\u00e4sch look. Den mjuka kvaliteten och den elastiska midjan g\u00f6r dem mycket bekv\u00e4ma att b\u00e4ra hela dagen. Byxorna har res\u00e5r och dragsko i midjan f\u00f6r en perfekt passform samt praktiska fickor framtill. De passar lika bra till en enkel topp som till kavaj f\u00f6r en mer uppkl\u00e4dd stil. \u2728 Detaljer:\u2022 Res\u00e5r och dragsko i midjan\u2022 2 fickor fram\u2022 Normala i storlek\u2022 Mycket stretch och bekv\u00e4m passform \ud83c\udfa8 F\u00e4rg:Rosam\u00f6nstrade \ud83e\uddf5 Material:77% viskos20% nylon3% elastan \ud83e\uddfc Tv\u00e4ttr\u00e5d:30 grader En snygg och superbekv\u00e4m byxa som passar perfekt b\u00e5de till vardag och n\u00e4r du vill k\u00e4nna dig lite extra fin.\" \/>\n<meta property=\"og:url\" content=\"https:\/\/stilanddesign.se\/en\/product\/\ud83c\udf38-rosamonstrade-magiska-byxor-\ud83c\udf38\/\" \/>\n<meta property=\"og:site_name\" content=\"Stil &amp; Design\" \/>\n<meta property=\"article:modified_time\" content=\"2026-04-29T08:44:55+00:00\" \/>\n<meta property=\"og:image\" content=\"https:\/\/stilanddesign.se\/wp-content\/uploads\/2026\/01\/6656543444444444.png\" \/>\n\t<meta property=\"og:image:width\" content=\"427\" \/>\n\t<meta property=\"og:image:height\" content=\"640\" \/>\n\t<meta property=\"og:image:type\" content=\"image\/png\" \/>\n<meta name=\"twitter:card\" content=\"summary_large_image\" \/>\n<meta name=\"twitter:label1\" content=\"Est. reading time\" \/>\n\t<meta name=\"twitter:data1\" content=\"1 minute\" \/>\n<script type=\"application\/ld+json\" class=\"yoast-schema-graph\">{\"@context\":\"https:\\\/\\\/schema.org\",\"@graph\":[{\"@type\":\"WebPage\",\"@id\":\"https:\\\/\\\/stilanddesign.se\\\/produkt\\\/%f0%9f%8c%b8-rosamonstrade-magiska-byxor-%f0%9f%8c%b8\\\/\",\"url\":\"https:\\\/\\\/stilanddesign.se\\\/produkt\\\/%f0%9f%8c%b8-rosamonstrade-magiska-byxor-%f0%9f%8c%b8\\\/\",\"name\":\"\ud83c\udf38 Rosam\u00f6nstrade Magiska Byxor \ud83c\udf38 - Stil &amp; Design\",\"isPartOf\":{\"@id\":\"https:\\\/\\\/stilanddesign.se\\\/#website\"},\"primaryImageOfPage\":{\"@id\":\"https:\\\/\\\/stilanddesign.se\\\/produkt\\\/%f0%9f%8c%b8-rosamonstrade-magiska-byxor-%f0%9f%8c%b8\\\/#primaryimage\"},\"image\":{\"@id\":\"https:\\\/\\\/stilanddesign.se\\\/produkt\\\/%f0%9f%8c%b8-rosamonstrade-magiska-byxor-%f0%9f%8c%b8\\\/#primaryimage\"},\"thumbnailUrl\":\"https:\\\/\\\/stilanddesign.se\\\/wp-content\\\/uploads\\\/2026\\\/01\\\/6656543444444444.png\",\"datePublished\":\"2026-04-28T14:39:21+00:00\",\"dateModified\":\"2026-04-29T08:44:55+00:00\",\"breadcrumb\":{\"@id\":\"https:\\\/\\\/stilanddesign.se\\\/produkt\\\/%f0%9f%8c%b8-rosamonstrade-magiska-byxor-%f0%9f%8c%b8\\\/#breadcrumb\"},\"inLanguage\":\"en-US\",\"potentialAction\":[{\"@type\":\"ReadAction\",\"target\":[\"https:\\\/\\\/stilanddesign.se\\\/produkt\\\/%f0%9f%8c%b8-rosamonstrade-magiska-byxor-%f0%9f%8c%b8\\\/\"]}]},{\"@type\":\"ImageObject\",\"inLanguage\":\"en-US\",\"@id\":\"https:\\\/\\\/stilanddesign.se\\\/produkt\\\/%f0%9f%8c%b8-rosamonstrade-magiska-byxor-%f0%9f%8c%b8\\\/#primaryimage\",\"url\":\"https:\\\/\\\/stilanddesign.se\\\/wp-content\\\/uploads\\\/2026\\\/01\\\/6656543444444444.png\",\"contentUrl\":\"https:\\\/\\\/stilanddesign.se\\\/wp-content\\\/uploads\\\/2026\\\/01\\\/6656543444444444.png\",\"width\":427,\"height\":640,\"caption\":\"Rosam\u00f6nstrade magiska byxor\"},{\"@type\":\"BreadcrumbList\",\"@id\":\"https:\\\/\\\/stilanddesign.se\\\/produkt\\\/%f0%9f%8c%b8-rosamonstrade-magiska-byxor-%f0%9f%8c%b8\\\/#breadcrumb\",\"itemListElement\":[{\"@type\":\"ListItem\",\"position\":1,\"name\":\"Hem\",\"item\":\"https:\\\/\\\/stilanddesign.se\\\/\"},{\"@type\":\"ListItem\",\"position\":2,\"name\":\"Butiken\",\"item\":\"https:\\\/\\\/stilanddesign.se\\\/butiken\\\/\"},{\"@type\":\"ListItem\",\"position\":3,\"name\":\"\ud83c\udf38 Rosam\u00f6nstrade Magiska Byxor \ud83c\udf38\"}]},{\"@type\":\"WebSite\",\"@id\":\"https:\\\/\\\/stilanddesign.se\\\/#website\",\"url\":\"https:\\\/\\\/stilanddesign.se\\\/\",\"name\":\"Stil &amp; Design\",\"description\":\"F\u00f6r oss som \u00e4lskar mode!\",\"publisher\":{\"@id\":\"https:\\\/\\\/stilanddesign.se\\\/#organization\"},\"potentialAction\":[{\"@type\":\"SearchAction\",\"target\":{\"@type\":\"EntryPoint\",\"urlTemplate\":\"https:\\\/\\\/stilanddesign.se\\\/?s={search_term_string}\"},\"query-input\":{\"@type\":\"PropertyValueSpecification\",\"valueRequired\":true,\"valueName\":\"search_term_string\"}}],\"inLanguage\":\"en-US\"},{\"@type\":\"Organization\",\"@id\":\"https:\\\/\\\/stilanddesign.se\\\/#organization\",\"name\":\"Stil &amp; Design\",\"url\":\"https:\\\/\\\/stilanddesign.se\\\/\",\"logo\":{\"@type\":\"ImageObject\",\"inLanguage\":\"en-US\",\"@id\":\"https:\\\/\\\/stilanddesign.se\\\/#\\\/schema\\\/logo\\\/image\\\/\",\"url\":\"https:\\\/\\\/stilanddesign.se\\\/wp-content\\\/uploads\\\/2023\\\/12\\\/output-onlinepngtools-e1727784413220.png\",\"contentUrl\":\"https:\\\/\\\/stilanddesign.se\\\/wp-content\\\/uploads\\\/2023\\\/12\\\/output-onlinepngtools-e1727784413220.png\",\"width\":519,\"height\":135,\"caption\":\"Stil &amp; Design\"},\"image\":{\"@id\":\"https:\\\/\\\/stilanddesign.se\\\/#\\\/schema\\\/logo\\\/image\\\/\"}}]}<\/script>\n<!-- \/ Yoast SEO Premium plugin. -->","yoast_head_json":{"title":"\ud83c\udf38 Rosam\u00f6nstrade Magiska Byxor \ud83c\udf38 - Stil &amp; Design","robots":{"index":"index","follow":"follow","max-snippet":"max-snippet:-1","max-image-preview":"max-image-preview:large","max-video-preview":"max-video-preview:-1"},"canonical":"https:\/\/stilanddesign.se\/en\/product\/\ud83c\udf38-rosamonstrade-magiska-byxor-\ud83c\udf38\/","og_locale":"en_US","og_type":"article","og_title":"\ud83c\udf38 Rosam\u00f6nstrade Magiska Byxor \ud83c\udf38","og_description":"\ud83c\udf38 Rosam\u00f6nstrade Magiska Byxor \ud83c\udf38 Ett par fantastiskt sk\u00f6na byxor med h\u00e4rlig stretch och ett fint rosam\u00f6nster som ger en feminin och fr\u00e4sch look. Den mjuka kvaliteten och den elastiska midjan g\u00f6r dem mycket bekv\u00e4ma att b\u00e4ra hela dagen. Byxorna har res\u00e5r och dragsko i midjan f\u00f6r en perfekt passform samt praktiska fickor framtill. De passar lika bra till en enkel topp som till kavaj f\u00f6r en mer uppkl\u00e4dd stil. \u2728 Detaljer:\u2022 Res\u00e5r och dragsko i midjan\u2022 2 fickor fram\u2022 Normala i storlek\u2022 Mycket stretch och bekv\u00e4m passform \ud83c\udfa8 F\u00e4rg:Rosam\u00f6nstrade \ud83e\uddf5 Material:77% viskos20% nylon3% elastan \ud83e\uddfc Tv\u00e4ttr\u00e5d:30 grader En snygg och superbekv\u00e4m byxa som passar perfekt b\u00e5de till vardag och n\u00e4r du vill k\u00e4nna dig lite extra fin.","og_url":"https:\/\/stilanddesign.se\/en\/product\/\ud83c\udf38-rosamonstrade-magiska-byxor-\ud83c\udf38\/","og_site_name":"Stil &amp; Design","article_modified_time":"2026-04-29T08:44:55+00:00","og_image":[{"width":427,"height":640,"url":"https:\/\/stilanddesign.se\/wp-content\/uploads\/2026\/01\/6656543444444444.png","type":"image\/png"}],"twitter_card":"summary_large_image","twitter_misc":{"Est. reading time":"1 minute"},"schema":{"@context":"https:\/\/schema.org","@graph":[{"@type":"WebPage","@id":"https:\/\/stilanddesign.se\/produkt\/%f0%9f%8c%b8-rosamonstrade-magiska-byxor-%f0%9f%8c%b8\/","url":"https:\/\/stilanddesign.se\/produkt\/%f0%9f%8c%b8-rosamonstrade-magiska-byxor-%f0%9f%8c%b8\/","name":"\ud83c\udf38 Rosam\u00f6nstrade Magiska Byxor \ud83c\udf38 - Stil &amp; Design","isPartOf":{"@id":"https:\/\/stilanddesign.se\/#website"},"primaryImageOfPage":{"@id":"https:\/\/stilanddesign.se\/produkt\/%f0%9f%8c%b8-rosamonstrade-magiska-byxor-%f0%9f%8c%b8\/#primaryimage"},"image":{"@id":"https:\/\/stilanddesign.se\/produkt\/%f0%9f%8c%b8-rosamonstrade-magiska-byxor-%f0%9f%8c%b8\/#primaryimage"},"thumbnailUrl":"https:\/\/stilanddesign.se\/wp-content\/uploads\/2026\/01\/6656543444444444.png","datePublished":"2026-04-28T14:39:21+00:00","dateModified":"2026-04-29T08:44:55+00:00","breadcrumb":{"@id":"https:\/\/stilanddesign.se\/produkt\/%f0%9f%8c%b8-rosamonstrade-magiska-byxor-%f0%9f%8c%b8\/#breadcrumb"},"inLanguage":"en-US","potentialAction":[{"@type":"ReadAction","target":["https:\/\/stilanddesign.se\/produkt\/%f0%9f%8c%b8-rosamonstrade-magiska-byxor-%f0%9f%8c%b8\/"]}]},{"@type":"ImageObject","inLanguage":"en-US","@id":"https:\/\/stilanddesign.se\/produkt\/%f0%9f%8c%b8-rosamonstrade-magiska-byxor-%f0%9f%8c%b8\/#primaryimage","url":"https:\/\/stilanddesign.se\/wp-content\/uploads\/2026\/01\/6656543444444444.png","contentUrl":"https:\/\/stilanddesign.se\/wp-content\/uploads\/2026\/01\/6656543444444444.png","width":427,"height":640,"caption":"Rosam\u00f6nstrade magiska byxor"},{"@type":"BreadcrumbList","@id":"https:\/\/stilanddesign.se\/produkt\/%f0%9f%8c%b8-rosamonstrade-magiska-byxor-%f0%9f%8c%b8\/#breadcrumb","itemListElement":[{"@type":"ListItem","position":1,"name":"Hem","item":"https:\/\/stilanddesign.se\/"},{"@type":"ListItem","position":2,"name":"Butiken","item":"https:\/\/stilanddesign.se\/butiken\/"},{"@type":"ListItem","position":3,"name":"\ud83c\udf38 Rosam\u00f6nstrade Magiska Byxor \ud83c\udf38"}]},{"@type":"WebSite","@id":"https:\/\/stilanddesign.se\/#website","url":"https:\/\/stilanddesign.se\/","name":"Style &amp; Design","description":"For those of us who love fashion!","publisher":{"@id":"https:\/\/stilanddesign.se\/#organization"},"potentialAction":[{"@type":"SearchAction","target":{"@type":"EntryPoint","urlTemplate":"https:\/\/stilanddesign.se\/?s={search_term_string}"},"query-input":{"@type":"PropertyValueSpecification","valueRequired":true,"valueName":"search_term_string"}}],"inLanguage":"en-US"},{"@type":"Organization","@id":"https:\/\/stilanddesign.se\/#organization","name":"Style &amp; Design","url":"https:\/\/stilanddesign.se\/","logo":{"@type":"ImageObject","inLanguage":"en-US","@id":"https:\/\/stilanddesign.se\/#\/schema\/logo\/image\/","url":"https:\/\/stilanddesign.se\/wp-content\/uploads\/2023\/12\/output-onlinepngtools-e1727784413220.png","contentUrl":"https:\/\/stilanddesign.se\/wp-content\/uploads\/2023\/12\/output-onlinepngtools-e1727784413220.png","width":519,"height":135,"caption":"Stil &amp; Design"},"image":{"@id":"https:\/\/stilanddesign.se\/#\/schema\/logo\/image\/"}}]}},"_links":{"self":[{"href":"https:\/\/stilanddesign.se\/en\/wp-json\/wp\/v2\/product\/1063282","targetHints":{"allow":["GET"]}}],"collection":[{"href":"https:\/\/stilanddesign.se\/en\/wp-json\/wp\/v2\/product"}],"about":[{"href":"https:\/\/stilanddesign.se\/en\/wp-json\/wp\/v2\/types\/product"}],"replies":[{"embeddable":true,"href":"https:\/\/stilanddesign.se\/en\/wp-json\/wp\/v2\/comments?post=1063282"}],"wp:featuredmedia":[{"embeddable":true,"href":"https:\/\/stilanddesign.se\/en\/wp-json\/wp\/v2\/media\/1063270"}],"wp:attachment":[{"href":"https:\/\/stilanddesign.se\/en\/wp-json\/wp\/v2\/media?parent=1063282"}],"wp:term":[{"taxonomy":"product_brand","embeddable":true,"href":"https:\/\/stilanddesign.se\/en\/wp-json\/wp\/v2\/product_brand?post=1063282"},{"taxonomy":"product_cat","embeddable":true,"href":"https:\/\/stilanddesign.se\/en\/wp-json\/wp\/v2\/product_cat?post=1063282"},{"taxonomy":"product_tag","embeddable":true,"href":"https:\/\/stilanddesign.se\/en\/wp-json\/wp\/v2\/product_tag?post=1063282"}],"curies":[{"name":"wp","href":"https:\/\/api.w.org\/{rel}","templated":true}]}}