{"id":1063279,"date":"2026-01-28T16:11:11","date_gmt":"2026-01-28T15:11:11","guid":{"rendered":"https:\/\/stilanddesign.se\/?post_type=product&#038;p=1063279"},"modified":"2026-04-13T17:29:04","modified_gmt":"2026-04-13T15:29:04","slug":"stickad-puffarmstroja-i-beige","status":"publish","type":"product","link":"https:\/\/stilanddesign.se\/en\/product\/stickad-puffarmstroja-i-beige\/","title":{"rendered":"Knitted puff sleeve sweater in beige"},"content":{"rendered":"<h1>Knitted puff sleeve sweater<\/h1>\n<p>Material: 51 % viskos, 24 % nylon, 25 % polyester Storlek: Onesize, passar 36-44 Bystm\u00e5tt: 55 cm<\/p>\n<p>Elvie \u00e4r en stickad tr\u00f6ja med feminina puff\u00e4rmar som skapar en elegant silhuett. En tidl\u00f6s basic med en twist som lyfter din vardagslook, perfekt b\u00e5de f\u00f6r kontorskl\u00e4der och kv\u00e4llar. L\u00e4tt att styla och alltid trendig.<\/p>","protected":false},"excerpt":{"rendered":"<h1 class=\"\">Knitted puff sleeve sweater<\/h1>\n<p>Material: 51 % viskos, 24 % nylon, 25 % polyester Storlek: Onesize, passar 36-44 Bystm\u00e5tt: 55 cm<\/p>\n<p>Elvie \u00e4r en stickad tr\u00f6ja med feminina puff\u00e4rmar som skapar en elegant silhuett. En tidl\u00f6s basic med en twist som lyfter din vardagslook, perfekt b\u00e5de f\u00f6r kontorskl\u00e4der och kv\u00e4llar. L\u00e4tt att styla och alltid trendig.<\/p>","protected":false},"featured_media":1063205,"comment_status":"closed","ping_status":"closed","template":"","meta":[],"product_brand":[],"product_cat":[223],"product_tag":[],"class_list":{"0":"post-1063279","1":"product","2":"type-product","3":"status-publish","4":"has-post-thumbnail","6":"product_cat-stickade-trojor","8":"first","9":"instock","10":"taxable","11":"shipping-taxable","12":"purchasable","13":"product-type-variable"},"yoast_head":"<!-- This site is optimized with the Yoast SEO Premium plugin v27.1 (Yoast SEO v27.4) - https:\/\/yoast.com\/product\/yoast-seo-premium-wordpress\/ -->\n<title>Stickad puff\u00e4rmstr\u00f6ja i beige - Stil &amp; Design<\/title>\n<meta name=\"robots\" content=\"index, follow, max-snippet:-1, max-image-preview:large, max-video-preview:-1\" \/>\n<link rel=\"canonical\" href=\"https:\/\/stilanddesign.se\/en\/product\/stickad-puffarmstroja-i-beige\/\" \/>\n<meta property=\"og:locale\" content=\"en_US\" \/>\n<meta property=\"og:type\" content=\"article\" \/>\n<meta property=\"og:title\" content=\"Stickad puff\u00e4rmstr\u00f6ja i beige\" \/>\n<meta property=\"og:description\" content=\"Stickad puff\u00e4rm-tr\u00f6ja Material: 51 % viskos, 24 % nylon, 25 % polyester Storlek: Onesize, passar 36-44 Bystm\u00e5tt: 55 cm  Elvie \u00e4r en stickad tr\u00f6ja med feminina puff\u00e4rmar som skapar en elegant silhuett. En tidl\u00f6s basic med en twist som lyfter din vardagslook, perfekt b\u00e5de f\u00f6r kontorskl\u00e4der och kv\u00e4llar. L\u00e4tt att styla och alltid trendig.\" \/>\n<meta property=\"og:url\" content=\"https:\/\/stilanddesign.se\/en\/product\/stickad-puffarmstroja-i-beige\/\" \/>\n<meta property=\"og:site_name\" content=\"Stil &amp; Design\" \/>\n<meta property=\"article:modified_time\" content=\"2026-04-13T15:29:04+00:00\" \/>\n<meta name=\"twitter:card\" content=\"summary_large_image\" \/>\n<meta name=\"twitter:label1\" content=\"Est. reading time\" \/>\n\t<meta name=\"twitter:data1\" content=\"1 minute\" \/>\n<script type=\"application\/ld+json\" class=\"yoast-schema-graph\">{\"@context\":\"https:\\\/\\\/schema.org\",\"@graph\":[{\"@type\":\"WebPage\",\"@id\":\"https:\\\/\\\/stilanddesign.se\\\/produkt\\\/stickad-puffarmstroja-i-beige\\\/\",\"url\":\"https:\\\/\\\/stilanddesign.se\\\/produkt\\\/stickad-puffarmstroja-i-beige\\\/\",\"name\":\"Stickad puff\u00e4rmstr\u00f6ja i beige - Stil &amp; Design\",\"isPartOf\":{\"@id\":\"https:\\\/\\\/stilanddesign.se\\\/#website\"},\"primaryImageOfPage\":{\"@id\":\"https:\\\/\\\/stilanddesign.se\\\/produkt\\\/stickad-puffarmstroja-i-beige\\\/#primaryimage\"},\"image\":{\"@id\":\"https:\\\/\\\/stilanddesign.se\\\/produkt\\\/stickad-puffarmstroja-i-beige\\\/#primaryimage\"},\"thumbnailUrl\":\"https:\\\/\\\/stilanddesign.se\\\/wp-content\\\/uploads\\\/2026\\\/01\\\/77676545555555555-1.avif\",\"datePublished\":\"2026-01-28T15:11:11+00:00\",\"dateModified\":\"2026-04-13T15:29:04+00:00\",\"breadcrumb\":{\"@id\":\"https:\\\/\\\/stilanddesign.se\\\/produkt\\\/stickad-puffarmstroja-i-beige\\\/#breadcrumb\"},\"inLanguage\":\"en-US\",\"potentialAction\":[{\"@type\":\"ReadAction\",\"target\":[\"https:\\\/\\\/stilanddesign.se\\\/produkt\\\/stickad-puffarmstroja-i-beige\\\/\"]}]},{\"@type\":\"ImageObject\",\"inLanguage\":\"en-US\",\"@id\":\"https:\\\/\\\/stilanddesign.se\\\/produkt\\\/stickad-puffarmstroja-i-beige\\\/#primaryimage\",\"url\":\"https:\\\/\\\/stilanddesign.se\\\/wp-content\\\/uploads\\\/2026\\\/01\\\/77676545555555555-1.avif\",\"contentUrl\":\"https:\\\/\\\/stilanddesign.se\\\/wp-content\\\/uploads\\\/2026\\\/01\\\/77676545555555555-1.avif\",\"width\":1080,\"height\":1440},{\"@type\":\"BreadcrumbList\",\"@id\":\"https:\\\/\\\/stilanddesign.se\\\/produkt\\\/stickad-puffarmstroja-i-beige\\\/#breadcrumb\",\"itemListElement\":[{\"@type\":\"ListItem\",\"position\":1,\"name\":\"Hem\",\"item\":\"https:\\\/\\\/stilanddesign.se\\\/\"},{\"@type\":\"ListItem\",\"position\":2,\"name\":\"Butiken\",\"item\":\"https:\\\/\\\/stilanddesign.se\\\/butiken\\\/\"},{\"@type\":\"ListItem\",\"position\":3,\"name\":\"Stickad puff\u00e4rmstr\u00f6ja i beige\"}]},{\"@type\":\"WebSite\",\"@id\":\"https:\\\/\\\/stilanddesign.se\\\/#website\",\"url\":\"https:\\\/\\\/stilanddesign.se\\\/\",\"name\":\"Stil &amp; Design\",\"description\":\"F\u00f6r oss som \u00e4lskar mode!\",\"publisher\":{\"@id\":\"https:\\\/\\\/stilanddesign.se\\\/#organization\"},\"potentialAction\":[{\"@type\":\"SearchAction\",\"target\":{\"@type\":\"EntryPoint\",\"urlTemplate\":\"https:\\\/\\\/stilanddesign.se\\\/?s={search_term_string}\"},\"query-input\":{\"@type\":\"PropertyValueSpecification\",\"valueRequired\":true,\"valueName\":\"search_term_string\"}}],\"inLanguage\":\"en-US\"},{\"@type\":\"Organization\",\"@id\":\"https:\\\/\\\/stilanddesign.se\\\/#organization\",\"name\":\"Stil &amp; Design\",\"url\":\"https:\\\/\\\/stilanddesign.se\\\/\",\"logo\":{\"@type\":\"ImageObject\",\"inLanguage\":\"en-US\",\"@id\":\"https:\\\/\\\/stilanddesign.se\\\/#\\\/schema\\\/logo\\\/image\\\/\",\"url\":\"https:\\\/\\\/stilanddesign.se\\\/wp-content\\\/uploads\\\/2023\\\/12\\\/output-onlinepngtools-e1727784413220.png\",\"contentUrl\":\"https:\\\/\\\/stilanddesign.se\\\/wp-content\\\/uploads\\\/2023\\\/12\\\/output-onlinepngtools-e1727784413220.png\",\"width\":519,\"height\":135,\"caption\":\"Stil &amp; Design\"},\"image\":{\"@id\":\"https:\\\/\\\/stilanddesign.se\\\/#\\\/schema\\\/logo\\\/image\\\/\"}}]}<\/script>\n<!-- \/ Yoast SEO Premium plugin. -->","yoast_head_json":{"title":"Stickad puff\u00e4rmstr\u00f6ja i beige - Stil &amp; Design","robots":{"index":"index","follow":"follow","max-snippet":"max-snippet:-1","max-image-preview":"max-image-preview:large","max-video-preview":"max-video-preview:-1"},"canonical":"https:\/\/stilanddesign.se\/en\/product\/stickad-puffarmstroja-i-beige\/","og_locale":"en_US","og_type":"article","og_title":"Stickad puff\u00e4rmstr\u00f6ja i beige","og_description":"Stickad puff\u00e4rm-tr\u00f6ja Material: 51 % viskos, 24 % nylon, 25 % polyester Storlek: Onesize, passar 36-44 Bystm\u00e5tt: 55 cm  Elvie \u00e4r en stickad tr\u00f6ja med feminina puff\u00e4rmar som skapar en elegant silhuett. En tidl\u00f6s basic med en twist som lyfter din vardagslook, perfekt b\u00e5de f\u00f6r kontorskl\u00e4der och kv\u00e4llar. L\u00e4tt att styla och alltid trendig.","og_url":"https:\/\/stilanddesign.se\/en\/product\/stickad-puffarmstroja-i-beige\/","og_site_name":"Stil &amp; Design","article_modified_time":"2026-04-13T15:29:04+00:00","twitter_card":"summary_large_image","twitter_misc":{"Est. reading time":"1 minute"},"schema":{"@context":"https:\/\/schema.org","@graph":[{"@type":"WebPage","@id":"https:\/\/stilanddesign.se\/produkt\/stickad-puffarmstroja-i-beige\/","url":"https:\/\/stilanddesign.se\/produkt\/stickad-puffarmstroja-i-beige\/","name":"Stickad puff\u00e4rmstr\u00f6ja i beige - Stil &amp; Design","isPartOf":{"@id":"https:\/\/stilanddesign.se\/#website"},"primaryImageOfPage":{"@id":"https:\/\/stilanddesign.se\/produkt\/stickad-puffarmstroja-i-beige\/#primaryimage"},"image":{"@id":"https:\/\/stilanddesign.se\/produkt\/stickad-puffarmstroja-i-beige\/#primaryimage"},"thumbnailUrl":"https:\/\/stilanddesign.se\/wp-content\/uploads\/2026\/01\/77676545555555555-1.avif","datePublished":"2026-01-28T15:11:11+00:00","dateModified":"2026-04-13T15:29:04+00:00","breadcrumb":{"@id":"https:\/\/stilanddesign.se\/produkt\/stickad-puffarmstroja-i-beige\/#breadcrumb"},"inLanguage":"en-US","potentialAction":[{"@type":"ReadAction","target":["https:\/\/stilanddesign.se\/produkt\/stickad-puffarmstroja-i-beige\/"]}]},{"@type":"ImageObject","inLanguage":"en-US","@id":"https:\/\/stilanddesign.se\/produkt\/stickad-puffarmstroja-i-beige\/#primaryimage","url":"https:\/\/stilanddesign.se\/wp-content\/uploads\/2026\/01\/77676545555555555-1.avif","contentUrl":"https:\/\/stilanddesign.se\/wp-content\/uploads\/2026\/01\/77676545555555555-1.avif","width":1080,"height":1440},{"@type":"BreadcrumbList","@id":"https:\/\/stilanddesign.se\/produkt\/stickad-puffarmstroja-i-beige\/#breadcrumb","itemListElement":[{"@type":"ListItem","position":1,"name":"Hem","item":"https:\/\/stilanddesign.se\/"},{"@type":"ListItem","position":2,"name":"Butiken","item":"https:\/\/stilanddesign.se\/butiken\/"},{"@type":"ListItem","position":3,"name":"Stickad puff\u00e4rmstr\u00f6ja i beige"}]},{"@type":"WebSite","@id":"https:\/\/stilanddesign.se\/#website","url":"https:\/\/stilanddesign.se\/","name":"Style &amp; Design","description":"For those of us who love fashion!","publisher":{"@id":"https:\/\/stilanddesign.se\/#organization"},"potentialAction":[{"@type":"SearchAction","target":{"@type":"EntryPoint","urlTemplate":"https:\/\/stilanddesign.se\/?s={search_term_string}"},"query-input":{"@type":"PropertyValueSpecification","valueRequired":true,"valueName":"search_term_string"}}],"inLanguage":"en-US"},{"@type":"Organization","@id":"https:\/\/stilanddesign.se\/#organization","name":"Style &amp; Design","url":"https:\/\/stilanddesign.se\/","logo":{"@type":"ImageObject","inLanguage":"en-US","@id":"https:\/\/stilanddesign.se\/#\/schema\/logo\/image\/","url":"https:\/\/stilanddesign.se\/wp-content\/uploads\/2023\/12\/output-onlinepngtools-e1727784413220.png","contentUrl":"https:\/\/stilanddesign.se\/wp-content\/uploads\/2023\/12\/output-onlinepngtools-e1727784413220.png","width":519,"height":135,"caption":"Stil &amp; Design"},"image":{"@id":"https:\/\/stilanddesign.se\/#\/schema\/logo\/image\/"}}]}},"_links":{"self":[{"href":"https:\/\/stilanddesign.se\/en\/wp-json\/wp\/v2\/product\/1063279","targetHints":{"allow":["GET"]}}],"collection":[{"href":"https:\/\/stilanddesign.se\/en\/wp-json\/wp\/v2\/product"}],"about":[{"href":"https:\/\/stilanddesign.se\/en\/wp-json\/wp\/v2\/types\/product"}],"replies":[{"embeddable":true,"href":"https:\/\/stilanddesign.se\/en\/wp-json\/wp\/v2\/comments?post=1063279"}],"wp:featuredmedia":[{"embeddable":true,"href":"https:\/\/stilanddesign.se\/en\/wp-json\/wp\/v2\/media\/1063205"}],"wp:attachment":[{"href":"https:\/\/stilanddesign.se\/en\/wp-json\/wp\/v2\/media?parent=1063279"}],"wp:term":[{"taxonomy":"product_brand","embeddable":true,"href":"https:\/\/stilanddesign.se\/en\/wp-json\/wp\/v2\/product_brand?post=1063279"},{"taxonomy":"product_cat","embeddable":true,"href":"https:\/\/stilanddesign.se\/en\/wp-json\/wp\/v2\/product_cat?post=1063279"},{"taxonomy":"product_tag","embeddable":true,"href":"https:\/\/stilanddesign.se\/en\/wp-json\/wp\/v2\/product_tag?post=1063279"}],"curies":[{"name":"wp","href":"https:\/\/api.w.org\/{rel}","templated":true}]}}