{"id":1063222,"date":"2026-04-24T13:17:02","date_gmt":"2026-04-24T11:17:02","guid":{"rendered":"https:\/\/stilanddesign.se\/?post_type=product&#038;p=1063222"},"modified":"2026-04-24T13:17:58","modified_gmt":"2026-04-24T11:17:58","slug":"%e2%9c%a8-elegant-kort-halsband-med-gnistrande-detaljer-%e2%9c%a8","status":"publish","type":"product","link":"https:\/\/stilanddesign.se\/en\/product\/%e2%9c%a8-elegant-kort-halsband-med-gnistrande-detaljer-%e2%9c%a8\/","title":{"rendered":"\u2728 Elegant Short Necklace with Sparkling Details \u2728"},"content":{"rendered":"<p data-start=\"136\" data-end=\"191\">\u2728 <strong data-start=\"138\" data-end=\"187\">Elegant Short Necklace with Sparkling Details<\/strong> \u2728<\/p>\n<p data-start=\"193\" data-end=\"485\">An elegant short necklace with tightly placed decorative details framed by sparkling stones \ud83d\udcab<br data-start=\"294\" data-end=\"297\" \/>The embellished design creates a vibrant and sophisticated expression that elevates your style with energy and glamour - perfect when you want to feel extra radiant, both for everyday life and parties \u2728\ud83d\udc83<\/p>\n<p data-start=\"487\" data-end=\"601\">\ud83d\udc8e <strong data-start=\"490\" data-end=\"503\">Details:<\/strong><br data-start=\"503\" data-end=\"506\" \/>\u2022 Type: Short necklace<br data-start=\"526\" data-end=\"529\" \/>\u2022 Materials: Alloy, rhinestones<br data-start=\"557\" data-end=\"560\" \/>\u2022 Easy to wear and comfortable around the neck<\/p>\n<p data-start=\"603\" data-end=\"710\">\ud83c\udf3f <strong data-start=\"606\" data-end=\"625\">Reliable quality:<\/strong><br data-start=\"625\" data-end=\"628\" \/>All our jewelry is free of nickel, lead and cadmium in accordance with EU regulations.<\/p>\n<p data-start=\"712\" data-end=\"770\">\u26a0\ufe0f <strong data-start=\"715\" data-end=\"723\">NOTE!<\/strong><br data-start=\"723\" data-end=\"726\" \/><strong data-start=\"726\" data-end=\"770\">NO exchange or return rights on this piece of jewelry.<\/strong><\/p>","protected":false},"excerpt":{"rendered":"<p data-start=\"136\" data-end=\"191\">\u2728 <strong data-start=\"138\" data-end=\"187\">Elegant Short Necklace with Sparkling Details<\/strong> \u2728<\/p>\n<p data-start=\"193\" data-end=\"485\">An elegant short necklace with tightly placed decorative details framed by sparkling stones \ud83d\udcab<br data-start=\"294\" data-end=\"297\" \/>The embellished design creates a vibrant and sophisticated expression that elevates your style with energy and glamour - perfect when you want to feel extra radiant, both for everyday life and parties \u2728\ud83d\udc83<\/p>\n<p data-start=\"487\" data-end=\"601\">\ud83d\udc8e <strong data-start=\"490\" data-end=\"503\">Details:<\/strong><br data-start=\"503\" data-end=\"506\" \/>\u2022 Type: Short necklace<br data-start=\"526\" data-end=\"529\" \/>\u2022 Materials: Alloy, rhinestones<br data-start=\"557\" data-end=\"560\" \/>\u2022 Easy to wear and comfortable around the neck<\/p>\n<p data-start=\"603\" data-end=\"710\">\ud83c\udf3f <strong data-start=\"606\" data-end=\"625\">Reliable quality:<\/strong><br data-start=\"625\" data-end=\"628\" \/>All our jewelry is free of nickel, lead and cadmium in accordance with EU regulations.<\/p>\n<p data-start=\"712\" data-end=\"770\">\u26a0\ufe0f <strong data-start=\"715\" data-end=\"723\">NOTE!<\/strong><br data-start=\"723\" data-end=\"726\" \/><strong data-start=\"726\" data-end=\"770\">NO exchange or return rights on this piece of jewelry.<\/strong><\/p>","protected":false},"featured_media":1063226,"comment_status":"closed","ping_status":"closed","template":"","meta":[],"product_brand":[],"product_cat":[217,231],"product_tag":[],"class_list":{"0":"post-1063222","1":"product","2":"type-product","3":"status-publish","4":"has-post-thumbnail","6":"product_cat-produktnyheter","7":"product_cat-smycken","9":"first","10":"instock","11":"taxable","12":"shipping-taxable","13":"purchasable","14":"product-type-variable"},"yoast_head":"<!-- This site is optimized with the Yoast SEO Premium plugin v27.4 (Yoast SEO v27.4) - https:\/\/yoast.com\/product\/yoast-seo-premium-wordpress\/ -->\n<title>\u2728 Elegant Kort Halsband med Gnistrande Detaljer \u2728 - Stil &amp; Design<\/title>\n<meta name=\"robots\" content=\"index, follow, max-snippet:-1, max-image-preview:large, max-video-preview:-1\" \/>\n<link rel=\"canonical\" href=\"https:\/\/stilanddesign.se\/en\/product\/\u2728-elegant-kort-halsband-med-gnistrande-detaljer-\u2728\/\" \/>\n<meta property=\"og:locale\" content=\"en_US\" \/>\n<meta property=\"og:type\" content=\"article\" \/>\n<meta property=\"og:title\" content=\"\u2728 Elegant Kort Halsband med Gnistrande Detaljer \u2728\" \/>\n<meta property=\"og:description\" content=\"\u2728 Elegant Kort Halsband med Gnistrande Detaljer \u2728 Ett elegant kort halsband med t\u00e4tt placerade dekorativa detaljer som ramas in av gnistrande stenar \ud83d\udcabDen smyckade designen skapar ett livfullt och sofistikerat uttryck som lyfter din stil med energi och glamour \u2013 perfekt n\u00e4r du vill k\u00e4nna dig extra str\u00e5lande, b\u00e5de till vardag och fest \u2728\ud83d\udc83 \ud83d\udc8e Detaljer:\u2022 Typ: Kort halsband\u2022 Material: Legering, strass\u2022 L\u00e4tt att b\u00e4ra och bekv\u00e4mt runt halsen \ud83c\udf3f Trygg kvalitet:Alla v\u00e5ra smycken \u00e4r fria fr\u00e5n nickel, bly och kadmium i enlighet med EU:s regler. \u26a0\ufe0f OBS!EJ byte eller returr\u00e4tt p\u00e5 detta smycke.\" \/>\n<meta property=\"og:url\" content=\"https:\/\/stilanddesign.se\/en\/product\/\u2728-elegant-kort-halsband-med-gnistrande-detaljer-\u2728\/\" \/>\n<meta property=\"og:site_name\" content=\"Stil &amp; Design\" \/>\n<meta property=\"article:modified_time\" content=\"2026-04-24T11:17:58+00:00\" \/>\n<meta name=\"twitter:card\" content=\"summary_large_image\" \/>\n<meta name=\"twitter:label1\" content=\"Est. reading time\" \/>\n\t<meta name=\"twitter:data1\" content=\"1 minute\" \/>\n<script type=\"application\/ld+json\" class=\"yoast-schema-graph\">{\"@context\":\"https:\\\/\\\/schema.org\",\"@graph\":[{\"@type\":\"WebPage\",\"@id\":\"https:\\\/\\\/stilanddesign.se\\\/produkt\\\/%e2%9c%a8-elegant-kort-halsband-med-gnistrande-detaljer-%e2%9c%a8\\\/\",\"url\":\"https:\\\/\\\/stilanddesign.se\\\/produkt\\\/%e2%9c%a8-elegant-kort-halsband-med-gnistrande-detaljer-%e2%9c%a8\\\/\",\"name\":\"\u2728 Elegant Kort Halsband med Gnistrande Detaljer \u2728 - Stil &amp; Design\",\"isPartOf\":{\"@id\":\"https:\\\/\\\/stilanddesign.se\\\/#website\"},\"primaryImageOfPage\":{\"@id\":\"https:\\\/\\\/stilanddesign.se\\\/produkt\\\/%e2%9c%a8-elegant-kort-halsband-med-gnistrande-detaljer-%e2%9c%a8\\\/#primaryimage\"},\"image\":{\"@id\":\"https:\\\/\\\/stilanddesign.se\\\/produkt\\\/%e2%9c%a8-elegant-kort-halsband-med-gnistrande-detaljer-%e2%9c%a8\\\/#primaryimage\"},\"thumbnailUrl\":\"https:\\\/\\\/stilanddesign.se\\\/wp-content\\\/uploads\\\/2026\\\/01\\\/HK291-25-colour-10-pgr15.avif\",\"datePublished\":\"2026-04-24T11:17:02+00:00\",\"dateModified\":\"2026-04-24T11:17:58+00:00\",\"breadcrumb\":{\"@id\":\"https:\\\/\\\/stilanddesign.se\\\/produkt\\\/%e2%9c%a8-elegant-kort-halsband-med-gnistrande-detaljer-%e2%9c%a8\\\/#breadcrumb\"},\"inLanguage\":\"en-US\",\"potentialAction\":[{\"@type\":\"ReadAction\",\"target\":[\"https:\\\/\\\/stilanddesign.se\\\/produkt\\\/%e2%9c%a8-elegant-kort-halsband-med-gnistrande-detaljer-%e2%9c%a8\\\/\"]}]},{\"@type\":\"ImageObject\",\"inLanguage\":\"en-US\",\"@id\":\"https:\\\/\\\/stilanddesign.se\\\/produkt\\\/%e2%9c%a8-elegant-kort-halsband-med-gnistrande-detaljer-%e2%9c%a8\\\/#primaryimage\",\"url\":\"https:\\\/\\\/stilanddesign.se\\\/wp-content\\\/uploads\\\/2026\\\/01\\\/HK291-25-colour-10-pgr15.avif\",\"contentUrl\":\"https:\\\/\\\/stilanddesign.se\\\/wp-content\\\/uploads\\\/2026\\\/01\\\/HK291-25-colour-10-pgr15.avif\",\"width\":720,\"height\":720},{\"@type\":\"BreadcrumbList\",\"@id\":\"https:\\\/\\\/stilanddesign.se\\\/produkt\\\/%e2%9c%a8-elegant-kort-halsband-med-gnistrande-detaljer-%e2%9c%a8\\\/#breadcrumb\",\"itemListElement\":[{\"@type\":\"ListItem\",\"position\":1,\"name\":\"Hem\",\"item\":\"https:\\\/\\\/stilanddesign.se\\\/\"},{\"@type\":\"ListItem\",\"position\":2,\"name\":\"Butiken\",\"item\":\"https:\\\/\\\/stilanddesign.se\\\/butiken\\\/\"},{\"@type\":\"ListItem\",\"position\":3,\"name\":\"\u2728 Elegant Kort Halsband med Gnistrande Detaljer \u2728\"}]},{\"@type\":\"WebSite\",\"@id\":\"https:\\\/\\\/stilanddesign.se\\\/#website\",\"url\":\"https:\\\/\\\/stilanddesign.se\\\/\",\"name\":\"Stil &amp; Design\",\"description\":\"F\u00f6r oss som \u00e4lskar mode!\",\"publisher\":{\"@id\":\"https:\\\/\\\/stilanddesign.se\\\/#organization\"},\"potentialAction\":[{\"@type\":\"SearchAction\",\"target\":{\"@type\":\"EntryPoint\",\"urlTemplate\":\"https:\\\/\\\/stilanddesign.se\\\/?s={search_term_string}\"},\"query-input\":{\"@type\":\"PropertyValueSpecification\",\"valueRequired\":true,\"valueName\":\"search_term_string\"}}],\"inLanguage\":\"en-US\"},{\"@type\":\"Organization\",\"@id\":\"https:\\\/\\\/stilanddesign.se\\\/#organization\",\"name\":\"Stil &amp; Design\",\"url\":\"https:\\\/\\\/stilanddesign.se\\\/\",\"logo\":{\"@type\":\"ImageObject\",\"inLanguage\":\"en-US\",\"@id\":\"https:\\\/\\\/stilanddesign.se\\\/#\\\/schema\\\/logo\\\/image\\\/\",\"url\":\"https:\\\/\\\/stilanddesign.se\\\/wp-content\\\/uploads\\\/2023\\\/12\\\/output-onlinepngtools-e1727784413220.png\",\"contentUrl\":\"https:\\\/\\\/stilanddesign.se\\\/wp-content\\\/uploads\\\/2023\\\/12\\\/output-onlinepngtools-e1727784413220.png\",\"width\":519,\"height\":135,\"caption\":\"Stil &amp; Design\"},\"image\":{\"@id\":\"https:\\\/\\\/stilanddesign.se\\\/#\\\/schema\\\/logo\\\/image\\\/\"}}]}<\/script>\n<!-- \/ Yoast SEO Premium plugin. -->","yoast_head_json":{"title":"\u2728 Elegant Kort Halsband med Gnistrande Detaljer \u2728 - Stil &amp; Design","robots":{"index":"index","follow":"follow","max-snippet":"max-snippet:-1","max-image-preview":"max-image-preview:large","max-video-preview":"max-video-preview:-1"},"canonical":"https:\/\/stilanddesign.se\/en\/product\/\u2728-elegant-kort-halsband-med-gnistrande-detaljer-\u2728\/","og_locale":"en_US","og_type":"article","og_title":"\u2728 Elegant Kort Halsband med Gnistrande Detaljer \u2728","og_description":"\u2728 Elegant Kort Halsband med Gnistrande Detaljer \u2728 Ett elegant kort halsband med t\u00e4tt placerade dekorativa detaljer som ramas in av gnistrande stenar \ud83d\udcabDen smyckade designen skapar ett livfullt och sofistikerat uttryck som lyfter din stil med energi och glamour \u2013 perfekt n\u00e4r du vill k\u00e4nna dig extra str\u00e5lande, b\u00e5de till vardag och fest \u2728\ud83d\udc83 \ud83d\udc8e Detaljer:\u2022 Typ: Kort halsband\u2022 Material: Legering, strass\u2022 L\u00e4tt att b\u00e4ra och bekv\u00e4mt runt halsen \ud83c\udf3f Trygg kvalitet:Alla v\u00e5ra smycken \u00e4r fria fr\u00e5n nickel, bly och kadmium i enlighet med EU:s regler. \u26a0\ufe0f OBS!EJ byte eller returr\u00e4tt p\u00e5 detta smycke.","og_url":"https:\/\/stilanddesign.se\/en\/product\/\u2728-elegant-kort-halsband-med-gnistrande-detaljer-\u2728\/","og_site_name":"Stil &amp; Design","article_modified_time":"2026-04-24T11:17:58+00:00","twitter_card":"summary_large_image","twitter_misc":{"Est. reading time":"1 minute"},"schema":{"@context":"https:\/\/schema.org","@graph":[{"@type":"WebPage","@id":"https:\/\/stilanddesign.se\/produkt\/%e2%9c%a8-elegant-kort-halsband-med-gnistrande-detaljer-%e2%9c%a8\/","url":"https:\/\/stilanddesign.se\/produkt\/%e2%9c%a8-elegant-kort-halsband-med-gnistrande-detaljer-%e2%9c%a8\/","name":"\u2728 Elegant Kort Halsband med Gnistrande Detaljer \u2728 - Stil &amp; Design","isPartOf":{"@id":"https:\/\/stilanddesign.se\/#website"},"primaryImageOfPage":{"@id":"https:\/\/stilanddesign.se\/produkt\/%e2%9c%a8-elegant-kort-halsband-med-gnistrande-detaljer-%e2%9c%a8\/#primaryimage"},"image":{"@id":"https:\/\/stilanddesign.se\/produkt\/%e2%9c%a8-elegant-kort-halsband-med-gnistrande-detaljer-%e2%9c%a8\/#primaryimage"},"thumbnailUrl":"https:\/\/stilanddesign.se\/wp-content\/uploads\/2026\/01\/HK291-25-colour-10-pgr15.avif","datePublished":"2026-04-24T11:17:02+00:00","dateModified":"2026-04-24T11:17:58+00:00","breadcrumb":{"@id":"https:\/\/stilanddesign.se\/produkt\/%e2%9c%a8-elegant-kort-halsband-med-gnistrande-detaljer-%e2%9c%a8\/#breadcrumb"},"inLanguage":"en-US","potentialAction":[{"@type":"ReadAction","target":["https:\/\/stilanddesign.se\/produkt\/%e2%9c%a8-elegant-kort-halsband-med-gnistrande-detaljer-%e2%9c%a8\/"]}]},{"@type":"ImageObject","inLanguage":"en-US","@id":"https:\/\/stilanddesign.se\/produkt\/%e2%9c%a8-elegant-kort-halsband-med-gnistrande-detaljer-%e2%9c%a8\/#primaryimage","url":"https:\/\/stilanddesign.se\/wp-content\/uploads\/2026\/01\/HK291-25-colour-10-pgr15.avif","contentUrl":"https:\/\/stilanddesign.se\/wp-content\/uploads\/2026\/01\/HK291-25-colour-10-pgr15.avif","width":720,"height":720},{"@type":"BreadcrumbList","@id":"https:\/\/stilanddesign.se\/produkt\/%e2%9c%a8-elegant-kort-halsband-med-gnistrande-detaljer-%e2%9c%a8\/#breadcrumb","itemListElement":[{"@type":"ListItem","position":1,"name":"Hem","item":"https:\/\/stilanddesign.se\/"},{"@type":"ListItem","position":2,"name":"Butiken","item":"https:\/\/stilanddesign.se\/butiken\/"},{"@type":"ListItem","position":3,"name":"\u2728 Elegant Kort Halsband med Gnistrande Detaljer \u2728"}]},{"@type":"WebSite","@id":"https:\/\/stilanddesign.se\/#website","url":"https:\/\/stilanddesign.se\/","name":"Style &amp; Design","description":"For those of us who love fashion!","publisher":{"@id":"https:\/\/stilanddesign.se\/#organization"},"potentialAction":[{"@type":"SearchAction","target":{"@type":"EntryPoint","urlTemplate":"https:\/\/stilanddesign.se\/?s={search_term_string}"},"query-input":{"@type":"PropertyValueSpecification","valueRequired":true,"valueName":"search_term_string"}}],"inLanguage":"en-US"},{"@type":"Organization","@id":"https:\/\/stilanddesign.se\/#organization","name":"Style &amp; Design","url":"https:\/\/stilanddesign.se\/","logo":{"@type":"ImageObject","inLanguage":"en-US","@id":"https:\/\/stilanddesign.se\/#\/schema\/logo\/image\/","url":"https:\/\/stilanddesign.se\/wp-content\/uploads\/2023\/12\/output-onlinepngtools-e1727784413220.png","contentUrl":"https:\/\/stilanddesign.se\/wp-content\/uploads\/2023\/12\/output-onlinepngtools-e1727784413220.png","width":519,"height":135,"caption":"Stil &amp; Design"},"image":{"@id":"https:\/\/stilanddesign.se\/#\/schema\/logo\/image\/"}}]}},"_links":{"self":[{"href":"https:\/\/stilanddesign.se\/en\/wp-json\/wp\/v2\/product\/1063222","targetHints":{"allow":["GET"]}}],"collection":[{"href":"https:\/\/stilanddesign.se\/en\/wp-json\/wp\/v2\/product"}],"about":[{"href":"https:\/\/stilanddesign.se\/en\/wp-json\/wp\/v2\/types\/product"}],"replies":[{"embeddable":true,"href":"https:\/\/stilanddesign.se\/en\/wp-json\/wp\/v2\/comments?post=1063222"}],"wp:featuredmedia":[{"embeddable":true,"href":"https:\/\/stilanddesign.se\/en\/wp-json\/wp\/v2\/media\/1063226"}],"wp:attachment":[{"href":"https:\/\/stilanddesign.se\/en\/wp-json\/wp\/v2\/media?parent=1063222"}],"wp:term":[{"taxonomy":"product_brand","embeddable":true,"href":"https:\/\/stilanddesign.se\/en\/wp-json\/wp\/v2\/product_brand?post=1063222"},{"taxonomy":"product_cat","embeddable":true,"href":"https:\/\/stilanddesign.se\/en\/wp-json\/wp\/v2\/product_cat?post=1063222"},{"taxonomy":"product_tag","embeddable":true,"href":"https:\/\/stilanddesign.se\/en\/wp-json\/wp\/v2\/product_tag?post=1063222"}],"curies":[{"name":"wp","href":"https:\/\/api.w.org\/{rel}","templated":true}]}}