{"id":1062525,"date":"2026-02-10T13:27:11","date_gmt":"2026-02-10T12:27:11","guid":{"rendered":"https:\/\/stilanddesign.se\/?post_type=product&#038;p=1062525"},"modified":"2026-04-18T19:05:00","modified_gmt":"2026-04-18T17:05:00","slug":"%f0%9f%92%9a-ayla-klanning-bohemisk-elegans-nar-den-ar-som-vackrast-%f0%9f%92%9a","status":"publish","type":"product","link":"https:\/\/stilanddesign.se\/en\/product\/%f0%9f%92%9a-ayla-klanning-bohemisk-elegans-nar-den-ar-som-vackrast-%f0%9f%92%9a\/","title":{"rendered":"\ud83d\udc9a Ayla Dress \u2013 bohemian elegance at its most beautiful \ud83d\udc9a"},"content":{"rendered":"<p data-start=\"96\" data-end=\"411\">\ud83d\udc9a <strong data-start=\"99\" data-end=\"159\">Ayla Dress \u2013 bohemian elegance at its most beautiful<\/strong> \ud83d\udc9a<br data-start=\"162\" data-end=\"165\" \/>A dress that <strong data-start=\"181\" data-end=\"196\">sweeps forward<\/strong>, catches eyes and feels as amazing as it looks \u2728<br data-start=\"255\" data-end=\"258\" \/>The turquoise medallion pattern together with <strong data-start=\"304\" data-end=\"324\">golden details<\/strong> gives a luxurious, bohemian touch that suits everything from summer parties to holiday evenings \ud83c\udf1e\ud83e\udd42<\/p>\n<p data-start=\"413\" data-end=\"880\">\ud83c\udf1f <strong data-start=\"416\" data-end=\"439\">Details we love:<\/strong><br data-start=\"439\" data-end=\"442\" \/>\ud83d\udcab V-neckline both front and back <strong data-start=\"464\" data-end=\"475\">and back<\/strong> \u2013 feminine and flattering<br data-start=\"500\" data-end=\"503\" \/>\ud83c\udf80 Tie at the neck with decorative <strong data-start=\"539\" data-end=\"549\" data-is-only-node=\"\">tassels<\/strong> \u2013 adjust fit &amp; style<br data-start=\"575\" data-end=\"578\" \/>\ud83d\udc51 Wide cutout under the bust with beautiful contrast border that highlights the waist<br data-start=\"653\" data-end=\"656\" \/>\ud83c\udf3f Elastic at the back + wide ties at the sides for <strong data-start=\"704\" data-end=\"724\">perfect fit<\/strong><br data-start=\"724\" data-end=\"727\" \/>\ud83d\udc83 Exposed skirt part with <strong data-start=\"751\" data-end=\"777\">elegant slit at the front<\/strong> \u2013 airy, mobile and incredibly stylish<br data-start=\"816\" data-end=\"819\" \/>\ud83e\udd8b Wide sleeves that fall softly and give a dreamy look<\/p>\n<p data-start=\"882\" data-end=\"957\">\ud83e\uddf5 <strong data-start=\"885\" data-end=\"898\">Material:<\/strong><br data-start=\"898\" data-end=\"901\" \/>100% polyester (silk look) \u2013 light, supple and cool \u2728<\/p>\n<p data-start=\"959\" data-end=\"1039\">\ud83d\udccf <strong data-start=\"962\" data-end=\"972\">Length:<\/strong><br data-start=\"972\" data-end=\"975\" \/>140 cm from the shoulder in size M<br data-start=\"1001\" data-end=\"1004\" \/>The model is 170 cm and wears size S.<\/p>\n<p data-start=\"1041\" data-end=\"1146\" data-is-last-node=\"\" data-is-only-node=\"\">This dress is <strong data-start=\"1063\" data-end=\"1086\">the main role of the summer<\/strong> \u2013 romantic, confident and absolutely impossible not to love \ud83d\udc9a\u2728<\/p>","protected":false},"excerpt":{"rendered":"<p data-start=\"96\" data-end=\"411\">\ud83d\udc9a <strong data-start=\"99\" data-end=\"159\">Ayla Dress \u2013 bohemian elegance at its most beautiful<\/strong> \ud83d\udc9a<br data-start=\"162\" data-end=\"165\" \/>A dress that <strong data-start=\"181\" data-end=\"196\">sweeps forward<\/strong>, catches eyes and feels as amazing as it looks \u2728<br data-start=\"255\" data-end=\"258\" \/>The turquoise medallion pattern together with <strong data-start=\"304\" data-end=\"324\">golden details<\/strong> gives a luxurious, bohemian touch that suits everything from summer parties to holiday evenings \ud83c\udf1e\ud83e\udd42<\/p>\n<p data-start=\"413\" data-end=\"880\">\ud83c\udf1f <strong data-start=\"416\" data-end=\"439\">Details we love:<\/strong><br data-start=\"439\" data-end=\"442\" \/>\ud83d\udcab V-neckline both front and back <strong data-start=\"464\" data-end=\"475\">and back<\/strong> \u2013 feminine and flattering<br data-start=\"500\" data-end=\"503\" \/>\ud83c\udf80 Tie at the neck with decorative <strong data-start=\"539\" data-end=\"549\" data-is-only-node=\"\">tassels<\/strong> \u2013 adjust fit &amp; style<br data-start=\"575\" data-end=\"578\" \/>\ud83d\udc51 Wide cutout under the bust with beautiful contrast border that highlights the waist<br data-start=\"653\" data-end=\"656\" \/>\ud83c\udf3f Elastic at the back + wide ties at the sides for <strong data-start=\"704\" data-end=\"724\">perfect fit<\/strong><br data-start=\"724\" data-end=\"727\" \/>\ud83d\udc83 Exposed skirt part with <strong data-start=\"751\" data-end=\"777\">elegant slit at the front<\/strong> \u2013 airy, mobile and incredibly stylish<br data-start=\"816\" data-end=\"819\" \/>\ud83e\udd8b Wide sleeves that fall softly and give a dreamy look<\/p>\n<p data-start=\"882\" data-end=\"957\">\ud83e\uddf5 <strong data-start=\"885\" data-end=\"898\">Material:<\/strong><br data-start=\"898\" data-end=\"901\" \/>100% polyester (silk look) \u2013 light, supple and cool \u2728<\/p>\n<p data-start=\"959\" data-end=\"1039\">\ud83d\udccf <strong data-start=\"962\" data-end=\"972\">Length:<\/strong><br data-start=\"972\" data-end=\"975\" \/>140 cm from the shoulder in size M<br data-start=\"1001\" data-end=\"1004\" \/>The model is 170 cm and wears size S.<\/p>\n<p data-start=\"1041\" data-end=\"1146\" data-is-last-node=\"\" data-is-only-node=\"\">This dress is <strong data-start=\"1063\" data-end=\"1086\">the main role of the summer<\/strong> \u2013 romantic, confident and absolutely impossible not to love \ud83d\udc9a\u2728<\/p>","protected":false},"featured_media":1062545,"comment_status":"closed","ping_status":"closed","template":"","meta":[],"product_brand":[],"product_cat":[215],"product_tag":[],"class_list":{"0":"post-1062525","1":"product","2":"type-product","3":"status-publish","4":"has-post-thumbnail","6":"product_cat-klanningar","8":"first","9":"instock","10":"taxable","11":"shipping-taxable","12":"purchasable","13":"product-type-variable"},"yoast_head":"<!-- This site is optimized with the Yoast SEO Premium plugin v27.4 (Yoast SEO v27.4) - https:\/\/yoast.com\/product\/yoast-seo-premium-wordpress\/ -->\n<title>\ud83d\udc9a Ayla Kl\u00e4nning \u2013 bohemisk elegans n\u00e4r den \u00e4r som vackrast \ud83d\udc9a - Stil &amp; Design<\/title>\n<meta name=\"robots\" content=\"index, follow, max-snippet:-1, max-image-preview:large, max-video-preview:-1\" \/>\n<link rel=\"canonical\" href=\"https:\/\/stilanddesign.se\/en\/product\/\ud83d\udc9a-ayla-klanning-bohemisk-elegans-nar-den-ar-som-vackrast-\ud83d\udc9a\/\" \/>\n<meta property=\"og:locale\" content=\"en_US\" \/>\n<meta property=\"og:type\" content=\"article\" \/>\n<meta property=\"og:title\" content=\"\ud83d\udc9a Ayla Kl\u00e4nning \u2013 bohemisk elegans n\u00e4r den \u00e4r som vackrast \ud83d\udc9a\" \/>\n<meta property=\"og:description\" content=\"\ud83d\udc9a Ayla Kl\u00e4nning \u2013 bohemisk elegans n\u00e4r den \u00e4r som vackrast \ud83d\udc9aEn kl\u00e4nning som sveper fram, f\u00e5ngar blickar och k\u00e4nns lika fantastisk som den ser ut \u2728Det turkosa medaljongm\u00f6nstret tillsammans med guldiga detaljer ger en lyxig, bohemisk touch som passar allt fr\u00e5n sommarfest till semesterkv\u00e4llar \ud83c\udf1e\ud83e\udd42 \ud83c\udf1f Detaljer vi \u00e4lskar:\ud83d\udcab V-ringad b\u00e5de fram och bak \u2013 feminin och smickrande\ud83c\udf80 Knytband i nacken med dekorativa tofsar \u2013 justera passform &amp; stil\ud83d\udc51 Bred avsk\u00e4rning under bysten med vacker kontrastb\u00e5rd som markerar midjan\ud83c\udf3f Res\u00e5r baktill + breda knytband i sidorna f\u00f6r perfekt passform\ud83d\udc83 Utst\u00e4lld kjoldel med elegant slits framtill \u2013 luftigt, r\u00f6rligt och otroligt snyggt\ud83e\udd8b Vida \u00e4rmar som faller mjukt och ger ett dr\u00f6mmigt uttryck \ud83e\uddf5 Material:100% polyester (silke-look) \u2013 l\u00e4tt, f\u00f6ljsam och sval \u2728 \ud83d\udccf L\u00e4ngd:140 cm fr\u00e5n axeln i strl MModellen \u00e4r 170 cm och b\u00e4r strl S Den h\u00e4r kl\u00e4nningen \u00e4r sommarens huvudroll \u2013 romantisk, sj\u00e4lvs\u00e4ker och helt om\u00f6jlig att inte \u00e4lska \ud83d\udc9a\u2728\" \/>\n<meta property=\"og:url\" content=\"https:\/\/stilanddesign.se\/en\/product\/\ud83d\udc9a-ayla-klanning-bohemisk-elegans-nar-den-ar-som-vackrast-\ud83d\udc9a\/\" \/>\n<meta property=\"og:site_name\" content=\"Stil &amp; Design\" \/>\n<meta property=\"article:modified_time\" content=\"2026-04-18T17:05:00+00:00\" \/>\n<meta property=\"og:image\" content=\"https:\/\/stilanddesign.se\/wp-content\/uploads\/2026\/01\/Ayla-Dress-Lagoon-Guld-3.jpg\" \/>\n\t<meta property=\"og:image:width\" content=\"900\" \/>\n\t<meta property=\"og:image:height\" content=\"1350\" \/>\n\t<meta property=\"og:image:type\" content=\"image\/jpeg\" \/>\n<meta name=\"twitter:card\" content=\"summary_large_image\" \/>\n<meta name=\"twitter:label1\" content=\"Est. reading time\" \/>\n\t<meta name=\"twitter:data1\" content=\"1 minute\" \/>\n<script type=\"application\/ld+json\" class=\"yoast-schema-graph\">{\"@context\":\"https:\\\/\\\/schema.org\",\"@graph\":[{\"@type\":\"WebPage\",\"@id\":\"https:\\\/\\\/stilanddesign.se\\\/produkt\\\/%f0%9f%92%9a-ayla-klanning-bohemisk-elegans-nar-den-ar-som-vackrast-%f0%9f%92%9a\\\/\",\"url\":\"https:\\\/\\\/stilanddesign.se\\\/produkt\\\/%f0%9f%92%9a-ayla-klanning-bohemisk-elegans-nar-den-ar-som-vackrast-%f0%9f%92%9a\\\/\",\"name\":\"\ud83d\udc9a Ayla Kl\u00e4nning \u2013 bohemisk elegans n\u00e4r den \u00e4r som vackrast \ud83d\udc9a - Stil &amp; Design\",\"isPartOf\":{\"@id\":\"https:\\\/\\\/stilanddesign.se\\\/#website\"},\"primaryImageOfPage\":{\"@id\":\"https:\\\/\\\/stilanddesign.se\\\/produkt\\\/%f0%9f%92%9a-ayla-klanning-bohemisk-elegans-nar-den-ar-som-vackrast-%f0%9f%92%9a\\\/#primaryimage\"},\"image\":{\"@id\":\"https:\\\/\\\/stilanddesign.se\\\/produkt\\\/%f0%9f%92%9a-ayla-klanning-bohemisk-elegans-nar-den-ar-som-vackrast-%f0%9f%92%9a\\\/#primaryimage\"},\"thumbnailUrl\":\"https:\\\/\\\/stilanddesign.se\\\/wp-content\\\/uploads\\\/2026\\\/01\\\/Ayla-Dress-Lagoon-Guld-3.jpg\",\"datePublished\":\"2026-02-10T12:27:11+00:00\",\"dateModified\":\"2026-04-18T17:05:00+00:00\",\"breadcrumb\":{\"@id\":\"https:\\\/\\\/stilanddesign.se\\\/produkt\\\/%f0%9f%92%9a-ayla-klanning-bohemisk-elegans-nar-den-ar-som-vackrast-%f0%9f%92%9a\\\/#breadcrumb\"},\"inLanguage\":\"en-US\",\"potentialAction\":[{\"@type\":\"ReadAction\",\"target\":[\"https:\\\/\\\/stilanddesign.se\\\/produkt\\\/%f0%9f%92%9a-ayla-klanning-bohemisk-elegans-nar-den-ar-som-vackrast-%f0%9f%92%9a\\\/\"]}]},{\"@type\":\"ImageObject\",\"inLanguage\":\"en-US\",\"@id\":\"https:\\\/\\\/stilanddesign.se\\\/produkt\\\/%f0%9f%92%9a-ayla-klanning-bohemisk-elegans-nar-den-ar-som-vackrast-%f0%9f%92%9a\\\/#primaryimage\",\"url\":\"https:\\\/\\\/stilanddesign.se\\\/wp-content\\\/uploads\\\/2026\\\/01\\\/Ayla-Dress-Lagoon-Guld-3.jpg\",\"contentUrl\":\"https:\\\/\\\/stilanddesign.se\\\/wp-content\\\/uploads\\\/2026\\\/01\\\/Ayla-Dress-Lagoon-Guld-3.jpg\",\"width\":900,\"height\":1350},{\"@type\":\"BreadcrumbList\",\"@id\":\"https:\\\/\\\/stilanddesign.se\\\/produkt\\\/%f0%9f%92%9a-ayla-klanning-bohemisk-elegans-nar-den-ar-som-vackrast-%f0%9f%92%9a\\\/#breadcrumb\",\"itemListElement\":[{\"@type\":\"ListItem\",\"position\":1,\"name\":\"Hem\",\"item\":\"https:\\\/\\\/stilanddesign.se\\\/\"},{\"@type\":\"ListItem\",\"position\":2,\"name\":\"Butiken\",\"item\":\"https:\\\/\\\/stilanddesign.se\\\/butiken\\\/\"},{\"@type\":\"ListItem\",\"position\":3,\"name\":\"\ud83d\udc9a Ayla Kl\u00e4nning \u2013 bohemisk elegans n\u00e4r den \u00e4r som vackrast \ud83d\udc9a\"}]},{\"@type\":\"WebSite\",\"@id\":\"https:\\\/\\\/stilanddesign.se\\\/#website\",\"url\":\"https:\\\/\\\/stilanddesign.se\\\/\",\"name\":\"Stil &amp; Design\",\"description\":\"F\u00f6r oss som \u00e4lskar mode!\",\"publisher\":{\"@id\":\"https:\\\/\\\/stilanddesign.se\\\/#organization\"},\"potentialAction\":[{\"@type\":\"SearchAction\",\"target\":{\"@type\":\"EntryPoint\",\"urlTemplate\":\"https:\\\/\\\/stilanddesign.se\\\/?s={search_term_string}\"},\"query-input\":{\"@type\":\"PropertyValueSpecification\",\"valueRequired\":true,\"valueName\":\"search_term_string\"}}],\"inLanguage\":\"en-US\"},{\"@type\":\"Organization\",\"@id\":\"https:\\\/\\\/stilanddesign.se\\\/#organization\",\"name\":\"Stil &amp; Design\",\"url\":\"https:\\\/\\\/stilanddesign.se\\\/\",\"logo\":{\"@type\":\"ImageObject\",\"inLanguage\":\"en-US\",\"@id\":\"https:\\\/\\\/stilanddesign.se\\\/#\\\/schema\\\/logo\\\/image\\\/\",\"url\":\"https:\\\/\\\/stilanddesign.se\\\/wp-content\\\/uploads\\\/2023\\\/12\\\/output-onlinepngtools-e1727784413220.png\",\"contentUrl\":\"https:\\\/\\\/stilanddesign.se\\\/wp-content\\\/uploads\\\/2023\\\/12\\\/output-onlinepngtools-e1727784413220.png\",\"width\":519,\"height\":135,\"caption\":\"Stil &amp; Design\"},\"image\":{\"@id\":\"https:\\\/\\\/stilanddesign.se\\\/#\\\/schema\\\/logo\\\/image\\\/\"}}]}<\/script>\n<!-- \/ Yoast SEO Premium plugin. -->","yoast_head_json":{"title":"\ud83d\udc9a Ayla Kl\u00e4nning \u2013 bohemisk elegans n\u00e4r den \u00e4r som vackrast \ud83d\udc9a - Stil &amp; Design","robots":{"index":"index","follow":"follow","max-snippet":"max-snippet:-1","max-image-preview":"max-image-preview:large","max-video-preview":"max-video-preview:-1"},"canonical":"https:\/\/stilanddesign.se\/en\/product\/\ud83d\udc9a-ayla-klanning-bohemisk-elegans-nar-den-ar-som-vackrast-\ud83d\udc9a\/","og_locale":"en_US","og_type":"article","og_title":"\ud83d\udc9a Ayla Kl\u00e4nning \u2013 bohemisk elegans n\u00e4r den \u00e4r som vackrast \ud83d\udc9a","og_description":"\ud83d\udc9a Ayla Kl\u00e4nning \u2013 bohemisk elegans n\u00e4r den \u00e4r som vackrast \ud83d\udc9aEn kl\u00e4nning som sveper fram, f\u00e5ngar blickar och k\u00e4nns lika fantastisk som den ser ut \u2728Det turkosa medaljongm\u00f6nstret tillsammans med guldiga detaljer ger en lyxig, bohemisk touch som passar allt fr\u00e5n sommarfest till semesterkv\u00e4llar \ud83c\udf1e\ud83e\udd42 \ud83c\udf1f Detaljer vi \u00e4lskar:\ud83d\udcab V-ringad b\u00e5de fram och bak \u2013 feminin och smickrande\ud83c\udf80 Knytband i nacken med dekorativa tofsar \u2013 justera passform &amp; stil\ud83d\udc51 Bred avsk\u00e4rning under bysten med vacker kontrastb\u00e5rd som markerar midjan\ud83c\udf3f Res\u00e5r baktill + breda knytband i sidorna f\u00f6r perfekt passform\ud83d\udc83 Utst\u00e4lld kjoldel med elegant slits framtill \u2013 luftigt, r\u00f6rligt och otroligt snyggt\ud83e\udd8b Vida \u00e4rmar som faller mjukt och ger ett dr\u00f6mmigt uttryck \ud83e\uddf5 Material:100% polyester (silke-look) \u2013 l\u00e4tt, f\u00f6ljsam och sval \u2728 \ud83d\udccf L\u00e4ngd:140 cm fr\u00e5n axeln i strl MModellen \u00e4r 170 cm och b\u00e4r strl S Den h\u00e4r kl\u00e4nningen \u00e4r sommarens huvudroll \u2013 romantisk, sj\u00e4lvs\u00e4ker och helt om\u00f6jlig att inte \u00e4lska \ud83d\udc9a\u2728","og_url":"https:\/\/stilanddesign.se\/en\/product\/\ud83d\udc9a-ayla-klanning-bohemisk-elegans-nar-den-ar-som-vackrast-\ud83d\udc9a\/","og_site_name":"Stil &amp; Design","article_modified_time":"2026-04-18T17:05:00+00:00","og_image":[{"width":900,"height":1350,"url":"https:\/\/stilanddesign.se\/wp-content\/uploads\/2026\/01\/Ayla-Dress-Lagoon-Guld-3.jpg","type":"image\/jpeg"}],"twitter_card":"summary_large_image","twitter_misc":{"Est. reading time":"1 minute"},"schema":{"@context":"https:\/\/schema.org","@graph":[{"@type":"WebPage","@id":"https:\/\/stilanddesign.se\/produkt\/%f0%9f%92%9a-ayla-klanning-bohemisk-elegans-nar-den-ar-som-vackrast-%f0%9f%92%9a\/","url":"https:\/\/stilanddesign.se\/produkt\/%f0%9f%92%9a-ayla-klanning-bohemisk-elegans-nar-den-ar-som-vackrast-%f0%9f%92%9a\/","name":"\ud83d\udc9a Ayla Kl\u00e4nning \u2013 bohemisk elegans n\u00e4r den \u00e4r som vackrast \ud83d\udc9a - Stil &amp; Design","isPartOf":{"@id":"https:\/\/stilanddesign.se\/#website"},"primaryImageOfPage":{"@id":"https:\/\/stilanddesign.se\/produkt\/%f0%9f%92%9a-ayla-klanning-bohemisk-elegans-nar-den-ar-som-vackrast-%f0%9f%92%9a\/#primaryimage"},"image":{"@id":"https:\/\/stilanddesign.se\/produkt\/%f0%9f%92%9a-ayla-klanning-bohemisk-elegans-nar-den-ar-som-vackrast-%f0%9f%92%9a\/#primaryimage"},"thumbnailUrl":"https:\/\/stilanddesign.se\/wp-content\/uploads\/2026\/01\/Ayla-Dress-Lagoon-Guld-3.jpg","datePublished":"2026-02-10T12:27:11+00:00","dateModified":"2026-04-18T17:05:00+00:00","breadcrumb":{"@id":"https:\/\/stilanddesign.se\/produkt\/%f0%9f%92%9a-ayla-klanning-bohemisk-elegans-nar-den-ar-som-vackrast-%f0%9f%92%9a\/#breadcrumb"},"inLanguage":"en-US","potentialAction":[{"@type":"ReadAction","target":["https:\/\/stilanddesign.se\/produkt\/%f0%9f%92%9a-ayla-klanning-bohemisk-elegans-nar-den-ar-som-vackrast-%f0%9f%92%9a\/"]}]},{"@type":"ImageObject","inLanguage":"en-US","@id":"https:\/\/stilanddesign.se\/produkt\/%f0%9f%92%9a-ayla-klanning-bohemisk-elegans-nar-den-ar-som-vackrast-%f0%9f%92%9a\/#primaryimage","url":"https:\/\/stilanddesign.se\/wp-content\/uploads\/2026\/01\/Ayla-Dress-Lagoon-Guld-3.jpg","contentUrl":"https:\/\/stilanddesign.se\/wp-content\/uploads\/2026\/01\/Ayla-Dress-Lagoon-Guld-3.jpg","width":900,"height":1350},{"@type":"BreadcrumbList","@id":"https:\/\/stilanddesign.se\/produkt\/%f0%9f%92%9a-ayla-klanning-bohemisk-elegans-nar-den-ar-som-vackrast-%f0%9f%92%9a\/#breadcrumb","itemListElement":[{"@type":"ListItem","position":1,"name":"Hem","item":"https:\/\/stilanddesign.se\/"},{"@type":"ListItem","position":2,"name":"Butiken","item":"https:\/\/stilanddesign.se\/butiken\/"},{"@type":"ListItem","position":3,"name":"\ud83d\udc9a Ayla Kl\u00e4nning \u2013 bohemisk elegans n\u00e4r den \u00e4r som vackrast \ud83d\udc9a"}]},{"@type":"WebSite","@id":"https:\/\/stilanddesign.se\/#website","url":"https:\/\/stilanddesign.se\/","name":"Style &amp; Design","description":"For those of us who love fashion!","publisher":{"@id":"https:\/\/stilanddesign.se\/#organization"},"potentialAction":[{"@type":"SearchAction","target":{"@type":"EntryPoint","urlTemplate":"https:\/\/stilanddesign.se\/?s={search_term_string}"},"query-input":{"@type":"PropertyValueSpecification","valueRequired":true,"valueName":"search_term_string"}}],"inLanguage":"en-US"},{"@type":"Organization","@id":"https:\/\/stilanddesign.se\/#organization","name":"Style &amp; Design","url":"https:\/\/stilanddesign.se\/","logo":{"@type":"ImageObject","inLanguage":"en-US","@id":"https:\/\/stilanddesign.se\/#\/schema\/logo\/image\/","url":"https:\/\/stilanddesign.se\/wp-content\/uploads\/2023\/12\/output-onlinepngtools-e1727784413220.png","contentUrl":"https:\/\/stilanddesign.se\/wp-content\/uploads\/2023\/12\/output-onlinepngtools-e1727784413220.png","width":519,"height":135,"caption":"Stil &amp; Design"},"image":{"@id":"https:\/\/stilanddesign.se\/#\/schema\/logo\/image\/"}}]}},"_links":{"self":[{"href":"https:\/\/stilanddesign.se\/en\/wp-json\/wp\/v2\/product\/1062525","targetHints":{"allow":["GET"]}}],"collection":[{"href":"https:\/\/stilanddesign.se\/en\/wp-json\/wp\/v2\/product"}],"about":[{"href":"https:\/\/stilanddesign.se\/en\/wp-json\/wp\/v2\/types\/product"}],"replies":[{"embeddable":true,"href":"https:\/\/stilanddesign.se\/en\/wp-json\/wp\/v2\/comments?post=1062525"}],"wp:featuredmedia":[{"embeddable":true,"href":"https:\/\/stilanddesign.se\/en\/wp-json\/wp\/v2\/media\/1062545"}],"wp:attachment":[{"href":"https:\/\/stilanddesign.se\/en\/wp-json\/wp\/v2\/media?parent=1062525"}],"wp:term":[{"taxonomy":"product_brand","embeddable":true,"href":"https:\/\/stilanddesign.se\/en\/wp-json\/wp\/v2\/product_brand?post=1062525"},{"taxonomy":"product_cat","embeddable":true,"href":"https:\/\/stilanddesign.se\/en\/wp-json\/wp\/v2\/product_cat?post=1062525"},{"taxonomy":"product_tag","embeddable":true,"href":"https:\/\/stilanddesign.se\/en\/wp-json\/wp\/v2\/product_tag?post=1062525"}],"curies":[{"name":"wp","href":"https:\/\/api.w.org\/{rel}","templated":true}]}}