{"id":1062504,"date":"2026-01-22T08:24:06","date_gmt":"2026-01-22T07:24:06","guid":{"rendered":"https:\/\/stilanddesign.se\/?post_type=product&#038;p=1062504"},"modified":"2026-04-08T13:19:51","modified_gmt":"2026-04-08T11:19:51","slug":"%f0%9f%96%a4-florence-blus-aven-i-svart-%f0%9f%96%a4","status":"publish","type":"product","link":"https:\/\/stilanddesign.se\/en\/product\/%f0%9f%96%a4-florence-blus-aven-i-svart-%f0%9f%96%a4\/","title":{"rendered":"\ud83d\udda4 Florence blouse in black \ud83d\udda4"},"content":{"rendered":"<p data-start=\"70\" data-end=\"300\">\ud83d\udda4 <strong data-start=\"73\" data-end=\"105\">Florence Blouse \u2013 in black<\/strong> \ud83d\udda4<br data-start=\"108\" data-end=\"111\" \/>The same lovely <strong data-start=\"126\" data-end=\"144\">embroidered mesh<\/strong>, the same <strong data-start=\"152\" data-end=\"166\">3D flowers<\/strong> and that luxurious, rock-romantic feeling \u2013 but in black the expression becomes even more <strong data-start=\"248\" data-end=\"293\" data-is-only-node=\"\">dramatic, elegant and ready to go out<\/strong> \ud83c\udf19\ud83d\udd25<\/p>\n<p data-start=\"302\" data-end=\"581\">\u2728 <strong data-start=\"304\" data-end=\"337\">Details that make the whole blouse:<\/strong><br data-start=\"337\" data-end=\"340\" \/>\ud83d\udda4 Sheer mesh with embroidery and 3D flowers \u2013 adds depth and structure<br data-start=\"402\" data-end=\"405\" \/>\ud83c\udf80 Satin ribbon at the neck \u2013 ties as a stylish detail<br data-start=\"454\" data-end=\"457\" \/>\ud83c\udf38 Puffy 3\/4 sleeves with soft elastic - feminine silhouette and comfortable fit<br data-start=\"528\" data-end=\"531\" \/>\ud83d\udc5a Matching jersey included (in matching color)<\/p>\n<p data-start=\"583\" data-end=\"673\">\ud83e\uddf5 <strong data-start=\"586\" data-end=\"599\">Material:<\/strong><br data-start=\"599\" data-end=\"602\" \/>Outer fabric: 100% polyester (mesh)<br data-start=\"633\" data-end=\"636\" \/>Linen\/lining: 100% polyester (knit)<\/p>\n<p data-start=\"675\" data-end=\"716\">\ud83d\udccf <strong data-start=\"678\" data-end=\"688\">Length:<\/strong> 58 cm from the shoulder in size M<\/p>\n<p data-start=\"718\" data-end=\"820\" data-is-last-node=\"\" data-is-only-node=\"\">The black version is one of those things you just throw on\u2026 and suddenly the whole look feels <strong data-start=\"809\" data-end=\"816\">expensive<\/strong> \ud83d\udda4\u2728<\/p>","protected":false},"excerpt":{"rendered":"<p data-start=\"70\" data-end=\"300\">\ud83d\udda4 <strong data-start=\"73\" data-end=\"105\">Florence Blouse \u2013 in black<\/strong> \ud83d\udda4<br data-start=\"108\" data-end=\"111\" \/>The same lovely <strong data-start=\"126\" data-end=\"144\">embroidered mesh<\/strong>, the same <strong data-start=\"152\" data-end=\"166\">3D flowers<\/strong> and that luxurious, rock-romantic feeling \u2013 but in black the expression becomes even more <strong data-start=\"248\" data-end=\"293\" data-is-only-node=\"\">dramatic, elegant and ready to go out<\/strong> \ud83c\udf19\ud83d\udd25<\/p>\n<p data-start=\"302\" data-end=\"581\">\u2728 <strong data-start=\"304\" data-end=\"337\">Details that make the whole blouse:<\/strong><br data-start=\"337\" data-end=\"340\" \/>\ud83d\udda4 Sheer mesh with embroidery and 3D flowers \u2013 adds depth and structure<br data-start=\"402\" data-end=\"405\" \/>\ud83c\udf80 Satin ribbon at the neck \u2013 ties as a stylish detail<br data-start=\"454\" data-end=\"457\" \/>\ud83c\udf38 Puffy 3\/4 sleeves with soft elastic - feminine silhouette and comfortable fit<br data-start=\"528\" data-end=\"531\" \/>\ud83d\udc5a Matching jersey included (in matching color)<\/p>\n<p data-start=\"583\" data-end=\"673\">\ud83e\uddf5 <strong data-start=\"586\" data-end=\"599\">Material:<\/strong><br data-start=\"599\" data-end=\"602\" \/>Outer fabric: 100% polyester (mesh)<br data-start=\"633\" data-end=\"636\" \/>Linen\/lining: 100% polyester (knit)<\/p>\n<p data-start=\"675\" data-end=\"716\">\ud83d\udccf <strong data-start=\"678\" data-end=\"688\">Length:<\/strong> 58 cm from the shoulder in size M<\/p>\n<p data-start=\"718\" data-end=\"820\" data-is-last-node=\"\" data-is-only-node=\"\">The black version is one of those things you just throw on\u2026 and suddenly the whole look feels <strong data-start=\"809\" data-end=\"816\">expensive<\/strong> \ud83d\udda4\u2728<\/p>","protected":false},"featured_media":1062503,"comment_status":"closed","ping_status":"closed","template":"","meta":[],"product_brand":[],"product_cat":[211],"product_tag":[],"class_list":{"0":"post-1062504","1":"product","2":"type-product","3":"status-publish","4":"has-post-thumbnail","6":"product_cat-blusar","8":"first","9":"instock","10":"taxable","11":"shipping-taxable","12":"purchasable","13":"product-type-variable"},"yoast_head":"<!-- This site is optimized with the Yoast SEO Premium plugin v27.4 (Yoast SEO v27.5) - https:\/\/yoast.com\/product\/yoast-seo-premium-wordpress\/ -->\n<title>\ud83d\udda4 Florence blus i svart \ud83d\udda4 - Stil &amp; Design<\/title>\n<meta name=\"robots\" content=\"index, follow, max-snippet:-1, max-image-preview:large, max-video-preview:-1\" \/>\n<link rel=\"canonical\" href=\"https:\/\/stilanddesign.se\/en\/product\/\ud83d\udda4-florence-blus-aven-i-svart-\ud83d\udda4\/\" \/>\n<meta property=\"og:locale\" content=\"en_US\" \/>\n<meta property=\"og:type\" content=\"article\" \/>\n<meta property=\"og:title\" content=\"\ud83d\udda4 Florence blus i svart \ud83d\udda4\" \/>\n<meta property=\"og:description\" content=\"\ud83d\udda4 Florence Blus \u2013\u00a0 i svart \ud83d\udda4Samma ljuvliga broderade mesh, samma 3D-blommor och den d\u00e4r lyxiga, rockromantiska k\u00e4nslan \u2013 men i svart blir uttrycket \u00e4nnu mer dramatiskt, elegant och \u201cgoing out\u201d-klart \ud83c\udf19\ud83d\udd25 \u2728 Detaljer som g\u00f6r hela blusen:\ud83d\udda4 Skir mesh med brodyr och 3D-blommor \u2013 ger djup och struktur\ud83c\udf80 Satinband i nacken \u2013 knyts som en snygg detalj\ud83c\udf38 Puffiga 3\/4-\u00e4rmar med mjuk res\u00e5r \u2013 feminin siluett och sk\u00f6n passform\ud83d\udc5a Matchande trik\u00e5linne ing\u00e5r (i matchande f\u00e4rg) \ud83e\uddf5 Material:Yttertyg: 100% polyester (mesh)Linne\/foder: 100% polyester (trik\u00e5) \ud83d\udccf L\u00e4ngd: 58 cm fr\u00e5n axeln i strl M Den svarta varianten \u00e4r en s\u00e5n d\u00e4r du bara sl\u00e4nger p\u00e5 dig\u2026 och pl\u00f6tsligt k\u00e4nns hela looken dyr \ud83d\udda4\u2728\" \/>\n<meta property=\"og:url\" content=\"https:\/\/stilanddesign.se\/en\/product\/\ud83d\udda4-florence-blus-aven-i-svart-\ud83d\udda4\/\" \/>\n<meta property=\"og:site_name\" content=\"Stil &amp; Design\" \/>\n<meta property=\"article:modified_time\" content=\"2026-04-08T11:19:51+00:00\" \/>\n<meta property=\"og:image\" content=\"https:\/\/stilanddesign.se\/wp-content\/uploads\/2026\/01\/Florence-blommig-blus-svart-4.jpg\" \/>\n\t<meta property=\"og:image:width\" content=\"900\" \/>\n\t<meta property=\"og:image:height\" content=\"1350\" \/>\n\t<meta property=\"og:image:type\" content=\"image\/jpeg\" \/>\n<meta name=\"twitter:card\" content=\"summary_large_image\" \/>\n<meta name=\"twitter:label1\" content=\"Est. reading time\" \/>\n\t<meta name=\"twitter:data1\" content=\"1 minute\" \/>\n<script type=\"application\/ld+json\" class=\"yoast-schema-graph\">{\"@context\":\"https:\\\/\\\/schema.org\",\"@graph\":[{\"@type\":\"WebPage\",\"@id\":\"https:\\\/\\\/stilanddesign.se\\\/produkt\\\/%f0%9f%96%a4-florence-blus-aven-i-svart-%f0%9f%96%a4\\\/\",\"url\":\"https:\\\/\\\/stilanddesign.se\\\/produkt\\\/%f0%9f%96%a4-florence-blus-aven-i-svart-%f0%9f%96%a4\\\/\",\"name\":\"\ud83d\udda4 Florence blus i svart \ud83d\udda4 - Stil &amp; Design\",\"isPartOf\":{\"@id\":\"https:\\\/\\\/stilanddesign.se\\\/#website\"},\"primaryImageOfPage\":{\"@id\":\"https:\\\/\\\/stilanddesign.se\\\/produkt\\\/%f0%9f%96%a4-florence-blus-aven-i-svart-%f0%9f%96%a4\\\/#primaryimage\"},\"image\":{\"@id\":\"https:\\\/\\\/stilanddesign.se\\\/produkt\\\/%f0%9f%96%a4-florence-blus-aven-i-svart-%f0%9f%96%a4\\\/#primaryimage\"},\"thumbnailUrl\":\"https:\\\/\\\/stilanddesign.se\\\/wp-content\\\/uploads\\\/2026\\\/01\\\/Florence-blommig-blus-svart-4.jpg\",\"datePublished\":\"2026-01-22T07:24:06+00:00\",\"dateModified\":\"2026-04-08T11:19:51+00:00\",\"breadcrumb\":{\"@id\":\"https:\\\/\\\/stilanddesign.se\\\/produkt\\\/%f0%9f%96%a4-florence-blus-aven-i-svart-%f0%9f%96%a4\\\/#breadcrumb\"},\"inLanguage\":\"en-US\",\"potentialAction\":[{\"@type\":\"ReadAction\",\"target\":[\"https:\\\/\\\/stilanddesign.se\\\/produkt\\\/%f0%9f%96%a4-florence-blus-aven-i-svart-%f0%9f%96%a4\\\/\"]}]},{\"@type\":\"ImageObject\",\"inLanguage\":\"en-US\",\"@id\":\"https:\\\/\\\/stilanddesign.se\\\/produkt\\\/%f0%9f%96%a4-florence-blus-aven-i-svart-%f0%9f%96%a4\\\/#primaryimage\",\"url\":\"https:\\\/\\\/stilanddesign.se\\\/wp-content\\\/uploads\\\/2026\\\/01\\\/Florence-blommig-blus-svart-4.jpg\",\"contentUrl\":\"https:\\\/\\\/stilanddesign.se\\\/wp-content\\\/uploads\\\/2026\\\/01\\\/Florence-blommig-blus-svart-4.jpg\",\"width\":900,\"height\":1350},{\"@type\":\"BreadcrumbList\",\"@id\":\"https:\\\/\\\/stilanddesign.se\\\/produkt\\\/%f0%9f%96%a4-florence-blus-aven-i-svart-%f0%9f%96%a4\\\/#breadcrumb\",\"itemListElement\":[{\"@type\":\"ListItem\",\"position\":1,\"name\":\"Hem\",\"item\":\"https:\\\/\\\/stilanddesign.se\\\/\"},{\"@type\":\"ListItem\",\"position\":2,\"name\":\"Butiken\",\"item\":\"https:\\\/\\\/stilanddesign.se\\\/butiken\\\/\"},{\"@type\":\"ListItem\",\"position\":3,\"name\":\"\ud83d\udda4 Florence blus i svart \ud83d\udda4\"}]},{\"@type\":\"WebSite\",\"@id\":\"https:\\\/\\\/stilanddesign.se\\\/#website\",\"url\":\"https:\\\/\\\/stilanddesign.se\\\/\",\"name\":\"Stil &amp; Design\",\"description\":\"F\u00f6r oss som \u00e4lskar mode!\",\"publisher\":{\"@id\":\"https:\\\/\\\/stilanddesign.se\\\/#organization\"},\"potentialAction\":[{\"@type\":\"SearchAction\",\"target\":{\"@type\":\"EntryPoint\",\"urlTemplate\":\"https:\\\/\\\/stilanddesign.se\\\/?s={search_term_string}\"},\"query-input\":{\"@type\":\"PropertyValueSpecification\",\"valueRequired\":true,\"valueName\":\"search_term_string\"}}],\"inLanguage\":\"en-US\"},{\"@type\":\"Organization\",\"@id\":\"https:\\\/\\\/stilanddesign.se\\\/#organization\",\"name\":\"Stil &amp; Design\",\"url\":\"https:\\\/\\\/stilanddesign.se\\\/\",\"logo\":{\"@type\":\"ImageObject\",\"inLanguage\":\"en-US\",\"@id\":\"https:\\\/\\\/stilanddesign.se\\\/#\\\/schema\\\/logo\\\/image\\\/\",\"url\":\"https:\\\/\\\/stilanddesign.se\\\/wp-content\\\/uploads\\\/2023\\\/12\\\/output-onlinepngtools-e1727784413220.png\",\"contentUrl\":\"https:\\\/\\\/stilanddesign.se\\\/wp-content\\\/uploads\\\/2023\\\/12\\\/output-onlinepngtools-e1727784413220.png\",\"width\":519,\"height\":135,\"caption\":\"Stil &amp; Design\"},\"image\":{\"@id\":\"https:\\\/\\\/stilanddesign.se\\\/#\\\/schema\\\/logo\\\/image\\\/\"}}]}<\/script>\n<!-- \/ Yoast SEO Premium plugin. -->","yoast_head_json":{"title":"\ud83d\udda4 Florence blus i svart \ud83d\udda4 - Stil &amp; Design","robots":{"index":"index","follow":"follow","max-snippet":"max-snippet:-1","max-image-preview":"max-image-preview:large","max-video-preview":"max-video-preview:-1"},"canonical":"https:\/\/stilanddesign.se\/en\/product\/\ud83d\udda4-florence-blus-aven-i-svart-\ud83d\udda4\/","og_locale":"en_US","og_type":"article","og_title":"\ud83d\udda4 Florence blus i svart \ud83d\udda4","og_description":"\ud83d\udda4 Florence Blus \u2013\u00a0 i svart \ud83d\udda4Samma ljuvliga broderade mesh, samma 3D-blommor och den d\u00e4r lyxiga, rockromantiska k\u00e4nslan \u2013 men i svart blir uttrycket \u00e4nnu mer dramatiskt, elegant och \u201cgoing out\u201d-klart \ud83c\udf19\ud83d\udd25 \u2728 Detaljer som g\u00f6r hela blusen:\ud83d\udda4 Skir mesh med brodyr och 3D-blommor \u2013 ger djup och struktur\ud83c\udf80 Satinband i nacken \u2013 knyts som en snygg detalj\ud83c\udf38 Puffiga 3\/4-\u00e4rmar med mjuk res\u00e5r \u2013 feminin siluett och sk\u00f6n passform\ud83d\udc5a Matchande trik\u00e5linne ing\u00e5r (i matchande f\u00e4rg) \ud83e\uddf5 Material:Yttertyg: 100% polyester (mesh)Linne\/foder: 100% polyester (trik\u00e5) \ud83d\udccf L\u00e4ngd: 58 cm fr\u00e5n axeln i strl M Den svarta varianten \u00e4r en s\u00e5n d\u00e4r du bara sl\u00e4nger p\u00e5 dig\u2026 och pl\u00f6tsligt k\u00e4nns hela looken dyr \ud83d\udda4\u2728","og_url":"https:\/\/stilanddesign.se\/en\/product\/\ud83d\udda4-florence-blus-aven-i-svart-\ud83d\udda4\/","og_site_name":"Stil &amp; Design","article_modified_time":"2026-04-08T11:19:51+00:00","og_image":[{"width":900,"height":1350,"url":"https:\/\/stilanddesign.se\/wp-content\/uploads\/2026\/01\/Florence-blommig-blus-svart-4.jpg","type":"image\/jpeg"}],"twitter_card":"summary_large_image","twitter_misc":{"Est. reading time":"1 minute"},"schema":{"@context":"https:\/\/schema.org","@graph":[{"@type":"WebPage","@id":"https:\/\/stilanddesign.se\/produkt\/%f0%9f%96%a4-florence-blus-aven-i-svart-%f0%9f%96%a4\/","url":"https:\/\/stilanddesign.se\/produkt\/%f0%9f%96%a4-florence-blus-aven-i-svart-%f0%9f%96%a4\/","name":"\ud83d\udda4 Florence blus i svart \ud83d\udda4 - Stil &amp; Design","isPartOf":{"@id":"https:\/\/stilanddesign.se\/#website"},"primaryImageOfPage":{"@id":"https:\/\/stilanddesign.se\/produkt\/%f0%9f%96%a4-florence-blus-aven-i-svart-%f0%9f%96%a4\/#primaryimage"},"image":{"@id":"https:\/\/stilanddesign.se\/produkt\/%f0%9f%96%a4-florence-blus-aven-i-svart-%f0%9f%96%a4\/#primaryimage"},"thumbnailUrl":"https:\/\/stilanddesign.se\/wp-content\/uploads\/2026\/01\/Florence-blommig-blus-svart-4.jpg","datePublished":"2026-01-22T07:24:06+00:00","dateModified":"2026-04-08T11:19:51+00:00","breadcrumb":{"@id":"https:\/\/stilanddesign.se\/produkt\/%f0%9f%96%a4-florence-blus-aven-i-svart-%f0%9f%96%a4\/#breadcrumb"},"inLanguage":"en-US","potentialAction":[{"@type":"ReadAction","target":["https:\/\/stilanddesign.se\/produkt\/%f0%9f%96%a4-florence-blus-aven-i-svart-%f0%9f%96%a4\/"]}]},{"@type":"ImageObject","inLanguage":"en-US","@id":"https:\/\/stilanddesign.se\/produkt\/%f0%9f%96%a4-florence-blus-aven-i-svart-%f0%9f%96%a4\/#primaryimage","url":"https:\/\/stilanddesign.se\/wp-content\/uploads\/2026\/01\/Florence-blommig-blus-svart-4.jpg","contentUrl":"https:\/\/stilanddesign.se\/wp-content\/uploads\/2026\/01\/Florence-blommig-blus-svart-4.jpg","width":900,"height":1350},{"@type":"BreadcrumbList","@id":"https:\/\/stilanddesign.se\/produkt\/%f0%9f%96%a4-florence-blus-aven-i-svart-%f0%9f%96%a4\/#breadcrumb","itemListElement":[{"@type":"ListItem","position":1,"name":"Hem","item":"https:\/\/stilanddesign.se\/"},{"@type":"ListItem","position":2,"name":"Butiken","item":"https:\/\/stilanddesign.se\/butiken\/"},{"@type":"ListItem","position":3,"name":"\ud83d\udda4 Florence blus i svart \ud83d\udda4"}]},{"@type":"WebSite","@id":"https:\/\/stilanddesign.se\/#website","url":"https:\/\/stilanddesign.se\/","name":"Style &amp; Design","description":"For those of us who love fashion!","publisher":{"@id":"https:\/\/stilanddesign.se\/#organization"},"potentialAction":[{"@type":"SearchAction","target":{"@type":"EntryPoint","urlTemplate":"https:\/\/stilanddesign.se\/?s={search_term_string}"},"query-input":{"@type":"PropertyValueSpecification","valueRequired":true,"valueName":"search_term_string"}}],"inLanguage":"en-US"},{"@type":"Organization","@id":"https:\/\/stilanddesign.se\/#organization","name":"Style &amp; Design","url":"https:\/\/stilanddesign.se\/","logo":{"@type":"ImageObject","inLanguage":"en-US","@id":"https:\/\/stilanddesign.se\/#\/schema\/logo\/image\/","url":"https:\/\/stilanddesign.se\/wp-content\/uploads\/2023\/12\/output-onlinepngtools-e1727784413220.png","contentUrl":"https:\/\/stilanddesign.se\/wp-content\/uploads\/2023\/12\/output-onlinepngtools-e1727784413220.png","width":519,"height":135,"caption":"Stil &amp; Design"},"image":{"@id":"https:\/\/stilanddesign.se\/#\/schema\/logo\/image\/"}}]}},"_links":{"self":[{"href":"https:\/\/stilanddesign.se\/en\/wp-json\/wp\/v2\/product\/1062504","targetHints":{"allow":["GET"]}}],"collection":[{"href":"https:\/\/stilanddesign.se\/en\/wp-json\/wp\/v2\/product"}],"about":[{"href":"https:\/\/stilanddesign.se\/en\/wp-json\/wp\/v2\/types\/product"}],"replies":[{"embeddable":true,"href":"https:\/\/stilanddesign.se\/en\/wp-json\/wp\/v2\/comments?post=1062504"}],"wp:featuredmedia":[{"embeddable":true,"href":"https:\/\/stilanddesign.se\/en\/wp-json\/wp\/v2\/media\/1062503"}],"wp:attachment":[{"href":"https:\/\/stilanddesign.se\/en\/wp-json\/wp\/v2\/media?parent=1062504"}],"wp:term":[{"taxonomy":"product_brand","embeddable":true,"href":"https:\/\/stilanddesign.se\/en\/wp-json\/wp\/v2\/product_brand?post=1062504"},{"taxonomy":"product_cat","embeddable":true,"href":"https:\/\/stilanddesign.se\/en\/wp-json\/wp\/v2\/product_cat?post=1062504"},{"taxonomy":"product_tag","embeddable":true,"href":"https:\/\/stilanddesign.se\/en\/wp-json\/wp\/v2\/product_tag?post=1062504"}],"curies":[{"name":"wp","href":"https:\/\/api.w.org\/{rel}","templated":true}]}}