{"id":1062480,"date":"2026-02-05T16:02:03","date_gmt":"2026-02-05T15:02:03","guid":{"rendered":"https:\/\/stilanddesign.se\/?post_type=product&#038;p=1062480"},"modified":"2026-03-16T19:25:21","modified_gmt":"2026-03-16T18:25:21","slug":"%f0%9f%8c%b8-romantisk-3d-meshkjol-i-a-linje-%f0%9f%8c%b8","status":"publish","type":"product","link":"https:\/\/stilanddesign.se\/en\/product\/%f0%9f%8c%b8-romantisk-3d-meshkjol-i-a-linje-%f0%9f%8c%b8\/","title":{"rendered":"\ud83c\udf38 Romantic A-line 3D mesh skirt \ud83c\udf38"},"content":{"rendered":"<p data-start=\"48\" data-end=\"203\">\ud83c\udf38 <strong data-start=\"51\" data-end=\"86\">Romantic A-line 3D mesh skirt<\/strong> \ud83c\udf38<br data-start=\"89\" data-end=\"92\" \/>Airy, luxurious and so incredibly feminine that it feels like it was made for evenings when you want to feel extra nice \u2728\ud83e\udd42<\/p>\n<p data-start=\"205\" data-end=\"441\">The skirt is sewn in sheer <strong data-start=\"227\" data-end=\"235\">mesh<\/strong> with exclusive embroidery and <strong data-start=\"260\" data-end=\"289\">surface-mounted 3D flowers<\/strong> which gives a soft, vibrant depth to the fabric \ud83c\udf3c\ud83e\udd0d<br data-start=\"334\" data-end=\"337\" \/>The beautiful A-line shape creates a beautiful drape and a silhouette that feels both elegant and flattering \ud83d\udcab<\/p>\n<p data-start=\"443\" data-end=\"679\">\ud83d\udc57 <strong data-start=\"446\" data-end=\"478\">Details that make the difference:<\/strong><br data-start=\"478\" data-end=\"481\" \/>\u2728 Wide waistband in glossy satin quality - gives a luxurious finish<br data-start=\"540\" data-end=\"543\" \/>\ud83e\udd0d Soft elastic on the inside - fits comfortably and snugly all day\/evening<br data-start=\"616\" data-end=\"619\" \/>\ud83c\udf38 Fully lined \u2013 for a nice fit and comfortable feel against the skin<\/p>\n<p data-start=\"681\" data-end=\"749\">\ud83d\udda4 Also available in <strong data-start=\"697\" data-end=\"706\">black<\/strong> for a more dramatic and evening chic look<\/p>\n<p data-start=\"751\" data-end=\"835\">\ud83e\uddf5 <strong data-start=\"754\" data-end=\"767\">Material:<\/strong><br data-start=\"767\" data-end=\"770\" \/>Outer fabric: 100% polyester (mesh)<br data-start=\"801\" data-end=\"804\" \/>Lining: 100% polyester (knit)<\/p>\n<p data-start=\"837\" data-end=\"921\">\ud83d\udccf <strong data-start=\"840\" data-end=\"850\">Length:<\/strong> 91 cm center back in size M<br data-start=\"877\" data-end=\"880\" \/>\ud83d\udc60 The model is 170 cm and wears size S<\/p>\n<p data-start=\"923\" data-end=\"1082\" data-is-last-node=\"\" data-is-only-node=\"\">This skirt is truly one that makes the whole outfit feel \u201cspecial\u201d \u2013 whether you match it with a simple top or go all in with a party blouse \ud83d\ude0d\u2728<\/p>","protected":false},"excerpt":{"rendered":"<p data-start=\"48\" data-end=\"203\">\ud83c\udf38 <strong data-start=\"51\" data-end=\"86\">Romantic A-line 3D mesh skirt<\/strong> \ud83c\udf38<br data-start=\"89\" data-end=\"92\" \/>Airy, luxurious and so incredibly feminine that it feels like it was made for evenings when you want to feel extra nice \u2728\ud83e\udd42<\/p>\n<p data-start=\"205\" data-end=\"441\">The skirt is sewn in sheer <strong data-start=\"227\" data-end=\"235\">mesh<\/strong> with exclusive embroidery and <strong data-start=\"260\" data-end=\"289\">surface-mounted 3D flowers<\/strong> which gives a soft, vibrant depth to the fabric \ud83c\udf3c\ud83e\udd0d<br data-start=\"334\" data-end=\"337\" \/>The beautiful A-line shape creates a beautiful drape and a silhouette that feels both elegant and flattering \ud83d\udcab<\/p>\n<p data-start=\"443\" data-end=\"679\">\ud83d\udc57 <strong data-start=\"446\" data-end=\"478\">Details that make the difference:<\/strong><br data-start=\"478\" data-end=\"481\" \/>\u2728 Wide waistband in glossy satin quality - gives a luxurious finish<br data-start=\"540\" data-end=\"543\" \/>\ud83e\udd0d Soft elastic on the inside - fits comfortably and snugly all day\/evening<br data-start=\"616\" data-end=\"619\" \/>\ud83c\udf38 Fully lined \u2013 for a nice fit and comfortable feel against the skin<\/p>\n<p data-start=\"681\" data-end=\"749\">\ud83d\udda4 Also available in <strong data-start=\"697\" data-end=\"706\">black<\/strong> for a more dramatic and evening chic look<\/p>\n<p data-start=\"751\" data-end=\"835\">\ud83e\uddf5 <strong data-start=\"754\" data-end=\"767\">Material:<\/strong><br data-start=\"767\" data-end=\"770\" \/>Outer fabric: 100% polyester (mesh)<br data-start=\"801\" data-end=\"804\" \/>Lining: 100% polyester (knit)<\/p>\n<p data-start=\"837\" data-end=\"921\">\ud83d\udccf <strong data-start=\"840\" data-end=\"850\">Length:<\/strong> 91 cm center back in size M<br data-start=\"877\" data-end=\"880\" \/>\ud83d\udc60 The model is 170 cm and wears size S<\/p>\n<p data-start=\"923\" data-end=\"1082\" data-is-last-node=\"\" data-is-only-node=\"\">This skirt is truly one that makes the whole outfit feel \u201cspecial\u201d \u2013 whether you match it with a simple top or go all in with a party blouse \ud83d\ude0d\u2728<\/p>","protected":false},"featured_media":1062486,"comment_status":"closed","ping_status":"closed","template":"","meta":[],"product_brand":[],"product_cat":[221],"product_tag":[],"class_list":{"0":"post-1062480","1":"product","2":"type-product","3":"status-publish","4":"has-post-thumbnail","6":"product_cat-kjolar","8":"first","9":"instock","10":"taxable","11":"shipping-taxable","12":"purchasable","13":"product-type-variable"},"yoast_head":"<!-- This site is optimized with the Yoast SEO Premium plugin v27.1 (Yoast SEO v27.4) - https:\/\/yoast.com\/product\/yoast-seo-premium-wordpress\/ -->\n<title>\ud83c\udf38 Romantisk 3D-meshkjol i A-linje \ud83c\udf38 - Stil &amp; Design<\/title>\n<meta name=\"robots\" content=\"index, follow, max-snippet:-1, max-image-preview:large, max-video-preview:-1\" \/>\n<link rel=\"canonical\" href=\"https:\/\/stilanddesign.se\/en\/product\/\ud83c\udf38-romantisk-3d-meshkjol-i-a-linje-\ud83c\udf38\/\" \/>\n<meta property=\"og:locale\" content=\"en_US\" \/>\n<meta property=\"og:type\" content=\"article\" \/>\n<meta property=\"og:title\" content=\"\ud83c\udf38 Romantisk 3D-meshkjol i A-linje \ud83c\udf38\" \/>\n<meta property=\"og:description\" content=\"\ud83c\udf38 Romantisk 3D-meshkjol i A-linje \ud83c\udf38Luftig, lyxig och s\u00e5 otroligt feminin att den k\u00e4nns som gjord f\u00f6r kv\u00e4llar n\u00e4r du vill k\u00e4nna dig extra fin \u2728\ud83e\udd42 Kjolen \u00e4r sydd i skir mesh med exklusiv brodyr och utanp\u00e5liggande 3D-blommor som ger ett mjukt, levande djup i tyget \ud83c\udf3c\ud83e\udd0dDen fina A-linjeformen skapar ett vackert fall och en siluett som k\u00e4nns b\u00e5de elegant och smickrande \ud83d\udcab \ud83d\udc57 Detaljer som g\u00f6r skillnaden:\u2728 Bred linning i glansig satinkvalit\u00e9 \u2013 ger en lyxig finish\ud83e\udd0d Mjuk res\u00e5r p\u00e5 insidan \u2013 sitter bekv\u00e4mt och f\u00f6ljsamt hela dagen\/kv\u00e4llen\ud83c\udf38 Helfodrad \u2013 f\u00f6r ett fint fall och sk\u00f6n k\u00e4nsla mot huden \ud83d\udda4 Finns \u00e4ven i svart f\u00f6r en mer dramatisk och kv\u00e4llschic look \ud83e\uddf5 Material:Yttertyg: 100% polyester (mesh)Foder: 100% polyester (trik\u00e5) \ud83d\udccf L\u00e4ngd: 91 cm mitt bak i storlek M\ud83d\udc60 Modellen \u00e4r 170 cm och b\u00e4r storlek S Den h\u00e4r kjolen \u00e4r verkligen en s\u00e5dan som f\u00e5r hela outfiten att k\u00e4nnas \u201cs\u00e4rskild\u201d \u2013 oavsett om du matchar med en enkel topp eller g\u00e5r all in med en festblus \ud83d\ude0d\u2728\" \/>\n<meta property=\"og:url\" content=\"https:\/\/stilanddesign.se\/en\/product\/\ud83c\udf38-romantisk-3d-meshkjol-i-a-linje-\ud83c\udf38\/\" \/>\n<meta property=\"og:site_name\" content=\"Stil &amp; Design\" \/>\n<meta property=\"article:modified_time\" content=\"2026-03-16T18:25:21+00:00\" \/>\n<meta property=\"og:image\" content=\"https:\/\/stilanddesign.se\/wp-content\/uploads\/2026\/01\/Chateau-Skirt-Champagne-2.jpg\" \/>\n\t<meta property=\"og:image:width\" content=\"900\" \/>\n\t<meta property=\"og:image:height\" content=\"1350\" \/>\n\t<meta property=\"og:image:type\" content=\"image\/jpeg\" \/>\n<meta name=\"twitter:card\" content=\"summary_large_image\" \/>\n<meta name=\"twitter:label1\" content=\"Est. reading time\" \/>\n\t<meta name=\"twitter:data1\" content=\"2 minutes\" \/>\n<script type=\"application\/ld+json\" class=\"yoast-schema-graph\">{\"@context\":\"https:\\\/\\\/schema.org\",\"@graph\":[{\"@type\":\"WebPage\",\"@id\":\"https:\\\/\\\/stilanddesign.se\\\/produkt\\\/%f0%9f%8c%b8-romantisk-3d-meshkjol-i-a-linje-%f0%9f%8c%b8\\\/\",\"url\":\"https:\\\/\\\/stilanddesign.se\\\/produkt\\\/%f0%9f%8c%b8-romantisk-3d-meshkjol-i-a-linje-%f0%9f%8c%b8\\\/\",\"name\":\"\ud83c\udf38 Romantisk 3D-meshkjol i A-linje \ud83c\udf38 - Stil &amp; Design\",\"isPartOf\":{\"@id\":\"https:\\\/\\\/stilanddesign.se\\\/#website\"},\"primaryImageOfPage\":{\"@id\":\"https:\\\/\\\/stilanddesign.se\\\/produkt\\\/%f0%9f%8c%b8-romantisk-3d-meshkjol-i-a-linje-%f0%9f%8c%b8\\\/#primaryimage\"},\"image\":{\"@id\":\"https:\\\/\\\/stilanddesign.se\\\/produkt\\\/%f0%9f%8c%b8-romantisk-3d-meshkjol-i-a-linje-%f0%9f%8c%b8\\\/#primaryimage\"},\"thumbnailUrl\":\"https:\\\/\\\/stilanddesign.se\\\/wp-content\\\/uploads\\\/2026\\\/01\\\/Chateau-Skirt-Champagne-2.jpg\",\"datePublished\":\"2026-02-05T15:02:03+00:00\",\"dateModified\":\"2026-03-16T18:25:21+00:00\",\"breadcrumb\":{\"@id\":\"https:\\\/\\\/stilanddesign.se\\\/produkt\\\/%f0%9f%8c%b8-romantisk-3d-meshkjol-i-a-linje-%f0%9f%8c%b8\\\/#breadcrumb\"},\"inLanguage\":\"en-US\",\"potentialAction\":[{\"@type\":\"ReadAction\",\"target\":[\"https:\\\/\\\/stilanddesign.se\\\/produkt\\\/%f0%9f%8c%b8-romantisk-3d-meshkjol-i-a-linje-%f0%9f%8c%b8\\\/\"]}]},{\"@type\":\"ImageObject\",\"inLanguage\":\"en-US\",\"@id\":\"https:\\\/\\\/stilanddesign.se\\\/produkt\\\/%f0%9f%8c%b8-romantisk-3d-meshkjol-i-a-linje-%f0%9f%8c%b8\\\/#primaryimage\",\"url\":\"https:\\\/\\\/stilanddesign.se\\\/wp-content\\\/uploads\\\/2026\\\/01\\\/Chateau-Skirt-Champagne-2.jpg\",\"contentUrl\":\"https:\\\/\\\/stilanddesign.se\\\/wp-content\\\/uploads\\\/2026\\\/01\\\/Chateau-Skirt-Champagne-2.jpg\",\"width\":900,\"height\":1350},{\"@type\":\"BreadcrumbList\",\"@id\":\"https:\\\/\\\/stilanddesign.se\\\/produkt\\\/%f0%9f%8c%b8-romantisk-3d-meshkjol-i-a-linje-%f0%9f%8c%b8\\\/#breadcrumb\",\"itemListElement\":[{\"@type\":\"ListItem\",\"position\":1,\"name\":\"Hem\",\"item\":\"https:\\\/\\\/stilanddesign.se\\\/\"},{\"@type\":\"ListItem\",\"position\":2,\"name\":\"Butiken\",\"item\":\"https:\\\/\\\/stilanddesign.se\\\/butiken\\\/\"},{\"@type\":\"ListItem\",\"position\":3,\"name\":\"\ud83c\udf38 Romantisk 3D-meshkjol i A-linje \ud83c\udf38\"}]},{\"@type\":\"WebSite\",\"@id\":\"https:\\\/\\\/stilanddesign.se\\\/#website\",\"url\":\"https:\\\/\\\/stilanddesign.se\\\/\",\"name\":\"Stil &amp; Design\",\"description\":\"F\u00f6r oss som \u00e4lskar mode!\",\"publisher\":{\"@id\":\"https:\\\/\\\/stilanddesign.se\\\/#organization\"},\"potentialAction\":[{\"@type\":\"SearchAction\",\"target\":{\"@type\":\"EntryPoint\",\"urlTemplate\":\"https:\\\/\\\/stilanddesign.se\\\/?s={search_term_string}\"},\"query-input\":{\"@type\":\"PropertyValueSpecification\",\"valueRequired\":true,\"valueName\":\"search_term_string\"}}],\"inLanguage\":\"en-US\"},{\"@type\":\"Organization\",\"@id\":\"https:\\\/\\\/stilanddesign.se\\\/#organization\",\"name\":\"Stil &amp; Design\",\"url\":\"https:\\\/\\\/stilanddesign.se\\\/\",\"logo\":{\"@type\":\"ImageObject\",\"inLanguage\":\"en-US\",\"@id\":\"https:\\\/\\\/stilanddesign.se\\\/#\\\/schema\\\/logo\\\/image\\\/\",\"url\":\"https:\\\/\\\/stilanddesign.se\\\/wp-content\\\/uploads\\\/2023\\\/12\\\/output-onlinepngtools-e1727784413220.png\",\"contentUrl\":\"https:\\\/\\\/stilanddesign.se\\\/wp-content\\\/uploads\\\/2023\\\/12\\\/output-onlinepngtools-e1727784413220.png\",\"width\":519,\"height\":135,\"caption\":\"Stil &amp; Design\"},\"image\":{\"@id\":\"https:\\\/\\\/stilanddesign.se\\\/#\\\/schema\\\/logo\\\/image\\\/\"}}]}<\/script>\n<!-- \/ Yoast SEO Premium plugin. -->","yoast_head_json":{"title":"\ud83c\udf38 Romantisk 3D-meshkjol i A-linje \ud83c\udf38 - Stil &amp; Design","robots":{"index":"index","follow":"follow","max-snippet":"max-snippet:-1","max-image-preview":"max-image-preview:large","max-video-preview":"max-video-preview:-1"},"canonical":"https:\/\/stilanddesign.se\/en\/product\/\ud83c\udf38-romantisk-3d-meshkjol-i-a-linje-\ud83c\udf38\/","og_locale":"en_US","og_type":"article","og_title":"\ud83c\udf38 Romantisk 3D-meshkjol i A-linje \ud83c\udf38","og_description":"\ud83c\udf38 Romantisk 3D-meshkjol i A-linje \ud83c\udf38Luftig, lyxig och s\u00e5 otroligt feminin att den k\u00e4nns som gjord f\u00f6r kv\u00e4llar n\u00e4r du vill k\u00e4nna dig extra fin \u2728\ud83e\udd42 Kjolen \u00e4r sydd i skir mesh med exklusiv brodyr och utanp\u00e5liggande 3D-blommor som ger ett mjukt, levande djup i tyget \ud83c\udf3c\ud83e\udd0dDen fina A-linjeformen skapar ett vackert fall och en siluett som k\u00e4nns b\u00e5de elegant och smickrande \ud83d\udcab \ud83d\udc57 Detaljer som g\u00f6r skillnaden:\u2728 Bred linning i glansig satinkvalit\u00e9 \u2013 ger en lyxig finish\ud83e\udd0d Mjuk res\u00e5r p\u00e5 insidan \u2013 sitter bekv\u00e4mt och f\u00f6ljsamt hela dagen\/kv\u00e4llen\ud83c\udf38 Helfodrad \u2013 f\u00f6r ett fint fall och sk\u00f6n k\u00e4nsla mot huden \ud83d\udda4 Finns \u00e4ven i svart f\u00f6r en mer dramatisk och kv\u00e4llschic look \ud83e\uddf5 Material:Yttertyg: 100% polyester (mesh)Foder: 100% polyester (trik\u00e5) \ud83d\udccf L\u00e4ngd: 91 cm mitt bak i storlek M\ud83d\udc60 Modellen \u00e4r 170 cm och b\u00e4r storlek S Den h\u00e4r kjolen \u00e4r verkligen en s\u00e5dan som f\u00e5r hela outfiten att k\u00e4nnas \u201cs\u00e4rskild\u201d \u2013 oavsett om du matchar med en enkel topp eller g\u00e5r all in med en festblus \ud83d\ude0d\u2728","og_url":"https:\/\/stilanddesign.se\/en\/product\/\ud83c\udf38-romantisk-3d-meshkjol-i-a-linje-\ud83c\udf38\/","og_site_name":"Stil &amp; Design","article_modified_time":"2026-03-16T18:25:21+00:00","og_image":[{"width":900,"height":1350,"url":"https:\/\/stilanddesign.se\/wp-content\/uploads\/2026\/01\/Chateau-Skirt-Champagne-2.jpg","type":"image\/jpeg"}],"twitter_card":"summary_large_image","twitter_misc":{"Est. reading time":"2 minutes"},"schema":{"@context":"https:\/\/schema.org","@graph":[{"@type":"WebPage","@id":"https:\/\/stilanddesign.se\/produkt\/%f0%9f%8c%b8-romantisk-3d-meshkjol-i-a-linje-%f0%9f%8c%b8\/","url":"https:\/\/stilanddesign.se\/produkt\/%f0%9f%8c%b8-romantisk-3d-meshkjol-i-a-linje-%f0%9f%8c%b8\/","name":"\ud83c\udf38 Romantisk 3D-meshkjol i A-linje \ud83c\udf38 - Stil &amp; Design","isPartOf":{"@id":"https:\/\/stilanddesign.se\/#website"},"primaryImageOfPage":{"@id":"https:\/\/stilanddesign.se\/produkt\/%f0%9f%8c%b8-romantisk-3d-meshkjol-i-a-linje-%f0%9f%8c%b8\/#primaryimage"},"image":{"@id":"https:\/\/stilanddesign.se\/produkt\/%f0%9f%8c%b8-romantisk-3d-meshkjol-i-a-linje-%f0%9f%8c%b8\/#primaryimage"},"thumbnailUrl":"https:\/\/stilanddesign.se\/wp-content\/uploads\/2026\/01\/Chateau-Skirt-Champagne-2.jpg","datePublished":"2026-02-05T15:02:03+00:00","dateModified":"2026-03-16T18:25:21+00:00","breadcrumb":{"@id":"https:\/\/stilanddesign.se\/produkt\/%f0%9f%8c%b8-romantisk-3d-meshkjol-i-a-linje-%f0%9f%8c%b8\/#breadcrumb"},"inLanguage":"en-US","potentialAction":[{"@type":"ReadAction","target":["https:\/\/stilanddesign.se\/produkt\/%f0%9f%8c%b8-romantisk-3d-meshkjol-i-a-linje-%f0%9f%8c%b8\/"]}]},{"@type":"ImageObject","inLanguage":"en-US","@id":"https:\/\/stilanddesign.se\/produkt\/%f0%9f%8c%b8-romantisk-3d-meshkjol-i-a-linje-%f0%9f%8c%b8\/#primaryimage","url":"https:\/\/stilanddesign.se\/wp-content\/uploads\/2026\/01\/Chateau-Skirt-Champagne-2.jpg","contentUrl":"https:\/\/stilanddesign.se\/wp-content\/uploads\/2026\/01\/Chateau-Skirt-Champagne-2.jpg","width":900,"height":1350},{"@type":"BreadcrumbList","@id":"https:\/\/stilanddesign.se\/produkt\/%f0%9f%8c%b8-romantisk-3d-meshkjol-i-a-linje-%f0%9f%8c%b8\/#breadcrumb","itemListElement":[{"@type":"ListItem","position":1,"name":"Hem","item":"https:\/\/stilanddesign.se\/"},{"@type":"ListItem","position":2,"name":"Butiken","item":"https:\/\/stilanddesign.se\/butiken\/"},{"@type":"ListItem","position":3,"name":"\ud83c\udf38 Romantisk 3D-meshkjol i A-linje \ud83c\udf38"}]},{"@type":"WebSite","@id":"https:\/\/stilanddesign.se\/#website","url":"https:\/\/stilanddesign.se\/","name":"Style &amp; Design","description":"For those of us who love fashion!","publisher":{"@id":"https:\/\/stilanddesign.se\/#organization"},"potentialAction":[{"@type":"SearchAction","target":{"@type":"EntryPoint","urlTemplate":"https:\/\/stilanddesign.se\/?s={search_term_string}"},"query-input":{"@type":"PropertyValueSpecification","valueRequired":true,"valueName":"search_term_string"}}],"inLanguage":"en-US"},{"@type":"Organization","@id":"https:\/\/stilanddesign.se\/#organization","name":"Style &amp; Design","url":"https:\/\/stilanddesign.se\/","logo":{"@type":"ImageObject","inLanguage":"en-US","@id":"https:\/\/stilanddesign.se\/#\/schema\/logo\/image\/","url":"https:\/\/stilanddesign.se\/wp-content\/uploads\/2023\/12\/output-onlinepngtools-e1727784413220.png","contentUrl":"https:\/\/stilanddesign.se\/wp-content\/uploads\/2023\/12\/output-onlinepngtools-e1727784413220.png","width":519,"height":135,"caption":"Stil &amp; Design"},"image":{"@id":"https:\/\/stilanddesign.se\/#\/schema\/logo\/image\/"}}]}},"_links":{"self":[{"href":"https:\/\/stilanddesign.se\/en\/wp-json\/wp\/v2\/product\/1062480","targetHints":{"allow":["GET"]}}],"collection":[{"href":"https:\/\/stilanddesign.se\/en\/wp-json\/wp\/v2\/product"}],"about":[{"href":"https:\/\/stilanddesign.se\/en\/wp-json\/wp\/v2\/types\/product"}],"replies":[{"embeddable":true,"href":"https:\/\/stilanddesign.se\/en\/wp-json\/wp\/v2\/comments?post=1062480"}],"wp:featuredmedia":[{"embeddable":true,"href":"https:\/\/stilanddesign.se\/en\/wp-json\/wp\/v2\/media\/1062486"}],"wp:attachment":[{"href":"https:\/\/stilanddesign.se\/en\/wp-json\/wp\/v2\/media?parent=1062480"}],"wp:term":[{"taxonomy":"product_brand","embeddable":true,"href":"https:\/\/stilanddesign.se\/en\/wp-json\/wp\/v2\/product_brand?post=1062480"},{"taxonomy":"product_cat","embeddable":true,"href":"https:\/\/stilanddesign.se\/en\/wp-json\/wp\/v2\/product_cat?post=1062480"},{"taxonomy":"product_tag","embeddable":true,"href":"https:\/\/stilanddesign.se\/en\/wp-json\/wp\/v2\/product_tag?post=1062480"}],"curies":[{"name":"wp","href":"https:\/\/api.w.org\/{rel}","templated":true}]}}