{"id":1062470,"date":"2026-02-05T15:58:18","date_gmt":"2026-02-05T14:58:18","guid":{"rendered":"https:\/\/stilanddesign.se\/?post_type=product&#038;p=1062470"},"modified":"2026-04-11T10:47:13","modified_gmt":"2026-04-11T08:47:13","slug":"%f0%9f%8c%b8-favoriten-chateau-blus-%f0%9f%8c%b8","status":"publish","type":"product","link":"https:\/\/stilanddesign.se\/en\/product\/%f0%9f%8c%b8-favoriten-chateau-blus-%f0%9f%8c%b8\/","title":{"rendered":"\ud83c\udf38 Favorite Ch\u00e2teau Blouse \ud83c\udf38"},"content":{"rendered":"<p data-start=\"63\" data-end=\"301\">\ud83c\udf38 <strong data-start=\"66\" data-end=\"92\">Favorite Ch\u00e2teau Blouse<\/strong> \ud83c\udf38<br data-start=\"95\" data-end=\"98\" \/>A real one <strong data-start=\"108\" data-end=\"123\">showstopper<\/strong> that immediately attracts attention \ud83e\udd0d\u2728<br data-start=\"162\" data-end=\"165\" \/>This blouse exudes romance, luxury and feminine elegance \u2013 perfect when you want to feel extra pretty without compromising on comfort \ud83d\udcab<\/p>\n<p data-start=\"303\" data-end=\"607\">\ud83c\udf3c Made in a trendy <strong data-start=\"330\" data-end=\"345\">mesh quality<\/strong> with beautiful embroidery and <strong data-start=\"368\" data-end=\"397\">surface-mounted 3D flowers<\/strong> which gives a vibrant and exclusive expression \ud83c\udf38<br data-start=\"442\" data-end=\"445\" \/>\u2728 Captures the light in a magical way<br data-start=\"480\" data-end=\"483\" \/>\ud83e\udd0d Softly lined in both body and sleeves \u2013 nothing that stings or itches<br data-start=\"552\" data-end=\"555\" \/>\ud83d\udcad Loose fit that falls nicely and flatteringly<\/p>\n<p data-start=\"609\" data-end=\"743\">\ud83d\udc57 The sleeves have extra volume for a lovely <strong data-start=\"650\" data-end=\"665\">puff effect<\/strong> and finished with soft elastic in 3\/4 length - feminine, comfortable and trendy \ud83d\udc95<\/p>\n<p data-start=\"745\" data-end=\"854\">\ud83d\udc83 Just as stylish with jeans for a chic everyday look as with a skirt or dress pants when you&#039;re going to a party \u2728\ud83e\udd42<\/p>\n<p data-start=\"856\" data-end=\"930\">\ud83d\udda4 Also available in <strong data-start=\"872\" data-end=\"881\">black<\/strong> \u2013 just as elegant, but with a more dramatic touch<\/p>\n<p data-start=\"932\" data-end=\"1016\">\ud83e\uddf5 <strong data-start=\"935\" data-end=\"948\">Material:<\/strong><br data-start=\"948\" data-end=\"951\" \/>Outer fabric: 100% polyester (mesh)<br data-start=\"982\" data-end=\"985\" \/>Lining: 100% polyester (knit)<\/p>\n<p data-start=\"1018\" data-end=\"1126\">This blouse is one of those that you put on and immediately feel:<br data-start=\"1086\" data-end=\"1089\" \/><em data-start=\"1089\" data-end=\"1120\">\u201dYES \u2013 today I am extra nice\u201d<\/em> \ud83d\ude0d\u2728<\/p>","protected":false},"excerpt":{"rendered":"<p data-start=\"63\" data-end=\"301\">\ud83c\udf38 <strong data-start=\"66\" data-end=\"92\">Favorite Ch\u00e2teau Blouse<\/strong> \ud83c\udf38<br data-start=\"95\" data-end=\"98\" \/>A real one <strong data-start=\"108\" data-end=\"123\">showstopper<\/strong> that immediately attracts attention \ud83e\udd0d\u2728<br data-start=\"162\" data-end=\"165\" \/>This blouse exudes romance, luxury and feminine elegance \u2013 perfect when you want to feel extra pretty without compromising on comfort \ud83d\udcab<\/p>\n<p data-start=\"303\" data-end=\"607\">\ud83c\udf3c Made in a trendy <strong data-start=\"330\" data-end=\"345\">mesh quality<\/strong> with beautiful embroidery and <strong data-start=\"368\" data-end=\"397\">surface-mounted 3D flowers<\/strong> which gives a vibrant and exclusive expression \ud83c\udf38<br data-start=\"442\" data-end=\"445\" \/>\u2728 Captures the light in a magical way<br data-start=\"480\" data-end=\"483\" \/>\ud83e\udd0d Softly lined in both body and sleeves \u2013 nothing that stings or itches<br data-start=\"552\" data-end=\"555\" \/>\ud83d\udcad Loose fit that falls nicely and flatteringly<\/p>\n<p data-start=\"609\" data-end=\"743\">\ud83d\udc57 The sleeves have extra volume for a lovely <strong data-start=\"650\" data-end=\"665\">puff effect<\/strong> and finished with soft elastic in 3\/4 length - feminine, comfortable and trendy \ud83d\udc95<\/p>\n<p data-start=\"745\" data-end=\"854\">\ud83d\udc83 Just as stylish with jeans for a chic everyday look as with a skirt or dress pants when you&#039;re going to a party \u2728\ud83e\udd42<\/p>\n<p data-start=\"856\" data-end=\"930\">\ud83d\udda4 Also available in <strong data-start=\"872\" data-end=\"881\">black<\/strong> \u2013 just as elegant, but with a more dramatic touch<\/p>\n<p data-start=\"932\" data-end=\"1016\">\ud83e\uddf5 <strong data-start=\"935\" data-end=\"948\">Material:<\/strong><br data-start=\"948\" data-end=\"951\" \/>Outer fabric: 100% polyester (mesh)<br data-start=\"982\" data-end=\"985\" \/>Lining: 100% polyester (knit)<\/p>\n<p data-start=\"1018\" data-end=\"1126\">This blouse is one of those that you put on and immediately feel:<br data-start=\"1086\" data-end=\"1089\" \/><em data-start=\"1089\" data-end=\"1120\">\u201dYES \u2013 today I am extra nice\u201d<\/em> \ud83d\ude0d\u2728<\/p>","protected":false},"featured_media":1062476,"comment_status":"closed","ping_status":"closed","template":"","meta":[],"product_brand":[],"product_cat":[211],"product_tag":[],"class_list":{"0":"post-1062470","1":"product","2":"type-product","3":"status-publish","4":"has-post-thumbnail","6":"product_cat-blusar","8":"first","9":"instock","10":"taxable","11":"shipping-taxable","12":"purchasable","13":"product-type-variable"},"yoast_head":"<!-- This site is optimized with the Yoast SEO Premium plugin v27.4 (Yoast SEO v27.5) - https:\/\/yoast.com\/product\/yoast-seo-premium-wordpress\/ -->\n<title>\ud83c\udf38 Favoriten Ch\u00e2teau Blus \ud83c\udf38 - Stil &amp; Design<\/title>\n<meta name=\"robots\" content=\"index, follow, max-snippet:-1, max-image-preview:large, max-video-preview:-1\" \/>\n<link rel=\"canonical\" href=\"https:\/\/stilanddesign.se\/en\/product\/\ud83c\udf38-favoriten-chateau-blus-\ud83c\udf38\/\" \/>\n<meta property=\"og:locale\" content=\"en_US\" \/>\n<meta property=\"og:type\" content=\"article\" \/>\n<meta property=\"og:title\" content=\"\ud83c\udf38 Favoriten Ch\u00e2teau Blus \ud83c\udf38\" \/>\n<meta property=\"og:description\" content=\"\ud83c\udf38 Favoriten Ch\u00e2teau Blus \ud83c\udf38En riktig showstopper som drar blickarna till sig direkt \ud83e\udd0d\u2728Den h\u00e4r blusen andas romantik, lyx och feminin elegans \u2013 perfekt n\u00e4r du vill k\u00e4nna dig extra fin utan att kompromissa med komforten \ud83d\udcab \ud83c\udf3c Tillverkad i en trendig meshkvalit\u00e9 med vacker brodyr och utanp\u00e5liggande 3D-blommor som ger ett levande och exklusivt uttryck \ud83c\udf38\u2728 F\u00e5ngar ljuset p\u00e5 ett magiskt s\u00e4tt\ud83e\udd0d Mjukt fodrad i b\u00e5de kropp och \u00e4rmar \u2013 inget som sticks eller kliar\ud83d\udcad Ledig passform som faller snyggt och smickrande \ud83d\udc57 \u00c4rmarna har extra volym f\u00f6r en h\u00e4rlig puff-effekt och avslutas med mjuk res\u00e5r i 3\/4-l\u00e4ngd \u2013 feminint, bekv\u00e4mt och trendigt \ud83d\udc95 \ud83d\udc83 Lika snygg till jeans f\u00f6r en chic vardagslook som till kjol eller dressade byxor n\u00e4r det vankas fest \u2728\ud83e\udd42 \ud83d\udda4 Finns \u00e4ven i svart \u2013 lika elegant, men med en mer dramatisk touch \ud83e\uddf5 Material:Yttertyg: 100% polyester (mesh)Foder: 100% polyester (trik\u00e5) Den h\u00e4r blusen \u00e4r en s\u00e5dan d\u00e4r som man tar p\u00e5 sig och direkt k\u00e4nner:\u201dYES \u2013 idag \u00e4r jag extra fin\u201d \ud83d\ude0d\u2728\" \/>\n<meta property=\"og:url\" content=\"https:\/\/stilanddesign.se\/en\/product\/\ud83c\udf38-favoriten-chateau-blus-\ud83c\udf38\/\" \/>\n<meta property=\"og:site_name\" content=\"Stil &amp; Design\" \/>\n<meta property=\"article:modified_time\" content=\"2026-04-11T08:47:13+00:00\" \/>\n<meta property=\"og:image\" content=\"https:\/\/stilanddesign.se\/wp-content\/uploads\/2026\/01\/Chateau-blommig-blus-champagne-3.jpg\" \/>\n\t<meta property=\"og:image:width\" content=\"900\" \/>\n\t<meta property=\"og:image:height\" content=\"1350\" \/>\n\t<meta property=\"og:image:type\" content=\"image\/jpeg\" \/>\n<meta name=\"twitter:card\" content=\"summary_large_image\" \/>\n<meta name=\"twitter:label1\" content=\"Est. reading time\" \/>\n\t<meta name=\"twitter:data1\" content=\"2 minutes\" \/>\n<script type=\"application\/ld+json\" class=\"yoast-schema-graph\">{\"@context\":\"https:\\\/\\\/schema.org\",\"@graph\":[{\"@type\":\"WebPage\",\"@id\":\"https:\\\/\\\/stilanddesign.se\\\/produkt\\\/%f0%9f%8c%b8-favoriten-chateau-blus-%f0%9f%8c%b8\\\/\",\"url\":\"https:\\\/\\\/stilanddesign.se\\\/produkt\\\/%f0%9f%8c%b8-favoriten-chateau-blus-%f0%9f%8c%b8\\\/\",\"name\":\"\ud83c\udf38 Favoriten Ch\u00e2teau Blus \ud83c\udf38 - Stil &amp; Design\",\"isPartOf\":{\"@id\":\"https:\\\/\\\/stilanddesign.se\\\/#website\"},\"primaryImageOfPage\":{\"@id\":\"https:\\\/\\\/stilanddesign.se\\\/produkt\\\/%f0%9f%8c%b8-favoriten-chateau-blus-%f0%9f%8c%b8\\\/#primaryimage\"},\"image\":{\"@id\":\"https:\\\/\\\/stilanddesign.se\\\/produkt\\\/%f0%9f%8c%b8-favoriten-chateau-blus-%f0%9f%8c%b8\\\/#primaryimage\"},\"thumbnailUrl\":\"https:\\\/\\\/stilanddesign.se\\\/wp-content\\\/uploads\\\/2026\\\/01\\\/Chateau-blommig-blus-champagne-3.jpg\",\"datePublished\":\"2026-02-05T14:58:18+00:00\",\"dateModified\":\"2026-04-11T08:47:13+00:00\",\"breadcrumb\":{\"@id\":\"https:\\\/\\\/stilanddesign.se\\\/produkt\\\/%f0%9f%8c%b8-favoriten-chateau-blus-%f0%9f%8c%b8\\\/#breadcrumb\"},\"inLanguage\":\"en-US\",\"potentialAction\":[{\"@type\":\"ReadAction\",\"target\":[\"https:\\\/\\\/stilanddesign.se\\\/produkt\\\/%f0%9f%8c%b8-favoriten-chateau-blus-%f0%9f%8c%b8\\\/\"]}]},{\"@type\":\"ImageObject\",\"inLanguage\":\"en-US\",\"@id\":\"https:\\\/\\\/stilanddesign.se\\\/produkt\\\/%f0%9f%8c%b8-favoriten-chateau-blus-%f0%9f%8c%b8\\\/#primaryimage\",\"url\":\"https:\\\/\\\/stilanddesign.se\\\/wp-content\\\/uploads\\\/2026\\\/01\\\/Chateau-blommig-blus-champagne-3.jpg\",\"contentUrl\":\"https:\\\/\\\/stilanddesign.se\\\/wp-content\\\/uploads\\\/2026\\\/01\\\/Chateau-blommig-blus-champagne-3.jpg\",\"width\":900,\"height\":1350},{\"@type\":\"BreadcrumbList\",\"@id\":\"https:\\\/\\\/stilanddesign.se\\\/produkt\\\/%f0%9f%8c%b8-favoriten-chateau-blus-%f0%9f%8c%b8\\\/#breadcrumb\",\"itemListElement\":[{\"@type\":\"ListItem\",\"position\":1,\"name\":\"Hem\",\"item\":\"https:\\\/\\\/stilanddesign.se\\\/\"},{\"@type\":\"ListItem\",\"position\":2,\"name\":\"Butiken\",\"item\":\"https:\\\/\\\/stilanddesign.se\\\/butiken\\\/\"},{\"@type\":\"ListItem\",\"position\":3,\"name\":\"\ud83c\udf38 Favoriten Ch\u00e2teau Blus \ud83c\udf38\"}]},{\"@type\":\"WebSite\",\"@id\":\"https:\\\/\\\/stilanddesign.se\\\/#website\",\"url\":\"https:\\\/\\\/stilanddesign.se\\\/\",\"name\":\"Stil &amp; Design\",\"description\":\"F\u00f6r oss som \u00e4lskar mode!\",\"publisher\":{\"@id\":\"https:\\\/\\\/stilanddesign.se\\\/#organization\"},\"potentialAction\":[{\"@type\":\"SearchAction\",\"target\":{\"@type\":\"EntryPoint\",\"urlTemplate\":\"https:\\\/\\\/stilanddesign.se\\\/?s={search_term_string}\"},\"query-input\":{\"@type\":\"PropertyValueSpecification\",\"valueRequired\":true,\"valueName\":\"search_term_string\"}}],\"inLanguage\":\"en-US\"},{\"@type\":\"Organization\",\"@id\":\"https:\\\/\\\/stilanddesign.se\\\/#organization\",\"name\":\"Stil &amp; Design\",\"url\":\"https:\\\/\\\/stilanddesign.se\\\/\",\"logo\":{\"@type\":\"ImageObject\",\"inLanguage\":\"en-US\",\"@id\":\"https:\\\/\\\/stilanddesign.se\\\/#\\\/schema\\\/logo\\\/image\\\/\",\"url\":\"https:\\\/\\\/stilanddesign.se\\\/wp-content\\\/uploads\\\/2023\\\/12\\\/output-onlinepngtools-e1727784413220.png\",\"contentUrl\":\"https:\\\/\\\/stilanddesign.se\\\/wp-content\\\/uploads\\\/2023\\\/12\\\/output-onlinepngtools-e1727784413220.png\",\"width\":519,\"height\":135,\"caption\":\"Stil &amp; Design\"},\"image\":{\"@id\":\"https:\\\/\\\/stilanddesign.se\\\/#\\\/schema\\\/logo\\\/image\\\/\"}}]}<\/script>\n<!-- \/ Yoast SEO Premium plugin. -->","yoast_head_json":{"title":"\ud83c\udf38 Favoriten Ch\u00e2teau Blus \ud83c\udf38 - Stil &amp; Design","robots":{"index":"index","follow":"follow","max-snippet":"max-snippet:-1","max-image-preview":"max-image-preview:large","max-video-preview":"max-video-preview:-1"},"canonical":"https:\/\/stilanddesign.se\/en\/product\/\ud83c\udf38-favoriten-chateau-blus-\ud83c\udf38\/","og_locale":"en_US","og_type":"article","og_title":"\ud83c\udf38 Favoriten Ch\u00e2teau Blus \ud83c\udf38","og_description":"\ud83c\udf38 Favoriten Ch\u00e2teau Blus \ud83c\udf38En riktig showstopper som drar blickarna till sig direkt \ud83e\udd0d\u2728Den h\u00e4r blusen andas romantik, lyx och feminin elegans \u2013 perfekt n\u00e4r du vill k\u00e4nna dig extra fin utan att kompromissa med komforten \ud83d\udcab \ud83c\udf3c Tillverkad i en trendig meshkvalit\u00e9 med vacker brodyr och utanp\u00e5liggande 3D-blommor som ger ett levande och exklusivt uttryck \ud83c\udf38\u2728 F\u00e5ngar ljuset p\u00e5 ett magiskt s\u00e4tt\ud83e\udd0d Mjukt fodrad i b\u00e5de kropp och \u00e4rmar \u2013 inget som sticks eller kliar\ud83d\udcad Ledig passform som faller snyggt och smickrande \ud83d\udc57 \u00c4rmarna har extra volym f\u00f6r en h\u00e4rlig puff-effekt och avslutas med mjuk res\u00e5r i 3\/4-l\u00e4ngd \u2013 feminint, bekv\u00e4mt och trendigt \ud83d\udc95 \ud83d\udc83 Lika snygg till jeans f\u00f6r en chic vardagslook som till kjol eller dressade byxor n\u00e4r det vankas fest \u2728\ud83e\udd42 \ud83d\udda4 Finns \u00e4ven i svart \u2013 lika elegant, men med en mer dramatisk touch \ud83e\uddf5 Material:Yttertyg: 100% polyester (mesh)Foder: 100% polyester (trik\u00e5) Den h\u00e4r blusen \u00e4r en s\u00e5dan d\u00e4r som man tar p\u00e5 sig och direkt k\u00e4nner:\u201dYES \u2013 idag \u00e4r jag extra fin\u201d \ud83d\ude0d\u2728","og_url":"https:\/\/stilanddesign.se\/en\/product\/\ud83c\udf38-favoriten-chateau-blus-\ud83c\udf38\/","og_site_name":"Stil &amp; Design","article_modified_time":"2026-04-11T08:47:13+00:00","og_image":[{"width":900,"height":1350,"url":"https:\/\/stilanddesign.se\/wp-content\/uploads\/2026\/01\/Chateau-blommig-blus-champagne-3.jpg","type":"image\/jpeg"}],"twitter_card":"summary_large_image","twitter_misc":{"Est. reading time":"2 minutes"},"schema":{"@context":"https:\/\/schema.org","@graph":[{"@type":"WebPage","@id":"https:\/\/stilanddesign.se\/produkt\/%f0%9f%8c%b8-favoriten-chateau-blus-%f0%9f%8c%b8\/","url":"https:\/\/stilanddesign.se\/produkt\/%f0%9f%8c%b8-favoriten-chateau-blus-%f0%9f%8c%b8\/","name":"\ud83c\udf38 Favoriten Ch\u00e2teau Blus \ud83c\udf38 - Stil &amp; Design","isPartOf":{"@id":"https:\/\/stilanddesign.se\/#website"},"primaryImageOfPage":{"@id":"https:\/\/stilanddesign.se\/produkt\/%f0%9f%8c%b8-favoriten-chateau-blus-%f0%9f%8c%b8\/#primaryimage"},"image":{"@id":"https:\/\/stilanddesign.se\/produkt\/%f0%9f%8c%b8-favoriten-chateau-blus-%f0%9f%8c%b8\/#primaryimage"},"thumbnailUrl":"https:\/\/stilanddesign.se\/wp-content\/uploads\/2026\/01\/Chateau-blommig-blus-champagne-3.jpg","datePublished":"2026-02-05T14:58:18+00:00","dateModified":"2026-04-11T08:47:13+00:00","breadcrumb":{"@id":"https:\/\/stilanddesign.se\/produkt\/%f0%9f%8c%b8-favoriten-chateau-blus-%f0%9f%8c%b8\/#breadcrumb"},"inLanguage":"en-US","potentialAction":[{"@type":"ReadAction","target":["https:\/\/stilanddesign.se\/produkt\/%f0%9f%8c%b8-favoriten-chateau-blus-%f0%9f%8c%b8\/"]}]},{"@type":"ImageObject","inLanguage":"en-US","@id":"https:\/\/stilanddesign.se\/produkt\/%f0%9f%8c%b8-favoriten-chateau-blus-%f0%9f%8c%b8\/#primaryimage","url":"https:\/\/stilanddesign.se\/wp-content\/uploads\/2026\/01\/Chateau-blommig-blus-champagne-3.jpg","contentUrl":"https:\/\/stilanddesign.se\/wp-content\/uploads\/2026\/01\/Chateau-blommig-blus-champagne-3.jpg","width":900,"height":1350},{"@type":"BreadcrumbList","@id":"https:\/\/stilanddesign.se\/produkt\/%f0%9f%8c%b8-favoriten-chateau-blus-%f0%9f%8c%b8\/#breadcrumb","itemListElement":[{"@type":"ListItem","position":1,"name":"Hem","item":"https:\/\/stilanddesign.se\/"},{"@type":"ListItem","position":2,"name":"Butiken","item":"https:\/\/stilanddesign.se\/butiken\/"},{"@type":"ListItem","position":3,"name":"\ud83c\udf38 Favoriten Ch\u00e2teau Blus \ud83c\udf38"}]},{"@type":"WebSite","@id":"https:\/\/stilanddesign.se\/#website","url":"https:\/\/stilanddesign.se\/","name":"Style &amp; Design","description":"For those of us who love fashion!","publisher":{"@id":"https:\/\/stilanddesign.se\/#organization"},"potentialAction":[{"@type":"SearchAction","target":{"@type":"EntryPoint","urlTemplate":"https:\/\/stilanddesign.se\/?s={search_term_string}"},"query-input":{"@type":"PropertyValueSpecification","valueRequired":true,"valueName":"search_term_string"}}],"inLanguage":"en-US"},{"@type":"Organization","@id":"https:\/\/stilanddesign.se\/#organization","name":"Style &amp; Design","url":"https:\/\/stilanddesign.se\/","logo":{"@type":"ImageObject","inLanguage":"en-US","@id":"https:\/\/stilanddesign.se\/#\/schema\/logo\/image\/","url":"https:\/\/stilanddesign.se\/wp-content\/uploads\/2023\/12\/output-onlinepngtools-e1727784413220.png","contentUrl":"https:\/\/stilanddesign.se\/wp-content\/uploads\/2023\/12\/output-onlinepngtools-e1727784413220.png","width":519,"height":135,"caption":"Stil &amp; Design"},"image":{"@id":"https:\/\/stilanddesign.se\/#\/schema\/logo\/image\/"}}]}},"_links":{"self":[{"href":"https:\/\/stilanddesign.se\/en\/wp-json\/wp\/v2\/product\/1062470","targetHints":{"allow":["GET"]}}],"collection":[{"href":"https:\/\/stilanddesign.se\/en\/wp-json\/wp\/v2\/product"}],"about":[{"href":"https:\/\/stilanddesign.se\/en\/wp-json\/wp\/v2\/types\/product"}],"replies":[{"embeddable":true,"href":"https:\/\/stilanddesign.se\/en\/wp-json\/wp\/v2\/comments?post=1062470"}],"wp:featuredmedia":[{"embeddable":true,"href":"https:\/\/stilanddesign.se\/en\/wp-json\/wp\/v2\/media\/1062476"}],"wp:attachment":[{"href":"https:\/\/stilanddesign.se\/en\/wp-json\/wp\/v2\/media?parent=1062470"}],"wp:term":[{"taxonomy":"product_brand","embeddable":true,"href":"https:\/\/stilanddesign.se\/en\/wp-json\/wp\/v2\/product_brand?post=1062470"},{"taxonomy":"product_cat","embeddable":true,"href":"https:\/\/stilanddesign.se\/en\/wp-json\/wp\/v2\/product_cat?post=1062470"},{"taxonomy":"product_tag","embeddable":true,"href":"https:\/\/stilanddesign.se\/en\/wp-json\/wp\/v2\/product_tag?post=1062470"}],"curies":[{"name":"wp","href":"https:\/\/api.w.org\/{rel}","templated":true}]}}