{"id":1062350,"date":"2026-01-21T15:49:29","date_gmt":"2026-01-21T14:49:29","guid":{"rendered":"https:\/\/stilanddesign.se\/?post_type=product&#038;p=1062350"},"modified":"2026-03-30T12:24:02","modified_gmt":"2026-03-30T10:24:02","slug":"%f0%9f%8c%bf-vit-sjal-i-harlig-mjuk-polyester%f0%9f%8c%bf","status":"publish","type":"product","link":"https:\/\/stilanddesign.se\/en\/product\/%f0%9f%8c%bf-vit-sjal-i-harlig-mjuk-polyester%f0%9f%8c%bf\/","title":{"rendered":"\ud83c\udf3f White shawl in lovely soft polyester\ud83c\udf3f"},"content":{"rendered":"<h3 data-start=\"175\" data-end=\"212\">\ud83c\udf3f White shawl in lovely soft polyester\ud83c\udf3f<\/h3>\n<p data-start=\"214\" data-end=\"408\">A light and flexible shawl that gives your outfit an elegant lift \ud83d\udcab<br data-start=\"277\" data-end=\"280\" \/>The airy polyester falls beautifully around the neck and creates a soft, feminine look - just as nice for everyday wear as it is for a party \ud83d\udc95<\/p>\n<p data-start=\"410\" data-end=\"571\">Perfect to wear loose for a casual feel or elegantly tied for a more sophisticated look \u2728<br data-start=\"508\" data-end=\"511\" \/>A timeless accessory that complements the wardrobe all year round \ud83c\udf38<\/p>\n<p data-start=\"573\" data-end=\"676\">\ud83e\udde3 <strong data-start=\"576\" data-end=\"585\">Paint:<\/strong> White<br data-start=\"601\" data-end=\"604\" \/>\ud83c\udf3f <strong data-start=\"607\" data-end=\"620\">Material:<\/strong> 100% polyester<br data-start=\"632\" data-end=\"635\" \/>\ud83d\udccf <strong data-start=\"638\" data-end=\"651\">Fit:<\/strong> Light, soft and flexible<\/p>","protected":false},"excerpt":{"rendered":"<h3 data-start=\"175\" data-end=\"212\">\ud83c\udf3f White shawl in lovely soft polyester\ud83c\udf3f<\/h3>\n<p data-start=\"214\" data-end=\"408\">A light and flexible shawl that gives your outfit an elegant lift \ud83d\udcab<br data-start=\"277\" data-end=\"280\" \/>The airy polyester falls beautifully around the neck and creates a soft, feminine look - just as nice for everyday wear as it is for a party \ud83d\udc95<\/p>\n<p data-start=\"410\" data-end=\"571\">Perfect to wear loose for a casual feel or elegantly tied for a more sophisticated look \u2728<br data-start=\"508\" data-end=\"511\" \/>A timeless accessory that complements the wardrobe all year round \ud83c\udf38<\/p>\n<p data-start=\"573\" data-end=\"676\">\ud83e\udde3 <strong data-start=\"576\" data-end=\"585\">Paint:<\/strong> White<br data-start=\"601\" data-end=\"604\" \/>\ud83c\udf3f <strong data-start=\"607\" data-end=\"620\">Material:<\/strong> 100% polyester<br data-start=\"632\" data-end=\"635\" \/>\ud83d\udccf <strong data-start=\"638\" data-end=\"651\">Fit:<\/strong> Light, soft and flexible<\/p>","protected":false},"featured_media":1062344,"comment_status":"closed","ping_status":"closed","template":"","meta":[],"product_brand":[],"product_cat":[207],"product_tag":[],"class_list":{"0":"post-1062350","1":"product","2":"type-product","3":"status-publish","4":"has-post-thumbnail","6":"product_cat-sjalar","8":"first","9":"instock","10":"taxable","11":"shipping-taxable","12":"purchasable","13":"product-type-variable"},"yoast_head":"<!-- This site is optimized with the Yoast SEO Premium plugin v27.1 (Yoast SEO v27.4) - https:\/\/yoast.com\/product\/yoast-seo-premium-wordpress\/ -->\n<title>\ud83c\udf3f Vit sjal i h\u00e4rlig mjuk polyester\ud83c\udf3f - Stil &amp; Design<\/title>\n<meta name=\"robots\" content=\"index, follow, max-snippet:-1, max-image-preview:large, max-video-preview:-1\" \/>\n<link rel=\"canonical\" href=\"https:\/\/stilanddesign.se\/en\/product\/\ud83c\udf3f-vit-sjal-i-harlig-mjuk-polyester\ud83c\udf3f\/\" \/>\n<meta property=\"og:locale\" content=\"en_US\" \/>\n<meta property=\"og:type\" content=\"article\" \/>\n<meta property=\"og:title\" content=\"\ud83c\udf3f Vit sjal i h\u00e4rlig mjuk polyester\ud83c\udf3f\" \/>\n<meta property=\"og:description\" content=\"\ud83c\udf3f Vit sjal i h\u00e4rlig mjuk polyester\ud83c\udf3f En l\u00e4tt och f\u00f6ljsam sjal som ger din outfit ett elegant lyft \ud83d\udcabDen luftiga polyestern faller vackert runt halsen och skapar ett mjukt, feminint uttryck \u2013 lika fin till vardag som till fest \ud83d\udc95 Perfekt att b\u00e4ra l\u00f6st f\u00f6r en avslappnad k\u00e4nsla eller elegant knuten f\u00f6r en mer sofistikerad look \u2728En tidl\u00f6s accessoar som kompletterar garderoben \u00e5ret om \ud83c\udf38 \ud83e\udde3 F\u00e4rg: Vit\ud83c\udf3f Material: 100% polyester\ud83d\udccf Passform: L\u00e4tt, mjuk och f\u00f6ljsam\" \/>\n<meta property=\"og:url\" content=\"https:\/\/stilanddesign.se\/en\/product\/\ud83c\udf3f-vit-sjal-i-harlig-mjuk-polyester\ud83c\udf3f\/\" \/>\n<meta property=\"og:site_name\" content=\"Stil &amp; Design\" \/>\n<meta property=\"article:modified_time\" content=\"2026-03-30T10:24:02+00:00\" \/>\n<meta property=\"og:image\" content=\"https:\/\/stilanddesign.se\/wp-content\/uploads\/2026\/01\/9987876555555555555.jpeg\" \/>\n\t<meta property=\"og:image:width\" content=\"544\" \/>\n\t<meta property=\"og:image:height\" content=\"640\" \/>\n\t<meta property=\"og:image:type\" content=\"image\/jpeg\" \/>\n<meta name=\"twitter:card\" content=\"summary_large_image\" \/>\n<meta name=\"twitter:label1\" content=\"Est. reading time\" \/>\n\t<meta name=\"twitter:data1\" content=\"1 minute\" \/>\n<script type=\"application\/ld+json\" class=\"yoast-schema-graph\">{\"@context\":\"https:\\\/\\\/schema.org\",\"@graph\":[{\"@type\":\"WebPage\",\"@id\":\"https:\\\/\\\/stilanddesign.se\\\/produkt\\\/%f0%9f%8c%bf-vit-sjal-i-harlig-mjuk-polyester%f0%9f%8c%bf\\\/\",\"url\":\"https:\\\/\\\/stilanddesign.se\\\/produkt\\\/%f0%9f%8c%bf-vit-sjal-i-harlig-mjuk-polyester%f0%9f%8c%bf\\\/\",\"name\":\"\ud83c\udf3f Vit sjal i h\u00e4rlig mjuk polyester\ud83c\udf3f - Stil &amp; Design\",\"isPartOf\":{\"@id\":\"https:\\\/\\\/stilanddesign.se\\\/#website\"},\"primaryImageOfPage\":{\"@id\":\"https:\\\/\\\/stilanddesign.se\\\/produkt\\\/%f0%9f%8c%bf-vit-sjal-i-harlig-mjuk-polyester%f0%9f%8c%bf\\\/#primaryimage\"},\"image\":{\"@id\":\"https:\\\/\\\/stilanddesign.se\\\/produkt\\\/%f0%9f%8c%bf-vit-sjal-i-harlig-mjuk-polyester%f0%9f%8c%bf\\\/#primaryimage\"},\"thumbnailUrl\":\"https:\\\/\\\/stilanddesign.se\\\/wp-content\\\/uploads\\\/2026\\\/01\\\/9987876555555555555.jpeg\",\"datePublished\":\"2026-01-21T14:49:29+00:00\",\"dateModified\":\"2026-03-30T10:24:02+00:00\",\"breadcrumb\":{\"@id\":\"https:\\\/\\\/stilanddesign.se\\\/produkt\\\/%f0%9f%8c%bf-vit-sjal-i-harlig-mjuk-polyester%f0%9f%8c%bf\\\/#breadcrumb\"},\"inLanguage\":\"en-US\",\"potentialAction\":[{\"@type\":\"ReadAction\",\"target\":[\"https:\\\/\\\/stilanddesign.se\\\/produkt\\\/%f0%9f%8c%bf-vit-sjal-i-harlig-mjuk-polyester%f0%9f%8c%bf\\\/\"]}]},{\"@type\":\"ImageObject\",\"inLanguage\":\"en-US\",\"@id\":\"https:\\\/\\\/stilanddesign.se\\\/produkt\\\/%f0%9f%8c%bf-vit-sjal-i-harlig-mjuk-polyester%f0%9f%8c%bf\\\/#primaryimage\",\"url\":\"https:\\\/\\\/stilanddesign.se\\\/wp-content\\\/uploads\\\/2026\\\/01\\\/9987876555555555555.jpeg\",\"contentUrl\":\"https:\\\/\\\/stilanddesign.se\\\/wp-content\\\/uploads\\\/2026\\\/01\\\/9987876555555555555.jpeg\",\"width\":544,\"height\":640,\"caption\":\"Vit sjal i h\u00e4rlig mjuk polyester\"},{\"@type\":\"BreadcrumbList\",\"@id\":\"https:\\\/\\\/stilanddesign.se\\\/produkt\\\/%f0%9f%8c%bf-vit-sjal-i-harlig-mjuk-polyester%f0%9f%8c%bf\\\/#breadcrumb\",\"itemListElement\":[{\"@type\":\"ListItem\",\"position\":1,\"name\":\"Hem\",\"item\":\"https:\\\/\\\/stilanddesign.se\\\/\"},{\"@type\":\"ListItem\",\"position\":2,\"name\":\"Butiken\",\"item\":\"https:\\\/\\\/stilanddesign.se\\\/butiken\\\/\"},{\"@type\":\"ListItem\",\"position\":3,\"name\":\"\ud83c\udf3f Vit sjal i h\u00e4rlig mjuk polyester\ud83c\udf3f\"}]},{\"@type\":\"WebSite\",\"@id\":\"https:\\\/\\\/stilanddesign.se\\\/#website\",\"url\":\"https:\\\/\\\/stilanddesign.se\\\/\",\"name\":\"Stil &amp; Design\",\"description\":\"F\u00f6r oss som \u00e4lskar mode!\",\"publisher\":{\"@id\":\"https:\\\/\\\/stilanddesign.se\\\/#organization\"},\"potentialAction\":[{\"@type\":\"SearchAction\",\"target\":{\"@type\":\"EntryPoint\",\"urlTemplate\":\"https:\\\/\\\/stilanddesign.se\\\/?s={search_term_string}\"},\"query-input\":{\"@type\":\"PropertyValueSpecification\",\"valueRequired\":true,\"valueName\":\"search_term_string\"}}],\"inLanguage\":\"en-US\"},{\"@type\":\"Organization\",\"@id\":\"https:\\\/\\\/stilanddesign.se\\\/#organization\",\"name\":\"Stil &amp; Design\",\"url\":\"https:\\\/\\\/stilanddesign.se\\\/\",\"logo\":{\"@type\":\"ImageObject\",\"inLanguage\":\"en-US\",\"@id\":\"https:\\\/\\\/stilanddesign.se\\\/#\\\/schema\\\/logo\\\/image\\\/\",\"url\":\"https:\\\/\\\/stilanddesign.se\\\/wp-content\\\/uploads\\\/2023\\\/12\\\/output-onlinepngtools-e1727784413220.png\",\"contentUrl\":\"https:\\\/\\\/stilanddesign.se\\\/wp-content\\\/uploads\\\/2023\\\/12\\\/output-onlinepngtools-e1727784413220.png\",\"width\":519,\"height\":135,\"caption\":\"Stil &amp; Design\"},\"image\":{\"@id\":\"https:\\\/\\\/stilanddesign.se\\\/#\\\/schema\\\/logo\\\/image\\\/\"}}]}<\/script>\n<!-- \/ Yoast SEO Premium plugin. -->","yoast_head_json":{"title":"\ud83c\udf3f Vit sjal i h\u00e4rlig mjuk polyester\ud83c\udf3f - Stil &amp; Design","robots":{"index":"index","follow":"follow","max-snippet":"max-snippet:-1","max-image-preview":"max-image-preview:large","max-video-preview":"max-video-preview:-1"},"canonical":"https:\/\/stilanddesign.se\/en\/product\/\ud83c\udf3f-vit-sjal-i-harlig-mjuk-polyester\ud83c\udf3f\/","og_locale":"en_US","og_type":"article","og_title":"\ud83c\udf3f Vit sjal i h\u00e4rlig mjuk polyester\ud83c\udf3f","og_description":"\ud83c\udf3f Vit sjal i h\u00e4rlig mjuk polyester\ud83c\udf3f En l\u00e4tt och f\u00f6ljsam sjal som ger din outfit ett elegant lyft \ud83d\udcabDen luftiga polyestern faller vackert runt halsen och skapar ett mjukt, feminint uttryck \u2013 lika fin till vardag som till fest \ud83d\udc95 Perfekt att b\u00e4ra l\u00f6st f\u00f6r en avslappnad k\u00e4nsla eller elegant knuten f\u00f6r en mer sofistikerad look \u2728En tidl\u00f6s accessoar som kompletterar garderoben \u00e5ret om \ud83c\udf38 \ud83e\udde3 F\u00e4rg: Vit\ud83c\udf3f Material: 100% polyester\ud83d\udccf Passform: L\u00e4tt, mjuk och f\u00f6ljsam","og_url":"https:\/\/stilanddesign.se\/en\/product\/\ud83c\udf3f-vit-sjal-i-harlig-mjuk-polyester\ud83c\udf3f\/","og_site_name":"Stil &amp; Design","article_modified_time":"2026-03-30T10:24:02+00:00","og_image":[{"width":544,"height":640,"url":"https:\/\/stilanddesign.se\/wp-content\/uploads\/2026\/01\/9987876555555555555.jpeg","type":"image\/jpeg"}],"twitter_card":"summary_large_image","twitter_misc":{"Est. reading time":"1 minute"},"schema":{"@context":"https:\/\/schema.org","@graph":[{"@type":"WebPage","@id":"https:\/\/stilanddesign.se\/produkt\/%f0%9f%8c%bf-vit-sjal-i-harlig-mjuk-polyester%f0%9f%8c%bf\/","url":"https:\/\/stilanddesign.se\/produkt\/%f0%9f%8c%bf-vit-sjal-i-harlig-mjuk-polyester%f0%9f%8c%bf\/","name":"\ud83c\udf3f Vit sjal i h\u00e4rlig mjuk polyester\ud83c\udf3f - Stil &amp; Design","isPartOf":{"@id":"https:\/\/stilanddesign.se\/#website"},"primaryImageOfPage":{"@id":"https:\/\/stilanddesign.se\/produkt\/%f0%9f%8c%bf-vit-sjal-i-harlig-mjuk-polyester%f0%9f%8c%bf\/#primaryimage"},"image":{"@id":"https:\/\/stilanddesign.se\/produkt\/%f0%9f%8c%bf-vit-sjal-i-harlig-mjuk-polyester%f0%9f%8c%bf\/#primaryimage"},"thumbnailUrl":"https:\/\/stilanddesign.se\/wp-content\/uploads\/2026\/01\/9987876555555555555.jpeg","datePublished":"2026-01-21T14:49:29+00:00","dateModified":"2026-03-30T10:24:02+00:00","breadcrumb":{"@id":"https:\/\/stilanddesign.se\/produkt\/%f0%9f%8c%bf-vit-sjal-i-harlig-mjuk-polyester%f0%9f%8c%bf\/#breadcrumb"},"inLanguage":"en-US","potentialAction":[{"@type":"ReadAction","target":["https:\/\/stilanddesign.se\/produkt\/%f0%9f%8c%bf-vit-sjal-i-harlig-mjuk-polyester%f0%9f%8c%bf\/"]}]},{"@type":"ImageObject","inLanguage":"en-US","@id":"https:\/\/stilanddesign.se\/produkt\/%f0%9f%8c%bf-vit-sjal-i-harlig-mjuk-polyester%f0%9f%8c%bf\/#primaryimage","url":"https:\/\/stilanddesign.se\/wp-content\/uploads\/2026\/01\/9987876555555555555.jpeg","contentUrl":"https:\/\/stilanddesign.se\/wp-content\/uploads\/2026\/01\/9987876555555555555.jpeg","width":544,"height":640,"caption":"Vit sjal i h\u00e4rlig mjuk polyester"},{"@type":"BreadcrumbList","@id":"https:\/\/stilanddesign.se\/produkt\/%f0%9f%8c%bf-vit-sjal-i-harlig-mjuk-polyester%f0%9f%8c%bf\/#breadcrumb","itemListElement":[{"@type":"ListItem","position":1,"name":"Hem","item":"https:\/\/stilanddesign.se\/"},{"@type":"ListItem","position":2,"name":"Butiken","item":"https:\/\/stilanddesign.se\/butiken\/"},{"@type":"ListItem","position":3,"name":"\ud83c\udf3f Vit sjal i h\u00e4rlig mjuk polyester\ud83c\udf3f"}]},{"@type":"WebSite","@id":"https:\/\/stilanddesign.se\/#website","url":"https:\/\/stilanddesign.se\/","name":"Style &amp; Design","description":"For those of us who love fashion!","publisher":{"@id":"https:\/\/stilanddesign.se\/#organization"},"potentialAction":[{"@type":"SearchAction","target":{"@type":"EntryPoint","urlTemplate":"https:\/\/stilanddesign.se\/?s={search_term_string}"},"query-input":{"@type":"PropertyValueSpecification","valueRequired":true,"valueName":"search_term_string"}}],"inLanguage":"en-US"},{"@type":"Organization","@id":"https:\/\/stilanddesign.se\/#organization","name":"Style &amp; Design","url":"https:\/\/stilanddesign.se\/","logo":{"@type":"ImageObject","inLanguage":"en-US","@id":"https:\/\/stilanddesign.se\/#\/schema\/logo\/image\/","url":"https:\/\/stilanddesign.se\/wp-content\/uploads\/2023\/12\/output-onlinepngtools-e1727784413220.png","contentUrl":"https:\/\/stilanddesign.se\/wp-content\/uploads\/2023\/12\/output-onlinepngtools-e1727784413220.png","width":519,"height":135,"caption":"Stil &amp; Design"},"image":{"@id":"https:\/\/stilanddesign.se\/#\/schema\/logo\/image\/"}}]}},"_links":{"self":[{"href":"https:\/\/stilanddesign.se\/en\/wp-json\/wp\/v2\/product\/1062350","targetHints":{"allow":["GET"]}}],"collection":[{"href":"https:\/\/stilanddesign.se\/en\/wp-json\/wp\/v2\/product"}],"about":[{"href":"https:\/\/stilanddesign.se\/en\/wp-json\/wp\/v2\/types\/product"}],"replies":[{"embeddable":true,"href":"https:\/\/stilanddesign.se\/en\/wp-json\/wp\/v2\/comments?post=1062350"}],"wp:featuredmedia":[{"embeddable":true,"href":"https:\/\/stilanddesign.se\/en\/wp-json\/wp\/v2\/media\/1062344"}],"wp:attachment":[{"href":"https:\/\/stilanddesign.se\/en\/wp-json\/wp\/v2\/media?parent=1062350"}],"wp:term":[{"taxonomy":"product_brand","embeddable":true,"href":"https:\/\/stilanddesign.se\/en\/wp-json\/wp\/v2\/product_brand?post=1062350"},{"taxonomy":"product_cat","embeddable":true,"href":"https:\/\/stilanddesign.se\/en\/wp-json\/wp\/v2\/product_cat?post=1062350"},{"taxonomy":"product_tag","embeddable":true,"href":"https:\/\/stilanddesign.se\/en\/wp-json\/wp\/v2\/product_tag?post=1062350"}],"curies":[{"name":"wp","href":"https:\/\/api.w.org\/{rel}","templated":true}]}}