{"id":1062214,"date":"2026-01-21T08:14:20","date_gmt":"2026-01-21T07:14:20","guid":{"rendered":"https:\/\/stilanddesign.se\/?post_type=product&#038;p=1062214"},"modified":"2026-04-22T14:06:40","modified_gmt":"2026-04-22T12:06:40","slug":"%f0%9f%a4%8d-jeans-caramell-fashion-beige%f0%9f%a4%8d","status":"publish","type":"product","link":"https:\/\/stilanddesign.se\/en\/product\/%f0%9f%a4%8d-jeans-caramell-fashion-beige%f0%9f%a4%8d\/","title":{"rendered":"\ud83e\udd0d Jeans \u2013 Caramell Fashion (beige)\ud83e\udd0d"},"content":{"rendered":"<p data-start=\"106\" data-end=\"332\">\ud83e\udd0d <strong data-start=\"109\" data-end=\"149\">Jeans \u2013 Caramell Fashion (beige)<\/strong> \ud83e\udd0d<br data-start=\"152\" data-end=\"155\" \/>Stylish jeans in one <strong data-start=\"175\" data-end=\"203\">super fine beige shade<\/strong> that lifts the whole outfit! Perfect when you want a light, soft and elegant look \u2013 but still with a jeans feel and nice stretch \ud83d\ude4c<\/p>\n<p data-start=\"334\" data-end=\"523\">\ud83d\udc56 <strong data-start=\"337\" data-end=\"359\">Fit &amp; Feel:<\/strong><br data-start=\"359\" data-end=\"362\" \/>\u2728 Flattering and timeless model<br data-start=\"392\" data-end=\"395\" \/>\u2728 Comfortable stretch that follows the body<br data-start=\"430\" data-end=\"433\" \/>\u2728 Stylish with both sneakers &amp; heels<br data-start=\"470\" data-end=\"473\" \/>\u2728 Easy to match with everything from blouses to knitwear<\/p>\n<p data-start=\"525\" data-end=\"567\">\ud83d\udccf <strong data-start=\"528\" data-end=\"542\">Sizes:<\/strong><br data-start=\"542\" data-end=\"545\" \/>34 \u2022 36 \u2022 38 \u2022 40 \u2022 42<\/p>\n<p data-start=\"569\" data-end=\"628\">\ud83e\uddf5 <strong data-start=\"572\" data-end=\"585\">Material:<\/strong><br data-start=\"585\" data-end=\"588\" \/>91% cotton<br data-start=\"598\" data-end=\"601\" \/>7% polyester<br data-start=\"613\" data-end=\"616\" \/>2% elastane<\/p>\n<p data-start=\"630\" data-end=\"731\">The cotton gives it that <strong data-start=\"651\" data-end=\"682\">soft, sturdy denim feel<\/strong> \ud83c\udf3f and the elastane makes them <strong data-start=\"708\" data-end=\"728\">nice all day<\/strong> \ud83d\udcab<\/p>\n<p data-start=\"733\" data-end=\"859\" data-is-last-node=\"\" data-is-only-node=\"\">\ud83e\udd0d <em data-start=\"736\" data-end=\"747\">Tip tip:<\/em> Match with a white top for an all-white look or break it up with beige, denim or black for a more striking outfit \ud83d\udd25<\/p>","protected":false},"excerpt":{"rendered":"<p data-start=\"106\" data-end=\"332\">\ud83e\udd0d <strong data-start=\"109\" data-end=\"149\">Jeans \u2013 Caramell Fashion (beige)<\/strong> \ud83e\udd0d<br data-start=\"152\" data-end=\"155\" \/>Stylish jeans in one <strong data-start=\"175\" data-end=\"203\">super fine beige shade<\/strong> that lifts the whole outfit! Perfect when you want a light, soft and elegant look \u2013 but still with a jeans feel and nice stretch \ud83d\ude4c<\/p>\n<p data-start=\"334\" data-end=\"523\">\ud83d\udc56 <strong data-start=\"337\" data-end=\"359\">Fit &amp; Feel:<\/strong><br data-start=\"359\" data-end=\"362\" \/>\u2728 Flattering and timeless model<br data-start=\"392\" data-end=\"395\" \/>\u2728 Comfortable stretch that follows the body<br data-start=\"430\" data-end=\"433\" \/>\u2728 Stylish with both sneakers &amp; heels<br data-start=\"470\" data-end=\"473\" \/>\u2728 Easy to match with everything from blouses to knitwear<\/p>\n<p data-start=\"525\" data-end=\"567\">\ud83d\udccf <strong data-start=\"528\" data-end=\"542\">Sizes:<\/strong><br data-start=\"542\" data-end=\"545\" \/>34 \u2022 36 \u2022 38 \u2022 40 \u2022 42<\/p>\n<p data-start=\"569\" data-end=\"628\">\ud83e\uddf5 <strong data-start=\"572\" data-end=\"585\">Material:<\/strong><br data-start=\"585\" data-end=\"588\" \/>91% cotton<br data-start=\"598\" data-end=\"601\" \/>7% polyester<br data-start=\"613\" data-end=\"616\" \/>2% elastane<\/p>\n<p data-start=\"630\" data-end=\"731\">The cotton gives it that <strong data-start=\"651\" data-end=\"682\">soft, sturdy denim feel<\/strong> \ud83c\udf3f and the elastane makes them <strong data-start=\"708\" data-end=\"728\">nice all day<\/strong> \ud83d\udcab<\/p>\n<p data-start=\"733\" data-end=\"859\" data-is-last-node=\"\" data-is-only-node=\"\">\ud83e\udd0d <em data-start=\"736\" data-end=\"747\">Tip tip:<\/em> Match with a white top for an all-white look or break it up with beige, denim or black for a more striking outfit \ud83d\udd25<\/p>","protected":false},"featured_media":1062213,"comment_status":"closed","ping_status":"closed","template":"","meta":[],"product_brand":[],"product_cat":[208],"product_tag":[],"class_list":{"0":"post-1062214","1":"product","2":"type-product","3":"status-publish","4":"has-post-thumbnail","6":"product_cat-jeans","8":"first","9":"instock","10":"taxable","11":"shipping-taxable","12":"purchasable","13":"product-type-variable"},"yoast_head":"<!-- This site is optimized with the Yoast SEO Premium plugin v27.4 (Yoast SEO v27.4) - https:\/\/yoast.com\/product\/yoast-seo-premium-wordpress\/ -->\n<title>\ud83e\udd0d Jeans \u2013 Caramell Fashion (beige)\ud83e\udd0d - Stil &amp; Design<\/title>\n<meta name=\"robots\" content=\"index, follow, max-snippet:-1, max-image-preview:large, max-video-preview:-1\" \/>\n<link rel=\"canonical\" href=\"https:\/\/stilanddesign.se\/en\/product\/\ud83e\udd0d-jeans-caramell-fashion-beige\ud83e\udd0d\/\" \/>\n<meta property=\"og:locale\" content=\"en_US\" \/>\n<meta property=\"og:type\" content=\"article\" \/>\n<meta property=\"og:title\" content=\"\ud83e\udd0d Jeans \u2013 Caramell Fashion (beige)\ud83e\udd0d\" \/>\n<meta property=\"og:description\" content=\"\ud83e\udd0d Jeans \u2013 Caramell Fashion (beige) \ud83e\udd0dStilrena jeans i en superfin beige nyans som lyfter hela outfiten! Perfekta n\u00e4r du vill ha en ljus, mjuk och elegant look \u2013 men \u00e4nd\u00e5 med jeans-k\u00e4nsla och sk\u00f6n stretch \ud83d\ude4c \ud83d\udc56 Passform &amp; k\u00e4nsla:\u2728 Smickrande och tidl\u00f6s modell\u2728 Bekv\u00e4m stretch som f\u00f6ljer kroppen\u2728 Snygga b\u00e5de till sneakers &amp; klackar\u2728 L\u00e4tta att matcha med allt fr\u00e5n blus till stickat \ud83d\udccf Storlekar:34 \u2022 36 \u2022 38 \u2022 40 \u2022 42 \ud83e\uddf5 Material:91% bomull7% polyester2% elastan Bomullen ger den d\u00e4r mjuka, stadiga jeansk\u00e4nslan \ud83c\udf3f och elastanen g\u00f6r dem sk\u00f6na hela dagen \ud83d\udcab \ud83e\udd0d Tipstips: Matcha med vit topp f\u00f6r en helvit look eller bryt av med beige, denim eller svart f\u00f6r en mer markerad outfit \ud83d\udd25\" \/>\n<meta property=\"og:url\" content=\"https:\/\/stilanddesign.se\/en\/product\/\ud83e\udd0d-jeans-caramell-fashion-beige\ud83e\udd0d\/\" \/>\n<meta property=\"og:site_name\" content=\"Stil &amp; Design\" \/>\n<meta property=\"article:modified_time\" content=\"2026-04-22T12:06:40+00:00\" \/>\n<meta property=\"og:image\" content=\"https:\/\/stilanddesign.se\/wp-content\/uploads\/2026\/01\/Stilren-mode-med-off-white-jeans.png\" \/>\n\t<meta property=\"og:image:width\" content=\"1024\" \/>\n\t<meta property=\"og:image:height\" content=\"1536\" \/>\n\t<meta property=\"og:image:type\" content=\"image\/png\" \/>\n<meta name=\"twitter:card\" content=\"summary_large_image\" \/>\n<meta name=\"twitter:label1\" content=\"Est. reading time\" \/>\n\t<meta name=\"twitter:data1\" content=\"1 minute\" \/>\n<script type=\"application\/ld+json\" class=\"yoast-schema-graph\">{\"@context\":\"https:\\\/\\\/schema.org\",\"@graph\":[{\"@type\":\"WebPage\",\"@id\":\"https:\\\/\\\/stilanddesign.se\\\/produkt\\\/%f0%9f%a4%8d-jeans-caramell-fashion-beige%f0%9f%a4%8d\\\/\",\"url\":\"https:\\\/\\\/stilanddesign.se\\\/produkt\\\/%f0%9f%a4%8d-jeans-caramell-fashion-beige%f0%9f%a4%8d\\\/\",\"name\":\"\ud83e\udd0d Jeans \u2013 Caramell Fashion (beige)\ud83e\udd0d - Stil &amp; Design\",\"isPartOf\":{\"@id\":\"https:\\\/\\\/stilanddesign.se\\\/#website\"},\"primaryImageOfPage\":{\"@id\":\"https:\\\/\\\/stilanddesign.se\\\/produkt\\\/%f0%9f%a4%8d-jeans-caramell-fashion-beige%f0%9f%a4%8d\\\/#primaryimage\"},\"image\":{\"@id\":\"https:\\\/\\\/stilanddesign.se\\\/produkt\\\/%f0%9f%a4%8d-jeans-caramell-fashion-beige%f0%9f%a4%8d\\\/#primaryimage\"},\"thumbnailUrl\":\"https:\\\/\\\/stilanddesign.se\\\/wp-content\\\/uploads\\\/2026\\\/01\\\/Stilren-mode-med-off-white-jeans.png\",\"datePublished\":\"2026-01-21T07:14:20+00:00\",\"dateModified\":\"2026-04-22T12:06:40+00:00\",\"breadcrumb\":{\"@id\":\"https:\\\/\\\/stilanddesign.se\\\/produkt\\\/%f0%9f%a4%8d-jeans-caramell-fashion-beige%f0%9f%a4%8d\\\/#breadcrumb\"},\"inLanguage\":\"en-US\",\"potentialAction\":[{\"@type\":\"ReadAction\",\"target\":[\"https:\\\/\\\/stilanddesign.se\\\/produkt\\\/%f0%9f%a4%8d-jeans-caramell-fashion-beige%f0%9f%a4%8d\\\/\"]}]},{\"@type\":\"ImageObject\",\"inLanguage\":\"en-US\",\"@id\":\"https:\\\/\\\/stilanddesign.se\\\/produkt\\\/%f0%9f%a4%8d-jeans-caramell-fashion-beige%f0%9f%a4%8d\\\/#primaryimage\",\"url\":\"https:\\\/\\\/stilanddesign.se\\\/wp-content\\\/uploads\\\/2026\\\/01\\\/Stilren-mode-med-off-white-jeans.png\",\"contentUrl\":\"https:\\\/\\\/stilanddesign.se\\\/wp-content\\\/uploads\\\/2026\\\/01\\\/Stilren-mode-med-off-white-jeans.png\",\"width\":1024,\"height\":1536},{\"@type\":\"BreadcrumbList\",\"@id\":\"https:\\\/\\\/stilanddesign.se\\\/produkt\\\/%f0%9f%a4%8d-jeans-caramell-fashion-beige%f0%9f%a4%8d\\\/#breadcrumb\",\"itemListElement\":[{\"@type\":\"ListItem\",\"position\":1,\"name\":\"Hem\",\"item\":\"https:\\\/\\\/stilanddesign.se\\\/\"},{\"@type\":\"ListItem\",\"position\":2,\"name\":\"Butiken\",\"item\":\"https:\\\/\\\/stilanddesign.se\\\/butiken\\\/\"},{\"@type\":\"ListItem\",\"position\":3,\"name\":\"\ud83e\udd0d Jeans \u2013 Caramell Fashion (beige)\ud83e\udd0d\"}]},{\"@type\":\"WebSite\",\"@id\":\"https:\\\/\\\/stilanddesign.se\\\/#website\",\"url\":\"https:\\\/\\\/stilanddesign.se\\\/\",\"name\":\"Stil &amp; Design\",\"description\":\"F\u00f6r oss som \u00e4lskar mode!\",\"publisher\":{\"@id\":\"https:\\\/\\\/stilanddesign.se\\\/#organization\"},\"potentialAction\":[{\"@type\":\"SearchAction\",\"target\":{\"@type\":\"EntryPoint\",\"urlTemplate\":\"https:\\\/\\\/stilanddesign.se\\\/?s={search_term_string}\"},\"query-input\":{\"@type\":\"PropertyValueSpecification\",\"valueRequired\":true,\"valueName\":\"search_term_string\"}}],\"inLanguage\":\"en-US\"},{\"@type\":\"Organization\",\"@id\":\"https:\\\/\\\/stilanddesign.se\\\/#organization\",\"name\":\"Stil &amp; Design\",\"url\":\"https:\\\/\\\/stilanddesign.se\\\/\",\"logo\":{\"@type\":\"ImageObject\",\"inLanguage\":\"en-US\",\"@id\":\"https:\\\/\\\/stilanddesign.se\\\/#\\\/schema\\\/logo\\\/image\\\/\",\"url\":\"https:\\\/\\\/stilanddesign.se\\\/wp-content\\\/uploads\\\/2023\\\/12\\\/output-onlinepngtools-e1727784413220.png\",\"contentUrl\":\"https:\\\/\\\/stilanddesign.se\\\/wp-content\\\/uploads\\\/2023\\\/12\\\/output-onlinepngtools-e1727784413220.png\",\"width\":519,\"height\":135,\"caption\":\"Stil &amp; Design\"},\"image\":{\"@id\":\"https:\\\/\\\/stilanddesign.se\\\/#\\\/schema\\\/logo\\\/image\\\/\"}}]}<\/script>\n<!-- \/ Yoast SEO Premium plugin. -->","yoast_head_json":{"title":"\ud83e\udd0d Jeans \u2013 Caramell Fashion (beige)\ud83e\udd0d - Stil &amp; Design","robots":{"index":"index","follow":"follow","max-snippet":"max-snippet:-1","max-image-preview":"max-image-preview:large","max-video-preview":"max-video-preview:-1"},"canonical":"https:\/\/stilanddesign.se\/en\/product\/\ud83e\udd0d-jeans-caramell-fashion-beige\ud83e\udd0d\/","og_locale":"en_US","og_type":"article","og_title":"\ud83e\udd0d Jeans \u2013 Caramell Fashion (beige)\ud83e\udd0d","og_description":"\ud83e\udd0d Jeans \u2013 Caramell Fashion (beige) \ud83e\udd0dStilrena jeans i en superfin beige nyans som lyfter hela outfiten! Perfekta n\u00e4r du vill ha en ljus, mjuk och elegant look \u2013 men \u00e4nd\u00e5 med jeans-k\u00e4nsla och sk\u00f6n stretch \ud83d\ude4c \ud83d\udc56 Passform &amp; k\u00e4nsla:\u2728 Smickrande och tidl\u00f6s modell\u2728 Bekv\u00e4m stretch som f\u00f6ljer kroppen\u2728 Snygga b\u00e5de till sneakers &amp; klackar\u2728 L\u00e4tta att matcha med allt fr\u00e5n blus till stickat \ud83d\udccf Storlekar:34 \u2022 36 \u2022 38 \u2022 40 \u2022 42 \ud83e\uddf5 Material:91% bomull7% polyester2% elastan Bomullen ger den d\u00e4r mjuka, stadiga jeansk\u00e4nslan \ud83c\udf3f och elastanen g\u00f6r dem sk\u00f6na hela dagen \ud83d\udcab \ud83e\udd0d Tipstips: Matcha med vit topp f\u00f6r en helvit look eller bryt av med beige, denim eller svart f\u00f6r en mer markerad outfit \ud83d\udd25","og_url":"https:\/\/stilanddesign.se\/en\/product\/\ud83e\udd0d-jeans-caramell-fashion-beige\ud83e\udd0d\/","og_site_name":"Stil &amp; Design","article_modified_time":"2026-04-22T12:06:40+00:00","og_image":[{"width":1024,"height":1536,"url":"https:\/\/stilanddesign.se\/wp-content\/uploads\/2026\/01\/Stilren-mode-med-off-white-jeans.png","type":"image\/png"}],"twitter_card":"summary_large_image","twitter_misc":{"Est. reading time":"1 minute"},"schema":{"@context":"https:\/\/schema.org","@graph":[{"@type":"WebPage","@id":"https:\/\/stilanddesign.se\/produkt\/%f0%9f%a4%8d-jeans-caramell-fashion-beige%f0%9f%a4%8d\/","url":"https:\/\/stilanddesign.se\/produkt\/%f0%9f%a4%8d-jeans-caramell-fashion-beige%f0%9f%a4%8d\/","name":"\ud83e\udd0d Jeans \u2013 Caramell Fashion (beige)\ud83e\udd0d - Stil &amp; Design","isPartOf":{"@id":"https:\/\/stilanddesign.se\/#website"},"primaryImageOfPage":{"@id":"https:\/\/stilanddesign.se\/produkt\/%f0%9f%a4%8d-jeans-caramell-fashion-beige%f0%9f%a4%8d\/#primaryimage"},"image":{"@id":"https:\/\/stilanddesign.se\/produkt\/%f0%9f%a4%8d-jeans-caramell-fashion-beige%f0%9f%a4%8d\/#primaryimage"},"thumbnailUrl":"https:\/\/stilanddesign.se\/wp-content\/uploads\/2026\/01\/Stilren-mode-med-off-white-jeans.png","datePublished":"2026-01-21T07:14:20+00:00","dateModified":"2026-04-22T12:06:40+00:00","breadcrumb":{"@id":"https:\/\/stilanddesign.se\/produkt\/%f0%9f%a4%8d-jeans-caramell-fashion-beige%f0%9f%a4%8d\/#breadcrumb"},"inLanguage":"en-US","potentialAction":[{"@type":"ReadAction","target":["https:\/\/stilanddesign.se\/produkt\/%f0%9f%a4%8d-jeans-caramell-fashion-beige%f0%9f%a4%8d\/"]}]},{"@type":"ImageObject","inLanguage":"en-US","@id":"https:\/\/stilanddesign.se\/produkt\/%f0%9f%a4%8d-jeans-caramell-fashion-beige%f0%9f%a4%8d\/#primaryimage","url":"https:\/\/stilanddesign.se\/wp-content\/uploads\/2026\/01\/Stilren-mode-med-off-white-jeans.png","contentUrl":"https:\/\/stilanddesign.se\/wp-content\/uploads\/2026\/01\/Stilren-mode-med-off-white-jeans.png","width":1024,"height":1536},{"@type":"BreadcrumbList","@id":"https:\/\/stilanddesign.se\/produkt\/%f0%9f%a4%8d-jeans-caramell-fashion-beige%f0%9f%a4%8d\/#breadcrumb","itemListElement":[{"@type":"ListItem","position":1,"name":"Hem","item":"https:\/\/stilanddesign.se\/"},{"@type":"ListItem","position":2,"name":"Butiken","item":"https:\/\/stilanddesign.se\/butiken\/"},{"@type":"ListItem","position":3,"name":"\ud83e\udd0d Jeans \u2013 Caramell Fashion (beige)\ud83e\udd0d"}]},{"@type":"WebSite","@id":"https:\/\/stilanddesign.se\/#website","url":"https:\/\/stilanddesign.se\/","name":"Style &amp; Design","description":"For those of us who love fashion!","publisher":{"@id":"https:\/\/stilanddesign.se\/#organization"},"potentialAction":[{"@type":"SearchAction","target":{"@type":"EntryPoint","urlTemplate":"https:\/\/stilanddesign.se\/?s={search_term_string}"},"query-input":{"@type":"PropertyValueSpecification","valueRequired":true,"valueName":"search_term_string"}}],"inLanguage":"en-US"},{"@type":"Organization","@id":"https:\/\/stilanddesign.se\/#organization","name":"Style &amp; Design","url":"https:\/\/stilanddesign.se\/","logo":{"@type":"ImageObject","inLanguage":"en-US","@id":"https:\/\/stilanddesign.se\/#\/schema\/logo\/image\/","url":"https:\/\/stilanddesign.se\/wp-content\/uploads\/2023\/12\/output-onlinepngtools-e1727784413220.png","contentUrl":"https:\/\/stilanddesign.se\/wp-content\/uploads\/2023\/12\/output-onlinepngtools-e1727784413220.png","width":519,"height":135,"caption":"Stil &amp; Design"},"image":{"@id":"https:\/\/stilanddesign.se\/#\/schema\/logo\/image\/"}}]}},"_links":{"self":[{"href":"https:\/\/stilanddesign.se\/en\/wp-json\/wp\/v2\/product\/1062214","targetHints":{"allow":["GET"]}}],"collection":[{"href":"https:\/\/stilanddesign.se\/en\/wp-json\/wp\/v2\/product"}],"about":[{"href":"https:\/\/stilanddesign.se\/en\/wp-json\/wp\/v2\/types\/product"}],"replies":[{"embeddable":true,"href":"https:\/\/stilanddesign.se\/en\/wp-json\/wp\/v2\/comments?post=1062214"}],"wp:featuredmedia":[{"embeddable":true,"href":"https:\/\/stilanddesign.se\/en\/wp-json\/wp\/v2\/media\/1062213"}],"wp:attachment":[{"href":"https:\/\/stilanddesign.se\/en\/wp-json\/wp\/v2\/media?parent=1062214"}],"wp:term":[{"taxonomy":"product_brand","embeddable":true,"href":"https:\/\/stilanddesign.se\/en\/wp-json\/wp\/v2\/product_brand?post=1062214"},{"taxonomy":"product_cat","embeddable":true,"href":"https:\/\/stilanddesign.se\/en\/wp-json\/wp\/v2\/product_cat?post=1062214"},{"taxonomy":"product_tag","embeddable":true,"href":"https:\/\/stilanddesign.se\/en\/wp-json\/wp\/v2\/product_tag?post=1062214"}],"curies":[{"name":"wp","href":"https:\/\/api.w.org\/{rel}","templated":true}]}}