{"id":1062101,"date":"2026-03-20T15:50:47","date_gmt":"2026-03-20T14:50:47","guid":{"rendered":"https:\/\/stilanddesign.se\/?post_type=product&#038;p=1062101"},"modified":"2026-04-11T11:05:31","modified_gmt":"2026-04-11T09:05:31","slug":"%f0%9f%91%96-flare-byxa-med-perfekt-fall-lyxig-kansla-%f0%9f%91%96-2","status":"publish","type":"product","link":"https:\/\/stilanddesign.se\/en\/product\/%f0%9f%91%96-flare-byxa-med-perfekt-fall-lyxig-kansla-%f0%9f%91%96-2\/","title":{"rendered":"\ud83d\udc56 Flare pants with a perfect fit &amp; luxurious feel \ud83d\udc56"},"content":{"rendered":"<p data-start=\"128\" data-end=\"182\">\ud83d\udc56 <strong data-start=\"131\" data-end=\"177\">Flare pants with a perfect fit &amp; luxurious feel<\/strong> \ud83d\udc56<\/p>\n<p data-start=\"184\" data-end=\"367\">An incredible <strong data-start=\"196\" data-end=\"221\">flattering flare pants<\/strong> which gives long legs and an elegant silhouette \ud83d\udc83<br data-start=\"266\" data-end=\"269\" \/>The soft, supple material makes it super comfortable \u2013 while also looking really dressed up \ud83e\udd0d<\/p>\n<p data-start=\"369\" data-end=\"561\">It sits nicely over the hips and thighs and falls nicely into a slightly flared leg. The elastic at the waist provides maximum comfort (hello everyday luxury \ud83d\ude4c), and it looks just as good with sneakers as it does with heels.<\/p>\n<p data-start=\"563\" data-end=\"746\">\u2728 <strong data-start=\"565\" data-end=\"587\">We love that it:<\/strong><br data-start=\"587\" data-end=\"590\" \/>\u2714 Is soft &amp; stretchy<br data-start=\"611\" data-end=\"614\" \/>\u2714 Has a nice flare that balances the figure<br data-start=\"654\" data-end=\"657\" \/>\u2714 Works equally well for everyday use as for parties<br data-start=\"695\" data-end=\"698\" \/>\u2714 Matches perfectly with blouses, knitwear &amp; jackets<\/p>\n<p data-start=\"748\" data-end=\"778\">\ud83d\udccf <strong data-start=\"751\" data-end=\"763\">Size:<\/strong><br data-start=\"763\" data-end=\"766\" \/>S\/M \u2013 L\/XL<\/p>\n<p data-start=\"780\" data-end=\"834\">\ud83e\uddf5 <strong data-start=\"783\" data-end=\"796\">Material:<\/strong><br data-start=\"796\" data-end=\"799\" \/>71% viscose, 26% nylon, 3% spandex<\/p>\n<p data-start=\"836\" data-end=\"936\" data-is-last-node=\"\" data-is-only-node=\"\">A <strong data-start=\"839\" data-end=\"866\">real wardrobe savior<\/strong> that you will use over and over again \ud83d\udc95\ud83d\udd25<\/p>\n<p data-start=\"836\" data-end=\"936\" data-is-last-node=\"\" data-is-only-node=\"\">Length from waist down is: 103 cm<\/p>\n<p data-start=\"836\" data-end=\"936\" data-is-last-node=\"\" data-is-only-node=\"\">Inner leg length: 73 cm<\/p>","protected":false},"excerpt":{"rendered":"<p data-start=\"128\" data-end=\"182\">\ud83d\udc56 <strong data-start=\"131\" data-end=\"177\">Flare pants with a perfect fit &amp; luxurious feel<\/strong> \ud83d\udc56<\/p>\n<p data-start=\"184\" data-end=\"367\">An incredible <strong data-start=\"196\" data-end=\"221\">flattering flare pants<\/strong> which gives long legs and an elegant silhouette \ud83d\udc83<br data-start=\"266\" data-end=\"269\" \/>The soft, supple material makes it super comfortable \u2013 while also looking really dressed up \ud83e\udd0d<\/p>\n<p data-start=\"369\" data-end=\"561\">It sits nicely over the hips and thighs and falls nicely into a slightly flared leg. The elastic at the waist provides maximum comfort (hello everyday luxury \ud83d\ude4c), and it looks just as good with sneakers as it does with heels.<\/p>\n<p data-start=\"563\" data-end=\"746\">\u2728 <strong data-start=\"565\" data-end=\"587\">We love that it:<\/strong><br data-start=\"587\" data-end=\"590\" \/>\u2714 Is soft &amp; stretchy<br data-start=\"611\" data-end=\"614\" \/>\u2714 Has a nice flare that balances the figure<br data-start=\"654\" data-end=\"657\" \/>\u2714 Works equally well for everyday use as for parties<br data-start=\"695\" data-end=\"698\" \/>\u2714 Matches perfectly with blouses, knitwear &amp; jackets<\/p>\n<p data-start=\"748\" data-end=\"778\">\ud83d\udccf <strong data-start=\"751\" data-end=\"763\">Size:<\/strong><br data-start=\"763\" data-end=\"766\" \/>S\/M \u2013 L\/XL<\/p>\n<p data-start=\"780\" data-end=\"834\">\ud83e\uddf5 <strong data-start=\"783\" data-end=\"796\">Material:<\/strong><br data-start=\"796\" data-end=\"799\" \/>71% viscose, 26% nylon, 3% spandex<\/p>\n<p data-start=\"836\" data-end=\"936\" data-is-last-node=\"\" data-is-only-node=\"\">A <strong data-start=\"839\" data-end=\"866\">real wardrobe savior<\/strong> that you will use over and over again \ud83d\udc95\ud83d\udd25<\/p>\n<p data-start=\"836\" data-end=\"936\" data-is-last-node=\"\" data-is-only-node=\"\">Length from waist down is: 103 cm<\/p>\n<p data-start=\"836\" data-end=\"936\" data-is-last-node=\"\" data-is-only-node=\"\">Inner leg length: 73 cm<\/p>","protected":false},"featured_media":1062100,"comment_status":"closed","ping_status":"closed","template":"","meta":[],"product_brand":[],"product_cat":[203],"product_tag":[],"class_list":{"0":"post-1062101","1":"product","2":"type-product","3":"status-publish","4":"has-post-thumbnail","6":"product_cat-byxor","8":"first","9":"instock","10":"taxable","11":"shipping-taxable","12":"purchasable","13":"product-type-variable"},"yoast_head":"<!-- This site is optimized with the Yoast SEO Premium plugin v27.1 (Yoast SEO v27.4) - https:\/\/yoast.com\/product\/yoast-seo-premium-wordpress\/ -->\n<title>\ud83d\udc56 Flare-byxa med perfekt fall &amp; lyxig k\u00e4nsla \ud83d\udc56 - Stil &amp; Design<\/title>\n<meta name=\"robots\" content=\"index, follow, max-snippet:-1, max-image-preview:large, max-video-preview:-1\" \/>\n<link rel=\"canonical\" href=\"https:\/\/stilanddesign.se\/en\/product\/\ud83d\udc56-flare-byxa-med-perfekt-fall-lyxig-kansla-\ud83d\udc56-2\/\" \/>\n<meta property=\"og:locale\" content=\"en_US\" \/>\n<meta property=\"og:type\" content=\"article\" \/>\n<meta property=\"og:title\" content=\"\ud83d\udc56 Flare-byxa med perfekt fall &amp; lyxig k\u00e4nsla \ud83d\udc56\" \/>\n<meta property=\"og:description\" content=\"\ud83d\udc56 Flare-byxa med perfekt fall &amp; lyxig k\u00e4nsla \ud83d\udc56 En otroligt smickrande flare-byxa som ger l\u00e5nga ben och en elegant silhuett \ud83d\udc83Det mjuka, f\u00f6ljsamma materialet g\u00f6r den superbekv\u00e4m \u2013 samtidigt som den ser riktigt uppkl\u00e4dd ut \ud83e\udd0d Den sitter fint \u00f6ver h\u00f6ft och l\u00e5r och faller snyggt ned i ett l\u00e4tt utsv\u00e4ngt ben. Res\u00e5ren i midjan ger maximal komfort (hej vardagslyx \ud83d\ude4c), och den \u00e4r lika snygg till sneakers som till klackar. \u2728 Vi \u00e4lskar att den:\u2714 \u00c4r mjuk &amp; stretchig\u2714 Har snygg flare som balanserar figuren\u2714 Funkar lika bra till vardag som fest\u2714 Matchar perfekt till blusar, stickat &amp; kavaj \ud83d\udccf Storlek:S\/M \u2013 L\/XL \ud83e\uddf5 Material:71% viskos, 26% nylon, 3% spandex En riktig garderobsr\u00e4ddare som du kommer anv\u00e4nda om och om igen \ud83d\udc95\ud83d\udd25 L\u00e4ngd fr\u00e5n midjan och ner \u00e4r: 103 cm Beninnerl\u00e4ngd: 73 cm\" \/>\n<meta property=\"og:url\" content=\"https:\/\/stilanddesign.se\/en\/product\/\ud83d\udc56-flare-byxa-med-perfekt-fall-lyxig-kansla-\ud83d\udc56-2\/\" \/>\n<meta property=\"og:site_name\" content=\"Stil &amp; Design\" \/>\n<meta property=\"article:modified_time\" content=\"2026-04-11T09:05:31+00:00\" \/>\n<meta property=\"og:image\" content=\"https:\/\/stilanddesign.se\/wp-content\/uploads\/2026\/01\/Mode-i-boutique-med-blommig-blus-683x1024.png\" \/>\n\t<meta property=\"og:image:width\" content=\"683\" \/>\n\t<meta property=\"og:image:height\" content=\"1024\" \/>\n\t<meta property=\"og:image:type\" content=\"image\/png\" \/>\n<meta name=\"twitter:card\" content=\"summary_large_image\" \/>\n<meta name=\"twitter:label1\" content=\"Est. reading time\" \/>\n\t<meta name=\"twitter:data1\" content=\"1 minute\" \/>\n<script type=\"application\/ld+json\" class=\"yoast-schema-graph\">{\"@context\":\"https:\\\/\\\/schema.org\",\"@graph\":[{\"@type\":\"WebPage\",\"@id\":\"https:\\\/\\\/stilanddesign.se\\\/produkt\\\/%f0%9f%91%96-flare-byxa-med-perfekt-fall-lyxig-kansla-%f0%9f%91%96-2\\\/\",\"url\":\"https:\\\/\\\/stilanddesign.se\\\/produkt\\\/%f0%9f%91%96-flare-byxa-med-perfekt-fall-lyxig-kansla-%f0%9f%91%96-2\\\/\",\"name\":\"\ud83d\udc56 Flare-byxa med perfekt fall & lyxig k\u00e4nsla \ud83d\udc56 - Stil &amp; Design\",\"isPartOf\":{\"@id\":\"https:\\\/\\\/stilanddesign.se\\\/#website\"},\"primaryImageOfPage\":{\"@id\":\"https:\\\/\\\/stilanddesign.se\\\/produkt\\\/%f0%9f%91%96-flare-byxa-med-perfekt-fall-lyxig-kansla-%f0%9f%91%96-2\\\/#primaryimage\"},\"image\":{\"@id\":\"https:\\\/\\\/stilanddesign.se\\\/produkt\\\/%f0%9f%91%96-flare-byxa-med-perfekt-fall-lyxig-kansla-%f0%9f%91%96-2\\\/#primaryimage\"},\"thumbnailUrl\":\"https:\\\/\\\/stilanddesign.se\\\/wp-content\\\/uploads\\\/2026\\\/01\\\/Mode-i-boutique-med-blommig-blus.png\",\"datePublished\":\"2026-03-20T14:50:47+00:00\",\"dateModified\":\"2026-04-11T09:05:31+00:00\",\"breadcrumb\":{\"@id\":\"https:\\\/\\\/stilanddesign.se\\\/produkt\\\/%f0%9f%91%96-flare-byxa-med-perfekt-fall-lyxig-kansla-%f0%9f%91%96-2\\\/#breadcrumb\"},\"inLanguage\":\"en-US\",\"potentialAction\":[{\"@type\":\"ReadAction\",\"target\":[\"https:\\\/\\\/stilanddesign.se\\\/produkt\\\/%f0%9f%91%96-flare-byxa-med-perfekt-fall-lyxig-kansla-%f0%9f%91%96-2\\\/\"]}]},{\"@type\":\"ImageObject\",\"inLanguage\":\"en-US\",\"@id\":\"https:\\\/\\\/stilanddesign.se\\\/produkt\\\/%f0%9f%91%96-flare-byxa-med-perfekt-fall-lyxig-kansla-%f0%9f%91%96-2\\\/#primaryimage\",\"url\":\"https:\\\/\\\/stilanddesign.se\\\/wp-content\\\/uploads\\\/2026\\\/01\\\/Mode-i-boutique-med-blommig-blus.png\",\"contentUrl\":\"https:\\\/\\\/stilanddesign.se\\\/wp-content\\\/uploads\\\/2026\\\/01\\\/Mode-i-boutique-med-blommig-blus.png\",\"width\":1024,\"height\":1536},{\"@type\":\"BreadcrumbList\",\"@id\":\"https:\\\/\\\/stilanddesign.se\\\/produkt\\\/%f0%9f%91%96-flare-byxa-med-perfekt-fall-lyxig-kansla-%f0%9f%91%96-2\\\/#breadcrumb\",\"itemListElement\":[{\"@type\":\"ListItem\",\"position\":1,\"name\":\"Hem\",\"item\":\"https:\\\/\\\/stilanddesign.se\\\/\"},{\"@type\":\"ListItem\",\"position\":2,\"name\":\"Butiken\",\"item\":\"https:\\\/\\\/stilanddesign.se\\\/butiken\\\/\"},{\"@type\":\"ListItem\",\"position\":3,\"name\":\"\ud83d\udc56 Flare-byxa med perfekt fall &#038; lyxig k\u00e4nsla \ud83d\udc56\"}]},{\"@type\":\"WebSite\",\"@id\":\"https:\\\/\\\/stilanddesign.se\\\/#website\",\"url\":\"https:\\\/\\\/stilanddesign.se\\\/\",\"name\":\"Stil &amp; Design\",\"description\":\"F\u00f6r oss som \u00e4lskar mode!\",\"publisher\":{\"@id\":\"https:\\\/\\\/stilanddesign.se\\\/#organization\"},\"potentialAction\":[{\"@type\":\"SearchAction\",\"target\":{\"@type\":\"EntryPoint\",\"urlTemplate\":\"https:\\\/\\\/stilanddesign.se\\\/?s={search_term_string}\"},\"query-input\":{\"@type\":\"PropertyValueSpecification\",\"valueRequired\":true,\"valueName\":\"search_term_string\"}}],\"inLanguage\":\"en-US\"},{\"@type\":\"Organization\",\"@id\":\"https:\\\/\\\/stilanddesign.se\\\/#organization\",\"name\":\"Stil &amp; Design\",\"url\":\"https:\\\/\\\/stilanddesign.se\\\/\",\"logo\":{\"@type\":\"ImageObject\",\"inLanguage\":\"en-US\",\"@id\":\"https:\\\/\\\/stilanddesign.se\\\/#\\\/schema\\\/logo\\\/image\\\/\",\"url\":\"https:\\\/\\\/stilanddesign.se\\\/wp-content\\\/uploads\\\/2023\\\/12\\\/output-onlinepngtools-e1727784413220.png\",\"contentUrl\":\"https:\\\/\\\/stilanddesign.se\\\/wp-content\\\/uploads\\\/2023\\\/12\\\/output-onlinepngtools-e1727784413220.png\",\"width\":519,\"height\":135,\"caption\":\"Stil &amp; Design\"},\"image\":{\"@id\":\"https:\\\/\\\/stilanddesign.se\\\/#\\\/schema\\\/logo\\\/image\\\/\"}}]}<\/script>\n<!-- \/ Yoast SEO Premium plugin. -->","yoast_head_json":{"title":"\ud83d\udc56 Flare-byxa med perfekt fall & lyxig k\u00e4nsla \ud83d\udc56 - Stil &amp; Design","robots":{"index":"index","follow":"follow","max-snippet":"max-snippet:-1","max-image-preview":"max-image-preview:large","max-video-preview":"max-video-preview:-1"},"canonical":"https:\/\/stilanddesign.se\/en\/product\/\ud83d\udc56-flare-byxa-med-perfekt-fall-lyxig-kansla-\ud83d\udc56-2\/","og_locale":"en_US","og_type":"article","og_title":"\ud83d\udc56 Flare-byxa med perfekt fall & lyxig k\u00e4nsla \ud83d\udc56","og_description":"\ud83d\udc56 Flare-byxa med perfekt fall &amp; lyxig k\u00e4nsla \ud83d\udc56 En otroligt smickrande flare-byxa som ger l\u00e5nga ben och en elegant silhuett \ud83d\udc83Det mjuka, f\u00f6ljsamma materialet g\u00f6r den superbekv\u00e4m \u2013 samtidigt som den ser riktigt uppkl\u00e4dd ut \ud83e\udd0d Den sitter fint \u00f6ver h\u00f6ft och l\u00e5r och faller snyggt ned i ett l\u00e4tt utsv\u00e4ngt ben. Res\u00e5ren i midjan ger maximal komfort (hej vardagslyx \ud83d\ude4c), och den \u00e4r lika snygg till sneakers som till klackar. \u2728 Vi \u00e4lskar att den:\u2714 \u00c4r mjuk &amp; stretchig\u2714 Har snygg flare som balanserar figuren\u2714 Funkar lika bra till vardag som fest\u2714 Matchar perfekt till blusar, stickat &amp; kavaj \ud83d\udccf Storlek:S\/M \u2013 L\/XL \ud83e\uddf5 Material:71% viskos, 26% nylon, 3% spandex En riktig garderobsr\u00e4ddare som du kommer anv\u00e4nda om och om igen \ud83d\udc95\ud83d\udd25 L\u00e4ngd fr\u00e5n midjan och ner \u00e4r: 103 cm Beninnerl\u00e4ngd: 73 cm","og_url":"https:\/\/stilanddesign.se\/en\/product\/\ud83d\udc56-flare-byxa-med-perfekt-fall-lyxig-kansla-\ud83d\udc56-2\/","og_site_name":"Stil &amp; Design","article_modified_time":"2026-04-11T09:05:31+00:00","og_image":[{"width":683,"height":1024,"url":"https:\/\/stilanddesign.se\/wp-content\/uploads\/2026\/01\/Mode-i-boutique-med-blommig-blus-683x1024.png","type":"image\/png"}],"twitter_card":"summary_large_image","twitter_misc":{"Est. reading time":"1 minute"},"schema":{"@context":"https:\/\/schema.org","@graph":[{"@type":"WebPage","@id":"https:\/\/stilanddesign.se\/produkt\/%f0%9f%91%96-flare-byxa-med-perfekt-fall-lyxig-kansla-%f0%9f%91%96-2\/","url":"https:\/\/stilanddesign.se\/produkt\/%f0%9f%91%96-flare-byxa-med-perfekt-fall-lyxig-kansla-%f0%9f%91%96-2\/","name":"\ud83d\udc56 Flare-byxa med perfekt fall & lyxig k\u00e4nsla \ud83d\udc56 - Stil &amp; Design","isPartOf":{"@id":"https:\/\/stilanddesign.se\/#website"},"primaryImageOfPage":{"@id":"https:\/\/stilanddesign.se\/produkt\/%f0%9f%91%96-flare-byxa-med-perfekt-fall-lyxig-kansla-%f0%9f%91%96-2\/#primaryimage"},"image":{"@id":"https:\/\/stilanddesign.se\/produkt\/%f0%9f%91%96-flare-byxa-med-perfekt-fall-lyxig-kansla-%f0%9f%91%96-2\/#primaryimage"},"thumbnailUrl":"https:\/\/stilanddesign.se\/wp-content\/uploads\/2026\/01\/Mode-i-boutique-med-blommig-blus.png","datePublished":"2026-03-20T14:50:47+00:00","dateModified":"2026-04-11T09:05:31+00:00","breadcrumb":{"@id":"https:\/\/stilanddesign.se\/produkt\/%f0%9f%91%96-flare-byxa-med-perfekt-fall-lyxig-kansla-%f0%9f%91%96-2\/#breadcrumb"},"inLanguage":"en-US","potentialAction":[{"@type":"ReadAction","target":["https:\/\/stilanddesign.se\/produkt\/%f0%9f%91%96-flare-byxa-med-perfekt-fall-lyxig-kansla-%f0%9f%91%96-2\/"]}]},{"@type":"ImageObject","inLanguage":"en-US","@id":"https:\/\/stilanddesign.se\/produkt\/%f0%9f%91%96-flare-byxa-med-perfekt-fall-lyxig-kansla-%f0%9f%91%96-2\/#primaryimage","url":"https:\/\/stilanddesign.se\/wp-content\/uploads\/2026\/01\/Mode-i-boutique-med-blommig-blus.png","contentUrl":"https:\/\/stilanddesign.se\/wp-content\/uploads\/2026\/01\/Mode-i-boutique-med-blommig-blus.png","width":1024,"height":1536},{"@type":"BreadcrumbList","@id":"https:\/\/stilanddesign.se\/produkt\/%f0%9f%91%96-flare-byxa-med-perfekt-fall-lyxig-kansla-%f0%9f%91%96-2\/#breadcrumb","itemListElement":[{"@type":"ListItem","position":1,"name":"Hem","item":"https:\/\/stilanddesign.se\/"},{"@type":"ListItem","position":2,"name":"Butiken","item":"https:\/\/stilanddesign.se\/butiken\/"},{"@type":"ListItem","position":3,"name":"\ud83d\udc56 Flare-byxa med perfekt fall &#038; lyxig k\u00e4nsla \ud83d\udc56"}]},{"@type":"WebSite","@id":"https:\/\/stilanddesign.se\/#website","url":"https:\/\/stilanddesign.se\/","name":"Style &amp; Design","description":"For those of us who love fashion!","publisher":{"@id":"https:\/\/stilanddesign.se\/#organization"},"potentialAction":[{"@type":"SearchAction","target":{"@type":"EntryPoint","urlTemplate":"https:\/\/stilanddesign.se\/?s={search_term_string}"},"query-input":{"@type":"PropertyValueSpecification","valueRequired":true,"valueName":"search_term_string"}}],"inLanguage":"en-US"},{"@type":"Organization","@id":"https:\/\/stilanddesign.se\/#organization","name":"Style &amp; Design","url":"https:\/\/stilanddesign.se\/","logo":{"@type":"ImageObject","inLanguage":"en-US","@id":"https:\/\/stilanddesign.se\/#\/schema\/logo\/image\/","url":"https:\/\/stilanddesign.se\/wp-content\/uploads\/2023\/12\/output-onlinepngtools-e1727784413220.png","contentUrl":"https:\/\/stilanddesign.se\/wp-content\/uploads\/2023\/12\/output-onlinepngtools-e1727784413220.png","width":519,"height":135,"caption":"Stil &amp; Design"},"image":{"@id":"https:\/\/stilanddesign.se\/#\/schema\/logo\/image\/"}}]}},"_links":{"self":[{"href":"https:\/\/stilanddesign.se\/en\/wp-json\/wp\/v2\/product\/1062101","targetHints":{"allow":["GET"]}}],"collection":[{"href":"https:\/\/stilanddesign.se\/en\/wp-json\/wp\/v2\/product"}],"about":[{"href":"https:\/\/stilanddesign.se\/en\/wp-json\/wp\/v2\/types\/product"}],"replies":[{"embeddable":true,"href":"https:\/\/stilanddesign.se\/en\/wp-json\/wp\/v2\/comments?post=1062101"}],"wp:featuredmedia":[{"embeddable":true,"href":"https:\/\/stilanddesign.se\/en\/wp-json\/wp\/v2\/media\/1062100"}],"wp:attachment":[{"href":"https:\/\/stilanddesign.se\/en\/wp-json\/wp\/v2\/media?parent=1062101"}],"wp:term":[{"taxonomy":"product_brand","embeddable":true,"href":"https:\/\/stilanddesign.se\/en\/wp-json\/wp\/v2\/product_brand?post=1062101"},{"taxonomy":"product_cat","embeddable":true,"href":"https:\/\/stilanddesign.se\/en\/wp-json\/wp\/v2\/product_cat?post=1062101"},{"taxonomy":"product_tag","embeddable":true,"href":"https:\/\/stilanddesign.se\/en\/wp-json\/wp\/v2\/product_tag?post=1062101"}],"curies":[{"name":"wp","href":"https:\/\/api.w.org\/{rel}","templated":true}]}}