{"id":1061990,"date":"2026-03-12T11:10:20","date_gmt":"2026-03-12T10:10:20","guid":{"rendered":"https:\/\/stilanddesign.se\/?post_type=product&#038;p=1061990"},"modified":"2026-04-14T11:49:41","modified_gmt":"2026-04-14T09:49:41","slug":"%f0%9f%8c%b8-romantisk-randig-skjorta-med-broderade-detaljer-%f0%9f%8c%b8","status":"publish","type":"product","link":"https:\/\/stilanddesign.se\/en\/product\/%f0%9f%8c%b8-romantisk-randig-skjorta-med-broderade-detaljer-%f0%9f%8c%b8\/","title":{"rendered":"\ud83c\udf38 Romantic striped shirt with embroidered details \ud83c\udf38"},"content":{"rendered":"<p data-start=\"101\" data-end=\"160\">\ud83c\udf38 <strong data-start=\"104\" data-end=\"155\">Romantic striped shirt with embroidered details<\/strong> \ud83c\udf38<\/p>\n<p data-start=\"162\" data-end=\"337\">A real one <strong data-start=\"172\" data-end=\"197\">eye candy in the closet<\/strong>! This pink and white striped shirt combines classic stripes with <strong data-start=\"266\" data-end=\"295\">beautifully embroidered patterns<\/strong> which gives a feminine and exclusive touch \u2728<\/p>\n<p data-start=\"339\" data-end=\"538\">The airy fit makes it super comfortable, while the longer length at the back creates a stylish and flattering drape. Perfect both tucked in at the front or worn loose for a casually chic look \ud83d\udc95<\/p>\n<p data-start=\"540\" data-end=\"730\">\ud83d\udc8e Details we love:<br data-start=\"562\" data-end=\"565\" \/>\u2714 Soft and supple material<br data-start=\"594\" data-end=\"597\" \/>\u2714 Elegant embroidery that elevates the garment<br data-start=\"632\" data-end=\"635\" \/>\u2714 Generous fit \u2013 fits many body types<br data-start=\"680\" data-end=\"683\" \/>\u2714 Equally great with jeans and dress pants<\/p>\n<p data-start=\"732\" data-end=\"849\">\ud83d\udccf <strong data-start=\"735\" data-end=\"747\">Size:<\/strong> One size \u2013 fits approx. 34\u201348<br data-start=\"773\" data-end=\"776\" \/>\ud83d\udcd0 <strong data-start=\"779\" data-end=\"792\">Bust measurement:<\/strong> about 75 cm<br data-start=\"801\" data-end=\"804\" \/>\ud83e\uddf5 <strong data-start=\"807\" data-end=\"820\">Material:<\/strong> 90% polyester, 10% elastane<\/p>\n<p data-start=\"851\" data-end=\"953\" data-is-last-node=\"\" data-is-only-node=\"\">A <strong data-start=\"854\" data-end=\"875\">statement shirt<\/strong> that works all year round \u2013 everyday and festive \ud83c\udf37\u2728<br data-start=\"918\" data-end=\"921\" \/>Ready to become a new favorite? \ud83d\ude09\ud83d\udc97<\/p>","protected":false},"excerpt":{"rendered":"<p data-start=\"101\" data-end=\"160\">\ud83c\udf38 <strong data-start=\"104\" data-end=\"155\">Romantic striped shirt with embroidered details<\/strong> \ud83c\udf38<\/p>\n<p data-start=\"162\" data-end=\"337\">A real one <strong data-start=\"172\" data-end=\"197\">eye candy in the closet<\/strong>! This pink and white striped shirt combines classic stripes with <strong data-start=\"266\" data-end=\"295\">beautifully embroidered patterns<\/strong> which gives a feminine and exclusive touch \u2728<\/p>\n<p data-start=\"339\" data-end=\"538\">The airy fit makes it super comfortable, while the longer length at the back creates a stylish and flattering drape. Perfect both tucked in at the front or worn loose for a casually chic look \ud83d\udc95<\/p>\n<p data-start=\"540\" data-end=\"730\">\ud83d\udc8e Details we love:<br data-start=\"562\" data-end=\"565\" \/>\u2714 Soft and supple material<br data-start=\"594\" data-end=\"597\" \/>\u2714 Elegant embroidery that elevates the garment<br data-start=\"632\" data-end=\"635\" \/>\u2714 Generous fit \u2013 fits many body types<br data-start=\"680\" data-end=\"683\" \/>\u2714 Equally great with jeans and dress pants<\/p>\n<p data-start=\"732\" data-end=\"849\">\ud83d\udccf <strong data-start=\"735\" data-end=\"747\">Size:<\/strong> One size \u2013 fits approx. 34\u201348<br data-start=\"773\" data-end=\"776\" \/>\ud83d\udcd0 <strong data-start=\"779\" data-end=\"792\">Bust measurement:<\/strong> about 75 cm<br data-start=\"801\" data-end=\"804\" \/>\ud83e\uddf5 <strong data-start=\"807\" data-end=\"820\">Material:<\/strong> 90% polyester, 10% elastane<\/p>\n<p data-start=\"851\" data-end=\"953\" data-is-last-node=\"\" data-is-only-node=\"\">A <strong data-start=\"854\" data-end=\"875\">statement shirt<\/strong> that works all year round \u2013 everyday and festive \ud83c\udf37\u2728<br data-start=\"918\" data-end=\"921\" \/>Ready to become a new favorite? \ud83d\ude09\ud83d\udc97<\/p>","protected":false},"featured_media":1061994,"comment_status":"closed","ping_status":"closed","template":"","meta":[],"product_brand":[],"product_cat":[214],"product_tag":[],"class_list":{"0":"post-1061990","1":"product","2":"type-product","3":"status-publish","4":"has-post-thumbnail","6":"product_cat-skjorta-langskjorta","8":"first","9":"instock","10":"taxable","11":"shipping-taxable","12":"purchasable","13":"product-type-variable"},"yoast_head":"<!-- This site is optimized with the Yoast SEO Premium plugin v27.1 (Yoast SEO v27.4) - https:\/\/yoast.com\/product\/yoast-seo-premium-wordpress\/ -->\n<title>\ud83c\udf38 Romantisk randig skjorta med broderade detaljer \ud83c\udf38 - Stil &amp; Design<\/title>\n<meta name=\"robots\" content=\"index, follow, max-snippet:-1, max-image-preview:large, max-video-preview:-1\" \/>\n<link rel=\"canonical\" href=\"https:\/\/stilanddesign.se\/en\/product\/\ud83c\udf38-romantisk-randig-skjorta-med-broderade-detaljer-\ud83c\udf38\/\" \/>\n<meta property=\"og:locale\" content=\"en_US\" \/>\n<meta property=\"og:type\" content=\"article\" \/>\n<meta property=\"og:title\" content=\"\ud83c\udf38 Romantisk randig skjorta med broderade detaljer \ud83c\udf38\" \/>\n<meta property=\"og:description\" content=\"\ud83c\udf38 Romantisk randig skjorta med broderade detaljer \ud83c\udf38 En riktig \u00f6gonsten i garderoben! Den h\u00e4r rosa-vita randiga skjortan kombinerar klassiska r\u00e4nder med vackert broderade m\u00f6nster som ger en feminin och exklusiv touch \u2728 Den luftiga passformen g\u00f6r den superbekv\u00e4m, medan den l\u00e4ngre l\u00e4ngden baktill skapar ett snyggt och smickrande fall. Perfekt b\u00e5de instoppad framtill eller l\u00f6st b\u00e4rande f\u00f6r en avslappnat chic look \ud83d\udc95 \ud83d\udc8e Detaljer vi \u00e4lskar:\u2714 Mjukt och f\u00f6ljsamt material\u2714 Elegant brodyr som lyfter plagget\u2714 Gener\u00f6s passform \u2013 passar m\u00e5nga kroppstyper\u2714 Lika fin till jeans som till dressade byxor \ud83d\udccf Storlek: Onesize \u2013 passar ca 34\u201348\ud83d\udcd0 Bystm\u00e5tt: ca 75 cm\ud83e\uddf5 Material: 90% polyester, 10% elastan En statement-skjorta som funkar \u00e5ret runt \u2013 vardag som fest \ud83c\udf37\u2728Redo att bli en ny favorit? \ud83d\ude09\ud83d\udc97\" \/>\n<meta property=\"og:url\" content=\"https:\/\/stilanddesign.se\/en\/product\/\ud83c\udf38-romantisk-randig-skjorta-med-broderade-detaljer-\ud83c\udf38\/\" \/>\n<meta property=\"og:site_name\" content=\"Stil &amp; Design\" \/>\n<meta property=\"article:modified_time\" content=\"2026-04-14T09:49:41+00:00\" \/>\n<meta property=\"og:image\" content=\"https:\/\/stilanddesign.se\/wp-content\/uploads\/2026\/01\/IMG_4012-scaled.jpg\" \/>\n\t<meta property=\"og:image:width\" content=\"1919\" \/>\n\t<meta property=\"og:image:height\" content=\"2560\" \/>\n\t<meta property=\"og:image:type\" content=\"image\/jpeg\" \/>\n<meta name=\"twitter:card\" content=\"summary_large_image\" \/>\n<meta name=\"twitter:label1\" content=\"Est. reading time\" \/>\n\t<meta name=\"twitter:data1\" content=\"1 minute\" \/>\n<script type=\"application\/ld+json\" class=\"yoast-schema-graph\">{\"@context\":\"https:\\\/\\\/schema.org\",\"@graph\":[{\"@type\":\"WebPage\",\"@id\":\"https:\\\/\\\/stilanddesign.se\\\/produkt\\\/%f0%9f%8c%b8-romantisk-randig-skjorta-med-broderade-detaljer-%f0%9f%8c%b8\\\/\",\"url\":\"https:\\\/\\\/stilanddesign.se\\\/produkt\\\/%f0%9f%8c%b8-romantisk-randig-skjorta-med-broderade-detaljer-%f0%9f%8c%b8\\\/\",\"name\":\"\ud83c\udf38 Romantisk randig skjorta med broderade detaljer \ud83c\udf38 - Stil &amp; Design\",\"isPartOf\":{\"@id\":\"https:\\\/\\\/stilanddesign.se\\\/#website\"},\"primaryImageOfPage\":{\"@id\":\"https:\\\/\\\/stilanddesign.se\\\/produkt\\\/%f0%9f%8c%b8-romantisk-randig-skjorta-med-broderade-detaljer-%f0%9f%8c%b8\\\/#primaryimage\"},\"image\":{\"@id\":\"https:\\\/\\\/stilanddesign.se\\\/produkt\\\/%f0%9f%8c%b8-romantisk-randig-skjorta-med-broderade-detaljer-%f0%9f%8c%b8\\\/#primaryimage\"},\"thumbnailUrl\":\"https:\\\/\\\/stilanddesign.se\\\/wp-content\\\/uploads\\\/2026\\\/01\\\/IMG_4012-scaled.jpg\",\"datePublished\":\"2026-03-12T10:10:20+00:00\",\"dateModified\":\"2026-04-14T09:49:41+00:00\",\"breadcrumb\":{\"@id\":\"https:\\\/\\\/stilanddesign.se\\\/produkt\\\/%f0%9f%8c%b8-romantisk-randig-skjorta-med-broderade-detaljer-%f0%9f%8c%b8\\\/#breadcrumb\"},\"inLanguage\":\"en-US\",\"potentialAction\":[{\"@type\":\"ReadAction\",\"target\":[\"https:\\\/\\\/stilanddesign.se\\\/produkt\\\/%f0%9f%8c%b8-romantisk-randig-skjorta-med-broderade-detaljer-%f0%9f%8c%b8\\\/\"]}]},{\"@type\":\"ImageObject\",\"inLanguage\":\"en-US\",\"@id\":\"https:\\\/\\\/stilanddesign.se\\\/produkt\\\/%f0%9f%8c%b8-romantisk-randig-skjorta-med-broderade-detaljer-%f0%9f%8c%b8\\\/#primaryimage\",\"url\":\"https:\\\/\\\/stilanddesign.se\\\/wp-content\\\/uploads\\\/2026\\\/01\\\/IMG_4012-scaled.jpg\",\"contentUrl\":\"https:\\\/\\\/stilanddesign.se\\\/wp-content\\\/uploads\\\/2026\\\/01\\\/IMG_4012-scaled.jpg\",\"width\":1919,\"height\":2560},{\"@type\":\"BreadcrumbList\",\"@id\":\"https:\\\/\\\/stilanddesign.se\\\/produkt\\\/%f0%9f%8c%b8-romantisk-randig-skjorta-med-broderade-detaljer-%f0%9f%8c%b8\\\/#breadcrumb\",\"itemListElement\":[{\"@type\":\"ListItem\",\"position\":1,\"name\":\"Hem\",\"item\":\"https:\\\/\\\/stilanddesign.se\\\/\"},{\"@type\":\"ListItem\",\"position\":2,\"name\":\"Butiken\",\"item\":\"https:\\\/\\\/stilanddesign.se\\\/butiken\\\/\"},{\"@type\":\"ListItem\",\"position\":3,\"name\":\"\ud83c\udf38 Romantisk randig skjorta med broderade detaljer \ud83c\udf38\"}]},{\"@type\":\"WebSite\",\"@id\":\"https:\\\/\\\/stilanddesign.se\\\/#website\",\"url\":\"https:\\\/\\\/stilanddesign.se\\\/\",\"name\":\"Stil &amp; Design\",\"description\":\"F\u00f6r oss som \u00e4lskar mode!\",\"publisher\":{\"@id\":\"https:\\\/\\\/stilanddesign.se\\\/#organization\"},\"potentialAction\":[{\"@type\":\"SearchAction\",\"target\":{\"@type\":\"EntryPoint\",\"urlTemplate\":\"https:\\\/\\\/stilanddesign.se\\\/?s={search_term_string}\"},\"query-input\":{\"@type\":\"PropertyValueSpecification\",\"valueRequired\":true,\"valueName\":\"search_term_string\"}}],\"inLanguage\":\"en-US\"},{\"@type\":\"Organization\",\"@id\":\"https:\\\/\\\/stilanddesign.se\\\/#organization\",\"name\":\"Stil &amp; Design\",\"url\":\"https:\\\/\\\/stilanddesign.se\\\/\",\"logo\":{\"@type\":\"ImageObject\",\"inLanguage\":\"en-US\",\"@id\":\"https:\\\/\\\/stilanddesign.se\\\/#\\\/schema\\\/logo\\\/image\\\/\",\"url\":\"https:\\\/\\\/stilanddesign.se\\\/wp-content\\\/uploads\\\/2023\\\/12\\\/output-onlinepngtools-e1727784413220.png\",\"contentUrl\":\"https:\\\/\\\/stilanddesign.se\\\/wp-content\\\/uploads\\\/2023\\\/12\\\/output-onlinepngtools-e1727784413220.png\",\"width\":519,\"height\":135,\"caption\":\"Stil &amp; Design\"},\"image\":{\"@id\":\"https:\\\/\\\/stilanddesign.se\\\/#\\\/schema\\\/logo\\\/image\\\/\"}}]}<\/script>\n<!-- \/ Yoast SEO Premium plugin. -->","yoast_head_json":{"title":"\ud83c\udf38 Romantisk randig skjorta med broderade detaljer \ud83c\udf38 - Stil &amp; Design","robots":{"index":"index","follow":"follow","max-snippet":"max-snippet:-1","max-image-preview":"max-image-preview:large","max-video-preview":"max-video-preview:-1"},"canonical":"https:\/\/stilanddesign.se\/en\/product\/\ud83c\udf38-romantisk-randig-skjorta-med-broderade-detaljer-\ud83c\udf38\/","og_locale":"en_US","og_type":"article","og_title":"\ud83c\udf38 Romantisk randig skjorta med broderade detaljer \ud83c\udf38","og_description":"\ud83c\udf38 Romantisk randig skjorta med broderade detaljer \ud83c\udf38 En riktig \u00f6gonsten i garderoben! Den h\u00e4r rosa-vita randiga skjortan kombinerar klassiska r\u00e4nder med vackert broderade m\u00f6nster som ger en feminin och exklusiv touch \u2728 Den luftiga passformen g\u00f6r den superbekv\u00e4m, medan den l\u00e4ngre l\u00e4ngden baktill skapar ett snyggt och smickrande fall. Perfekt b\u00e5de instoppad framtill eller l\u00f6st b\u00e4rande f\u00f6r en avslappnat chic look \ud83d\udc95 \ud83d\udc8e Detaljer vi \u00e4lskar:\u2714 Mjukt och f\u00f6ljsamt material\u2714 Elegant brodyr som lyfter plagget\u2714 Gener\u00f6s passform \u2013 passar m\u00e5nga kroppstyper\u2714 Lika fin till jeans som till dressade byxor \ud83d\udccf Storlek: Onesize \u2013 passar ca 34\u201348\ud83d\udcd0 Bystm\u00e5tt: ca 75 cm\ud83e\uddf5 Material: 90% polyester, 10% elastan En statement-skjorta som funkar \u00e5ret runt \u2013 vardag som fest \ud83c\udf37\u2728Redo att bli en ny favorit? \ud83d\ude09\ud83d\udc97","og_url":"https:\/\/stilanddesign.se\/en\/product\/\ud83c\udf38-romantisk-randig-skjorta-med-broderade-detaljer-\ud83c\udf38\/","og_site_name":"Stil &amp; Design","article_modified_time":"2026-04-14T09:49:41+00:00","og_image":[{"width":1919,"height":2560,"url":"https:\/\/stilanddesign.se\/wp-content\/uploads\/2026\/01\/IMG_4012-scaled.jpg","type":"image\/jpeg"}],"twitter_card":"summary_large_image","twitter_misc":{"Est. reading time":"1 minute"},"schema":{"@context":"https:\/\/schema.org","@graph":[{"@type":"WebPage","@id":"https:\/\/stilanddesign.se\/produkt\/%f0%9f%8c%b8-romantisk-randig-skjorta-med-broderade-detaljer-%f0%9f%8c%b8\/","url":"https:\/\/stilanddesign.se\/produkt\/%f0%9f%8c%b8-romantisk-randig-skjorta-med-broderade-detaljer-%f0%9f%8c%b8\/","name":"\ud83c\udf38 Romantisk randig skjorta med broderade detaljer \ud83c\udf38 - Stil &amp; Design","isPartOf":{"@id":"https:\/\/stilanddesign.se\/#website"},"primaryImageOfPage":{"@id":"https:\/\/stilanddesign.se\/produkt\/%f0%9f%8c%b8-romantisk-randig-skjorta-med-broderade-detaljer-%f0%9f%8c%b8\/#primaryimage"},"image":{"@id":"https:\/\/stilanddesign.se\/produkt\/%f0%9f%8c%b8-romantisk-randig-skjorta-med-broderade-detaljer-%f0%9f%8c%b8\/#primaryimage"},"thumbnailUrl":"https:\/\/stilanddesign.se\/wp-content\/uploads\/2026\/01\/IMG_4012-scaled.jpg","datePublished":"2026-03-12T10:10:20+00:00","dateModified":"2026-04-14T09:49:41+00:00","breadcrumb":{"@id":"https:\/\/stilanddesign.se\/produkt\/%f0%9f%8c%b8-romantisk-randig-skjorta-med-broderade-detaljer-%f0%9f%8c%b8\/#breadcrumb"},"inLanguage":"en-US","potentialAction":[{"@type":"ReadAction","target":["https:\/\/stilanddesign.se\/produkt\/%f0%9f%8c%b8-romantisk-randig-skjorta-med-broderade-detaljer-%f0%9f%8c%b8\/"]}]},{"@type":"ImageObject","inLanguage":"en-US","@id":"https:\/\/stilanddesign.se\/produkt\/%f0%9f%8c%b8-romantisk-randig-skjorta-med-broderade-detaljer-%f0%9f%8c%b8\/#primaryimage","url":"https:\/\/stilanddesign.se\/wp-content\/uploads\/2026\/01\/IMG_4012-scaled.jpg","contentUrl":"https:\/\/stilanddesign.se\/wp-content\/uploads\/2026\/01\/IMG_4012-scaled.jpg","width":1919,"height":2560},{"@type":"BreadcrumbList","@id":"https:\/\/stilanddesign.se\/produkt\/%f0%9f%8c%b8-romantisk-randig-skjorta-med-broderade-detaljer-%f0%9f%8c%b8\/#breadcrumb","itemListElement":[{"@type":"ListItem","position":1,"name":"Hem","item":"https:\/\/stilanddesign.se\/"},{"@type":"ListItem","position":2,"name":"Butiken","item":"https:\/\/stilanddesign.se\/butiken\/"},{"@type":"ListItem","position":3,"name":"\ud83c\udf38 Romantisk randig skjorta med broderade detaljer \ud83c\udf38"}]},{"@type":"WebSite","@id":"https:\/\/stilanddesign.se\/#website","url":"https:\/\/stilanddesign.se\/","name":"Style &amp; Design","description":"For those of us who love fashion!","publisher":{"@id":"https:\/\/stilanddesign.se\/#organization"},"potentialAction":[{"@type":"SearchAction","target":{"@type":"EntryPoint","urlTemplate":"https:\/\/stilanddesign.se\/?s={search_term_string}"},"query-input":{"@type":"PropertyValueSpecification","valueRequired":true,"valueName":"search_term_string"}}],"inLanguage":"en-US"},{"@type":"Organization","@id":"https:\/\/stilanddesign.se\/#organization","name":"Style &amp; Design","url":"https:\/\/stilanddesign.se\/","logo":{"@type":"ImageObject","inLanguage":"en-US","@id":"https:\/\/stilanddesign.se\/#\/schema\/logo\/image\/","url":"https:\/\/stilanddesign.se\/wp-content\/uploads\/2023\/12\/output-onlinepngtools-e1727784413220.png","contentUrl":"https:\/\/stilanddesign.se\/wp-content\/uploads\/2023\/12\/output-onlinepngtools-e1727784413220.png","width":519,"height":135,"caption":"Stil &amp; Design"},"image":{"@id":"https:\/\/stilanddesign.se\/#\/schema\/logo\/image\/"}}]}},"_links":{"self":[{"href":"https:\/\/stilanddesign.se\/en\/wp-json\/wp\/v2\/product\/1061990","targetHints":{"allow":["GET"]}}],"collection":[{"href":"https:\/\/stilanddesign.se\/en\/wp-json\/wp\/v2\/product"}],"about":[{"href":"https:\/\/stilanddesign.se\/en\/wp-json\/wp\/v2\/types\/product"}],"replies":[{"embeddable":true,"href":"https:\/\/stilanddesign.se\/en\/wp-json\/wp\/v2\/comments?post=1061990"}],"wp:featuredmedia":[{"embeddable":true,"href":"https:\/\/stilanddesign.se\/en\/wp-json\/wp\/v2\/media\/1061994"}],"wp:attachment":[{"href":"https:\/\/stilanddesign.se\/en\/wp-json\/wp\/v2\/media?parent=1061990"}],"wp:term":[{"taxonomy":"product_brand","embeddable":true,"href":"https:\/\/stilanddesign.se\/en\/wp-json\/wp\/v2\/product_brand?post=1061990"},{"taxonomy":"product_cat","embeddable":true,"href":"https:\/\/stilanddesign.se\/en\/wp-json\/wp\/v2\/product_cat?post=1061990"},{"taxonomy":"product_tag","embeddable":true,"href":"https:\/\/stilanddesign.se\/en\/wp-json\/wp\/v2\/product_tag?post=1061990"}],"curies":[{"name":"wp","href":"https:\/\/api.w.org\/{rel}","templated":true}]}}