{"id":1061962,"date":"2026-03-06T12:25:56","date_gmt":"2026-03-06T11:25:56","guid":{"rendered":"https:\/\/stilanddesign.se\/?post_type=product&#038;p=1061962"},"modified":"2026-03-14T12:21:12","modified_gmt":"2026-03-14T11:21:12","slug":"%f0%9f%92%97-collegetroja-copenhagen-martha-du-chateau-%f0%9f%92%97","status":"publish","type":"product","link":"https:\/\/stilanddesign.se\/en\/product\/%f0%9f%92%97-collegetroja-copenhagen-martha-du-chateau-%f0%9f%92%97\/","title":{"rendered":"\ud83d\udc97 Sweatshirt &quot;Copenhagen&quot; \u2013 Martha Du Chateau \ud83d\udc97"},"content":{"rendered":"<p data-start=\"0\" data-end=\"57\">\ud83d\udc97 <strong data-start=\"3\" data-end=\"52\">Sweatshirt &quot;Copenhagen&quot; \u2013 Martha Du Chateau<\/strong> \ud83d\udc97<\/p>\n<p data-start=\"59\" data-end=\"277\">A trendy and relaxed college sweatshirt that combines comfort with a cool look. The soft pink tone together with the brown print gives a modern and sophisticated look - perfect for both everyday and casual style \u2728<\/p>\n<p data-start=\"279\" data-end=\"548\">\u2714 <strong data-start=\"281\" data-end=\"296\">Rounded neck<\/strong> for a classic college sweatshirt look<br data-start=\"330\" data-end=\"333\" \/>\u2714 Pink bottom with clear <strong data-start=\"359\" data-end=\"389\">\u201d&quot;Copenhagen&quot; print in brown<\/strong> in front<br data-start=\"398\" data-end=\"401\" data-is-only-node=\"\" \/>\u2714 <strong data-start=\"403\" data-end=\"415\">Long sleeve<\/strong> with brown print and <strong data-start=\"436\" data-end=\"454\">cuffs<\/strong><br data-start=\"454\" data-end=\"457\" \/>\u2714 <strong data-start=\"459\" data-end=\"475\">Cuff at the bottom<\/strong> too nice fit<br data-start=\"492\" data-end=\"495\" \/>\u2714 <strong data-start=\"497\" data-end=\"527\">Spacious and oversized model<\/strong> \u2013 comfortable and trendy<\/p>\n<p data-start=\"550\" data-end=\"605\"><strong data-start=\"550\" data-end=\"563\">Material:<\/strong><br data-start=\"563\" data-end=\"566\" \/>50% polyester, 42% viscose, 8% elastane<\/p>\n<p data-start=\"607\" data-end=\"717\" data-is-last-node=\"\" data-is-only-node=\"\">A favorite that looks just as good with jeans as it does with leggings \u2013 casual, modern and with that little something extra \ud83d\udc97<\/p>\n<h1><strong>\u00a0<\/strong><\/h1>\n<p>&nbsp;<\/p>\n<p>&nbsp;<\/p>\n<p>&nbsp;<\/p>\n<p>&nbsp;<\/p>","protected":false},"excerpt":{"rendered":"<p data-start=\"0\" data-end=\"57\">\ud83d\udc97 <strong data-start=\"3\" data-end=\"52\">Sweatshirt &quot;Copenhagen&quot; \u2013 Martha Du Chateau<\/strong> \ud83d\udc97<\/p>\n<p data-start=\"59\" data-end=\"277\">A trendy and relaxed college sweatshirt that combines comfort with a cool look. The soft pink tone together with the brown print gives a modern and sophisticated look - perfect for both everyday and casual style \u2728<\/p>\n<p data-start=\"279\" data-end=\"548\">\u2714 <strong data-start=\"281\" data-end=\"296\">Rounded neck<\/strong> for a classic college sweatshirt look<br data-start=\"330\" data-end=\"333\" \/>\u2714 Pink bottom with clear <strong data-start=\"359\" data-end=\"389\">\u201d&quot;Copenhagen&quot; print in brown<\/strong> in front<br data-start=\"398\" data-end=\"401\" data-is-only-node=\"\" \/>\u2714 <strong data-start=\"403\" data-end=\"415\">Long sleeve<\/strong> with brown print and <strong data-start=\"436\" data-end=\"454\">cuffs<\/strong><br data-start=\"454\" data-end=\"457\" \/>\u2714 <strong data-start=\"459\" data-end=\"475\">Cuff at the bottom<\/strong> too nice fit<br data-start=\"492\" data-end=\"495\" \/>\u2714 <strong data-start=\"497\" data-end=\"527\">Spacious and oversized model<\/strong> \u2013 comfortable and trendy<\/p>\n<p data-start=\"550\" data-end=\"605\"><strong data-start=\"550\" data-end=\"563\">Material:<\/strong><br data-start=\"563\" data-end=\"566\" \/>50% polyester, 42% viscose, 8% elastane<\/p>\n<p data-start=\"607\" data-end=\"717\" data-is-last-node=\"\" data-is-only-node=\"\">A favorite that looks just as good with jeans as it does with leggings \u2013 casual, modern and with that little something extra \ud83d\udc97<\/p>","protected":false},"featured_media":1062266,"comment_status":"closed","ping_status":"closed","template":"","meta":[],"product_brand":[],"product_cat":[223],"product_tag":[],"class_list":{"0":"post-1061962","1":"product","2":"type-product","3":"status-publish","4":"has-post-thumbnail","6":"product_cat-stickade-trojor","8":"first","9":"outofstock","10":"taxable","11":"shipping-taxable","12":"product-type-variable"},"yoast_head":"<!-- This site is optimized with the Yoast SEO Premium plugin v27.1 (Yoast SEO v27.4) - https:\/\/yoast.com\/product\/yoast-seo-premium-wordpress\/ -->\n<title>\ud83d\udc97 Collegetr\u00f6ja \u201dCopenhagen\u201d \u2013 Martha Du Chateau \ud83d\udc97 - Stil &amp; Design<\/title>\n<meta name=\"robots\" content=\"index, follow, max-snippet:-1, max-image-preview:large, max-video-preview:-1\" \/>\n<link rel=\"canonical\" href=\"https:\/\/stilanddesign.se\/en\/product\/\ud83d\udc97-collegetroja-copenhagen-martha-du-chateau-\ud83d\udc97\/\" \/>\n<meta property=\"og:locale\" content=\"en_US\" \/>\n<meta property=\"og:type\" content=\"article\" \/>\n<meta property=\"og:title\" content=\"\ud83d\udc97 Collegetr\u00f6ja \u201dCopenhagen\u201d \u2013 Martha Du Chateau \ud83d\udc97\" \/>\n<meta property=\"og:description\" content=\"\ud83d\udc97 Collegetr\u00f6ja \u201dCopenhagen\u201d \u2013 Martha Du Chateau \ud83d\udc97 En trendig och avslappnad collegetr\u00f6ja som kombinerar komfort med ett coolt uttryck. Den mjuka rosa tonen tillsammans med det bruna trycket ger en modern och genomt\u00e4nkt look \u2013 perfekt f\u00f6r b\u00e5de vardag och ledig stil \u2728 \u2714 Rundad hals f\u00f6r en klassisk collegetr\u00f6je-look\u2714 Rosa botten med tydligt \u201dCopenhagen\u201d-tryck i brunt framtill\u2714 L\u00e5ng \u00e4rm med brunt tryck och mudd i \u00e4rmslut\u2714 Mudd nertill f\u00f6r fin passform\u2714 Rymlig och oversize modell \u2013 sk\u00f6n och trendig Material:50% polyester, 42% viskos, 8% elastan En favorit som \u00e4r lika snygg till jeans som till leggings \u2013 avslappnat, modernt och med det d\u00e4r lilla extra \ud83d\udc97\" \/>\n<meta property=\"og:url\" content=\"https:\/\/stilanddesign.se\/en\/product\/\ud83d\udc97-collegetroja-copenhagen-martha-du-chateau-\ud83d\udc97\/\" \/>\n<meta property=\"og:site_name\" content=\"Stil &amp; Design\" \/>\n<meta property=\"article:modified_time\" content=\"2026-03-14T11:21:12+00:00\" \/>\n<meta property=\"og:image\" content=\"https:\/\/stilanddesign.se\/wp-content\/uploads\/2026\/01\/Kvinnlig-modell-i-minimalistisk-studio.png\" \/>\n\t<meta property=\"og:image:width\" content=\"1024\" \/>\n\t<meta property=\"og:image:height\" content=\"1536\" \/>\n\t<meta property=\"og:image:type\" content=\"image\/png\" \/>\n<meta name=\"twitter:card\" content=\"summary_large_image\" \/>\n<meta name=\"twitter:label1\" content=\"Est. reading time\" \/>\n\t<meta name=\"twitter:data1\" content=\"1 minute\" \/>\n<script type=\"application\/ld+json\" class=\"yoast-schema-graph\">{\"@context\":\"https:\\\/\\\/schema.org\",\"@graph\":[{\"@type\":\"WebPage\",\"@id\":\"https:\\\/\\\/stilanddesign.se\\\/produkt\\\/%f0%9f%92%97-collegetroja-copenhagen-martha-du-chateau-%f0%9f%92%97\\\/\",\"url\":\"https:\\\/\\\/stilanddesign.se\\\/produkt\\\/%f0%9f%92%97-collegetroja-copenhagen-martha-du-chateau-%f0%9f%92%97\\\/\",\"name\":\"\ud83d\udc97 Collegetr\u00f6ja \u201dCopenhagen\u201d \u2013 Martha Du Chateau \ud83d\udc97 - Stil &amp; Design\",\"isPartOf\":{\"@id\":\"https:\\\/\\\/stilanddesign.se\\\/#website\"},\"primaryImageOfPage\":{\"@id\":\"https:\\\/\\\/stilanddesign.se\\\/produkt\\\/%f0%9f%92%97-collegetroja-copenhagen-martha-du-chateau-%f0%9f%92%97\\\/#primaryimage\"},\"image\":{\"@id\":\"https:\\\/\\\/stilanddesign.se\\\/produkt\\\/%f0%9f%92%97-collegetroja-copenhagen-martha-du-chateau-%f0%9f%92%97\\\/#primaryimage\"},\"thumbnailUrl\":\"https:\\\/\\\/stilanddesign.se\\\/wp-content\\\/uploads\\\/2026\\\/01\\\/Kvinnlig-modell-i-minimalistisk-studio.png\",\"datePublished\":\"2026-03-06T11:25:56+00:00\",\"dateModified\":\"2026-03-14T11:21:12+00:00\",\"breadcrumb\":{\"@id\":\"https:\\\/\\\/stilanddesign.se\\\/produkt\\\/%f0%9f%92%97-collegetroja-copenhagen-martha-du-chateau-%f0%9f%92%97\\\/#breadcrumb\"},\"inLanguage\":\"en-US\",\"potentialAction\":[{\"@type\":\"ReadAction\",\"target\":[\"https:\\\/\\\/stilanddesign.se\\\/produkt\\\/%f0%9f%92%97-collegetroja-copenhagen-martha-du-chateau-%f0%9f%92%97\\\/\"]}]},{\"@type\":\"ImageObject\",\"inLanguage\":\"en-US\",\"@id\":\"https:\\\/\\\/stilanddesign.se\\\/produkt\\\/%f0%9f%92%97-collegetroja-copenhagen-martha-du-chateau-%f0%9f%92%97\\\/#primaryimage\",\"url\":\"https:\\\/\\\/stilanddesign.se\\\/wp-content\\\/uploads\\\/2026\\\/01\\\/Kvinnlig-modell-i-minimalistisk-studio.png\",\"contentUrl\":\"https:\\\/\\\/stilanddesign.se\\\/wp-content\\\/uploads\\\/2026\\\/01\\\/Kvinnlig-modell-i-minimalistisk-studio.png\",\"width\":1024,\"height\":1536},{\"@type\":\"BreadcrumbList\",\"@id\":\"https:\\\/\\\/stilanddesign.se\\\/produkt\\\/%f0%9f%92%97-collegetroja-copenhagen-martha-du-chateau-%f0%9f%92%97\\\/#breadcrumb\",\"itemListElement\":[{\"@type\":\"ListItem\",\"position\":1,\"name\":\"Hem\",\"item\":\"https:\\\/\\\/stilanddesign.se\\\/\"},{\"@type\":\"ListItem\",\"position\":2,\"name\":\"Butiken\",\"item\":\"https:\\\/\\\/stilanddesign.se\\\/butiken\\\/\"},{\"@type\":\"ListItem\",\"position\":3,\"name\":\"\ud83d\udc97 Collegetr\u00f6ja \u201dCopenhagen\u201d \u2013 Martha Du Chateau \ud83d\udc97\"}]},{\"@type\":\"WebSite\",\"@id\":\"https:\\\/\\\/stilanddesign.se\\\/#website\",\"url\":\"https:\\\/\\\/stilanddesign.se\\\/\",\"name\":\"Stil &amp; Design\",\"description\":\"F\u00f6r oss som \u00e4lskar mode!\",\"publisher\":{\"@id\":\"https:\\\/\\\/stilanddesign.se\\\/#organization\"},\"potentialAction\":[{\"@type\":\"SearchAction\",\"target\":{\"@type\":\"EntryPoint\",\"urlTemplate\":\"https:\\\/\\\/stilanddesign.se\\\/?s={search_term_string}\"},\"query-input\":{\"@type\":\"PropertyValueSpecification\",\"valueRequired\":true,\"valueName\":\"search_term_string\"}}],\"inLanguage\":\"en-US\"},{\"@type\":\"Organization\",\"@id\":\"https:\\\/\\\/stilanddesign.se\\\/#organization\",\"name\":\"Stil &amp; Design\",\"url\":\"https:\\\/\\\/stilanddesign.se\\\/\",\"logo\":{\"@type\":\"ImageObject\",\"inLanguage\":\"en-US\",\"@id\":\"https:\\\/\\\/stilanddesign.se\\\/#\\\/schema\\\/logo\\\/image\\\/\",\"url\":\"https:\\\/\\\/stilanddesign.se\\\/wp-content\\\/uploads\\\/2023\\\/12\\\/output-onlinepngtools-e1727784413220.png\",\"contentUrl\":\"https:\\\/\\\/stilanddesign.se\\\/wp-content\\\/uploads\\\/2023\\\/12\\\/output-onlinepngtools-e1727784413220.png\",\"width\":519,\"height\":135,\"caption\":\"Stil &amp; Design\"},\"image\":{\"@id\":\"https:\\\/\\\/stilanddesign.se\\\/#\\\/schema\\\/logo\\\/image\\\/\"}}]}<\/script>\n<!-- \/ Yoast SEO Premium plugin. -->","yoast_head_json":{"title":"\ud83d\udc97 Collegetr\u00f6ja \u201dCopenhagen\u201d \u2013 Martha Du Chateau \ud83d\udc97 - Stil &amp; Design","robots":{"index":"index","follow":"follow","max-snippet":"max-snippet:-1","max-image-preview":"max-image-preview:large","max-video-preview":"max-video-preview:-1"},"canonical":"https:\/\/stilanddesign.se\/en\/product\/\ud83d\udc97-collegetroja-copenhagen-martha-du-chateau-\ud83d\udc97\/","og_locale":"en_US","og_type":"article","og_title":"\ud83d\udc97 Collegetr\u00f6ja \u201dCopenhagen\u201d \u2013 Martha Du Chateau \ud83d\udc97","og_description":"\ud83d\udc97 Collegetr\u00f6ja \u201dCopenhagen\u201d \u2013 Martha Du Chateau \ud83d\udc97 En trendig och avslappnad collegetr\u00f6ja som kombinerar komfort med ett coolt uttryck. Den mjuka rosa tonen tillsammans med det bruna trycket ger en modern och genomt\u00e4nkt look \u2013 perfekt f\u00f6r b\u00e5de vardag och ledig stil \u2728 \u2714 Rundad hals f\u00f6r en klassisk collegetr\u00f6je-look\u2714 Rosa botten med tydligt \u201dCopenhagen\u201d-tryck i brunt framtill\u2714 L\u00e5ng \u00e4rm med brunt tryck och mudd i \u00e4rmslut\u2714 Mudd nertill f\u00f6r fin passform\u2714 Rymlig och oversize modell \u2013 sk\u00f6n och trendig Material:50% polyester, 42% viskos, 8% elastan En favorit som \u00e4r lika snygg till jeans som till leggings \u2013 avslappnat, modernt och med det d\u00e4r lilla extra \ud83d\udc97","og_url":"https:\/\/stilanddesign.se\/en\/product\/\ud83d\udc97-collegetroja-copenhagen-martha-du-chateau-\ud83d\udc97\/","og_site_name":"Stil &amp; Design","article_modified_time":"2026-03-14T11:21:12+00:00","og_image":[{"width":1024,"height":1536,"url":"https:\/\/stilanddesign.se\/wp-content\/uploads\/2026\/01\/Kvinnlig-modell-i-minimalistisk-studio.png","type":"image\/png"}],"twitter_card":"summary_large_image","twitter_misc":{"Est. reading time":"1 minute"},"schema":{"@context":"https:\/\/schema.org","@graph":[{"@type":"WebPage","@id":"https:\/\/stilanddesign.se\/produkt\/%f0%9f%92%97-collegetroja-copenhagen-martha-du-chateau-%f0%9f%92%97\/","url":"https:\/\/stilanddesign.se\/produkt\/%f0%9f%92%97-collegetroja-copenhagen-martha-du-chateau-%f0%9f%92%97\/","name":"\ud83d\udc97 Collegetr\u00f6ja \u201dCopenhagen\u201d \u2013 Martha Du Chateau \ud83d\udc97 - Stil &amp; Design","isPartOf":{"@id":"https:\/\/stilanddesign.se\/#website"},"primaryImageOfPage":{"@id":"https:\/\/stilanddesign.se\/produkt\/%f0%9f%92%97-collegetroja-copenhagen-martha-du-chateau-%f0%9f%92%97\/#primaryimage"},"image":{"@id":"https:\/\/stilanddesign.se\/produkt\/%f0%9f%92%97-collegetroja-copenhagen-martha-du-chateau-%f0%9f%92%97\/#primaryimage"},"thumbnailUrl":"https:\/\/stilanddesign.se\/wp-content\/uploads\/2026\/01\/Kvinnlig-modell-i-minimalistisk-studio.png","datePublished":"2026-03-06T11:25:56+00:00","dateModified":"2026-03-14T11:21:12+00:00","breadcrumb":{"@id":"https:\/\/stilanddesign.se\/produkt\/%f0%9f%92%97-collegetroja-copenhagen-martha-du-chateau-%f0%9f%92%97\/#breadcrumb"},"inLanguage":"en-US","potentialAction":[{"@type":"ReadAction","target":["https:\/\/stilanddesign.se\/produkt\/%f0%9f%92%97-collegetroja-copenhagen-martha-du-chateau-%f0%9f%92%97\/"]}]},{"@type":"ImageObject","inLanguage":"en-US","@id":"https:\/\/stilanddesign.se\/produkt\/%f0%9f%92%97-collegetroja-copenhagen-martha-du-chateau-%f0%9f%92%97\/#primaryimage","url":"https:\/\/stilanddesign.se\/wp-content\/uploads\/2026\/01\/Kvinnlig-modell-i-minimalistisk-studio.png","contentUrl":"https:\/\/stilanddesign.se\/wp-content\/uploads\/2026\/01\/Kvinnlig-modell-i-minimalistisk-studio.png","width":1024,"height":1536},{"@type":"BreadcrumbList","@id":"https:\/\/stilanddesign.se\/produkt\/%f0%9f%92%97-collegetroja-copenhagen-martha-du-chateau-%f0%9f%92%97\/#breadcrumb","itemListElement":[{"@type":"ListItem","position":1,"name":"Hem","item":"https:\/\/stilanddesign.se\/"},{"@type":"ListItem","position":2,"name":"Butiken","item":"https:\/\/stilanddesign.se\/butiken\/"},{"@type":"ListItem","position":3,"name":"\ud83d\udc97 Collegetr\u00f6ja \u201dCopenhagen\u201d \u2013 Martha Du Chateau \ud83d\udc97"}]},{"@type":"WebSite","@id":"https:\/\/stilanddesign.se\/#website","url":"https:\/\/stilanddesign.se\/","name":"Style &amp; Design","description":"For those of us who love fashion!","publisher":{"@id":"https:\/\/stilanddesign.se\/#organization"},"potentialAction":[{"@type":"SearchAction","target":{"@type":"EntryPoint","urlTemplate":"https:\/\/stilanddesign.se\/?s={search_term_string}"},"query-input":{"@type":"PropertyValueSpecification","valueRequired":true,"valueName":"search_term_string"}}],"inLanguage":"en-US"},{"@type":"Organization","@id":"https:\/\/stilanddesign.se\/#organization","name":"Style &amp; Design","url":"https:\/\/stilanddesign.se\/","logo":{"@type":"ImageObject","inLanguage":"en-US","@id":"https:\/\/stilanddesign.se\/#\/schema\/logo\/image\/","url":"https:\/\/stilanddesign.se\/wp-content\/uploads\/2023\/12\/output-onlinepngtools-e1727784413220.png","contentUrl":"https:\/\/stilanddesign.se\/wp-content\/uploads\/2023\/12\/output-onlinepngtools-e1727784413220.png","width":519,"height":135,"caption":"Stil &amp; Design"},"image":{"@id":"https:\/\/stilanddesign.se\/#\/schema\/logo\/image\/"}}]}},"_links":{"self":[{"href":"https:\/\/stilanddesign.se\/en\/wp-json\/wp\/v2\/product\/1061962","targetHints":{"allow":["GET"]}}],"collection":[{"href":"https:\/\/stilanddesign.se\/en\/wp-json\/wp\/v2\/product"}],"about":[{"href":"https:\/\/stilanddesign.se\/en\/wp-json\/wp\/v2\/types\/product"}],"replies":[{"embeddable":true,"href":"https:\/\/stilanddesign.se\/en\/wp-json\/wp\/v2\/comments?post=1061962"}],"wp:featuredmedia":[{"embeddable":true,"href":"https:\/\/stilanddesign.se\/en\/wp-json\/wp\/v2\/media\/1062266"}],"wp:attachment":[{"href":"https:\/\/stilanddesign.se\/en\/wp-json\/wp\/v2\/media?parent=1061962"}],"wp:term":[{"taxonomy":"product_brand","embeddable":true,"href":"https:\/\/stilanddesign.se\/en\/wp-json\/wp\/v2\/product_brand?post=1061962"},{"taxonomy":"product_cat","embeddable":true,"href":"https:\/\/stilanddesign.se\/en\/wp-json\/wp\/v2\/product_cat?post=1061962"},{"taxonomy":"product_tag","embeddable":true,"href":"https:\/\/stilanddesign.se\/en\/wp-json\/wp\/v2\/product_tag?post=1061962"}],"curies":[{"name":"wp","href":"https:\/\/api.w.org\/{rel}","templated":true}]}}