{"id":1061934,"date":"2026-04-17T09:50:25","date_gmt":"2026-04-17T07:50:25","guid":{"rendered":"https:\/\/stilanddesign.se\/?post_type=product&#038;p=1061934"},"modified":"2026-04-21T18:19:32","modified_gmt":"2026-04-21T16:19:32","slug":"%f0%9f%92%99-statement-jeans-fran-caramelle-fashion-%f0%9f%92%99","status":"publish","type":"product","link":"https:\/\/stilanddesign.se\/en\/product\/%f0%9f%92%99-statement-jeans-fran-caramelle-fashion-%f0%9f%92%99\/","title":{"rendered":"\ud83d\udc99 Statement jeans from Caramelle Fashion \ud83d\udc99"},"content":{"rendered":"<p data-start=\"47\" data-end=\"97\">\ud83d\udc99 <strong data-start=\"50\" data-end=\"92\">Statement jeans from Caramelle Fashion<\/strong> \ud83d\udc99<\/p>\n<p data-start=\"99\" data-end=\"332\">Say hello to the jeans that make <em data-start=\"128\" data-end=\"134\">whole<\/em> the outfit \ud83d\udc56\u2728<br data-start=\"147\" data-end=\"150\" \/>These stylish jeans from <strong data-start=\"174\" data-end=\"195\">Caramelle Fashion<\/strong> has a trendy <strong data-start=\"211\" data-end=\"225\">wide model<\/strong> and become extra special thanks to the <strong data-start=\"265\" data-end=\"305\">beautiful embroidered lace trim at the bottom<\/strong> - a real eye-catcher \ud83e\udd0d<\/p>\n<p data-start=\"334\" data-end=\"534\">The high waist provides a flattering fit and the stretch in the material makes them both <strong data-start=\"415\" data-end=\"440\">comfortable and flexible<\/strong> all day. Perfect to style with heels for a party or sneakers for a cool everyday look \ud83d\ude0d<\/p>\n<p data-start=\"536\" data-end=\"641\">\u2728 Wide, straight model<br data-start=\"553\" data-end=\"556\" \/>\u2728 Decorative embroidery\/lace at leg ends<br data-start=\"590\" data-end=\"593\" \/>\u2728 Comfortable with stretch<br data-start=\"612\" data-end=\"615\" \/>\u2728 Just as beautiful in the front as in the back<\/p>\n<p data-start=\"643\" data-end=\"749\"><strong data-start=\"643\" data-end=\"656\">Material:<\/strong> 92% cotton, 7% polyester, 1% elastane<br data-start=\"693\" data-end=\"696\" \/><strong data-start=\"696\" data-end=\"710\">Sizes:<\/strong> 34\u201342<br data-start=\"716\" data-end=\"719\" \/><strong data-start=\"719\" data-end=\"729\">Make:<\/strong> Caramelle Fashion<\/p>","protected":false},"excerpt":{"rendered":"<p data-start=\"47\" data-end=\"97\">\ud83d\udc99 <strong data-start=\"50\" data-end=\"92\">Statement jeans from Caramelle Fashion<\/strong> \ud83d\udc99<\/p>\n<p data-start=\"99\" data-end=\"332\">Say hello to the jeans that make <em data-start=\"128\" data-end=\"134\">whole<\/em> the outfit \ud83d\udc56\u2728<br data-start=\"147\" data-end=\"150\" \/>These stylish jeans from <strong data-start=\"174\" data-end=\"195\">Caramelle Fashion<\/strong> has a trendy <strong data-start=\"211\" data-end=\"225\">wide model<\/strong> and become extra special thanks to the <strong data-start=\"265\" data-end=\"305\">beautiful embroidered lace trim at the bottom<\/strong> - a real eye-catcher \ud83e\udd0d<\/p>\n<p data-start=\"334\" data-end=\"534\">The high waist provides a flattering fit and the stretch in the material makes them both <strong data-start=\"415\" data-end=\"440\">comfortable and flexible<\/strong> all day. Perfect to style with heels for a party or sneakers for a cool everyday look \ud83d\ude0d<\/p>\n<p data-start=\"536\" data-end=\"641\">\u2728 Wide, straight model<br data-start=\"553\" data-end=\"556\" \/>\u2728 Decorative embroidery\/lace at leg ends<br data-start=\"590\" data-end=\"593\" \/>\u2728 Comfortable with stretch<br data-start=\"612\" data-end=\"615\" \/>\u2728 Just as beautiful in the front as in the back<\/p>\n<p data-start=\"643\" data-end=\"749\"><strong data-start=\"643\" data-end=\"656\">Material:<\/strong> 92% cotton, 7% polyester, 1% elastane<br data-start=\"693\" data-end=\"696\" \/><strong data-start=\"696\" data-end=\"710\">Sizes:<\/strong> 34\u201342<br data-start=\"716\" data-end=\"719\" \/><strong data-start=\"719\" data-end=\"729\">Make:<\/strong> Caramelle Fashion<\/p>","protected":false},"featured_media":1061941,"comment_status":"closed","ping_status":"closed","template":"","meta":[],"product_brand":[],"product_cat":[209],"product_tag":[],"class_list":{"0":"post-1061934","1":"product","2":"type-product","3":"status-publish","4":"has-post-thumbnail","6":"product_cat-reaprodukter","8":"first","9":"instock","10":"sale","11":"taxable","12":"shipping-taxable","13":"purchasable","14":"product-type-variable"},"yoast_head":"<!-- This site is optimized with the Yoast SEO Premium plugin v27.4 (Yoast SEO v27.4) - https:\/\/yoast.com\/product\/yoast-seo-premium-wordpress\/ -->\n<title>\ud83d\udc99 Statement-jeans fr\u00e5n Caramelle Fashion \ud83d\udc99 - Stil &amp; Design<\/title>\n<meta name=\"robots\" content=\"index, follow, max-snippet:-1, max-image-preview:large, max-video-preview:-1\" \/>\n<link rel=\"canonical\" href=\"https:\/\/stilanddesign.se\/en\/product\/\ud83d\udc99-statement-jeans-fran-caramelle-fashion-\ud83d\udc99\/\" \/>\n<meta property=\"og:locale\" content=\"en_US\" \/>\n<meta property=\"og:type\" content=\"article\" \/>\n<meta property=\"og:title\" content=\"\ud83d\udc99 Statement-jeans fr\u00e5n Caramelle Fashion \ud83d\udc99\" \/>\n<meta property=\"og:description\" content=\"\ud83d\udc99 Statement-jeans fr\u00e5n Caramelle Fashion \ud83d\udc99 S\u00e4g hej till jeansen som g\u00f6r hela outfiten \ud83d\udc56\u2728Dessa snygga jeans fr\u00e5n Caramelle Fashion har en trendig vid modell och blir extra speciella tack vare den vackra broderade spetskanten nertill \u2013 en riktig eye-catcher \ud83e\udd0d Den h\u00f6ga midjan ger en smickrande passform och stretch i materialet g\u00f6r dem b\u00e5de bekv\u00e4ma och f\u00f6ljsamma hela dagen. Perfekta att styla med klackar f\u00f6r fest eller sneakers f\u00f6r en cool vardagslook \ud83d\ude0d \u2728 Vid, rak modell\u2728 Dekorativ brodyr\/spets i benslut\u2728 Sk\u00f6na med stretch\u2728 Lika fina fram som bak Material: 92% bomull, 7% polyester, 1% elastanStorlekar: 34\u201342M\u00e4rke: Caramelle Fashion\" \/>\n<meta property=\"og:url\" content=\"https:\/\/stilanddesign.se\/en\/product\/\ud83d\udc99-statement-jeans-fran-caramelle-fashion-\ud83d\udc99\/\" \/>\n<meta property=\"og:site_name\" content=\"Stil &amp; Design\" \/>\n<meta property=\"article:modified_time\" content=\"2026-04-21T16:19:32+00:00\" \/>\n<meta property=\"og:image\" content=\"https:\/\/stilanddesign.se\/wp-content\/uploads\/2026\/01\/Vacker-outfit-framfor-elegant-byggnad-683x1024.png\" \/>\n\t<meta property=\"og:image:width\" content=\"683\" \/>\n\t<meta property=\"og:image:height\" content=\"1024\" \/>\n\t<meta property=\"og:image:type\" content=\"image\/png\" \/>\n<meta name=\"twitter:card\" content=\"summary_large_image\" \/>\n<meta name=\"twitter:label1\" content=\"Est. reading time\" \/>\n\t<meta name=\"twitter:data1\" content=\"1 minute\" \/>\n<script type=\"application\/ld+json\" class=\"yoast-schema-graph\">{\"@context\":\"https:\\\/\\\/schema.org\",\"@graph\":[{\"@type\":\"WebPage\",\"@id\":\"https:\\\/\\\/stilanddesign.se\\\/produkt\\\/%f0%9f%92%99-statement-jeans-fran-caramelle-fashion-%f0%9f%92%99\\\/\",\"url\":\"https:\\\/\\\/stilanddesign.se\\\/produkt\\\/%f0%9f%92%99-statement-jeans-fran-caramelle-fashion-%f0%9f%92%99\\\/\",\"name\":\"\ud83d\udc99 Statement-jeans fr\u00e5n Caramelle Fashion \ud83d\udc99 - Stil &amp; Design\",\"isPartOf\":{\"@id\":\"https:\\\/\\\/stilanddesign.se\\\/#website\"},\"primaryImageOfPage\":{\"@id\":\"https:\\\/\\\/stilanddesign.se\\\/produkt\\\/%f0%9f%92%99-statement-jeans-fran-caramelle-fashion-%f0%9f%92%99\\\/#primaryimage\"},\"image\":{\"@id\":\"https:\\\/\\\/stilanddesign.se\\\/produkt\\\/%f0%9f%92%99-statement-jeans-fran-caramelle-fashion-%f0%9f%92%99\\\/#primaryimage\"},\"thumbnailUrl\":\"https:\\\/\\\/stilanddesign.se\\\/wp-content\\\/uploads\\\/2026\\\/01\\\/Vacker-outfit-framfor-elegant-byggnad.png\",\"datePublished\":\"2026-04-17T07:50:25+00:00\",\"dateModified\":\"2026-04-21T16:19:32+00:00\",\"breadcrumb\":{\"@id\":\"https:\\\/\\\/stilanddesign.se\\\/produkt\\\/%f0%9f%92%99-statement-jeans-fran-caramelle-fashion-%f0%9f%92%99\\\/#breadcrumb\"},\"inLanguage\":\"en-US\",\"potentialAction\":[{\"@type\":\"ReadAction\",\"target\":[\"https:\\\/\\\/stilanddesign.se\\\/produkt\\\/%f0%9f%92%99-statement-jeans-fran-caramelle-fashion-%f0%9f%92%99\\\/\"]}]},{\"@type\":\"ImageObject\",\"inLanguage\":\"en-US\",\"@id\":\"https:\\\/\\\/stilanddesign.se\\\/produkt\\\/%f0%9f%92%99-statement-jeans-fran-caramelle-fashion-%f0%9f%92%99\\\/#primaryimage\",\"url\":\"https:\\\/\\\/stilanddesign.se\\\/wp-content\\\/uploads\\\/2026\\\/01\\\/Vacker-outfit-framfor-elegant-byggnad.png\",\"contentUrl\":\"https:\\\/\\\/stilanddesign.se\\\/wp-content\\\/uploads\\\/2026\\\/01\\\/Vacker-outfit-framfor-elegant-byggnad.png\",\"width\":1024,\"height\":1536},{\"@type\":\"BreadcrumbList\",\"@id\":\"https:\\\/\\\/stilanddesign.se\\\/produkt\\\/%f0%9f%92%99-statement-jeans-fran-caramelle-fashion-%f0%9f%92%99\\\/#breadcrumb\",\"itemListElement\":[{\"@type\":\"ListItem\",\"position\":1,\"name\":\"Hem\",\"item\":\"https:\\\/\\\/stilanddesign.se\\\/\"},{\"@type\":\"ListItem\",\"position\":2,\"name\":\"Butiken\",\"item\":\"https:\\\/\\\/stilanddesign.se\\\/butiken\\\/\"},{\"@type\":\"ListItem\",\"position\":3,\"name\":\"\ud83d\udc99 Statement-jeans fr\u00e5n Caramelle Fashion \ud83d\udc99\"}]},{\"@type\":\"WebSite\",\"@id\":\"https:\\\/\\\/stilanddesign.se\\\/#website\",\"url\":\"https:\\\/\\\/stilanddesign.se\\\/\",\"name\":\"Stil &amp; Design\",\"description\":\"F\u00f6r oss som \u00e4lskar mode!\",\"publisher\":{\"@id\":\"https:\\\/\\\/stilanddesign.se\\\/#organization\"},\"potentialAction\":[{\"@type\":\"SearchAction\",\"target\":{\"@type\":\"EntryPoint\",\"urlTemplate\":\"https:\\\/\\\/stilanddesign.se\\\/?s={search_term_string}\"},\"query-input\":{\"@type\":\"PropertyValueSpecification\",\"valueRequired\":true,\"valueName\":\"search_term_string\"}}],\"inLanguage\":\"en-US\"},{\"@type\":\"Organization\",\"@id\":\"https:\\\/\\\/stilanddesign.se\\\/#organization\",\"name\":\"Stil &amp; Design\",\"url\":\"https:\\\/\\\/stilanddesign.se\\\/\",\"logo\":{\"@type\":\"ImageObject\",\"inLanguage\":\"en-US\",\"@id\":\"https:\\\/\\\/stilanddesign.se\\\/#\\\/schema\\\/logo\\\/image\\\/\",\"url\":\"https:\\\/\\\/stilanddesign.se\\\/wp-content\\\/uploads\\\/2023\\\/12\\\/output-onlinepngtools-e1727784413220.png\",\"contentUrl\":\"https:\\\/\\\/stilanddesign.se\\\/wp-content\\\/uploads\\\/2023\\\/12\\\/output-onlinepngtools-e1727784413220.png\",\"width\":519,\"height\":135,\"caption\":\"Stil &amp; Design\"},\"image\":{\"@id\":\"https:\\\/\\\/stilanddesign.se\\\/#\\\/schema\\\/logo\\\/image\\\/\"}}]}<\/script>\n<!-- \/ Yoast SEO Premium plugin. -->","yoast_head_json":{"title":"\ud83d\udc99 Statement-jeans fr\u00e5n Caramelle Fashion \ud83d\udc99 - Stil &amp; Design","robots":{"index":"index","follow":"follow","max-snippet":"max-snippet:-1","max-image-preview":"max-image-preview:large","max-video-preview":"max-video-preview:-1"},"canonical":"https:\/\/stilanddesign.se\/en\/product\/\ud83d\udc99-statement-jeans-fran-caramelle-fashion-\ud83d\udc99\/","og_locale":"en_US","og_type":"article","og_title":"\ud83d\udc99 Statement-jeans fr\u00e5n Caramelle Fashion \ud83d\udc99","og_description":"\ud83d\udc99 Statement-jeans fr\u00e5n Caramelle Fashion \ud83d\udc99 S\u00e4g hej till jeansen som g\u00f6r hela outfiten \ud83d\udc56\u2728Dessa snygga jeans fr\u00e5n Caramelle Fashion har en trendig vid modell och blir extra speciella tack vare den vackra broderade spetskanten nertill \u2013 en riktig eye-catcher \ud83e\udd0d Den h\u00f6ga midjan ger en smickrande passform och stretch i materialet g\u00f6r dem b\u00e5de bekv\u00e4ma och f\u00f6ljsamma hela dagen. Perfekta att styla med klackar f\u00f6r fest eller sneakers f\u00f6r en cool vardagslook \ud83d\ude0d \u2728 Vid, rak modell\u2728 Dekorativ brodyr\/spets i benslut\u2728 Sk\u00f6na med stretch\u2728 Lika fina fram som bak Material: 92% bomull, 7% polyester, 1% elastanStorlekar: 34\u201342M\u00e4rke: Caramelle Fashion","og_url":"https:\/\/stilanddesign.se\/en\/product\/\ud83d\udc99-statement-jeans-fran-caramelle-fashion-\ud83d\udc99\/","og_site_name":"Stil &amp; Design","article_modified_time":"2026-04-21T16:19:32+00:00","og_image":[{"width":683,"height":1024,"url":"https:\/\/stilanddesign.se\/wp-content\/uploads\/2026\/01\/Vacker-outfit-framfor-elegant-byggnad-683x1024.png","type":"image\/png"}],"twitter_card":"summary_large_image","twitter_misc":{"Est. reading time":"1 minute"},"schema":{"@context":"https:\/\/schema.org","@graph":[{"@type":"WebPage","@id":"https:\/\/stilanddesign.se\/produkt\/%f0%9f%92%99-statement-jeans-fran-caramelle-fashion-%f0%9f%92%99\/","url":"https:\/\/stilanddesign.se\/produkt\/%f0%9f%92%99-statement-jeans-fran-caramelle-fashion-%f0%9f%92%99\/","name":"\ud83d\udc99 Statement-jeans fr\u00e5n Caramelle Fashion \ud83d\udc99 - Stil &amp; Design","isPartOf":{"@id":"https:\/\/stilanddesign.se\/#website"},"primaryImageOfPage":{"@id":"https:\/\/stilanddesign.se\/produkt\/%f0%9f%92%99-statement-jeans-fran-caramelle-fashion-%f0%9f%92%99\/#primaryimage"},"image":{"@id":"https:\/\/stilanddesign.se\/produkt\/%f0%9f%92%99-statement-jeans-fran-caramelle-fashion-%f0%9f%92%99\/#primaryimage"},"thumbnailUrl":"https:\/\/stilanddesign.se\/wp-content\/uploads\/2026\/01\/Vacker-outfit-framfor-elegant-byggnad.png","datePublished":"2026-04-17T07:50:25+00:00","dateModified":"2026-04-21T16:19:32+00:00","breadcrumb":{"@id":"https:\/\/stilanddesign.se\/produkt\/%f0%9f%92%99-statement-jeans-fran-caramelle-fashion-%f0%9f%92%99\/#breadcrumb"},"inLanguage":"en-US","potentialAction":[{"@type":"ReadAction","target":["https:\/\/stilanddesign.se\/produkt\/%f0%9f%92%99-statement-jeans-fran-caramelle-fashion-%f0%9f%92%99\/"]}]},{"@type":"ImageObject","inLanguage":"en-US","@id":"https:\/\/stilanddesign.se\/produkt\/%f0%9f%92%99-statement-jeans-fran-caramelle-fashion-%f0%9f%92%99\/#primaryimage","url":"https:\/\/stilanddesign.se\/wp-content\/uploads\/2026\/01\/Vacker-outfit-framfor-elegant-byggnad.png","contentUrl":"https:\/\/stilanddesign.se\/wp-content\/uploads\/2026\/01\/Vacker-outfit-framfor-elegant-byggnad.png","width":1024,"height":1536},{"@type":"BreadcrumbList","@id":"https:\/\/stilanddesign.se\/produkt\/%f0%9f%92%99-statement-jeans-fran-caramelle-fashion-%f0%9f%92%99\/#breadcrumb","itemListElement":[{"@type":"ListItem","position":1,"name":"Hem","item":"https:\/\/stilanddesign.se\/"},{"@type":"ListItem","position":2,"name":"Butiken","item":"https:\/\/stilanddesign.se\/butiken\/"},{"@type":"ListItem","position":3,"name":"\ud83d\udc99 Statement-jeans fr\u00e5n Caramelle Fashion \ud83d\udc99"}]},{"@type":"WebSite","@id":"https:\/\/stilanddesign.se\/#website","url":"https:\/\/stilanddesign.se\/","name":"Style &amp; Design","description":"For those of us who love fashion!","publisher":{"@id":"https:\/\/stilanddesign.se\/#organization"},"potentialAction":[{"@type":"SearchAction","target":{"@type":"EntryPoint","urlTemplate":"https:\/\/stilanddesign.se\/?s={search_term_string}"},"query-input":{"@type":"PropertyValueSpecification","valueRequired":true,"valueName":"search_term_string"}}],"inLanguage":"en-US"},{"@type":"Organization","@id":"https:\/\/stilanddesign.se\/#organization","name":"Style &amp; Design","url":"https:\/\/stilanddesign.se\/","logo":{"@type":"ImageObject","inLanguage":"en-US","@id":"https:\/\/stilanddesign.se\/#\/schema\/logo\/image\/","url":"https:\/\/stilanddesign.se\/wp-content\/uploads\/2023\/12\/output-onlinepngtools-e1727784413220.png","contentUrl":"https:\/\/stilanddesign.se\/wp-content\/uploads\/2023\/12\/output-onlinepngtools-e1727784413220.png","width":519,"height":135,"caption":"Stil &amp; Design"},"image":{"@id":"https:\/\/stilanddesign.se\/#\/schema\/logo\/image\/"}}]}},"_links":{"self":[{"href":"https:\/\/stilanddesign.se\/en\/wp-json\/wp\/v2\/product\/1061934","targetHints":{"allow":["GET"]}}],"collection":[{"href":"https:\/\/stilanddesign.se\/en\/wp-json\/wp\/v2\/product"}],"about":[{"href":"https:\/\/stilanddesign.se\/en\/wp-json\/wp\/v2\/types\/product"}],"replies":[{"embeddable":true,"href":"https:\/\/stilanddesign.se\/en\/wp-json\/wp\/v2\/comments?post=1061934"}],"wp:featuredmedia":[{"embeddable":true,"href":"https:\/\/stilanddesign.se\/en\/wp-json\/wp\/v2\/media\/1061941"}],"wp:attachment":[{"href":"https:\/\/stilanddesign.se\/en\/wp-json\/wp\/v2\/media?parent=1061934"}],"wp:term":[{"taxonomy":"product_brand","embeddable":true,"href":"https:\/\/stilanddesign.se\/en\/wp-json\/wp\/v2\/product_brand?post=1061934"},{"taxonomy":"product_cat","embeddable":true,"href":"https:\/\/stilanddesign.se\/en\/wp-json\/wp\/v2\/product_cat?post=1061934"},{"taxonomy":"product_tag","embeddable":true,"href":"https:\/\/stilanddesign.se\/en\/wp-json\/wp\/v2\/product_tag?post=1061934"}],"curies":[{"name":"wp","href":"https:\/\/api.w.org\/{rel}","templated":true}]}}