{"id":1061499,"date":"2026-04-13T16:20:32","date_gmt":"2026-04-13T14:20:32","guid":{"rendered":"https:\/\/stilanddesign.se\/?post_type=product&#038;p=1061499"},"modified":"2026-04-15T14:44:12","modified_gmt":"2026-04-15T12:44:12","slug":"beige-spetstopp-med-kort-arm-%f0%9f%a4%8d%e2%9c%a8","status":"publish","type":"product","link":"https:\/\/stilanddesign.se\/en\/product\/beige-spetstopp-med-kort-arm-%f0%9f%a4%8d%e2%9c%a8\/","title":{"rendered":"Beige lace top with short sleeves \ud83e\udd0d\u2728"},"content":{"rendered":"<p data-start=\"0\" data-end=\"296\"><strong data-start=\"0\" data-end=\"32\">Beige lace top with short sleeves<\/strong> \ud83e\udd0d\u2728<br data-start=\"36\" data-end=\"39\" \/>A super nice and soft top in beige with beautiful lace that gives a feminine and luxurious feel \ud83d\ude0d The top is <strong data-start=\"139\" data-end=\"151\">v-neck<\/strong> with <strong data-start=\"156\" data-end=\"185\">lace around the neckline<\/strong>, has <strong data-start=\"191\" data-end=\"227\">short sleeves with lace trim at cuffs<\/strong> and a nice one <strong data-start=\"239\" data-end=\"267\">lace trim around the bottom<\/strong> for an extra stylish finish \ud83d\udcab<\/p>\n<p data-start=\"298\" data-end=\"372\">Perfect to wear as is with jeans\/skirt or under a jacket\/cardigan \ud83d\udc56\u2728<\/p>\n<p data-start=\"374\" data-end=\"479\">\u2705 V-neck with lace details<br data-start=\"402\" data-end=\"405\" \/>\u2705 Lace trim at the cuffs<br data-start=\"426\" data-end=\"429\" \/>\u2705 Lace trim at the bottom<br data-start=\"448\" data-end=\"451\" \/>\u2705 Soft, stretchy quality<\/p>\n<p data-start=\"481\" data-end=\"579\" data-is-last-node=\"\" data-is-only-node=\"\">\ud83d\udccc <strong data-start=\"484\" data-end=\"496\">Size:<\/strong> One size \u2013 spacious, fits approx. <strong data-start=\"526\" data-end=\"535\">34\u201344<\/strong><br data-start=\"535\" data-end=\"538\" \/><strong data-start=\"538\" data-end=\"551\" data-is-only-node=\"\">Material:<\/strong> 95% viscose | 5% elastane \ud83e\uddf5<\/p>\n<p>&nbsp;<\/p>\n<p>&nbsp;<\/p>","protected":false},"excerpt":{"rendered":"<p data-start=\"0\" data-end=\"296\"><strong data-start=\"0\" data-end=\"32\">Beige lace top with short sleeves<\/strong> \ud83e\udd0d\u2728<br data-start=\"36\" data-end=\"39\" \/>A super nice and soft top in beige with beautiful lace that gives a feminine and luxurious feel \ud83d\ude0d The top is <strong data-start=\"139\" data-end=\"151\">v-neck<\/strong> with <strong data-start=\"156\" data-end=\"185\">lace around the neckline<\/strong>, has <strong data-start=\"191\" data-end=\"227\">short sleeves with lace trim at cuffs<\/strong> and a nice one <strong data-start=\"239\" data-end=\"267\">lace trim around the bottom<\/strong> for an extra stylish finish \ud83d\udcab<\/p>\n<p data-start=\"298\" data-end=\"372\">Perfect to wear as is with jeans\/skirt or under a jacket\/cardigan \ud83d\udc56\u2728<\/p>\n<p data-start=\"374\" data-end=\"479\">\u2705 V-neck with lace details<br data-start=\"402\" data-end=\"405\" \/>\u2705 Lace trim at the cuffs<br data-start=\"426\" data-end=\"429\" \/>\u2705 Lace trim at the bottom<br data-start=\"448\" data-end=\"451\" \/>\u2705 Soft, stretchy quality<\/p>\n<p data-start=\"481\" data-end=\"579\" data-is-last-node=\"\" data-is-only-node=\"\">\ud83d\udccc <strong data-start=\"484\" data-end=\"496\">Size:<\/strong> One size \u2013 spacious, fits approx. <strong data-start=\"526\" data-end=\"535\">34\u201344<\/strong><br data-start=\"535\" data-end=\"538\" \/><strong data-start=\"538\" data-end=\"551\" data-is-only-node=\"\">Material:<\/strong> 95% viscose | 5% elastane \ud83e\uddf5<\/p>","protected":false},"featured_media":1061778,"comment_status":"closed","ping_status":"closed","template":"","meta":[],"product_brand":[],"product_cat":[211,217,222],"product_tag":[],"class_list":{"0":"post-1061499","1":"product","2":"type-product","3":"status-publish","4":"has-post-thumbnail","6":"product_cat-blusar","7":"product_cat-produktnyheter","8":"product_cat-toppar-tischor","10":"first","11":"instock","12":"taxable","13":"shipping-taxable","14":"purchasable","15":"product-type-variable"},"yoast_head":"<!-- This site is optimized with the Yoast SEO Premium plugin v27.1 (Yoast SEO v27.4) - https:\/\/yoast.com\/product\/yoast-seo-premium-wordpress\/ -->\n<title>Beige spetstopp med kort \u00e4rm \ud83e\udd0d\u2728 - Stil &amp; Design<\/title>\n<meta name=\"robots\" content=\"index, follow, max-snippet:-1, max-image-preview:large, max-video-preview:-1\" \/>\n<link rel=\"canonical\" href=\"https:\/\/stilanddesign.se\/en\/product\/beige-spetstopp-med-kort-arm-\ud83e\udd0d\u2728\/\" \/>\n<meta property=\"og:locale\" content=\"en_US\" \/>\n<meta property=\"og:type\" content=\"article\" \/>\n<meta property=\"og:title\" content=\"Beige spetstopp med kort \u00e4rm \ud83e\udd0d\u2728\" \/>\n<meta property=\"og:description\" content=\"Beige spetstopp med kort \u00e4rm \ud83e\udd0d\u2728En superfin och mjuk topp i beige med vacker spets som ger en feminin och lyxig k\u00e4nsla \ud83d\ude0d Toppen \u00e4r v-ringad med spets runt halsringningen, har kort \u00e4rm med spetskant i \u00e4rmslut och en fin spetskant runtom nertill f\u00f6r en extra snygg finish \ud83d\udcab Perfekt att b\u00e4ra som den \u00e4r till jeans\/kjol eller under en kavaj\/kofta \ud83d\udc56\u2728 \u2705 V-ringad med spetsdetaljer\u2705 Spetskant i \u00e4rmslut\u2705 Spetskant nertill\u2705 Mjuk, stretchig kvalitet \ud83d\udccc Storlek: One size \u2013 rymlig, passar ca 34\u201344Material: 95% viscose | 5% elastan \ud83e\uddf5\" \/>\n<meta property=\"og:url\" content=\"https:\/\/stilanddesign.se\/en\/product\/beige-spetstopp-med-kort-arm-\ud83e\udd0d\u2728\/\" \/>\n<meta property=\"og:site_name\" content=\"Stil &amp; Design\" \/>\n<meta property=\"article:modified_time\" content=\"2026-04-15T12:44:12+00:00\" \/>\n<meta property=\"og:image\" content=\"https:\/\/stilanddesign.se\/wp-content\/uploads\/2026\/01\/66565453333333.png\" \/>\n\t<meta property=\"og:image:width\" content=\"427\" \/>\n\t<meta property=\"og:image:height\" content=\"640\" \/>\n\t<meta property=\"og:image:type\" content=\"image\/png\" \/>\n<meta name=\"twitter:card\" content=\"summary_large_image\" \/>\n<meta name=\"twitter:label1\" content=\"Est. reading time\" \/>\n\t<meta name=\"twitter:data1\" content=\"1 minute\" \/>\n<script type=\"application\/ld+json\" class=\"yoast-schema-graph\">{\"@context\":\"https:\\\/\\\/schema.org\",\"@graph\":[{\"@type\":\"WebPage\",\"@id\":\"https:\\\/\\\/stilanddesign.se\\\/produkt\\\/beige-spetstopp-med-kort-arm-%f0%9f%a4%8d%e2%9c%a8\\\/\",\"url\":\"https:\\\/\\\/stilanddesign.se\\\/produkt\\\/beige-spetstopp-med-kort-arm-%f0%9f%a4%8d%e2%9c%a8\\\/\",\"name\":\"Beige spetstopp med kort \u00e4rm \ud83e\udd0d\u2728 - Stil &amp; Design\",\"isPartOf\":{\"@id\":\"https:\\\/\\\/stilanddesign.se\\\/#website\"},\"primaryImageOfPage\":{\"@id\":\"https:\\\/\\\/stilanddesign.se\\\/produkt\\\/beige-spetstopp-med-kort-arm-%f0%9f%a4%8d%e2%9c%a8\\\/#primaryimage\"},\"image\":{\"@id\":\"https:\\\/\\\/stilanddesign.se\\\/produkt\\\/beige-spetstopp-med-kort-arm-%f0%9f%a4%8d%e2%9c%a8\\\/#primaryimage\"},\"thumbnailUrl\":\"https:\\\/\\\/stilanddesign.se\\\/wp-content\\\/uploads\\\/2026\\\/01\\\/66565453333333.png\",\"datePublished\":\"2026-04-13T14:20:32+00:00\",\"dateModified\":\"2026-04-15T12:44:12+00:00\",\"breadcrumb\":{\"@id\":\"https:\\\/\\\/stilanddesign.se\\\/produkt\\\/beige-spetstopp-med-kort-arm-%f0%9f%a4%8d%e2%9c%a8\\\/#breadcrumb\"},\"inLanguage\":\"en-US\",\"potentialAction\":[{\"@type\":\"ReadAction\",\"target\":[\"https:\\\/\\\/stilanddesign.se\\\/produkt\\\/beige-spetstopp-med-kort-arm-%f0%9f%a4%8d%e2%9c%a8\\\/\"]}]},{\"@type\":\"ImageObject\",\"inLanguage\":\"en-US\",\"@id\":\"https:\\\/\\\/stilanddesign.se\\\/produkt\\\/beige-spetstopp-med-kort-arm-%f0%9f%a4%8d%e2%9c%a8\\\/#primaryimage\",\"url\":\"https:\\\/\\\/stilanddesign.se\\\/wp-content\\\/uploads\\\/2026\\\/01\\\/66565453333333.png\",\"contentUrl\":\"https:\\\/\\\/stilanddesign.se\\\/wp-content\\\/uploads\\\/2026\\\/01\\\/66565453333333.png\",\"width\":427,\"height\":640,\"caption\":\"Beige spetstopp med kort \u00e4rm\"},{\"@type\":\"BreadcrumbList\",\"@id\":\"https:\\\/\\\/stilanddesign.se\\\/produkt\\\/beige-spetstopp-med-kort-arm-%f0%9f%a4%8d%e2%9c%a8\\\/#breadcrumb\",\"itemListElement\":[{\"@type\":\"ListItem\",\"position\":1,\"name\":\"Hem\",\"item\":\"https:\\\/\\\/stilanddesign.se\\\/\"},{\"@type\":\"ListItem\",\"position\":2,\"name\":\"Butiken\",\"item\":\"https:\\\/\\\/stilanddesign.se\\\/butiken\\\/\"},{\"@type\":\"ListItem\",\"position\":3,\"name\":\"Beige spetstopp med kort \u00e4rm \ud83e\udd0d\u2728\"}]},{\"@type\":\"WebSite\",\"@id\":\"https:\\\/\\\/stilanddesign.se\\\/#website\",\"url\":\"https:\\\/\\\/stilanddesign.se\\\/\",\"name\":\"Stil &amp; Design\",\"description\":\"F\u00f6r oss som \u00e4lskar mode!\",\"publisher\":{\"@id\":\"https:\\\/\\\/stilanddesign.se\\\/#organization\"},\"potentialAction\":[{\"@type\":\"SearchAction\",\"target\":{\"@type\":\"EntryPoint\",\"urlTemplate\":\"https:\\\/\\\/stilanddesign.se\\\/?s={search_term_string}\"},\"query-input\":{\"@type\":\"PropertyValueSpecification\",\"valueRequired\":true,\"valueName\":\"search_term_string\"}}],\"inLanguage\":\"en-US\"},{\"@type\":\"Organization\",\"@id\":\"https:\\\/\\\/stilanddesign.se\\\/#organization\",\"name\":\"Stil &amp; Design\",\"url\":\"https:\\\/\\\/stilanddesign.se\\\/\",\"logo\":{\"@type\":\"ImageObject\",\"inLanguage\":\"en-US\",\"@id\":\"https:\\\/\\\/stilanddesign.se\\\/#\\\/schema\\\/logo\\\/image\\\/\",\"url\":\"https:\\\/\\\/stilanddesign.se\\\/wp-content\\\/uploads\\\/2023\\\/12\\\/output-onlinepngtools-e1727784413220.png\",\"contentUrl\":\"https:\\\/\\\/stilanddesign.se\\\/wp-content\\\/uploads\\\/2023\\\/12\\\/output-onlinepngtools-e1727784413220.png\",\"width\":519,\"height\":135,\"caption\":\"Stil &amp; Design\"},\"image\":{\"@id\":\"https:\\\/\\\/stilanddesign.se\\\/#\\\/schema\\\/logo\\\/image\\\/\"}}]}<\/script>\n<!-- \/ Yoast SEO Premium plugin. -->","yoast_head_json":{"title":"Beige spetstopp med kort \u00e4rm \ud83e\udd0d\u2728 - Stil &amp; Design","robots":{"index":"index","follow":"follow","max-snippet":"max-snippet:-1","max-image-preview":"max-image-preview:large","max-video-preview":"max-video-preview:-1"},"canonical":"https:\/\/stilanddesign.se\/en\/product\/beige-spetstopp-med-kort-arm-\ud83e\udd0d\u2728\/","og_locale":"en_US","og_type":"article","og_title":"Beige spetstopp med kort \u00e4rm \ud83e\udd0d\u2728","og_description":"Beige spetstopp med kort \u00e4rm \ud83e\udd0d\u2728En superfin och mjuk topp i beige med vacker spets som ger en feminin och lyxig k\u00e4nsla \ud83d\ude0d Toppen \u00e4r v-ringad med spets runt halsringningen, har kort \u00e4rm med spetskant i \u00e4rmslut och en fin spetskant runtom nertill f\u00f6r en extra snygg finish \ud83d\udcab Perfekt att b\u00e4ra som den \u00e4r till jeans\/kjol eller under en kavaj\/kofta \ud83d\udc56\u2728 \u2705 V-ringad med spetsdetaljer\u2705 Spetskant i \u00e4rmslut\u2705 Spetskant nertill\u2705 Mjuk, stretchig kvalitet \ud83d\udccc Storlek: One size \u2013 rymlig, passar ca 34\u201344Material: 95% viscose | 5% elastan \ud83e\uddf5","og_url":"https:\/\/stilanddesign.se\/en\/product\/beige-spetstopp-med-kort-arm-\ud83e\udd0d\u2728\/","og_site_name":"Stil &amp; Design","article_modified_time":"2026-04-15T12:44:12+00:00","og_image":[{"width":427,"height":640,"url":"https:\/\/stilanddesign.se\/wp-content\/uploads\/2026\/01\/66565453333333.png","type":"image\/png"}],"twitter_card":"summary_large_image","twitter_misc":{"Est. reading time":"1 minute"},"schema":{"@context":"https:\/\/schema.org","@graph":[{"@type":"WebPage","@id":"https:\/\/stilanddesign.se\/produkt\/beige-spetstopp-med-kort-arm-%f0%9f%a4%8d%e2%9c%a8\/","url":"https:\/\/stilanddesign.se\/produkt\/beige-spetstopp-med-kort-arm-%f0%9f%a4%8d%e2%9c%a8\/","name":"Beige spetstopp med kort \u00e4rm \ud83e\udd0d\u2728 - Stil &amp; Design","isPartOf":{"@id":"https:\/\/stilanddesign.se\/#website"},"primaryImageOfPage":{"@id":"https:\/\/stilanddesign.se\/produkt\/beige-spetstopp-med-kort-arm-%f0%9f%a4%8d%e2%9c%a8\/#primaryimage"},"image":{"@id":"https:\/\/stilanddesign.se\/produkt\/beige-spetstopp-med-kort-arm-%f0%9f%a4%8d%e2%9c%a8\/#primaryimage"},"thumbnailUrl":"https:\/\/stilanddesign.se\/wp-content\/uploads\/2026\/01\/66565453333333.png","datePublished":"2026-04-13T14:20:32+00:00","dateModified":"2026-04-15T12:44:12+00:00","breadcrumb":{"@id":"https:\/\/stilanddesign.se\/produkt\/beige-spetstopp-med-kort-arm-%f0%9f%a4%8d%e2%9c%a8\/#breadcrumb"},"inLanguage":"en-US","potentialAction":[{"@type":"ReadAction","target":["https:\/\/stilanddesign.se\/produkt\/beige-spetstopp-med-kort-arm-%f0%9f%a4%8d%e2%9c%a8\/"]}]},{"@type":"ImageObject","inLanguage":"en-US","@id":"https:\/\/stilanddesign.se\/produkt\/beige-spetstopp-med-kort-arm-%f0%9f%a4%8d%e2%9c%a8\/#primaryimage","url":"https:\/\/stilanddesign.se\/wp-content\/uploads\/2026\/01\/66565453333333.png","contentUrl":"https:\/\/stilanddesign.se\/wp-content\/uploads\/2026\/01\/66565453333333.png","width":427,"height":640,"caption":"Beige spetstopp med kort \u00e4rm"},{"@type":"BreadcrumbList","@id":"https:\/\/stilanddesign.se\/produkt\/beige-spetstopp-med-kort-arm-%f0%9f%a4%8d%e2%9c%a8\/#breadcrumb","itemListElement":[{"@type":"ListItem","position":1,"name":"Hem","item":"https:\/\/stilanddesign.se\/"},{"@type":"ListItem","position":2,"name":"Butiken","item":"https:\/\/stilanddesign.se\/butiken\/"},{"@type":"ListItem","position":3,"name":"Beige spetstopp med kort \u00e4rm \ud83e\udd0d\u2728"}]},{"@type":"WebSite","@id":"https:\/\/stilanddesign.se\/#website","url":"https:\/\/stilanddesign.se\/","name":"Style &amp; Design","description":"For those of us who love fashion!","publisher":{"@id":"https:\/\/stilanddesign.se\/#organization"},"potentialAction":[{"@type":"SearchAction","target":{"@type":"EntryPoint","urlTemplate":"https:\/\/stilanddesign.se\/?s={search_term_string}"},"query-input":{"@type":"PropertyValueSpecification","valueRequired":true,"valueName":"search_term_string"}}],"inLanguage":"en-US"},{"@type":"Organization","@id":"https:\/\/stilanddesign.se\/#organization","name":"Style &amp; Design","url":"https:\/\/stilanddesign.se\/","logo":{"@type":"ImageObject","inLanguage":"en-US","@id":"https:\/\/stilanddesign.se\/#\/schema\/logo\/image\/","url":"https:\/\/stilanddesign.se\/wp-content\/uploads\/2023\/12\/output-onlinepngtools-e1727784413220.png","contentUrl":"https:\/\/stilanddesign.se\/wp-content\/uploads\/2023\/12\/output-onlinepngtools-e1727784413220.png","width":519,"height":135,"caption":"Stil &amp; Design"},"image":{"@id":"https:\/\/stilanddesign.se\/#\/schema\/logo\/image\/"}}]}},"_links":{"self":[{"href":"https:\/\/stilanddesign.se\/en\/wp-json\/wp\/v2\/product\/1061499","targetHints":{"allow":["GET"]}}],"collection":[{"href":"https:\/\/stilanddesign.se\/en\/wp-json\/wp\/v2\/product"}],"about":[{"href":"https:\/\/stilanddesign.se\/en\/wp-json\/wp\/v2\/types\/product"}],"replies":[{"embeddable":true,"href":"https:\/\/stilanddesign.se\/en\/wp-json\/wp\/v2\/comments?post=1061499"}],"wp:featuredmedia":[{"embeddable":true,"href":"https:\/\/stilanddesign.se\/en\/wp-json\/wp\/v2\/media\/1061778"}],"wp:attachment":[{"href":"https:\/\/stilanddesign.se\/en\/wp-json\/wp\/v2\/media?parent=1061499"}],"wp:term":[{"taxonomy":"product_brand","embeddable":true,"href":"https:\/\/stilanddesign.se\/en\/wp-json\/wp\/v2\/product_brand?post=1061499"},{"taxonomy":"product_cat","embeddable":true,"href":"https:\/\/stilanddesign.se\/en\/wp-json\/wp\/v2\/product_cat?post=1061499"},{"taxonomy":"product_tag","embeddable":true,"href":"https:\/\/stilanddesign.se\/en\/wp-json\/wp\/v2\/product_tag?post=1061499"}],"curies":[{"name":"wp","href":"https:\/\/api.w.org\/{rel}","templated":true}]}}