{"id":1061455,"date":"2026-02-10T10:14:14","date_gmt":"2026-02-10T09:14:14","guid":{"rendered":"https:\/\/stilanddesign.se\/?post_type=product&#038;p=1061455"},"modified":"2026-02-24T10:37:05","modified_gmt":"2026-02-24T09:37:05","slug":"%f0%9f%92%95-romantisk-topp-med-volang-mjukt-fall-2","status":"publish","type":"product","link":"https:\/\/stilanddesign.se\/en\/product\/%f0%9f%92%95-romantisk-topp-med-volang-mjukt-fall-2\/","title":{"rendered":"\ud83d\udc95 Romantic top with ruffle &amp; soft drape"},"content":{"rendered":"<h3 data-start=\"145\" data-end=\"190\">\ud83d\udc95 Romantic top with ruffle &amp; soft drape<\/h3>\n<p data-start=\"192\" data-end=\"464\">A feminine and flexible top that provides a <strong data-start=\"231\" data-end=\"257\">light, romantic feel<\/strong> with its v-neckline and soft ruffle details \ud83c\udf38<br data-start=\"304\" data-end=\"307\" \/>The comfortable viscose fabric falls beautifully against the body and makes the top as comfortable as it is elegant \u2013 perfect for both everyday wear and when you want to feel a little extra nice \u2728<\/p>\n<p data-start=\"466\" data-end=\"575\">\ud83d\udc97 Flattering fit<br data-start=\"488\" data-end=\"491\" \/>\ud83d\udc97 Soft stretch for maximum comfort<br data-start=\"526\" data-end=\"529\" \/>\ud83d\udc97 Ruffled edge that gives a romantic expression<\/p>\n<p data-start=\"577\" data-end=\"646\">\ud83e\uddf5 <strong data-start=\"580\" data-end=\"593\">Material:<\/strong> 94% viscose, 6% elastane<br data-start=\"616\" data-end=\"619\" \/>\ud83d\udccf <strong data-start=\"622\" data-end=\"634\">Size:<\/strong> S\/M, L\/XL<\/p>\n<p data-start=\"648\" data-end=\"720\">\ud83c\udf37 A top that elevates your outfit \u2013 effortlessly, with a lot of flair.<\/p>","protected":false},"excerpt":{"rendered":"<h3 data-start=\"145\" data-end=\"190\">\ud83d\udc95 Romantic top with ruffle &amp; soft drape<\/h3>\n<p data-start=\"192\" data-end=\"464\">A feminine and flexible top that provides a <strong data-start=\"231\" data-end=\"257\">light, romantic feel<\/strong> with its v-neckline and soft ruffle details \ud83c\udf38<br data-start=\"304\" data-end=\"307\" \/>The comfortable viscose fabric falls beautifully against the body and makes the top as comfortable as it is elegant \u2013 perfect for both everyday wear and when you want to feel a little extra nice \u2728<\/p>\n<p data-start=\"466\" data-end=\"575\">\ud83d\udc97 Flattering fit<br data-start=\"488\" data-end=\"491\" \/>\ud83d\udc97 Soft stretch for maximum comfort<br data-start=\"526\" data-end=\"529\" \/>\ud83d\udc97 Ruffled edge that gives a romantic expression<\/p>\n<p data-start=\"577\" data-end=\"646\">\ud83e\uddf5 <strong data-start=\"580\" data-end=\"593\">Material:<\/strong> 94% viscose, 6% elastane<br data-start=\"616\" data-end=\"619\" \/>\ud83d\udccf <strong data-start=\"622\" data-end=\"634\">Size:<\/strong> S\/M, L\/XL<\/p>\n<p data-start=\"648\" data-end=\"720\">\ud83c\udf37 A top that elevates your outfit \u2013 effortlessly, with a lot of flair.<\/p>","protected":false},"featured_media":1061451,"comment_status":"closed","ping_status":"closed","template":"","meta":[],"product_brand":[],"product_cat":[209],"product_tag":[],"class_list":{"0":"post-1061455","1":"product","2":"type-product","3":"status-publish","4":"has-post-thumbnail","6":"product_cat-reaprodukter","8":"first","9":"outofstock","10":"taxable","11":"shipping-taxable","12":"product-type-variable"},"yoast_head":"<!-- This site is optimized with the Yoast SEO Premium plugin v27.1 (Yoast SEO v27.4) - https:\/\/yoast.com\/product\/yoast-seo-premium-wordpress\/ -->\n<title>\ud83d\udc95 Romantisk topp med volang &amp; mjukt fall - Stil &amp; Design<\/title>\n<meta name=\"robots\" content=\"index, follow, max-snippet:-1, max-image-preview:large, max-video-preview:-1\" \/>\n<link rel=\"canonical\" href=\"https:\/\/stilanddesign.se\/en\/product\/\ud83d\udc95-romantisk-topp-med-volang-mjukt-fall-2\/\" \/>\n<meta property=\"og:locale\" content=\"en_US\" \/>\n<meta property=\"og:type\" content=\"article\" \/>\n<meta property=\"og:title\" content=\"\ud83d\udc95 Romantisk topp med volang &amp; mjukt fall\" \/>\n<meta property=\"og:description\" content=\"\ud83d\udc95 Romantisk topp med volang &amp; mjukt fall En feminin och f\u00f6ljsam topp som ger en l\u00e4tt, romantisk k\u00e4nsla med sin v-ringning och mjuka volangdetaljer \ud83c\udf38Det sk\u00f6na viskostyget faller vackert mot kroppen och g\u00f6r toppen lika bekv\u00e4m som elegant \u2013 perfekt b\u00e5de till vardag och n\u00e4r du vill k\u00e4nna dig lite extra fin \u2728 \ud83d\udc97 Smickrande passform\ud83d\udc97 Mjuk stretch f\u00f6r maximal komfort\ud83d\udc97 Volangkant som ger ett romantiskt uttryck \ud83e\uddf5 Material: 94% viskos, 6% elastan\ud83d\udccf Storlek: S\/M, L\/XL \ud83c\udf37 En topp som lyfter din outfit \u2013 utan anstr\u00e4ngning, med mycket k\u00e4nsla.\" \/>\n<meta property=\"og:url\" content=\"https:\/\/stilanddesign.se\/en\/product\/\ud83d\udc95-romantisk-topp-med-volang-mjukt-fall-2\/\" \/>\n<meta property=\"og:site_name\" content=\"Stil &amp; Design\" \/>\n<meta property=\"article:modified_time\" content=\"2026-02-24T09:37:05+00:00\" \/>\n<meta property=\"og:image\" content=\"https:\/\/stilanddesign.se\/wp-content\/uploads\/2026\/01\/1088d7cf-8f46-49e3-a9a6-ad5a6559661e-scaled.jpg\" \/>\n\t<meta property=\"og:image:width\" content=\"1707\" \/>\n\t<meta property=\"og:image:height\" content=\"2560\" \/>\n\t<meta property=\"og:image:type\" content=\"image\/jpeg\" \/>\n<meta name=\"twitter:card\" content=\"summary_large_image\" \/>\n<meta name=\"twitter:label1\" content=\"Est. reading time\" \/>\n\t<meta name=\"twitter:data1\" content=\"1 minute\" \/>\n<script type=\"application\/ld+json\" class=\"yoast-schema-graph\">{\"@context\":\"https:\\\/\\\/schema.org\",\"@graph\":[{\"@type\":\"WebPage\",\"@id\":\"https:\\\/\\\/stilanddesign.se\\\/produkt\\\/%f0%9f%92%95-romantisk-topp-med-volang-mjukt-fall-2\\\/\",\"url\":\"https:\\\/\\\/stilanddesign.se\\\/produkt\\\/%f0%9f%92%95-romantisk-topp-med-volang-mjukt-fall-2\\\/\",\"name\":\"\ud83d\udc95 Romantisk topp med volang & mjukt fall - Stil &amp; Design\",\"isPartOf\":{\"@id\":\"https:\\\/\\\/stilanddesign.se\\\/#website\"},\"primaryImageOfPage\":{\"@id\":\"https:\\\/\\\/stilanddesign.se\\\/produkt\\\/%f0%9f%92%95-romantisk-topp-med-volang-mjukt-fall-2\\\/#primaryimage\"},\"image\":{\"@id\":\"https:\\\/\\\/stilanddesign.se\\\/produkt\\\/%f0%9f%92%95-romantisk-topp-med-volang-mjukt-fall-2\\\/#primaryimage\"},\"thumbnailUrl\":\"https:\\\/\\\/stilanddesign.se\\\/wp-content\\\/uploads\\\/2026\\\/01\\\/1088d7cf-8f46-49e3-a9a6-ad5a6559661e-scaled.jpg\",\"datePublished\":\"2026-02-10T09:14:14+00:00\",\"dateModified\":\"2026-02-24T09:37:05+00:00\",\"breadcrumb\":{\"@id\":\"https:\\\/\\\/stilanddesign.se\\\/produkt\\\/%f0%9f%92%95-romantisk-topp-med-volang-mjukt-fall-2\\\/#breadcrumb\"},\"inLanguage\":\"en-US\",\"potentialAction\":[{\"@type\":\"ReadAction\",\"target\":[\"https:\\\/\\\/stilanddesign.se\\\/produkt\\\/%f0%9f%92%95-romantisk-topp-med-volang-mjukt-fall-2\\\/\"]}]},{\"@type\":\"ImageObject\",\"inLanguage\":\"en-US\",\"@id\":\"https:\\\/\\\/stilanddesign.se\\\/produkt\\\/%f0%9f%92%95-romantisk-topp-med-volang-mjukt-fall-2\\\/#primaryimage\",\"url\":\"https:\\\/\\\/stilanddesign.se\\\/wp-content\\\/uploads\\\/2026\\\/01\\\/1088d7cf-8f46-49e3-a9a6-ad5a6559661e-scaled.jpg\",\"contentUrl\":\"https:\\\/\\\/stilanddesign.se\\\/wp-content\\\/uploads\\\/2026\\\/01\\\/1088d7cf-8f46-49e3-a9a6-ad5a6559661e-scaled.jpg\",\"width\":1707,\"height\":2560},{\"@type\":\"BreadcrumbList\",\"@id\":\"https:\\\/\\\/stilanddesign.se\\\/produkt\\\/%f0%9f%92%95-romantisk-topp-med-volang-mjukt-fall-2\\\/#breadcrumb\",\"itemListElement\":[{\"@type\":\"ListItem\",\"position\":1,\"name\":\"Hem\",\"item\":\"https:\\\/\\\/stilanddesign.se\\\/\"},{\"@type\":\"ListItem\",\"position\":2,\"name\":\"Butiken\",\"item\":\"https:\\\/\\\/stilanddesign.se\\\/butiken\\\/\"},{\"@type\":\"ListItem\",\"position\":3,\"name\":\"\ud83d\udc95 Romantisk topp med volang &#038; mjukt fall\"}]},{\"@type\":\"WebSite\",\"@id\":\"https:\\\/\\\/stilanddesign.se\\\/#website\",\"url\":\"https:\\\/\\\/stilanddesign.se\\\/\",\"name\":\"Stil &amp; Design\",\"description\":\"F\u00f6r oss som \u00e4lskar mode!\",\"publisher\":{\"@id\":\"https:\\\/\\\/stilanddesign.se\\\/#organization\"},\"potentialAction\":[{\"@type\":\"SearchAction\",\"target\":{\"@type\":\"EntryPoint\",\"urlTemplate\":\"https:\\\/\\\/stilanddesign.se\\\/?s={search_term_string}\"},\"query-input\":{\"@type\":\"PropertyValueSpecification\",\"valueRequired\":true,\"valueName\":\"search_term_string\"}}],\"inLanguage\":\"en-US\"},{\"@type\":\"Organization\",\"@id\":\"https:\\\/\\\/stilanddesign.se\\\/#organization\",\"name\":\"Stil &amp; Design\",\"url\":\"https:\\\/\\\/stilanddesign.se\\\/\",\"logo\":{\"@type\":\"ImageObject\",\"inLanguage\":\"en-US\",\"@id\":\"https:\\\/\\\/stilanddesign.se\\\/#\\\/schema\\\/logo\\\/image\\\/\",\"url\":\"https:\\\/\\\/stilanddesign.se\\\/wp-content\\\/uploads\\\/2023\\\/12\\\/output-onlinepngtools-e1727784413220.png\",\"contentUrl\":\"https:\\\/\\\/stilanddesign.se\\\/wp-content\\\/uploads\\\/2023\\\/12\\\/output-onlinepngtools-e1727784413220.png\",\"width\":519,\"height\":135,\"caption\":\"Stil &amp; Design\"},\"image\":{\"@id\":\"https:\\\/\\\/stilanddesign.se\\\/#\\\/schema\\\/logo\\\/image\\\/\"}}]}<\/script>\n<!-- \/ Yoast SEO Premium plugin. -->","yoast_head_json":{"title":"\ud83d\udc95 Romantisk topp med volang & mjukt fall - Stil &amp; Design","robots":{"index":"index","follow":"follow","max-snippet":"max-snippet:-1","max-image-preview":"max-image-preview:large","max-video-preview":"max-video-preview:-1"},"canonical":"https:\/\/stilanddesign.se\/en\/product\/\ud83d\udc95-romantisk-topp-med-volang-mjukt-fall-2\/","og_locale":"en_US","og_type":"article","og_title":"\ud83d\udc95 Romantisk topp med volang & mjukt fall","og_description":"\ud83d\udc95 Romantisk topp med volang &amp; mjukt fall En feminin och f\u00f6ljsam topp som ger en l\u00e4tt, romantisk k\u00e4nsla med sin v-ringning och mjuka volangdetaljer \ud83c\udf38Det sk\u00f6na viskostyget faller vackert mot kroppen och g\u00f6r toppen lika bekv\u00e4m som elegant \u2013 perfekt b\u00e5de till vardag och n\u00e4r du vill k\u00e4nna dig lite extra fin \u2728 \ud83d\udc97 Smickrande passform\ud83d\udc97 Mjuk stretch f\u00f6r maximal komfort\ud83d\udc97 Volangkant som ger ett romantiskt uttryck \ud83e\uddf5 Material: 94% viskos, 6% elastan\ud83d\udccf Storlek: S\/M, L\/XL \ud83c\udf37 En topp som lyfter din outfit \u2013 utan anstr\u00e4ngning, med mycket k\u00e4nsla.","og_url":"https:\/\/stilanddesign.se\/en\/product\/\ud83d\udc95-romantisk-topp-med-volang-mjukt-fall-2\/","og_site_name":"Stil &amp; Design","article_modified_time":"2026-02-24T09:37:05+00:00","og_image":[{"width":1707,"height":2560,"url":"https:\/\/stilanddesign.se\/wp-content\/uploads\/2026\/01\/1088d7cf-8f46-49e3-a9a6-ad5a6559661e-scaled.jpg","type":"image\/jpeg"}],"twitter_card":"summary_large_image","twitter_misc":{"Est. reading time":"1 minute"},"schema":{"@context":"https:\/\/schema.org","@graph":[{"@type":"WebPage","@id":"https:\/\/stilanddesign.se\/produkt\/%f0%9f%92%95-romantisk-topp-med-volang-mjukt-fall-2\/","url":"https:\/\/stilanddesign.se\/produkt\/%f0%9f%92%95-romantisk-topp-med-volang-mjukt-fall-2\/","name":"\ud83d\udc95 Romantisk topp med volang & mjukt fall - Stil &amp; Design","isPartOf":{"@id":"https:\/\/stilanddesign.se\/#website"},"primaryImageOfPage":{"@id":"https:\/\/stilanddesign.se\/produkt\/%f0%9f%92%95-romantisk-topp-med-volang-mjukt-fall-2\/#primaryimage"},"image":{"@id":"https:\/\/stilanddesign.se\/produkt\/%f0%9f%92%95-romantisk-topp-med-volang-mjukt-fall-2\/#primaryimage"},"thumbnailUrl":"https:\/\/stilanddesign.se\/wp-content\/uploads\/2026\/01\/1088d7cf-8f46-49e3-a9a6-ad5a6559661e-scaled.jpg","datePublished":"2026-02-10T09:14:14+00:00","dateModified":"2026-02-24T09:37:05+00:00","breadcrumb":{"@id":"https:\/\/stilanddesign.se\/produkt\/%f0%9f%92%95-romantisk-topp-med-volang-mjukt-fall-2\/#breadcrumb"},"inLanguage":"en-US","potentialAction":[{"@type":"ReadAction","target":["https:\/\/stilanddesign.se\/produkt\/%f0%9f%92%95-romantisk-topp-med-volang-mjukt-fall-2\/"]}]},{"@type":"ImageObject","inLanguage":"en-US","@id":"https:\/\/stilanddesign.se\/produkt\/%f0%9f%92%95-romantisk-topp-med-volang-mjukt-fall-2\/#primaryimage","url":"https:\/\/stilanddesign.se\/wp-content\/uploads\/2026\/01\/1088d7cf-8f46-49e3-a9a6-ad5a6559661e-scaled.jpg","contentUrl":"https:\/\/stilanddesign.se\/wp-content\/uploads\/2026\/01\/1088d7cf-8f46-49e3-a9a6-ad5a6559661e-scaled.jpg","width":1707,"height":2560},{"@type":"BreadcrumbList","@id":"https:\/\/stilanddesign.se\/produkt\/%f0%9f%92%95-romantisk-topp-med-volang-mjukt-fall-2\/#breadcrumb","itemListElement":[{"@type":"ListItem","position":1,"name":"Hem","item":"https:\/\/stilanddesign.se\/"},{"@type":"ListItem","position":2,"name":"Butiken","item":"https:\/\/stilanddesign.se\/butiken\/"},{"@type":"ListItem","position":3,"name":"\ud83d\udc95 Romantisk topp med volang &#038; mjukt fall"}]},{"@type":"WebSite","@id":"https:\/\/stilanddesign.se\/#website","url":"https:\/\/stilanddesign.se\/","name":"Style &amp; Design","description":"For those of us who love fashion!","publisher":{"@id":"https:\/\/stilanddesign.se\/#organization"},"potentialAction":[{"@type":"SearchAction","target":{"@type":"EntryPoint","urlTemplate":"https:\/\/stilanddesign.se\/?s={search_term_string}"},"query-input":{"@type":"PropertyValueSpecification","valueRequired":true,"valueName":"search_term_string"}}],"inLanguage":"en-US"},{"@type":"Organization","@id":"https:\/\/stilanddesign.se\/#organization","name":"Style &amp; Design","url":"https:\/\/stilanddesign.se\/","logo":{"@type":"ImageObject","inLanguage":"en-US","@id":"https:\/\/stilanddesign.se\/#\/schema\/logo\/image\/","url":"https:\/\/stilanddesign.se\/wp-content\/uploads\/2023\/12\/output-onlinepngtools-e1727784413220.png","contentUrl":"https:\/\/stilanddesign.se\/wp-content\/uploads\/2023\/12\/output-onlinepngtools-e1727784413220.png","width":519,"height":135,"caption":"Stil &amp; Design"},"image":{"@id":"https:\/\/stilanddesign.se\/#\/schema\/logo\/image\/"}}]}},"_links":{"self":[{"href":"https:\/\/stilanddesign.se\/en\/wp-json\/wp\/v2\/product\/1061455","targetHints":{"allow":["GET"]}}],"collection":[{"href":"https:\/\/stilanddesign.se\/en\/wp-json\/wp\/v2\/product"}],"about":[{"href":"https:\/\/stilanddesign.se\/en\/wp-json\/wp\/v2\/types\/product"}],"replies":[{"embeddable":true,"href":"https:\/\/stilanddesign.se\/en\/wp-json\/wp\/v2\/comments?post=1061455"}],"wp:featuredmedia":[{"embeddable":true,"href":"https:\/\/stilanddesign.se\/en\/wp-json\/wp\/v2\/media\/1061451"}],"wp:attachment":[{"href":"https:\/\/stilanddesign.se\/en\/wp-json\/wp\/v2\/media?parent=1061455"}],"wp:term":[{"taxonomy":"product_brand","embeddable":true,"href":"https:\/\/stilanddesign.se\/en\/wp-json\/wp\/v2\/product_brand?post=1061455"},{"taxonomy":"product_cat","embeddable":true,"href":"https:\/\/stilanddesign.se\/en\/wp-json\/wp\/v2\/product_cat?post=1061455"},{"taxonomy":"product_tag","embeddable":true,"href":"https:\/\/stilanddesign.se\/en\/wp-json\/wp\/v2\/product_tag?post=1061455"}],"curies":[{"name":"wp","href":"https:\/\/api.w.org\/{rel}","templated":true}]}}