{"id":1061103,"date":"2026-01-14T09:20:21","date_gmt":"2026-01-14T08:20:21","guid":{"rendered":"https:\/\/stilanddesign.se\/?post_type=product&#038;p=1061103"},"modified":"2026-03-25T13:07:03","modified_gmt":"2026-03-25T12:07:03","slug":"%f0%9f%8c%b8-blommig-sjal-med-romantisk-lyster-%f0%9f%8c%b8","status":"publish","type":"product","link":"https:\/\/stilanddesign.se\/en\/product\/%f0%9f%8c%b8-blommig-sjal-med-romantisk-lyster-%f0%9f%8c%b8\/","title":{"rendered":"\ud83c\udf38 Floral shawl with romantic glow \ud83c\udf38"},"content":{"rendered":"<h3 data-start=\"172\" data-end=\"215\">\ud83c\udf38 Floral shawl with romantic glow \ud83c\udf38<\/h3>\n<p data-start=\"217\" data-end=\"448\">An elegant shawl that elevates any outfit with its soft drape and beautiful floral pattern. The subtle shades and light quality give a feminine and sophisticated feel - perfect for both everyday wear and more festive occasions \ud83d\udcab<\/p>\n<p data-start=\"450\" data-end=\"593\">Wear it loosely over your shoulders, tied around your neck or as a soft accent to knitwear and jackets. A timeless accessory that completes the whole look \ud83e\udd0d<\/p>\n<p data-start=\"595\" data-end=\"651\"><strong data-start=\"595\" data-end=\"604\">Paint:<\/strong> Blue, Grey, Beige<br data-start=\"620\" data-end=\"623\" \/><strong data-start=\"623\" data-end=\"636\">Material:<\/strong> 100% viscose<\/p>","protected":false},"excerpt":{"rendered":"<h3 data-start=\"172\" data-end=\"215\">\ud83c\udf38 Floral shawl with romantic glow \ud83c\udf38<\/h3>\n<p data-start=\"217\" data-end=\"448\">An elegant shawl that elevates any outfit with its soft drape and beautiful floral pattern. The subtle shades and light quality give a feminine and sophisticated feel - perfect for both everyday wear and more festive occasions \ud83d\udcab<\/p>\n<p data-start=\"450\" data-end=\"593\">Wear it loosely over your shoulders, tied around your neck or as a soft accent to knitwear and jackets. A timeless accessory that completes the whole look \ud83e\udd0d<\/p>\n<p data-start=\"595\" data-end=\"651\"><strong data-start=\"595\" data-end=\"604\">Paint:<\/strong> Blue, Grey, Beige<br data-start=\"620\" data-end=\"623\" \/><strong data-start=\"623\" data-end=\"636\">Material:<\/strong> 100% viscose<\/p>","protected":false},"featured_media":1061109,"comment_status":"closed","ping_status":"closed","template":"","meta":[],"product_brand":[],"product_cat":[207],"product_tag":[],"class_list":{"0":"post-1061103","1":"product","2":"type-product","3":"status-publish","4":"has-post-thumbnail","6":"product_cat-sjalar","8":"first","9":"instock","10":"taxable","11":"shipping-taxable","12":"purchasable","13":"product-type-variable"},"yoast_head":"<!-- This site is optimized with the Yoast SEO Premium plugin v27.1 (Yoast SEO v27.4) - https:\/\/yoast.com\/product\/yoast-seo-premium-wordpress\/ -->\n<title>\ud83c\udf38 Blommig sjal med romantisk lyster \ud83c\udf38 - Stil &amp; Design<\/title>\n<meta name=\"robots\" content=\"index, follow, max-snippet:-1, max-image-preview:large, max-video-preview:-1\" \/>\n<link rel=\"canonical\" href=\"https:\/\/stilanddesign.se\/en\/product\/\ud83c\udf38-blommig-sjal-med-romantisk-lyster-\ud83c\udf38\/\" \/>\n<meta property=\"og:locale\" content=\"en_US\" \/>\n<meta property=\"og:type\" content=\"article\" \/>\n<meta property=\"og:title\" content=\"\ud83c\udf38 Blommig sjal med romantisk lyster \ud83c\udf38\" \/>\n<meta property=\"og:description\" content=\"\ud83c\udf38 Blommig sjal med romantisk lyster \ud83c\udf38 En elegant sjal som lyfter varje outfit med sitt mjuka fall och vackra blomm\u00f6nster. De subtila nyanserna och den l\u00e4tta kvaliteten ger en feminin och sofistikerad k\u00e4nsla \u2013 perfekt b\u00e5de till vardag och till festligare tillf\u00e4llen \ud83d\udcab B\u00e4r den l\u00f6st \u00f6ver axlarna, knuten runt halsen eller som en mjuk accent till stickat och kavaj. En tidl\u00f6s accessoar som g\u00f6r helheten komplett \ud83e\udd0d F\u00e4rg: Bl\u00e5, Gr\u00e5, BeigeMaterial: 100% viscose\" \/>\n<meta property=\"og:url\" content=\"https:\/\/stilanddesign.se\/en\/product\/\ud83c\udf38-blommig-sjal-med-romantisk-lyster-\ud83c\udf38\/\" \/>\n<meta property=\"og:site_name\" content=\"Stil &amp; Design\" \/>\n<meta property=\"article:modified_time\" content=\"2026-03-25T12:07:03+00:00\" \/>\n<meta property=\"og:image\" content=\"https:\/\/stilanddesign.se\/wp-content\/uploads\/2026\/01\/image00027-2-scaled-1.jpeg\" \/>\n\t<meta property=\"og:image:width\" content=\"1920\" \/>\n\t<meta property=\"og:image:height\" content=\"2560\" \/>\n\t<meta property=\"og:image:type\" content=\"image\/jpeg\" \/>\n<meta name=\"twitter:card\" content=\"summary_large_image\" \/>\n<meta name=\"twitter:label1\" content=\"Est. reading time\" \/>\n\t<meta name=\"twitter:data1\" content=\"1 minute\" \/>\n<script type=\"application\/ld+json\" class=\"yoast-schema-graph\">{\"@context\":\"https:\\\/\\\/schema.org\",\"@graph\":[{\"@type\":\"WebPage\",\"@id\":\"https:\\\/\\\/stilanddesign.se\\\/produkt\\\/%f0%9f%8c%b8-blommig-sjal-med-romantisk-lyster-%f0%9f%8c%b8\\\/\",\"url\":\"https:\\\/\\\/stilanddesign.se\\\/produkt\\\/%f0%9f%8c%b8-blommig-sjal-med-romantisk-lyster-%f0%9f%8c%b8\\\/\",\"name\":\"\ud83c\udf38 Blommig sjal med romantisk lyster \ud83c\udf38 - Stil &amp; Design\",\"isPartOf\":{\"@id\":\"https:\\\/\\\/stilanddesign.se\\\/#website\"},\"primaryImageOfPage\":{\"@id\":\"https:\\\/\\\/stilanddesign.se\\\/produkt\\\/%f0%9f%8c%b8-blommig-sjal-med-romantisk-lyster-%f0%9f%8c%b8\\\/#primaryimage\"},\"image\":{\"@id\":\"https:\\\/\\\/stilanddesign.se\\\/produkt\\\/%f0%9f%8c%b8-blommig-sjal-med-romantisk-lyster-%f0%9f%8c%b8\\\/#primaryimage\"},\"thumbnailUrl\":\"https:\\\/\\\/stilanddesign.se\\\/wp-content\\\/uploads\\\/2026\\\/01\\\/image00027-2-scaled-1.jpeg\",\"datePublished\":\"2026-01-14T08:20:21+00:00\",\"dateModified\":\"2026-03-25T12:07:03+00:00\",\"breadcrumb\":{\"@id\":\"https:\\\/\\\/stilanddesign.se\\\/produkt\\\/%f0%9f%8c%b8-blommig-sjal-med-romantisk-lyster-%f0%9f%8c%b8\\\/#breadcrumb\"},\"inLanguage\":\"en-US\",\"potentialAction\":[{\"@type\":\"ReadAction\",\"target\":[\"https:\\\/\\\/stilanddesign.se\\\/produkt\\\/%f0%9f%8c%b8-blommig-sjal-med-romantisk-lyster-%f0%9f%8c%b8\\\/\"]}]},{\"@type\":\"ImageObject\",\"inLanguage\":\"en-US\",\"@id\":\"https:\\\/\\\/stilanddesign.se\\\/produkt\\\/%f0%9f%8c%b8-blommig-sjal-med-romantisk-lyster-%f0%9f%8c%b8\\\/#primaryimage\",\"url\":\"https:\\\/\\\/stilanddesign.se\\\/wp-content\\\/uploads\\\/2026\\\/01\\\/image00027-2-scaled-1.jpeg\",\"contentUrl\":\"https:\\\/\\\/stilanddesign.se\\\/wp-content\\\/uploads\\\/2026\\\/01\\\/image00027-2-scaled-1.jpeg\",\"width\":1920,\"height\":2560},{\"@type\":\"BreadcrumbList\",\"@id\":\"https:\\\/\\\/stilanddesign.se\\\/produkt\\\/%f0%9f%8c%b8-blommig-sjal-med-romantisk-lyster-%f0%9f%8c%b8\\\/#breadcrumb\",\"itemListElement\":[{\"@type\":\"ListItem\",\"position\":1,\"name\":\"Hem\",\"item\":\"https:\\\/\\\/stilanddesign.se\\\/\"},{\"@type\":\"ListItem\",\"position\":2,\"name\":\"Butiken\",\"item\":\"https:\\\/\\\/stilanddesign.se\\\/butiken\\\/\"},{\"@type\":\"ListItem\",\"position\":3,\"name\":\"\ud83c\udf38 Blommig sjal med romantisk lyster \ud83c\udf38\"}]},{\"@type\":\"WebSite\",\"@id\":\"https:\\\/\\\/stilanddesign.se\\\/#website\",\"url\":\"https:\\\/\\\/stilanddesign.se\\\/\",\"name\":\"Stil &amp; Design\",\"description\":\"F\u00f6r oss som \u00e4lskar mode!\",\"publisher\":{\"@id\":\"https:\\\/\\\/stilanddesign.se\\\/#organization\"},\"potentialAction\":[{\"@type\":\"SearchAction\",\"target\":{\"@type\":\"EntryPoint\",\"urlTemplate\":\"https:\\\/\\\/stilanddesign.se\\\/?s={search_term_string}\"},\"query-input\":{\"@type\":\"PropertyValueSpecification\",\"valueRequired\":true,\"valueName\":\"search_term_string\"}}],\"inLanguage\":\"en-US\"},{\"@type\":\"Organization\",\"@id\":\"https:\\\/\\\/stilanddesign.se\\\/#organization\",\"name\":\"Stil &amp; Design\",\"url\":\"https:\\\/\\\/stilanddesign.se\\\/\",\"logo\":{\"@type\":\"ImageObject\",\"inLanguage\":\"en-US\",\"@id\":\"https:\\\/\\\/stilanddesign.se\\\/#\\\/schema\\\/logo\\\/image\\\/\",\"url\":\"https:\\\/\\\/stilanddesign.se\\\/wp-content\\\/uploads\\\/2023\\\/12\\\/output-onlinepngtools-e1727784413220.png\",\"contentUrl\":\"https:\\\/\\\/stilanddesign.se\\\/wp-content\\\/uploads\\\/2023\\\/12\\\/output-onlinepngtools-e1727784413220.png\",\"width\":519,\"height\":135,\"caption\":\"Stil &amp; Design\"},\"image\":{\"@id\":\"https:\\\/\\\/stilanddesign.se\\\/#\\\/schema\\\/logo\\\/image\\\/\"}}]}<\/script>\n<!-- \/ Yoast SEO Premium plugin. -->","yoast_head_json":{"title":"\ud83c\udf38 Blommig sjal med romantisk lyster \ud83c\udf38 - Stil &amp; Design","robots":{"index":"index","follow":"follow","max-snippet":"max-snippet:-1","max-image-preview":"max-image-preview:large","max-video-preview":"max-video-preview:-1"},"canonical":"https:\/\/stilanddesign.se\/en\/product\/\ud83c\udf38-blommig-sjal-med-romantisk-lyster-\ud83c\udf38\/","og_locale":"en_US","og_type":"article","og_title":"\ud83c\udf38 Blommig sjal med romantisk lyster \ud83c\udf38","og_description":"\ud83c\udf38 Blommig sjal med romantisk lyster \ud83c\udf38 En elegant sjal som lyfter varje outfit med sitt mjuka fall och vackra blomm\u00f6nster. De subtila nyanserna och den l\u00e4tta kvaliteten ger en feminin och sofistikerad k\u00e4nsla \u2013 perfekt b\u00e5de till vardag och till festligare tillf\u00e4llen \ud83d\udcab B\u00e4r den l\u00f6st \u00f6ver axlarna, knuten runt halsen eller som en mjuk accent till stickat och kavaj. En tidl\u00f6s accessoar som g\u00f6r helheten komplett \ud83e\udd0d F\u00e4rg: Bl\u00e5, Gr\u00e5, BeigeMaterial: 100% viscose","og_url":"https:\/\/stilanddesign.se\/en\/product\/\ud83c\udf38-blommig-sjal-med-romantisk-lyster-\ud83c\udf38\/","og_site_name":"Stil &amp; Design","article_modified_time":"2026-03-25T12:07:03+00:00","og_image":[{"width":1920,"height":2560,"url":"https:\/\/stilanddesign.se\/wp-content\/uploads\/2026\/01\/image00027-2-scaled-1.jpeg","type":"image\/jpeg"}],"twitter_card":"summary_large_image","twitter_misc":{"Est. reading time":"1 minute"},"schema":{"@context":"https:\/\/schema.org","@graph":[{"@type":"WebPage","@id":"https:\/\/stilanddesign.se\/produkt\/%f0%9f%8c%b8-blommig-sjal-med-romantisk-lyster-%f0%9f%8c%b8\/","url":"https:\/\/stilanddesign.se\/produkt\/%f0%9f%8c%b8-blommig-sjal-med-romantisk-lyster-%f0%9f%8c%b8\/","name":"\ud83c\udf38 Blommig sjal med romantisk lyster \ud83c\udf38 - Stil &amp; Design","isPartOf":{"@id":"https:\/\/stilanddesign.se\/#website"},"primaryImageOfPage":{"@id":"https:\/\/stilanddesign.se\/produkt\/%f0%9f%8c%b8-blommig-sjal-med-romantisk-lyster-%f0%9f%8c%b8\/#primaryimage"},"image":{"@id":"https:\/\/stilanddesign.se\/produkt\/%f0%9f%8c%b8-blommig-sjal-med-romantisk-lyster-%f0%9f%8c%b8\/#primaryimage"},"thumbnailUrl":"https:\/\/stilanddesign.se\/wp-content\/uploads\/2026\/01\/image00027-2-scaled-1.jpeg","datePublished":"2026-01-14T08:20:21+00:00","dateModified":"2026-03-25T12:07:03+00:00","breadcrumb":{"@id":"https:\/\/stilanddesign.se\/produkt\/%f0%9f%8c%b8-blommig-sjal-med-romantisk-lyster-%f0%9f%8c%b8\/#breadcrumb"},"inLanguage":"en-US","potentialAction":[{"@type":"ReadAction","target":["https:\/\/stilanddesign.se\/produkt\/%f0%9f%8c%b8-blommig-sjal-med-romantisk-lyster-%f0%9f%8c%b8\/"]}]},{"@type":"ImageObject","inLanguage":"en-US","@id":"https:\/\/stilanddesign.se\/produkt\/%f0%9f%8c%b8-blommig-sjal-med-romantisk-lyster-%f0%9f%8c%b8\/#primaryimage","url":"https:\/\/stilanddesign.se\/wp-content\/uploads\/2026\/01\/image00027-2-scaled-1.jpeg","contentUrl":"https:\/\/stilanddesign.se\/wp-content\/uploads\/2026\/01\/image00027-2-scaled-1.jpeg","width":1920,"height":2560},{"@type":"BreadcrumbList","@id":"https:\/\/stilanddesign.se\/produkt\/%f0%9f%8c%b8-blommig-sjal-med-romantisk-lyster-%f0%9f%8c%b8\/#breadcrumb","itemListElement":[{"@type":"ListItem","position":1,"name":"Hem","item":"https:\/\/stilanddesign.se\/"},{"@type":"ListItem","position":2,"name":"Butiken","item":"https:\/\/stilanddesign.se\/butiken\/"},{"@type":"ListItem","position":3,"name":"\ud83c\udf38 Blommig sjal med romantisk lyster \ud83c\udf38"}]},{"@type":"WebSite","@id":"https:\/\/stilanddesign.se\/#website","url":"https:\/\/stilanddesign.se\/","name":"Style &amp; Design","description":"For those of us who love fashion!","publisher":{"@id":"https:\/\/stilanddesign.se\/#organization"},"potentialAction":[{"@type":"SearchAction","target":{"@type":"EntryPoint","urlTemplate":"https:\/\/stilanddesign.se\/?s={search_term_string}"},"query-input":{"@type":"PropertyValueSpecification","valueRequired":true,"valueName":"search_term_string"}}],"inLanguage":"en-US"},{"@type":"Organization","@id":"https:\/\/stilanddesign.se\/#organization","name":"Style &amp; Design","url":"https:\/\/stilanddesign.se\/","logo":{"@type":"ImageObject","inLanguage":"en-US","@id":"https:\/\/stilanddesign.se\/#\/schema\/logo\/image\/","url":"https:\/\/stilanddesign.se\/wp-content\/uploads\/2023\/12\/output-onlinepngtools-e1727784413220.png","contentUrl":"https:\/\/stilanddesign.se\/wp-content\/uploads\/2023\/12\/output-onlinepngtools-e1727784413220.png","width":519,"height":135,"caption":"Stil &amp; Design"},"image":{"@id":"https:\/\/stilanddesign.se\/#\/schema\/logo\/image\/"}}]}},"_links":{"self":[{"href":"https:\/\/stilanddesign.se\/en\/wp-json\/wp\/v2\/product\/1061103","targetHints":{"allow":["GET"]}}],"collection":[{"href":"https:\/\/stilanddesign.se\/en\/wp-json\/wp\/v2\/product"}],"about":[{"href":"https:\/\/stilanddesign.se\/en\/wp-json\/wp\/v2\/types\/product"}],"replies":[{"embeddable":true,"href":"https:\/\/stilanddesign.se\/en\/wp-json\/wp\/v2\/comments?post=1061103"}],"wp:featuredmedia":[{"embeddable":true,"href":"https:\/\/stilanddesign.se\/en\/wp-json\/wp\/v2\/media\/1061109"}],"wp:attachment":[{"href":"https:\/\/stilanddesign.se\/en\/wp-json\/wp\/v2\/media?parent=1061103"}],"wp:term":[{"taxonomy":"product_brand","embeddable":true,"href":"https:\/\/stilanddesign.se\/en\/wp-json\/wp\/v2\/product_brand?post=1061103"},{"taxonomy":"product_cat","embeddable":true,"href":"https:\/\/stilanddesign.se\/en\/wp-json\/wp\/v2\/product_cat?post=1061103"},{"taxonomy":"product_tag","embeddable":true,"href":"https:\/\/stilanddesign.se\/en\/wp-json\/wp\/v2\/product_tag?post=1061103"}],"curies":[{"name":"wp","href":"https:\/\/api.w.org\/{rel}","templated":true}]}}