{"id":1061093,"date":"2026-01-14T09:08:05","date_gmt":"2026-01-14T08:08:05","guid":{"rendered":"https:\/\/stilanddesign.se\/?post_type=product&#038;p=1061093"},"modified":"2026-01-26T09:46:04","modified_gmt":"2026-01-26T08:46:04","slug":"%e2%9c%a8-monstrad-sjal-i-viskos-%e2%9c%a8","status":"publish","type":"product","link":"https:\/\/stilanddesign.se\/en\/product\/%e2%9c%a8-monstrad-sjal-i-viskos-%e2%9c%a8\/","title":{"rendered":"\u2728 Patterned viscose shawl \u2728"},"content":{"rendered":"<h3 data-start=\"166\" data-end=\"196\">\u2728 Patterned viscose shawl \u2728<\/h3>\n<p data-start=\"198\" data-end=\"419\">An elegant shawl with a beautiful pattern and a soft shimmer that gives the outfit that little something extra \ud83d\udcab<br data-start=\"295\" data-end=\"298\" \/>The thin viscose falls easily and comfortably around the neck, creating a sophisticated yet relaxed expression \ud83c\udf3f<\/p>\n<p data-start=\"421\" data-end=\"599\">Perfect to match with knitwear, dresses or coats \u2013 whether you want to add warmth or just a stylish detail \ud83e\udd0d<br data-start=\"541\" data-end=\"544\" \/>A timeless accessory that elevates both everyday life and parties \u2728<\/p>\n<p data-start=\"601\" data-end=\"717\">\ud83e\udde3 <strong data-start=\"604\" data-end=\"613\">Paint:<\/strong>Beige<br data-start=\"624\" data-end=\"627\" \/>\ud83c\udf3f <strong data-start=\"630\" data-end=\"643\">Material:<\/strong> 100% viscose<br data-start=\"655\" data-end=\"658\" \/>\ud83d\udc9b <strong data-start=\"661\" data-end=\"672\">Feeling:<\/strong> Light, soft and elegant with a discreet pattern<\/p>","protected":false},"excerpt":{"rendered":"<h3 data-start=\"166\" data-end=\"196\">\u2728 Patterned viscose shawl \u2728<\/h3>\n<p data-start=\"198\" data-end=\"419\">An elegant shawl with a beautiful pattern and a soft shimmer that gives the outfit that little something extra \ud83d\udcab<br data-start=\"295\" data-end=\"298\" \/>The thin viscose falls easily and comfortably around the neck, creating a sophisticated yet relaxed expression \ud83c\udf3f<\/p>\n<p data-start=\"421\" data-end=\"599\">Perfect to match with knitwear, dresses or coats \u2013 whether you want to add warmth or just a stylish detail \ud83e\udd0d<br data-start=\"541\" data-end=\"544\" \/>A timeless accessory that elevates both everyday life and parties \u2728<\/p>\n<p data-start=\"601\" data-end=\"717\">\ud83e\udde3 <strong data-start=\"604\" data-end=\"613\">Paint:<\/strong>Beige<br data-start=\"624\" data-end=\"627\" \/>\ud83c\udf3f <strong data-start=\"630\" data-end=\"643\">Material:<\/strong> 100% viscose<br data-start=\"655\" data-end=\"658\" \/>\ud83d\udc9b <strong data-start=\"661\" data-end=\"672\">Feeling:<\/strong> Light, soft and elegant with a discreet pattern<\/p>","protected":false},"featured_media":1061094,"comment_status":"closed","ping_status":"closed","template":"","meta":[],"product_brand":[],"product_cat":[207],"product_tag":[],"class_list":{"0":"post-1061093","1":"product","2":"type-product","3":"status-publish","4":"has-post-thumbnail","6":"product_cat-sjalar","8":"first","9":"instock","10":"taxable","11":"shipping-taxable","12":"purchasable","13":"product-type-variable"},"yoast_head":"<!-- This site is optimized with the Yoast SEO Premium plugin v27.1 (Yoast SEO v27.4) - https:\/\/yoast.com\/product\/yoast-seo-premium-wordpress\/ -->\n<title>\u2728 M\u00f6nstrad sjal i viskos \u2728 - Stil &amp; Design<\/title>\n<meta name=\"robots\" content=\"index, follow, max-snippet:-1, max-image-preview:large, max-video-preview:-1\" \/>\n<link rel=\"canonical\" href=\"https:\/\/stilanddesign.se\/en\/product\/\u2728-monstrad-sjal-i-viskos-\u2728\/\" \/>\n<meta property=\"og:locale\" content=\"en_US\" \/>\n<meta property=\"og:type\" content=\"article\" \/>\n<meta property=\"og:title\" content=\"\u2728 M\u00f6nstrad sjal i viskos \u2728\" \/>\n<meta property=\"og:description\" content=\"\u2728 M\u00f6nstrad sjal i viskos \u2728 En elegant sjal med vackert m\u00f6nster och ett mjukt skimmer som ger outfiten det d\u00e4r lilla extra \ud83d\udcabDen tunna viskosen faller l\u00e4tt och f\u00f6ljsamt runt halsen och skapar ett sofistikerat men samtidigt avslappnat uttryck \ud83c\udf3f Perfekt att matcha till stickat, kl\u00e4nning eller kappa \u2013 oavsett om du vill addera v\u00e4rme eller bara en stilfull detalj \ud83e\udd0dEn tidl\u00f6s accessoar som lyfter b\u00e5de vardag och fest \u2728 \ud83e\udde3 F\u00e4rg:Beige\ud83c\udf3f Material: 100% viskos\ud83d\udc9b K\u00e4nsla: L\u00e4tt, mjuk och elegant med diskret m\u00f6nster\" \/>\n<meta property=\"og:url\" content=\"https:\/\/stilanddesign.se\/en\/product\/\u2728-monstrad-sjal-i-viskos-\u2728\/\" \/>\n<meta property=\"og:site_name\" content=\"Stil &amp; Design\" \/>\n<meta property=\"article:modified_time\" content=\"2026-01-26T08:46:04+00:00\" \/>\n<meta property=\"og:image\" content=\"https:\/\/stilanddesign.se\/wp-content\/uploads\/2026\/01\/image00053-2-1440x1920-1.jpeg\" \/>\n\t<meta property=\"og:image:width\" content=\"1440\" \/>\n\t<meta property=\"og:image:height\" content=\"1920\" \/>\n\t<meta property=\"og:image:type\" content=\"image\/jpeg\" \/>\n<meta name=\"twitter:card\" content=\"summary_large_image\" \/>\n<meta name=\"twitter:label1\" content=\"Est. reading time\" \/>\n\t<meta name=\"twitter:data1\" content=\"1 minute\" \/>\n<script type=\"application\/ld+json\" class=\"yoast-schema-graph\">{\"@context\":\"https:\\\/\\\/schema.org\",\"@graph\":[{\"@type\":\"WebPage\",\"@id\":\"https:\\\/\\\/stilanddesign.se\\\/produkt\\\/%e2%9c%a8-monstrad-sjal-i-viskos-%e2%9c%a8\\\/\",\"url\":\"https:\\\/\\\/stilanddesign.se\\\/produkt\\\/%e2%9c%a8-monstrad-sjal-i-viskos-%e2%9c%a8\\\/\",\"name\":\"\u2728 M\u00f6nstrad sjal i viskos \u2728 - Stil &amp; Design\",\"isPartOf\":{\"@id\":\"https:\\\/\\\/stilanddesign.se\\\/#website\"},\"primaryImageOfPage\":{\"@id\":\"https:\\\/\\\/stilanddesign.se\\\/produkt\\\/%e2%9c%a8-monstrad-sjal-i-viskos-%e2%9c%a8\\\/#primaryimage\"},\"image\":{\"@id\":\"https:\\\/\\\/stilanddesign.se\\\/produkt\\\/%e2%9c%a8-monstrad-sjal-i-viskos-%e2%9c%a8\\\/#primaryimage\"},\"thumbnailUrl\":\"https:\\\/\\\/stilanddesign.se\\\/wp-content\\\/uploads\\\/2026\\\/01\\\/image00053-2-1440x1920-1.jpeg\",\"datePublished\":\"2026-01-14T08:08:05+00:00\",\"dateModified\":\"2026-01-26T08:46:04+00:00\",\"breadcrumb\":{\"@id\":\"https:\\\/\\\/stilanddesign.se\\\/produkt\\\/%e2%9c%a8-monstrad-sjal-i-viskos-%e2%9c%a8\\\/#breadcrumb\"},\"inLanguage\":\"en-US\",\"potentialAction\":[{\"@type\":\"ReadAction\",\"target\":[\"https:\\\/\\\/stilanddesign.se\\\/produkt\\\/%e2%9c%a8-monstrad-sjal-i-viskos-%e2%9c%a8\\\/\"]}]},{\"@type\":\"ImageObject\",\"inLanguage\":\"en-US\",\"@id\":\"https:\\\/\\\/stilanddesign.se\\\/produkt\\\/%e2%9c%a8-monstrad-sjal-i-viskos-%e2%9c%a8\\\/#primaryimage\",\"url\":\"https:\\\/\\\/stilanddesign.se\\\/wp-content\\\/uploads\\\/2026\\\/01\\\/image00053-2-1440x1920-1.jpeg\",\"contentUrl\":\"https:\\\/\\\/stilanddesign.se\\\/wp-content\\\/uploads\\\/2026\\\/01\\\/image00053-2-1440x1920-1.jpeg\",\"width\":1440,\"height\":1920},{\"@type\":\"BreadcrumbList\",\"@id\":\"https:\\\/\\\/stilanddesign.se\\\/produkt\\\/%e2%9c%a8-monstrad-sjal-i-viskos-%e2%9c%a8\\\/#breadcrumb\",\"itemListElement\":[{\"@type\":\"ListItem\",\"position\":1,\"name\":\"Hem\",\"item\":\"https:\\\/\\\/stilanddesign.se\\\/\"},{\"@type\":\"ListItem\",\"position\":2,\"name\":\"Butiken\",\"item\":\"https:\\\/\\\/stilanddesign.se\\\/butiken\\\/\"},{\"@type\":\"ListItem\",\"position\":3,\"name\":\"\u2728 M\u00f6nstrad sjal i viskos \u2728\"}]},{\"@type\":\"WebSite\",\"@id\":\"https:\\\/\\\/stilanddesign.se\\\/#website\",\"url\":\"https:\\\/\\\/stilanddesign.se\\\/\",\"name\":\"Stil &amp; Design\",\"description\":\"F\u00f6r oss som \u00e4lskar mode!\",\"publisher\":{\"@id\":\"https:\\\/\\\/stilanddesign.se\\\/#organization\"},\"potentialAction\":[{\"@type\":\"SearchAction\",\"target\":{\"@type\":\"EntryPoint\",\"urlTemplate\":\"https:\\\/\\\/stilanddesign.se\\\/?s={search_term_string}\"},\"query-input\":{\"@type\":\"PropertyValueSpecification\",\"valueRequired\":true,\"valueName\":\"search_term_string\"}}],\"inLanguage\":\"en-US\"},{\"@type\":\"Organization\",\"@id\":\"https:\\\/\\\/stilanddesign.se\\\/#organization\",\"name\":\"Stil &amp; Design\",\"url\":\"https:\\\/\\\/stilanddesign.se\\\/\",\"logo\":{\"@type\":\"ImageObject\",\"inLanguage\":\"en-US\",\"@id\":\"https:\\\/\\\/stilanddesign.se\\\/#\\\/schema\\\/logo\\\/image\\\/\",\"url\":\"https:\\\/\\\/stilanddesign.se\\\/wp-content\\\/uploads\\\/2023\\\/12\\\/output-onlinepngtools-e1727784413220.png\",\"contentUrl\":\"https:\\\/\\\/stilanddesign.se\\\/wp-content\\\/uploads\\\/2023\\\/12\\\/output-onlinepngtools-e1727784413220.png\",\"width\":519,\"height\":135,\"caption\":\"Stil &amp; Design\"},\"image\":{\"@id\":\"https:\\\/\\\/stilanddesign.se\\\/#\\\/schema\\\/logo\\\/image\\\/\"}}]}<\/script>\n<!-- \/ Yoast SEO Premium plugin. -->","yoast_head_json":{"title":"\u2728 M\u00f6nstrad sjal i viskos \u2728 - Stil &amp; Design","robots":{"index":"index","follow":"follow","max-snippet":"max-snippet:-1","max-image-preview":"max-image-preview:large","max-video-preview":"max-video-preview:-1"},"canonical":"https:\/\/stilanddesign.se\/en\/product\/\u2728-monstrad-sjal-i-viskos-\u2728\/","og_locale":"en_US","og_type":"article","og_title":"\u2728 M\u00f6nstrad sjal i viskos \u2728","og_description":"\u2728 M\u00f6nstrad sjal i viskos \u2728 En elegant sjal med vackert m\u00f6nster och ett mjukt skimmer som ger outfiten det d\u00e4r lilla extra \ud83d\udcabDen tunna viskosen faller l\u00e4tt och f\u00f6ljsamt runt halsen och skapar ett sofistikerat men samtidigt avslappnat uttryck \ud83c\udf3f Perfekt att matcha till stickat, kl\u00e4nning eller kappa \u2013 oavsett om du vill addera v\u00e4rme eller bara en stilfull detalj \ud83e\udd0dEn tidl\u00f6s accessoar som lyfter b\u00e5de vardag och fest \u2728 \ud83e\udde3 F\u00e4rg:Beige\ud83c\udf3f Material: 100% viskos\ud83d\udc9b K\u00e4nsla: L\u00e4tt, mjuk och elegant med diskret m\u00f6nster","og_url":"https:\/\/stilanddesign.se\/en\/product\/\u2728-monstrad-sjal-i-viskos-\u2728\/","og_site_name":"Stil &amp; Design","article_modified_time":"2026-01-26T08:46:04+00:00","og_image":[{"width":1440,"height":1920,"url":"https:\/\/stilanddesign.se\/wp-content\/uploads\/2026\/01\/image00053-2-1440x1920-1.jpeg","type":"image\/jpeg"}],"twitter_card":"summary_large_image","twitter_misc":{"Est. reading time":"1 minute"},"schema":{"@context":"https:\/\/schema.org","@graph":[{"@type":"WebPage","@id":"https:\/\/stilanddesign.se\/produkt\/%e2%9c%a8-monstrad-sjal-i-viskos-%e2%9c%a8\/","url":"https:\/\/stilanddesign.se\/produkt\/%e2%9c%a8-monstrad-sjal-i-viskos-%e2%9c%a8\/","name":"\u2728 M\u00f6nstrad sjal i viskos \u2728 - Stil &amp; Design","isPartOf":{"@id":"https:\/\/stilanddesign.se\/#website"},"primaryImageOfPage":{"@id":"https:\/\/stilanddesign.se\/produkt\/%e2%9c%a8-monstrad-sjal-i-viskos-%e2%9c%a8\/#primaryimage"},"image":{"@id":"https:\/\/stilanddesign.se\/produkt\/%e2%9c%a8-monstrad-sjal-i-viskos-%e2%9c%a8\/#primaryimage"},"thumbnailUrl":"https:\/\/stilanddesign.se\/wp-content\/uploads\/2026\/01\/image00053-2-1440x1920-1.jpeg","datePublished":"2026-01-14T08:08:05+00:00","dateModified":"2026-01-26T08:46:04+00:00","breadcrumb":{"@id":"https:\/\/stilanddesign.se\/produkt\/%e2%9c%a8-monstrad-sjal-i-viskos-%e2%9c%a8\/#breadcrumb"},"inLanguage":"en-US","potentialAction":[{"@type":"ReadAction","target":["https:\/\/stilanddesign.se\/produkt\/%e2%9c%a8-monstrad-sjal-i-viskos-%e2%9c%a8\/"]}]},{"@type":"ImageObject","inLanguage":"en-US","@id":"https:\/\/stilanddesign.se\/produkt\/%e2%9c%a8-monstrad-sjal-i-viskos-%e2%9c%a8\/#primaryimage","url":"https:\/\/stilanddesign.se\/wp-content\/uploads\/2026\/01\/image00053-2-1440x1920-1.jpeg","contentUrl":"https:\/\/stilanddesign.se\/wp-content\/uploads\/2026\/01\/image00053-2-1440x1920-1.jpeg","width":1440,"height":1920},{"@type":"BreadcrumbList","@id":"https:\/\/stilanddesign.se\/produkt\/%e2%9c%a8-monstrad-sjal-i-viskos-%e2%9c%a8\/#breadcrumb","itemListElement":[{"@type":"ListItem","position":1,"name":"Hem","item":"https:\/\/stilanddesign.se\/"},{"@type":"ListItem","position":2,"name":"Butiken","item":"https:\/\/stilanddesign.se\/butiken\/"},{"@type":"ListItem","position":3,"name":"\u2728 M\u00f6nstrad sjal i viskos \u2728"}]},{"@type":"WebSite","@id":"https:\/\/stilanddesign.se\/#website","url":"https:\/\/stilanddesign.se\/","name":"Style &amp; Design","description":"For those of us who love fashion!","publisher":{"@id":"https:\/\/stilanddesign.se\/#organization"},"potentialAction":[{"@type":"SearchAction","target":{"@type":"EntryPoint","urlTemplate":"https:\/\/stilanddesign.se\/?s={search_term_string}"},"query-input":{"@type":"PropertyValueSpecification","valueRequired":true,"valueName":"search_term_string"}}],"inLanguage":"en-US"},{"@type":"Organization","@id":"https:\/\/stilanddesign.se\/#organization","name":"Style &amp; Design","url":"https:\/\/stilanddesign.se\/","logo":{"@type":"ImageObject","inLanguage":"en-US","@id":"https:\/\/stilanddesign.se\/#\/schema\/logo\/image\/","url":"https:\/\/stilanddesign.se\/wp-content\/uploads\/2023\/12\/output-onlinepngtools-e1727784413220.png","contentUrl":"https:\/\/stilanddesign.se\/wp-content\/uploads\/2023\/12\/output-onlinepngtools-e1727784413220.png","width":519,"height":135,"caption":"Stil &amp; Design"},"image":{"@id":"https:\/\/stilanddesign.se\/#\/schema\/logo\/image\/"}}]}},"_links":{"self":[{"href":"https:\/\/stilanddesign.se\/en\/wp-json\/wp\/v2\/product\/1061093","targetHints":{"allow":["GET"]}}],"collection":[{"href":"https:\/\/stilanddesign.se\/en\/wp-json\/wp\/v2\/product"}],"about":[{"href":"https:\/\/stilanddesign.se\/en\/wp-json\/wp\/v2\/types\/product"}],"replies":[{"embeddable":true,"href":"https:\/\/stilanddesign.se\/en\/wp-json\/wp\/v2\/comments?post=1061093"}],"wp:featuredmedia":[{"embeddable":true,"href":"https:\/\/stilanddesign.se\/en\/wp-json\/wp\/v2\/media\/1061094"}],"wp:attachment":[{"href":"https:\/\/stilanddesign.se\/en\/wp-json\/wp\/v2\/media?parent=1061093"}],"wp:term":[{"taxonomy":"product_brand","embeddable":true,"href":"https:\/\/stilanddesign.se\/en\/wp-json\/wp\/v2\/product_brand?post=1061093"},{"taxonomy":"product_cat","embeddable":true,"href":"https:\/\/stilanddesign.se\/en\/wp-json\/wp\/v2\/product_cat?post=1061093"},{"taxonomy":"product_tag","embeddable":true,"href":"https:\/\/stilanddesign.se\/en\/wp-json\/wp\/v2\/product_tag?post=1061093"}],"curies":[{"name":"wp","href":"https:\/\/api.w.org\/{rel}","templated":true}]}}