{"id":1061056,"date":"2026-03-11T09:40:45","date_gmt":"2026-03-11T08:40:45","guid":{"rendered":"https:\/\/stilanddesign.se\/?post_type=product&#038;p=1061056"},"modified":"2026-03-19T13:58:29","modified_gmt":"2026-03-19T12:58:29","slug":"%f0%9f%8c%b8-romantisk-blus-med-mjuk-elegans-%f0%9f%8c%b8","status":"publish","type":"product","link":"https:\/\/stilanddesign.se\/en\/product\/%f0%9f%8c%b8-romantisk-blus-med-mjuk-elegans-%f0%9f%8c%b8\/","title":{"rendered":"\ud83c\udf38 Romantic blouse with soft elegance \ud83c\udf38"},"content":{"rendered":"<p data-start=\"192\" data-end=\"609\">\ud83c\udf38 <strong data-start=\"195\" data-end=\"230\">Romantic blouse with soft elegance<\/strong> \ud83c\udf38<br data-start=\"233\" data-end=\"236\" \/>A dreamy blouse that combines an artistic floral pattern with an exclusive, feminine feel. The light cotton quality gives an airy fall, while the fine gathering at the neck creates a soft and romantic expression. A blouse that feels just as right with everyday jeans as with a more dressed-up look \u2728<br data-start=\"534\" data-end=\"537\" \/>Perfect when you want to feel well-dressed \u2013 without it feeling fake \ud83d\udc97<\/p>\n<p data-start=\"611\" data-end=\"647\">\ud83d\udcab Light \u2022 feminine \u2022 timeless \u2022 elegant<\/p>\n<p data-start=\"649\" data-end=\"676\"><strong data-start=\"649\" data-end=\"657\">Paint<\/strong><br data-start=\"657\" data-end=\"660\" \/>Denim blue, Pink<\/p>\n<p data-start=\"678\" data-end=\"706\"><strong data-start=\"678\" data-end=\"690\">Material<\/strong><br data-start=\"690\" data-end=\"693\" \/>100% Cotton<\/p>\n<p data-start=\"708\" data-end=\"733\"><strong data-start=\"708\" data-end=\"719\">Size<\/strong><br data-start=\"719\" data-end=\"722\" \/>S\/M, L\/XL<\/p>","protected":false},"excerpt":{"rendered":"<p data-start=\"192\" data-end=\"609\">\ud83c\udf38 <strong data-start=\"195\" data-end=\"230\">Romantic blouse with soft elegance<\/strong> \ud83c\udf38<br data-start=\"233\" data-end=\"236\" \/>A dreamy blouse that combines an artistic floral pattern with an exclusive, feminine feel. The light cotton quality gives an airy fall, while the fine gathering at the neck creates a soft and romantic expression. A blouse that feels just as right with everyday jeans as with a more dressed-up look \u2728<br data-start=\"534\" data-end=\"537\" \/>Perfect when you want to feel well-dressed \u2013 without it feeling fake \ud83d\udc97<\/p>\n<p data-start=\"611\" data-end=\"647\">\ud83d\udcab Light \u2022 feminine \u2022 timeless \u2022 elegant<\/p>\n<p data-start=\"649\" data-end=\"676\"><strong data-start=\"649\" data-end=\"657\">Paint<\/strong><br data-start=\"657\" data-end=\"660\" \/>Denim blue, Pink<\/p>\n<p data-start=\"678\" data-end=\"706\"><strong data-start=\"678\" data-end=\"690\">Material<\/strong><br data-start=\"690\" data-end=\"693\" \/>100% Cotton<\/p>\n<p data-start=\"708\" data-end=\"733\"><strong data-start=\"708\" data-end=\"719\">Size<\/strong><br data-start=\"719\" data-end=\"722\" \/>S\/M, L\/XL<\/p>","protected":false},"featured_media":1061064,"comment_status":"closed","ping_status":"closed","template":"","meta":[],"product_brand":[],"product_cat":[209],"product_tag":[],"class_list":{"0":"post-1061056","1":"product","2":"type-product","3":"status-publish","4":"has-post-thumbnail","6":"product_cat-reaprodukter","8":"first","9":"outofstock","10":"taxable","11":"shipping-taxable","12":"product-type-variable"},"yoast_head":"<!-- This site is optimized with the Yoast SEO Premium plugin v27.1 (Yoast SEO v27.4) - https:\/\/yoast.com\/product\/yoast-seo-premium-wordpress\/ -->\n<title>\ud83c\udf38 Romantisk blus med mjuk elegans \ud83c\udf38 - Stil &amp; Design<\/title>\n<meta name=\"robots\" content=\"index, follow, max-snippet:-1, max-image-preview:large, max-video-preview:-1\" \/>\n<link rel=\"canonical\" href=\"https:\/\/stilanddesign.se\/en\/product\/\ud83c\udf38-romantisk-blus-med-mjuk-elegans-\ud83c\udf38\/\" \/>\n<meta property=\"og:locale\" content=\"en_US\" \/>\n<meta property=\"og:type\" content=\"article\" \/>\n<meta property=\"og:title\" content=\"\ud83c\udf38 Romantisk blus med mjuk elegans \ud83c\udf38\" \/>\n<meta property=\"og:description\" content=\"\ud83c\udf38 Romantisk blus med mjuk elegans \ud83c\udf38En dr\u00f6mmig blus som kombinerar ett konstn\u00e4rligt blomm\u00f6nster med en exklusiv, feminin k\u00e4nsla. Den l\u00e4tta bomullskvaliteten ger ett luftigt fall, medan den fina rynkningen vid halsen skapar ett mjukt och romantiskt uttryck. En blus som k\u00e4nns lika r\u00e4tt till vardagsjeans som till en mer uppkl\u00e4dd look \u2728Perfekt n\u00e4r du vill k\u00e4nna dig v\u00e4lkl\u00e4dd \u2013 utan att det k\u00e4nns tillgjort \ud83d\udc97 \ud83d\udcab L\u00e4tt \u2022 feminin \u2022 tidl\u00f6s \u2022 elegant F\u00e4rgJeansbl\u00e5, Rosa Material100% Bomull StorlekS\/M, L\/XL\" \/>\n<meta property=\"og:url\" content=\"https:\/\/stilanddesign.se\/en\/product\/\ud83c\udf38-romantisk-blus-med-mjuk-elegans-\ud83c\udf38\/\" \/>\n<meta property=\"og:site_name\" content=\"Stil &amp; Design\" \/>\n<meta property=\"article:modified_time\" content=\"2026-03-19T12:58:29+00:00\" \/>\n<meta property=\"og:image\" content=\"https:\/\/stilanddesign.se\/wp-content\/uploads\/2026\/01\/image00037-1-scaled-1.jpeg\" \/>\n\t<meta property=\"og:image:width\" content=\"1920\" \/>\n\t<meta property=\"og:image:height\" content=\"2560\" \/>\n\t<meta property=\"og:image:type\" content=\"image\/jpeg\" \/>\n<meta name=\"twitter:card\" content=\"summary_large_image\" \/>\n<meta name=\"twitter:label1\" content=\"Est. reading time\" \/>\n\t<meta name=\"twitter:data1\" content=\"1 minute\" \/>\n<script type=\"application\/ld+json\" class=\"yoast-schema-graph\">{\"@context\":\"https:\\\/\\\/schema.org\",\"@graph\":[{\"@type\":\"WebPage\",\"@id\":\"https:\\\/\\\/stilanddesign.se\\\/produkt\\\/%f0%9f%8c%b8-romantisk-blus-med-mjuk-elegans-%f0%9f%8c%b8\\\/\",\"url\":\"https:\\\/\\\/stilanddesign.se\\\/produkt\\\/%f0%9f%8c%b8-romantisk-blus-med-mjuk-elegans-%f0%9f%8c%b8\\\/\",\"name\":\"\ud83c\udf38 Romantisk blus med mjuk elegans \ud83c\udf38 - Stil &amp; Design\",\"isPartOf\":{\"@id\":\"https:\\\/\\\/stilanddesign.se\\\/#website\"},\"primaryImageOfPage\":{\"@id\":\"https:\\\/\\\/stilanddesign.se\\\/produkt\\\/%f0%9f%8c%b8-romantisk-blus-med-mjuk-elegans-%f0%9f%8c%b8\\\/#primaryimage\"},\"image\":{\"@id\":\"https:\\\/\\\/stilanddesign.se\\\/produkt\\\/%f0%9f%8c%b8-romantisk-blus-med-mjuk-elegans-%f0%9f%8c%b8\\\/#primaryimage\"},\"thumbnailUrl\":\"https:\\\/\\\/stilanddesign.se\\\/wp-content\\\/uploads\\\/2026\\\/01\\\/image00037-1-scaled-1.jpeg\",\"datePublished\":\"2026-03-11T08:40:45+00:00\",\"dateModified\":\"2026-03-19T12:58:29+00:00\",\"breadcrumb\":{\"@id\":\"https:\\\/\\\/stilanddesign.se\\\/produkt\\\/%f0%9f%8c%b8-romantisk-blus-med-mjuk-elegans-%f0%9f%8c%b8\\\/#breadcrumb\"},\"inLanguage\":\"en-US\",\"potentialAction\":[{\"@type\":\"ReadAction\",\"target\":[\"https:\\\/\\\/stilanddesign.se\\\/produkt\\\/%f0%9f%8c%b8-romantisk-blus-med-mjuk-elegans-%f0%9f%8c%b8\\\/\"]}]},{\"@type\":\"ImageObject\",\"inLanguage\":\"en-US\",\"@id\":\"https:\\\/\\\/stilanddesign.se\\\/produkt\\\/%f0%9f%8c%b8-romantisk-blus-med-mjuk-elegans-%f0%9f%8c%b8\\\/#primaryimage\",\"url\":\"https:\\\/\\\/stilanddesign.se\\\/wp-content\\\/uploads\\\/2026\\\/01\\\/image00037-1-scaled-1.jpeg\",\"contentUrl\":\"https:\\\/\\\/stilanddesign.se\\\/wp-content\\\/uploads\\\/2026\\\/01\\\/image00037-1-scaled-1.jpeg\",\"width\":1920,\"height\":2560},{\"@type\":\"BreadcrumbList\",\"@id\":\"https:\\\/\\\/stilanddesign.se\\\/produkt\\\/%f0%9f%8c%b8-romantisk-blus-med-mjuk-elegans-%f0%9f%8c%b8\\\/#breadcrumb\",\"itemListElement\":[{\"@type\":\"ListItem\",\"position\":1,\"name\":\"Hem\",\"item\":\"https:\\\/\\\/stilanddesign.se\\\/\"},{\"@type\":\"ListItem\",\"position\":2,\"name\":\"Butiken\",\"item\":\"https:\\\/\\\/stilanddesign.se\\\/butiken\\\/\"},{\"@type\":\"ListItem\",\"position\":3,\"name\":\"\ud83c\udf38 Romantisk blus med mjuk elegans \ud83c\udf38\"}]},{\"@type\":\"WebSite\",\"@id\":\"https:\\\/\\\/stilanddesign.se\\\/#website\",\"url\":\"https:\\\/\\\/stilanddesign.se\\\/\",\"name\":\"Stil &amp; Design\",\"description\":\"F\u00f6r oss som \u00e4lskar mode!\",\"publisher\":{\"@id\":\"https:\\\/\\\/stilanddesign.se\\\/#organization\"},\"potentialAction\":[{\"@type\":\"SearchAction\",\"target\":{\"@type\":\"EntryPoint\",\"urlTemplate\":\"https:\\\/\\\/stilanddesign.se\\\/?s={search_term_string}\"},\"query-input\":{\"@type\":\"PropertyValueSpecification\",\"valueRequired\":true,\"valueName\":\"search_term_string\"}}],\"inLanguage\":\"en-US\"},{\"@type\":\"Organization\",\"@id\":\"https:\\\/\\\/stilanddesign.se\\\/#organization\",\"name\":\"Stil &amp; Design\",\"url\":\"https:\\\/\\\/stilanddesign.se\\\/\",\"logo\":{\"@type\":\"ImageObject\",\"inLanguage\":\"en-US\",\"@id\":\"https:\\\/\\\/stilanddesign.se\\\/#\\\/schema\\\/logo\\\/image\\\/\",\"url\":\"https:\\\/\\\/stilanddesign.se\\\/wp-content\\\/uploads\\\/2023\\\/12\\\/output-onlinepngtools-e1727784413220.png\",\"contentUrl\":\"https:\\\/\\\/stilanddesign.se\\\/wp-content\\\/uploads\\\/2023\\\/12\\\/output-onlinepngtools-e1727784413220.png\",\"width\":519,\"height\":135,\"caption\":\"Stil &amp; Design\"},\"image\":{\"@id\":\"https:\\\/\\\/stilanddesign.se\\\/#\\\/schema\\\/logo\\\/image\\\/\"}}]}<\/script>\n<!-- \/ Yoast SEO Premium plugin. -->","yoast_head_json":{"title":"\ud83c\udf38 Romantisk blus med mjuk elegans \ud83c\udf38 - Stil &amp; Design","robots":{"index":"index","follow":"follow","max-snippet":"max-snippet:-1","max-image-preview":"max-image-preview:large","max-video-preview":"max-video-preview:-1"},"canonical":"https:\/\/stilanddesign.se\/en\/product\/\ud83c\udf38-romantisk-blus-med-mjuk-elegans-\ud83c\udf38\/","og_locale":"en_US","og_type":"article","og_title":"\ud83c\udf38 Romantisk blus med mjuk elegans \ud83c\udf38","og_description":"\ud83c\udf38 Romantisk blus med mjuk elegans \ud83c\udf38En dr\u00f6mmig blus som kombinerar ett konstn\u00e4rligt blomm\u00f6nster med en exklusiv, feminin k\u00e4nsla. Den l\u00e4tta bomullskvaliteten ger ett luftigt fall, medan den fina rynkningen vid halsen skapar ett mjukt och romantiskt uttryck. En blus som k\u00e4nns lika r\u00e4tt till vardagsjeans som till en mer uppkl\u00e4dd look \u2728Perfekt n\u00e4r du vill k\u00e4nna dig v\u00e4lkl\u00e4dd \u2013 utan att det k\u00e4nns tillgjort \ud83d\udc97 \ud83d\udcab L\u00e4tt \u2022 feminin \u2022 tidl\u00f6s \u2022 elegant F\u00e4rgJeansbl\u00e5, Rosa Material100% Bomull StorlekS\/M, L\/XL","og_url":"https:\/\/stilanddesign.se\/en\/product\/\ud83c\udf38-romantisk-blus-med-mjuk-elegans-\ud83c\udf38\/","og_site_name":"Stil &amp; Design","article_modified_time":"2026-03-19T12:58:29+00:00","og_image":[{"width":1920,"height":2560,"url":"https:\/\/stilanddesign.se\/wp-content\/uploads\/2026\/01\/image00037-1-scaled-1.jpeg","type":"image\/jpeg"}],"twitter_card":"summary_large_image","twitter_misc":{"Est. reading time":"1 minute"},"schema":{"@context":"https:\/\/schema.org","@graph":[{"@type":"WebPage","@id":"https:\/\/stilanddesign.se\/produkt\/%f0%9f%8c%b8-romantisk-blus-med-mjuk-elegans-%f0%9f%8c%b8\/","url":"https:\/\/stilanddesign.se\/produkt\/%f0%9f%8c%b8-romantisk-blus-med-mjuk-elegans-%f0%9f%8c%b8\/","name":"\ud83c\udf38 Romantisk blus med mjuk elegans \ud83c\udf38 - Stil &amp; Design","isPartOf":{"@id":"https:\/\/stilanddesign.se\/#website"},"primaryImageOfPage":{"@id":"https:\/\/stilanddesign.se\/produkt\/%f0%9f%8c%b8-romantisk-blus-med-mjuk-elegans-%f0%9f%8c%b8\/#primaryimage"},"image":{"@id":"https:\/\/stilanddesign.se\/produkt\/%f0%9f%8c%b8-romantisk-blus-med-mjuk-elegans-%f0%9f%8c%b8\/#primaryimage"},"thumbnailUrl":"https:\/\/stilanddesign.se\/wp-content\/uploads\/2026\/01\/image00037-1-scaled-1.jpeg","datePublished":"2026-03-11T08:40:45+00:00","dateModified":"2026-03-19T12:58:29+00:00","breadcrumb":{"@id":"https:\/\/stilanddesign.se\/produkt\/%f0%9f%8c%b8-romantisk-blus-med-mjuk-elegans-%f0%9f%8c%b8\/#breadcrumb"},"inLanguage":"en-US","potentialAction":[{"@type":"ReadAction","target":["https:\/\/stilanddesign.se\/produkt\/%f0%9f%8c%b8-romantisk-blus-med-mjuk-elegans-%f0%9f%8c%b8\/"]}]},{"@type":"ImageObject","inLanguage":"en-US","@id":"https:\/\/stilanddesign.se\/produkt\/%f0%9f%8c%b8-romantisk-blus-med-mjuk-elegans-%f0%9f%8c%b8\/#primaryimage","url":"https:\/\/stilanddesign.se\/wp-content\/uploads\/2026\/01\/image00037-1-scaled-1.jpeg","contentUrl":"https:\/\/stilanddesign.se\/wp-content\/uploads\/2026\/01\/image00037-1-scaled-1.jpeg","width":1920,"height":2560},{"@type":"BreadcrumbList","@id":"https:\/\/stilanddesign.se\/produkt\/%f0%9f%8c%b8-romantisk-blus-med-mjuk-elegans-%f0%9f%8c%b8\/#breadcrumb","itemListElement":[{"@type":"ListItem","position":1,"name":"Hem","item":"https:\/\/stilanddesign.se\/"},{"@type":"ListItem","position":2,"name":"Butiken","item":"https:\/\/stilanddesign.se\/butiken\/"},{"@type":"ListItem","position":3,"name":"\ud83c\udf38 Romantisk blus med mjuk elegans \ud83c\udf38"}]},{"@type":"WebSite","@id":"https:\/\/stilanddesign.se\/#website","url":"https:\/\/stilanddesign.se\/","name":"Style &amp; Design","description":"For those of us who love fashion!","publisher":{"@id":"https:\/\/stilanddesign.se\/#organization"},"potentialAction":[{"@type":"SearchAction","target":{"@type":"EntryPoint","urlTemplate":"https:\/\/stilanddesign.se\/?s={search_term_string}"},"query-input":{"@type":"PropertyValueSpecification","valueRequired":true,"valueName":"search_term_string"}}],"inLanguage":"en-US"},{"@type":"Organization","@id":"https:\/\/stilanddesign.se\/#organization","name":"Style &amp; Design","url":"https:\/\/stilanddesign.se\/","logo":{"@type":"ImageObject","inLanguage":"en-US","@id":"https:\/\/stilanddesign.se\/#\/schema\/logo\/image\/","url":"https:\/\/stilanddesign.se\/wp-content\/uploads\/2023\/12\/output-onlinepngtools-e1727784413220.png","contentUrl":"https:\/\/stilanddesign.se\/wp-content\/uploads\/2023\/12\/output-onlinepngtools-e1727784413220.png","width":519,"height":135,"caption":"Stil &amp; Design"},"image":{"@id":"https:\/\/stilanddesign.se\/#\/schema\/logo\/image\/"}}]}},"_links":{"self":[{"href":"https:\/\/stilanddesign.se\/en\/wp-json\/wp\/v2\/product\/1061056","targetHints":{"allow":["GET"]}}],"collection":[{"href":"https:\/\/stilanddesign.se\/en\/wp-json\/wp\/v2\/product"}],"about":[{"href":"https:\/\/stilanddesign.se\/en\/wp-json\/wp\/v2\/types\/product"}],"replies":[{"embeddable":true,"href":"https:\/\/stilanddesign.se\/en\/wp-json\/wp\/v2\/comments?post=1061056"}],"wp:featuredmedia":[{"embeddable":true,"href":"https:\/\/stilanddesign.se\/en\/wp-json\/wp\/v2\/media\/1061064"}],"wp:attachment":[{"href":"https:\/\/stilanddesign.se\/en\/wp-json\/wp\/v2\/media?parent=1061056"}],"wp:term":[{"taxonomy":"product_brand","embeddable":true,"href":"https:\/\/stilanddesign.se\/en\/wp-json\/wp\/v2\/product_brand?post=1061056"},{"taxonomy":"product_cat","embeddable":true,"href":"https:\/\/stilanddesign.se\/en\/wp-json\/wp\/v2\/product_cat?post=1061056"},{"taxonomy":"product_tag","embeddable":true,"href":"https:\/\/stilanddesign.se\/en\/wp-json\/wp\/v2\/product_tag?post=1061056"}],"curies":[{"name":"wp","href":"https:\/\/api.w.org\/{rel}","templated":true}]}}