{"id":1060941,"date":"2026-02-12T13:13:27","date_gmt":"2026-02-12T12:13:27","guid":{"rendered":"https:\/\/stilanddesign.se\/?post_type=product&#038;p=1060941"},"modified":"2026-03-06T14:23:17","modified_gmt":"2026-03-06T13:23:17","slug":"%f0%9f%8c%b8-storblommig-blus-tidlos-mjuk-och-lattburen-%f0%9f%8c%b8","status":"publish","type":"product","link":"https:\/\/stilanddesign.se\/en\/product\/%f0%9f%8c%b8-storblommig-blus-tidlos-mjuk-och-lattburen-%f0%9f%8c%b8\/","title":{"rendered":"\ud83c\udf38 Large floral blouse \u2013 timeless, soft and easy to wear \ud83c\udf38"},"content":{"rendered":"<p data-start=\"124\" data-end=\"181\">\ud83c\udf38 <strong data-start=\"127\" data-end=\"176\">Large floral blouse \u2013 timeless, soft and easy to wear<\/strong> \ud83c\udf38<\/p>\n<p data-start=\"183\" data-end=\"389\">An elegant blouse with a beautiful large floral pattern that gives a soft but expressive impression. The classic button closure at the front creates a relaxed silhouette that is just as nice tucked in as worn loose \ud83d\udcab<\/p>\n<p data-start=\"391\" data-end=\"564\">Made in comfortable and supple viscose that falls nicely against the body and feels comfortable all day long \ud83c\udf3f Perfect to style with jeans, pants or a skirt - for both everyday wear and work.<\/p>\n<p data-start=\"566\" data-end=\"748\">\u2728 <strong data-start=\"568\" data-end=\"591\">Details we love:<\/strong><br data-start=\"591\" data-end=\"594\" \/>\u2022 Large floral pattern that lifts the whole look \ud83c\udf3c<br data-start=\"642\" data-end=\"645\" \/>\u2022 Button placket at the front for a timeless feel<br data-start=\"685\" data-end=\"688\" \/>\u2022 Light and cool quality<br data-start=\"712\" data-end=\"715\" \/>\u2022 Flattering fit in one size<\/p>\n<p data-start=\"750\" data-end=\"822\"><strong data-start=\"750\" data-end=\"759\">Paint:<\/strong> Beige \ud83e\udd0d<br data-start=\"768\" data-end=\"771\" \/><strong data-start=\"771\" data-end=\"784\">Material:<\/strong> 100% viscose<br data-start=\"797\" data-end=\"800\" \/><strong data-start=\"800\" data-end=\"812\">Size:<\/strong> One size<\/p>\n<p data-start=\"824\" data-end=\"915\" data-is-last-node=\"\" data-is-only-node=\"\">A blouse that feels well thought out, feminine and easy to love \u2013 a surefire wardrobe staple \ud83c\udf38<\/p>","protected":false},"excerpt":{"rendered":"<p data-start=\"124\" data-end=\"181\">\ud83c\udf38 <strong data-start=\"127\" data-end=\"176\">Large floral blouse \u2013 timeless, soft and easy to wear<\/strong> \ud83c\udf38<\/p>\n<p data-start=\"183\" data-end=\"389\">An elegant blouse with a beautiful large floral pattern that gives a soft but expressive impression. The classic button closure at the front creates a relaxed silhouette that is just as nice tucked in as worn loose \ud83d\udcab<\/p>\n<p data-start=\"391\" data-end=\"564\">Made in comfortable and supple viscose that falls nicely against the body and feels comfortable all day long \ud83c\udf3f Perfect to style with jeans, pants or a skirt - for both everyday wear and work.<\/p>\n<p data-start=\"566\" data-end=\"748\">\u2728 <strong data-start=\"568\" data-end=\"591\">Details we love:<\/strong><br data-start=\"591\" data-end=\"594\" \/>\u2022 Large floral pattern that lifts the whole look \ud83c\udf3c<br data-start=\"642\" data-end=\"645\" \/>\u2022 Button placket at the front for a timeless feel<br data-start=\"685\" data-end=\"688\" \/>\u2022 Light and cool quality<br data-start=\"712\" data-end=\"715\" \/>\u2022 Flattering fit in one size<\/p>\n<p data-start=\"750\" data-end=\"822\"><strong data-start=\"750\" data-end=\"759\">Paint:<\/strong> Beige \ud83e\udd0d<br data-start=\"768\" data-end=\"771\" \/><strong data-start=\"771\" data-end=\"784\">Material:<\/strong> 100% viscose<br data-start=\"797\" data-end=\"800\" \/><strong data-start=\"800\" data-end=\"812\">Size:<\/strong> One size<\/p>\n<p data-start=\"824\" data-end=\"915\" data-is-last-node=\"\" data-is-only-node=\"\">A blouse that feels well thought out, feminine and easy to love \u2013 a surefire wardrobe staple \ud83c\udf38<\/p>","protected":false},"featured_media":1060943,"comment_status":"closed","ping_status":"closed","template":"","meta":[],"product_brand":[],"product_cat":[211],"product_tag":[],"class_list":{"0":"post-1060941","1":"product","2":"type-product","3":"status-publish","4":"has-post-thumbnail","6":"product_cat-blusar","8":"first","9":"outofstock","10":"taxable","11":"shipping-taxable","12":"product-type-variable"},"yoast_head":"<!-- This site is optimized with the Yoast SEO Premium plugin v27.1 (Yoast SEO v27.4) - https:\/\/yoast.com\/product\/yoast-seo-premium-wordpress\/ -->\n<title>\ud83c\udf38 Storblommig blus \u2013 tidl\u00f6s, mjuk och l\u00e4ttburen \ud83c\udf38 - Stil &amp; Design<\/title>\n<meta name=\"robots\" content=\"index, follow, max-snippet:-1, max-image-preview:large, max-video-preview:-1\" \/>\n<link rel=\"canonical\" href=\"https:\/\/stilanddesign.se\/en\/product\/\ud83c\udf38-storblommig-blus-tidlos-mjuk-och-lattburen-\ud83c\udf38\/\" \/>\n<meta property=\"og:locale\" content=\"en_US\" \/>\n<meta property=\"og:type\" content=\"article\" \/>\n<meta property=\"og:title\" content=\"\ud83c\udf38 Storblommig blus \u2013 tidl\u00f6s, mjuk och l\u00e4ttburen \ud83c\udf38\" \/>\n<meta property=\"og:description\" content=\"\ud83c\udf38 Storblommig blus \u2013 tidl\u00f6s, mjuk och l\u00e4ttburen \ud83c\udf38 En elegant blus med ett vackert storblommigt m\u00f6nster som ger ett mjukt men uttrycksfullt intryck. Den klassiska knappsl\u00e5n framtill skapar en avslappnad silhuett som \u00e4r lika fin instoppad som buren l\u00f6st \ud83d\udcab Tillverkad i sk\u00f6n och f\u00f6ljsam viscose som faller fint mot kroppen och k\u00e4nns behaglig hela dagen \ud83c\udf3f Perfekt att styla med jeans, byxor eller kjol \u2013 till b\u00e5de vardag och jobb. \u2728 Detaljer vi \u00e4lskar:\u2022 Storblommigt m\u00f6nster som lyfter hela looken \ud83c\udf3c\u2022 Knappsl\u00e5 framtill f\u00f6r en tidl\u00f6s k\u00e4nsla\u2022 L\u00e4tt och sval kvalitet\u2022 Smickrande passform i onesize F\u00e4rg: Beige \ud83e\udd0dMaterial: 100% viscoseStorlek: Onesize En blus som k\u00e4nns genomt\u00e4nkt, feminin och enkel att \u00e4lska \u2013 ett s\u00e4kert kort i garderoben \ud83c\udf38\" \/>\n<meta property=\"og:url\" content=\"https:\/\/stilanddesign.se\/en\/product\/\ud83c\udf38-storblommig-blus-tidlos-mjuk-och-lattburen-\ud83c\udf38\/\" \/>\n<meta property=\"og:site_name\" content=\"Stil &amp; Design\" \/>\n<meta property=\"article:modified_time\" content=\"2026-03-06T13:23:17+00:00\" \/>\n<meta property=\"og:image\" content=\"https:\/\/stilanddesign.se\/wp-content\/uploads\/2026\/01\/image00008-1-1440x1920-1.jpeg\" \/>\n\t<meta property=\"og:image:width\" content=\"1440\" \/>\n\t<meta property=\"og:image:height\" content=\"1920\" \/>\n\t<meta property=\"og:image:type\" content=\"image\/jpeg\" \/>\n<meta name=\"twitter:card\" content=\"summary_large_image\" \/>\n<meta name=\"twitter:label1\" content=\"Est. reading time\" \/>\n\t<meta name=\"twitter:data1\" content=\"1 minute\" \/>\n<script type=\"application\/ld+json\" class=\"yoast-schema-graph\">{\"@context\":\"https:\\\/\\\/schema.org\",\"@graph\":[{\"@type\":\"WebPage\",\"@id\":\"https:\\\/\\\/stilanddesign.se\\\/produkt\\\/%f0%9f%8c%b8-storblommig-blus-tidlos-mjuk-och-lattburen-%f0%9f%8c%b8\\\/\",\"url\":\"https:\\\/\\\/stilanddesign.se\\\/produkt\\\/%f0%9f%8c%b8-storblommig-blus-tidlos-mjuk-och-lattburen-%f0%9f%8c%b8\\\/\",\"name\":\"\ud83c\udf38 Storblommig blus \u2013 tidl\u00f6s, mjuk och l\u00e4ttburen \ud83c\udf38 - Stil &amp; Design\",\"isPartOf\":{\"@id\":\"https:\\\/\\\/stilanddesign.se\\\/#website\"},\"primaryImageOfPage\":{\"@id\":\"https:\\\/\\\/stilanddesign.se\\\/produkt\\\/%f0%9f%8c%b8-storblommig-blus-tidlos-mjuk-och-lattburen-%f0%9f%8c%b8\\\/#primaryimage\"},\"image\":{\"@id\":\"https:\\\/\\\/stilanddesign.se\\\/produkt\\\/%f0%9f%8c%b8-storblommig-blus-tidlos-mjuk-och-lattburen-%f0%9f%8c%b8\\\/#primaryimage\"},\"thumbnailUrl\":\"https:\\\/\\\/stilanddesign.se\\\/wp-content\\\/uploads\\\/2026\\\/01\\\/image00008-1-1440x1920-1.jpeg\",\"datePublished\":\"2026-02-12T12:13:27+00:00\",\"dateModified\":\"2026-03-06T13:23:17+00:00\",\"breadcrumb\":{\"@id\":\"https:\\\/\\\/stilanddesign.se\\\/produkt\\\/%f0%9f%8c%b8-storblommig-blus-tidlos-mjuk-och-lattburen-%f0%9f%8c%b8\\\/#breadcrumb\"},\"inLanguage\":\"en-US\",\"potentialAction\":[{\"@type\":\"ReadAction\",\"target\":[\"https:\\\/\\\/stilanddesign.se\\\/produkt\\\/%f0%9f%8c%b8-storblommig-blus-tidlos-mjuk-och-lattburen-%f0%9f%8c%b8\\\/\"]}]},{\"@type\":\"ImageObject\",\"inLanguage\":\"en-US\",\"@id\":\"https:\\\/\\\/stilanddesign.se\\\/produkt\\\/%f0%9f%8c%b8-storblommig-blus-tidlos-mjuk-och-lattburen-%f0%9f%8c%b8\\\/#primaryimage\",\"url\":\"https:\\\/\\\/stilanddesign.se\\\/wp-content\\\/uploads\\\/2026\\\/01\\\/image00008-1-1440x1920-1.jpeg\",\"contentUrl\":\"https:\\\/\\\/stilanddesign.se\\\/wp-content\\\/uploads\\\/2026\\\/01\\\/image00008-1-1440x1920-1.jpeg\",\"width\":1440,\"height\":1920},{\"@type\":\"BreadcrumbList\",\"@id\":\"https:\\\/\\\/stilanddesign.se\\\/produkt\\\/%f0%9f%8c%b8-storblommig-blus-tidlos-mjuk-och-lattburen-%f0%9f%8c%b8\\\/#breadcrumb\",\"itemListElement\":[{\"@type\":\"ListItem\",\"position\":1,\"name\":\"Hem\",\"item\":\"https:\\\/\\\/stilanddesign.se\\\/\"},{\"@type\":\"ListItem\",\"position\":2,\"name\":\"Butiken\",\"item\":\"https:\\\/\\\/stilanddesign.se\\\/butiken\\\/\"},{\"@type\":\"ListItem\",\"position\":3,\"name\":\"\ud83c\udf38 Storblommig blus \u2013 tidl\u00f6s, mjuk och l\u00e4ttburen \ud83c\udf38\"}]},{\"@type\":\"WebSite\",\"@id\":\"https:\\\/\\\/stilanddesign.se\\\/#website\",\"url\":\"https:\\\/\\\/stilanddesign.se\\\/\",\"name\":\"Stil &amp; Design\",\"description\":\"F\u00f6r oss som \u00e4lskar mode!\",\"publisher\":{\"@id\":\"https:\\\/\\\/stilanddesign.se\\\/#organization\"},\"potentialAction\":[{\"@type\":\"SearchAction\",\"target\":{\"@type\":\"EntryPoint\",\"urlTemplate\":\"https:\\\/\\\/stilanddesign.se\\\/?s={search_term_string}\"},\"query-input\":{\"@type\":\"PropertyValueSpecification\",\"valueRequired\":true,\"valueName\":\"search_term_string\"}}],\"inLanguage\":\"en-US\"},{\"@type\":\"Organization\",\"@id\":\"https:\\\/\\\/stilanddesign.se\\\/#organization\",\"name\":\"Stil &amp; Design\",\"url\":\"https:\\\/\\\/stilanddesign.se\\\/\",\"logo\":{\"@type\":\"ImageObject\",\"inLanguage\":\"en-US\",\"@id\":\"https:\\\/\\\/stilanddesign.se\\\/#\\\/schema\\\/logo\\\/image\\\/\",\"url\":\"https:\\\/\\\/stilanddesign.se\\\/wp-content\\\/uploads\\\/2023\\\/12\\\/output-onlinepngtools-e1727784413220.png\",\"contentUrl\":\"https:\\\/\\\/stilanddesign.se\\\/wp-content\\\/uploads\\\/2023\\\/12\\\/output-onlinepngtools-e1727784413220.png\",\"width\":519,\"height\":135,\"caption\":\"Stil &amp; Design\"},\"image\":{\"@id\":\"https:\\\/\\\/stilanddesign.se\\\/#\\\/schema\\\/logo\\\/image\\\/\"}}]}<\/script>\n<!-- \/ Yoast SEO Premium plugin. -->","yoast_head_json":{"title":"\ud83c\udf38 Storblommig blus \u2013 tidl\u00f6s, mjuk och l\u00e4ttburen \ud83c\udf38 - Stil &amp; Design","robots":{"index":"index","follow":"follow","max-snippet":"max-snippet:-1","max-image-preview":"max-image-preview:large","max-video-preview":"max-video-preview:-1"},"canonical":"https:\/\/stilanddesign.se\/en\/product\/\ud83c\udf38-storblommig-blus-tidlos-mjuk-och-lattburen-\ud83c\udf38\/","og_locale":"en_US","og_type":"article","og_title":"\ud83c\udf38 Storblommig blus \u2013 tidl\u00f6s, mjuk och l\u00e4ttburen \ud83c\udf38","og_description":"\ud83c\udf38 Storblommig blus \u2013 tidl\u00f6s, mjuk och l\u00e4ttburen \ud83c\udf38 En elegant blus med ett vackert storblommigt m\u00f6nster som ger ett mjukt men uttrycksfullt intryck. Den klassiska knappsl\u00e5n framtill skapar en avslappnad silhuett som \u00e4r lika fin instoppad som buren l\u00f6st \ud83d\udcab Tillverkad i sk\u00f6n och f\u00f6ljsam viscose som faller fint mot kroppen och k\u00e4nns behaglig hela dagen \ud83c\udf3f Perfekt att styla med jeans, byxor eller kjol \u2013 till b\u00e5de vardag och jobb. \u2728 Detaljer vi \u00e4lskar:\u2022 Storblommigt m\u00f6nster som lyfter hela looken \ud83c\udf3c\u2022 Knappsl\u00e5 framtill f\u00f6r en tidl\u00f6s k\u00e4nsla\u2022 L\u00e4tt och sval kvalitet\u2022 Smickrande passform i onesize F\u00e4rg: Beige \ud83e\udd0dMaterial: 100% viscoseStorlek: Onesize En blus som k\u00e4nns genomt\u00e4nkt, feminin och enkel att \u00e4lska \u2013 ett s\u00e4kert kort i garderoben \ud83c\udf38","og_url":"https:\/\/stilanddesign.se\/en\/product\/\ud83c\udf38-storblommig-blus-tidlos-mjuk-och-lattburen-\ud83c\udf38\/","og_site_name":"Stil &amp; Design","article_modified_time":"2026-03-06T13:23:17+00:00","og_image":[{"width":1440,"height":1920,"url":"https:\/\/stilanddesign.se\/wp-content\/uploads\/2026\/01\/image00008-1-1440x1920-1.jpeg","type":"image\/jpeg"}],"twitter_card":"summary_large_image","twitter_misc":{"Est. reading time":"1 minute"},"schema":{"@context":"https:\/\/schema.org","@graph":[{"@type":"WebPage","@id":"https:\/\/stilanddesign.se\/produkt\/%f0%9f%8c%b8-storblommig-blus-tidlos-mjuk-och-lattburen-%f0%9f%8c%b8\/","url":"https:\/\/stilanddesign.se\/produkt\/%f0%9f%8c%b8-storblommig-blus-tidlos-mjuk-och-lattburen-%f0%9f%8c%b8\/","name":"\ud83c\udf38 Storblommig blus \u2013 tidl\u00f6s, mjuk och l\u00e4ttburen \ud83c\udf38 - Stil &amp; Design","isPartOf":{"@id":"https:\/\/stilanddesign.se\/#website"},"primaryImageOfPage":{"@id":"https:\/\/stilanddesign.se\/produkt\/%f0%9f%8c%b8-storblommig-blus-tidlos-mjuk-och-lattburen-%f0%9f%8c%b8\/#primaryimage"},"image":{"@id":"https:\/\/stilanddesign.se\/produkt\/%f0%9f%8c%b8-storblommig-blus-tidlos-mjuk-och-lattburen-%f0%9f%8c%b8\/#primaryimage"},"thumbnailUrl":"https:\/\/stilanddesign.se\/wp-content\/uploads\/2026\/01\/image00008-1-1440x1920-1.jpeg","datePublished":"2026-02-12T12:13:27+00:00","dateModified":"2026-03-06T13:23:17+00:00","breadcrumb":{"@id":"https:\/\/stilanddesign.se\/produkt\/%f0%9f%8c%b8-storblommig-blus-tidlos-mjuk-och-lattburen-%f0%9f%8c%b8\/#breadcrumb"},"inLanguage":"en-US","potentialAction":[{"@type":"ReadAction","target":["https:\/\/stilanddesign.se\/produkt\/%f0%9f%8c%b8-storblommig-blus-tidlos-mjuk-och-lattburen-%f0%9f%8c%b8\/"]}]},{"@type":"ImageObject","inLanguage":"en-US","@id":"https:\/\/stilanddesign.se\/produkt\/%f0%9f%8c%b8-storblommig-blus-tidlos-mjuk-och-lattburen-%f0%9f%8c%b8\/#primaryimage","url":"https:\/\/stilanddesign.se\/wp-content\/uploads\/2026\/01\/image00008-1-1440x1920-1.jpeg","contentUrl":"https:\/\/stilanddesign.se\/wp-content\/uploads\/2026\/01\/image00008-1-1440x1920-1.jpeg","width":1440,"height":1920},{"@type":"BreadcrumbList","@id":"https:\/\/stilanddesign.se\/produkt\/%f0%9f%8c%b8-storblommig-blus-tidlos-mjuk-och-lattburen-%f0%9f%8c%b8\/#breadcrumb","itemListElement":[{"@type":"ListItem","position":1,"name":"Hem","item":"https:\/\/stilanddesign.se\/"},{"@type":"ListItem","position":2,"name":"Butiken","item":"https:\/\/stilanddesign.se\/butiken\/"},{"@type":"ListItem","position":3,"name":"\ud83c\udf38 Storblommig blus \u2013 tidl\u00f6s, mjuk och l\u00e4ttburen \ud83c\udf38"}]},{"@type":"WebSite","@id":"https:\/\/stilanddesign.se\/#website","url":"https:\/\/stilanddesign.se\/","name":"Style &amp; Design","description":"For those of us who love fashion!","publisher":{"@id":"https:\/\/stilanddesign.se\/#organization"},"potentialAction":[{"@type":"SearchAction","target":{"@type":"EntryPoint","urlTemplate":"https:\/\/stilanddesign.se\/?s={search_term_string}"},"query-input":{"@type":"PropertyValueSpecification","valueRequired":true,"valueName":"search_term_string"}}],"inLanguage":"en-US"},{"@type":"Organization","@id":"https:\/\/stilanddesign.se\/#organization","name":"Style &amp; Design","url":"https:\/\/stilanddesign.se\/","logo":{"@type":"ImageObject","inLanguage":"en-US","@id":"https:\/\/stilanddesign.se\/#\/schema\/logo\/image\/","url":"https:\/\/stilanddesign.se\/wp-content\/uploads\/2023\/12\/output-onlinepngtools-e1727784413220.png","contentUrl":"https:\/\/stilanddesign.se\/wp-content\/uploads\/2023\/12\/output-onlinepngtools-e1727784413220.png","width":519,"height":135,"caption":"Stil &amp; Design"},"image":{"@id":"https:\/\/stilanddesign.se\/#\/schema\/logo\/image\/"}}]}},"_links":{"self":[{"href":"https:\/\/stilanddesign.se\/en\/wp-json\/wp\/v2\/product\/1060941","targetHints":{"allow":["GET"]}}],"collection":[{"href":"https:\/\/stilanddesign.se\/en\/wp-json\/wp\/v2\/product"}],"about":[{"href":"https:\/\/stilanddesign.se\/en\/wp-json\/wp\/v2\/types\/product"}],"replies":[{"embeddable":true,"href":"https:\/\/stilanddesign.se\/en\/wp-json\/wp\/v2\/comments?post=1060941"}],"wp:featuredmedia":[{"embeddable":true,"href":"https:\/\/stilanddesign.se\/en\/wp-json\/wp\/v2\/media\/1060943"}],"wp:attachment":[{"href":"https:\/\/stilanddesign.se\/en\/wp-json\/wp\/v2\/media?parent=1060941"}],"wp:term":[{"taxonomy":"product_brand","embeddable":true,"href":"https:\/\/stilanddesign.se\/en\/wp-json\/wp\/v2\/product_brand?post=1060941"},{"taxonomy":"product_cat","embeddable":true,"href":"https:\/\/stilanddesign.se\/en\/wp-json\/wp\/v2\/product_cat?post=1060941"},{"taxonomy":"product_tag","embeddable":true,"href":"https:\/\/stilanddesign.se\/en\/wp-json\/wp\/v2\/product_tag?post=1060941"}],"curies":[{"name":"wp","href":"https:\/\/api.w.org\/{rel}","templated":true}]}}