{"id":1060870,"date":"2026-01-13T14:48:31","date_gmt":"2026-01-13T13:48:31","guid":{"rendered":"https:\/\/stilanddesign.se\/?post_type=product&#038;p=1060870"},"modified":"2026-03-26T10:54:46","modified_gmt":"2026-03-26T09:54:46","slug":"ljuvligt-mjuk-stickad-troja-en-favorit-du-vill-bara-om-och-om-igen-%f0%9f%a7%b6-4","status":"publish","type":"product","link":"https:\/\/stilanddesign.se\/en\/product\/ljuvligt-mjuk-stickad-troja-en-favorit-du-vill-bara-om-och-om-igen-%f0%9f%a7%b6-4\/","title":{"rendered":"Lovely soft knitted sweater \u2013 a favorite you&#039;ll want to wear again and again \ud83e\uddf6"},"content":{"rendered":"<p data-start=\"102\" data-end=\"177\"><strong data-start=\"102\" data-end=\"177\">Lovely soft knitted sweater \u2013 a favorite you&#039;ll want to wear again and again \ud83e\uddf6<\/strong><\/p>\n<p data-start=\"179\" data-end=\"409\">This knitted sweater combines <strong data-start=\"214\" data-end=\"259\">relaxed elegance with amazing comfort<\/strong> \u2728<br data-start=\"261\" data-end=\"264\" \/>The soft, slightly fluffy material gives a warm but airy feeling that falls nicely over the body - perfect for both everyday life and casual occasions.<\/p>\n<p data-start=\"411\" data-end=\"590\">The timeless model in <strong data-start=\"434\" data-end=\"445\">one size<\/strong> makes the sweater easy to style, whether you wear it with jeans, a skirt or over a dress \ud83d\udcab<br data-start=\"538\" data-end=\"541\" \/>A real wardrobe hero that works all year round.<\/p>\n<p data-start=\"592\" data-end=\"665\">\ud83c\udf38 Available in several beautiful colors - choose your favorite or treat yourself to more than one.<\/p>\n<p data-start=\"667\" data-end=\"680\"><strong data-start=\"667\" data-end=\"680\">Details:<\/strong><\/p>\n<ul data-start=\"681\" data-end=\"807\">\n<li data-start=\"681\" data-end=\"711\">\n<p data-start=\"683\" data-end=\"711\">Soft and comfortable knitting \ud83e\udd0d<\/p>\n<\/li>\n<li data-start=\"712\" data-end=\"742\">\n<p data-start=\"714\" data-end=\"742\">Loose, flattering fit<\/p>\n<\/li>\n<li data-start=\"743\" data-end=\"781\">\n<p data-start=\"745\" data-end=\"781\">Easy to match with different outfits<\/p>\n<\/li>\n<li data-start=\"782\" data-end=\"807\">\n<p data-start=\"784\" data-end=\"807\">Comfortable one-size model<\/p>\n<\/li>\n<\/ul>\n<p data-start=\"809\" data-end=\"929\"><strong data-start=\"809\" data-end=\"820\">Colors:<\/strong> Beige, Light Blue, Navy, Pink, Taupe<br data-start=\"862\" data-end=\"865\" \/><strong data-start=\"865\" data-end=\"878\">Material:<\/strong> 50 % acrylic, 50 % polyamide<br data-start=\"904\" data-end=\"907\" \/><strong data-start=\"907\" data-end=\"919\">Size:<\/strong> One size<\/p>\n<p data-start=\"931\" data-end=\"999\" data-is-last-node=\"\" data-is-only-node=\"\">A sweater that gives a warm, cozy feeling \u2013 both in style and comfort \u2728<\/p>","protected":false},"excerpt":{"rendered":"<p data-start=\"102\" data-end=\"177\"><strong data-start=\"102\" data-end=\"177\">Lovely soft knitted sweater \u2013 a favorite you&#039;ll want to wear again and again \ud83e\uddf6<\/strong><\/p>\n<p data-start=\"179\" data-end=\"409\">This knitted sweater combines <strong data-start=\"214\" data-end=\"259\">relaxed elegance with amazing comfort<\/strong> \u2728<br data-start=\"261\" data-end=\"264\" \/>The soft, slightly fluffy material gives a warm but airy feeling that falls nicely over the body - perfect for both everyday life and casual occasions.<\/p>\n<p data-start=\"411\" data-end=\"590\">The timeless model in <strong data-start=\"434\" data-end=\"445\">one size<\/strong> makes the sweater easy to style, whether you wear it with jeans, a skirt or over a dress \ud83d\udcab<br data-start=\"538\" data-end=\"541\" \/>A real wardrobe hero that works all year round.<\/p>\n<p data-start=\"592\" data-end=\"665\">\ud83c\udf38 Available in several beautiful colors - choose your favorite or treat yourself to more than one.<\/p>\n<p data-start=\"667\" data-end=\"680\"><strong data-start=\"667\" data-end=\"680\">Details:<\/strong><\/p>\n<ul data-start=\"681\" data-end=\"807\">\n<li data-start=\"681\" data-end=\"711\">\n<p data-start=\"683\" data-end=\"711\">Soft and comfortable knitting \ud83e\udd0d<\/p>\n<\/li>\n<li data-start=\"712\" data-end=\"742\">\n<p data-start=\"714\" data-end=\"742\">Loose, flattering fit<\/p>\n<\/li>\n<li data-start=\"743\" data-end=\"781\">\n<p data-start=\"745\" data-end=\"781\">Easy to match with different outfits<\/p>\n<\/li>\n<li data-start=\"782\" data-end=\"807\">\n<p data-start=\"784\" data-end=\"807\">Comfortable one-size model<\/p>\n<\/li>\n<\/ul>\n<p data-start=\"809\" data-end=\"929\"><strong data-start=\"809\" data-end=\"820\">Colors:<\/strong> Beige, Light Blue, Navy, Pink, Taupe<br data-start=\"862\" data-end=\"865\" \/><strong data-start=\"865\" data-end=\"878\">Material:<\/strong> 50 % acrylic, 50 % polyamide<br data-start=\"904\" data-end=\"907\" \/><strong data-start=\"907\" data-end=\"919\">Size:<\/strong> One size<\/p>\n<p data-start=\"931\" data-end=\"999\" data-is-last-node=\"\" data-is-only-node=\"\">A sweater that gives a warm, cozy feeling \u2013 both in style and comfort \u2728<\/p>","protected":false},"featured_media":1060874,"comment_status":"closed","ping_status":"closed","template":"","meta":[],"product_brand":[],"product_cat":[223],"product_tag":[],"class_list":{"0":"post-1060870","1":"product","2":"type-product","3":"status-publish","4":"has-post-thumbnail","6":"product_cat-stickade-trojor","8":"first","9":"instock","10":"taxable","11":"shipping-taxable","12":"purchasable","13":"product-type-variable"},"yoast_head":"<!-- This site is optimized with the Yoast SEO Premium plugin v27.1 (Yoast SEO v27.4) - https:\/\/yoast.com\/product\/yoast-seo-premium-wordpress\/ -->\n<title>Ljuvligt mjuk stickad tr\u00f6ja \u2013 en favorit du vill b\u00e4ra om och om igen \ud83e\uddf6 - Stil &amp; Design<\/title>\n<meta name=\"robots\" content=\"index, follow, max-snippet:-1, max-image-preview:large, max-video-preview:-1\" \/>\n<link rel=\"canonical\" href=\"https:\/\/stilanddesign.se\/en\/product\/ljuvligt-mjuk-stickad-troja-en-favorit-du-vill-bara-om-och-om-igen-\ud83e\uddf6-4\/\" \/>\n<meta property=\"og:locale\" content=\"en_US\" \/>\n<meta property=\"og:type\" content=\"article\" \/>\n<meta property=\"og:title\" content=\"Ljuvligt mjuk stickad tr\u00f6ja \u2013 en favorit du vill b\u00e4ra om och om igen \ud83e\uddf6\" \/>\n<meta property=\"og:description\" content=\"Ljuvligt mjuk stickad tr\u00f6ja \u2013 en favorit du vill b\u00e4ra om och om igen \ud83e\uddf6 Den h\u00e4r stickade tr\u00f6jan kombinerar avslappnad elegans med fantastisk komfort \u2728Det mjuka, l\u00e4tt fluffiga materialet ger en varm men luftig k\u00e4nsla som faller snyggt \u00f6ver kroppen \u2013 perfekt f\u00f6r b\u00e5de vardag och lediga tillf\u00e4llen. Den tidl\u00f6sa modellen i onesize g\u00f6r tr\u00f6jan enkel att styla, oavsett om du b\u00e4r den till jeans, kjol eller \u00f6ver en kl\u00e4nning \ud83d\udcabEn riktig garderobshj\u00e4lte som fungerar \u00e5ret runt. \ud83c\udf38 Finns i flera fina f\u00e4rger \u2013 v\u00e4lj din favorit eller unna dig mer \u00e4n en. Detaljer:     Mjuk och sk\u00f6n stickning \ud83e\udd0d    Ledig, smickrande passform    L\u00e4tt att matcha till olika outfits    Bekv\u00e4m onesize-modell   F\u00e4rger: Beige, Ljusbl\u00e5, Marin, Rosa,TaupeMaterial: 50 % acryl, 50 % polyamidStorlek: Onesize En tr\u00f6ja som ger en varm, ombonad k\u00e4nsla \u2013 b\u00e5de i stil och komfort \u2728\" \/>\n<meta property=\"og:url\" content=\"https:\/\/stilanddesign.se\/en\/product\/ljuvligt-mjuk-stickad-troja-en-favorit-du-vill-bara-om-och-om-igen-\ud83e\uddf6-4\/\" \/>\n<meta property=\"og:site_name\" content=\"Stil &amp; Design\" \/>\n<meta property=\"article:modified_time\" content=\"2026-03-26T09:54:46+00:00\" \/>\n<meta property=\"og:image\" content=\"https:\/\/stilanddesign.se\/wp-content\/uploads\/2026\/01\/taupehel.jpg\" \/>\n\t<meta property=\"og:image:width\" content=\"480\" \/>\n\t<meta property=\"og:image:height\" content=\"640\" \/>\n\t<meta property=\"og:image:type\" content=\"image\/jpeg\" \/>\n<meta name=\"twitter:card\" content=\"summary_large_image\" \/>\n<meta name=\"twitter:label1\" content=\"Est. reading time\" \/>\n\t<meta name=\"twitter:data1\" content=\"1 minute\" \/>\n<script type=\"application\/ld+json\" class=\"yoast-schema-graph\">{\"@context\":\"https:\\\/\\\/schema.org\",\"@graph\":[{\"@type\":\"WebPage\",\"@id\":\"https:\\\/\\\/stilanddesign.se\\\/produkt\\\/ljuvligt-mjuk-stickad-troja-en-favorit-du-vill-bara-om-och-om-igen-%f0%9f%a7%b6-4\\\/\",\"url\":\"https:\\\/\\\/stilanddesign.se\\\/produkt\\\/ljuvligt-mjuk-stickad-troja-en-favorit-du-vill-bara-om-och-om-igen-%f0%9f%a7%b6-4\\\/\",\"name\":\"Ljuvligt mjuk stickad tr\u00f6ja \u2013 en favorit du vill b\u00e4ra om och om igen \ud83e\uddf6 - Stil &amp; Design\",\"isPartOf\":{\"@id\":\"https:\\\/\\\/stilanddesign.se\\\/#website\"},\"primaryImageOfPage\":{\"@id\":\"https:\\\/\\\/stilanddesign.se\\\/produkt\\\/ljuvligt-mjuk-stickad-troja-en-favorit-du-vill-bara-om-och-om-igen-%f0%9f%a7%b6-4\\\/#primaryimage\"},\"image\":{\"@id\":\"https:\\\/\\\/stilanddesign.se\\\/produkt\\\/ljuvligt-mjuk-stickad-troja-en-favorit-du-vill-bara-om-och-om-igen-%f0%9f%a7%b6-4\\\/#primaryimage\"},\"thumbnailUrl\":\"https:\\\/\\\/stilanddesign.se\\\/wp-content\\\/uploads\\\/2026\\\/01\\\/taupehel.jpg\",\"datePublished\":\"2026-01-13T13:48:31+00:00\",\"dateModified\":\"2026-03-26T09:54:46+00:00\",\"breadcrumb\":{\"@id\":\"https:\\\/\\\/stilanddesign.se\\\/produkt\\\/ljuvligt-mjuk-stickad-troja-en-favorit-du-vill-bara-om-och-om-igen-%f0%9f%a7%b6-4\\\/#breadcrumb\"},\"inLanguage\":\"en-US\",\"potentialAction\":[{\"@type\":\"ReadAction\",\"target\":[\"https:\\\/\\\/stilanddesign.se\\\/produkt\\\/ljuvligt-mjuk-stickad-troja-en-favorit-du-vill-bara-om-och-om-igen-%f0%9f%a7%b6-4\\\/\"]}]},{\"@type\":\"ImageObject\",\"inLanguage\":\"en-US\",\"@id\":\"https:\\\/\\\/stilanddesign.se\\\/produkt\\\/ljuvligt-mjuk-stickad-troja-en-favorit-du-vill-bara-om-och-om-igen-%f0%9f%a7%b6-4\\\/#primaryimage\",\"url\":\"https:\\\/\\\/stilanddesign.se\\\/wp-content\\\/uploads\\\/2026\\\/01\\\/taupehel.jpg\",\"contentUrl\":\"https:\\\/\\\/stilanddesign.se\\\/wp-content\\\/uploads\\\/2026\\\/01\\\/taupehel.jpg\",\"width\":480,\"height\":640},{\"@type\":\"BreadcrumbList\",\"@id\":\"https:\\\/\\\/stilanddesign.se\\\/produkt\\\/ljuvligt-mjuk-stickad-troja-en-favorit-du-vill-bara-om-och-om-igen-%f0%9f%a7%b6-4\\\/#breadcrumb\",\"itemListElement\":[{\"@type\":\"ListItem\",\"position\":1,\"name\":\"Hem\",\"item\":\"https:\\\/\\\/stilanddesign.se\\\/\"},{\"@type\":\"ListItem\",\"position\":2,\"name\":\"Butiken\",\"item\":\"https:\\\/\\\/stilanddesign.se\\\/butiken\\\/\"},{\"@type\":\"ListItem\",\"position\":3,\"name\":\"Ljuvligt mjuk stickad tr\u00f6ja \u2013 en favorit du vill b\u00e4ra om och om igen \ud83e\uddf6\"}]},{\"@type\":\"WebSite\",\"@id\":\"https:\\\/\\\/stilanddesign.se\\\/#website\",\"url\":\"https:\\\/\\\/stilanddesign.se\\\/\",\"name\":\"Stil &amp; Design\",\"description\":\"F\u00f6r oss som \u00e4lskar mode!\",\"publisher\":{\"@id\":\"https:\\\/\\\/stilanddesign.se\\\/#organization\"},\"potentialAction\":[{\"@type\":\"SearchAction\",\"target\":{\"@type\":\"EntryPoint\",\"urlTemplate\":\"https:\\\/\\\/stilanddesign.se\\\/?s={search_term_string}\"},\"query-input\":{\"@type\":\"PropertyValueSpecification\",\"valueRequired\":true,\"valueName\":\"search_term_string\"}}],\"inLanguage\":\"en-US\"},{\"@type\":\"Organization\",\"@id\":\"https:\\\/\\\/stilanddesign.se\\\/#organization\",\"name\":\"Stil &amp; Design\",\"url\":\"https:\\\/\\\/stilanddesign.se\\\/\",\"logo\":{\"@type\":\"ImageObject\",\"inLanguage\":\"en-US\",\"@id\":\"https:\\\/\\\/stilanddesign.se\\\/#\\\/schema\\\/logo\\\/image\\\/\",\"url\":\"https:\\\/\\\/stilanddesign.se\\\/wp-content\\\/uploads\\\/2023\\\/12\\\/output-onlinepngtools-e1727784413220.png\",\"contentUrl\":\"https:\\\/\\\/stilanddesign.se\\\/wp-content\\\/uploads\\\/2023\\\/12\\\/output-onlinepngtools-e1727784413220.png\",\"width\":519,\"height\":135,\"caption\":\"Stil &amp; Design\"},\"image\":{\"@id\":\"https:\\\/\\\/stilanddesign.se\\\/#\\\/schema\\\/logo\\\/image\\\/\"}}]}<\/script>\n<!-- \/ Yoast SEO Premium plugin. -->","yoast_head_json":{"title":"Ljuvligt mjuk stickad tr\u00f6ja \u2013 en favorit du vill b\u00e4ra om och om igen \ud83e\uddf6 - Stil &amp; Design","robots":{"index":"index","follow":"follow","max-snippet":"max-snippet:-1","max-image-preview":"max-image-preview:large","max-video-preview":"max-video-preview:-1"},"canonical":"https:\/\/stilanddesign.se\/en\/product\/ljuvligt-mjuk-stickad-troja-en-favorit-du-vill-bara-om-och-om-igen-\ud83e\uddf6-4\/","og_locale":"en_US","og_type":"article","og_title":"Ljuvligt mjuk stickad tr\u00f6ja \u2013 en favorit du vill b\u00e4ra om och om igen \ud83e\uddf6","og_description":"Ljuvligt mjuk stickad tr\u00f6ja \u2013 en favorit du vill b\u00e4ra om och om igen \ud83e\uddf6 Den h\u00e4r stickade tr\u00f6jan kombinerar avslappnad elegans med fantastisk komfort \u2728Det mjuka, l\u00e4tt fluffiga materialet ger en varm men luftig k\u00e4nsla som faller snyggt \u00f6ver kroppen \u2013 perfekt f\u00f6r b\u00e5de vardag och lediga tillf\u00e4llen. Den tidl\u00f6sa modellen i onesize g\u00f6r tr\u00f6jan enkel att styla, oavsett om du b\u00e4r den till jeans, kjol eller \u00f6ver en kl\u00e4nning \ud83d\udcabEn riktig garderobshj\u00e4lte som fungerar \u00e5ret runt. \ud83c\udf38 Finns i flera fina f\u00e4rger \u2013 v\u00e4lj din favorit eller unna dig mer \u00e4n en. Detaljer:     Mjuk och sk\u00f6n stickning \ud83e\udd0d    Ledig, smickrande passform    L\u00e4tt att matcha till olika outfits    Bekv\u00e4m onesize-modell   F\u00e4rger: Beige, Ljusbl\u00e5, Marin, Rosa,TaupeMaterial: 50 % acryl, 50 % polyamidStorlek: Onesize En tr\u00f6ja som ger en varm, ombonad k\u00e4nsla \u2013 b\u00e5de i stil och komfort \u2728","og_url":"https:\/\/stilanddesign.se\/en\/product\/ljuvligt-mjuk-stickad-troja-en-favorit-du-vill-bara-om-och-om-igen-\ud83e\uddf6-4\/","og_site_name":"Stil &amp; Design","article_modified_time":"2026-03-26T09:54:46+00:00","og_image":[{"width":480,"height":640,"url":"https:\/\/stilanddesign.se\/wp-content\/uploads\/2026\/01\/taupehel.jpg","type":"image\/jpeg"}],"twitter_card":"summary_large_image","twitter_misc":{"Est. reading time":"1 minute"},"schema":{"@context":"https:\/\/schema.org","@graph":[{"@type":"WebPage","@id":"https:\/\/stilanddesign.se\/produkt\/ljuvligt-mjuk-stickad-troja-en-favorit-du-vill-bara-om-och-om-igen-%f0%9f%a7%b6-4\/","url":"https:\/\/stilanddesign.se\/produkt\/ljuvligt-mjuk-stickad-troja-en-favorit-du-vill-bara-om-och-om-igen-%f0%9f%a7%b6-4\/","name":"Ljuvligt mjuk stickad tr\u00f6ja \u2013 en favorit du vill b\u00e4ra om och om igen \ud83e\uddf6 - Stil &amp; Design","isPartOf":{"@id":"https:\/\/stilanddesign.se\/#website"},"primaryImageOfPage":{"@id":"https:\/\/stilanddesign.se\/produkt\/ljuvligt-mjuk-stickad-troja-en-favorit-du-vill-bara-om-och-om-igen-%f0%9f%a7%b6-4\/#primaryimage"},"image":{"@id":"https:\/\/stilanddesign.se\/produkt\/ljuvligt-mjuk-stickad-troja-en-favorit-du-vill-bara-om-och-om-igen-%f0%9f%a7%b6-4\/#primaryimage"},"thumbnailUrl":"https:\/\/stilanddesign.se\/wp-content\/uploads\/2026\/01\/taupehel.jpg","datePublished":"2026-01-13T13:48:31+00:00","dateModified":"2026-03-26T09:54:46+00:00","breadcrumb":{"@id":"https:\/\/stilanddesign.se\/produkt\/ljuvligt-mjuk-stickad-troja-en-favorit-du-vill-bara-om-och-om-igen-%f0%9f%a7%b6-4\/#breadcrumb"},"inLanguage":"en-US","potentialAction":[{"@type":"ReadAction","target":["https:\/\/stilanddesign.se\/produkt\/ljuvligt-mjuk-stickad-troja-en-favorit-du-vill-bara-om-och-om-igen-%f0%9f%a7%b6-4\/"]}]},{"@type":"ImageObject","inLanguage":"en-US","@id":"https:\/\/stilanddesign.se\/produkt\/ljuvligt-mjuk-stickad-troja-en-favorit-du-vill-bara-om-och-om-igen-%f0%9f%a7%b6-4\/#primaryimage","url":"https:\/\/stilanddesign.se\/wp-content\/uploads\/2026\/01\/taupehel.jpg","contentUrl":"https:\/\/stilanddesign.se\/wp-content\/uploads\/2026\/01\/taupehel.jpg","width":480,"height":640},{"@type":"BreadcrumbList","@id":"https:\/\/stilanddesign.se\/produkt\/ljuvligt-mjuk-stickad-troja-en-favorit-du-vill-bara-om-och-om-igen-%f0%9f%a7%b6-4\/#breadcrumb","itemListElement":[{"@type":"ListItem","position":1,"name":"Hem","item":"https:\/\/stilanddesign.se\/"},{"@type":"ListItem","position":2,"name":"Butiken","item":"https:\/\/stilanddesign.se\/butiken\/"},{"@type":"ListItem","position":3,"name":"Ljuvligt mjuk stickad tr\u00f6ja \u2013 en favorit du vill b\u00e4ra om och om igen \ud83e\uddf6"}]},{"@type":"WebSite","@id":"https:\/\/stilanddesign.se\/#website","url":"https:\/\/stilanddesign.se\/","name":"Style &amp; Design","description":"For those of us who love fashion!","publisher":{"@id":"https:\/\/stilanddesign.se\/#organization"},"potentialAction":[{"@type":"SearchAction","target":{"@type":"EntryPoint","urlTemplate":"https:\/\/stilanddesign.se\/?s={search_term_string}"},"query-input":{"@type":"PropertyValueSpecification","valueRequired":true,"valueName":"search_term_string"}}],"inLanguage":"en-US"},{"@type":"Organization","@id":"https:\/\/stilanddesign.se\/#organization","name":"Style &amp; Design","url":"https:\/\/stilanddesign.se\/","logo":{"@type":"ImageObject","inLanguage":"en-US","@id":"https:\/\/stilanddesign.se\/#\/schema\/logo\/image\/","url":"https:\/\/stilanddesign.se\/wp-content\/uploads\/2023\/12\/output-onlinepngtools-e1727784413220.png","contentUrl":"https:\/\/stilanddesign.se\/wp-content\/uploads\/2023\/12\/output-onlinepngtools-e1727784413220.png","width":519,"height":135,"caption":"Stil &amp; Design"},"image":{"@id":"https:\/\/stilanddesign.se\/#\/schema\/logo\/image\/"}}]}},"_links":{"self":[{"href":"https:\/\/stilanddesign.se\/en\/wp-json\/wp\/v2\/product\/1060870","targetHints":{"allow":["GET"]}}],"collection":[{"href":"https:\/\/stilanddesign.se\/en\/wp-json\/wp\/v2\/product"}],"about":[{"href":"https:\/\/stilanddesign.se\/en\/wp-json\/wp\/v2\/types\/product"}],"replies":[{"embeddable":true,"href":"https:\/\/stilanddesign.se\/en\/wp-json\/wp\/v2\/comments?post=1060870"}],"wp:featuredmedia":[{"embeddable":true,"href":"https:\/\/stilanddesign.se\/en\/wp-json\/wp\/v2\/media\/1060874"}],"wp:attachment":[{"href":"https:\/\/stilanddesign.se\/en\/wp-json\/wp\/v2\/media?parent=1060870"}],"wp:term":[{"taxonomy":"product_brand","embeddable":true,"href":"https:\/\/stilanddesign.se\/en\/wp-json\/wp\/v2\/product_brand?post=1060870"},{"taxonomy":"product_cat","embeddable":true,"href":"https:\/\/stilanddesign.se\/en\/wp-json\/wp\/v2\/product_cat?post=1060870"},{"taxonomy":"product_tag","embeddable":true,"href":"https:\/\/stilanddesign.se\/en\/wp-json\/wp\/v2\/product_tag?post=1060870"}],"curies":[{"name":"wp","href":"https:\/\/api.w.org\/{rel}","templated":true}]}}