{"id":1060783,"date":"2026-04-17T09:09:25","date_gmt":"2026-04-17T07:09:25","guid":{"rendered":"https:\/\/stilanddesign.se\/?post_type=product&#038;p=1060783"},"modified":"2026-04-17T12:43:41","modified_gmt":"2026-04-17T10:43:41","slug":"%f0%9f%91%96-jeans-i-denim-bootcutmodell","status":"publish","type":"product","link":"https:\/\/stilanddesign.se\/en\/product\/%f0%9f%91%96-jeans-i-denim-bootcutmodell\/","title":{"rendered":"\ud83d\udc56 Jeans in Denim - Bootcut model"},"content":{"rendered":"<h3 data-start=\"120\" data-end=\"156\">\ud83d\udc56 Jeans in Denim - Bootcut model<\/h3>\n<p data-start=\"158\" data-end=\"387\">These stylish <strong data-start=\"171\" data-end=\"205\">bootcut jeans in classic denim<\/strong> is a wardrobe must-have! The slightly flared fit at the bottom creates a flattering silhouette and gives the legs a longer impression \u2013 perfect for sneakers, boots and heels \ud83d\udc62\ud83d\udc5f<\/p>\n<p data-start=\"389\" data-end=\"585\">The jeans sit comfortably over the hips and thighs thanks to the stretchy quality and shape nicely to the body. A timeless model that works just as well for everyday wear as for a more dressed-up look \u2728<\/p>\n<h4 data-start=\"587\" data-end=\"604\">\ud83d\udc99 Details:<\/h4>\n<ul data-start=\"605\" data-end=\"738\">\n<li data-start=\"605\" data-end=\"635\">\n<p data-start=\"607\" data-end=\"635\">Bootcut \u2013 slightly flared legs<\/p>\n<\/li>\n<li data-start=\"636\" data-end=\"656\">\n<p data-start=\"638\" data-end=\"656\">Classic denim color<\/p>\n<\/li>\n<li data-start=\"657\" data-end=\"686\">\n<p data-start=\"659\" data-end=\"686\">Comfortable fit with stretch<\/p>\n<\/li>\n<li data-start=\"687\" data-end=\"702\">\n<p data-start=\"689\" data-end=\"702\">5-pocket model<\/p>\n<\/li>\n<li data-start=\"703\" data-end=\"738\">\n<p data-start=\"705\" data-end=\"738\">Button and zipper closure<\/p>\n<\/li>\n<\/ul>\n<h4 data-start=\"740\" data-end=\"756\">\ud83d\udccf Size:<\/h4>\n<ul data-start=\"757\" data-end=\"803\">\n<li data-start=\"757\" data-end=\"784\">\n<p data-start=\"759\" data-end=\"784\">Available in size <strong data-start=\"775\" data-end=\"784\">34\u201342<\/strong><\/p>\n<\/li>\n<li data-start=\"785\" data-end=\"803\">\n<p data-start=\"787\" data-end=\"803\">Normal in size<\/p>\n<\/li>\n<\/ul>\n<h4 data-start=\"805\" data-end=\"822\">\ud83e\uddf5 Materials:<\/h4>\n<ul data-start=\"823\" data-end=\"884\">\n<li data-start=\"823\" data-end=\"837\">\n<p data-start=\"825\" data-end=\"837\">63% cotton<\/p>\n<\/li>\n<li data-start=\"838\" data-end=\"855\">\n<p data-start=\"840\" data-end=\"855\">32% polyester<\/p>\n<\/li>\n<li data-start=\"856\" data-end=\"869\">\n<p data-start=\"858\" data-end=\"869\">2% viscose<\/p>\n<\/li>\n<li data-start=\"870\" data-end=\"884\">\n<p data-start=\"872\" data-end=\"884\">3% elastane<\/p>\n<\/li>\n<\/ul>\n<p data-start=\"886\" data-end=\"1028\">A pair of jeans that combines <strong data-start=\"915\" data-end=\"945\">comfort, style and fit<\/strong> \u2013 as beautiful as they are stylish \ud83d\udc99<br data-start=\"972\" data-end=\"975\" \/>The perfect jeans you&#039;ll want to wear again and again!<\/p>","protected":false},"excerpt":{"rendered":"<h3 data-start=\"120\" data-end=\"156\">\ud83d\udc56 Jeans in Denim - Bootcut model<\/h3>\n<p data-start=\"158\" data-end=\"387\">These stylish <strong data-start=\"171\" data-end=\"205\">bootcut jeans in classic denim<\/strong> is a wardrobe must-have! The slightly flared fit at the bottom creates a flattering silhouette and gives the legs a longer impression \u2013 perfect for sneakers, boots and heels \ud83d\udc62\ud83d\udc5f<\/p>\n<p data-start=\"389\" data-end=\"585\">The jeans sit comfortably over the hips and thighs thanks to the stretchy quality and shape nicely to the body. A timeless model that works just as well for everyday wear as for a more dressed-up look \u2728<\/p>\n<h4 data-start=\"587\" data-end=\"604\">\ud83d\udc99 Details:<\/h4>\n<ul data-start=\"605\" data-end=\"738\">\n<li data-start=\"605\" data-end=\"635\">\n<p data-start=\"607\" data-end=\"635\">Bootcut \u2013 slightly flared legs<\/p>\n<\/li>\n<li data-start=\"636\" data-end=\"656\">\n<p data-start=\"638\" data-end=\"656\">Classic denim color<\/p>\n<\/li>\n<li data-start=\"657\" data-end=\"686\">\n<p data-start=\"659\" data-end=\"686\">Comfortable fit with stretch<\/p>\n<\/li>\n<li data-start=\"687\" data-end=\"702\">\n<p data-start=\"689\" data-end=\"702\">5-pocket model<\/p>\n<\/li>\n<li data-start=\"703\" data-end=\"738\">\n<p data-start=\"705\" data-end=\"738\">Button and zipper closure<\/p>\n<\/li>\n<\/ul>\n<h4 data-start=\"740\" data-end=\"756\">\ud83d\udccf Size:<\/h4>\n<ul data-start=\"757\" data-end=\"803\">\n<li data-start=\"757\" data-end=\"784\">\n<p data-start=\"759\" data-end=\"784\">Available in size <strong data-start=\"775\" data-end=\"784\">34\u201342<\/strong><\/p>\n<\/li>\n<li data-start=\"785\" data-end=\"803\">\n<p data-start=\"787\" data-end=\"803\">Normal in size<\/p>\n<\/li>\n<\/ul>\n<h4 data-start=\"805\" data-end=\"822\">\ud83e\uddf5 Materials:<\/h4>\n<ul data-start=\"823\" data-end=\"884\">\n<li data-start=\"823\" data-end=\"837\">\n<p data-start=\"825\" data-end=\"837\">63% cotton<\/p>\n<\/li>\n<li data-start=\"838\" data-end=\"855\">\n<p data-start=\"840\" data-end=\"855\">32% polyester<\/p>\n<\/li>\n<li data-start=\"856\" data-end=\"869\">\n<p data-start=\"858\" data-end=\"869\">2% viscose<\/p>\n<\/li>\n<li data-start=\"870\" data-end=\"884\">\n<p data-start=\"872\" data-end=\"884\">3% elastane<\/p>\n<\/li>\n<\/ul>\n<p data-start=\"886\" data-end=\"1028\">A pair of jeans that combines <strong data-start=\"915\" data-end=\"945\">comfort, style and fit<\/strong> \u2013 as beautiful as they are stylish \ud83d\udc99<br data-start=\"972\" data-end=\"975\" \/>The perfect jeans you&#039;ll want to wear again and again!<\/p>","protected":false},"featured_media":1060789,"comment_status":"closed","ping_status":"closed","template":"","meta":[],"product_brand":[],"product_cat":[209],"product_tag":[],"class_list":{"0":"post-1060783","1":"product","2":"type-product","3":"status-publish","4":"has-post-thumbnail","6":"product_cat-reaprodukter","8":"first","9":"instock","10":"sale","11":"taxable","12":"shipping-taxable","13":"purchasable","14":"product-type-variable"},"yoast_head":"<!-- This site is optimized with the Yoast SEO Premium plugin v27.1 (Yoast SEO v27.4) - https:\/\/yoast.com\/product\/yoast-seo-premium-wordpress\/ -->\n<title>\ud83d\udc56 Jeans i Denim \u2013 Bootcutmodell - Stil &amp; Design<\/title>\n<meta name=\"robots\" content=\"index, follow, max-snippet:-1, max-image-preview:large, max-video-preview:-1\" \/>\n<link rel=\"canonical\" href=\"https:\/\/stilanddesign.se\/en\/product\/\ud83d\udc56-jeans-i-denim-bootcutmodell\/\" \/>\n<meta property=\"og:locale\" content=\"en_US\" \/>\n<meta property=\"og:type\" content=\"article\" \/>\n<meta property=\"og:title\" content=\"\ud83d\udc56 Jeans i Denim \u2013 Bootcutmodell\" \/>\n<meta property=\"og:description\" content=\"\ud83d\udc56 Jeans i Denim \u2013 Bootcutmodell Dessa snygga bootcut-jeans i klassisk denim \u00e4r ett m\u00e5ste i garderoben! Den l\u00e4tt utsv\u00e4ngda passformen nedtill skapar en smickrande silhuett och ger benen ett l\u00e4ngre intryck \u2013 perfekta b\u00e5de till sneakers, boots och klackar \ud83d\udc62\ud83d\udc5f Jeansen sitter bekv\u00e4mt \u00f6ver h\u00f6fter och l\u00e5r tack vare den stretchiga kvaliteten och formar sig fint efter kroppen. En tidl\u00f6s modell som fungerar lika bra till vardag som till en mer uppkl\u00e4dd look \u2728  \ud83d\udc99 Detaljer:    Bootcut \u2013 l\u00e4tt utsv\u00e4ngda ben    Klassisk denimf\u00e4rg    Bekv\u00e4m passform med stretch    5-ficksmodell    Kn\u00e4ppning med knapp och dragkedja   \ud83d\udccf Storlek:    Finns i storlek 34\u201342    Normal i storlek   \ud83e\uddf5 Material:    63% bomull    32% polyester    2% viskos    3% elastan   Ett par jeans som kombinerar komfort, stil och passform \u2013 lika sk\u00f6na som snygga \ud83d\udc99Perfekta jeansen du kommer vilja b\u00e4ra om och om igen!\" \/>\n<meta property=\"og:url\" content=\"https:\/\/stilanddesign.se\/en\/product\/\ud83d\udc56-jeans-i-denim-bootcutmodell\/\" \/>\n<meta property=\"og:site_name\" content=\"Stil &amp; Design\" \/>\n<meta property=\"article:modified_time\" content=\"2026-04-17T10:43:41+00:00\" \/>\n<meta property=\"og:image\" content=\"https:\/\/stilanddesign.se\/wp-content\/uploads\/2026\/01\/jeansblaa.jpg\" \/>\n\t<meta property=\"og:image:width\" content=\"480\" \/>\n\t<meta property=\"og:image:height\" content=\"640\" \/>\n\t<meta property=\"og:image:type\" content=\"image\/jpeg\" \/>\n<meta name=\"twitter:card\" content=\"summary_large_image\" \/>\n<meta name=\"twitter:label1\" content=\"Est. reading time\" \/>\n\t<meta name=\"twitter:data1\" content=\"1 minute\" \/>\n<script type=\"application\/ld+json\" class=\"yoast-schema-graph\">{\"@context\":\"https:\\\/\\\/schema.org\",\"@graph\":[{\"@type\":\"WebPage\",\"@id\":\"https:\\\/\\\/stilanddesign.se\\\/produkt\\\/%f0%9f%91%96-jeans-i-denim-bootcutmodell\\\/\",\"url\":\"https:\\\/\\\/stilanddesign.se\\\/produkt\\\/%f0%9f%91%96-jeans-i-denim-bootcutmodell\\\/\",\"name\":\"\ud83d\udc56 Jeans i Denim \u2013 Bootcutmodell - Stil &amp; Design\",\"isPartOf\":{\"@id\":\"https:\\\/\\\/stilanddesign.se\\\/#website\"},\"primaryImageOfPage\":{\"@id\":\"https:\\\/\\\/stilanddesign.se\\\/produkt\\\/%f0%9f%91%96-jeans-i-denim-bootcutmodell\\\/#primaryimage\"},\"image\":{\"@id\":\"https:\\\/\\\/stilanddesign.se\\\/produkt\\\/%f0%9f%91%96-jeans-i-denim-bootcutmodell\\\/#primaryimage\"},\"thumbnailUrl\":\"https:\\\/\\\/stilanddesign.se\\\/wp-content\\\/uploads\\\/2026\\\/01\\\/jeansblaa.jpg\",\"datePublished\":\"2026-04-17T07:09:25+00:00\",\"dateModified\":\"2026-04-17T10:43:41+00:00\",\"breadcrumb\":{\"@id\":\"https:\\\/\\\/stilanddesign.se\\\/produkt\\\/%f0%9f%91%96-jeans-i-denim-bootcutmodell\\\/#breadcrumb\"},\"inLanguage\":\"en-US\",\"potentialAction\":[{\"@type\":\"ReadAction\",\"target\":[\"https:\\\/\\\/stilanddesign.se\\\/produkt\\\/%f0%9f%91%96-jeans-i-denim-bootcutmodell\\\/\"]}]},{\"@type\":\"ImageObject\",\"inLanguage\":\"en-US\",\"@id\":\"https:\\\/\\\/stilanddesign.se\\\/produkt\\\/%f0%9f%91%96-jeans-i-denim-bootcutmodell\\\/#primaryimage\",\"url\":\"https:\\\/\\\/stilanddesign.se\\\/wp-content\\\/uploads\\\/2026\\\/01\\\/jeansblaa.jpg\",\"contentUrl\":\"https:\\\/\\\/stilanddesign.se\\\/wp-content\\\/uploads\\\/2026\\\/01\\\/jeansblaa.jpg\",\"width\":480,\"height\":640},{\"@type\":\"BreadcrumbList\",\"@id\":\"https:\\\/\\\/stilanddesign.se\\\/produkt\\\/%f0%9f%91%96-jeans-i-denim-bootcutmodell\\\/#breadcrumb\",\"itemListElement\":[{\"@type\":\"ListItem\",\"position\":1,\"name\":\"Hem\",\"item\":\"https:\\\/\\\/stilanddesign.se\\\/\"},{\"@type\":\"ListItem\",\"position\":2,\"name\":\"Butiken\",\"item\":\"https:\\\/\\\/stilanddesign.se\\\/butiken\\\/\"},{\"@type\":\"ListItem\",\"position\":3,\"name\":\"\ud83d\udc56 Jeans i Denim \u2013 Bootcutmodell\"}]},{\"@type\":\"WebSite\",\"@id\":\"https:\\\/\\\/stilanddesign.se\\\/#website\",\"url\":\"https:\\\/\\\/stilanddesign.se\\\/\",\"name\":\"Stil &amp; Design\",\"description\":\"F\u00f6r oss som \u00e4lskar mode!\",\"publisher\":{\"@id\":\"https:\\\/\\\/stilanddesign.se\\\/#organization\"},\"potentialAction\":[{\"@type\":\"SearchAction\",\"target\":{\"@type\":\"EntryPoint\",\"urlTemplate\":\"https:\\\/\\\/stilanddesign.se\\\/?s={search_term_string}\"},\"query-input\":{\"@type\":\"PropertyValueSpecification\",\"valueRequired\":true,\"valueName\":\"search_term_string\"}}],\"inLanguage\":\"en-US\"},{\"@type\":\"Organization\",\"@id\":\"https:\\\/\\\/stilanddesign.se\\\/#organization\",\"name\":\"Stil &amp; Design\",\"url\":\"https:\\\/\\\/stilanddesign.se\\\/\",\"logo\":{\"@type\":\"ImageObject\",\"inLanguage\":\"en-US\",\"@id\":\"https:\\\/\\\/stilanddesign.se\\\/#\\\/schema\\\/logo\\\/image\\\/\",\"url\":\"https:\\\/\\\/stilanddesign.se\\\/wp-content\\\/uploads\\\/2023\\\/12\\\/output-onlinepngtools-e1727784413220.png\",\"contentUrl\":\"https:\\\/\\\/stilanddesign.se\\\/wp-content\\\/uploads\\\/2023\\\/12\\\/output-onlinepngtools-e1727784413220.png\",\"width\":519,\"height\":135,\"caption\":\"Stil &amp; Design\"},\"image\":{\"@id\":\"https:\\\/\\\/stilanddesign.se\\\/#\\\/schema\\\/logo\\\/image\\\/\"}}]}<\/script>\n<!-- \/ Yoast SEO Premium plugin. -->","yoast_head_json":{"title":"\ud83d\udc56 Jeans i Denim \u2013 Bootcutmodell - Stil &amp; Design","robots":{"index":"index","follow":"follow","max-snippet":"max-snippet:-1","max-image-preview":"max-image-preview:large","max-video-preview":"max-video-preview:-1"},"canonical":"https:\/\/stilanddesign.se\/en\/product\/\ud83d\udc56-jeans-i-denim-bootcutmodell\/","og_locale":"en_US","og_type":"article","og_title":"\ud83d\udc56 Jeans i Denim \u2013 Bootcutmodell","og_description":"\ud83d\udc56 Jeans i Denim \u2013 Bootcutmodell Dessa snygga bootcut-jeans i klassisk denim \u00e4r ett m\u00e5ste i garderoben! Den l\u00e4tt utsv\u00e4ngda passformen nedtill skapar en smickrande silhuett och ger benen ett l\u00e4ngre intryck \u2013 perfekta b\u00e5de till sneakers, boots och klackar \ud83d\udc62\ud83d\udc5f Jeansen sitter bekv\u00e4mt \u00f6ver h\u00f6fter och l\u00e5r tack vare den stretchiga kvaliteten och formar sig fint efter kroppen. En tidl\u00f6s modell som fungerar lika bra till vardag som till en mer uppkl\u00e4dd look \u2728  \ud83d\udc99 Detaljer:    Bootcut \u2013 l\u00e4tt utsv\u00e4ngda ben    Klassisk denimf\u00e4rg    Bekv\u00e4m passform med stretch    5-ficksmodell    Kn\u00e4ppning med knapp och dragkedja   \ud83d\udccf Storlek:    Finns i storlek 34\u201342    Normal i storlek   \ud83e\uddf5 Material:    63% bomull    32% polyester    2% viskos    3% elastan   Ett par jeans som kombinerar komfort, stil och passform \u2013 lika sk\u00f6na som snygga \ud83d\udc99Perfekta jeansen du kommer vilja b\u00e4ra om och om igen!","og_url":"https:\/\/stilanddesign.se\/en\/product\/\ud83d\udc56-jeans-i-denim-bootcutmodell\/","og_site_name":"Stil &amp; Design","article_modified_time":"2026-04-17T10:43:41+00:00","og_image":[{"width":480,"height":640,"url":"https:\/\/stilanddesign.se\/wp-content\/uploads\/2026\/01\/jeansblaa.jpg","type":"image\/jpeg"}],"twitter_card":"summary_large_image","twitter_misc":{"Est. reading time":"1 minute"},"schema":{"@context":"https:\/\/schema.org","@graph":[{"@type":"WebPage","@id":"https:\/\/stilanddesign.se\/produkt\/%f0%9f%91%96-jeans-i-denim-bootcutmodell\/","url":"https:\/\/stilanddesign.se\/produkt\/%f0%9f%91%96-jeans-i-denim-bootcutmodell\/","name":"\ud83d\udc56 Jeans i Denim \u2013 Bootcutmodell - Stil &amp; Design","isPartOf":{"@id":"https:\/\/stilanddesign.se\/#website"},"primaryImageOfPage":{"@id":"https:\/\/stilanddesign.se\/produkt\/%f0%9f%91%96-jeans-i-denim-bootcutmodell\/#primaryimage"},"image":{"@id":"https:\/\/stilanddesign.se\/produkt\/%f0%9f%91%96-jeans-i-denim-bootcutmodell\/#primaryimage"},"thumbnailUrl":"https:\/\/stilanddesign.se\/wp-content\/uploads\/2026\/01\/jeansblaa.jpg","datePublished":"2026-04-17T07:09:25+00:00","dateModified":"2026-04-17T10:43:41+00:00","breadcrumb":{"@id":"https:\/\/stilanddesign.se\/produkt\/%f0%9f%91%96-jeans-i-denim-bootcutmodell\/#breadcrumb"},"inLanguage":"en-US","potentialAction":[{"@type":"ReadAction","target":["https:\/\/stilanddesign.se\/produkt\/%f0%9f%91%96-jeans-i-denim-bootcutmodell\/"]}]},{"@type":"ImageObject","inLanguage":"en-US","@id":"https:\/\/stilanddesign.se\/produkt\/%f0%9f%91%96-jeans-i-denim-bootcutmodell\/#primaryimage","url":"https:\/\/stilanddesign.se\/wp-content\/uploads\/2026\/01\/jeansblaa.jpg","contentUrl":"https:\/\/stilanddesign.se\/wp-content\/uploads\/2026\/01\/jeansblaa.jpg","width":480,"height":640},{"@type":"BreadcrumbList","@id":"https:\/\/stilanddesign.se\/produkt\/%f0%9f%91%96-jeans-i-denim-bootcutmodell\/#breadcrumb","itemListElement":[{"@type":"ListItem","position":1,"name":"Hem","item":"https:\/\/stilanddesign.se\/"},{"@type":"ListItem","position":2,"name":"Butiken","item":"https:\/\/stilanddesign.se\/butiken\/"},{"@type":"ListItem","position":3,"name":"\ud83d\udc56 Jeans i Denim \u2013 Bootcutmodell"}]},{"@type":"WebSite","@id":"https:\/\/stilanddesign.se\/#website","url":"https:\/\/stilanddesign.se\/","name":"Style &amp; Design","description":"For those of us who love fashion!","publisher":{"@id":"https:\/\/stilanddesign.se\/#organization"},"potentialAction":[{"@type":"SearchAction","target":{"@type":"EntryPoint","urlTemplate":"https:\/\/stilanddesign.se\/?s={search_term_string}"},"query-input":{"@type":"PropertyValueSpecification","valueRequired":true,"valueName":"search_term_string"}}],"inLanguage":"en-US"},{"@type":"Organization","@id":"https:\/\/stilanddesign.se\/#organization","name":"Style &amp; Design","url":"https:\/\/stilanddesign.se\/","logo":{"@type":"ImageObject","inLanguage":"en-US","@id":"https:\/\/stilanddesign.se\/#\/schema\/logo\/image\/","url":"https:\/\/stilanddesign.se\/wp-content\/uploads\/2023\/12\/output-onlinepngtools-e1727784413220.png","contentUrl":"https:\/\/stilanddesign.se\/wp-content\/uploads\/2023\/12\/output-onlinepngtools-e1727784413220.png","width":519,"height":135,"caption":"Stil &amp; Design"},"image":{"@id":"https:\/\/stilanddesign.se\/#\/schema\/logo\/image\/"}}]}},"_links":{"self":[{"href":"https:\/\/stilanddesign.se\/en\/wp-json\/wp\/v2\/product\/1060783","targetHints":{"allow":["GET"]}}],"collection":[{"href":"https:\/\/stilanddesign.se\/en\/wp-json\/wp\/v2\/product"}],"about":[{"href":"https:\/\/stilanddesign.se\/en\/wp-json\/wp\/v2\/types\/product"}],"replies":[{"embeddable":true,"href":"https:\/\/stilanddesign.se\/en\/wp-json\/wp\/v2\/comments?post=1060783"}],"wp:featuredmedia":[{"embeddable":true,"href":"https:\/\/stilanddesign.se\/en\/wp-json\/wp\/v2\/media\/1060789"}],"wp:attachment":[{"href":"https:\/\/stilanddesign.se\/en\/wp-json\/wp\/v2\/media?parent=1060783"}],"wp:term":[{"taxonomy":"product_brand","embeddable":true,"href":"https:\/\/stilanddesign.se\/en\/wp-json\/wp\/v2\/product_brand?post=1060783"},{"taxonomy":"product_cat","embeddable":true,"href":"https:\/\/stilanddesign.se\/en\/wp-json\/wp\/v2\/product_cat?post=1060783"},{"taxonomy":"product_tag","embeddable":true,"href":"https:\/\/stilanddesign.se\/en\/wp-json\/wp\/v2\/product_tag?post=1060783"}],"curies":[{"name":"wp","href":"https:\/\/api.w.org\/{rel}","templated":true}]}}