{"id":1060256,"date":"2026-03-05T15:19:37","date_gmt":"2026-03-05T14:19:37","guid":{"rendered":"https:\/\/stilanddesign.se\/?post_type=product&#038;p=1060256"},"modified":"2026-04-02T14:41:10","modified_gmt":"2026-04-02T12:41:10","slug":"%f0%9f%92%99-en-riktig-favorit-topp-som-kanns-lika-bra-som-den-ser-ut-fran-marta-du-chateau-%f0%9f%92%99","status":"publish","type":"product","link":"https:\/\/stilanddesign.se\/en\/product\/%f0%9f%92%99-en-riktig-favorit-topp-som-kanns-lika-bra-som-den-ser-ut-fran-marta-du-chateau-%f0%9f%92%99\/","title":{"rendered":"\ud83d\udc99 A real favorite top that feels as good as it looks from Marta Du Ch\u00e2teau \ud83d\udc99"},"content":{"rendered":"<p data-start=\"0\" data-end=\"63\">\ud83d\udc99 <strong data-start=\"3\" data-end=\"58\">A real favorite that feels as good as it looks<\/strong> \ud83d\udc99<\/p>\n<p data-start=\"65\" data-end=\"209\">Lovely <strong data-start=\"73\" data-end=\"137\">ribbed sweater in striped denim blue from Marta Du Ch\u00e2teau<\/strong> \u2013 a timeless classic with that little extra that makes the whole outfit \u2728<\/p>\n<p data-start=\"211\" data-end=\"417\">\u2714 Rounded neckline for a soft and flattering look<br data-start=\"256\" data-end=\"259\" \/>\u2714 Long sleeve \u2013 perfect all year round<br data-start=\"287\" data-end=\"290\" \/>\u2714 Incredibly soft quality with generous stretch that follows the body<br data-start=\"353\" data-end=\"356\" \/>\u2714 Normal in size and easy to wear both tucked in and loose<\/p>\n<p data-start=\"419\" data-end=\"484\"><strong data-start=\"419\" data-end=\"432\">Material:<\/strong> 97% viscose, 3% elastane<br data-start=\"456\" data-end=\"459\" \/><strong data-start=\"459\" data-end=\"472\">Washing instructions:<\/strong> 30 degrees<\/p>\n<p data-start=\"486\" data-end=\"596\" data-is-last-node=\"\" data-is-only-node=\"\">The kind of sweater you reach for again and again \u2013 simple, stylish and a must-have in your wardrobe \ud83e\udd0d\ud83d\udc99<\/p>\n<p>&nbsp;<\/p>\n<p>&nbsp;<\/p>\n<p>&nbsp;<\/p>\n<p>&nbsp;<\/p>\n<p>&nbsp;<\/p>\n<p>&nbsp;<\/p>","protected":false},"excerpt":{"rendered":"<p data-start=\"0\" data-end=\"63\">\ud83d\udc99 <strong data-start=\"3\" data-end=\"58\">A real favorite that feels as good as it looks<\/strong> \ud83d\udc99<\/p>\n<p data-start=\"65\" data-end=\"209\">Lovely <strong data-start=\"73\" data-end=\"137\">ribbed sweater in striped denim blue from Marta Du Ch\u00e2teau<\/strong> \u2013 a timeless classic with that little extra that makes the whole outfit \u2728<\/p>\n<p data-start=\"211\" data-end=\"417\">\u2714 Rounded neckline for a soft and flattering look<br data-start=\"256\" data-end=\"259\" \/>\u2714 Long sleeve \u2013 perfect all year round<br data-start=\"287\" data-end=\"290\" \/>\u2714 Incredibly soft quality with generous stretch that follows the body<br data-start=\"353\" data-end=\"356\" \/>\u2714 Normal in size and easy to wear both tucked in and loose<\/p>\n<p data-start=\"419\" data-end=\"484\"><strong data-start=\"419\" data-end=\"432\">Material:<\/strong> 97% viscose, 3% elastane<br data-start=\"456\" data-end=\"459\" \/><strong data-start=\"459\" data-end=\"472\">Washing instructions:<\/strong> 30 degrees<\/p>\n<p data-start=\"486\" data-end=\"596\" data-is-last-node=\"\" data-is-only-node=\"\">The kind of sweater you reach for again and again \u2013 simple, stylish and a must-have in your wardrobe \ud83e\udd0d\ud83d\udc99<\/p>\n<p>&nbsp;<\/p>","protected":false},"featured_media":1060245,"comment_status":"closed","ping_status":"closed","template":"","meta":[],"product_brand":[],"product_cat":[222],"product_tag":[],"class_list":{"0":"post-1060256","1":"product","2":"type-product","3":"status-publish","4":"has-post-thumbnail","6":"product_cat-toppar-tischor","8":"first","9":"instock","10":"taxable","11":"shipping-taxable","12":"purchasable","13":"product-type-variable"},"yoast_head":"<!-- This site is optimized with the Yoast SEO Premium plugin v27.1 (Yoast SEO v27.4) - https:\/\/yoast.com\/product\/yoast-seo-premium-wordpress\/ -->\n<title>\ud83d\udc99 En riktig favorit topp som k\u00e4nns lika bra som den ser ut fr\u00e5n Marta Du Ch\u00e2teau \ud83d\udc99 - Stil &amp; Design<\/title>\n<meta name=\"description\" content=\"H\u00e4rliga bl\u00e5jeans med ljusa slitningar\" \/>\n<meta name=\"robots\" content=\"index, follow, max-snippet:-1, max-image-preview:large, max-video-preview:-1\" \/>\n<link rel=\"canonical\" href=\"https:\/\/stilanddesign.se\/en\/product\/\ud83d\udc99-en-riktig-favorit-topp-som-kanns-lika-bra-som-den-ser-ut-fran-marta-du-chateau-\ud83d\udc99\/\" \/>\n<meta property=\"og:locale\" content=\"en_US\" \/>\n<meta property=\"og:type\" content=\"article\" \/>\n<meta property=\"og:title\" content=\"\ud83d\udc99 En riktig favorit topp som k\u00e4nns lika bra som den ser ut fr\u00e5n Marta Du Ch\u00e2teau \ud83d\udc99\" \/>\n<meta property=\"og:description\" content=\"H\u00e4rliga bl\u00e5jeans med ljusa slitningar\" \/>\n<meta property=\"og:url\" content=\"https:\/\/stilanddesign.se\/en\/product\/\ud83d\udc99-en-riktig-favorit-topp-som-kanns-lika-bra-som-den-ser-ut-fran-marta-du-chateau-\ud83d\udc99\/\" \/>\n<meta property=\"og:site_name\" content=\"Stil &amp; Design\" \/>\n<meta property=\"article:modified_time\" content=\"2026-04-02T12:41:10+00:00\" \/>\n<meta property=\"og:image\" content=\"https:\/\/stilanddesign.se\/wp-content\/uploads\/2026\/01\/6141312221.png\" \/>\n\t<meta property=\"og:image:width\" content=\"427\" \/>\n\t<meta property=\"og:image:height\" content=\"640\" \/>\n\t<meta property=\"og:image:type\" content=\"image\/png\" \/>\n<meta name=\"twitter:card\" content=\"summary_large_image\" \/>\n<meta name=\"twitter:label1\" content=\"Est. reading time\" \/>\n\t<meta name=\"twitter:data1\" content=\"1 minute\" \/>\n<script type=\"application\/ld+json\" class=\"yoast-schema-graph\">{\"@context\":\"https:\\\/\\\/schema.org\",\"@graph\":[{\"@type\":\"WebPage\",\"@id\":\"https:\\\/\\\/stilanddesign.se\\\/produkt\\\/%f0%9f%92%99-en-riktig-favorit-topp-som-kanns-lika-bra-som-den-ser-ut-fran-marta-du-chateau-%f0%9f%92%99\\\/\",\"url\":\"https:\\\/\\\/stilanddesign.se\\\/produkt\\\/%f0%9f%92%99-en-riktig-favorit-topp-som-kanns-lika-bra-som-den-ser-ut-fran-marta-du-chateau-%f0%9f%92%99\\\/\",\"name\":\"\ud83d\udc99 En riktig favorit topp som k\u00e4nns lika bra som den ser ut fr\u00e5n Marta Du Ch\u00e2teau \ud83d\udc99 - Stil &amp; Design\",\"isPartOf\":{\"@id\":\"https:\\\/\\\/stilanddesign.se\\\/#website\"},\"primaryImageOfPage\":{\"@id\":\"https:\\\/\\\/stilanddesign.se\\\/produkt\\\/%f0%9f%92%99-en-riktig-favorit-topp-som-kanns-lika-bra-som-den-ser-ut-fran-marta-du-chateau-%f0%9f%92%99\\\/#primaryimage\"},\"image\":{\"@id\":\"https:\\\/\\\/stilanddesign.se\\\/produkt\\\/%f0%9f%92%99-en-riktig-favorit-topp-som-kanns-lika-bra-som-den-ser-ut-fran-marta-du-chateau-%f0%9f%92%99\\\/#primaryimage\"},\"thumbnailUrl\":\"https:\\\/\\\/stilanddesign.se\\\/wp-content\\\/uploads\\\/2026\\\/01\\\/6141312221.png\",\"datePublished\":\"2026-03-05T14:19:37+00:00\",\"dateModified\":\"2026-04-02T12:41:10+00:00\",\"description\":\"H\u00e4rliga bl\u00e5jeans med ljusa slitningar\",\"breadcrumb\":{\"@id\":\"https:\\\/\\\/stilanddesign.se\\\/produkt\\\/%f0%9f%92%99-en-riktig-favorit-topp-som-kanns-lika-bra-som-den-ser-ut-fran-marta-du-chateau-%f0%9f%92%99\\\/#breadcrumb\"},\"inLanguage\":\"en-US\",\"potentialAction\":[{\"@type\":\"ReadAction\",\"target\":[\"https:\\\/\\\/stilanddesign.se\\\/produkt\\\/%f0%9f%92%99-en-riktig-favorit-topp-som-kanns-lika-bra-som-den-ser-ut-fran-marta-du-chateau-%f0%9f%92%99\\\/\"]}]},{\"@type\":\"ImageObject\",\"inLanguage\":\"en-US\",\"@id\":\"https:\\\/\\\/stilanddesign.se\\\/produkt\\\/%f0%9f%92%99-en-riktig-favorit-topp-som-kanns-lika-bra-som-den-ser-ut-fran-marta-du-chateau-%f0%9f%92%99\\\/#primaryimage\",\"url\":\"https:\\\/\\\/stilanddesign.se\\\/wp-content\\\/uploads\\\/2026\\\/01\\\/6141312221.png\",\"contentUrl\":\"https:\\\/\\\/stilanddesign.se\\\/wp-content\\\/uploads\\\/2026\\\/01\\\/6141312221.png\",\"width\":427,\"height\":640,\"caption\":\"Ribbstickad tr\u00f6ja i randig ljusbl\u00e5\"},{\"@type\":\"BreadcrumbList\",\"@id\":\"https:\\\/\\\/stilanddesign.se\\\/produkt\\\/%f0%9f%92%99-en-riktig-favorit-topp-som-kanns-lika-bra-som-den-ser-ut-fran-marta-du-chateau-%f0%9f%92%99\\\/#breadcrumb\",\"itemListElement\":[{\"@type\":\"ListItem\",\"position\":1,\"name\":\"Hem\",\"item\":\"https:\\\/\\\/stilanddesign.se\\\/\"},{\"@type\":\"ListItem\",\"position\":2,\"name\":\"Butiken\",\"item\":\"https:\\\/\\\/stilanddesign.se\\\/butiken\\\/\"},{\"@type\":\"ListItem\",\"position\":3,\"name\":\"\ud83d\udc99 En riktig favorit topp som k\u00e4nns lika bra som den ser ut fr\u00e5n Marta Du Ch\u00e2teau \ud83d\udc99\"}]},{\"@type\":\"WebSite\",\"@id\":\"https:\\\/\\\/stilanddesign.se\\\/#website\",\"url\":\"https:\\\/\\\/stilanddesign.se\\\/\",\"name\":\"Stil &amp; Design\",\"description\":\"F\u00f6r oss som \u00e4lskar mode!\",\"publisher\":{\"@id\":\"https:\\\/\\\/stilanddesign.se\\\/#organization\"},\"potentialAction\":[{\"@type\":\"SearchAction\",\"target\":{\"@type\":\"EntryPoint\",\"urlTemplate\":\"https:\\\/\\\/stilanddesign.se\\\/?s={search_term_string}\"},\"query-input\":{\"@type\":\"PropertyValueSpecification\",\"valueRequired\":true,\"valueName\":\"search_term_string\"}}],\"inLanguage\":\"en-US\"},{\"@type\":\"Organization\",\"@id\":\"https:\\\/\\\/stilanddesign.se\\\/#organization\",\"name\":\"Stil &amp; Design\",\"url\":\"https:\\\/\\\/stilanddesign.se\\\/\",\"logo\":{\"@type\":\"ImageObject\",\"inLanguage\":\"en-US\",\"@id\":\"https:\\\/\\\/stilanddesign.se\\\/#\\\/schema\\\/logo\\\/image\\\/\",\"url\":\"https:\\\/\\\/stilanddesign.se\\\/wp-content\\\/uploads\\\/2023\\\/12\\\/output-onlinepngtools-e1727784413220.png\",\"contentUrl\":\"https:\\\/\\\/stilanddesign.se\\\/wp-content\\\/uploads\\\/2023\\\/12\\\/output-onlinepngtools-e1727784413220.png\",\"width\":519,\"height\":135,\"caption\":\"Stil &amp; Design\"},\"image\":{\"@id\":\"https:\\\/\\\/stilanddesign.se\\\/#\\\/schema\\\/logo\\\/image\\\/\"}}]}<\/script>\n<!-- \/ Yoast SEO Premium plugin. -->","yoast_head_json":{"title":"\ud83d\udc99 En riktig favorit topp som k\u00e4nns lika bra som den ser ut fr\u00e5n Marta Du Ch\u00e2teau \ud83d\udc99 - Stil &amp; Design","description":"H\u00e4rliga bl\u00e5jeans med ljusa slitningar","robots":{"index":"index","follow":"follow","max-snippet":"max-snippet:-1","max-image-preview":"max-image-preview:large","max-video-preview":"max-video-preview:-1"},"canonical":"https:\/\/stilanddesign.se\/en\/product\/\ud83d\udc99-en-riktig-favorit-topp-som-kanns-lika-bra-som-den-ser-ut-fran-marta-du-chateau-\ud83d\udc99\/","og_locale":"en_US","og_type":"article","og_title":"\ud83d\udc99 En riktig favorit topp som k\u00e4nns lika bra som den ser ut fr\u00e5n Marta Du Ch\u00e2teau \ud83d\udc99","og_description":"H\u00e4rliga bl\u00e5jeans med ljusa slitningar","og_url":"https:\/\/stilanddesign.se\/en\/product\/\ud83d\udc99-en-riktig-favorit-topp-som-kanns-lika-bra-som-den-ser-ut-fran-marta-du-chateau-\ud83d\udc99\/","og_site_name":"Stil &amp; Design","article_modified_time":"2026-04-02T12:41:10+00:00","og_image":[{"width":427,"height":640,"url":"https:\/\/stilanddesign.se\/wp-content\/uploads\/2026\/01\/6141312221.png","type":"image\/png"}],"twitter_card":"summary_large_image","twitter_misc":{"Est. reading time":"1 minute"},"schema":{"@context":"https:\/\/schema.org","@graph":[{"@type":"WebPage","@id":"https:\/\/stilanddesign.se\/produkt\/%f0%9f%92%99-en-riktig-favorit-topp-som-kanns-lika-bra-som-den-ser-ut-fran-marta-du-chateau-%f0%9f%92%99\/","url":"https:\/\/stilanddesign.se\/produkt\/%f0%9f%92%99-en-riktig-favorit-topp-som-kanns-lika-bra-som-den-ser-ut-fran-marta-du-chateau-%f0%9f%92%99\/","name":"\ud83d\udc99 En riktig favorit topp som k\u00e4nns lika bra som den ser ut fr\u00e5n Marta Du Ch\u00e2teau \ud83d\udc99 - Stil &amp; Design","isPartOf":{"@id":"https:\/\/stilanddesign.se\/#website"},"primaryImageOfPage":{"@id":"https:\/\/stilanddesign.se\/produkt\/%f0%9f%92%99-en-riktig-favorit-topp-som-kanns-lika-bra-som-den-ser-ut-fran-marta-du-chateau-%f0%9f%92%99\/#primaryimage"},"image":{"@id":"https:\/\/stilanddesign.se\/produkt\/%f0%9f%92%99-en-riktig-favorit-topp-som-kanns-lika-bra-som-den-ser-ut-fran-marta-du-chateau-%f0%9f%92%99\/#primaryimage"},"thumbnailUrl":"https:\/\/stilanddesign.se\/wp-content\/uploads\/2026\/01\/6141312221.png","datePublished":"2026-03-05T14:19:37+00:00","dateModified":"2026-04-02T12:41:10+00:00","description":"H\u00e4rliga bl\u00e5jeans med ljusa slitningar","breadcrumb":{"@id":"https:\/\/stilanddesign.se\/produkt\/%f0%9f%92%99-en-riktig-favorit-topp-som-kanns-lika-bra-som-den-ser-ut-fran-marta-du-chateau-%f0%9f%92%99\/#breadcrumb"},"inLanguage":"en-US","potentialAction":[{"@type":"ReadAction","target":["https:\/\/stilanddesign.se\/produkt\/%f0%9f%92%99-en-riktig-favorit-topp-som-kanns-lika-bra-som-den-ser-ut-fran-marta-du-chateau-%f0%9f%92%99\/"]}]},{"@type":"ImageObject","inLanguage":"en-US","@id":"https:\/\/stilanddesign.se\/produkt\/%f0%9f%92%99-en-riktig-favorit-topp-som-kanns-lika-bra-som-den-ser-ut-fran-marta-du-chateau-%f0%9f%92%99\/#primaryimage","url":"https:\/\/stilanddesign.se\/wp-content\/uploads\/2026\/01\/6141312221.png","contentUrl":"https:\/\/stilanddesign.se\/wp-content\/uploads\/2026\/01\/6141312221.png","width":427,"height":640,"caption":"Ribbstickad tr\u00f6ja i randig ljusbl\u00e5"},{"@type":"BreadcrumbList","@id":"https:\/\/stilanddesign.se\/produkt\/%f0%9f%92%99-en-riktig-favorit-topp-som-kanns-lika-bra-som-den-ser-ut-fran-marta-du-chateau-%f0%9f%92%99\/#breadcrumb","itemListElement":[{"@type":"ListItem","position":1,"name":"Hem","item":"https:\/\/stilanddesign.se\/"},{"@type":"ListItem","position":2,"name":"Butiken","item":"https:\/\/stilanddesign.se\/butiken\/"},{"@type":"ListItem","position":3,"name":"\ud83d\udc99 En riktig favorit topp som k\u00e4nns lika bra som den ser ut fr\u00e5n Marta Du Ch\u00e2teau \ud83d\udc99"}]},{"@type":"WebSite","@id":"https:\/\/stilanddesign.se\/#website","url":"https:\/\/stilanddesign.se\/","name":"Style &amp; Design","description":"For those of us who love fashion!","publisher":{"@id":"https:\/\/stilanddesign.se\/#organization"},"potentialAction":[{"@type":"SearchAction","target":{"@type":"EntryPoint","urlTemplate":"https:\/\/stilanddesign.se\/?s={search_term_string}"},"query-input":{"@type":"PropertyValueSpecification","valueRequired":true,"valueName":"search_term_string"}}],"inLanguage":"en-US"},{"@type":"Organization","@id":"https:\/\/stilanddesign.se\/#organization","name":"Style &amp; Design","url":"https:\/\/stilanddesign.se\/","logo":{"@type":"ImageObject","inLanguage":"en-US","@id":"https:\/\/stilanddesign.se\/#\/schema\/logo\/image\/","url":"https:\/\/stilanddesign.se\/wp-content\/uploads\/2023\/12\/output-onlinepngtools-e1727784413220.png","contentUrl":"https:\/\/stilanddesign.se\/wp-content\/uploads\/2023\/12\/output-onlinepngtools-e1727784413220.png","width":519,"height":135,"caption":"Stil &amp; Design"},"image":{"@id":"https:\/\/stilanddesign.se\/#\/schema\/logo\/image\/"}}]}},"_links":{"self":[{"href":"https:\/\/stilanddesign.se\/en\/wp-json\/wp\/v2\/product\/1060256","targetHints":{"allow":["GET"]}}],"collection":[{"href":"https:\/\/stilanddesign.se\/en\/wp-json\/wp\/v2\/product"}],"about":[{"href":"https:\/\/stilanddesign.se\/en\/wp-json\/wp\/v2\/types\/product"}],"replies":[{"embeddable":true,"href":"https:\/\/stilanddesign.se\/en\/wp-json\/wp\/v2\/comments?post=1060256"}],"wp:featuredmedia":[{"embeddable":true,"href":"https:\/\/stilanddesign.se\/en\/wp-json\/wp\/v2\/media\/1060245"}],"wp:attachment":[{"href":"https:\/\/stilanddesign.se\/en\/wp-json\/wp\/v2\/media?parent=1060256"}],"wp:term":[{"taxonomy":"product_brand","embeddable":true,"href":"https:\/\/stilanddesign.se\/en\/wp-json\/wp\/v2\/product_brand?post=1060256"},{"taxonomy":"product_cat","embeddable":true,"href":"https:\/\/stilanddesign.se\/en\/wp-json\/wp\/v2\/product_cat?post=1060256"},{"taxonomy":"product_tag","embeddable":true,"href":"https:\/\/stilanddesign.se\/en\/wp-json\/wp\/v2\/product_tag?post=1060256"}],"curies":[{"name":"wp","href":"https:\/\/api.w.org\/{rel}","templated":true}]}}