{"id":1060008,"date":"2026-03-06T14:42:06","date_gmt":"2026-03-06T13:42:06","guid":{"rendered":"https:\/\/stilanddesign.se\/?post_type=product&#038;p=1060008"},"modified":"2026-04-13T13:26:42","modified_gmt":"2026-04-13T11:26:42","slug":"elegant-spetsblus-frmartha-du-chateu-i-marinblatt","status":"publish","type":"product","link":"https:\/\/stilanddesign.se\/en\/product\/elegant-spetsblus-frmartha-du-chateu-i-marinblatt\/","title":{"rendered":"Elegant lace blouse from Martha Du Chateu in navy blue"},"content":{"rendered":"<h2 data-start=\"136\" data-end=\"220\"><strong data-start=\"139\" data-end=\"220\">Elegant lace blouse from Marta du Ch\u00e2teau \u2013 romantic expression &amp; timeless elegance<\/strong><\/h2>\n<p data-start=\"222\" data-end=\"463\">Experience pure femininity with this exclusive lace blouse from Marta du Ch\u00e2teau. The beautiful, floral lace creates a romantic and luxurious expression, while the round neckline and long sleeves create a sophisticated and stylish silhouette.<\/p>\n<p data-start=\"465\" data-end=\"684\">The blouse is perfect to wear over a simple top or tank top and can be easily styled for both everyday and party wear. Match it with a skirt for an elegant evening look or combine with trousers for a more chic and modern outfit.<\/p>\n<h3 data-start=\"686\" data-end=\"725\"><strong data-start=\"690\" data-end=\"725\">Why you&#039;ll love it:<\/strong><\/h3>\n<ul data-start=\"727\" data-end=\"926\">\n<li data-start=\"727\" data-end=\"774\">\n<p data-start=\"729\" data-end=\"774\">\u2728 Luxurious floral lace with elegant structure<\/p>\n<\/li>\n<li data-start=\"775\" data-end=\"831\">\n<p data-start=\"777\" data-end=\"831\">\ud83c\udf38 Long sleeves and round neck for a stylish silhouette<\/p>\n<\/li>\n<li data-start=\"832\" data-end=\"880\">\n<p data-start=\"834\" data-end=\"880\">\ud83d\udc57 Perfect for both everyday and party styles<\/p>\n<\/li>\n<li data-start=\"881\" data-end=\"926\">\n<p data-start=\"883\" data-end=\"926\">\ud83d\udc95 Romantic, timeless and easy to style<\/p>\n<\/li>\n<\/ul>\n<h3 data-start=\"928\" data-end=\"952\"><strong data-start=\"932\" data-end=\"952\">Sizes &amp; dimensions<\/strong><\/h3>\n<p data-start=\"954\" data-end=\"1001\"><strong data-start=\"954\" data-end=\"961\">S\/M<\/strong><br data-start=\"961\" data-end=\"964\" \/>\u2022 Chest width: 88 cm<br data-start=\"982\" data-end=\"985\" \/>\u2022 Length: 70 cm<\/p>\n<p data-start=\"1003\" data-end=\"1051\"><strong data-start=\"1003\" data-end=\"1011\">L\/XL<\/strong><br data-start=\"1011\" data-end=\"1014\" \/>\u2022 Chest width: 90 cm<br data-start=\"1032\" data-end=\"1035\" \/>\u2022 Length: 71 cm<\/p>\n<h3 data-start=\"1053\" data-end=\"1071\"><strong data-start=\"1057\" data-end=\"1069\">Material<\/strong><\/h3>\n<p data-start=\"1072\" data-end=\"1100\">97% polyester<br data-start=\"1085\" data-end=\"1088\" \/>3% elastane<\/p>","protected":false},"excerpt":{"rendered":"<h2 data-start=\"136\" data-end=\"220\"><strong data-start=\"139\" data-end=\"220\">Elegant lace blouse from Marta du Ch\u00e2teau \u2013 romantic expression &amp; timeless elegance<\/strong><\/h2>\n<p data-start=\"222\" data-end=\"463\">Experience pure femininity with this exclusive lace blouse from Marta du Ch\u00e2teau. The beautiful, floral lace creates a romantic and luxurious expression, while the round neckline and long sleeves create a sophisticated and stylish silhouette.<\/p>\n<p data-start=\"465\" data-end=\"684\">The blouse is perfect to wear over a simple top or tank top and can be easily styled for both everyday and party wear. Match it with a skirt for an elegant evening look or combine with trousers for a more chic and modern outfit.<\/p>\n<h3 data-start=\"686\" data-end=\"725\"><strong data-start=\"690\" data-end=\"725\">Why you&#039;ll love it:<\/strong><\/h3>\n<ul data-start=\"727\" data-end=\"926\">\n<li data-start=\"727\" data-end=\"774\">\n<p data-start=\"729\" data-end=\"774\">\u2728 Luxurious floral lace with elegant structure<\/p>\n<\/li>\n<li data-start=\"775\" data-end=\"831\">\n<p data-start=\"777\" data-end=\"831\">\ud83c\udf38 Long sleeves and round neck for a stylish silhouette<\/p>\n<\/li>\n<li data-start=\"832\" data-end=\"880\">\n<p data-start=\"834\" data-end=\"880\">\ud83d\udc57 Perfect for both everyday and party styles<\/p>\n<\/li>\n<li data-start=\"881\" data-end=\"926\">\n<p data-start=\"883\" data-end=\"926\">\ud83d\udc95 Romantic, timeless and easy to style<\/p>\n<\/li>\n<\/ul>\n<h3 data-start=\"928\" data-end=\"952\"><strong data-start=\"932\" data-end=\"952\">Sizes &amp; dimensions<\/strong><\/h3>\n<p data-start=\"954\" data-end=\"1001\"><strong data-start=\"954\" data-end=\"961\">S\/M<\/strong><br data-start=\"961\" data-end=\"964\" \/>\u2022 Chest width: 88 cm<br data-start=\"982\" data-end=\"985\" \/>\u2022 Length: 70 cm<\/p>\n<p data-start=\"1003\" data-end=\"1051\"><strong data-start=\"1003\" data-end=\"1011\">L\/XL<\/strong><br data-start=\"1011\" data-end=\"1014\" \/>\u2022 Chest width: 90 cm<br data-start=\"1032\" data-end=\"1035\" \/>\u2022 Length: 71 cm<\/p>\n<h3 data-start=\"1053\" data-end=\"1071\"><strong data-start=\"1057\" data-end=\"1069\">Material<\/strong><\/h3>\n<p data-start=\"1072\" data-end=\"1100\">97% polyester<br data-start=\"1085\" data-end=\"1088\" \/>3% elastane<\/p>","protected":false},"featured_media":1060006,"comment_status":"closed","ping_status":"closed","template":"","meta":[],"product_brand":[],"product_cat":[211,222],"product_tag":[],"class_list":{"0":"post-1060008","1":"product","2":"type-product","3":"status-publish","4":"has-post-thumbnail","6":"product_cat-blusar","7":"product_cat-toppar-tischor","9":"first","10":"instock","11":"taxable","12":"shipping-taxable","13":"purchasable","14":"product-type-variable"},"yoast_head":"<!-- This site is optimized with the Yoast SEO Premium plugin v27.4 (Yoast SEO v27.4) - https:\/\/yoast.com\/product\/yoast-seo-premium-wordpress\/ -->\n<title>Elegant spetsblus fr,Martha Du Chateu i marinbl\u00e5tt - Stil &amp; Design<\/title>\n<meta name=\"robots\" content=\"index, follow, max-snippet:-1, max-image-preview:large, max-video-preview:-1\" \/>\n<link rel=\"canonical\" href=\"https:\/\/stilanddesign.se\/en\/product\/elegant-spetsblus-frmartha-du-chateu-i-marinblatt\/\" \/>\n<meta property=\"og:locale\" content=\"en_US\" \/>\n<meta property=\"og:type\" content=\"article\" \/>\n<meta property=\"og:title\" content=\"Elegant spetsblus fr,Martha Du Chateu i marinbl\u00e5tt\" \/>\n<meta property=\"og:description\" content=\"Elegant spetsblus fr\u00e5n Marta du Ch\u00e2teau \u2013 romantiskt uttryck &amp; tidl\u00f6s elegans Upplev ren femininitet med denna exklusiva spetsblus fr\u00e5n Marta du Ch\u00e2teau. Den vackra, florala spetsen skapar ett romantiskt och lyxigt uttryck, medan den runda halsringningen och de l\u00e5nga \u00e4rmarna ger en sofistikerad och stilren silhuett. Blusen \u00e4r perfekt att b\u00e4ra ovanp\u00e5 en enkel topp eller linne och kan enkelt stylas b\u00e5de till vardag och fest. Matcha den med en kjol f\u00f6r ett elegant kv\u00e4llslook eller kombinera med byxor f\u00f6r en mer chic och modern outfit.  Varf\u00f6r du kommer att \u00e4lska den:    \u2728 Lyxigt blommig spets med elegant struktur    \ud83c\udf38 L\u00e5nga \u00e4rmar och rund hals f\u00f6r en stilren silhuett    \ud83d\udc57 Perfekt till b\u00e5de vardags- och feststilar    \ud83d\udc95 Romantiskt, tidl\u00f6st och l\u00e4tt att styla   Storlekar &amp; m\u00e5tt S\/M\u2022 Br\u00f6stvidd: 88 cm\u2022 L\u00e4ngd: 70 cm L\/XL\u2022 Br\u00f6stvidd: 90 cm\u2022 L\u00e4ngd: 71 cm  Material 97% polyester3% elastan\" \/>\n<meta property=\"og:url\" content=\"https:\/\/stilanddesign.se\/en\/product\/elegant-spetsblus-frmartha-du-chateu-i-marinblatt\/\" \/>\n<meta property=\"og:site_name\" content=\"Stil &amp; Design\" \/>\n<meta property=\"article:modified_time\" content=\"2026-04-13T11:26:42+00:00\" \/>\n<meta property=\"og:image\" content=\"https:\/\/stilanddesign.se\/wp-content\/uploads\/2026\/01\/887875544.jpg\" \/>\n\t<meta property=\"og:image:width\" content=\"225\" \/>\n\t<meta property=\"og:image:height\" content=\"225\" \/>\n\t<meta property=\"og:image:type\" content=\"image\/jpeg\" \/>\n<meta name=\"twitter:card\" content=\"summary_large_image\" \/>\n<meta name=\"twitter:label1\" content=\"Est. reading time\" \/>\n\t<meta name=\"twitter:data1\" content=\"1 minute\" \/>\n<script type=\"application\/ld+json\" class=\"yoast-schema-graph\">{\"@context\":\"https:\\\/\\\/schema.org\",\"@graph\":[{\"@type\":\"WebPage\",\"@id\":\"https:\\\/\\\/stilanddesign.se\\\/produkt\\\/elegant-spetsblus-frmartha-du-chateu-i-marinblatt\\\/\",\"url\":\"https:\\\/\\\/stilanddesign.se\\\/produkt\\\/elegant-spetsblus-frmartha-du-chateu-i-marinblatt\\\/\",\"name\":\"Elegant spetsblus fr,Martha Du Chateu i marinbl\u00e5tt - Stil &amp; Design\",\"isPartOf\":{\"@id\":\"https:\\\/\\\/stilanddesign.se\\\/#website\"},\"primaryImageOfPage\":{\"@id\":\"https:\\\/\\\/stilanddesign.se\\\/produkt\\\/elegant-spetsblus-frmartha-du-chateu-i-marinblatt\\\/#primaryimage\"},\"image\":{\"@id\":\"https:\\\/\\\/stilanddesign.se\\\/produkt\\\/elegant-spetsblus-frmartha-du-chateu-i-marinblatt\\\/#primaryimage\"},\"thumbnailUrl\":\"https:\\\/\\\/stilanddesign.se\\\/wp-content\\\/uploads\\\/2026\\\/01\\\/887875544.jpg\",\"datePublished\":\"2026-03-06T13:42:06+00:00\",\"dateModified\":\"2026-04-13T11:26:42+00:00\",\"breadcrumb\":{\"@id\":\"https:\\\/\\\/stilanddesign.se\\\/produkt\\\/elegant-spetsblus-frmartha-du-chateu-i-marinblatt\\\/#breadcrumb\"},\"inLanguage\":\"en-US\",\"potentialAction\":[{\"@type\":\"ReadAction\",\"target\":[\"https:\\\/\\\/stilanddesign.se\\\/produkt\\\/elegant-spetsblus-frmartha-du-chateu-i-marinblatt\\\/\"]}]},{\"@type\":\"ImageObject\",\"inLanguage\":\"en-US\",\"@id\":\"https:\\\/\\\/stilanddesign.se\\\/produkt\\\/elegant-spetsblus-frmartha-du-chateu-i-marinblatt\\\/#primaryimage\",\"url\":\"https:\\\/\\\/stilanddesign.se\\\/wp-content\\\/uploads\\\/2026\\\/01\\\/887875544.jpg\",\"contentUrl\":\"https:\\\/\\\/stilanddesign.se\\\/wp-content\\\/uploads\\\/2026\\\/01\\\/887875544.jpg\",\"width\":225,\"height\":225,\"caption\":\"Elegant spetsblus fr,Marha Du Chateu i marinbl\u00e5tt\"},{\"@type\":\"BreadcrumbList\",\"@id\":\"https:\\\/\\\/stilanddesign.se\\\/produkt\\\/elegant-spetsblus-frmartha-du-chateu-i-marinblatt\\\/#breadcrumb\",\"itemListElement\":[{\"@type\":\"ListItem\",\"position\":1,\"name\":\"Hem\",\"item\":\"https:\\\/\\\/stilanddesign.se\\\/\"},{\"@type\":\"ListItem\",\"position\":2,\"name\":\"Butiken\",\"item\":\"https:\\\/\\\/stilanddesign.se\\\/butiken\\\/\"},{\"@type\":\"ListItem\",\"position\":3,\"name\":\"Elegant spetsblus fr,Martha Du Chateu i marinbl\u00e5tt\"}]},{\"@type\":\"WebSite\",\"@id\":\"https:\\\/\\\/stilanddesign.se\\\/#website\",\"url\":\"https:\\\/\\\/stilanddesign.se\\\/\",\"name\":\"Stil &amp; Design\",\"description\":\"F\u00f6r oss som \u00e4lskar mode!\",\"publisher\":{\"@id\":\"https:\\\/\\\/stilanddesign.se\\\/#organization\"},\"potentialAction\":[{\"@type\":\"SearchAction\",\"target\":{\"@type\":\"EntryPoint\",\"urlTemplate\":\"https:\\\/\\\/stilanddesign.se\\\/?s={search_term_string}\"},\"query-input\":{\"@type\":\"PropertyValueSpecification\",\"valueRequired\":true,\"valueName\":\"search_term_string\"}}],\"inLanguage\":\"en-US\"},{\"@type\":\"Organization\",\"@id\":\"https:\\\/\\\/stilanddesign.se\\\/#organization\",\"name\":\"Stil &amp; Design\",\"url\":\"https:\\\/\\\/stilanddesign.se\\\/\",\"logo\":{\"@type\":\"ImageObject\",\"inLanguage\":\"en-US\",\"@id\":\"https:\\\/\\\/stilanddesign.se\\\/#\\\/schema\\\/logo\\\/image\\\/\",\"url\":\"https:\\\/\\\/stilanddesign.se\\\/wp-content\\\/uploads\\\/2023\\\/12\\\/output-onlinepngtools-e1727784413220.png\",\"contentUrl\":\"https:\\\/\\\/stilanddesign.se\\\/wp-content\\\/uploads\\\/2023\\\/12\\\/output-onlinepngtools-e1727784413220.png\",\"width\":519,\"height\":135,\"caption\":\"Stil &amp; Design\"},\"image\":{\"@id\":\"https:\\\/\\\/stilanddesign.se\\\/#\\\/schema\\\/logo\\\/image\\\/\"}}]}<\/script>\n<!-- \/ Yoast SEO Premium plugin. -->","yoast_head_json":{"title":"Elegant spetsblus fr,Martha Du Chateu i marinbl\u00e5tt - Stil &amp; Design","robots":{"index":"index","follow":"follow","max-snippet":"max-snippet:-1","max-image-preview":"max-image-preview:large","max-video-preview":"max-video-preview:-1"},"canonical":"https:\/\/stilanddesign.se\/en\/product\/elegant-spetsblus-frmartha-du-chateu-i-marinblatt\/","og_locale":"en_US","og_type":"article","og_title":"Elegant spetsblus fr,Martha Du Chateu i marinbl\u00e5tt","og_description":"Elegant spetsblus fr\u00e5n Marta du Ch\u00e2teau \u2013 romantiskt uttryck &amp; tidl\u00f6s elegans Upplev ren femininitet med denna exklusiva spetsblus fr\u00e5n Marta du Ch\u00e2teau. Den vackra, florala spetsen skapar ett romantiskt och lyxigt uttryck, medan den runda halsringningen och de l\u00e5nga \u00e4rmarna ger en sofistikerad och stilren silhuett. Blusen \u00e4r perfekt att b\u00e4ra ovanp\u00e5 en enkel topp eller linne och kan enkelt stylas b\u00e5de till vardag och fest. Matcha den med en kjol f\u00f6r ett elegant kv\u00e4llslook eller kombinera med byxor f\u00f6r en mer chic och modern outfit.  Varf\u00f6r du kommer att \u00e4lska den:    \u2728 Lyxigt blommig spets med elegant struktur    \ud83c\udf38 L\u00e5nga \u00e4rmar och rund hals f\u00f6r en stilren silhuett    \ud83d\udc57 Perfekt till b\u00e5de vardags- och feststilar    \ud83d\udc95 Romantiskt, tidl\u00f6st och l\u00e4tt att styla   Storlekar &amp; m\u00e5tt S\/M\u2022 Br\u00f6stvidd: 88 cm\u2022 L\u00e4ngd: 70 cm L\/XL\u2022 Br\u00f6stvidd: 90 cm\u2022 L\u00e4ngd: 71 cm  Material 97% polyester3% elastan","og_url":"https:\/\/stilanddesign.se\/en\/product\/elegant-spetsblus-frmartha-du-chateu-i-marinblatt\/","og_site_name":"Stil &amp; Design","article_modified_time":"2026-04-13T11:26:42+00:00","og_image":[{"width":225,"height":225,"url":"https:\/\/stilanddesign.se\/wp-content\/uploads\/2026\/01\/887875544.jpg","type":"image\/jpeg"}],"twitter_card":"summary_large_image","twitter_misc":{"Est. reading time":"1 minute"},"schema":{"@context":"https:\/\/schema.org","@graph":[{"@type":"WebPage","@id":"https:\/\/stilanddesign.se\/produkt\/elegant-spetsblus-frmartha-du-chateu-i-marinblatt\/","url":"https:\/\/stilanddesign.se\/produkt\/elegant-spetsblus-frmartha-du-chateu-i-marinblatt\/","name":"Elegant spetsblus fr,Martha Du Chateu i marinbl\u00e5tt - Stil &amp; Design","isPartOf":{"@id":"https:\/\/stilanddesign.se\/#website"},"primaryImageOfPage":{"@id":"https:\/\/stilanddesign.se\/produkt\/elegant-spetsblus-frmartha-du-chateu-i-marinblatt\/#primaryimage"},"image":{"@id":"https:\/\/stilanddesign.se\/produkt\/elegant-spetsblus-frmartha-du-chateu-i-marinblatt\/#primaryimage"},"thumbnailUrl":"https:\/\/stilanddesign.se\/wp-content\/uploads\/2026\/01\/887875544.jpg","datePublished":"2026-03-06T13:42:06+00:00","dateModified":"2026-04-13T11:26:42+00:00","breadcrumb":{"@id":"https:\/\/stilanddesign.se\/produkt\/elegant-spetsblus-frmartha-du-chateu-i-marinblatt\/#breadcrumb"},"inLanguage":"en-US","potentialAction":[{"@type":"ReadAction","target":["https:\/\/stilanddesign.se\/produkt\/elegant-spetsblus-frmartha-du-chateu-i-marinblatt\/"]}]},{"@type":"ImageObject","inLanguage":"en-US","@id":"https:\/\/stilanddesign.se\/produkt\/elegant-spetsblus-frmartha-du-chateu-i-marinblatt\/#primaryimage","url":"https:\/\/stilanddesign.se\/wp-content\/uploads\/2026\/01\/887875544.jpg","contentUrl":"https:\/\/stilanddesign.se\/wp-content\/uploads\/2026\/01\/887875544.jpg","width":225,"height":225,"caption":"Elegant spetsblus fr,Marha Du Chateu i marinbl\u00e5tt"},{"@type":"BreadcrumbList","@id":"https:\/\/stilanddesign.se\/produkt\/elegant-spetsblus-frmartha-du-chateu-i-marinblatt\/#breadcrumb","itemListElement":[{"@type":"ListItem","position":1,"name":"Hem","item":"https:\/\/stilanddesign.se\/"},{"@type":"ListItem","position":2,"name":"Butiken","item":"https:\/\/stilanddesign.se\/butiken\/"},{"@type":"ListItem","position":3,"name":"Elegant spetsblus fr,Martha Du Chateu i marinbl\u00e5tt"}]},{"@type":"WebSite","@id":"https:\/\/stilanddesign.se\/#website","url":"https:\/\/stilanddesign.se\/","name":"Style &amp; Design","description":"For those of us who love fashion!","publisher":{"@id":"https:\/\/stilanddesign.se\/#organization"},"potentialAction":[{"@type":"SearchAction","target":{"@type":"EntryPoint","urlTemplate":"https:\/\/stilanddesign.se\/?s={search_term_string}"},"query-input":{"@type":"PropertyValueSpecification","valueRequired":true,"valueName":"search_term_string"}}],"inLanguage":"en-US"},{"@type":"Organization","@id":"https:\/\/stilanddesign.se\/#organization","name":"Style &amp; Design","url":"https:\/\/stilanddesign.se\/","logo":{"@type":"ImageObject","inLanguage":"en-US","@id":"https:\/\/stilanddesign.se\/#\/schema\/logo\/image\/","url":"https:\/\/stilanddesign.se\/wp-content\/uploads\/2023\/12\/output-onlinepngtools-e1727784413220.png","contentUrl":"https:\/\/stilanddesign.se\/wp-content\/uploads\/2023\/12\/output-onlinepngtools-e1727784413220.png","width":519,"height":135,"caption":"Stil &amp; Design"},"image":{"@id":"https:\/\/stilanddesign.se\/#\/schema\/logo\/image\/"}}]}},"_links":{"self":[{"href":"https:\/\/stilanddesign.se\/en\/wp-json\/wp\/v2\/product\/1060008","targetHints":{"allow":["GET"]}}],"collection":[{"href":"https:\/\/stilanddesign.se\/en\/wp-json\/wp\/v2\/product"}],"about":[{"href":"https:\/\/stilanddesign.se\/en\/wp-json\/wp\/v2\/types\/product"}],"replies":[{"embeddable":true,"href":"https:\/\/stilanddesign.se\/en\/wp-json\/wp\/v2\/comments?post=1060008"}],"wp:featuredmedia":[{"embeddable":true,"href":"https:\/\/stilanddesign.se\/en\/wp-json\/wp\/v2\/media\/1060006"}],"wp:attachment":[{"href":"https:\/\/stilanddesign.se\/en\/wp-json\/wp\/v2\/media?parent=1060008"}],"wp:term":[{"taxonomy":"product_brand","embeddable":true,"href":"https:\/\/stilanddesign.se\/en\/wp-json\/wp\/v2\/product_brand?post=1060008"},{"taxonomy":"product_cat","embeddable":true,"href":"https:\/\/stilanddesign.se\/en\/wp-json\/wp\/v2\/product_cat?post=1060008"},{"taxonomy":"product_tag","embeddable":true,"href":"https:\/\/stilanddesign.se\/en\/wp-json\/wp\/v2\/product_tag?post=1060008"}],"curies":[{"name":"wp","href":"https:\/\/api.w.org\/{rel}","templated":true}]}}